{"id":56,"date":"2020-04-20T16:14:14","date_gmt":"2020-04-20T14:14:14","guid":{"rendered":"https:\/\/pans.krosno.pl\/kola-naukowe\/?page_id=56"},"modified":"2025-01-03T09:14:26","modified_gmt":"2025-01-03T08:14:26","slug":"kolo-naukowe-ekonomistow-informacje-o-kole","status":"publish","type":"page","link":"https:\/\/pans.krosno.pl\/kola-naukowe\/studenckie-kola-naukowe\/kolo-naukowe-ekonomistow\/kolo-naukowe-ekonomistow-informacje-o-kole\/","title":{"rendered":"Informacje o SKN Ekonomist\u00f3w"},"content":{"rendered":"<ul>\n<li style=\"text-align: justify\"><strong>SKN Ekonomist\u00f3w<\/strong>&nbsp;zajmuje si\u0119 otaczaj\u0105c\u0105 nas rzeczywisto\u015bci\u0105 gospodarcz\u0105 i wynikaj\u0105cymi z tego problemami wsp\u00f3\u0142czesnej ekonomii.<\/li>\n<li style=\"text-align: justify\">W ramach dzia\u0142alno\u015bci <strong>SKN Ekonomist\u00f3w<\/strong> s\u0105 poruszane aspekty zwi\u0105zane z funkcjonowaniem gospodarki narodowej jako ca\u0142o\u015bci oraz poszczeg\u00f3lnych jej element\u00f3w sk\u0142adowych, a zw\u0142aszcza agrobiznesu i gospodarki \u017cywno\u015bciowej.<\/li>\n<li style=\"text-align: justify\">Celem ko\u0142a jest podnoszenie i rozwijanie wiedzy cz\u0142onk\u00f3w Ko\u0142a z zakresu ekonomii poprzez udzia\u0142 w seminariach, wyk\u0142adach, webinariach, targach, konferencjach. Cz\u0142onkowie ko\u0142a prowadz\u0105 badania naukowe, uczestnicz\u0105 w studenckich konferencjach naukowych (krajowych i zagranicznych), gdzie prezentuj\u0105 swoje wyniki bada\u0144 oraz publikuj\u0105 je w artyku\u0142ach naukowych (w j\u0119zyku polskim, angielskim).<\/li>\n<li style=\"text-align: justify\">Studenci uczestnicz\u0105 w r\u00f3\u017cnych wydarzeniach organizowanych przez PANS w Kro\u015bnie, podczas kt\u00f3rych realizuj\u0105 r\u00f3\u017cne projekty propaguj\u0105ce dzia\u0142alno\u015b\u0107 <strong>SKN Ekonomist\u00f3w<\/strong> i integracj\u0119 spo\u0142eczno\u015bci Uczelni.&nbsp;<\/li>\n<li style=\"text-align: justify\">Cz\u0142onkowie Ko\u0142a nawi\u0105zuj\u0105 kontakty z instytucjami krajowymi i zagranicznymi.<\/li>\n<\/ul>\n","protected":false},"excerpt":{"rendered":"<p>SKN Ekonomist\u00f3w&nbsp;zajmuje si\u0119 otaczaj\u0105c\u0105 nas rzeczywisto\u015bci\u0105 gospodarcz\u0105 i wynikaj\u0105cymi z tego problemami wsp\u00f3\u0142czesnej ekonomii. W ramach dzia\u0142alno\u015bci SKN Ekonomist\u00f3w s\u0105 poruszane aspekty zwi\u0105zane z funkcjonowaniem gospodarki narodowej jako ca\u0142o\u015bci oraz poszczeg\u00f3lnych jej element\u00f3w sk\u0142adowych, a zw\u0142aszcza agrobiznesu i gospodarki \u017cywno\u015bciowej. Celem ko\u0142a jest podnoszenie i rozwijanie wiedzy cz\u0142onk\u00f3w Ko\u0142a z [\u2026] <\/p>\n<div class=\"clear\"><\/div>\n<p><a class=\"more_link clearfix\" href=\"https:\/\/pans.krosno.pl\/kola-naukowe\/studenckie-kola-naukowe\/kolo-naukowe-ekonomistow\/kolo-naukowe-ekonomistow-informacje-o-kole\/\" rel=\"nofollow\">Read More<\/a><\/p>\n","protected":false},"author":17,"featured_media":0,"parent":50,"menu_order":0,"comment_status":"closed","ping_status":"closed","template":"page-templates\/template-full-width.php","meta":{"ngg_post_thumbnail":0,"footnotes":""},"class_list":["post-56","page","type-page","status-publish","hentry"],"yoast_head":"<!-- This site is optimized with the Yoast SEO Premium plugin v27.4 (Yoast SEO v27.4) - https:\/\/yoast.com\/product\/yoast-seo-premium-wordpress\/ -->\n<title>Informacje o SKN Ekonomist\u00f3w - Studenckie Ko\u0142a Naukowe PANS w Kro\u015bnie<\/title>\n<meta name=\"robots\" content=\"index, follow, max-snippet:-1, max-image-preview:large, max-video-preview:-1\" \/>\n<link rel=\"canonical\" href=\"https:\/\/pans.krosno.pl\/kola-naukowe\/studenckie-kola-naukowe\/kolo-naukowe-ekonomistow\/kolo-naukowe-ekonomistow-informacje-o-kole\/\" \/>\n<meta property=\"og:locale\" content=\"pl_PL\" \/>\n<meta property=\"og:type\" content=\"article\" \/>\n<meta property=\"og:title\" content=\"Informacje o SKN Ekonomist\u00f3w\" \/>\n<meta property=\"og:description\" content=\"SKN Ekonomist\u00f3w&nbsp;zajmuje si\u0119 otaczaj\u0105c\u0105 nas rzeczywisto\u015bci\u0105 gospodarcz\u0105 i wynikaj\u0105cymi z tego problemami wsp\u00f3\u0142czesnej ekonomii. W ramach dzia\u0142alno\u015bci SKN Ekonomist\u00f3w s\u0105 poruszane aspekty zwi\u0105zane z funkcjonowaniem gospodarki narodowej jako ca\u0142o\u015bci oraz poszczeg\u00f3lnych jej element\u00f3w sk\u0142adowych, a zw\u0142aszcza agrobiznesu i gospodarki \u017cywno\u015bciowej. Celem ko\u0142a jest podnoszenie i rozwijanie wiedzy cz\u0142onk\u00f3w Ko\u0142a z [\u2026] Read More\" \/>\n<meta property=\"og:url\" content=\"https:\/\/pans.krosno.pl\/kola-naukowe\/studenckie-kola-naukowe\/kolo-naukowe-ekonomistow\/kolo-naukowe-ekonomistow-informacje-o-kole\/\" \/>\n<meta property=\"og:site_name\" content=\"Studenckie Ko\u0142a Naukowe PANS w Kro\u015bnie\" \/>\n<meta property=\"article:modified_time\" content=\"2025-01-03T08:14:26+00:00\" \/>\n<meta name=\"twitter:card\" content=\"summary_large_image\" \/>\n<meta name=\"twitter:label1\" content=\"Szacowany czas czytania\" \/>\n\t<meta name=\"twitter:data1\" content=\"1 minuta\" \/>\n<script type=\"application\/ld+json\" class=\"yoast-schema-graph\">{\"@context\":\"https:\\\/\\\/schema.org\",\"@graph\":[{\"@type\":\"WebPage\",\"@id\":\"https:\\\/\\\/pans.krosno.pl\\\/kola-naukowe\\\/studenckie-kola-naukowe\\\/kolo-naukowe-ekonomistow\\\/kolo-naukowe-ekonomistow-informacje-o-kole\\\/\",\"url\":\"https:\\\/\\\/pans.krosno.pl\\\/kola-naukowe\\\/studenckie-kola-naukowe\\\/kolo-naukowe-ekonomistow\\\/kolo-naukowe-ekonomistow-informacje-o-kole\\\/\",\"name\":\"Informacje o SKN Ekonomist\u00f3w - Studenckie Ko\u0142a Naukowe PANS w Kro\u015bnie\",\"isPartOf\":{\"@id\":\"https:\\\/\\\/pans.krosno.pl\\\/kola-naukowe\\\/#website\"},\"datePublished\":\"2020-04-20T14:14:14+00:00\",\"dateModified\":\"2025-01-03T08:14:26+00:00\",\"breadcrumb\":{\"@id\":\"https:\\\/\\\/pans.krosno.pl\\\/kola-naukowe\\\/studenckie-kola-naukowe\\\/kolo-naukowe-ekonomistow\\\/kolo-naukowe-ekonomistow-informacje-o-kole\\\/#breadcrumb\"},\"inLanguage\":\"pl-PL\",\"potentialAction\":[{\"@type\":\"ReadAction\",\"target\":[\"https:\\\/\\\/pans.krosno.pl\\\/kola-naukowe\\\/studenckie-kola-naukowe\\\/kolo-naukowe-ekonomistow\\\/kolo-naukowe-ekonomistow-informacje-o-kole\\\/\"]}]},{\"@type\":\"BreadcrumbList\",\"@id\":\"https:\\\/\\\/pans.krosno.pl\\\/kola-naukowe\\\/studenckie-kola-naukowe\\\/kolo-naukowe-ekonomistow\\\/kolo-naukowe-ekonomistow-informacje-o-kole\\\/#breadcrumb\",\"itemListElement\":[{\"@type\":\"ListItem\",\"position\":1,\"name\":\"Strona g\u0142\u00f3wna\",\"item\":\"https:\\\/\\\/pans.krosno.pl\\\/kola-naukowe\\\/\"},{\"@type\":\"ListItem\",\"position\":2,\"name\":\"Studenckie Ko\u0142a Naukowe\",\"item\":\"https:\\\/\\\/pans.krosno.pl\\\/kola-naukowe\\\/studenckie-kola-naukowe\\\/\"},{\"@type\":\"ListItem\",\"position\":3,\"name\":\"Ko\u0142o Naukowe Ekonomist\u00f3w\",\"item\":\"https:\\\/\\\/pans.krosno.pl\\\/kola-naukowe\\\/studenckie-kola-naukowe\\\/kolo-naukowe-ekonomistow\\\/\"},{\"@type\":\"ListItem\",\"position\":4,\"name\":\"Informacje o SKN Ekonomist\u00f3w\"}]},{\"@type\":\"WebSite\",\"@id\":\"https:\\\/\\\/pans.krosno.pl\\\/kola-naukowe\\\/#website\",\"url\":\"https:\\\/\\\/pans.krosno.pl\\\/kola-naukowe\\\/\",\"name\":\"Studenckie Ko\u0142a Naukowe PANS w Kro\u015bnie\",\"description\":\"Studenckie Ko\u0142a Naukowe - Pa\u0144stwowa Akademia Nauk Stosowanych\",\"publisher\":{\"@id\":\"https:\\\/\\\/pans.krosno.pl\\\/kola-naukowe\\\/#organization\"},\"potentialAction\":[{\"@type\":\"SearchAction\",\"target\":{\"@type\":\"EntryPoint\",\"urlTemplate\":\"https:\\\/\\\/pans.krosno.pl\\\/kola-naukowe\\\/?s={search_term_string}\"},\"query-input\":{\"@type\":\"PropertyValueSpecification\",\"valueRequired\":true,\"valueName\":\"search_term_string\"}}],\"inLanguage\":\"pl-PL\"},{\"@type\":\"Organization\",\"@id\":\"https:\\\/\\\/pans.krosno.pl\\\/kola-naukowe\\\/#organization\",\"name\":\"Studenckie Ko\u0142a Naukowe PANS w Kro\u015bnie\",\"url\":\"https:\\\/\\\/pans.krosno.pl\\\/kola-naukowe\\\/\",\"logo\":{\"@type\":\"ImageObject\",\"inLanguage\":\"pl-PL\",\"@id\":\"https:\\\/\\\/pans.krosno.pl\\\/kola-naukowe\\\/#\\\/schema\\\/logo\\\/image\\\/\",\"url\":\"https:\\\/\\\/pans.krosno.pl\\\/kola-naukowe\\\/wp-content\\\/uploads\\\/sites\\\/48\\\/2023\\\/01\\\/Logo-PANS-2022-pelne.png\",\"contentUrl\":\"https:\\\/\\\/pans.krosno.pl\\\/kola-naukowe\\\/wp-content\\\/uploads\\\/sites\\\/48\\\/2023\\\/01\\\/Logo-PANS-2022-pelne.png\",\"width\":3096,\"height\":696,\"caption\":\"Studenckie Ko\u0142a Naukowe PANS w Kro\u015bnie\"},\"image\":{\"@id\":\"https:\\\/\\\/pans.krosno.pl\\\/kola-naukowe\\\/#\\\/schema\\\/logo\\\/image\\\/\"}}]}<\/script>\n<!-- \/ Yoast SEO Premium plugin. -->","yoast_head_json":{"title":"Informacje o SKN Ekonomist\u00f3w - Studenckie Ko\u0142a Naukowe PANS w Kro\u015bnie","robots":{"index":"index","follow":"follow","max-snippet":"max-snippet:-1","max-image-preview":"max-image-preview:large","max-video-preview":"max-video-preview:-1"},"canonical":"https:\/\/pans.krosno.pl\/kola-naukowe\/studenckie-kola-naukowe\/kolo-naukowe-ekonomistow\/kolo-naukowe-ekonomistow-informacje-o-kole\/","og_locale":"pl_PL","og_type":"article","og_title":"Informacje o SKN Ekonomist\u00f3w","og_description":"SKN Ekonomist\u00f3w&nbsp;zajmuje si\u0119 otaczaj\u0105c\u0105 nas rzeczywisto\u015bci\u0105 gospodarcz\u0105 i wynikaj\u0105cymi z tego problemami wsp\u00f3\u0142czesnej ekonomii. W ramach dzia\u0142alno\u015bci SKN Ekonomist\u00f3w s\u0105 poruszane aspekty zwi\u0105zane z funkcjonowaniem gospodarki narodowej jako ca\u0142o\u015bci oraz poszczeg\u00f3lnych jej element\u00f3w sk\u0142adowych, a zw\u0142aszcza agrobiznesu i gospodarki \u017cywno\u015bciowej. Celem ko\u0142a jest podnoszenie i rozwijanie wiedzy cz\u0142onk\u00f3w Ko\u0142a z [\u2026] Read More","og_url":"https:\/\/pans.krosno.pl\/kola-naukowe\/studenckie-kola-naukowe\/kolo-naukowe-ekonomistow\/kolo-naukowe-ekonomistow-informacje-o-kole\/","og_site_name":"Studenckie Ko\u0142a Naukowe PANS w Kro\u015bnie","article_modified_time":"2025-01-03T08:14:26+00:00","twitter_card":"summary_large_image","twitter_misc":{"Szacowany czas czytania":"1 minuta"},"schema":{"@context":"https:\/\/schema.org","@graph":[{"@type":"WebPage","@id":"https:\/\/pans.krosno.pl\/kola-naukowe\/studenckie-kola-naukowe\/kolo-naukowe-ekonomistow\/kolo-naukowe-ekonomistow-informacje-o-kole\/","url":"https:\/\/pans.krosno.pl\/kola-naukowe\/studenckie-kola-naukowe\/kolo-naukowe-ekonomistow\/kolo-naukowe-ekonomistow-informacje-o-kole\/","name":"Informacje o SKN Ekonomist\u00f3w - Studenckie Ko\u0142a Naukowe PANS w Kro\u015bnie","isPartOf":{"@id":"https:\/\/pans.krosno.pl\/kola-naukowe\/#website"},"datePublished":"2020-04-20T14:14:14+00:00","dateModified":"2025-01-03T08:14:26+00:00","breadcrumb":{"@id":"https:\/\/pans.krosno.pl\/kola-naukowe\/studenckie-kola-naukowe\/kolo-naukowe-ekonomistow\/kolo-naukowe-ekonomistow-informacje-o-kole\/#breadcrumb"},"inLanguage":"pl-PL","potentialAction":[{"@type":"ReadAction","target":["https:\/\/pans.krosno.pl\/kola-naukowe\/studenckie-kola-naukowe\/kolo-naukowe-ekonomistow\/kolo-naukowe-ekonomistow-informacje-o-kole\/"]}]},{"@type":"BreadcrumbList","@id":"https:\/\/pans.krosno.pl\/kola-naukowe\/studenckie-kola-naukowe\/kolo-naukowe-ekonomistow\/kolo-naukowe-ekonomistow-informacje-o-kole\/#breadcrumb","itemListElement":[{"@type":"ListItem","position":1,"name":"Strona g\u0142\u00f3wna","item":"https:\/\/pans.krosno.pl\/kola-naukowe\/"},{"@type":"ListItem","position":2,"name":"Studenckie Ko\u0142a Naukowe","item":"https:\/\/pans.krosno.pl\/kola-naukowe\/studenckie-kola-naukowe\/"},{"@type":"ListItem","position":3,"name":"Ko\u0142o Naukowe Ekonomist\u00f3w","item":"https:\/\/pans.krosno.pl\/kola-naukowe\/studenckie-kola-naukowe\/kolo-naukowe-ekonomistow\/"},{"@type":"ListItem","position":4,"name":"Informacje o SKN Ekonomist\u00f3w"}]},{"@type":"WebSite","@id":"https:\/\/pans.krosno.pl\/kola-naukowe\/#website","url":"https:\/\/pans.krosno.pl\/kola-naukowe\/","name":"Studenckie Ko\u0142a Naukowe PANS w Kro\u015bnie","description":"Studenckie Ko\u0142a Naukowe - Pa\u0144stwowa Akademia Nauk Stosowanych","publisher":{"@id":"https:\/\/pans.krosno.pl\/kola-naukowe\/#organization"},"potentialAction":[{"@type":"SearchAction","target":{"@type":"EntryPoint","urlTemplate":"https:\/\/pans.krosno.pl\/kola-naukowe\/?s={search_term_string}"},"query-input":{"@type":"PropertyValueSpecification","valueRequired":true,"valueName":"search_term_string"}}],"inLanguage":"pl-PL"},{"@type":"Organization","@id":"https:\/\/pans.krosno.pl\/kola-naukowe\/#organization","name":"Studenckie Ko\u0142a Naukowe PANS w Kro\u015bnie","url":"https:\/\/pans.krosno.pl\/kola-naukowe\/","logo":{"@type":"ImageObject","inLanguage":"pl-PL","@id":"https:\/\/pans.krosno.pl\/kola-naukowe\/#\/schema\/logo\/image\/","url":"https:\/\/pans.krosno.pl\/kola-naukowe\/wp-content\/uploads\/sites\/48\/2023\/01\/Logo-PANS-2022-pelne.png","contentUrl":"https:\/\/pans.krosno.pl\/kola-naukowe\/wp-content\/uploads\/sites\/48\/2023\/01\/Logo-PANS-2022-pelne.png","width":3096,"height":696,"caption":"Studenckie Ko\u0142a Naukowe PANS w Kro\u015bnie"},"image":{"@id":"https:\/\/pans.krosno.pl\/kola-naukowe\/#\/schema\/logo\/image\/"}}]}},"_links":{"self":[{"href":"https:\/\/pans.krosno.pl\/kola-naukowe\/wp-json\/wp\/v2\/pages\/56","targetHints":{"allow":["GET"]}}],"collection":[{"href":"https:\/\/pans.krosno.pl\/kola-naukowe\/wp-json\/wp\/v2\/pages"}],"about":[{"href":"https:\/\/pans.krosno.pl\/kola-naukowe\/wp-json\/wp\/v2\/types\/page"}],"author":[{"embeddable":true,"href":"https:\/\/pans.krosno.pl\/kola-naukowe\/wp-json\/wp\/v2\/users\/17"}],"replies":[{"embeddable":true,"href":"https:\/\/pans.krosno.pl\/kola-naukowe\/wp-json\/wp\/v2\/comments?post=56"}],"version-history":[{"count":6,"href":"https:\/\/pans.krosno.pl\/kola-naukowe\/wp-json\/wp\/v2\/pages\/56\/revisions"}],"predecessor-version":[{"id":7257,"href":"https:\/\/pans.krosno.pl\/kola-naukowe\/wp-json\/wp\/v2\/pages\/56\/revisions\/7257"}],"up":[{"embeddable":true,"href":"https:\/\/pans.krosno.pl\/kola-naukowe\/wp-json\/wp\/v2\/pages\/50"}],"wp:attachment":[{"href":"https:\/\/pans.krosno.pl\/kola-naukowe\/wp-json\/wp\/v2\/media?parent=56"}],"curies":[{"name":"wp","href":"https:\/\/api.w.org\/{rel}","templated":true}]}}