{"id":496,"date":"2020-05-14T13:46:03","date_gmt":"2020-05-14T11:46:03","guid":{"rendered":"https:\/\/pans.krosno.pl\/kola-naukowe\/?page_id=496"},"modified":"2021-05-04T09:42:35","modified_gmt":"2021-05-04T07:42:35","slug":"kolo-naukowe-wolontariatu-studenckiego-dzialalnosc","status":"publish","type":"page","link":"https:\/\/pans.krosno.pl\/kola-naukowe\/studenckie-kola-naukowe\/kolo-naukowe-wolontariatu-studenckiego\/kolo-naukowe-wolontariatu-studenckiego-dzialalnosc\/","title":{"rendered":"Ko\u0142o Naukowe Wolontariatu Studenckiego &#8211; Dzia\u0142alno\u015b\u0107"},"content":{"rendered":"\n<hr class=\"wp-block-separator\" \/>\n\n\n<h3 class=\"tytul4\">DZIA\u0141ALNOSC STUDENCKIEGO KO\u0141A WOLONTARIATU<\/h3>\n<p>&nbsp;Wolontariat jest niepowtarzaln\u0105 szans\u0105 na zdobycie nowych umiej\u0119tno\u015bci, poznania ciekawych ludzi, \u015bwiata i siebie. Wolontariat pozwala oderwa\u0107 si\u0119 od codziennych obowi\u0105zk\u00f3w, mo\u017ce by\u0107 doskona\u0142ym sposobem na rozpocz\u0119cie kariery zawodowej, zapoznania si\u0119 z dzia\u0142alno\u015bci\u0105 r\u00f3\u017cnych instytucji, zidentyfikowania w\u0142asnych preferencji zawodowych. Odkrywa sens pomagania innym ludziom, uwra\u017cliwia na potrzeby drugiego cz\u0142owieka, pozwala sprawdzi\u0107 si\u0119 w r\u00f3\u017cnych sytuacjach, dzi\u0119ki temu m\u0142ody cz\u0142owiek mo\u017ce uzyska\u0107 informacj\u0119 zwrotn\u0105 na temat w\u0142asnych predyspozycji.<\/p>\n<div>&nbsp;<\/div>\n<div><b>Co mo\u017ce robi\u0107 wolontariusz?<\/b><\/div>\n<ul>\n<li>\n<div>Bra\u0107 udzia\u0142 w organizacji r\u00f3\u017cnorodnych konferencji i imprez, wyk\u0142ad\u00f3w, kongres\u00f3w, szkole\u0144.<\/div>\n<\/li>\n<li>\n<div>Organizowa\u0107 zbi\u00f3rki dla os\u00f3b potrzebuj\u0105cych pomocy.<\/div>\n<\/li>\n<li>\n<div>Projektowa\u0107 materia\u0142y promocyjne.<\/div>\n<\/li>\n<li>\n<div>Pracowa\u0107 w \u015bwietlicach \u015brodowiskowych (np. pomaga\u0107 dzieciom w odrabianiu lekcji, organizowa\u0107 im r\u00f3\u017cnorodne gry i zabawy).<\/div>\n<\/li>\n<li>\n<div>Prowadzi\u0107 dodatkowe zaj\u0119cia dla dzieci (np. komputerowe, j\u0119zykowe, plastyczne).<\/div>\n<\/li>\n<li>\n<div>Sp\u0119dza\u0107 czas z osobami niepe\u0142nosprawnymi, organizowa\u0107 ogniska, spacery, czyta\u0107 osobom niewidomym, uczestniczy\u0107 w terapii dzieci.<\/div>\n<\/li>\n<li>\n<div>Prowadzi\u0107 akcje i kampanie ekologiczne.<\/div>\n<\/li>\n<li>\n<div>Pomaga\u0107 w szpitalach.<\/div>\n<\/li>\n<li>\n<div>Pracowa\u0107 w o\u015brodkach dla os\u00f3b bezdomnych.<\/div>\n<\/li>\n<li>\n<div>Wspiera\u0107 osoby chore, uzale\u017cnione i ich rodziny.<\/div>\n<\/li>\n<li>\n<div>Pomaga\u0107 w pozyskiwaniu funduszy od sponsor\u00f3w.<\/div>\n<\/li>\n<li>\n<div>Dzia\u0142a\u0107 w domach kultury.<\/div>\n<\/li>\n<\/ul>\n<div align=\"JUSTIFY\">&nbsp;<\/div>\n<div align=\"JUSTIFY\">Warto zosta\u0107 wolontariuszem, chocia\u017cby z tego powodu, aby przez do\u015bwiadczenie zyska\u0107 kompetencje, kt\u00f3re w przysz\u0142o\u015bci wyr\u00f3\u017cni\u0105 m\u0142odych ludzi na rynku pracy.<\/div>\n<div align=\"CENTER\">&nbsp;<\/div>\n<div>&nbsp;&nbsp;<\/div>\n<div><b>POCZ\u0104TKI DZIA\u0141ALNO\u015aCI STUDENT\u00d3W PA\u0143STWOWEJ WY\u017bSZEJ SZKO\u0141Y ZAWODOWEJ im. STANIS\u0141AWA PIGONIA W RAMACH WOLONTARIATU<\/b><\/div>\n<p>Wolontariat w Pa\u0144stwowej Wy\u017cszej Szkole Zawodowej im. Stanis\u0142awa Pigonia rozpocz\u0105\u0142 sw\u0105 dzia\u0142alno\u015b\u0107 w maju 2008 roku. Inicjatywa wysz\u0142a od student\u00f3w, kt\u00f3rzy chcieli w\u0142\u0105czy\u0107 si\u0119 czynnie w pozyskiwanie \u015brodk\u00f3w na budow\u0119 Hospicjum w Kro\u015bnie.<\/p>\n<p>Zrzeszona grupa student\u00f3w wraz z opiekunem Pani\u0105 mgr Mari\u0105 Zakrzewsk\u0105 nawi\u0105za\u0142a kontakt z Zarz\u0105dem Ko\u0142a Hospicyjno \u2013 Charytatywnego w Kro\u015bnie.<\/p>\n<p>Efektem wsp\u00f3lnie ustalonej strategii by\u0142o w\u0142\u0105czenie student\u00f3w do prowadzenia zbi\u00f3rki pieni\u0119dzy na rzecz remontowanego budynku kro\u015bnie\u0144skiego Hospicjum oraz zaanga\u017cowanie ich do pracy w szatni w Regionalnym Centrum Kultur Pogranicza w czasie organizowanych r\u00f3\u017cnych akcji charytatywnych.<\/p>\n<p>Od 2009 roku Wolontariat Student\u00f3w podj\u0105\u0142 wsp\u00f3\u0142prac\u0119 ze Stowarzyszeniem \u201eCzy\u0144 dobro mimo wszystko\u201d. Studenci zostali w\u0142\u0105czeni do prowadzenia kwesty podczas corocznych Mi\u0119dzynarodowych G\u00f3rskich Zawod\u00f3w Balonowych. Drugim zadaniem dla wolontariuszy by\u0142o w\u0142\u0105czenie si\u0119 w pomoc Stowarzyszeniu \u201eCzy\u0144 dobro mimo wszystko\u201d przy organizowaniu wyst\u0119pu Opery \u201eCarmen\u201d, Georges&#8217;a Bizeta na rzecz kro\u015bnie\u0144skiego Hospicjum.<\/p>\n<p>Innymi formami podejmowania pomocy na rzecz drugiego cz\u0142owieka by\u0142y dzia\u0142ania czynione wraz z Pani\u0105 Prezes Stowarzyszenia \u201eCzy\u0144 dobro mimo wszystko\u201d Kamil\u0105 Bogack\u0105, do najwa\u017cniejszych zaliczy\u0107 mo\u017cna: zbi\u00f3rk\u0119 \u017cywno\u015bci dla Hospicjum, zorganizowanie Dnia Dziecka w Dworze Kombornia, w\u0142\u0105czenie si\u0119 do kwestowania podczas fina\u0142u Wielkiej Orkiestry \u015awi\u0105tecznej Pomocy na kro\u015bnie\u0144skim Rynku.<\/p>\n<p>W obecnym czasie studenci zrzeszeni w ramach wolontariatu tak jak dotychczas wsp\u00f3\u0142pracuj\u0105 ze stowarzyszeniem \u201eCzy\u0144 dobro mimo wszystko\u201d oraz \u015bwiadcz\u0105 opiek\u0119 wobec os\u00f3b chorych, niepe\u0142nosprawnych w Hospicjum i Zak\u0142adzie Opieku\u0144czo \u2013 Leczniczym.<\/p>","protected":false},"excerpt":{"rendered":"<p>DZIA\u0141ALNOSC STUDENCKIEGO KO\u0141A WOLONTARIATU &nbsp;Wolontariat jest niepowtarzaln\u0105 szans\u0105 na zdobycie nowych umiej\u0119tno\u015bci, poznania ciekawych ludzi, \u015bwiata i siebie. Wolontariat pozwala oderwa\u0107 si\u0119 od codziennych obowi\u0105zk\u00f3w, mo\u017ce by\u0107 doskona\u0142ym sposobem na rozpocz\u0119cie kariery zawodowej, zapoznania si\u0119 z dzia\u0142alno\u015bci\u0105 r\u00f3\u017cnych instytucji, zidentyfikowania w\u0142asnych preferencji zawodowych. Odkrywa sens pomagania innym ludziom, uwra\u017cliwia na [\u2026] <\/p>\n<div class=\"clear\"><\/div>\n<p><a class=\"more_link clearfix\" href=\"https:\/\/pans.krosno.pl\/kola-naukowe\/studenckie-kola-naukowe\/kolo-naukowe-wolontariatu-studenckiego\/kolo-naukowe-wolontariatu-studenckiego-dzialalnosc\/\" rel=\"nofollow\">Read More<\/a><\/p>\n","protected":false},"author":27,"featured_media":0,"parent":491,"menu_order":0,"comment_status":"closed","ping_status":"closed","template":"page-templates\/template-full-width.php","meta":{"ngg_post_thumbnail":0,"footnotes":""},"class_list":["post-496","page","type-page","status-publish","hentry"],"yoast_head":"<!-- This site is optimized with the Yoast SEO Premium plugin v27.3 (Yoast SEO v27.3) - https:\/\/yoast.com\/product\/yoast-seo-premium-wordpress\/ -->\n<title>Ko\u0142o Naukowe Wolontariatu Studenckiego - Dzia\u0142alno\u015b\u0107 - Studenckie Ko\u0142a Naukowe PANS w Kro\u015bnie<\/title>\n<meta name=\"robots\" content=\"index, follow, max-snippet:-1, max-image-preview:large, max-video-preview:-1\" \/>\n<link rel=\"canonical\" href=\"https:\/\/pans.krosno.pl\/kola-naukowe\/studenckie-kola-naukowe\/kolo-naukowe-wolontariatu-studenckiego\/kolo-naukowe-wolontariatu-studenckiego-dzialalnosc\/\" \/>\n<meta property=\"og:locale\" content=\"pl_PL\" \/>\n<meta property=\"og:type\" content=\"article\" \/>\n<meta property=\"og:title\" content=\"Ko\u0142o Naukowe Wolontariatu Studenckiego - Dzia\u0142alno\u015b\u0107\" \/>\n<meta property=\"og:description\" content=\"DZIA\u0141ALNOSC STUDENCKIEGO KO\u0141A WOLONTARIATU &nbsp;Wolontariat jest niepowtarzaln\u0105 szans\u0105 na zdobycie nowych umiej\u0119tno\u015bci, poznania ciekawych ludzi, \u015bwiata i siebie. Wolontariat pozwala oderwa\u0107 si\u0119 od codziennych obowi\u0105zk\u00f3w, mo\u017ce by\u0107 doskona\u0142ym sposobem na rozpocz\u0119cie kariery zawodowej, zapoznania si\u0119 z dzia\u0142alno\u015bci\u0105 r\u00f3\u017cnych instytucji, zidentyfikowania w\u0142asnych preferencji zawodowych. Odkrywa sens pomagania innym ludziom, uwra\u017cliwia na [\u2026] Read More\" \/>\n<meta property=\"og:url\" content=\"https:\/\/pans.krosno.pl\/kola-naukowe\/studenckie-kola-naukowe\/kolo-naukowe-wolontariatu-studenckiego\/kolo-naukowe-wolontariatu-studenckiego-dzialalnosc\/\" \/>\n<meta property=\"og:site_name\" content=\"Studenckie Ko\u0142a Naukowe PANS w Kro\u015bnie\" \/>\n<meta property=\"article:modified_time\" content=\"2021-05-04T07:42:35+00:00\" \/>\n<meta name=\"twitter:card\" content=\"summary_large_image\" \/>\n<meta name=\"twitter:label1\" content=\"Szacowany czas czytania\" \/>\n\t<meta name=\"twitter:data1\" content=\"3 minuty\" \/>\n<script type=\"application\/ld+json\" class=\"yoast-schema-graph\">{\"@context\":\"https:\\\/\\\/schema.org\",\"@graph\":[{\"@type\":\"WebPage\",\"@id\":\"https:\\\/\\\/pans.krosno.pl\\\/kola-naukowe\\\/studenckie-kola-naukowe\\\/kolo-naukowe-wolontariatu-studenckiego\\\/kolo-naukowe-wolontariatu-studenckiego-dzialalnosc\\\/\",\"url\":\"https:\\\/\\\/pans.krosno.pl\\\/kola-naukowe\\\/studenckie-kola-naukowe\\\/kolo-naukowe-wolontariatu-studenckiego\\\/kolo-naukowe-wolontariatu-studenckiego-dzialalnosc\\\/\",\"name\":\"Ko\u0142o Naukowe Wolontariatu Studenckiego - Dzia\u0142alno\u015b\u0107 - Studenckie Ko\u0142a Naukowe PANS w Kro\u015bnie\",\"isPartOf\":{\"@id\":\"https:\\\/\\\/pans.krosno.pl\\\/kola-naukowe\\\/#website\"},\"datePublished\":\"2020-05-14T11:46:03+00:00\",\"dateModified\":\"2021-05-04T07:42:35+00:00\",\"breadcrumb\":{\"@id\":\"https:\\\/\\\/pans.krosno.pl\\\/kola-naukowe\\\/studenckie-kola-naukowe\\\/kolo-naukowe-wolontariatu-studenckiego\\\/kolo-naukowe-wolontariatu-studenckiego-dzialalnosc\\\/#breadcrumb\"},\"inLanguage\":\"pl-PL\",\"potentialAction\":[{\"@type\":\"ReadAction\",\"target\":[\"https:\\\/\\\/pans.krosno.pl\\\/kola-naukowe\\\/studenckie-kola-naukowe\\\/kolo-naukowe-wolontariatu-studenckiego\\\/kolo-naukowe-wolontariatu-studenckiego-dzialalnosc\\\/\"]}]},{\"@type\":\"BreadcrumbList\",\"@id\":\"https:\\\/\\\/pans.krosno.pl\\\/kola-naukowe\\\/studenckie-kola-naukowe\\\/kolo-naukowe-wolontariatu-studenckiego\\\/kolo-naukowe-wolontariatu-studenckiego-dzialalnosc\\\/#breadcrumb\",\"itemListElement\":[{\"@type\":\"ListItem\",\"position\":1,\"name\":\"Strona g\u0142\u00f3wna\",\"item\":\"https:\\\/\\\/pans.krosno.pl\\\/kola-naukowe\\\/\"},{\"@type\":\"ListItem\",\"position\":2,\"name\":\"Studenckie Ko\u0142a Naukowe\",\"item\":\"https:\\\/\\\/pans.krosno.pl\\\/kola-naukowe\\\/studenckie-kola-naukowe\\\/\"},{\"@type\":\"ListItem\",\"position\":3,\"name\":\"Ko\u0142o Naukowe Wolontariatu Studenckiego\",\"item\":\"https:\\\/\\\/pans.krosno.pl\\\/kola-naukowe\\\/studenckie-kola-naukowe\\\/kolo-naukowe-wolontariatu-studenckiego\\\/\"},{\"@type\":\"ListItem\",\"position\":4,\"name\":\"Ko\u0142o Naukowe Wolontariatu Studenckiego &#8211; Dzia\u0142alno\u015b\u0107\"}]},{\"@type\":\"WebSite\",\"@id\":\"https:\\\/\\\/pans.krosno.pl\\\/kola-naukowe\\\/#website\",\"url\":\"https:\\\/\\\/pans.krosno.pl\\\/kola-naukowe\\\/\",\"name\":\"Studenckie Ko\u0142a Naukowe PANS w Kro\u015bnie\",\"description\":\"Studenckie Ko\u0142a Naukowe - Pa\u0144stwowa Akademia Nauk Stosowanych\",\"publisher\":{\"@id\":\"https:\\\/\\\/pans.krosno.pl\\\/kola-naukowe\\\/#organization\"},\"potentialAction\":[{\"@type\":\"SearchAction\",\"target\":{\"@type\":\"EntryPoint\",\"urlTemplate\":\"https:\\\/\\\/pans.krosno.pl\\\/kola-naukowe\\\/?s={search_term_string}\"},\"query-input\":{\"@type\":\"PropertyValueSpecification\",\"valueRequired\":true,\"valueName\":\"search_term_string\"}}],\"inLanguage\":\"pl-PL\"},{\"@type\":\"Organization\",\"@id\":\"https:\\\/\\\/pans.krosno.pl\\\/kola-naukowe\\\/#organization\",\"name\":\"Studenckie Ko\u0142a Naukowe PANS w Kro\u015bnie\",\"url\":\"https:\\\/\\\/pans.krosno.pl\\\/kola-naukowe\\\/\",\"logo\":{\"@type\":\"ImageObject\",\"inLanguage\":\"pl-PL\",\"@id\":\"https:\\\/\\\/pans.krosno.pl\\\/kola-naukowe\\\/#\\\/schema\\\/logo\\\/image\\\/\",\"url\":\"https:\\\/\\\/pans.krosno.pl\\\/kola-naukowe\\\/wp-content\\\/uploads\\\/sites\\\/48\\\/2023\\\/01\\\/Logo-PANS-2022-pelne.png\",\"contentUrl\":\"https:\\\/\\\/pans.krosno.pl\\\/kola-naukowe\\\/wp-content\\\/uploads\\\/sites\\\/48\\\/2023\\\/01\\\/Logo-PANS-2022-pelne.png\",\"width\":3096,\"height\":696,\"caption\":\"Studenckie Ko\u0142a Naukowe PANS w Kro\u015bnie\"},\"image\":{\"@id\":\"https:\\\/\\\/pans.krosno.pl\\\/kola-naukowe\\\/#\\\/schema\\\/logo\\\/image\\\/\"}}]}<\/script>\n<!-- \/ Yoast SEO Premium plugin. -->","yoast_head_json":{"title":"Ko\u0142o Naukowe Wolontariatu Studenckiego - Dzia\u0142alno\u015b\u0107 - Studenckie Ko\u0142a Naukowe PANS w Kro\u015bnie","robots":{"index":"index","follow":"follow","max-snippet":"max-snippet:-1","max-image-preview":"max-image-preview:large","max-video-preview":"max-video-preview:-1"},"canonical":"https:\/\/pans.krosno.pl\/kola-naukowe\/studenckie-kola-naukowe\/kolo-naukowe-wolontariatu-studenckiego\/kolo-naukowe-wolontariatu-studenckiego-dzialalnosc\/","og_locale":"pl_PL","og_type":"article","og_title":"Ko\u0142o Naukowe Wolontariatu Studenckiego - Dzia\u0142alno\u015b\u0107","og_description":"DZIA\u0141ALNOSC STUDENCKIEGO KO\u0141A WOLONTARIATU &nbsp;Wolontariat jest niepowtarzaln\u0105 szans\u0105 na zdobycie nowych umiej\u0119tno\u015bci, poznania ciekawych ludzi, \u015bwiata i siebie. Wolontariat pozwala oderwa\u0107 si\u0119 od codziennych obowi\u0105zk\u00f3w, mo\u017ce by\u0107 doskona\u0142ym sposobem na rozpocz\u0119cie kariery zawodowej, zapoznania si\u0119 z dzia\u0142alno\u015bci\u0105 r\u00f3\u017cnych instytucji, zidentyfikowania w\u0142asnych preferencji zawodowych. Odkrywa sens pomagania innym ludziom, uwra\u017cliwia na [\u2026] Read More","og_url":"https:\/\/pans.krosno.pl\/kola-naukowe\/studenckie-kola-naukowe\/kolo-naukowe-wolontariatu-studenckiego\/kolo-naukowe-wolontariatu-studenckiego-dzialalnosc\/","og_site_name":"Studenckie Ko\u0142a Naukowe PANS w Kro\u015bnie","article_modified_time":"2021-05-04T07:42:35+00:00","twitter_card":"summary_large_image","twitter_misc":{"Szacowany czas czytania":"3 minuty"},"schema":{"@context":"https:\/\/schema.org","@graph":[{"@type":"WebPage","@id":"https:\/\/pans.krosno.pl\/kola-naukowe\/studenckie-kola-naukowe\/kolo-naukowe-wolontariatu-studenckiego\/kolo-naukowe-wolontariatu-studenckiego-dzialalnosc\/","url":"https:\/\/pans.krosno.pl\/kola-naukowe\/studenckie-kola-naukowe\/kolo-naukowe-wolontariatu-studenckiego\/kolo-naukowe-wolontariatu-studenckiego-dzialalnosc\/","name":"Ko\u0142o Naukowe Wolontariatu Studenckiego - Dzia\u0142alno\u015b\u0107 - Studenckie Ko\u0142a Naukowe PANS w Kro\u015bnie","isPartOf":{"@id":"https:\/\/pans.krosno.pl\/kola-naukowe\/#website"},"datePublished":"2020-05-14T11:46:03+00:00","dateModified":"2021-05-04T07:42:35+00:00","breadcrumb":{"@id":"https:\/\/pans.krosno.pl\/kola-naukowe\/studenckie-kola-naukowe\/kolo-naukowe-wolontariatu-studenckiego\/kolo-naukowe-wolontariatu-studenckiego-dzialalnosc\/#breadcrumb"},"inLanguage":"pl-PL","potentialAction":[{"@type":"ReadAction","target":["https:\/\/pans.krosno.pl\/kola-naukowe\/studenckie-kola-naukowe\/kolo-naukowe-wolontariatu-studenckiego\/kolo-naukowe-wolontariatu-studenckiego-dzialalnosc\/"]}]},{"@type":"BreadcrumbList","@id":"https:\/\/pans.krosno.pl\/kola-naukowe\/studenckie-kola-naukowe\/kolo-naukowe-wolontariatu-studenckiego\/kolo-naukowe-wolontariatu-studenckiego-dzialalnosc\/#breadcrumb","itemListElement":[{"@type":"ListItem","position":1,"name":"Strona g\u0142\u00f3wna","item":"https:\/\/pans.krosno.pl\/kola-naukowe\/"},{"@type":"ListItem","position":2,"name":"Studenckie Ko\u0142a Naukowe","item":"https:\/\/pans.krosno.pl\/kola-naukowe\/studenckie-kola-naukowe\/"},{"@type":"ListItem","position":3,"name":"Ko\u0142o Naukowe Wolontariatu Studenckiego","item":"https:\/\/pans.krosno.pl\/kola-naukowe\/studenckie-kola-naukowe\/kolo-naukowe-wolontariatu-studenckiego\/"},{"@type":"ListItem","position":4,"name":"Ko\u0142o Naukowe Wolontariatu Studenckiego &#8211; Dzia\u0142alno\u015b\u0107"}]},{"@type":"WebSite","@id":"https:\/\/pans.krosno.pl\/kola-naukowe\/#website","url":"https:\/\/pans.krosno.pl\/kola-naukowe\/","name":"Studenckie Ko\u0142a Naukowe PANS w Kro\u015bnie","description":"Studenckie Ko\u0142a Naukowe - Pa\u0144stwowa Akademia Nauk Stosowanych","publisher":{"@id":"https:\/\/pans.krosno.pl\/kola-naukowe\/#organization"},"potentialAction":[{"@type":"SearchAction","target":{"@type":"EntryPoint","urlTemplate":"https:\/\/pans.krosno.pl\/kola-naukowe\/?s={search_term_string}"},"query-input":{"@type":"PropertyValueSpecification","valueRequired":true,"valueName":"search_term_string"}}],"inLanguage":"pl-PL"},{"@type":"Organization","@id":"https:\/\/pans.krosno.pl\/kola-naukowe\/#organization","name":"Studenckie Ko\u0142a Naukowe PANS w Kro\u015bnie","url":"https:\/\/pans.krosno.pl\/kola-naukowe\/","logo":{"@type":"ImageObject","inLanguage":"pl-PL","@id":"https:\/\/pans.krosno.pl\/kola-naukowe\/#\/schema\/logo\/image\/","url":"https:\/\/pans.krosno.pl\/kola-naukowe\/wp-content\/uploads\/sites\/48\/2023\/01\/Logo-PANS-2022-pelne.png","contentUrl":"https:\/\/pans.krosno.pl\/kola-naukowe\/wp-content\/uploads\/sites\/48\/2023\/01\/Logo-PANS-2022-pelne.png","width":3096,"height":696,"caption":"Studenckie Ko\u0142a Naukowe PANS w Kro\u015bnie"},"image":{"@id":"https:\/\/pans.krosno.pl\/kola-naukowe\/#\/schema\/logo\/image\/"}}]}},"_links":{"self":[{"href":"https:\/\/pans.krosno.pl\/kola-naukowe\/wp-json\/wp\/v2\/pages\/496","targetHints":{"allow":["GET"]}}],"collection":[{"href":"https:\/\/pans.krosno.pl\/kola-naukowe\/wp-json\/wp\/v2\/pages"}],"about":[{"href":"https:\/\/pans.krosno.pl\/kola-naukowe\/wp-json\/wp\/v2\/types\/page"}],"author":[{"embeddable":true,"href":"https:\/\/pans.krosno.pl\/kola-naukowe\/wp-json\/wp\/v2\/users\/27"}],"replies":[{"embeddable":true,"href":"https:\/\/pans.krosno.pl\/kola-naukowe\/wp-json\/wp\/v2\/comments?post=496"}],"version-history":[{"count":2,"href":"https:\/\/pans.krosno.pl\/kola-naukowe\/wp-json\/wp\/v2\/pages\/496\/revisions"}],"predecessor-version":[{"id":3337,"href":"https:\/\/pans.krosno.pl\/kola-naukowe\/wp-json\/wp\/v2\/pages\/496\/revisions\/3337"}],"up":[{"embeddable":true,"href":"https:\/\/pans.krosno.pl\/kola-naukowe\/wp-json\/wp\/v2\/pages\/491"}],"wp:attachment":[{"href":"https:\/\/pans.krosno.pl\/kola-naukowe\/wp-json\/wp\/v2\/media?parent=496"}],"curies":[{"name":"wp","href":"https:\/\/api.w.org\/{rel}","templated":true}]}}