{"id":480,"date":"2020-05-12T10:17:59","date_gmt":"2020-05-12T08:17:59","guid":{"rendered":"https:\/\/pans.krosno.pl\/kola-naukowe\/?page_id=480"},"modified":"2026-02-12T13:29:18","modified_gmt":"2026-02-12T12:29:18","slug":"zespol-piesni-i-tanca","status":"publish","type":"page","link":"https:\/\/pans.krosno.pl\/kola-naukowe\/zespol-piesni-i-tanca\/","title":{"rendered":"Zesp\u00f3\u0142 Pie\u015bni i Ta\u0144ca"},"content":{"rendered":"\n<p><strong>Zesp\u00f3\u0142 Pie\u015bni i Ta\u0144ca<\/strong><\/p>\n\n\n\n<figure class=\"wp-block-image size-large\"><img loading=\"lazy\" decoding=\"async\" width=\"960\" height=\"640\" src=\"https:\/\/pans.krosno.pl\/kola-naukowe\/wp-content\/uploads\/sites\/48\/2020\/05\/k3eWlN2kZWRjSJ4dsc_8098.jpg\" alt=\"\" class=\"wp-image-576\" srcset=\"https:\/\/pans.krosno.pl\/kola-naukowe\/wp-content\/uploads\/sites\/48\/2020\/05\/k3eWlN2kZWRjSJ4dsc_8098.jpg 960w, https:\/\/pans.krosno.pl\/kola-naukowe\/wp-content\/uploads\/sites\/48\/2020\/05\/k3eWlN2kZWRjSJ4dsc_8098-300x200.jpg 300w, https:\/\/pans.krosno.pl\/kola-naukowe\/wp-content\/uploads\/sites\/48\/2020\/05\/k3eWlN2kZWRjSJ4dsc_8098-768x512.jpg 768w, https:\/\/pans.krosno.pl\/kola-naukowe\/wp-content\/uploads\/sites\/48\/2020\/05\/k3eWlN2kZWRjSJ4dsc_8098-800x533.jpg 800w, https:\/\/pans.krosno.pl\/kola-naukowe\/wp-content\/uploads\/sites\/48\/2020\/05\/k3eWlN2kZWRjSJ4dsc_8098-580x387.jpg 580w\" sizes=\"auto, (max-width: 960px) 100vw, 960px\" \/><\/figure>\n\n\n\n<p>&nbsp;&nbsp;&nbsp;&nbsp;&nbsp;&nbsp;&nbsp;&nbsp;&nbsp; Zesp\u00f3\u0142 Pie\u015bni i Ta\u0144ca dzia\u0142aj\u0105cy w Pa\u0144stwowej Akademii Nauk Stosowanych w Kro\u015bnie powsta\u0142 w 2011 roku. Zesp\u00f3\u0142 sk\u0142ada si\u0119 z grupy wokalnej i tanecznej, a tworz\u0105 go studentki i studenci r\u00f3\u017cnych kierunk\u00f3w i rocznik\u00f3w, jest otwarty dla wszystkich ch\u0119tnych. Jest miejscem, gdzie mo\u017cna rozwija\u0107 pasje, zainteresowania, a tak\u017ce spotka\u0107 wielu wspania\u0142ych ludzi. Celem Zespo\u0142u jest poznawanie, upowszechnianie i piel\u0119gnowanie polskiej kultury i tradycji. Zesp\u00f3\u0142 w swoim repertuarze ma poloneza powitalnego, polskie ta\u0144ce narodowe, przy\u015bpiewki regionalne i ludowe, pie\u015bni patriotyczne, kol\u0119dy i pastora\u0142ki. Zesp\u00f3\u0142 bierze aktywny udzia\u0142 w uroczysto\u015bciach i imprezach uczelnianych, obchodach rocznicowych, konkursach, Mi\u0119dzynarodowym Festiwalu M\u0142odzie\u017cy. Opiekunami artystycznymi Zespo\u0142u s\u0105: mgr Danuta Kami\u0144ska i dr Janusz Boczar.<\/p>\n\n\n\n<p><\/p>\n\n\n\n<p>Zapraszamy wszystkich na zaj\u0119cia <br>Zesp\u00f3\u0142 Pie\u015bni i Ta\u0144ca PANS w Kro\u015bnie <\/p>\n\n\n\n<p>Grupa taneczna <br>\u015aroda, godz. 18.00, sala nr 2<br>Ul.. Kazimierza Wielkiego 6<\/p>\n\n\n\n<p>Grupa wokalna <br>\u015aroda, godz. 17.00, sala nr 6<br>Ul.. Kazimierza Wielkiego 8<br><br>Kontakt: zespol@pans.krosno.pl<br><br><\/p>\n\n\n\n<p><\/p>\n\n\n\n<iframe loading=\"lazy\" width=\"560\" height=\"315\" src=\"https:\/\/www.youtube.com\/embed\/Bzz4xpROfM8?si=o7NWIfn4cYkn3Uih\" title=\"YouTube video player\" frameborder=\"0\" allow=\"accelerometer; autoplay; clipboard-write; encrypted-media; gyroscope; picture-in-picture; web-share\" referrerpolicy=\"strict-origin-when-cross-origin\" allowfullscreen><\/iframe>\n\n\n\n<p><\/p>\n\n\n\n<p><\/p>\n","protected":false},"excerpt":{"rendered":"<p>Zesp\u00f3\u0142 Pie\u015bni i Ta\u0144ca &nbsp;&nbsp;&nbsp;&nbsp;&nbsp;&nbsp;&nbsp;&nbsp;&nbsp; Zesp\u00f3\u0142 Pie\u015bni i Ta\u0144ca dzia\u0142aj\u0105cy w Pa\u0144stwowej Akademii Nauk Stosowanych w Kro\u015bnie powsta\u0142 w 2011 roku. Zesp\u00f3\u0142 sk\u0142ada si\u0119 z grupy wokalnej i tanecznej, a tworz\u0105 go studentki i studenci r\u00f3\u017cnych kierunk\u00f3w i rocznik\u00f3w, jest otwarty dla wszystkich ch\u0119tnych. Jest miejscem, gdzie mo\u017cna rozwija\u0107 pasje, [\u2026] <\/p>\n<div class=\"clear\"><\/div>\n<p><a class=\"more_link clearfix\" href=\"https:\/\/pans.krosno.pl\/kola-naukowe\/zespol-piesni-i-tanca\/\" rel=\"nofollow\">Read More<\/a><\/p>\n","protected":false},"author":27,"featured_media":0,"parent":0,"menu_order":0,"comment_status":"closed","ping_status":"closed","template":"page-templates\/template-full-width.php","meta":{"ngg_post_thumbnail":0,"footnotes":""},"class_list":["post-480","page","type-page","status-publish","hentry"],"yoast_head":"<!-- This site is optimized with the Yoast SEO Premium plugin v27.3 (Yoast SEO v27.3) - https:\/\/yoast.com\/product\/yoast-seo-premium-wordpress\/ -->\n<title>Zesp\u00f3\u0142 Pie\u015bni i Ta\u0144ca - Studenckie Ko\u0142a Naukowe PANS w Kro\u015bnie<\/title>\n<meta name=\"robots\" content=\"index, follow, max-snippet:-1, max-image-preview:large, max-video-preview:-1\" \/>\n<link rel=\"canonical\" href=\"https:\/\/pans.krosno.pl\/kola-naukowe\/zespol-piesni-i-tanca\/\" \/>\n<meta property=\"og:locale\" content=\"pl_PL\" \/>\n<meta property=\"og:type\" content=\"article\" \/>\n<meta property=\"og:title\" content=\"Zesp\u00f3\u0142 Pie\u015bni i Ta\u0144ca\" \/>\n<meta property=\"og:description\" content=\"Zesp\u00f3\u0142 Pie\u015bni i Ta\u0144ca &nbsp;&nbsp;&nbsp;&nbsp;&nbsp;&nbsp;&nbsp;&nbsp;&nbsp; Zesp\u00f3\u0142 Pie\u015bni i Ta\u0144ca dzia\u0142aj\u0105cy w Pa\u0144stwowej Akademii Nauk Stosowanych w Kro\u015bnie powsta\u0142 w 2011 roku. Zesp\u00f3\u0142 sk\u0142ada si\u0119 z grupy wokalnej i tanecznej, a tworz\u0105 go studentki i studenci r\u00f3\u017cnych kierunk\u00f3w i rocznik\u00f3w, jest otwarty dla wszystkich ch\u0119tnych. Jest miejscem, gdzie mo\u017cna rozwija\u0107 pasje, [\u2026] Read More\" \/>\n<meta property=\"og:url\" content=\"https:\/\/pans.krosno.pl\/kola-naukowe\/zespol-piesni-i-tanca\/\" \/>\n<meta property=\"og:site_name\" content=\"Studenckie Ko\u0142a Naukowe PANS w Kro\u015bnie\" \/>\n<meta property=\"article:modified_time\" content=\"2026-02-12T12:29:18+00:00\" \/>\n<meta property=\"og:image\" content=\"https:\/\/pans.krosno.pl\/kola-naukowe\/wp-content\/uploads\/sites\/48\/2020\/05\/k3eWlN2kZWRjSJ4dsc_8098.jpg\" \/>\n\t<meta property=\"og:image:width\" content=\"960\" \/>\n\t<meta property=\"og:image:height\" content=\"640\" \/>\n\t<meta property=\"og:image:type\" content=\"image\/jpeg\" \/>\n<meta name=\"twitter:card\" content=\"summary_large_image\" \/>\n<meta name=\"twitter:label1\" content=\"Szacowany czas czytania\" \/>\n\t<meta name=\"twitter:data1\" content=\"2 minuty\" \/>\n<script type=\"application\/ld+json\" class=\"yoast-schema-graph\">{\"@context\":\"https:\\\/\\\/schema.org\",\"@graph\":[{\"@type\":\"WebPage\",\"@id\":\"https:\\\/\\\/pans.krosno.pl\\\/kola-naukowe\\\/zespol-piesni-i-tanca\\\/\",\"url\":\"https:\\\/\\\/pans.krosno.pl\\\/kola-naukowe\\\/zespol-piesni-i-tanca\\\/\",\"name\":\"Zesp\u00f3\u0142 Pie\u015bni i Ta\u0144ca - Studenckie Ko\u0142a Naukowe PANS w Kro\u015bnie\",\"isPartOf\":{\"@id\":\"https:\\\/\\\/pans.krosno.pl\\\/kola-naukowe\\\/#website\"},\"primaryImageOfPage\":{\"@id\":\"https:\\\/\\\/pans.krosno.pl\\\/kola-naukowe\\\/zespol-piesni-i-tanca\\\/#primaryimage\"},\"image\":{\"@id\":\"https:\\\/\\\/pans.krosno.pl\\\/kola-naukowe\\\/zespol-piesni-i-tanca\\\/#primaryimage\"},\"thumbnailUrl\":\"https:\\\/\\\/pans.krosno.pl\\\/kola-naukowe\\\/wp-content\\\/uploads\\\/sites\\\/48\\\/2020\\\/05\\\/k3eWlN2kZWRjSJ4dsc_8098.jpg\",\"datePublished\":\"2020-05-12T08:17:59+00:00\",\"dateModified\":\"2026-02-12T12:29:18+00:00\",\"breadcrumb\":{\"@id\":\"https:\\\/\\\/pans.krosno.pl\\\/kola-naukowe\\\/zespol-piesni-i-tanca\\\/#breadcrumb\"},\"inLanguage\":\"pl-PL\",\"potentialAction\":[{\"@type\":\"ReadAction\",\"target\":[\"https:\\\/\\\/pans.krosno.pl\\\/kola-naukowe\\\/zespol-piesni-i-tanca\\\/\"]}]},{\"@type\":\"ImageObject\",\"inLanguage\":\"pl-PL\",\"@id\":\"https:\\\/\\\/pans.krosno.pl\\\/kola-naukowe\\\/zespol-piesni-i-tanca\\\/#primaryimage\",\"url\":\"https:\\\/\\\/pans.krosno.pl\\\/kola-naukowe\\\/wp-content\\\/uploads\\\/sites\\\/48\\\/2020\\\/05\\\/k3eWlN2kZWRjSJ4dsc_8098.jpg\",\"contentUrl\":\"https:\\\/\\\/pans.krosno.pl\\\/kola-naukowe\\\/wp-content\\\/uploads\\\/sites\\\/48\\\/2020\\\/05\\\/k3eWlN2kZWRjSJ4dsc_8098.jpg\",\"width\":960,\"height\":640,\"caption\":\"Zesp\u00f3\u0142 pie\u015bni i ta\u0144ca\"},{\"@type\":\"BreadcrumbList\",\"@id\":\"https:\\\/\\\/pans.krosno.pl\\\/kola-naukowe\\\/zespol-piesni-i-tanca\\\/#breadcrumb\",\"itemListElement\":[{\"@type\":\"ListItem\",\"position\":1,\"name\":\"Strona g\u0142\u00f3wna\",\"item\":\"https:\\\/\\\/pans.krosno.pl\\\/kola-naukowe\\\/\"},{\"@type\":\"ListItem\",\"position\":2,\"name\":\"Zesp\u00f3\u0142 Pie\u015bni i Ta\u0144ca\"}]},{\"@type\":\"WebSite\",\"@id\":\"https:\\\/\\\/pans.krosno.pl\\\/kola-naukowe\\\/#website\",\"url\":\"https:\\\/\\\/pans.krosno.pl\\\/kola-naukowe\\\/\",\"name\":\"Studenckie Ko\u0142a Naukowe PANS w Kro\u015bnie\",\"description\":\"Studenckie Ko\u0142a Naukowe - Pa\u0144stwowa Akademia Nauk Stosowanych\",\"publisher\":{\"@id\":\"https:\\\/\\\/pans.krosno.pl\\\/kola-naukowe\\\/#organization\"},\"potentialAction\":[{\"@type\":\"SearchAction\",\"target\":{\"@type\":\"EntryPoint\",\"urlTemplate\":\"https:\\\/\\\/pans.krosno.pl\\\/kola-naukowe\\\/?s={search_term_string}\"},\"query-input\":{\"@type\":\"PropertyValueSpecification\",\"valueRequired\":true,\"valueName\":\"search_term_string\"}}],\"inLanguage\":\"pl-PL\"},{\"@type\":\"Organization\",\"@id\":\"https:\\\/\\\/pans.krosno.pl\\\/kola-naukowe\\\/#organization\",\"name\":\"Studenckie Ko\u0142a Naukowe PANS w Kro\u015bnie\",\"url\":\"https:\\\/\\\/pans.krosno.pl\\\/kola-naukowe\\\/\",\"logo\":{\"@type\":\"ImageObject\",\"inLanguage\":\"pl-PL\",\"@id\":\"https:\\\/\\\/pans.krosno.pl\\\/kola-naukowe\\\/#\\\/schema\\\/logo\\\/image\\\/\",\"url\":\"https:\\\/\\\/pans.krosno.pl\\\/kola-naukowe\\\/wp-content\\\/uploads\\\/sites\\\/48\\\/2023\\\/01\\\/Logo-PANS-2022-pelne.png\",\"contentUrl\":\"https:\\\/\\\/pans.krosno.pl\\\/kola-naukowe\\\/wp-content\\\/uploads\\\/sites\\\/48\\\/2023\\\/01\\\/Logo-PANS-2022-pelne.png\",\"width\":3096,\"height\":696,\"caption\":\"Studenckie Ko\u0142a Naukowe PANS w Kro\u015bnie\"},\"image\":{\"@id\":\"https:\\\/\\\/pans.krosno.pl\\\/kola-naukowe\\\/#\\\/schema\\\/logo\\\/image\\\/\"}}]}<\/script>\n<!-- \/ Yoast SEO Premium plugin. -->","yoast_head_json":{"title":"Zesp\u00f3\u0142 Pie\u015bni i Ta\u0144ca - Studenckie Ko\u0142a Naukowe PANS w Kro\u015bnie","robots":{"index":"index","follow":"follow","max-snippet":"max-snippet:-1","max-image-preview":"max-image-preview:large","max-video-preview":"max-video-preview:-1"},"canonical":"https:\/\/pans.krosno.pl\/kola-naukowe\/zespol-piesni-i-tanca\/","og_locale":"pl_PL","og_type":"article","og_title":"Zesp\u00f3\u0142 Pie\u015bni i Ta\u0144ca","og_description":"Zesp\u00f3\u0142 Pie\u015bni i Ta\u0144ca &nbsp;&nbsp;&nbsp;&nbsp;&nbsp;&nbsp;&nbsp;&nbsp;&nbsp; Zesp\u00f3\u0142 Pie\u015bni i Ta\u0144ca dzia\u0142aj\u0105cy w Pa\u0144stwowej Akademii Nauk Stosowanych w Kro\u015bnie powsta\u0142 w 2011 roku. Zesp\u00f3\u0142 sk\u0142ada si\u0119 z grupy wokalnej i tanecznej, a tworz\u0105 go studentki i studenci r\u00f3\u017cnych kierunk\u00f3w i rocznik\u00f3w, jest otwarty dla wszystkich ch\u0119tnych. Jest miejscem, gdzie mo\u017cna rozwija\u0107 pasje, [\u2026] Read More","og_url":"https:\/\/pans.krosno.pl\/kola-naukowe\/zespol-piesni-i-tanca\/","og_site_name":"Studenckie Ko\u0142a Naukowe PANS w Kro\u015bnie","article_modified_time":"2026-02-12T12:29:18+00:00","og_image":[{"width":960,"height":640,"url":"https:\/\/pans.krosno.pl\/kola-naukowe\/wp-content\/uploads\/sites\/48\/2020\/05\/k3eWlN2kZWRjSJ4dsc_8098.jpg","type":"image\/jpeg"}],"twitter_card":"summary_large_image","twitter_misc":{"Szacowany czas czytania":"2 minuty"},"schema":{"@context":"https:\/\/schema.org","@graph":[{"@type":"WebPage","@id":"https:\/\/pans.krosno.pl\/kola-naukowe\/zespol-piesni-i-tanca\/","url":"https:\/\/pans.krosno.pl\/kola-naukowe\/zespol-piesni-i-tanca\/","name":"Zesp\u00f3\u0142 Pie\u015bni i Ta\u0144ca - Studenckie Ko\u0142a Naukowe PANS w Kro\u015bnie","isPartOf":{"@id":"https:\/\/pans.krosno.pl\/kola-naukowe\/#website"},"primaryImageOfPage":{"@id":"https:\/\/pans.krosno.pl\/kola-naukowe\/zespol-piesni-i-tanca\/#primaryimage"},"image":{"@id":"https:\/\/pans.krosno.pl\/kola-naukowe\/zespol-piesni-i-tanca\/#primaryimage"},"thumbnailUrl":"https:\/\/pans.krosno.pl\/kola-naukowe\/wp-content\/uploads\/sites\/48\/2020\/05\/k3eWlN2kZWRjSJ4dsc_8098.jpg","datePublished":"2020-05-12T08:17:59+00:00","dateModified":"2026-02-12T12:29:18+00:00","breadcrumb":{"@id":"https:\/\/pans.krosno.pl\/kola-naukowe\/zespol-piesni-i-tanca\/#breadcrumb"},"inLanguage":"pl-PL","potentialAction":[{"@type":"ReadAction","target":["https:\/\/pans.krosno.pl\/kola-naukowe\/zespol-piesni-i-tanca\/"]}]},{"@type":"ImageObject","inLanguage":"pl-PL","@id":"https:\/\/pans.krosno.pl\/kola-naukowe\/zespol-piesni-i-tanca\/#primaryimage","url":"https:\/\/pans.krosno.pl\/kola-naukowe\/wp-content\/uploads\/sites\/48\/2020\/05\/k3eWlN2kZWRjSJ4dsc_8098.jpg","contentUrl":"https:\/\/pans.krosno.pl\/kola-naukowe\/wp-content\/uploads\/sites\/48\/2020\/05\/k3eWlN2kZWRjSJ4dsc_8098.jpg","width":960,"height":640,"caption":"Zesp\u00f3\u0142 pie\u015bni i ta\u0144ca"},{"@type":"BreadcrumbList","@id":"https:\/\/pans.krosno.pl\/kola-naukowe\/zespol-piesni-i-tanca\/#breadcrumb","itemListElement":[{"@type":"ListItem","position":1,"name":"Strona g\u0142\u00f3wna","item":"https:\/\/pans.krosno.pl\/kola-naukowe\/"},{"@type":"ListItem","position":2,"name":"Zesp\u00f3\u0142 Pie\u015bni i Ta\u0144ca"}]},{"@type":"WebSite","@id":"https:\/\/pans.krosno.pl\/kola-naukowe\/#website","url":"https:\/\/pans.krosno.pl\/kola-naukowe\/","name":"Studenckie Ko\u0142a Naukowe PANS w Kro\u015bnie","description":"Studenckie Ko\u0142a Naukowe - Pa\u0144stwowa Akademia Nauk Stosowanych","publisher":{"@id":"https:\/\/pans.krosno.pl\/kola-naukowe\/#organization"},"potentialAction":[{"@type":"SearchAction","target":{"@type":"EntryPoint","urlTemplate":"https:\/\/pans.krosno.pl\/kola-naukowe\/?s={search_term_string}"},"query-input":{"@type":"PropertyValueSpecification","valueRequired":true,"valueName":"search_term_string"}}],"inLanguage":"pl-PL"},{"@type":"Organization","@id":"https:\/\/pans.krosno.pl\/kola-naukowe\/#organization","name":"Studenckie Ko\u0142a Naukowe PANS w Kro\u015bnie","url":"https:\/\/pans.krosno.pl\/kola-naukowe\/","logo":{"@type":"ImageObject","inLanguage":"pl-PL","@id":"https:\/\/pans.krosno.pl\/kola-naukowe\/#\/schema\/logo\/image\/","url":"https:\/\/pans.krosno.pl\/kola-naukowe\/wp-content\/uploads\/sites\/48\/2023\/01\/Logo-PANS-2022-pelne.png","contentUrl":"https:\/\/pans.krosno.pl\/kola-naukowe\/wp-content\/uploads\/sites\/48\/2023\/01\/Logo-PANS-2022-pelne.png","width":3096,"height":696,"caption":"Studenckie Ko\u0142a Naukowe PANS w Kro\u015bnie"},"image":{"@id":"https:\/\/pans.krosno.pl\/kola-naukowe\/#\/schema\/logo\/image\/"}}]}},"_links":{"self":[{"href":"https:\/\/pans.krosno.pl\/kola-naukowe\/wp-json\/wp\/v2\/pages\/480","targetHints":{"allow":["GET"]}}],"collection":[{"href":"https:\/\/pans.krosno.pl\/kola-naukowe\/wp-json\/wp\/v2\/pages"}],"about":[{"href":"https:\/\/pans.krosno.pl\/kola-naukowe\/wp-json\/wp\/v2\/types\/page"}],"author":[{"embeddable":true,"href":"https:\/\/pans.krosno.pl\/kola-naukowe\/wp-json\/wp\/v2\/users\/27"}],"replies":[{"embeddable":true,"href":"https:\/\/pans.krosno.pl\/kola-naukowe\/wp-json\/wp\/v2\/comments?post=480"}],"version-history":[{"count":7,"href":"https:\/\/pans.krosno.pl\/kola-naukowe\/wp-json\/wp\/v2\/pages\/480\/revisions"}],"predecessor-version":[{"id":7896,"href":"https:\/\/pans.krosno.pl\/kola-naukowe\/wp-json\/wp\/v2\/pages\/480\/revisions\/7896"}],"wp:attachment":[{"href":"https:\/\/pans.krosno.pl\/kola-naukowe\/wp-json\/wp\/v2\/media?parent=480"}],"curies":[{"name":"wp","href":"https:\/\/api.w.org\/{rel}","templated":true}]}}