{"id":417,"date":"2020-05-12T10:04:43","date_gmt":"2020-05-12T08:04:43","guid":{"rendered":"https:\/\/pans.krosno.pl\/kola-naukowe\/?page_id=417"},"modified":"2020-05-30T19:48:10","modified_gmt":"2020-05-30T17:48:10","slug":"imprezy-studenckie","status":"publish","type":"page","link":"https:\/\/pans.krosno.pl\/kola-naukowe\/imprezy-studenckie\/","title":{"rendered":"Imprezy Studenckie"},"content":{"rendered":"<ul class=\"wp-block-latest-posts__list has-dates wp-block-latest-posts\"><li><div class=\"wp-block-latest-posts__featured-image alignleft\"><img loading=\"lazy\" decoding=\"async\" width=\"740\" height=\"387\" src=\"https:\/\/pans.krosno.pl\/kola-naukowe\/wp-content\/uploads\/sites\/48\/2020\/05\/FB_IMG_1590851934274-1024x536.jpg\" class=\"attachment-large size-large wp-post-image\" alt=\"\" style=\"\" srcset=\"https:\/\/pans.krosno.pl\/kola-naukowe\/wp-content\/uploads\/sites\/48\/2020\/05\/FB_IMG_1590851934274-1024x536.jpg 1024w, https:\/\/pans.krosno.pl\/kola-naukowe\/wp-content\/uploads\/sites\/48\/2020\/05\/FB_IMG_1590851934274-300x157.jpg 300w, https:\/\/pans.krosno.pl\/kola-naukowe\/wp-content\/uploads\/sites\/48\/2020\/05\/FB_IMG_1590851934274-768x402.jpg 768w, https:\/\/pans.krosno.pl\/kola-naukowe\/wp-content\/uploads\/sites\/48\/2020\/05\/FB_IMG_1590851934274-800x419.jpg 800w, https:\/\/pans.krosno.pl\/kola-naukowe\/wp-content\/uploads\/sites\/48\/2020\/05\/FB_IMG_1590851934274-580x303.jpg 580w, https:\/\/pans.krosno.pl\/kola-naukowe\/wp-content\/uploads\/sites\/48\/2020\/05\/FB_IMG_1590851934274.jpg 1080w\" sizes=\"auto, (max-width: 740px) 100vw, 740px\" \/><\/div><a class=\"wp-block-latest-posts__post-title\" href=\"https:\/\/pans.krosno.pl\/kola-naukowe\/posesjowka-2020\/\">Posesj\u00f3wka 2020<\/a><time datetime=\"2020-02-24T19:16:00+01:00\" class=\"wp-block-latest-posts__post-date\">24 lutego 2020<\/time><div class=\"wp-block-latest-posts__post-excerpt\">Rada Samorz\u0105du Studenckiego &amp; Club Wyszynk MEGA integracja student\u00f3w w Pub &amp; Club Wyszynk w ramach imprezy &#8222;Studencka Posesj\u00f3wka&#8221;. Czy sesja by\u0142a pozytywna, czy nie, zawsze jest co \u015bwi\u0119towa\u0107 \u2757 Imprez\u0119 rozkr\u0119ca\u0107 b\u0119dzie Dj Barti. Na wydarzenie zapraszamy w pi\u0105tek, 6 marca od godziny 21:00. Zarezerwuj lo\u017c\u0119 731 846 556 [\u2026] <div class=\"clear\"><\/div><a class=\"more_link clearfix\" href=\"https:\/\/pans.krosno.pl\/kola-naukowe\/posesjowka-2020\/\" rel=\"nofollow\">Read More<\/a><\/div><\/li>\n<li><div class=\"wp-block-latest-posts__featured-image alignleft\"><img loading=\"lazy\" decoding=\"async\" width=\"740\" height=\"387\" src=\"https:\/\/pans.krosno.pl\/kola-naukowe\/wp-content\/uploads\/sites\/48\/2020\/05\/79029380_464074234245984_8250212016145301504_o-1024x536.jpg\" class=\"attachment-large size-large wp-post-image\" alt=\"\" style=\"\" srcset=\"https:\/\/pans.krosno.pl\/kola-naukowe\/wp-content\/uploads\/sites\/48\/2020\/05\/79029380_464074234245984_8250212016145301504_o-1024x536.jpg 1024w, https:\/\/pans.krosno.pl\/kola-naukowe\/wp-content\/uploads\/sites\/48\/2020\/05\/79029380_464074234245984_8250212016145301504_o-300x157.jpg 300w, https:\/\/pans.krosno.pl\/kola-naukowe\/wp-content\/uploads\/sites\/48\/2020\/05\/79029380_464074234245984_8250212016145301504_o-768x402.jpg 768w, https:\/\/pans.krosno.pl\/kola-naukowe\/wp-content\/uploads\/sites\/48\/2020\/05\/79029380_464074234245984_8250212016145301504_o-1536x804.jpg 1536w, https:\/\/pans.krosno.pl\/kola-naukowe\/wp-content\/uploads\/sites\/48\/2020\/05\/79029380_464074234245984_8250212016145301504_o-800x419.jpg 800w, https:\/\/pans.krosno.pl\/kola-naukowe\/wp-content\/uploads\/sites\/48\/2020\/05\/79029380_464074234245984_8250212016145301504_o-580x304.jpg 580w, https:\/\/pans.krosno.pl\/kola-naukowe\/wp-content\/uploads\/sites\/48\/2020\/05\/79029380_464074234245984_8250212016145301504_o.jpg 1920w\" sizes=\"auto, (max-width: 740px) 100vw, 740px\" \/><\/div><a class=\"wp-block-latest-posts__post-title\" href=\"https:\/\/pans.krosno.pl\/kola-naukowe\/studenckie-mikolajki-2019\/\">Studenckie Miko\u0142ajki 2019<\/a><time datetime=\"2019-11-18T12:40:00+01:00\" class=\"wp-block-latest-posts__post-date\">18 listopada 2019<\/time><div class=\"wp-block-latest-posts__post-excerpt\">Rada Samorz\u0105du Studenckiego &amp; Club Wyszynk Kto by\u0142 grzeczny dostanie r\u00f3zg\u0119, niegrzeczni dostan\u0105 prezent od naszego imprezowego Miko\u0142aja\u00a0\u00a0Wraz z Samorz\u0105dem Studenckim Pa\u0144stwowej Wy\u017cszej Szko\u0142y Zawodowej w Kro\u015bnie zapraszamy w pi\u0105tek, 6 grudnia na Studenckie Miko\u0142ajki w\u00a0Pub &amp; Club Wyszynk. Przygotowali\u015bmy worek pe\u0142en prezent\u00f3w\u00a0\u00a0Imprez\u0119 rozkr\u0119ci nasz\u00a0\u00a0rezydent Dj K.J. Gramy najlepsz\u0105 muz\u0119 [\u2026] <div class=\"clear\"><\/div><a class=\"more_link clearfix\" href=\"https:\/\/pans.krosno.pl\/kola-naukowe\/studenckie-mikolajki-2019\/\" rel=\"nofollow\">Read More<\/a><\/div><\/li>\n<li><div class=\"wp-block-latest-posts__featured-image alignleft\"><img loading=\"lazy\" decoding=\"async\" width=\"740\" height=\"416\" src=\"https:\/\/pans.krosno.pl\/kola-naukowe\/wp-content\/uploads\/sites\/48\/2020\/05\/75442933_448834505769957_413776870123765760_o-1024x576.jpg\" class=\"attachment-large size-large wp-post-image\" alt=\"\" style=\"\" srcset=\"https:\/\/pans.krosno.pl\/kola-naukowe\/wp-content\/uploads\/sites\/48\/2020\/05\/75442933_448834505769957_413776870123765760_o-1024x576.jpg 1024w, https:\/\/pans.krosno.pl\/kola-naukowe\/wp-content\/uploads\/sites\/48\/2020\/05\/75442933_448834505769957_413776870123765760_o-300x169.jpg 300w, https:\/\/pans.krosno.pl\/kola-naukowe\/wp-content\/uploads\/sites\/48\/2020\/05\/75442933_448834505769957_413776870123765760_o-768x432.jpg 768w, https:\/\/pans.krosno.pl\/kola-naukowe\/wp-content\/uploads\/sites\/48\/2020\/05\/75442933_448834505769957_413776870123765760_o-1536x864.jpg 1536w, https:\/\/pans.krosno.pl\/kola-naukowe\/wp-content\/uploads\/sites\/48\/2020\/05\/75442933_448834505769957_413776870123765760_o-800x450.jpg 800w, https:\/\/pans.krosno.pl\/kola-naukowe\/wp-content\/uploads\/sites\/48\/2020\/05\/75442933_448834505769957_413776870123765760_o-270x152.jpg 270w, https:\/\/pans.krosno.pl\/kola-naukowe\/wp-content\/uploads\/sites\/48\/2020\/05\/75442933_448834505769957_413776870123765760_o-580x326.jpg 580w, https:\/\/pans.krosno.pl\/kola-naukowe\/wp-content\/uploads\/sites\/48\/2020\/05\/75442933_448834505769957_413776870123765760_o.jpg 1920w\" sizes=\"auto, (max-width: 740px) 100vw, 740px\" \/><\/div><a class=\"wp-block-latest-posts__post-title\" href=\"https:\/\/pans.krosno.pl\/kola-naukowe\/studenckie-andrzejki-2019\/\">Studenckie Andrzejki 2019<\/a><time datetime=\"2019-11-10T18:13:00+01:00\" class=\"wp-block-latest-posts__post-date\">10 listopada 2019<\/time><div class=\"wp-block-latest-posts__post-excerpt\">Rada Samorz\u0105du Studenckiego &amp; Club Wyszynk Tej nocy w Kro\u015bnie rz\u0105dz\u0105 g\u0142\u00f3wnie studenci &#8211; ale nie tylko, bo wbi\u0107 na imprez\u0119 powinien ka\u017cdy, kto lubi dobr\u0105 zabaw\u0119\u00a0\u00a0Po mega udanej imprezie Otrz\u0119sinowej i Halloween Pub &amp; Club Wyszynk oraz Samorz\u0105d Studencki PWSZ Krosno ma zaszczyt zaprosi\u0107 Was na Studenckie Andrzejki Krosna\u00a0\u00a0Ekskluzywny [\u2026] <div class=\"clear\"><\/div><a class=\"more_link clearfix\" href=\"https:\/\/pans.krosno.pl\/kola-naukowe\/studenckie-andrzejki-2019\/\" rel=\"nofollow\">Read More<\/a><\/div><\/li>\n<li><div class=\"wp-block-latest-posts__featured-image alignleft\"><img loading=\"lazy\" decoding=\"async\" width=\"740\" height=\"468\" src=\"https:\/\/pans.krosno.pl\/kola-naukowe\/wp-content\/uploads\/sites\/48\/2020\/05\/Purple-Typographic-Promo-Announcement-Poster-e1590857838253-1024x648.png\" class=\"attachment-large size-large wp-post-image\" alt=\"\" style=\"\" srcset=\"https:\/\/pans.krosno.pl\/kola-naukowe\/wp-content\/uploads\/sites\/48\/2020\/05\/Purple-Typographic-Promo-Announcement-Poster-e1590857838253-1024x648.png 1024w, https:\/\/pans.krosno.pl\/kola-naukowe\/wp-content\/uploads\/sites\/48\/2020\/05\/Purple-Typographic-Promo-Announcement-Poster-e1590857838253-300x190.png 300w, https:\/\/pans.krosno.pl\/kola-naukowe\/wp-content\/uploads\/sites\/48\/2020\/05\/Purple-Typographic-Promo-Announcement-Poster-e1590857838253-768x486.png 768w, https:\/\/pans.krosno.pl\/kola-naukowe\/wp-content\/uploads\/sites\/48\/2020\/05\/Purple-Typographic-Promo-Announcement-Poster-e1590857838253-1536x972.png 1536w, https:\/\/pans.krosno.pl\/kola-naukowe\/wp-content\/uploads\/sites\/48\/2020\/05\/Purple-Typographic-Promo-Announcement-Poster-e1590857838253-800x506.png 800w, https:\/\/pans.krosno.pl\/kola-naukowe\/wp-content\/uploads\/sites\/48\/2020\/05\/Purple-Typographic-Promo-Announcement-Poster-e1590857838253-580x367.png 580w, https:\/\/pans.krosno.pl\/kola-naukowe\/wp-content\/uploads\/sites\/48\/2020\/05\/Purple-Typographic-Promo-Announcement-Poster-e1590857838253.png 1587w\" sizes=\"auto, (max-width: 740px) 100vw, 740px\" \/><\/div><a class=\"wp-block-latest-posts__post-title\" href=\"https:\/\/pans.krosno.pl\/kola-naukowe\/studenckie-otrzesiny-2019\/\">Studenckie Otrz\u0119siny 2019<\/a><time datetime=\"2019-10-10T18:30:37+02:00\" class=\"wp-block-latest-posts__post-date\">10 pa\u017adziernika 2019<\/time><div class=\"wp-block-latest-posts__post-excerpt\">Rada Samorz\u0105du Studenckiego &amp; Club Wyszynk Szykujemy specjalnie dla Was najgrubsz\u0105\u00a0\u00a0imprez\u0119 sezonu &#8211; 18 pa\u017adziernika (pi\u0105tek) na dobry pocz\u0105tek roku akademickiego\u00a0\u00a0Bawimy si\u0119 w centrum miasta w\u00a0Club Wyszynk\u00a0(Krosno, ul. Okrzei 1). Setki\u00a0\u00a0student\u00f3w, najlepsza\u00a0\u00a0muzyka, wyj\u0105tkowe atrakcje i przede wszystkim &#8211; Studenckie Otrz\u0119siny Krosna i Wielka Studencka Integracja\u00a0\u00a0Bawimy si\u0119 w muzyce lat &#8217;90.\u00a0\u00a0Czekaj\u0105 [\u2026] <div class=\"clear\"><\/div><a class=\"more_link clearfix\" href=\"https:\/\/pans.krosno.pl\/kola-naukowe\/studenckie-otrzesiny-2019\/\" rel=\"nofollow\">Read More<\/a><\/div><\/li>\n<li><div class=\"wp-block-latest-posts__featured-image alignleft\"><img loading=\"lazy\" decoding=\"async\" width=\"740\" height=\"416\" src=\"https:\/\/pans.krosno.pl\/kola-naukowe\/wp-content\/uploads\/sites\/48\/2020\/05\/61895005_356376861682389_8737630030454063104_o-1024x576.jpg\" class=\"attachment-large size-large wp-post-image\" alt=\"\" style=\"\" srcset=\"https:\/\/pans.krosno.pl\/kola-naukowe\/wp-content\/uploads\/sites\/48\/2020\/05\/61895005_356376861682389_8737630030454063104_o-1024x576.jpg 1024w, https:\/\/pans.krosno.pl\/kola-naukowe\/wp-content\/uploads\/sites\/48\/2020\/05\/61895005_356376861682389_8737630030454063104_o-300x169.jpg 300w, https:\/\/pans.krosno.pl\/kola-naukowe\/wp-content\/uploads\/sites\/48\/2020\/05\/61895005_356376861682389_8737630030454063104_o-768x432.jpg 768w, https:\/\/pans.krosno.pl\/kola-naukowe\/wp-content\/uploads\/sites\/48\/2020\/05\/61895005_356376861682389_8737630030454063104_o-1536x864.jpg 1536w, https:\/\/pans.krosno.pl\/kola-naukowe\/wp-content\/uploads\/sites\/48\/2020\/05\/61895005_356376861682389_8737630030454063104_o-800x450.jpg 800w, https:\/\/pans.krosno.pl\/kola-naukowe\/wp-content\/uploads\/sites\/48\/2020\/05\/61895005_356376861682389_8737630030454063104_o-270x152.jpg 270w, https:\/\/pans.krosno.pl\/kola-naukowe\/wp-content\/uploads\/sites\/48\/2020\/05\/61895005_356376861682389_8737630030454063104_o-580x326.jpg 580w, https:\/\/pans.krosno.pl\/kola-naukowe\/wp-content\/uploads\/sites\/48\/2020\/05\/61895005_356376861682389_8737630030454063104_o.jpg 1920w\" sizes=\"auto, (max-width: 740px) 100vw, 740px\" \/><\/div><a class=\"wp-block-latest-posts__post-title\" href=\"https:\/\/pans.krosno.pl\/kola-naukowe\/juwenaliowe-after-party-2019\/\">Juwenaliowe After Party 2019<\/a><time datetime=\"2019-05-10T16:41:00+02:00\" class=\"wp-block-latest-posts__post-date\">10 maja 2019<\/time><div class=\"wp-block-latest-posts__post-excerpt\">Rada Samorz\u0105du Studenckiego &amp; Club Wyszynk Samorz\u0105d Studencki kro\u015bnie\u0144skiej PWSZ oraz\u00a0Club Wyszynk\u00a0(ul. Okrzei 1) zapraszaj\u0105 na &#8222;Juwenaliowe After Party&#8221;. Impreza jest otwarta. Zaczynamy tradycyjnie o godzinie 21:00, gramy do 3:00. Nasza imprezowa kuchnia czynna jest do p\u00f3\u0142nocy. Przygotowali\u015bmy promocje dla student\u00f3w oraz rabaty na barze dla Wszystkich. Imprez\u0119 poprowadzi DJ [\u2026] <div class=\"clear\"><\/div><a class=\"more_link clearfix\" href=\"https:\/\/pans.krosno.pl\/kola-naukowe\/juwenaliowe-after-party-2019\/\" rel=\"nofollow\">Read More<\/a><\/div><\/li>\n<\/ul>\n\n\n<hr class=\"wp-block-separator is-style-default\" \/>\n\n\n\n<h1 class=\"wp-block-heading\">GALERIA<\/h1>\n\n\n\n<hr class=\"wp-block-separator is-style-default\" \/>\n\n\n\nngg_shortcode_0_placeholder\n\n\n\n<hr class=\"wp-block-separator is-style-default\" \/>\n","protected":false},"excerpt":{"rendered":"<p>GALERIA<\/p>\n","protected":false},"author":27,"featured_media":0,"parent":0,"menu_order":0,"comment_status":"closed","ping_status":"closed","template":"page-templates\/template-full-width.php","meta":{"ngg_post_thumbnail":0,"footnotes":""},"class_list":["post-417","page","type-page","status-publish","hentry"],"yoast_head":"<!-- This site is optimized with the Yoast SEO Premium plugin v27.3 (Yoast SEO v27.3) - https:\/\/yoast.com\/product\/yoast-seo-premium-wordpress\/ -->\n<title>Imprezy Studenckie - Studenckie Ko\u0142a Naukowe PANS w Kro\u015bnie<\/title>\n<meta name=\"robots\" content=\"index, follow, max-snippet:-1, max-image-preview:large, max-video-preview:-1\" \/>\n<link rel=\"canonical\" href=\"https:\/\/pans.krosno.pl\/kola-naukowe\/imprezy-studenckie\/\" \/>\n<meta property=\"og:locale\" content=\"pl_PL\" \/>\n<meta property=\"og:type\" content=\"article\" \/>\n<meta property=\"og:title\" content=\"Imprezy Studenckie\" \/>\n<meta property=\"og:description\" content=\"GALERIA\" \/>\n<meta property=\"og:url\" content=\"https:\/\/pans.krosno.pl\/kola-naukowe\/imprezy-studenckie\/\" \/>\n<meta property=\"og:site_name\" content=\"Studenckie Ko\u0142a Naukowe PANS w Kro\u015bnie\" \/>\n<meta property=\"article:modified_time\" content=\"2020-05-30T17:48:10+00:00\" \/>\n<meta name=\"twitter:card\" content=\"summary_large_image\" \/>\n<script type=\"application\/ld+json\" class=\"yoast-schema-graph\">{\"@context\":\"https:\\\/\\\/schema.org\",\"@graph\":[{\"@type\":\"WebPage\",\"@id\":\"https:\\\/\\\/pans.krosno.pl\\\/kola-naukowe\\\/imprezy-studenckie\\\/\",\"url\":\"https:\\\/\\\/pans.krosno.pl\\\/kola-naukowe\\\/imprezy-studenckie\\\/\",\"name\":\"Imprezy Studenckie - Studenckie Ko\u0142a Naukowe PANS w Kro\u015bnie\",\"isPartOf\":{\"@id\":\"https:\\\/\\\/pans.krosno.pl\\\/kola-naukowe\\\/#website\"},\"datePublished\":\"2020-05-12T08:04:43+00:00\",\"dateModified\":\"2020-05-30T17:48:10+00:00\",\"breadcrumb\":{\"@id\":\"https:\\\/\\\/pans.krosno.pl\\\/kola-naukowe\\\/imprezy-studenckie\\\/#breadcrumb\"},\"inLanguage\":\"pl-PL\",\"potentialAction\":[{\"@type\":\"ReadAction\",\"target\":[\"https:\\\/\\\/pans.krosno.pl\\\/kola-naukowe\\\/imprezy-studenckie\\\/\"]}]},{\"@type\":\"BreadcrumbList\",\"@id\":\"https:\\\/\\\/pans.krosno.pl\\\/kola-naukowe\\\/imprezy-studenckie\\\/#breadcrumb\",\"itemListElement\":[{\"@type\":\"ListItem\",\"position\":1,\"name\":\"Strona g\u0142\u00f3wna\",\"item\":\"https:\\\/\\\/pans.krosno.pl\\\/kola-naukowe\\\/\"},{\"@type\":\"ListItem\",\"position\":2,\"name\":\"Imprezy Studenckie\"}]},{\"@type\":\"WebSite\",\"@id\":\"https:\\\/\\\/pans.krosno.pl\\\/kola-naukowe\\\/#website\",\"url\":\"https:\\\/\\\/pans.krosno.pl\\\/kola-naukowe\\\/\",\"name\":\"Studenckie Ko\u0142a Naukowe PANS w Kro\u015bnie\",\"description\":\"Studenckie Ko\u0142a Naukowe - Pa\u0144stwowa Akademia Nauk Stosowanych\",\"publisher\":{\"@id\":\"https:\\\/\\\/pans.krosno.pl\\\/kola-naukowe\\\/#organization\"},\"potentialAction\":[{\"@type\":\"SearchAction\",\"target\":{\"@type\":\"EntryPoint\",\"urlTemplate\":\"https:\\\/\\\/pans.krosno.pl\\\/kola-naukowe\\\/?s={search_term_string}\"},\"query-input\":{\"@type\":\"PropertyValueSpecification\",\"valueRequired\":true,\"valueName\":\"search_term_string\"}}],\"inLanguage\":\"pl-PL\"},{\"@type\":\"Organization\",\"@id\":\"https:\\\/\\\/pans.krosno.pl\\\/kola-naukowe\\\/#organization\",\"name\":\"Studenckie Ko\u0142a Naukowe PANS w Kro\u015bnie\",\"url\":\"https:\\\/\\\/pans.krosno.pl\\\/kola-naukowe\\\/\",\"logo\":{\"@type\":\"ImageObject\",\"inLanguage\":\"pl-PL\",\"@id\":\"https:\\\/\\\/pans.krosno.pl\\\/kola-naukowe\\\/#\\\/schema\\\/logo\\\/image\\\/\",\"url\":\"https:\\\/\\\/pans.krosno.pl\\\/kola-naukowe\\\/wp-content\\\/uploads\\\/sites\\\/48\\\/2023\\\/01\\\/Logo-PANS-2022-pelne.png\",\"contentUrl\":\"https:\\\/\\\/pans.krosno.pl\\\/kola-naukowe\\\/wp-content\\\/uploads\\\/sites\\\/48\\\/2023\\\/01\\\/Logo-PANS-2022-pelne.png\",\"width\":3096,\"height\":696,\"caption\":\"Studenckie Ko\u0142a Naukowe PANS w Kro\u015bnie\"},\"image\":{\"@id\":\"https:\\\/\\\/pans.krosno.pl\\\/kola-naukowe\\\/#\\\/schema\\\/logo\\\/image\\\/\"}}]}<\/script>\n<!-- \/ Yoast SEO Premium plugin. -->","yoast_head_json":{"title":"Imprezy Studenckie - Studenckie Ko\u0142a Naukowe PANS w Kro\u015bnie","robots":{"index":"index","follow":"follow","max-snippet":"max-snippet:-1","max-image-preview":"max-image-preview:large","max-video-preview":"max-video-preview:-1"},"canonical":"https:\/\/pans.krosno.pl\/kola-naukowe\/imprezy-studenckie\/","og_locale":"pl_PL","og_type":"article","og_title":"Imprezy Studenckie","og_description":"GALERIA","og_url":"https:\/\/pans.krosno.pl\/kola-naukowe\/imprezy-studenckie\/","og_site_name":"Studenckie Ko\u0142a Naukowe PANS w Kro\u015bnie","article_modified_time":"2020-05-30T17:48:10+00:00","twitter_card":"summary_large_image","schema":{"@context":"https:\/\/schema.org","@graph":[{"@type":"WebPage","@id":"https:\/\/pans.krosno.pl\/kola-naukowe\/imprezy-studenckie\/","url":"https:\/\/pans.krosno.pl\/kola-naukowe\/imprezy-studenckie\/","name":"Imprezy Studenckie - Studenckie Ko\u0142a Naukowe PANS w Kro\u015bnie","isPartOf":{"@id":"https:\/\/pans.krosno.pl\/kola-naukowe\/#website"},"datePublished":"2020-05-12T08:04:43+00:00","dateModified":"2020-05-30T17:48:10+00:00","breadcrumb":{"@id":"https:\/\/pans.krosno.pl\/kola-naukowe\/imprezy-studenckie\/#breadcrumb"},"inLanguage":"pl-PL","potentialAction":[{"@type":"ReadAction","target":["https:\/\/pans.krosno.pl\/kola-naukowe\/imprezy-studenckie\/"]}]},{"@type":"BreadcrumbList","@id":"https:\/\/pans.krosno.pl\/kola-naukowe\/imprezy-studenckie\/#breadcrumb","itemListElement":[{"@type":"ListItem","position":1,"name":"Strona g\u0142\u00f3wna","item":"https:\/\/pans.krosno.pl\/kola-naukowe\/"},{"@type":"ListItem","position":2,"name":"Imprezy Studenckie"}]},{"@type":"WebSite","@id":"https:\/\/pans.krosno.pl\/kola-naukowe\/#website","url":"https:\/\/pans.krosno.pl\/kola-naukowe\/","name":"Studenckie Ko\u0142a Naukowe PANS w Kro\u015bnie","description":"Studenckie Ko\u0142a Naukowe - Pa\u0144stwowa Akademia Nauk Stosowanych","publisher":{"@id":"https:\/\/pans.krosno.pl\/kola-naukowe\/#organization"},"potentialAction":[{"@type":"SearchAction","target":{"@type":"EntryPoint","urlTemplate":"https:\/\/pans.krosno.pl\/kola-naukowe\/?s={search_term_string}"},"query-input":{"@type":"PropertyValueSpecification","valueRequired":true,"valueName":"search_term_string"}}],"inLanguage":"pl-PL"},{"@type":"Organization","@id":"https:\/\/pans.krosno.pl\/kola-naukowe\/#organization","name":"Studenckie Ko\u0142a Naukowe PANS w Kro\u015bnie","url":"https:\/\/pans.krosno.pl\/kola-naukowe\/","logo":{"@type":"ImageObject","inLanguage":"pl-PL","@id":"https:\/\/pans.krosno.pl\/kola-naukowe\/#\/schema\/logo\/image\/","url":"https:\/\/pans.krosno.pl\/kola-naukowe\/wp-content\/uploads\/sites\/48\/2023\/01\/Logo-PANS-2022-pelne.png","contentUrl":"https:\/\/pans.krosno.pl\/kola-naukowe\/wp-content\/uploads\/sites\/48\/2023\/01\/Logo-PANS-2022-pelne.png","width":3096,"height":696,"caption":"Studenckie Ko\u0142a Naukowe PANS w Kro\u015bnie"},"image":{"@id":"https:\/\/pans.krosno.pl\/kola-naukowe\/#\/schema\/logo\/image\/"}}]}},"_links":{"self":[{"href":"https:\/\/pans.krosno.pl\/kola-naukowe\/wp-json\/wp\/v2\/pages\/417","targetHints":{"allow":["GET"]}}],"collection":[{"href":"https:\/\/pans.krosno.pl\/kola-naukowe\/wp-json\/wp\/v2\/pages"}],"about":[{"href":"https:\/\/pans.krosno.pl\/kola-naukowe\/wp-json\/wp\/v2\/types\/page"}],"author":[{"embeddable":true,"href":"https:\/\/pans.krosno.pl\/kola-naukowe\/wp-json\/wp\/v2\/users\/27"}],"replies":[{"embeddable":true,"href":"https:\/\/pans.krosno.pl\/kola-naukowe\/wp-json\/wp\/v2\/comments?post=417"}],"version-history":[{"count":23,"href":"https:\/\/pans.krosno.pl\/kola-naukowe\/wp-json\/wp\/v2\/pages\/417\/revisions"}],"predecessor-version":[{"id":7461,"href":"https:\/\/pans.krosno.pl\/kola-naukowe\/wp-json\/wp\/v2\/pages\/417\/revisions\/7461"}],"wp:attachment":[{"href":"https:\/\/pans.krosno.pl\/kola-naukowe\/wp-json\/wp\/v2\/media?parent=417"}],"curies":[{"name":"wp","href":"https:\/\/api.w.org\/{rel}","templated":true}]}}