{"id":4073,"date":"2021-05-04T10:25:07","date_gmt":"2021-05-04T08:25:07","guid":{"rendered":"https:\/\/pans.krosno.pl\/kola-naukowe\/?page_id=4073"},"modified":"2021-05-04T10:29:56","modified_gmt":"2021-05-04T08:29:56","slug":"kolo-naukowe-turystyczno-geograficzne-dzialalnosc-kola","status":"publish","type":"page","link":"https:\/\/pans.krosno.pl\/kola-naukowe\/kolo-naukowe-turystyczno-geograficzne\/kolo-naukowe-turystyczno-geograficzne-dzialalnosc-kola\/","title":{"rendered":"Ko\u0142o naukowe Turystyczno-Geograficzne &#8211; Dzia\u0142alno\u015b\u0107 ko\u0142a"},"content":{"rendered":"","protected":false},"excerpt":{"rendered":"","protected":false},"author":27,"featured_media":0,"parent":4066,"menu_order":0,"comment_status":"closed","ping_status":"closed","template":"page-templates\/template-full-width.php","meta":{"ngg_post_thumbnail":0,"footnotes":""},"class_list":["post-4073","page","type-page","status-publish","hentry"],"yoast_head":"<!-- This site is optimized with the Yoast SEO Premium plugin v27.3 (Yoast SEO v27.3) - https:\/\/yoast.com\/product\/yoast-seo-premium-wordpress\/ -->\n<title>Ko\u0142o naukowe Turystyczno-Geograficzne - Dzia\u0142alno\u015b\u0107 ko\u0142a - Studenckie Ko\u0142a Naukowe PANS w Kro\u015bnie<\/title>\n<meta name=\"robots\" content=\"index, follow, max-snippet:-1, max-image-preview:large, max-video-preview:-1\" \/>\n<link rel=\"canonical\" href=\"https:\/\/pans.krosno.pl\/kola-naukowe\/kolo-naukowe-turystyczno-geograficzne\/kolo-naukowe-turystyczno-geograficzne-dzialalnosc-kola\/\" \/>\n<meta property=\"og:locale\" content=\"pl_PL\" \/>\n<meta property=\"og:type\" content=\"article\" \/>\n<meta property=\"og:title\" content=\"Ko\u0142o naukowe Turystyczno-Geograficzne - Dzia\u0142alno\u015b\u0107 ko\u0142a\" \/>\n<meta property=\"og:url\" content=\"https:\/\/pans.krosno.pl\/kola-naukowe\/kolo-naukowe-turystyczno-geograficzne\/kolo-naukowe-turystyczno-geograficzne-dzialalnosc-kola\/\" \/>\n<meta property=\"og:site_name\" content=\"Studenckie Ko\u0142a Naukowe PANS w Kro\u015bnie\" \/>\n<meta property=\"article:modified_time\" content=\"2021-05-04T08:29:56+00:00\" \/>\n<meta name=\"twitter:card\" content=\"summary_large_image\" \/>\n<script type=\"application\/ld+json\" class=\"yoast-schema-graph\">{\"@context\":\"https:\\\/\\\/schema.org\",\"@graph\":[{\"@type\":\"WebPage\",\"@id\":\"https:\\\/\\\/pans.krosno.pl\\\/kola-naukowe\\\/kolo-naukowe-turystyczno-geograficzne\\\/kolo-naukowe-turystyczno-geograficzne-dzialalnosc-kola\\\/\",\"url\":\"https:\\\/\\\/pans.krosno.pl\\\/kola-naukowe\\\/kolo-naukowe-turystyczno-geograficzne\\\/kolo-naukowe-turystyczno-geograficzne-dzialalnosc-kola\\\/\",\"name\":\"Ko\u0142o naukowe Turystyczno-Geograficzne - Dzia\u0142alno\u015b\u0107 ko\u0142a - Studenckie Ko\u0142a Naukowe PANS w Kro\u015bnie\",\"isPartOf\":{\"@id\":\"https:\\\/\\\/pans.krosno.pl\\\/kola-naukowe\\\/#website\"},\"datePublished\":\"2021-05-04T08:25:07+00:00\",\"dateModified\":\"2021-05-04T08:29:56+00:00\",\"breadcrumb\":{\"@id\":\"https:\\\/\\\/pans.krosno.pl\\\/kola-naukowe\\\/kolo-naukowe-turystyczno-geograficzne\\\/kolo-naukowe-turystyczno-geograficzne-dzialalnosc-kola\\\/#breadcrumb\"},\"inLanguage\":\"pl-PL\",\"potentialAction\":[{\"@type\":\"ReadAction\",\"target\":[\"https:\\\/\\\/pans.krosno.pl\\\/kola-naukowe\\\/kolo-naukowe-turystyczno-geograficzne\\\/kolo-naukowe-turystyczno-geograficzne-dzialalnosc-kola\\\/\"]}]},{\"@type\":\"BreadcrumbList\",\"@id\":\"https:\\\/\\\/pans.krosno.pl\\\/kola-naukowe\\\/kolo-naukowe-turystyczno-geograficzne\\\/kolo-naukowe-turystyczno-geograficzne-dzialalnosc-kola\\\/#breadcrumb\",\"itemListElement\":[{\"@type\":\"ListItem\",\"position\":1,\"name\":\"Strona g\u0142\u00f3wna\",\"item\":\"https:\\\/\\\/pans.krosno.pl\\\/kola-naukowe\\\/\"},{\"@type\":\"ListItem\",\"position\":2,\"name\":\"Ko\u0142o Naukowe Turystyczno-Geograficzne\",\"item\":\"https:\\\/\\\/pans.krosno.pl\\\/kola-naukowe\\\/kolo-naukowe-turystyczno-geograficzne\\\/\"},{\"@type\":\"ListItem\",\"position\":3,\"name\":\"Ko\u0142o naukowe Turystyczno-Geograficzne &#8211; Dzia\u0142alno\u015b\u0107 ko\u0142a\"}]},{\"@type\":\"WebSite\",\"@id\":\"https:\\\/\\\/pans.krosno.pl\\\/kola-naukowe\\\/#website\",\"url\":\"https:\\\/\\\/pans.krosno.pl\\\/kola-naukowe\\\/\",\"name\":\"Studenckie Ko\u0142a Naukowe PANS w Kro\u015bnie\",\"description\":\"Studenckie Ko\u0142a Naukowe - Pa\u0144stwowa Akademia Nauk Stosowanych\",\"publisher\":{\"@id\":\"https:\\\/\\\/pans.krosno.pl\\\/kola-naukowe\\\/#organization\"},\"potentialAction\":[{\"@type\":\"SearchAction\",\"target\":{\"@type\":\"EntryPoint\",\"urlTemplate\":\"https:\\\/\\\/pans.krosno.pl\\\/kola-naukowe\\\/?s={search_term_string}\"},\"query-input\":{\"@type\":\"PropertyValueSpecification\",\"valueRequired\":true,\"valueName\":\"search_term_string\"}}],\"inLanguage\":\"pl-PL\"},{\"@type\":\"Organization\",\"@id\":\"https:\\\/\\\/pans.krosno.pl\\\/kola-naukowe\\\/#organization\",\"name\":\"Studenckie Ko\u0142a Naukowe PANS w Kro\u015bnie\",\"url\":\"https:\\\/\\\/pans.krosno.pl\\\/kola-naukowe\\\/\",\"logo\":{\"@type\":\"ImageObject\",\"inLanguage\":\"pl-PL\",\"@id\":\"https:\\\/\\\/pans.krosno.pl\\\/kola-naukowe\\\/#\\\/schema\\\/logo\\\/image\\\/\",\"url\":\"https:\\\/\\\/pans.krosno.pl\\\/kola-naukowe\\\/wp-content\\\/uploads\\\/sites\\\/48\\\/2023\\\/01\\\/Logo-PANS-2022-pelne.png\",\"contentUrl\":\"https:\\\/\\\/pans.krosno.pl\\\/kola-naukowe\\\/wp-content\\\/uploads\\\/sites\\\/48\\\/2023\\\/01\\\/Logo-PANS-2022-pelne.png\",\"width\":3096,\"height\":696,\"caption\":\"Studenckie Ko\u0142a Naukowe PANS w Kro\u015bnie\"},\"image\":{\"@id\":\"https:\\\/\\\/pans.krosno.pl\\\/kola-naukowe\\\/#\\\/schema\\\/logo\\\/image\\\/\"}}]}<\/script>\n<!-- \/ Yoast SEO Premium plugin. -->","yoast_head_json":{"title":"Ko\u0142o naukowe Turystyczno-Geograficzne - Dzia\u0142alno\u015b\u0107 ko\u0142a - Studenckie Ko\u0142a Naukowe PANS w Kro\u015bnie","robots":{"index":"index","follow":"follow","max-snippet":"max-snippet:-1","max-image-preview":"max-image-preview:large","max-video-preview":"max-video-preview:-1"},"canonical":"https:\/\/pans.krosno.pl\/kola-naukowe\/kolo-naukowe-turystyczno-geograficzne\/kolo-naukowe-turystyczno-geograficzne-dzialalnosc-kola\/","og_locale":"pl_PL","og_type":"article","og_title":"Ko\u0142o naukowe Turystyczno-Geograficzne - Dzia\u0142alno\u015b\u0107 ko\u0142a","og_url":"https:\/\/pans.krosno.pl\/kola-naukowe\/kolo-naukowe-turystyczno-geograficzne\/kolo-naukowe-turystyczno-geograficzne-dzialalnosc-kola\/","og_site_name":"Studenckie Ko\u0142a Naukowe PANS w Kro\u015bnie","article_modified_time":"2021-05-04T08:29:56+00:00","twitter_card":"summary_large_image","schema":{"@context":"https:\/\/schema.org","@graph":[{"@type":"WebPage","@id":"https:\/\/pans.krosno.pl\/kola-naukowe\/kolo-naukowe-turystyczno-geograficzne\/kolo-naukowe-turystyczno-geograficzne-dzialalnosc-kola\/","url":"https:\/\/pans.krosno.pl\/kola-naukowe\/kolo-naukowe-turystyczno-geograficzne\/kolo-naukowe-turystyczno-geograficzne-dzialalnosc-kola\/","name":"Ko\u0142o naukowe Turystyczno-Geograficzne - Dzia\u0142alno\u015b\u0107 ko\u0142a - Studenckie Ko\u0142a Naukowe PANS w Kro\u015bnie","isPartOf":{"@id":"https:\/\/pans.krosno.pl\/kola-naukowe\/#website"},"datePublished":"2021-05-04T08:25:07+00:00","dateModified":"2021-05-04T08:29:56+00:00","breadcrumb":{"@id":"https:\/\/pans.krosno.pl\/kola-naukowe\/kolo-naukowe-turystyczno-geograficzne\/kolo-naukowe-turystyczno-geograficzne-dzialalnosc-kola\/#breadcrumb"},"inLanguage":"pl-PL","potentialAction":[{"@type":"ReadAction","target":["https:\/\/pans.krosno.pl\/kola-naukowe\/kolo-naukowe-turystyczno-geograficzne\/kolo-naukowe-turystyczno-geograficzne-dzialalnosc-kola\/"]}]},{"@type":"BreadcrumbList","@id":"https:\/\/pans.krosno.pl\/kola-naukowe\/kolo-naukowe-turystyczno-geograficzne\/kolo-naukowe-turystyczno-geograficzne-dzialalnosc-kola\/#breadcrumb","itemListElement":[{"@type":"ListItem","position":1,"name":"Strona g\u0142\u00f3wna","item":"https:\/\/pans.krosno.pl\/kola-naukowe\/"},{"@type":"ListItem","position":2,"name":"Ko\u0142o Naukowe Turystyczno-Geograficzne","item":"https:\/\/pans.krosno.pl\/kola-naukowe\/kolo-naukowe-turystyczno-geograficzne\/"},{"@type":"ListItem","position":3,"name":"Ko\u0142o naukowe Turystyczno-Geograficzne &#8211; Dzia\u0142alno\u015b\u0107 ko\u0142a"}]},{"@type":"WebSite","@id":"https:\/\/pans.krosno.pl\/kola-naukowe\/#website","url":"https:\/\/pans.krosno.pl\/kola-naukowe\/","name":"Studenckie Ko\u0142a Naukowe PANS w Kro\u015bnie","description":"Studenckie Ko\u0142a Naukowe - Pa\u0144stwowa Akademia Nauk Stosowanych","publisher":{"@id":"https:\/\/pans.krosno.pl\/kola-naukowe\/#organization"},"potentialAction":[{"@type":"SearchAction","target":{"@type":"EntryPoint","urlTemplate":"https:\/\/pans.krosno.pl\/kola-naukowe\/?s={search_term_string}"},"query-input":{"@type":"PropertyValueSpecification","valueRequired":true,"valueName":"search_term_string"}}],"inLanguage":"pl-PL"},{"@type":"Organization","@id":"https:\/\/pans.krosno.pl\/kola-naukowe\/#organization","name":"Studenckie Ko\u0142a Naukowe PANS w Kro\u015bnie","url":"https:\/\/pans.krosno.pl\/kola-naukowe\/","logo":{"@type":"ImageObject","inLanguage":"pl-PL","@id":"https:\/\/pans.krosno.pl\/kola-naukowe\/#\/schema\/logo\/image\/","url":"https:\/\/pans.krosno.pl\/kola-naukowe\/wp-content\/uploads\/sites\/48\/2023\/01\/Logo-PANS-2022-pelne.png","contentUrl":"https:\/\/pans.krosno.pl\/kola-naukowe\/wp-content\/uploads\/sites\/48\/2023\/01\/Logo-PANS-2022-pelne.png","width":3096,"height":696,"caption":"Studenckie Ko\u0142a Naukowe PANS w Kro\u015bnie"},"image":{"@id":"https:\/\/pans.krosno.pl\/kola-naukowe\/#\/schema\/logo\/image\/"}}]}},"_links":{"self":[{"href":"https:\/\/pans.krosno.pl\/kola-naukowe\/wp-json\/wp\/v2\/pages\/4073","targetHints":{"allow":["GET"]}}],"collection":[{"href":"https:\/\/pans.krosno.pl\/kola-naukowe\/wp-json\/wp\/v2\/pages"}],"about":[{"href":"https:\/\/pans.krosno.pl\/kola-naukowe\/wp-json\/wp\/v2\/types\/page"}],"author":[{"embeddable":true,"href":"https:\/\/pans.krosno.pl\/kola-naukowe\/wp-json\/wp\/v2\/users\/27"}],"replies":[{"embeddable":true,"href":"https:\/\/pans.krosno.pl\/kola-naukowe\/wp-json\/wp\/v2\/comments?post=4073"}],"version-history":[{"count":1,"href":"https:\/\/pans.krosno.pl\/kola-naukowe\/wp-json\/wp\/v2\/pages\/4073\/revisions"}],"predecessor-version":[{"id":4074,"href":"https:\/\/pans.krosno.pl\/kola-naukowe\/wp-json\/wp\/v2\/pages\/4073\/revisions\/4074"}],"up":[{"embeddable":true,"href":"https:\/\/pans.krosno.pl\/kola-naukowe\/wp-json\/wp\/v2\/pages\/4066"}],"wp:attachment":[{"href":"https:\/\/pans.krosno.pl\/kola-naukowe\/wp-json\/wp\/v2\/media?parent=4073"}],"curies":[{"name":"wp","href":"https:\/\/api.w.org\/{rel}","templated":true}]}}