{"id":4014,"date":"2021-05-04T09:34:26","date_gmt":"2021-05-04T07:34:26","guid":{"rendered":"https:\/\/pans.krosno.pl\/kola-naukowe\/?page_id=4014"},"modified":"2024-12-17T11:38:28","modified_gmt":"2024-12-17T10:38:28","slug":"kolo-naukowe-anglistow-dzialalnosc-kola","status":"publish","type":"page","link":"https:\/\/pans.krosno.pl\/kola-naukowe\/kolo-naukowe-anglistow\/kolo-naukowe-anglistow-dzialalnosc-kola\/","title":{"rendered":"Ko\u0142o Naukowe Anglist\u00f3w  &#8211; Dzia\u0142alno\u015b\u0107 ko\u0142a"},"content":{"rendered":"\n<p>Dzie\u0144 szkocki 28 listopada 2024<\/p>\n\n\n\n<div class=\"wp-block-group is-content-justification-center is-nowrap is-layout-flex wp-container-core-group-is-layout-23441af8 wp-block-group-is-layout-flex\">\n<figure class=\"wp-block-image size-thumbnail\"><img loading=\"lazy\" decoding=\"async\" width=\"150\" height=\"150\" src=\"https:\/\/pans.krosno.pl\/kola-naukowe\/wp-content\/uploads\/sites\/48\/2024\/12\/IMG_8897-1-150x150.jpg\" alt=\"\" class=\"wp-image-7119\"\/><\/figure>\n\n\n\n<figure class=\"wp-block-image is-resized\"><img loading=\"lazy\" decoding=\"async\" width=\"225\" height=\"300\" src=\"https:\/\/pans.krosno.pl\/kola-naukowe\/wp-content\/uploads\/sites\/48\/2024\/12\/IMG_9018-225x300.jpg\" alt=\"\" class=\"wp-image-7113\" style=\"width:113px;height:auto\" srcset=\"https:\/\/pans.krosno.pl\/kola-naukowe\/wp-content\/uploads\/sites\/48\/2024\/12\/IMG_9018-225x300.jpg 225w, https:\/\/pans.krosno.pl\/kola-naukowe\/wp-content\/uploads\/sites\/48\/2024\/12\/IMG_9018-768x1024.jpg 768w, https:\/\/pans.krosno.pl\/kola-naukowe\/wp-content\/uploads\/sites\/48\/2024\/12\/IMG_9018-1152x1536.jpg 1152w, https:\/\/pans.krosno.pl\/kola-naukowe\/wp-content\/uploads\/sites\/48\/2024\/12\/IMG_9018-1536x2048.jpg 1536w, https:\/\/pans.krosno.pl\/kola-naukowe\/wp-content\/uploads\/sites\/48\/2024\/12\/IMG_9018-2000x2667.jpg 2000w, https:\/\/pans.krosno.pl\/kola-naukowe\/wp-content\/uploads\/sites\/48\/2024\/12\/IMG_9018-800x1067.jpg 800w, https:\/\/pans.krosno.pl\/kola-naukowe\/wp-content\/uploads\/sites\/48\/2024\/12\/IMG_9018-580x773.jpg 580w, https:\/\/pans.krosno.pl\/kola-naukowe\/wp-content\/uploads\/sites\/48\/2024\/12\/IMG_9018-scaled.jpg 1920w\" sizes=\"auto, (max-width: 225px) 100vw, 225px\" \/><\/figure>\n\n\n\n<figure class=\"wp-block-image is-resized\"><img loading=\"lazy\" decoding=\"async\" width=\"300\" height=\"285\" src=\"https:\/\/pans.krosno.pl\/kola-naukowe\/wp-content\/uploads\/sites\/48\/2024\/12\/IMG_9129-300x285.jpg\" alt=\"\" class=\"wp-image-7114\" style=\"width:158px;height:auto\" srcset=\"https:\/\/pans.krosno.pl\/kola-naukowe\/wp-content\/uploads\/sites\/48\/2024\/12\/IMG_9129-300x285.jpg 300w, https:\/\/pans.krosno.pl\/kola-naukowe\/wp-content\/uploads\/sites\/48\/2024\/12\/IMG_9129-1024x972.jpg 1024w, https:\/\/pans.krosno.pl\/kola-naukowe\/wp-content\/uploads\/sites\/48\/2024\/12\/IMG_9129-768x729.jpg 768w, https:\/\/pans.krosno.pl\/kola-naukowe\/wp-content\/uploads\/sites\/48\/2024\/12\/IMG_9129-1536x1458.jpg 1536w, https:\/\/pans.krosno.pl\/kola-naukowe\/wp-content\/uploads\/sites\/48\/2024\/12\/IMG_9129-2048x1944.jpg 2048w, https:\/\/pans.krosno.pl\/kola-naukowe\/wp-content\/uploads\/sites\/48\/2024\/12\/IMG_9129-2000x1899.jpg 2000w, https:\/\/pans.krosno.pl\/kola-naukowe\/wp-content\/uploads\/sites\/48\/2024\/12\/IMG_9129-800x760.jpg 800w, https:\/\/pans.krosno.pl\/kola-naukowe\/wp-content\/uploads\/sites\/48\/2024\/12\/IMG_9129-580x551.jpg 580w\" sizes=\"auto, (max-width: 300px) 100vw, 300px\" \/><\/figure>\n\n\n\n<figure class=\"wp-block-image is-resized\"><img loading=\"lazy\" decoding=\"async\" width=\"300\" height=\"225\" src=\"https:\/\/pans.krosno.pl\/kola-naukowe\/wp-content\/uploads\/sites\/48\/2024\/12\/IMG_8923-300x225.jpg\" alt=\"\" class=\"wp-image-7115\" style=\"width:197px;height:auto\" srcset=\"https:\/\/pans.krosno.pl\/kola-naukowe\/wp-content\/uploads\/sites\/48\/2024\/12\/IMG_8923-300x225.jpg 300w, https:\/\/pans.krosno.pl\/kola-naukowe\/wp-content\/uploads\/sites\/48\/2024\/12\/IMG_8923-1024x768.jpg 1024w, https:\/\/pans.krosno.pl\/kola-naukowe\/wp-content\/uploads\/sites\/48\/2024\/12\/IMG_8923-768x576.jpg 768w, https:\/\/pans.krosno.pl\/kola-naukowe\/wp-content\/uploads\/sites\/48\/2024\/12\/IMG_8923-1536x1152.jpg 1536w, https:\/\/pans.krosno.pl\/kola-naukowe\/wp-content\/uploads\/sites\/48\/2024\/12\/IMG_8923-2048x1536.jpg 2048w, https:\/\/pans.krosno.pl\/kola-naukowe\/wp-content\/uploads\/sites\/48\/2024\/12\/IMG_8923-2000x1500.jpg 2000w, https:\/\/pans.krosno.pl\/kola-naukowe\/wp-content\/uploads\/sites\/48\/2024\/12\/IMG_8923-800x600.jpg 800w, https:\/\/pans.krosno.pl\/kola-naukowe\/wp-content\/uploads\/sites\/48\/2024\/12\/IMG_8923-580x435.jpg 580w\" sizes=\"auto, (max-width: 300px) 100vw, 300px\" \/><\/figure>\n\n\n\n<figure class=\"wp-block-image is-resized\"><img loading=\"lazy\" decoding=\"async\" width=\"225\" height=\"300\" src=\"https:\/\/pans.krosno.pl\/kola-naukowe\/wp-content\/uploads\/sites\/48\/2024\/12\/IMG_8972-225x300.jpg\" alt=\"\" class=\"wp-image-7111\" style=\"width:111px;height:auto\" srcset=\"https:\/\/pans.krosno.pl\/kola-naukowe\/wp-content\/uploads\/sites\/48\/2024\/12\/IMG_8972-225x300.jpg 225w, https:\/\/pans.krosno.pl\/kola-naukowe\/wp-content\/uploads\/sites\/48\/2024\/12\/IMG_8972-768x1024.jpg 768w, https:\/\/pans.krosno.pl\/kola-naukowe\/wp-content\/uploads\/sites\/48\/2024\/12\/IMG_8972-1152x1536.jpg 1152w, https:\/\/pans.krosno.pl\/kola-naukowe\/wp-content\/uploads\/sites\/48\/2024\/12\/IMG_8972-1536x2048.jpg 1536w, https:\/\/pans.krosno.pl\/kola-naukowe\/wp-content\/uploads\/sites\/48\/2024\/12\/IMG_8972-2000x2667.jpg 2000w, https:\/\/pans.krosno.pl\/kola-naukowe\/wp-content\/uploads\/sites\/48\/2024\/12\/IMG_8972-800x1067.jpg 800w, https:\/\/pans.krosno.pl\/kola-naukowe\/wp-content\/uploads\/sites\/48\/2024\/12\/IMG_8972-580x773.jpg 580w, https:\/\/pans.krosno.pl\/kola-naukowe\/wp-content\/uploads\/sites\/48\/2024\/12\/IMG_8972-scaled.jpg 1920w\" sizes=\"auto, (max-width: 225px) 100vw, 225px\" \/><\/figure>\n<\/div>\n\n\n\n<p class=\"has-text-align-left\">W dniu 28 listopada Zak\u0142ad Filologii Angielskiej wraz z pomoc\u0105 student\u00f3w oraz ko\u0142a naukowego anglist\u00f3w Speak-Up! po raz drugi w historii zorganizowa\u0142 wydarzenie \u201eDzie\u0144 szkocki\u201d.<br>W wydarzeniu wzi\u0119\u0142o udzia\u0142 blisko 200 go\u015bci ze szk\u00f3\u0142 \u015brednich. Wsp\u00f3lnie we wspania\u0142ej atmosferze sp\u0119dzili\u015bmy ten dzie\u0144, celebruj\u0105c tradycje i obyczaje szkockie poprzez wyk\u0142ady oraz koncert zespo\u0142u \u201eCz\u0119stochowa Pipes and Drums\u201d.<\/p>\n\n\n<p style=\"text-align: center;\">&nbsp;&nbsp;&nbsp;&nbsp;&nbsp;&nbsp;<\/p>\n\n\n<p><\/p>\n","protected":false},"excerpt":{"rendered":"<p>Dzie\u0144 szkocki 28 listopada 2024 W dniu 28 listopada Zak\u0142ad Filologii Angielskiej wraz z pomoc\u0105 student\u00f3w oraz ko\u0142a naukowego anglist\u00f3w Speak-Up! po raz drugi w historii zorganizowa\u0142 wydarzenie \u201eDzie\u0144 szkocki\u201d.W wydarzeniu wzi\u0119\u0142o udzia\u0142 blisko 200 go\u015bci ze szk\u00f3\u0142 \u015brednich. Wsp\u00f3lnie we wspania\u0142ej atmosferze sp\u0119dzili\u015bmy ten dzie\u0144, celebruj\u0105c tradycje i obyczaje [\u2026] <\/p>\n<div class=\"clear\"><\/div>\n<p><a class=\"more_link clearfix\" href=\"https:\/\/pans.krosno.pl\/kola-naukowe\/kolo-naukowe-anglistow\/kolo-naukowe-anglistow-dzialalnosc-kola\/\" rel=\"nofollow\">Read More<\/a><\/p>\n","protected":false},"author":27,"featured_media":0,"parent":4005,"menu_order":0,"comment_status":"closed","ping_status":"closed","template":"page-templates\/template-full-width.php","meta":{"ngg_post_thumbnail":0,"footnotes":""},"class_list":["post-4014","page","type-page","status-publish","hentry"],"yoast_head":"<!-- This site is optimized with the Yoast SEO Premium plugin v27.3 (Yoast SEO v27.3) - https:\/\/yoast.com\/product\/yoast-seo-premium-wordpress\/ -->\n<title>Ko\u0142o Naukowe Anglist\u00f3w - Dzia\u0142alno\u015b\u0107 ko\u0142a - Studenckie Ko\u0142a Naukowe PANS w Kro\u015bnie<\/title>\n<meta name=\"robots\" content=\"index, follow, max-snippet:-1, max-image-preview:large, max-video-preview:-1\" \/>\n<link rel=\"canonical\" href=\"https:\/\/pans.krosno.pl\/kola-naukowe\/kolo-naukowe-anglistow\/kolo-naukowe-anglistow-dzialalnosc-kola\/\" \/>\n<meta property=\"og:locale\" content=\"pl_PL\" \/>\n<meta property=\"og:type\" content=\"article\" \/>\n<meta property=\"og:title\" content=\"Ko\u0142o Naukowe Anglist\u00f3w - Dzia\u0142alno\u015b\u0107 ko\u0142a\" \/>\n<meta property=\"og:description\" content=\"Dzie\u0144 szkocki 28 listopada 2024 W dniu 28 listopada Zak\u0142ad Filologii Angielskiej wraz z pomoc\u0105 student\u00f3w oraz ko\u0142a naukowego anglist\u00f3w Speak-Up! po raz drugi w historii zorganizowa\u0142 wydarzenie \u201eDzie\u0144 szkocki\u201d.W wydarzeniu wzi\u0119\u0142o udzia\u0142 blisko 200 go\u015bci ze szk\u00f3\u0142 \u015brednich. Wsp\u00f3lnie we wspania\u0142ej atmosferze sp\u0119dzili\u015bmy ten dzie\u0144, celebruj\u0105c tradycje i obyczaje [\u2026] Read More\" \/>\n<meta property=\"og:url\" content=\"https:\/\/pans.krosno.pl\/kola-naukowe\/kolo-naukowe-anglistow\/kolo-naukowe-anglistow-dzialalnosc-kola\/\" \/>\n<meta property=\"og:site_name\" content=\"Studenckie Ko\u0142a Naukowe PANS w Kro\u015bnie\" \/>\n<meta property=\"article:modified_time\" content=\"2024-12-17T10:38:28+00:00\" \/>\n<meta property=\"og:image\" content=\"https:\/\/pans.krosno.pl\/kola-naukowe\/wp-content\/uploads\/sites\/48\/2024\/12\/IMG_8897-1-scaled.jpg\" \/>\n\t<meta property=\"og:image:width\" content=\"2560\" \/>\n\t<meta property=\"og:image:height\" content=\"1920\" \/>\n\t<meta property=\"og:image:type\" content=\"image\/jpeg\" \/>\n<meta name=\"twitter:card\" content=\"summary_large_image\" \/>\n<script type=\"application\/ld+json\" class=\"yoast-schema-graph\">{\"@context\":\"https:\\\/\\\/schema.org\",\"@graph\":[{\"@type\":\"WebPage\",\"@id\":\"https:\\\/\\\/pans.krosno.pl\\\/kola-naukowe\\\/kolo-naukowe-anglistow\\\/kolo-naukowe-anglistow-dzialalnosc-kola\\\/\",\"url\":\"https:\\\/\\\/pans.krosno.pl\\\/kola-naukowe\\\/kolo-naukowe-anglistow\\\/kolo-naukowe-anglistow-dzialalnosc-kola\\\/\",\"name\":\"Ko\u0142o Naukowe Anglist\u00f3w - Dzia\u0142alno\u015b\u0107 ko\u0142a - Studenckie Ko\u0142a Naukowe PANS w Kro\u015bnie\",\"isPartOf\":{\"@id\":\"https:\\\/\\\/pans.krosno.pl\\\/kola-naukowe\\\/#website\"},\"primaryImageOfPage\":{\"@id\":\"https:\\\/\\\/pans.krosno.pl\\\/kola-naukowe\\\/kolo-naukowe-anglistow\\\/kolo-naukowe-anglistow-dzialalnosc-kola\\\/#primaryimage\"},\"image\":{\"@id\":\"https:\\\/\\\/pans.krosno.pl\\\/kola-naukowe\\\/kolo-naukowe-anglistow\\\/kolo-naukowe-anglistow-dzialalnosc-kola\\\/#primaryimage\"},\"thumbnailUrl\":\"https:\\\/\\\/pans.krosno.pl\\\/kola-naukowe\\\/wp-content\\\/uploads\\\/sites\\\/48\\\/2024\\\/12\\\/IMG_8897-1-150x150.jpg\",\"datePublished\":\"2021-05-04T07:34:26+00:00\",\"dateModified\":\"2024-12-17T10:38:28+00:00\",\"breadcrumb\":{\"@id\":\"https:\\\/\\\/pans.krosno.pl\\\/kola-naukowe\\\/kolo-naukowe-anglistow\\\/kolo-naukowe-anglistow-dzialalnosc-kola\\\/#breadcrumb\"},\"inLanguage\":\"pl-PL\",\"potentialAction\":[{\"@type\":\"ReadAction\",\"target\":[\"https:\\\/\\\/pans.krosno.pl\\\/kola-naukowe\\\/kolo-naukowe-anglistow\\\/kolo-naukowe-anglistow-dzialalnosc-kola\\\/\"]}]},{\"@type\":\"ImageObject\",\"inLanguage\":\"pl-PL\",\"@id\":\"https:\\\/\\\/pans.krosno.pl\\\/kola-naukowe\\\/kolo-naukowe-anglistow\\\/kolo-naukowe-anglistow-dzialalnosc-kola\\\/#primaryimage\",\"url\":\"https:\\\/\\\/pans.krosno.pl\\\/kola-naukowe\\\/wp-content\\\/uploads\\\/sites\\\/48\\\/2024\\\/12\\\/IMG_8897-1-scaled.jpg\",\"contentUrl\":\"https:\\\/\\\/pans.krosno.pl\\\/kola-naukowe\\\/wp-content\\\/uploads\\\/sites\\\/48\\\/2024\\\/12\\\/IMG_8897-1-scaled.jpg\",\"width\":2560,\"height\":1920},{\"@type\":\"BreadcrumbList\",\"@id\":\"https:\\\/\\\/pans.krosno.pl\\\/kola-naukowe\\\/kolo-naukowe-anglistow\\\/kolo-naukowe-anglistow-dzialalnosc-kola\\\/#breadcrumb\",\"itemListElement\":[{\"@type\":\"ListItem\",\"position\":1,\"name\":\"Strona g\u0142\u00f3wna\",\"item\":\"https:\\\/\\\/pans.krosno.pl\\\/kola-naukowe\\\/\"},{\"@type\":\"ListItem\",\"position\":2,\"name\":\"Ko\u0142o Naukowe Anglist\u00f3w Speak Up!\",\"item\":\"https:\\\/\\\/pans.krosno.pl\\\/kola-naukowe\\\/kolo-naukowe-anglistow\\\/\"},{\"@type\":\"ListItem\",\"position\":3,\"name\":\"Ko\u0142o Naukowe Anglist\u00f3w &#8211; Dzia\u0142alno\u015b\u0107 ko\u0142a\"}]},{\"@type\":\"WebSite\",\"@id\":\"https:\\\/\\\/pans.krosno.pl\\\/kola-naukowe\\\/#website\",\"url\":\"https:\\\/\\\/pans.krosno.pl\\\/kola-naukowe\\\/\",\"name\":\"Studenckie Ko\u0142a Naukowe PANS w Kro\u015bnie\",\"description\":\"Studenckie Ko\u0142a Naukowe - Pa\u0144stwowa Akademia Nauk Stosowanych\",\"publisher\":{\"@id\":\"https:\\\/\\\/pans.krosno.pl\\\/kola-naukowe\\\/#organization\"},\"potentialAction\":[{\"@type\":\"SearchAction\",\"target\":{\"@type\":\"EntryPoint\",\"urlTemplate\":\"https:\\\/\\\/pans.krosno.pl\\\/kola-naukowe\\\/?s={search_term_string}\"},\"query-input\":{\"@type\":\"PropertyValueSpecification\",\"valueRequired\":true,\"valueName\":\"search_term_string\"}}],\"inLanguage\":\"pl-PL\"},{\"@type\":\"Organization\",\"@id\":\"https:\\\/\\\/pans.krosno.pl\\\/kola-naukowe\\\/#organization\",\"name\":\"Studenckie Ko\u0142a Naukowe PANS w Kro\u015bnie\",\"url\":\"https:\\\/\\\/pans.krosno.pl\\\/kola-naukowe\\\/\",\"logo\":{\"@type\":\"ImageObject\",\"inLanguage\":\"pl-PL\",\"@id\":\"https:\\\/\\\/pans.krosno.pl\\\/kola-naukowe\\\/#\\\/schema\\\/logo\\\/image\\\/\",\"url\":\"https:\\\/\\\/pans.krosno.pl\\\/kola-naukowe\\\/wp-content\\\/uploads\\\/sites\\\/48\\\/2023\\\/01\\\/Logo-PANS-2022-pelne.png\",\"contentUrl\":\"https:\\\/\\\/pans.krosno.pl\\\/kola-naukowe\\\/wp-content\\\/uploads\\\/sites\\\/48\\\/2023\\\/01\\\/Logo-PANS-2022-pelne.png\",\"width\":3096,\"height\":696,\"caption\":\"Studenckie Ko\u0142a Naukowe PANS w Kro\u015bnie\"},\"image\":{\"@id\":\"https:\\\/\\\/pans.krosno.pl\\\/kola-naukowe\\\/#\\\/schema\\\/logo\\\/image\\\/\"}}]}<\/script>\n<!-- \/ Yoast SEO Premium plugin. -->","yoast_head_json":{"title":"Ko\u0142o Naukowe Anglist\u00f3w - Dzia\u0142alno\u015b\u0107 ko\u0142a - Studenckie Ko\u0142a Naukowe PANS w Kro\u015bnie","robots":{"index":"index","follow":"follow","max-snippet":"max-snippet:-1","max-image-preview":"max-image-preview:large","max-video-preview":"max-video-preview:-1"},"canonical":"https:\/\/pans.krosno.pl\/kola-naukowe\/kolo-naukowe-anglistow\/kolo-naukowe-anglistow-dzialalnosc-kola\/","og_locale":"pl_PL","og_type":"article","og_title":"Ko\u0142o Naukowe Anglist\u00f3w - Dzia\u0142alno\u015b\u0107 ko\u0142a","og_description":"Dzie\u0144 szkocki 28 listopada 2024 W dniu 28 listopada Zak\u0142ad Filologii Angielskiej wraz z pomoc\u0105 student\u00f3w oraz ko\u0142a naukowego anglist\u00f3w Speak-Up! po raz drugi w historii zorganizowa\u0142 wydarzenie \u201eDzie\u0144 szkocki\u201d.W wydarzeniu wzi\u0119\u0142o udzia\u0142 blisko 200 go\u015bci ze szk\u00f3\u0142 \u015brednich. Wsp\u00f3lnie we wspania\u0142ej atmosferze sp\u0119dzili\u015bmy ten dzie\u0144, celebruj\u0105c tradycje i obyczaje [\u2026] Read More","og_url":"https:\/\/pans.krosno.pl\/kola-naukowe\/kolo-naukowe-anglistow\/kolo-naukowe-anglistow-dzialalnosc-kola\/","og_site_name":"Studenckie Ko\u0142a Naukowe PANS w Kro\u015bnie","article_modified_time":"2024-12-17T10:38:28+00:00","og_image":[{"width":2560,"height":1920,"url":"https:\/\/pans.krosno.pl\/kola-naukowe\/wp-content\/uploads\/sites\/48\/2024\/12\/IMG_8897-1-scaled.jpg","type":"image\/jpeg"}],"twitter_card":"summary_large_image","schema":{"@context":"https:\/\/schema.org","@graph":[{"@type":"WebPage","@id":"https:\/\/pans.krosno.pl\/kola-naukowe\/kolo-naukowe-anglistow\/kolo-naukowe-anglistow-dzialalnosc-kola\/","url":"https:\/\/pans.krosno.pl\/kola-naukowe\/kolo-naukowe-anglistow\/kolo-naukowe-anglistow-dzialalnosc-kola\/","name":"Ko\u0142o Naukowe Anglist\u00f3w - Dzia\u0142alno\u015b\u0107 ko\u0142a - Studenckie Ko\u0142a Naukowe PANS w Kro\u015bnie","isPartOf":{"@id":"https:\/\/pans.krosno.pl\/kola-naukowe\/#website"},"primaryImageOfPage":{"@id":"https:\/\/pans.krosno.pl\/kola-naukowe\/kolo-naukowe-anglistow\/kolo-naukowe-anglistow-dzialalnosc-kola\/#primaryimage"},"image":{"@id":"https:\/\/pans.krosno.pl\/kola-naukowe\/kolo-naukowe-anglistow\/kolo-naukowe-anglistow-dzialalnosc-kola\/#primaryimage"},"thumbnailUrl":"https:\/\/pans.krosno.pl\/kola-naukowe\/wp-content\/uploads\/sites\/48\/2024\/12\/IMG_8897-1-150x150.jpg","datePublished":"2021-05-04T07:34:26+00:00","dateModified":"2024-12-17T10:38:28+00:00","breadcrumb":{"@id":"https:\/\/pans.krosno.pl\/kola-naukowe\/kolo-naukowe-anglistow\/kolo-naukowe-anglistow-dzialalnosc-kola\/#breadcrumb"},"inLanguage":"pl-PL","potentialAction":[{"@type":"ReadAction","target":["https:\/\/pans.krosno.pl\/kola-naukowe\/kolo-naukowe-anglistow\/kolo-naukowe-anglistow-dzialalnosc-kola\/"]}]},{"@type":"ImageObject","inLanguage":"pl-PL","@id":"https:\/\/pans.krosno.pl\/kola-naukowe\/kolo-naukowe-anglistow\/kolo-naukowe-anglistow-dzialalnosc-kola\/#primaryimage","url":"https:\/\/pans.krosno.pl\/kola-naukowe\/wp-content\/uploads\/sites\/48\/2024\/12\/IMG_8897-1-scaled.jpg","contentUrl":"https:\/\/pans.krosno.pl\/kola-naukowe\/wp-content\/uploads\/sites\/48\/2024\/12\/IMG_8897-1-scaled.jpg","width":2560,"height":1920},{"@type":"BreadcrumbList","@id":"https:\/\/pans.krosno.pl\/kola-naukowe\/kolo-naukowe-anglistow\/kolo-naukowe-anglistow-dzialalnosc-kola\/#breadcrumb","itemListElement":[{"@type":"ListItem","position":1,"name":"Strona g\u0142\u00f3wna","item":"https:\/\/pans.krosno.pl\/kola-naukowe\/"},{"@type":"ListItem","position":2,"name":"Ko\u0142o Naukowe Anglist\u00f3w Speak Up!","item":"https:\/\/pans.krosno.pl\/kola-naukowe\/kolo-naukowe-anglistow\/"},{"@type":"ListItem","position":3,"name":"Ko\u0142o Naukowe Anglist\u00f3w &#8211; Dzia\u0142alno\u015b\u0107 ko\u0142a"}]},{"@type":"WebSite","@id":"https:\/\/pans.krosno.pl\/kola-naukowe\/#website","url":"https:\/\/pans.krosno.pl\/kola-naukowe\/","name":"Studenckie Ko\u0142a Naukowe PANS w Kro\u015bnie","description":"Studenckie Ko\u0142a Naukowe - Pa\u0144stwowa Akademia Nauk Stosowanych","publisher":{"@id":"https:\/\/pans.krosno.pl\/kola-naukowe\/#organization"},"potentialAction":[{"@type":"SearchAction","target":{"@type":"EntryPoint","urlTemplate":"https:\/\/pans.krosno.pl\/kola-naukowe\/?s={search_term_string}"},"query-input":{"@type":"PropertyValueSpecification","valueRequired":true,"valueName":"search_term_string"}}],"inLanguage":"pl-PL"},{"@type":"Organization","@id":"https:\/\/pans.krosno.pl\/kola-naukowe\/#organization","name":"Studenckie Ko\u0142a Naukowe PANS w Kro\u015bnie","url":"https:\/\/pans.krosno.pl\/kola-naukowe\/","logo":{"@type":"ImageObject","inLanguage":"pl-PL","@id":"https:\/\/pans.krosno.pl\/kola-naukowe\/#\/schema\/logo\/image\/","url":"https:\/\/pans.krosno.pl\/kola-naukowe\/wp-content\/uploads\/sites\/48\/2023\/01\/Logo-PANS-2022-pelne.png","contentUrl":"https:\/\/pans.krosno.pl\/kola-naukowe\/wp-content\/uploads\/sites\/48\/2023\/01\/Logo-PANS-2022-pelne.png","width":3096,"height":696,"caption":"Studenckie Ko\u0142a Naukowe PANS w Kro\u015bnie"},"image":{"@id":"https:\/\/pans.krosno.pl\/kola-naukowe\/#\/schema\/logo\/image\/"}}]}},"_links":{"self":[{"href":"https:\/\/pans.krosno.pl\/kola-naukowe\/wp-json\/wp\/v2\/pages\/4014","targetHints":{"allow":["GET"]}}],"collection":[{"href":"https:\/\/pans.krosno.pl\/kola-naukowe\/wp-json\/wp\/v2\/pages"}],"about":[{"href":"https:\/\/pans.krosno.pl\/kola-naukowe\/wp-json\/wp\/v2\/types\/page"}],"author":[{"embeddable":true,"href":"https:\/\/pans.krosno.pl\/kola-naukowe\/wp-json\/wp\/v2\/users\/27"}],"replies":[{"embeddable":true,"href":"https:\/\/pans.krosno.pl\/kola-naukowe\/wp-json\/wp\/v2\/comments?post=4014"}],"version-history":[{"count":4,"href":"https:\/\/pans.krosno.pl\/kola-naukowe\/wp-json\/wp\/v2\/pages\/4014\/revisions"}],"predecessor-version":[{"id":7122,"href":"https:\/\/pans.krosno.pl\/kola-naukowe\/wp-json\/wp\/v2\/pages\/4014\/revisions\/7122"}],"up":[{"embeddable":true,"href":"https:\/\/pans.krosno.pl\/kola-naukowe\/wp-json\/wp\/v2\/pages\/4005"}],"wp:attachment":[{"href":"https:\/\/pans.krosno.pl\/kola-naukowe\/wp-json\/wp\/v2\/media?parent=4014"}],"curies":[{"name":"wp","href":"https:\/\/api.w.org\/{rel}","templated":true}]}}