{"id":3594,"date":"2020-12-11T09:09:48","date_gmt":"2020-12-11T08:09:48","guid":{"rendered":"https:\/\/pans.krosno.pl\/kola-naukowe\/?page_id=3594"},"modified":"2026-04-08T12:05:53","modified_gmt":"2026-04-08T10:05:53","slug":"kolo-naukowe-planta-medica-nasze-publikacje","status":"publish","type":"page","link":"https:\/\/pans.krosno.pl\/kola-naukowe\/studenckie-kola-naukowe\/kolo-naukowe-planta-medica\/kolo-naukowe-planta-medica-nasze-publikacje\/","title":{"rendered":"Ko\u0142o Naukowe Planta Medica &#8211; Nasze Publikacje"},"content":{"rendered":"\n<hr class=\"wp-block-separator has-css-opacity\" \/>\n\n\n\n<p>Such S., Chowaniec G., Radkowski P. 2026 \u201e<em>Fitoterapia w leczeniu i profilaktyce depresji. Kliniczne dowody bezpiecze\u0144stwa i skuteczno\u015bci substancji naturalnych cz. 2<\/em>\u2033, \u017byj naturalnie, 52, 36-43.<\/p>\n\n\n\n<p>Such, S., Kludacz, B.,  Siudem, P. 2025. Problem zafa\u0142szowa\u0144 suplement\u00f3w zwi\u0105zanych z zaburzeniami erekcji. Lek w Polsce, 2025(9), 39\u201346.<\/p>\n\n\n\n<p>Such, S., Kludacz, B.,  Siudem, P. 2025. Ro\u015bliny estrogenne dla kobiet. Lek w Polsce, 2025(9), 12\u201320.<\/p>\n\n\n\n<p>Radkowski P. Such S., Chowaniec G. 2025 \u201e<em>Fitoterapia w leczeniu i profilaktyce depresji. Kliniczne dowody bezpiecze\u0144stwa i skuteczno\u015bci substancji naturalnych cz. 1<\/em>&#8222;, \u017byj naturalnie, 51, 52-58.<\/p>\n\n\n\n<p>Such S., Chowaniec G. 2025. <em>The Potential of Selected Essential Oils in Combating Enterococcus Faecalis<\/em>, J. of Infec. Dise. and Vir. Res., 4(4), 01-10.<\/p>\n\n\n\n<p>Such S., Chowaniec G. 2025. <em>Wp\u0142yw ro\u015blinnych surowc\u00f3w na wydolno\u015b\u0107 fizyczn\u0105 m\u0119\u017cczyzn<\/em>, \u017byj naturalnie, 50, 106-111.<\/p>\n\n\n\n<p>Bienia B.,&nbsp; Mroczka M., Uram-Dudek A. 2024. <em>Potencja\u0142 antyoksydacyjny napar\u00f3w z suszonych owoc\u00f3w bzu czarnego Sambucus nigra<\/em> L. Herbalism, 1(10), 7-16.<\/p>\n\n\n\n<p>Bienia B.,&nbsp; Uram-Dudek A., &nbsp;Mroczka M. 2023. <em>Health-promoting properties of elderberry<\/em> [in:] Pospielov S., Medicinal Herbs: from Past Experience to New Technologies Proceedings of XI International Scientific and Practical Conference November, 29-30, 2023. https:\/\/doi.org\/10.5281\/zenodo.10433578, ISBN 978-617-8231-36-1, 61-63.<\/p>\n\n\n\n<p> <span style=\"font-size:12.0pt\">Fr\u00f6hlich<span>&nbsp; <\/span>S., 2023, <em>Johannes Treutler (1820-1892) &#8211; kontekst historyczno-kulturowy oraz posta\u0107 pustelnika z Maria\u0144skiej G\u00f3ry<\/em>, Herbalism, 1(9), s. 178-182.<\/span><\/p>\n\n\n\n<p>Kozielska M., 2022, <em>Trwa\u0142o\u015b\u0107 kapsaicynoid\u00f3w w owocach papryki rocznej Capsium annuum L. w zale\u017cno\u015bci od okresu przechowywania<\/em> [w:] Ro\u015bliny zielarskie, kosmetyki naturalne i \u017cywno\u015b\u0107 funkcjonalna, Wawer I., R\u00f3\u017ca\u0144ski H. (red.), Krosno-Wroc\u0142aw, ISBN 978-83-64457-83-8,  s. 71-80<\/p>\n\n\n\n<p>Kozielska E., 2022, <em>Zmienno\u015b\u0107 sk\u0142adu jako\u015bciowego kory wierzby bia\u0142ek Salix alba L. w zale\u017cno\u015bci od okresu przechowywania<\/em> [w:] Ro\u015bliny zielarskie, kosmetyki naturalne i \u017cywno\u015b\u0107 funkcjonalna, Wawer I., R\u00f3\u017ca\u0144ski H. (red.), Krosno-Wroc\u0142aw, ISBN 978-83-64457-83-8, , s. 81-88<\/p>\n\n\n\n<p>Krzeszowiak A., 2022, <em>Trwa\u0142o\u015b\u0107 flawonolignan\u00f3w w owocach ostropestu plamistego Silybum marianmum (L.) Gaertner<\/em> , [w:] Ro\u015bliny zielarskie, kosmetyki naturalne i \u017cywno\u015b\u0107 funkcjonalna, Wawer I., R\u00f3\u017ca\u0144ski H. (red.), Krosno-Wroc\u0142aw, ISBN 978-83-64457-83-8, s. 89-96<\/p>\n\n\n\n<p>Fr\u00f6hlich S., 2022, <em>Mi\u0119dzy \u015bwi\u0105tyni\u0105 a laboratorium \u2013 pisma ksieni Hildegardy z Bingen we wsp\u00f3\u0142czesnej fitoterapii<\/em>, Herbalism, 1(8), s. 191-200.<\/p>\n\n\n\n<p>Fr\u00f6hlich S., 2022,  <em>Pomi\u0119dzy kocio\u0142kiem a laboratorium &#8211; rozwa\u017cania nad dziejami zielarstwa<\/em>, Porady na zdrowie,  2 (61), s. 30-31. <\/p>\n\n\n\n<p>Ha\u0142as D., 2022, <em>Zanieczyszczenie \u015bwiat\u0142em<\/em>, Porady na zdrowie, 2 (61), s. 4-5.<\/p>\n\n\n\n<p>Wawer I., Buczy\u0144ska S., 2022, <em>Sza\u0142wia lekarska w przyprawach<\/em>, Porady na zdrowie, 1 (60), s. 23.<\/p>\n\n\n\n<p>\u015acieranka G., 2022. <em>Burak \u0107wik\u0142owy dla zdrowych i chorych<\/em> cz. II, Porady na zdrowie, 1 (60), s. 26-37. <\/p>\n\n\n\n<p>Bienia B., Kozielska E., 2021, <em>Ro\u015bliny przyprawowe wykorzystywane w tradycyjnej kuchni Podkarpacia<\/em> [w:] Turystyka wiejska i dziedzictwo wsi w kontek\u015bcie pandemii SARS-CoV-2, red. E. Kmita-Dziasek, M. Szandu\u0142a, Wyd. Naukowe Instytutu Zootechniki-PIB, Krak\u00f3w, ISBN 978-83-7607-346-0, s. 95-102.<\/p>\n\n\n\n<p>Kozielska E., Bienia B., 2021, <em>Ro\u015blinne produkty fermentacji mlekowej w tradycyjnej kuchni polskiej <\/em>[w:] Turystyka wiejska i dziedzictwo wsi w kontek\u015bcie pandemii SARS-CoV-2, red. E. Kmita-Dziasek, M. Szandu\u0142a, Wyd. Naukowe Instytutu Zootechniki-PIB, Krak\u00f3w, ISBN 978-83-7607-346-0, s. 89-94.<\/p>\n\n\n\n<p>Wawer I., Buczy\u0144ska S., 2021, <em>Naukowy \u015bwiat przypraw<\/em>, Porady na zdrowie, 59, s. 26.<\/p>\n\n\n\n<p>\u015acieranka G., 2021. <em>Burak \u0107wik\u0142owy dla zdrowych i chorych<\/em> cz. I, Porady na zdrowie, 59, s. 29-30.<\/p>\n\n\n\n<p>Jasi\u0144ska B., 2021. <em>Miody nieoczywiste<\/em>, Porady na zdrowie, 57,&nbsp;s. 20-21.<\/p>\n\n\n\n<p>W\u00f3jcik S., 2021. <em>I ty mo\u017cesz uprawia\u0107 imbirowe k\u0142\u0105cze<\/em>, Porady na zdrowie, 57, s. 25.<\/p>\n\n\n\n<p>Pataj P., 2021. <em>Kawa- u\u017cywka z kofein\u0105, <\/em>Porady na zdrowie, 57, s. 30-31<\/p>\n\n\n\n<p>\u015acieranka G., 2021. <em>\u201eBalsam Jerozolimski\u201d wed\u0142ug receptury bonifraterskiej<\/em> (4),  Porady na zdrowie, 56, s. 23-24.<\/p>\n\n\n\n<p>Jasi\u0144ska B., 2021. <em>Surowce ro\u015blinne o dzia\u0142aniu przeciwirusowym<\/em>, Porady na zdrowie, 56, s. 20-21.<\/p>\n\n\n\n<p>Jasi\u0144ska B., Tomaka K., Uram-Dudek A., Paradowska K., 2020. <em>Fizykochemiczna analiza miod\u00f3w z rejonu Podkarpacia<\/em>, Post\u0119py Fitoterapii, 21(4): 219-227.<\/p>\n\n\n\n<p>\u015acieranka G., 2020. <em>\u201eBalsam Jerozolimski\u201d wed\u0142ug receptury bonifraterskiej<\/em> (3), Porady na zdrowie, 55, s. 22-23.<\/p>\n\n\n\n<p>\u015acieranka G., 2020. &#8222;<em>Balsam Jerozolimski&#8221; wed\u0142ug receptury bonifraterskiej <\/em>(2), Porady na zdrowie, 54, s. 26-28.<\/p>\n\n\n\n<p>Jasi\u0144ska B., Tomaka K., 2020. <em>Zio\u0142a konserwuj\u0105ce \u017cywno\u015b\u0107<\/em>, Porady na zdrowie, 53, s.32.<\/p>\n\n\n\n<p>\u015acieranka G. 2020. <em>Balsam Jerozolimski wed\u0142ug receptury bonifraterskiej<\/em>,  Porady na zdrowie, 53, s. 23-29<\/p>\n\n\n\n<p>Wygasz M., 2020. <em>Perspektywy zio\u0142olecznictwa<\/em>, Porady na zdrowie, 52, s. 32.<\/p>\n\n\n\n<p>R\u00f3\u017ca\u0144ski H., Iwi\u0144ski H., S\u0142abik A., K\u0105dziela R. 2019. <em>Paulownia omszona \u2013 Paulownia tomentosa (Thunberg) Steudel jako surowiec zielarski. Znaczenie paulowni w&nbsp; gospodarce cz\u0142owieka<\/em> [w:] Ro\u015bliny zielarskie, kosmetyki naturalne i \u017cywno\u015b\u0107 funkcjonalna,(red.)&nbsp;Bazylak G., R\u00f3\u017ca\u0144ski H., &nbsp;PWSZ w Kro\u015bnie, s. 343 \u2013 352.<\/p>\n\n\n\n<p><strong>Komunikaty<\/strong><\/p>\n\n\n\n<p>K\u0105dziela R., &#8222;<em>Irydoidy we wst\u0119pnej analizie profilu chemicznego Ajuga reptans L., Paulownia tomentosa (Thunberg) Steudel oraz w rodzaju Veronica L. i ich charakterystyka farmakognostyczna<\/em>&#8222;, I Og\u00f3lnopolska Konferencja Naukowa \u201eRo\u015bliny w naukach medycznych i przyrodniczych\u201d, Lublin, 24.05.2019 r.<\/p>\n\n\n\n<p>Tomaka K., &#8222;Jako\u015bciowa i ilo\u015bciowa analiza wybranych miod\u00f3w wielokwiatowych&#8221;, VI Konferencja Ro\u015bliny zielarskie, kosmetyki naturalne i \u017cywno\u015b\u0107 funkcjonalna. Medycyna komplementarna w zapobieganiu i leczeniu chor\u00f3b cywilizacyjnych, Krosno, 9-10.05.2019r.<\/p>\n\n\n\n<p>Tomaka K., Jasi\u0144ska B. &#8222;Ilo\u015bciowa i jako\u015bciowa analiza wybranych odmian miod\u00f3w&#8221;, II Og\u00f3lnopolska Konferencja Naukowa Nutricib \u017bywno\u015b\u0107 i \u017cywienie &#8211; przegl\u0105d i badania, Lublin, 06.12.2019r. <\/p>\n","protected":false},"excerpt":{"rendered":"<p>Such S., Chowaniec G., Radkowski P. 2026 \u201eFitoterapia w leczeniu i profilaktyce depresji. Kliniczne dowody bezpiecze\u0144stwa i skuteczno\u015bci substancji naturalnych cz. 2\u2033, \u017byj naturalnie, 52, 36-43. Such, S., Kludacz, B., Siudem, P. 2025. Problem zafa\u0142szowa\u0144 suplement\u00f3w zwi\u0105zanych z zaburzeniami erekcji. Lek w Polsce, 2025(9), 39\u201346. Such, S., Kludacz, B., Siudem, [\u2026] <\/p>\n<div class=\"clear\"><\/div>\n<p><a class=\"more_link clearfix\" href=\"https:\/\/pans.krosno.pl\/kola-naukowe\/studenckie-kola-naukowe\/kolo-naukowe-planta-medica\/kolo-naukowe-planta-medica-nasze-publikacje\/\" rel=\"nofollow\">Read More<\/a><\/p>\n","protected":false},"author":39,"featured_media":0,"parent":3585,"menu_order":0,"comment_status":"closed","ping_status":"closed","template":"page-templates\/template-full-width.php","meta":{"ngg_post_thumbnail":0,"footnotes":""},"class_list":["post-3594","page","type-page","status-publish","hentry"],"yoast_head":"<!-- This site is optimized with the Yoast SEO Premium plugin v27.3 (Yoast SEO v27.3) - https:\/\/yoast.com\/product\/yoast-seo-premium-wordpress\/ -->\n<title>Ko\u0142o Naukowe Planta Medica - Nasze Publikacje - Studenckie Ko\u0142a Naukowe PANS w Kro\u015bnie<\/title>\n<meta name=\"robots\" content=\"index, follow, max-snippet:-1, max-image-preview:large, max-video-preview:-1\" \/>\n<link rel=\"canonical\" href=\"https:\/\/pans.krosno.pl\/kola-naukowe\/studenckie-kola-naukowe\/kolo-naukowe-planta-medica\/kolo-naukowe-planta-medica-nasze-publikacje\/\" \/>\n<meta property=\"og:locale\" content=\"pl_PL\" \/>\n<meta property=\"og:type\" content=\"article\" \/>\n<meta property=\"og:title\" content=\"Ko\u0142o Naukowe Planta Medica - Nasze Publikacje\" \/>\n<meta property=\"og:description\" content=\"Such S., Chowaniec G., Radkowski P. 2026 \u201eFitoterapia w leczeniu i profilaktyce depresji. Kliniczne dowody bezpiecze\u0144stwa i skuteczno\u015bci substancji naturalnych cz. 2\u2033, \u017byj naturalnie, 52, 36-43. Such, S., Kludacz, B., Siudem, P. 2025. Problem zafa\u0142szowa\u0144 suplement\u00f3w zwi\u0105zanych z zaburzeniami erekcji. Lek w Polsce, 2025(9), 39\u201346. Such, S., Kludacz, B., Siudem, [\u2026] Read More\" \/>\n<meta property=\"og:url\" content=\"https:\/\/pans.krosno.pl\/kola-naukowe\/studenckie-kola-naukowe\/kolo-naukowe-planta-medica\/kolo-naukowe-planta-medica-nasze-publikacje\/\" \/>\n<meta property=\"og:site_name\" content=\"Studenckie Ko\u0142a Naukowe PANS w Kro\u015bnie\" \/>\n<meta property=\"article:modified_time\" content=\"2026-04-08T10:05:53+00:00\" \/>\n<meta name=\"twitter:card\" content=\"summary_large_image\" \/>\n<meta name=\"twitter:label1\" content=\"Szacowany czas czytania\" \/>\n\t<meta name=\"twitter:data1\" content=\"5 minut\" \/>\n<script type=\"application\/ld+json\" class=\"yoast-schema-graph\">{\"@context\":\"https:\\\/\\\/schema.org\",\"@graph\":[{\"@type\":\"WebPage\",\"@id\":\"https:\\\/\\\/pans.krosno.pl\\\/kola-naukowe\\\/studenckie-kola-naukowe\\\/kolo-naukowe-planta-medica\\\/kolo-naukowe-planta-medica-nasze-publikacje\\\/\",\"url\":\"https:\\\/\\\/pans.krosno.pl\\\/kola-naukowe\\\/studenckie-kola-naukowe\\\/kolo-naukowe-planta-medica\\\/kolo-naukowe-planta-medica-nasze-publikacje\\\/\",\"name\":\"Ko\u0142o Naukowe Planta Medica - Nasze Publikacje - Studenckie Ko\u0142a Naukowe PANS w Kro\u015bnie\",\"isPartOf\":{\"@id\":\"https:\\\/\\\/pans.krosno.pl\\\/kola-naukowe\\\/#website\"},\"datePublished\":\"2020-12-11T08:09:48+00:00\",\"dateModified\":\"2026-04-08T10:05:53+00:00\",\"breadcrumb\":{\"@id\":\"https:\\\/\\\/pans.krosno.pl\\\/kola-naukowe\\\/studenckie-kola-naukowe\\\/kolo-naukowe-planta-medica\\\/kolo-naukowe-planta-medica-nasze-publikacje\\\/#breadcrumb\"},\"inLanguage\":\"pl-PL\",\"potentialAction\":[{\"@type\":\"ReadAction\",\"target\":[\"https:\\\/\\\/pans.krosno.pl\\\/kola-naukowe\\\/studenckie-kola-naukowe\\\/kolo-naukowe-planta-medica\\\/kolo-naukowe-planta-medica-nasze-publikacje\\\/\"]}]},{\"@type\":\"BreadcrumbList\",\"@id\":\"https:\\\/\\\/pans.krosno.pl\\\/kola-naukowe\\\/studenckie-kola-naukowe\\\/kolo-naukowe-planta-medica\\\/kolo-naukowe-planta-medica-nasze-publikacje\\\/#breadcrumb\",\"itemListElement\":[{\"@type\":\"ListItem\",\"position\":1,\"name\":\"Strona g\u0142\u00f3wna\",\"item\":\"https:\\\/\\\/pans.krosno.pl\\\/kola-naukowe\\\/\"},{\"@type\":\"ListItem\",\"position\":2,\"name\":\"Studenckie Ko\u0142a Naukowe\",\"item\":\"https:\\\/\\\/pans.krosno.pl\\\/kola-naukowe\\\/studenckie-kola-naukowe\\\/\"},{\"@type\":\"ListItem\",\"position\":3,\"name\":\"Ko\u0142o Naukowe Planta Medica\",\"item\":\"https:\\\/\\\/pans.krosno.pl\\\/kola-naukowe\\\/studenckie-kola-naukowe\\\/kolo-naukowe-planta-medica\\\/\"},{\"@type\":\"ListItem\",\"position\":4,\"name\":\"Ko\u0142o Naukowe Planta Medica &#8211; Nasze Publikacje\"}]},{\"@type\":\"WebSite\",\"@id\":\"https:\\\/\\\/pans.krosno.pl\\\/kola-naukowe\\\/#website\",\"url\":\"https:\\\/\\\/pans.krosno.pl\\\/kola-naukowe\\\/\",\"name\":\"Studenckie Ko\u0142a Naukowe PANS w Kro\u015bnie\",\"description\":\"Studenckie Ko\u0142a Naukowe - Pa\u0144stwowa Akademia Nauk Stosowanych\",\"publisher\":{\"@id\":\"https:\\\/\\\/pans.krosno.pl\\\/kola-naukowe\\\/#organization\"},\"potentialAction\":[{\"@type\":\"SearchAction\",\"target\":{\"@type\":\"EntryPoint\",\"urlTemplate\":\"https:\\\/\\\/pans.krosno.pl\\\/kola-naukowe\\\/?s={search_term_string}\"},\"query-input\":{\"@type\":\"PropertyValueSpecification\",\"valueRequired\":true,\"valueName\":\"search_term_string\"}}],\"inLanguage\":\"pl-PL\"},{\"@type\":\"Organization\",\"@id\":\"https:\\\/\\\/pans.krosno.pl\\\/kola-naukowe\\\/#organization\",\"name\":\"Studenckie Ko\u0142a Naukowe PANS w Kro\u015bnie\",\"url\":\"https:\\\/\\\/pans.krosno.pl\\\/kola-naukowe\\\/\",\"logo\":{\"@type\":\"ImageObject\",\"inLanguage\":\"pl-PL\",\"@id\":\"https:\\\/\\\/pans.krosno.pl\\\/kola-naukowe\\\/#\\\/schema\\\/logo\\\/image\\\/\",\"url\":\"https:\\\/\\\/pans.krosno.pl\\\/kola-naukowe\\\/wp-content\\\/uploads\\\/sites\\\/48\\\/2023\\\/01\\\/Logo-PANS-2022-pelne.png\",\"contentUrl\":\"https:\\\/\\\/pans.krosno.pl\\\/kola-naukowe\\\/wp-content\\\/uploads\\\/sites\\\/48\\\/2023\\\/01\\\/Logo-PANS-2022-pelne.png\",\"width\":3096,\"height\":696,\"caption\":\"Studenckie Ko\u0142a Naukowe PANS w Kro\u015bnie\"},\"image\":{\"@id\":\"https:\\\/\\\/pans.krosno.pl\\\/kola-naukowe\\\/#\\\/schema\\\/logo\\\/image\\\/\"}}]}<\/script>\n<!-- \/ Yoast SEO Premium plugin. -->","yoast_head_json":{"title":"Ko\u0142o Naukowe Planta Medica - Nasze Publikacje - Studenckie Ko\u0142a Naukowe PANS w Kro\u015bnie","robots":{"index":"index","follow":"follow","max-snippet":"max-snippet:-1","max-image-preview":"max-image-preview:large","max-video-preview":"max-video-preview:-1"},"canonical":"https:\/\/pans.krosno.pl\/kola-naukowe\/studenckie-kola-naukowe\/kolo-naukowe-planta-medica\/kolo-naukowe-planta-medica-nasze-publikacje\/","og_locale":"pl_PL","og_type":"article","og_title":"Ko\u0142o Naukowe Planta Medica - Nasze Publikacje","og_description":"Such S., Chowaniec G., Radkowski P. 2026 \u201eFitoterapia w leczeniu i profilaktyce depresji. Kliniczne dowody bezpiecze\u0144stwa i skuteczno\u015bci substancji naturalnych cz. 2\u2033, \u017byj naturalnie, 52, 36-43. Such, S., Kludacz, B., Siudem, P. 2025. Problem zafa\u0142szowa\u0144 suplement\u00f3w zwi\u0105zanych z zaburzeniami erekcji. Lek w Polsce, 2025(9), 39\u201346. Such, S., Kludacz, B., Siudem, [\u2026] Read More","og_url":"https:\/\/pans.krosno.pl\/kola-naukowe\/studenckie-kola-naukowe\/kolo-naukowe-planta-medica\/kolo-naukowe-planta-medica-nasze-publikacje\/","og_site_name":"Studenckie Ko\u0142a Naukowe PANS w Kro\u015bnie","article_modified_time":"2026-04-08T10:05:53+00:00","twitter_card":"summary_large_image","twitter_misc":{"Szacowany czas czytania":"5 minut"},"schema":{"@context":"https:\/\/schema.org","@graph":[{"@type":"WebPage","@id":"https:\/\/pans.krosno.pl\/kola-naukowe\/studenckie-kola-naukowe\/kolo-naukowe-planta-medica\/kolo-naukowe-planta-medica-nasze-publikacje\/","url":"https:\/\/pans.krosno.pl\/kola-naukowe\/studenckie-kola-naukowe\/kolo-naukowe-planta-medica\/kolo-naukowe-planta-medica-nasze-publikacje\/","name":"Ko\u0142o Naukowe Planta Medica - Nasze Publikacje - Studenckie Ko\u0142a Naukowe PANS w Kro\u015bnie","isPartOf":{"@id":"https:\/\/pans.krosno.pl\/kola-naukowe\/#website"},"datePublished":"2020-12-11T08:09:48+00:00","dateModified":"2026-04-08T10:05:53+00:00","breadcrumb":{"@id":"https:\/\/pans.krosno.pl\/kola-naukowe\/studenckie-kola-naukowe\/kolo-naukowe-planta-medica\/kolo-naukowe-planta-medica-nasze-publikacje\/#breadcrumb"},"inLanguage":"pl-PL","potentialAction":[{"@type":"ReadAction","target":["https:\/\/pans.krosno.pl\/kola-naukowe\/studenckie-kola-naukowe\/kolo-naukowe-planta-medica\/kolo-naukowe-planta-medica-nasze-publikacje\/"]}]},{"@type":"BreadcrumbList","@id":"https:\/\/pans.krosno.pl\/kola-naukowe\/studenckie-kola-naukowe\/kolo-naukowe-planta-medica\/kolo-naukowe-planta-medica-nasze-publikacje\/#breadcrumb","itemListElement":[{"@type":"ListItem","position":1,"name":"Strona g\u0142\u00f3wna","item":"https:\/\/pans.krosno.pl\/kola-naukowe\/"},{"@type":"ListItem","position":2,"name":"Studenckie Ko\u0142a Naukowe","item":"https:\/\/pans.krosno.pl\/kola-naukowe\/studenckie-kola-naukowe\/"},{"@type":"ListItem","position":3,"name":"Ko\u0142o Naukowe Planta Medica","item":"https:\/\/pans.krosno.pl\/kola-naukowe\/studenckie-kola-naukowe\/kolo-naukowe-planta-medica\/"},{"@type":"ListItem","position":4,"name":"Ko\u0142o Naukowe Planta Medica &#8211; Nasze Publikacje"}]},{"@type":"WebSite","@id":"https:\/\/pans.krosno.pl\/kola-naukowe\/#website","url":"https:\/\/pans.krosno.pl\/kola-naukowe\/","name":"Studenckie Ko\u0142a Naukowe PANS w Kro\u015bnie","description":"Studenckie Ko\u0142a Naukowe - Pa\u0144stwowa Akademia Nauk Stosowanych","publisher":{"@id":"https:\/\/pans.krosno.pl\/kola-naukowe\/#organization"},"potentialAction":[{"@type":"SearchAction","target":{"@type":"EntryPoint","urlTemplate":"https:\/\/pans.krosno.pl\/kola-naukowe\/?s={search_term_string}"},"query-input":{"@type":"PropertyValueSpecification","valueRequired":true,"valueName":"search_term_string"}}],"inLanguage":"pl-PL"},{"@type":"Organization","@id":"https:\/\/pans.krosno.pl\/kola-naukowe\/#organization","name":"Studenckie Ko\u0142a Naukowe PANS w Kro\u015bnie","url":"https:\/\/pans.krosno.pl\/kola-naukowe\/","logo":{"@type":"ImageObject","inLanguage":"pl-PL","@id":"https:\/\/pans.krosno.pl\/kola-naukowe\/#\/schema\/logo\/image\/","url":"https:\/\/pans.krosno.pl\/kola-naukowe\/wp-content\/uploads\/sites\/48\/2023\/01\/Logo-PANS-2022-pelne.png","contentUrl":"https:\/\/pans.krosno.pl\/kola-naukowe\/wp-content\/uploads\/sites\/48\/2023\/01\/Logo-PANS-2022-pelne.png","width":3096,"height":696,"caption":"Studenckie Ko\u0142a Naukowe PANS w Kro\u015bnie"},"image":{"@id":"https:\/\/pans.krosno.pl\/kola-naukowe\/#\/schema\/logo\/image\/"}}]}},"_links":{"self":[{"href":"https:\/\/pans.krosno.pl\/kola-naukowe\/wp-json\/wp\/v2\/pages\/3594","targetHints":{"allow":["GET"]}}],"collection":[{"href":"https:\/\/pans.krosno.pl\/kola-naukowe\/wp-json\/wp\/v2\/pages"}],"about":[{"href":"https:\/\/pans.krosno.pl\/kola-naukowe\/wp-json\/wp\/v2\/types\/page"}],"author":[{"embeddable":true,"href":"https:\/\/pans.krosno.pl\/kola-naukowe\/wp-json\/wp\/v2\/users\/39"}],"replies":[{"embeddable":true,"href":"https:\/\/pans.krosno.pl\/kola-naukowe\/wp-json\/wp\/v2\/comments?post=3594"}],"version-history":[{"count":36,"href":"https:\/\/pans.krosno.pl\/kola-naukowe\/wp-json\/wp\/v2\/pages\/3594\/revisions"}],"predecessor-version":[{"id":7900,"href":"https:\/\/pans.krosno.pl\/kola-naukowe\/wp-json\/wp\/v2\/pages\/3594\/revisions\/7900"}],"up":[{"embeddable":true,"href":"https:\/\/pans.krosno.pl\/kola-naukowe\/wp-json\/wp\/v2\/pages\/3585"}],"wp:attachment":[{"href":"https:\/\/pans.krosno.pl\/kola-naukowe\/wp-json\/wp\/v2\/media?parent=3594"}],"curies":[{"name":"wp","href":"https:\/\/api.w.org\/{rel}","templated":true}]}}