{"id":3592,"date":"2020-12-11T09:07:58","date_gmt":"2020-12-11T08:07:58","guid":{"rendered":"https:\/\/pans.krosno.pl\/kola-naukowe\/?page_id=3592"},"modified":"2025-05-17T21:35:24","modified_gmt":"2025-05-17T19:35:24","slug":"kolo-naukowe-planta-medica-udzial-w-konferencjach","status":"publish","type":"page","link":"https:\/\/pans.krosno.pl\/kola-naukowe\/studenckie-kola-naukowe\/kolo-naukowe-planta-medica\/kolo-naukowe-planta-medica-udzial-w-konferencjach\/","title":{"rendered":"Ko\u0142o Naukowe Planta Medica &#8211;                             Udzia\u0142 w konferencjach"},"content":{"rendered":"\n<p><strong>XI Konferencja naukowa Ro\u015bliny zielarskie, kosmetyki naturalne i \u017cywno\u015b\u0107 funkcjonalna. Zio\u0142a z bliska i z daleka. Krosno, 8-9.05.2025r.<\/strong><\/p>\n\n\n\n<p><strong>Wyst\u0105pienia:<\/strong><\/p>\n\n\n\n<p><strong>Przemys\u0142aw Wadowski<\/strong>: W\u0142a\u015bciwo\u015bci antybakteryjne wyci\u0105gu metanolowego z ziarnop\u0142onu wiosennego \u2013 <em>Ficaria verna Huds<\/em>.<\/p>\n\n\n\n<p><strong>Sebastian Such:<\/strong> W\u0142a\u015bciwo\u015bci antybakteryjne wyci\u0105g\u00f3w alkoholowych z glistnika \u2013 Chelidonium<br>majus L. i firletki poszarpanej &#8211; Silene flos-cuculi (L.) Greuter &amp; Burdet<\/p>\n\n\n\n<p><strong>Iwona Nowak<\/strong>: W\u0142a\u015bciwo\u015bci antybakteryjne wyci\u0105gu alkoholowego z ziela \u015bledziennicy skr\u0119tolistnej <em>Chrysosplenium alternifolium<\/em> L.<\/p>\n\n\n\n<p><strong>Ewa Klonowska:<\/strong> Badania chromatograficzne i w\u0142a\u015bciwo\u015bci antybakteryjne wyci\u0105g\u00f3w z li\u015bci<br>wrotyczu pospolitego \u2013 <em>Tanacetum vulgare<\/em> L.<\/p>\n\n\n\n<p><strong>Beata Kludacz:<\/strong> Jab\u0142o\u0144 domowa <em>Malus domestica<\/em>, dzikie jab\u0142ka kontra wsp\u00f3\u0142czesne klony<\/p>\n\n\n\n<p><strong>Sesja posterowa<\/strong>:<\/p>\n\n\n\n<p><strong>Beata Kludacz<\/strong>: W\u0142a\u015bciwo\u015bci antybakteryjne wyci\u0105g\u00f3w alkoholowych i hydrolatu z ziela czosnku nied\u017awiedziego \u2013 <em>Allium ursinum<\/em> L.<\/p>\n\n\n\n<p><strong>Ewa Tompolska, Przemys\u0142aw Wadowski<\/strong>: Metody por\u00f3wnawcze gatunk\u00f3w <em>Astragalus<\/em> Sp.<\/p>\n\n\n\n<p><strong>Karolina Buba:<\/strong> Wp\u0142yw metod ekstrakcji na zawarto\u015b\u0107 substancji bioaktywnych w owocach dzikiej r\u00f3\u017cy<\/p>\n\n\n\n<p><\/p>\n\n\n\n<hr class=\"wp-block-separator has-css-opacity\" \/>\n\n\n\n<p><strong>9th Global Issues Conference<\/strong>, 1-4.04.2025<\/p>\n\n\n\n<p>Asmaa Dish,<strong> Dominika Kopacz<\/strong>, Wojciech Wieczorek, Dominik Wr\u00f3bel, Benameur Rehar &#8222;The impact of consumerism and consumer awareness on product quality using chocolate as an example&#8221;<\/p>\n\n\n\n<p>Samah Gourari, <strong>Katarzyna Bajger <\/strong> &#8222;The Emotional Spectrum of Sound: Physics as a bridge to understanding the mystery of our minds&#8221;<\/p>\n\n\n\n<p><strong>Natasza Maj,<\/strong> Jihane Saousane Mahi, Kalina Markovska, Filip Belczyk, Benameur Rehar, Mokhtari Ryad Mohhamed &#8222;Gender Equality in Higher Education: Analyzing Trends Across Three Universities from Algeria, Poland, and North Macedonia&#8221;<\/p>\n\n\n\n<ul class=\"wp-block-list\">\n<li>XI Forum M\u0142odych Naukowc\u00f3w Nauki przyrodnicze i medyczne, organizowanym przez Stowarzyszenie M\u0142odych Naukowc\u00f3w w Lublinie, 6-7.12.2024r. &#8211;<strong> Sebastian Fr\u00f6hlich,<\/strong> poster <br>&#8222;Synergizm surowc\u00f3w zielarskich jako mo\u017cliwa droga innowacji na przyk\u0142adzie wynik\u00f3w posiew\u00f3w bakteryjnych&#8221;<\/li>\n<\/ul>\n\n\n\n<p><strong>Udzia\u0142 w konferencjach<\/strong><\/p>\n\n\n\n<ul class=\"wp-block-list\">\n<li><strong>X konferencja naukowa z cyklu Ro\u015bliny zielarskie, kosmetyki naturalne i \u017cywno\u015b\u0107 funkcjonalna. Zio\u0142a w profilaktyce i terapii chor\u00f3b. Od juniora do seniora, PANS w Kro\u015bnie, 16-17.05.2024r.<\/strong><\/li>\n<\/ul>\n\n\n\n<p><strong>Wyst\u0105pienia:<\/strong><\/p>\n\n\n\n<p><strong>Przemys\u0142aw Wadowski, Adrian Ga\u0142\u0105zka<\/strong>: Por\u00f3wnawcze badania chromatograficzne bylicy rocznej \u2013 <em>Artemisia annua<\/em> L., bylicy pio\u0142un \u2013 <em>Artemisia absinthium <\/em>L. i bylicy pospolitej \u2013 <em>Artemisia vulgaris<\/em> L.<\/p>\n\n\n\n<p><strong>Adrian Ga\u0142\u0105zka<\/strong>: Por\u00f3wnawcze badania chromatograficzne tarczycy pospolitej <em>Scutellaria galericulata<\/em> L. i tarczycy bajkalskiej \u2013 <em>Scutellaria baicalensis Georgi<\/em><\/p>\n\n\n\n<p><strong>Dominika Ha\u0142as<\/strong>: Jako\u015bciowe badania chromatograficzne kwiat\u00f3w magnolii purpurowej \u2013 <em>Magnolia liliiflora Desr<\/em>. i magnolii nagiej \u2013 <em>Magnolia denudata Desr.<\/em><\/p>\n\n\n\n<p><strong>Ewa Klonowska, Anna Ry\u015b<\/strong>: Wra\u017cliwo\u015b\u0107 wybranych bakterii na wyci\u0105gi z plechy pustu\u0142ki p\u0119cherzykowatej <em>Hypogymnia physodes <\/em>(L.) Nyl. i brodaczki zwyczajnej \u2013 <em>Usnea filipendula <\/em>Stirt.<\/p>\n\n\n\n<p><strong>Beata Kludacz, Alicja Grzesik<\/strong>: Wra\u017cliwo\u015b\u0107 wybranych bakterii probiotycznych na wyci\u0105gi z czosnku nied\u017awiedziego \u2013 <em>Allium ursinum<\/em> L. i czosnaczku pospolitego \u2013 <em>Alliaria officinalis Andrz.<\/em><\/p>\n\n\n\n<p><strong>Sebastian Fr\u00f6hlich<\/strong>: Wra\u017cliwo\u015b\u0107 wybranych bakterii na Balsamum Commendatoris (P<em>ersischer Wundbalsam, Pharmacopoea Helvetica 1865<\/em>)<\/p>\n\n\n\n<p><strong>Sebastian Such<\/strong>: Zawarto\u015b\u0107 polifenoli i w\u0142a\u015bciwo\u015bci antyoksydacyjne mieszanek zio\u0142owych zawieraj\u0105cych konopie siewne \u2013 <em>Cannabis sativa<\/em> L.<\/p>\n\n\n\n<p><strong>Sesja posterowa:<\/strong><\/p>\n\n\n\n<p><strong>Dorota Smoter, Ewelina Gonet<\/strong>, mgr in\u017c. Angelika Uram-Dudek: W\u0142a\u015bciwo\u015bci prozdrowotne i charakterystyka biochemiczna sok\u00f3w z pokrzywy zwyczajnej (<em>Urtica dioica<\/em> L.)<\/p>\n\n\n\n<p><strong>Ewelina Gonet<\/strong>, Mikro\u015bwiat Zielarskich Kreacji: Interpretacje pod mikroskopem<\/p>\n\n\n\n<p><strong>Aleksandra Sereda, Adrianna Folta, Justyna Buba, Katarzyna Wojciechowska, El\u017cbieta Futyma, Urszula Mikosz, Karolina Buba<\/strong>, mgr Paulina J\u0119drzejewska, mgr in\u017c. Angelika Uram-Dudek Ocena zawarto\u015bci wybranych sk\u0142adnik\u00f3w bioaktywnych w nalewkach z owoc\u00f3w krajowych<\/p>\n\n\n\n<p><strong>Julia Baszczy\u0144ska, Karolina Czerska,<\/strong> mgr in\u017c. Angelika Uram-Dudek, dr in\u017c. Bernadetta Bienia, Por\u00f3wnanie w\u0142a\u015bciwo\u015bci antyoksydacyjnych ekstrakt\u00f3w sporz\u0105dzonych ze \u015bwie\u017cych i suszonych li\u015bci ziarnop\u0142onu wiosennego (<em>Ficaria verna<\/em>)<\/p>\n\n\n\n<p>&nbsp;<\/p>\n\n\n\n<ul class=\"wp-block-list\">\n<li>VI Og\u00f3lnopolska Konferencja Studenckich K\u00f3\u0142 Naukowych \u201eBadania, innowacje i pasje z perspektywy m\u0142odego naukowca\u201d, PANS w Kro\u015bnie, 18.05.2023r. &#8211; wyst\u0105pienie <strong>Monika Kozielska<\/strong> \u201e<em>Oznaczenie zawarto\u015bci kurkuminoid\u00f3w metod\u0105 spektrofotometryczn\u0105\u201d<\/em><\/li>\n\n\n\n<li>VI Og\u00f3lnopolska Konferencja Studenckich K\u00f3\u0142 Naukowych \u201eBadania, innowacje i pasje z perspektywy m\u0142odego naukowca\u201d, PANS w Kro\u015bnie, 18.05.2023r. &#8211; wyst\u0105pienie Viktoryia Zhukava, Mateusz Zaborowski, <strong>Julia Baszczy\u0144ska<\/strong> \u201e<em>Media spo\u0142eczno\u015bciowe jako obszar pozyskiwania informacji zakupowej\u201d<\/em><\/li>\n\n\n\n<li>IX Konferencja naukowa Ro\u015bliny zielarskie, kosmetyki naturalna&nbsp;&nbsp;i \u017cywno\u015b\u0107 funkcjonalna.&nbsp;&nbsp;<em>Owoce w \u017cywno\u015bci funkcjonalnej, lakach i suplementach diety. Zio\u0142a jako alternatywa dla antybiotyk\u00f3w, <\/em>Krosno 11-12.05.2023r. &#8211; wyst\u0105pienie <strong>Urszula Romanowska:<\/strong> <em>Chromatograficzne badania sk\u0142adu jako\u015bciowego nasion poganka rutowatego \u2013 Peganum harmala <\/em>L<em>.<\/em><\/li>\n\n\n\n<li>IX Konferencja naukowa Ro\u015bliny zielarskie, kosmetyki naturalna&nbsp;&nbsp;i \u017cywno\u015b\u0107 funkcjonalna.&nbsp;&nbsp;<em>Owoce w \u017cywno\u015bci funkcjonalnej, lakach i suplementach diety. Zio\u0142a jako alternatywa dla antybiotyk\u00f3w, <\/em>Krosno 11-12.05.2023r. &#8211; wyst\u0105pienie <strong>Alicja Krzeszowiak:<\/strong> <em>Chromatograficzne badania sk\u0142adu jako\u015bciowego glistnika jask\u00f3\u0142cze ziele \u2013 Chelidonium majus L.<\/em><\/li>\n\n\n\n<li>IX Konferencja naukowa Ro\u015bliny zielarskie, kosmetyki naturalna&nbsp;&nbsp;i \u017cywno\u015b\u0107 funkcjonalna.&nbsp;&nbsp;<em>Owoce w \u017cywno\u015bci funkcjonalnej, lakach i suplementach diety. Zio\u0142a jako alternatywa dla antybiotyk\u00f3w, <\/em>Krosno 11-12.05.2023r. &#8211; wyst\u0105pienie <strong>Estera Kozielska i Monika Kozielska:<\/strong> <em>Metody badania autentyczno\u015bci py\u0142ku pszczelego<\/em><\/li>\n\n\n\n<li>IX Konferencja naukowa Ro\u015bliny zielarskie, kosmetyki naturalna&nbsp;&nbsp;i \u017cywno\u015b\u0107 funkcjonalna.&nbsp;&nbsp;<em>Owoce w \u017cywno\u015bci funkcjonalnej, lakach i suplementach diety. Zio\u0142a jako alternatywa dla antybiotyk\u00f3w, <\/em>Krosno 11-12.05.2023r. &#8211; wyst\u0105pienie <strong>Adrian Ga\u0142\u0105zka:<\/strong> <em>Wiecznik kulisty \u2013 Gomphrena globosa L. jako \u017ar\u00f3d\u0142o antyoksydant\u00f3w oraz naturalnych barwnik\u00f3w<\/em><\/li>\n\n\n\n<li>IX Konferencja naukowa Ro\u015bliny zielarskie, kosmetyki naturalna&nbsp;&nbsp;i \u017cywno\u015b\u0107 funkcjonalna.&nbsp;&nbsp;<em>Owoce w \u017cywno\u015bci funkcjonalnej, lakach i suplementach diety. Zio\u0142a jako alternatywa dla antybiotyk\u00f3w, <\/em>Krosno 11-12.05.2023r. &#8211; wyst\u0105pienie: <strong>Sebastian Fr\u00f6hlich <\/strong>&#8222;Zapach kadzide\u0142 &#8211; jako\u015bciowa ocena substancji czynnych zawartych w olejkach eterycznych \u017cywic drzew egzotycznych&#8221;<\/li>\n\n\n\n<li>VIII Konferencja naukowa &#8222;Ro\u015bliny zielarskie, kosmetyki naturalne i \u017cywno\u015b\u0107 funkcjonalna. Polskie zio\u0142a w medycynie i tradycji kulturowej&#8221;, Krosno 15-16.09.2022r. &#8211; wyst\u0105pienie: <strong>Estera Kozielska<\/strong> &#8222;Zmienno\u015b\u0107 sk\u0142adu jako\u015bciowego kory wierzby bia\u0142ej <em>Salix alba<\/em> L. w zale\u017cno\u015bci od okresu przechowywania surowca.<\/li>\n\n\n\n<li>VIII Konferencja naukowa &#8222;Ro\u015bliny zielarskie, kosmetyki naturalne i \u017cywno\u015b\u0107 funkcjonalna. Polskie zio\u0142a w medycynie i tradycji kulturowej&#8221;, Krosno 15-16.09.2022r. &#8211; wyst\u0105pienie: <strong>Sebastian Fr\u00f6hlich<\/strong>: <em>Por\u00f3wnanie materia medica zawartej w Physica Hildegardy <\/em><em>z Bingen z Zielnikiem Szymona Syreniusza, Herbarzem Polskim oraz Herbarzem Siennika wraz <\/em><em>ze wsp\u00f3\u0142czesnym zastosowaniem fitoterapeutycznym.<\/em><\/li>\n\n\n\n<li><br><p>VIII Konferencja naukowa &#8222;Ro\u015bliny zielarskie, kosmetyki naturalne i \u017cywno\u015b\u0107 funkcjonalna. Polskie zio\u0142a w medycynie i tradycji kulturowej&#8221;, Krosno 15-16.09.2022r. &#8211; wyst\u0105pienie:<strong> Alicja Krzeszowiak:<\/strong> <em>Trwa\u0142o\u015b\u0107 flawonolignan\u00f3w w owocach ostropestu plamistego Silybum marianum (L.) Gaertner.<\/em><\/p><br><\/li>\n\n\n\n<li><br><p><em>VIII Konferencja naukowa &#8222;Ro\u015bliny zielarskie, kosmetyki naturalne i \u017cywno\u015b\u0107 funkcjonalna. Polskie zio\u0142a w medycynie i tradycji kulturowej&#8221;, Krosno 15-16.09.2022r. &#8211; wyst\u0105pienie:&nbsp;<\/em><strong> Monika Kozielska:<\/strong> <em>Trwa\u0142o\u015b\u0107 kapsacynoid\u00f3w w owocach papryki rocznej Capsicum annuum L. w zale\u017cno\u015bci od okresu przechowywania.<\/em><\/p><br><\/li>\n\n\n\n<li>Konferencja &#8222;Kiedy wynalazki inspiruj\u0105. Konferencja w 150. rocznic\u0119 urodzin Jana Szczepanika (1872-1926)&#8221;, Krosno, 2.06.2022r. &#8211; wyst\u0105pienie: <strong>Estera Kozielska<\/strong> &#8222;Badanie wp\u0142ywu czasu na zawarto\u015b\u0107 zwi\u0105zk\u00f3w aktywnych w <em>Salicis alba cortex&#8221;<\/em><\/li>\n\n\n\n<li>VII Konferencja naukowa \u201eRo\u015bliny zielarskie, kosmetyki naturalne i \u017cywno\u015b\u0107 funkcjonalna. Ro\u015bliny lecznicze i leki zio\u0142owe w terapii i profilaktyce chor\u00f3b wirusowych. Naturalne substancje przeciwwirusowe\u201d, Krosno, 9-10.09.2021r.<\/li>\n\n\n\n<li>VIII Konferencja Zielarska Kobiet w Zio\u0142owym Zak\u0105tku w Korycinach, Koryciny, 26-30.06.2019r.<\/li>\n\n\n\n<li>II Og\u00f3lnopolska Konferencja Naukowa \u201eRo\u015bliny w naukach medycznych i przyrodniczych\u201d, Lublin, 24.05.2019r.<\/li>\n\n\n\n<li>VI Konferencja Ro\u015bliny zielarskie, kosmetyki naturalne i \u017cywno\u015b\u0107 funkcjonalna. Medycyna komplementarna w zapobieganiu i leczeniu chor\u00f3b cywilizacyjnych, PWSZ w Kro\u015bnie, 9-10.05.2019r.<\/li>\n\n\n\n<li>II Og\u00f3lnopolska Konferencja Naukowa Nutricib \u017bywno\u015b\u0107 i \u017bywienie &#8211; przegl\u0105d i badania, Lublin,&nbsp; 06.12.2019r.<\/li>\n\n\n\n<li>V Mi\u0119dzynarodowa konferencja \u201eRo\u015bliny zielarskie w zapobieganiu i leczeniu chor\u00f3b cywilizacyjnych\u201d, PWSZ w Kro\u015bnie, 10-11.05.2018r.<\/li>\n\n\n\n<li>IV Mi\u0119dzynarodowa Konferencja \u201eRo\u015bliny zielarskie, kosmetyki naturalne i \u017cywno\u015b\u0107 funkcjonalna. Nowe nadzieje fitoterapii\u201d, PWSZ w Kro\u015bnie, 11-12.05.2017r.<\/li>\n\n\n\n<li>VI Og\u00f3lnopolska Konferencja SKN \u201eKo\u0142a Naukowe &#8211; Szko\u0142\u0105 Tw\u00f3rczego Dzia\u0142ania\u201d, PWSZ w Bia\u0142ej Podlaskiej.<\/li>\n<\/ul>\n\n\n\n<p>&nbsp;<\/p>\n","protected":false},"excerpt":{"rendered":"<p>XI Konferencja naukowa Ro\u015bliny zielarskie, kosmetyki naturalne i \u017cywno\u015b\u0107 funkcjonalna. Zio\u0142a z bliska i z daleka. Krosno, 8-9.05.2025r. Wyst\u0105pienia: Przemys\u0142aw Wadowski: W\u0142a\u015bciwo\u015bci antybakteryjne wyci\u0105gu metanolowego z ziarnop\u0142onu wiosennego \u2013 Ficaria verna Huds. Sebastian Such: W\u0142a\u015bciwo\u015bci antybakteryjne wyci\u0105g\u00f3w alkoholowych z glistnika \u2013 Chelidoniummajus L. i firletki poszarpanej &#8211; Silene flos-cuculi (L.) [\u2026] <\/p>\n<div class=\"clear\"><\/div>\n<p><a class=\"more_link clearfix\" href=\"https:\/\/pans.krosno.pl\/kola-naukowe\/studenckie-kola-naukowe\/kolo-naukowe-planta-medica\/kolo-naukowe-planta-medica-udzial-w-konferencjach\/\" rel=\"nofollow\">Read More<\/a><\/p>\n","protected":false},"author":39,"featured_media":0,"parent":3585,"menu_order":0,"comment_status":"closed","ping_status":"closed","template":"page-templates\/template-full-width.php","meta":{"ngg_post_thumbnail":0,"footnotes":""},"class_list":["post-3592","page","type-page","status-publish","hentry"],"yoast_head":"<!-- This site is optimized with the Yoast SEO Premium plugin v27.3 (Yoast SEO v27.3) - https:\/\/yoast.com\/product\/yoast-seo-premium-wordpress\/ -->\n<title>Ko\u0142o Naukowe Planta Medica -               Udzia\u0142 w konferencjach - Studenckie Ko\u0142a Naukowe PANS w Kro\u015bnie<\/title>\n<meta name=\"robots\" content=\"index, follow, max-snippet:-1, max-image-preview:large, max-video-preview:-1\" \/>\n<link rel=\"canonical\" href=\"https:\/\/pans.krosno.pl\/kola-naukowe\/studenckie-kola-naukowe\/kolo-naukowe-planta-medica\/kolo-naukowe-planta-medica-udzial-w-konferencjach\/\" \/>\n<meta property=\"og:locale\" content=\"pl_PL\" \/>\n<meta property=\"og:type\" content=\"article\" \/>\n<meta property=\"og:title\" content=\"Ko\u0142o Naukowe Planta Medica -               Udzia\u0142 w konferencjach\" \/>\n<meta property=\"og:description\" content=\"XI Konferencja naukowa Ro\u015bliny zielarskie, kosmetyki naturalne i \u017cywno\u015b\u0107 funkcjonalna. Zio\u0142a z bliska i z daleka. Krosno, 8-9.05.2025r. Wyst\u0105pienia: Przemys\u0142aw Wadowski: W\u0142a\u015bciwo\u015bci antybakteryjne wyci\u0105gu metanolowego z ziarnop\u0142onu wiosennego \u2013 Ficaria verna Huds. Sebastian Such: W\u0142a\u015bciwo\u015bci antybakteryjne wyci\u0105g\u00f3w alkoholowych z glistnika \u2013 Chelidoniummajus L. i firletki poszarpanej &#8211; Silene flos-cuculi (L.) [\u2026] Read More\" \/>\n<meta property=\"og:url\" content=\"https:\/\/pans.krosno.pl\/kola-naukowe\/studenckie-kola-naukowe\/kolo-naukowe-planta-medica\/kolo-naukowe-planta-medica-udzial-w-konferencjach\/\" \/>\n<meta property=\"og:site_name\" content=\"Studenckie Ko\u0142a Naukowe PANS w Kro\u015bnie\" \/>\n<meta property=\"article:modified_time\" content=\"2025-05-17T19:35:24+00:00\" \/>\n<meta name=\"twitter:card\" content=\"summary_large_image\" \/>\n<meta name=\"twitter:label1\" content=\"Szacowany czas czytania\" \/>\n\t<meta name=\"twitter:data1\" content=\"7 minut\" \/>\n<script type=\"application\/ld+json\" class=\"yoast-schema-graph\">{\"@context\":\"https:\\\/\\\/schema.org\",\"@graph\":[{\"@type\":\"WebPage\",\"@id\":\"https:\\\/\\\/pans.krosno.pl\\\/kola-naukowe\\\/studenckie-kola-naukowe\\\/kolo-naukowe-planta-medica\\\/kolo-naukowe-planta-medica-udzial-w-konferencjach\\\/\",\"url\":\"https:\\\/\\\/pans.krosno.pl\\\/kola-naukowe\\\/studenckie-kola-naukowe\\\/kolo-naukowe-planta-medica\\\/kolo-naukowe-planta-medica-udzial-w-konferencjach\\\/\",\"name\":\"Ko\u0142o Naukowe Planta Medica - Udzia\u0142 w konferencjach - Studenckie Ko\u0142a Naukowe PANS w Kro\u015bnie\",\"isPartOf\":{\"@id\":\"https:\\\/\\\/pans.krosno.pl\\\/kola-naukowe\\\/#website\"},\"datePublished\":\"2020-12-11T08:07:58+00:00\",\"dateModified\":\"2025-05-17T19:35:24+00:00\",\"breadcrumb\":{\"@id\":\"https:\\\/\\\/pans.krosno.pl\\\/kola-naukowe\\\/studenckie-kola-naukowe\\\/kolo-naukowe-planta-medica\\\/kolo-naukowe-planta-medica-udzial-w-konferencjach\\\/#breadcrumb\"},\"inLanguage\":\"pl-PL\",\"potentialAction\":[{\"@type\":\"ReadAction\",\"target\":[\"https:\\\/\\\/pans.krosno.pl\\\/kola-naukowe\\\/studenckie-kola-naukowe\\\/kolo-naukowe-planta-medica\\\/kolo-naukowe-planta-medica-udzial-w-konferencjach\\\/\"]}]},{\"@type\":\"BreadcrumbList\",\"@id\":\"https:\\\/\\\/pans.krosno.pl\\\/kola-naukowe\\\/studenckie-kola-naukowe\\\/kolo-naukowe-planta-medica\\\/kolo-naukowe-planta-medica-udzial-w-konferencjach\\\/#breadcrumb\",\"itemListElement\":[{\"@type\":\"ListItem\",\"position\":1,\"name\":\"Strona g\u0142\u00f3wna\",\"item\":\"https:\\\/\\\/pans.krosno.pl\\\/kola-naukowe\\\/\"},{\"@type\":\"ListItem\",\"position\":2,\"name\":\"Studenckie Ko\u0142a Naukowe\",\"item\":\"https:\\\/\\\/pans.krosno.pl\\\/kola-naukowe\\\/studenckie-kola-naukowe\\\/\"},{\"@type\":\"ListItem\",\"position\":3,\"name\":\"Ko\u0142o Naukowe Planta Medica\",\"item\":\"https:\\\/\\\/pans.krosno.pl\\\/kola-naukowe\\\/studenckie-kola-naukowe\\\/kolo-naukowe-planta-medica\\\/\"},{\"@type\":\"ListItem\",\"position\":4,\"name\":\"Ko\u0142o Naukowe Planta Medica &#8211; Udzia\u0142 w konferencjach\"}]},{\"@type\":\"WebSite\",\"@id\":\"https:\\\/\\\/pans.krosno.pl\\\/kola-naukowe\\\/#website\",\"url\":\"https:\\\/\\\/pans.krosno.pl\\\/kola-naukowe\\\/\",\"name\":\"Studenckie Ko\u0142a Naukowe PANS w Kro\u015bnie\",\"description\":\"Studenckie Ko\u0142a Naukowe - Pa\u0144stwowa Akademia Nauk Stosowanych\",\"publisher\":{\"@id\":\"https:\\\/\\\/pans.krosno.pl\\\/kola-naukowe\\\/#organization\"},\"potentialAction\":[{\"@type\":\"SearchAction\",\"target\":{\"@type\":\"EntryPoint\",\"urlTemplate\":\"https:\\\/\\\/pans.krosno.pl\\\/kola-naukowe\\\/?s={search_term_string}\"},\"query-input\":{\"@type\":\"PropertyValueSpecification\",\"valueRequired\":true,\"valueName\":\"search_term_string\"}}],\"inLanguage\":\"pl-PL\"},{\"@type\":\"Organization\",\"@id\":\"https:\\\/\\\/pans.krosno.pl\\\/kola-naukowe\\\/#organization\",\"name\":\"Studenckie Ko\u0142a Naukowe PANS w Kro\u015bnie\",\"url\":\"https:\\\/\\\/pans.krosno.pl\\\/kola-naukowe\\\/\",\"logo\":{\"@type\":\"ImageObject\",\"inLanguage\":\"pl-PL\",\"@id\":\"https:\\\/\\\/pans.krosno.pl\\\/kola-naukowe\\\/#\\\/schema\\\/logo\\\/image\\\/\",\"url\":\"https:\\\/\\\/pans.krosno.pl\\\/kola-naukowe\\\/wp-content\\\/uploads\\\/sites\\\/48\\\/2023\\\/01\\\/Logo-PANS-2022-pelne.png\",\"contentUrl\":\"https:\\\/\\\/pans.krosno.pl\\\/kola-naukowe\\\/wp-content\\\/uploads\\\/sites\\\/48\\\/2023\\\/01\\\/Logo-PANS-2022-pelne.png\",\"width\":3096,\"height\":696,\"caption\":\"Studenckie Ko\u0142a Naukowe PANS w Kro\u015bnie\"},\"image\":{\"@id\":\"https:\\\/\\\/pans.krosno.pl\\\/kola-naukowe\\\/#\\\/schema\\\/logo\\\/image\\\/\"}}]}<\/script>\n<!-- \/ Yoast SEO Premium plugin. -->","yoast_head_json":{"title":"Ko\u0142o Naukowe Planta Medica -               Udzia\u0142 w konferencjach - Studenckie Ko\u0142a Naukowe PANS w Kro\u015bnie","robots":{"index":"index","follow":"follow","max-snippet":"max-snippet:-1","max-image-preview":"max-image-preview:large","max-video-preview":"max-video-preview:-1"},"canonical":"https:\/\/pans.krosno.pl\/kola-naukowe\/studenckie-kola-naukowe\/kolo-naukowe-planta-medica\/kolo-naukowe-planta-medica-udzial-w-konferencjach\/","og_locale":"pl_PL","og_type":"article","og_title":"Ko\u0142o Naukowe Planta Medica -               Udzia\u0142 w konferencjach","og_description":"XI Konferencja naukowa Ro\u015bliny zielarskie, kosmetyki naturalne i \u017cywno\u015b\u0107 funkcjonalna. Zio\u0142a z bliska i z daleka. Krosno, 8-9.05.2025r. Wyst\u0105pienia: Przemys\u0142aw Wadowski: W\u0142a\u015bciwo\u015bci antybakteryjne wyci\u0105gu metanolowego z ziarnop\u0142onu wiosennego \u2013 Ficaria verna Huds. Sebastian Such: W\u0142a\u015bciwo\u015bci antybakteryjne wyci\u0105g\u00f3w alkoholowych z glistnika \u2013 Chelidoniummajus L. i firletki poszarpanej &#8211; Silene flos-cuculi (L.) [\u2026] Read More","og_url":"https:\/\/pans.krosno.pl\/kola-naukowe\/studenckie-kola-naukowe\/kolo-naukowe-planta-medica\/kolo-naukowe-planta-medica-udzial-w-konferencjach\/","og_site_name":"Studenckie Ko\u0142a Naukowe PANS w Kro\u015bnie","article_modified_time":"2025-05-17T19:35:24+00:00","twitter_card":"summary_large_image","twitter_misc":{"Szacowany czas czytania":"7 minut"},"schema":{"@context":"https:\/\/schema.org","@graph":[{"@type":"WebPage","@id":"https:\/\/pans.krosno.pl\/kola-naukowe\/studenckie-kola-naukowe\/kolo-naukowe-planta-medica\/kolo-naukowe-planta-medica-udzial-w-konferencjach\/","url":"https:\/\/pans.krosno.pl\/kola-naukowe\/studenckie-kola-naukowe\/kolo-naukowe-planta-medica\/kolo-naukowe-planta-medica-udzial-w-konferencjach\/","name":"Ko\u0142o Naukowe Planta Medica - Udzia\u0142 w konferencjach - Studenckie Ko\u0142a Naukowe PANS w Kro\u015bnie","isPartOf":{"@id":"https:\/\/pans.krosno.pl\/kola-naukowe\/#website"},"datePublished":"2020-12-11T08:07:58+00:00","dateModified":"2025-05-17T19:35:24+00:00","breadcrumb":{"@id":"https:\/\/pans.krosno.pl\/kola-naukowe\/studenckie-kola-naukowe\/kolo-naukowe-planta-medica\/kolo-naukowe-planta-medica-udzial-w-konferencjach\/#breadcrumb"},"inLanguage":"pl-PL","potentialAction":[{"@type":"ReadAction","target":["https:\/\/pans.krosno.pl\/kola-naukowe\/studenckie-kola-naukowe\/kolo-naukowe-planta-medica\/kolo-naukowe-planta-medica-udzial-w-konferencjach\/"]}]},{"@type":"BreadcrumbList","@id":"https:\/\/pans.krosno.pl\/kola-naukowe\/studenckie-kola-naukowe\/kolo-naukowe-planta-medica\/kolo-naukowe-planta-medica-udzial-w-konferencjach\/#breadcrumb","itemListElement":[{"@type":"ListItem","position":1,"name":"Strona g\u0142\u00f3wna","item":"https:\/\/pans.krosno.pl\/kola-naukowe\/"},{"@type":"ListItem","position":2,"name":"Studenckie Ko\u0142a Naukowe","item":"https:\/\/pans.krosno.pl\/kola-naukowe\/studenckie-kola-naukowe\/"},{"@type":"ListItem","position":3,"name":"Ko\u0142o Naukowe Planta Medica","item":"https:\/\/pans.krosno.pl\/kola-naukowe\/studenckie-kola-naukowe\/kolo-naukowe-planta-medica\/"},{"@type":"ListItem","position":4,"name":"Ko\u0142o Naukowe Planta Medica &#8211; Udzia\u0142 w konferencjach"}]},{"@type":"WebSite","@id":"https:\/\/pans.krosno.pl\/kola-naukowe\/#website","url":"https:\/\/pans.krosno.pl\/kola-naukowe\/","name":"Studenckie Ko\u0142a Naukowe PANS w Kro\u015bnie","description":"Studenckie Ko\u0142a Naukowe - Pa\u0144stwowa Akademia Nauk Stosowanych","publisher":{"@id":"https:\/\/pans.krosno.pl\/kola-naukowe\/#organization"},"potentialAction":[{"@type":"SearchAction","target":{"@type":"EntryPoint","urlTemplate":"https:\/\/pans.krosno.pl\/kola-naukowe\/?s={search_term_string}"},"query-input":{"@type":"PropertyValueSpecification","valueRequired":true,"valueName":"search_term_string"}}],"inLanguage":"pl-PL"},{"@type":"Organization","@id":"https:\/\/pans.krosno.pl\/kola-naukowe\/#organization","name":"Studenckie Ko\u0142a Naukowe PANS w Kro\u015bnie","url":"https:\/\/pans.krosno.pl\/kola-naukowe\/","logo":{"@type":"ImageObject","inLanguage":"pl-PL","@id":"https:\/\/pans.krosno.pl\/kola-naukowe\/#\/schema\/logo\/image\/","url":"https:\/\/pans.krosno.pl\/kola-naukowe\/wp-content\/uploads\/sites\/48\/2023\/01\/Logo-PANS-2022-pelne.png","contentUrl":"https:\/\/pans.krosno.pl\/kola-naukowe\/wp-content\/uploads\/sites\/48\/2023\/01\/Logo-PANS-2022-pelne.png","width":3096,"height":696,"caption":"Studenckie Ko\u0142a Naukowe PANS w Kro\u015bnie"},"image":{"@id":"https:\/\/pans.krosno.pl\/kola-naukowe\/#\/schema\/logo\/image\/"}}]}},"_links":{"self":[{"href":"https:\/\/pans.krosno.pl\/kola-naukowe\/wp-json\/wp\/v2\/pages\/3592","targetHints":{"allow":["GET"]}}],"collection":[{"href":"https:\/\/pans.krosno.pl\/kola-naukowe\/wp-json\/wp\/v2\/pages"}],"about":[{"href":"https:\/\/pans.krosno.pl\/kola-naukowe\/wp-json\/wp\/v2\/types\/page"}],"author":[{"embeddable":true,"href":"https:\/\/pans.krosno.pl\/kola-naukowe\/wp-json\/wp\/v2\/users\/39"}],"replies":[{"embeddable":true,"href":"https:\/\/pans.krosno.pl\/kola-naukowe\/wp-json\/wp\/v2\/comments?post=3592"}],"version-history":[{"count":17,"href":"https:\/\/pans.krosno.pl\/kola-naukowe\/wp-json\/wp\/v2\/pages\/3592\/revisions"}],"predecessor-version":[{"id":7368,"href":"https:\/\/pans.krosno.pl\/kola-naukowe\/wp-json\/wp\/v2\/pages\/3592\/revisions\/7368"}],"up":[{"embeddable":true,"href":"https:\/\/pans.krosno.pl\/kola-naukowe\/wp-json\/wp\/v2\/pages\/3585"}],"wp:attachment":[{"href":"https:\/\/pans.krosno.pl\/kola-naukowe\/wp-json\/wp\/v2\/media?parent=3592"}],"curies":[{"name":"wp","href":"https:\/\/api.w.org\/{rel}","templated":true}]}}