{"id":3587,"date":"2020-12-11T08:57:14","date_gmt":"2020-12-11T07:57:14","guid":{"rendered":"https:\/\/pans.krosno.pl\/kola-naukowe\/?page_id=3587"},"modified":"2026-04-08T12:08:08","modified_gmt":"2026-04-08T10:08:08","slug":"kolo-naukowe-planta-medica-informacje-o-kole","status":"publish","type":"page","link":"https:\/\/pans.krosno.pl\/kola-naukowe\/studenckie-kola-naukowe\/kolo-naukowe-planta-medica\/kolo-naukowe-planta-medica-informacje-o-kole\/","title":{"rendered":"Ko\u0142o Naukowe Planta Medica &#8211; Informacje o kole"},"content":{"rendered":"<p>Kilka s\u0142\u00f3w o kole studenckim Planta Medica<br>przy Pa\u0144stwowej Akademii Nauk Stosowanych&nbsp; w Kro\u015bnie.<\/p>\n<p>Znajomo\u015b\u0107 zi\u00f3\u0142 i ich uprawy, zastosowania w kuchni czy wykorzystanie w leczeniu dla wielu z Nas to pytania godne nagrody Nobla. Tu na&nbsp; Pa\u0144stwowej Akademii Nauk Stosowanych&nbsp; w Kro\u015bnie ucz\u0105 si\u0119 studenci, osoby m\u0142ode i pe\u0142ne zapa\u0142u, szukaj\u0105cy odpowiedzi na te nurtuj\u0105ce pytania. Wraz z naszymi wyk\u0142adowcami poznajemy tajniki uprawy ro\u015blin zielarskich i spo\u017cywczych, badamy sk\u0142ad i jako\u015b\u0107 surowc\u00f3w, poznajemy mechanizmy dzia\u0142ania zwi\u0105zk\u00f3w biologicznie czynnych. Uczymy si\u0119 jak \u201edary natury\u201d to jest ro\u015bliny zielarskie i gospodarcze wykorzystywa\u0107 w codziennym \u017cyciu i jak umiej\u0119tnie stosuj\u0105c zio\u0142a zapobiega\u0107 r\u00f3\u017cnych dolegliwo\u015bciom np. sezonowym infekcjom grypy. Ro\u015bliny, kt\u00f3re badamy i analizujemy, organoleptycznie i fizykochemicznie s\u0105 zbierane przez student\u00f3w, a najcz\u0119\u015bciej uprawiane na polu do\u015bwiadczalnym znajduj\u0105cym si\u0119 obok Uczelni.<br>Pole to z roku na rok rozrasta si\u0119 tworz\u0105c specyficzny i jedyny w sobie poligon zi\u00f3\u0142, krzew\u00f3w i ro\u015blin przemys\u0142owych, kt\u00f3ry letni\u0105 por\u0105 tworzy szachownic\u0119 kolor\u00f3w i zapach\u00f3w. Te jak\u017ce istotne doznania zmys\u0142owe pozwalaj\u0105 zrozumie\u0107, \u017ce nic w przyrodzie nie dzieje si\u0119 bezcelowo.<br>Kierunek Zielarstwo&nbsp; w PANS kszta\u0142ci kadr\u0119 specjalist\u00f3w w dziedzinie uprawy, konserwacji i przetwarzania surowc\u00f3w zielarskich.<br>Ko\u0142o Studenckie Planta Medica istnieje r\u00f3wnolegle z kierunkiem Zielarstwo. Ka\u017cdy kto wst\u0119puje w szeregi cz\u0142onk\u00f3w ko\u0142a rozpoczyna przygod\u0119 ze \u015bwiatem chemii pod okiem specjalist\u00f3w w tej dziedzinie, z nimi to w\u0142a\u015bnie w nowym laboratorium cz\u0142onkowie ko\u0142a poznaj\u0105 tajniki analizy jako\u015bciowej i ilo\u015bciowej, poznaj\u0105 grupy zwi\u0105zk\u00f3w organicznych pochodzenia ro\u015blinnego i nabywaj\u0105 zdolno\u015bci ich izolowania i oznaczania. Nic ju\u017c nie wygl\u0105da tak samo i nie jest tym samym, gdy si\u0119 pozna i zrozumie, dlaczego olejki pachn\u0105 i dlaczego garbniki garbuj\u0105 \u201esk\u00f3r\u0119\u201d.<\/p>\n<p>Co robimy w kole:<br>Cz\u0142onkowie Studenckiego Ko\u0142a Naukowego ,,Planta Medica\u2019\u2019 prowadz\u0105 m. in. badania naukowe zwi\u0105zane z:<br>1. ilo\u015bciowym i jako\u015bciowym oznaczeniem olejk\u00f3w eterycznych<br>2. ilo\u015bciow\u0105 i jako\u015bciow\u0105 analiz\u0105 zwi\u0105zk\u00f3w o charakterze polifenolowym np. flawonoid\u00f3w, karotenoid\u00f3w i in.<br>3. prowadz\u0105 badania w\u0142a\u015bciwo\u015bci antyoksydacyjnych preparat\u00f3w ro\u015blinnych i produkt\u00f3w \u017cywno\u015bci (w tym suplement\u00f3w diety)<br>4. dokonuj\u0105 oceny pod wzgl\u0119dem jako\u015bci produkt\u00f3w zielarskich obecnych na polskim rynku<br>5. dokonuj\u0105 ilo\u015bciowej analizy witaminy C oraz bia\u0142ka w ro\u015blinach leczniczych<br>6. optymalizuj\u0105 procesy ekstrakcji zwi\u0105zk\u00f3w ro\u015blinnych oraz prowadz\u0105 analizy identyfikacji wyizolowanych zwi\u0105zk\u00f3w<br>7. pozosta\u0142o\u015bciami naturalnych ekosystem\u00f3w jako refugia rzadkich gatunk\u00f3w leczniczych.<br>8. ucz\u0105 si\u0119 technologii uprawy zi\u00f3\u0142 oraz ich zbioru, suszenia, magazynowania i przetwarzania.<br>9. poznaj\u0105 podstawy mikrobiologii, bromatologii.<br>10. poznaj\u0105 ro\u015bliny te bardzo znane i opisane jak i te zapomniane.<\/p>\n<p>Wyniki swoich bada\u0144 publikuj\u0105 oraz prezentuj\u0105 na seminariach, konferencjach krajowych i zagranicznych w formie zar\u00f3wno referat\u00f3w ustnych jak i poster\u00f3w.<\/p>\n<p>Gdzie nas mo\u017cna spotka\u0107 poza laboratorium:<br><br>1. Konferencje zielarskie organizowane w PANS<br>2. Sta\u0142e wydarzenia na Uczelni: Noc Biolog\u00f3w, Akademia M\u0142odych, Akademickie Dni Nauki,<br>3. W ramach pracy ko\u0142a organizowane s\u0105 r\u00f3wnie\u017c warsztaty dla zaprzyja\u017anionych szk\u00f3\u0142 ponadpodstawowych, podczas kt\u00f3rych popularyzujemy wiedz\u0119 o zio\u0142ach,<br>4. Karpackie Klimaty \u2013 sierpniowe targi na rynku Miasta Krosna<br>5. Nasz\u0105 wiedz\u0105 dzielimy si\u0119 na kr\u00f3tkich filmikach m\u00f3wi\u0105cych o zio\u0142ach i ich w\u0142a\u015bciwo\u015bciach, kt\u00f3re nagrywane s\u0105 w laboratorium na Uczelni<br>a. https:\/\/www.youtube.com\/watch?v=Cb61ssaSCI0;<br>b. https:\/\/www.youtube.com\/watch?v=PS_TYfa9eXc<br>c. https:\/\/www.youtube.com\/watch?v=6bmlQUAKd0o<br>d. https:\/\/www.youtube.com\/watch?v=MaRP5UJ1GOo&amp;t=35s<br>e. https:\/\/www.youtube.com\/watch?v=nbehpv4U-xI<br>f. https:\/\/www.youtube.com\/watch?v=Sfa-Td7Gkhg<br>g. https:\/\/www.youtube.com\/watch?v=SjAaB54fRM4&amp;t=8s<br>Te i inne filmy mo\u017cna znale\u017a\u0107 na w Internecie.<\/p>\n<p>Pracy badawczej nigdy nie zabraknie, brakuje zawsze r\u0105k i umys\u0142\u00f3w ch\u0119tnych,<br>m\u0142odych z otwart\u0105 \u201eg\u0142ow\u0105\u201d.<br>Zapraszamy, przyjd\u017a i podziwiaj, poznawaj i ciesz si\u0119 \ud83d\ude42<\/p>\n<p>&nbsp;<\/p>\n\n\n<div data-wp-interactive=\"core\/file\" class=\"wp-block-file\"><object data-wp-bind--hidden=\"!state.hasPdfPreview\" hidden class=\"wp-block-file__embed\" data=\"https:\/\/pans.krosno.pl\/kola-naukowe\/wp-content\/uploads\/sites\/48\/2022\/11\/Regulamin-SKN-Planta-Medica.pdf\" type=\"application\/pdf\" style=\"width:100%;height:600px\" aria-label=\"Osadzone z Regulamin-SKN-Planta-Medica.\"><\/object><a id=\"wp-block-file--media-1c96f53e-9d4b-445b-905d-2e21154cfe04\" href=\"https:\/\/pans.krosno.pl\/kola-naukowe\/wp-content\/uploads\/sites\/48\/2022\/11\/Regulamin-SKN-Planta-Medica.pdf\">Regulamin-SKN-Planta-Medica<\/a><a href=\"https:\/\/pans.krosno.pl\/kola-naukowe\/wp-content\/uploads\/sites\/48\/2022\/11\/Regulamin-SKN-Planta-Medica.pdf\" class=\"wp-block-file__button wp-element-button\" download aria-describedby=\"wp-block-file--media-1c96f53e-9d4b-445b-905d-2e21154cfe04\">Pobierz<\/a><\/div>\n","protected":false},"excerpt":{"rendered":"<p>Kilka s\u0142\u00f3w o kole studenckim Planta Medicaprzy Pa\u0144stwowej Akademii Nauk Stosowanych&nbsp; w Kro\u015bnie. Znajomo\u015b\u0107 zi\u00f3\u0142 i ich uprawy, zastosowania w kuchni czy wykorzystanie w leczeniu dla wielu z Nas to pytania godne nagrody Nobla. Tu na&nbsp; Pa\u0144stwowej Akademii Nauk Stosowanych&nbsp; w Kro\u015bnie ucz\u0105 si\u0119 studenci, osoby m\u0142ode i pe\u0142ne zapa\u0142u, [\u2026] <\/p>\n<div class=\"clear\"><\/div>\n<p><a class=\"more_link clearfix\" href=\"https:\/\/pans.krosno.pl\/kola-naukowe\/studenckie-kola-naukowe\/kolo-naukowe-planta-medica\/kolo-naukowe-planta-medica-informacje-o-kole\/\" rel=\"nofollow\">Read More<\/a><\/p>\n","protected":false},"author":39,"featured_media":0,"parent":3585,"menu_order":0,"comment_status":"closed","ping_status":"closed","template":"page-templates\/template-full-width.php","meta":{"ngg_post_thumbnail":0,"footnotes":""},"class_list":["post-3587","page","type-page","status-publish","hentry"],"yoast_head":"<!-- This site is optimized with the Yoast SEO Premium plugin v27.3 (Yoast SEO v27.3) - https:\/\/yoast.com\/product\/yoast-seo-premium-wordpress\/ -->\n<title>Ko\u0142o Naukowe Planta Medica - Informacje o kole - Studenckie Ko\u0142a Naukowe PANS w Kro\u015bnie<\/title>\n<meta name=\"robots\" content=\"index, follow, max-snippet:-1, max-image-preview:large, max-video-preview:-1\" \/>\n<link rel=\"canonical\" href=\"https:\/\/pans.krosno.pl\/kola-naukowe\/studenckie-kola-naukowe\/kolo-naukowe-planta-medica\/kolo-naukowe-planta-medica-informacje-o-kole\/\" \/>\n<meta property=\"og:locale\" content=\"pl_PL\" \/>\n<meta property=\"og:type\" content=\"article\" \/>\n<meta property=\"og:title\" content=\"Ko\u0142o Naukowe Planta Medica - Informacje o kole\" \/>\n<meta property=\"og:description\" content=\"Kilka s\u0142\u00f3w o kole studenckim Planta Medicaprzy Pa\u0144stwowej Akademii Nauk Stosowanych&nbsp; w Kro\u015bnie. Znajomo\u015b\u0107 zi\u00f3\u0142 i ich uprawy, zastosowania w kuchni czy wykorzystanie w leczeniu dla wielu z Nas to pytania godne nagrody Nobla. Tu na&nbsp; Pa\u0144stwowej Akademii Nauk Stosowanych&nbsp; w Kro\u015bnie ucz\u0105 si\u0119 studenci, osoby m\u0142ode i pe\u0142ne zapa\u0142u, [\u2026] Read More\" \/>\n<meta property=\"og:url\" content=\"https:\/\/pans.krosno.pl\/kola-naukowe\/studenckie-kola-naukowe\/kolo-naukowe-planta-medica\/kolo-naukowe-planta-medica-informacje-o-kole\/\" \/>\n<meta property=\"og:site_name\" content=\"Studenckie Ko\u0142a Naukowe PANS w Kro\u015bnie\" \/>\n<meta property=\"article:modified_time\" content=\"2026-04-08T10:08:08+00:00\" \/>\n<meta name=\"twitter:card\" content=\"summary_large_image\" \/>\n<meta name=\"twitter:label1\" content=\"Szacowany czas czytania\" \/>\n\t<meta name=\"twitter:data1\" content=\"4 minuty\" \/>\n<script type=\"application\/ld+json\" class=\"yoast-schema-graph\">{\"@context\":\"https:\\\/\\\/schema.org\",\"@graph\":[{\"@type\":\"WebPage\",\"@id\":\"https:\\\/\\\/pans.krosno.pl\\\/kola-naukowe\\\/studenckie-kola-naukowe\\\/kolo-naukowe-planta-medica\\\/kolo-naukowe-planta-medica-informacje-o-kole\\\/\",\"url\":\"https:\\\/\\\/pans.krosno.pl\\\/kola-naukowe\\\/studenckie-kola-naukowe\\\/kolo-naukowe-planta-medica\\\/kolo-naukowe-planta-medica-informacje-o-kole\\\/\",\"name\":\"Ko\u0142o Naukowe Planta Medica - Informacje o kole - Studenckie Ko\u0142a Naukowe PANS w Kro\u015bnie\",\"isPartOf\":{\"@id\":\"https:\\\/\\\/pans.krosno.pl\\\/kola-naukowe\\\/#website\"},\"datePublished\":\"2020-12-11T07:57:14+00:00\",\"dateModified\":\"2026-04-08T10:08:08+00:00\",\"breadcrumb\":{\"@id\":\"https:\\\/\\\/pans.krosno.pl\\\/kola-naukowe\\\/studenckie-kola-naukowe\\\/kolo-naukowe-planta-medica\\\/kolo-naukowe-planta-medica-informacje-o-kole\\\/#breadcrumb\"},\"inLanguage\":\"pl-PL\",\"potentialAction\":[{\"@type\":\"ReadAction\",\"target\":[\"https:\\\/\\\/pans.krosno.pl\\\/kola-naukowe\\\/studenckie-kola-naukowe\\\/kolo-naukowe-planta-medica\\\/kolo-naukowe-planta-medica-informacje-o-kole\\\/\"]}]},{\"@type\":\"BreadcrumbList\",\"@id\":\"https:\\\/\\\/pans.krosno.pl\\\/kola-naukowe\\\/studenckie-kola-naukowe\\\/kolo-naukowe-planta-medica\\\/kolo-naukowe-planta-medica-informacje-o-kole\\\/#breadcrumb\",\"itemListElement\":[{\"@type\":\"ListItem\",\"position\":1,\"name\":\"Strona g\u0142\u00f3wna\",\"item\":\"https:\\\/\\\/pans.krosno.pl\\\/kola-naukowe\\\/\"},{\"@type\":\"ListItem\",\"position\":2,\"name\":\"Studenckie Ko\u0142a Naukowe\",\"item\":\"https:\\\/\\\/pans.krosno.pl\\\/kola-naukowe\\\/studenckie-kola-naukowe\\\/\"},{\"@type\":\"ListItem\",\"position\":3,\"name\":\"Ko\u0142o Naukowe Planta Medica\",\"item\":\"https:\\\/\\\/pans.krosno.pl\\\/kola-naukowe\\\/studenckie-kola-naukowe\\\/kolo-naukowe-planta-medica\\\/\"},{\"@type\":\"ListItem\",\"position\":4,\"name\":\"Ko\u0142o Naukowe Planta Medica &#8211; Informacje o kole\"}]},{\"@type\":\"WebSite\",\"@id\":\"https:\\\/\\\/pans.krosno.pl\\\/kola-naukowe\\\/#website\",\"url\":\"https:\\\/\\\/pans.krosno.pl\\\/kola-naukowe\\\/\",\"name\":\"Studenckie Ko\u0142a Naukowe PANS w Kro\u015bnie\",\"description\":\"Studenckie Ko\u0142a Naukowe - Pa\u0144stwowa Akademia Nauk Stosowanych\",\"publisher\":{\"@id\":\"https:\\\/\\\/pans.krosno.pl\\\/kola-naukowe\\\/#organization\"},\"potentialAction\":[{\"@type\":\"SearchAction\",\"target\":{\"@type\":\"EntryPoint\",\"urlTemplate\":\"https:\\\/\\\/pans.krosno.pl\\\/kola-naukowe\\\/?s={search_term_string}\"},\"query-input\":{\"@type\":\"PropertyValueSpecification\",\"valueRequired\":true,\"valueName\":\"search_term_string\"}}],\"inLanguage\":\"pl-PL\"},{\"@type\":\"Organization\",\"@id\":\"https:\\\/\\\/pans.krosno.pl\\\/kola-naukowe\\\/#organization\",\"name\":\"Studenckie Ko\u0142a Naukowe PANS w Kro\u015bnie\",\"url\":\"https:\\\/\\\/pans.krosno.pl\\\/kola-naukowe\\\/\",\"logo\":{\"@type\":\"ImageObject\",\"inLanguage\":\"pl-PL\",\"@id\":\"https:\\\/\\\/pans.krosno.pl\\\/kola-naukowe\\\/#\\\/schema\\\/logo\\\/image\\\/\",\"url\":\"https:\\\/\\\/pans.krosno.pl\\\/kola-naukowe\\\/wp-content\\\/uploads\\\/sites\\\/48\\\/2023\\\/01\\\/Logo-PANS-2022-pelne.png\",\"contentUrl\":\"https:\\\/\\\/pans.krosno.pl\\\/kola-naukowe\\\/wp-content\\\/uploads\\\/sites\\\/48\\\/2023\\\/01\\\/Logo-PANS-2022-pelne.png\",\"width\":3096,\"height\":696,\"caption\":\"Studenckie Ko\u0142a Naukowe PANS w Kro\u015bnie\"},\"image\":{\"@id\":\"https:\\\/\\\/pans.krosno.pl\\\/kola-naukowe\\\/#\\\/schema\\\/logo\\\/image\\\/\"}}]}<\/script>\n<!-- \/ Yoast SEO Premium plugin. -->","yoast_head_json":{"title":"Ko\u0142o Naukowe Planta Medica - Informacje o kole - Studenckie Ko\u0142a Naukowe PANS w Kro\u015bnie","robots":{"index":"index","follow":"follow","max-snippet":"max-snippet:-1","max-image-preview":"max-image-preview:large","max-video-preview":"max-video-preview:-1"},"canonical":"https:\/\/pans.krosno.pl\/kola-naukowe\/studenckie-kola-naukowe\/kolo-naukowe-planta-medica\/kolo-naukowe-planta-medica-informacje-o-kole\/","og_locale":"pl_PL","og_type":"article","og_title":"Ko\u0142o Naukowe Planta Medica - Informacje o kole","og_description":"Kilka s\u0142\u00f3w o kole studenckim Planta Medicaprzy Pa\u0144stwowej Akademii Nauk Stosowanych&nbsp; w Kro\u015bnie. Znajomo\u015b\u0107 zi\u00f3\u0142 i ich uprawy, zastosowania w kuchni czy wykorzystanie w leczeniu dla wielu z Nas to pytania godne nagrody Nobla. Tu na&nbsp; Pa\u0144stwowej Akademii Nauk Stosowanych&nbsp; w Kro\u015bnie ucz\u0105 si\u0119 studenci, osoby m\u0142ode i pe\u0142ne zapa\u0142u, [\u2026] Read More","og_url":"https:\/\/pans.krosno.pl\/kola-naukowe\/studenckie-kola-naukowe\/kolo-naukowe-planta-medica\/kolo-naukowe-planta-medica-informacje-o-kole\/","og_site_name":"Studenckie Ko\u0142a Naukowe PANS w Kro\u015bnie","article_modified_time":"2026-04-08T10:08:08+00:00","twitter_card":"summary_large_image","twitter_misc":{"Szacowany czas czytania":"4 minuty"},"schema":{"@context":"https:\/\/schema.org","@graph":[{"@type":"WebPage","@id":"https:\/\/pans.krosno.pl\/kola-naukowe\/studenckie-kola-naukowe\/kolo-naukowe-planta-medica\/kolo-naukowe-planta-medica-informacje-o-kole\/","url":"https:\/\/pans.krosno.pl\/kola-naukowe\/studenckie-kola-naukowe\/kolo-naukowe-planta-medica\/kolo-naukowe-planta-medica-informacje-o-kole\/","name":"Ko\u0142o Naukowe Planta Medica - Informacje o kole - Studenckie Ko\u0142a Naukowe PANS w Kro\u015bnie","isPartOf":{"@id":"https:\/\/pans.krosno.pl\/kola-naukowe\/#website"},"datePublished":"2020-12-11T07:57:14+00:00","dateModified":"2026-04-08T10:08:08+00:00","breadcrumb":{"@id":"https:\/\/pans.krosno.pl\/kola-naukowe\/studenckie-kola-naukowe\/kolo-naukowe-planta-medica\/kolo-naukowe-planta-medica-informacje-o-kole\/#breadcrumb"},"inLanguage":"pl-PL","potentialAction":[{"@type":"ReadAction","target":["https:\/\/pans.krosno.pl\/kola-naukowe\/studenckie-kola-naukowe\/kolo-naukowe-planta-medica\/kolo-naukowe-planta-medica-informacje-o-kole\/"]}]},{"@type":"BreadcrumbList","@id":"https:\/\/pans.krosno.pl\/kola-naukowe\/studenckie-kola-naukowe\/kolo-naukowe-planta-medica\/kolo-naukowe-planta-medica-informacje-o-kole\/#breadcrumb","itemListElement":[{"@type":"ListItem","position":1,"name":"Strona g\u0142\u00f3wna","item":"https:\/\/pans.krosno.pl\/kola-naukowe\/"},{"@type":"ListItem","position":2,"name":"Studenckie Ko\u0142a Naukowe","item":"https:\/\/pans.krosno.pl\/kola-naukowe\/studenckie-kola-naukowe\/"},{"@type":"ListItem","position":3,"name":"Ko\u0142o Naukowe Planta Medica","item":"https:\/\/pans.krosno.pl\/kola-naukowe\/studenckie-kola-naukowe\/kolo-naukowe-planta-medica\/"},{"@type":"ListItem","position":4,"name":"Ko\u0142o Naukowe Planta Medica &#8211; Informacje o kole"}]},{"@type":"WebSite","@id":"https:\/\/pans.krosno.pl\/kola-naukowe\/#website","url":"https:\/\/pans.krosno.pl\/kola-naukowe\/","name":"Studenckie Ko\u0142a Naukowe PANS w Kro\u015bnie","description":"Studenckie Ko\u0142a Naukowe - Pa\u0144stwowa Akademia Nauk Stosowanych","publisher":{"@id":"https:\/\/pans.krosno.pl\/kola-naukowe\/#organization"},"potentialAction":[{"@type":"SearchAction","target":{"@type":"EntryPoint","urlTemplate":"https:\/\/pans.krosno.pl\/kola-naukowe\/?s={search_term_string}"},"query-input":{"@type":"PropertyValueSpecification","valueRequired":true,"valueName":"search_term_string"}}],"inLanguage":"pl-PL"},{"@type":"Organization","@id":"https:\/\/pans.krosno.pl\/kola-naukowe\/#organization","name":"Studenckie Ko\u0142a Naukowe PANS w Kro\u015bnie","url":"https:\/\/pans.krosno.pl\/kola-naukowe\/","logo":{"@type":"ImageObject","inLanguage":"pl-PL","@id":"https:\/\/pans.krosno.pl\/kola-naukowe\/#\/schema\/logo\/image\/","url":"https:\/\/pans.krosno.pl\/kola-naukowe\/wp-content\/uploads\/sites\/48\/2023\/01\/Logo-PANS-2022-pelne.png","contentUrl":"https:\/\/pans.krosno.pl\/kola-naukowe\/wp-content\/uploads\/sites\/48\/2023\/01\/Logo-PANS-2022-pelne.png","width":3096,"height":696,"caption":"Studenckie Ko\u0142a Naukowe PANS w Kro\u015bnie"},"image":{"@id":"https:\/\/pans.krosno.pl\/kola-naukowe\/#\/schema\/logo\/image\/"}}]}},"_links":{"self":[{"href":"https:\/\/pans.krosno.pl\/kola-naukowe\/wp-json\/wp\/v2\/pages\/3587","targetHints":{"allow":["GET"]}}],"collection":[{"href":"https:\/\/pans.krosno.pl\/kola-naukowe\/wp-json\/wp\/v2\/pages"}],"about":[{"href":"https:\/\/pans.krosno.pl\/kola-naukowe\/wp-json\/wp\/v2\/types\/page"}],"author":[{"embeddable":true,"href":"https:\/\/pans.krosno.pl\/kola-naukowe\/wp-json\/wp\/v2\/users\/39"}],"replies":[{"embeddable":true,"href":"https:\/\/pans.krosno.pl\/kola-naukowe\/wp-json\/wp\/v2\/comments?post=3587"}],"version-history":[{"count":4,"href":"https:\/\/pans.krosno.pl\/kola-naukowe\/wp-json\/wp\/v2\/pages\/3587\/revisions"}],"predecessor-version":[{"id":7964,"href":"https:\/\/pans.krosno.pl\/kola-naukowe\/wp-json\/wp\/v2\/pages\/3587\/revisions\/7964"}],"up":[{"embeddable":true,"href":"https:\/\/pans.krosno.pl\/kola-naukowe\/wp-json\/wp\/v2\/pages\/3585"}],"wp:attachment":[{"href":"https:\/\/pans.krosno.pl\/kola-naukowe\/wp-json\/wp\/v2\/media?parent=3587"}],"curies":[{"name":"wp","href":"https:\/\/api.w.org\/{rel}","templated":true}]}}