{"id":3521,"date":"2020-11-12T08:40:17","date_gmt":"2020-11-12T07:40:17","guid":{"rendered":"https:\/\/pans.krosno.pl\/kola-naukowe\/?page_id=3521"},"modified":"2024-12-19T11:53:12","modified_gmt":"2024-12-19T10:53:12","slug":"kolo-naukowe-budowlanych","status":"publish","type":"page","link":"https:\/\/pans.krosno.pl\/kola-naukowe\/kolo-naukowe-budowlanych\/","title":{"rendered":"Ko\u0142o Naukowe &#8222;Akademia Budownictwa Regionalnego&#8221;"},"content":{"rendered":"\n<hr class=\"wp-block-separator has-css-opacity\"\/>\n\n\n\n<h3 class=\"wp-block-heading\" id=\"h-kolo-naukowe-akademia-budownictwa-regionalnego\">Ko\u0142o Naukowe <strong>Akademia Budownictwa Regionalnego<\/strong><\/h3>\n\n\n\n<p><strong><a href=\"https:\/\/pans.krosno.pl\/kola-naukowe\/wp-content\/uploads\/sites\/48\/2020\/11\/prezentacja_kola_naukowego_zakladu_budownictwa_pwsz_krosno_akademia_budownictwa_regionalnego_.pdf\">&nbsp;Prezentacja Ko\u0142a Naukowego &#8211; kliknij<\/a><\/strong><\/p>\n\n\n\n<p><strong>Ko\u0142o Naukowe \u201eAkademia Budownictwa Regionalnego\u201d dzia\u0142a od 2012 roku\u00a0przy Instytucie Politechnicznym PANS w Kro\u015bnie<\/strong><\/p>\n\n\n\n<figure class=\"wp-block-image size-large\"><img loading=\"lazy\" decoding=\"async\" width=\"960\" height=\"639\" src=\"https:\/\/pans.krosno.pl\/kola-naukowe\/wp-content\/uploads\/sites\/48\/2020\/11\/dsc06693.jpg\" alt=\"\" class=\"wp-image-3524\" srcset=\"https:\/\/pans.krosno.pl\/kola-naukowe\/wp-content\/uploads\/sites\/48\/2020\/11\/dsc06693.jpg 960w, https:\/\/pans.krosno.pl\/kola-naukowe\/wp-content\/uploads\/sites\/48\/2020\/11\/dsc06693-300x200.jpg 300w, https:\/\/pans.krosno.pl\/kola-naukowe\/wp-content\/uploads\/sites\/48\/2020\/11\/dsc06693-768x511.jpg 768w, https:\/\/pans.krosno.pl\/kola-naukowe\/wp-content\/uploads\/sites\/48\/2020\/11\/dsc06693-800x533.jpg 800w, https:\/\/pans.krosno.pl\/kola-naukowe\/wp-content\/uploads\/sites\/48\/2020\/11\/dsc06693-580x386.jpg 580w\" sizes=\"auto, (max-width: 960px) 100vw, 960px\" \/><\/figure>\n\n\n\n<p>Obecne Ko\u0142o Naukowe Zak\u0142adu Budownictwa pod nazw\u0105 &#8222;Akademia Budownictwa Regionalnego&#8221; powsta\u0142o z rozwini\u0119cia Ko\u0142a Budowlanych, jako owoc zebranych w czasie kliku lat do\u015bwiadcze\u0144 ze wsp\u00f3\u0142pracy z Ko\u0142ami Naukowymi innych uczelni, a szczeg\u00f3lnie zaprzyja\u017anionego Ko\u0142a Naukowego KOMBO Politechniki Gda\u0144skiej. Wiele po\u017cytku przynios\u0142a nam organizacja dw\u00f3ch og\u00f3lnopolskich konferencji naukowych po\u015bwi\u0119conych architekturze regionalnej i jej konstrukcji. Nasze perspektywy poszerzy\u0142y znacz\u0105co wieloletnie udzia\u0142y w konkursach na najmocniejszy most z&nbsp;papieru oraz uczestnictwo w r\u00f3\u017cnorodnych konferencjach studenckich na r\u00f3\u017cnych uczelniach naszego kraju.&nbsp;Mamy wiele pomys\u0142\u00f3w na uprzyjemnienie naszych studi\u00f3w, ale mamy te\u017c powa\u017cne do\u015bwiadczenia, kt\u00f3re zdobywamy &#8211; inwentaryzujemy nieznane piwnice i zapomniane budynki, okrywamy zabytki przesz\u0142o\u015bci ukryte pod ziemi\u0105, jak to mia\u0142o miejsce w 2016 roku w na Rynku w Dukli.<\/p>\n\n\n\n<figure class=\"wp-block-image size-large\"><img loading=\"lazy\" decoding=\"async\" width=\"960\" height=\"640\" src=\"https:\/\/pans.krosno.pl\/kola-naukowe\/wp-content\/uploads\/sites\/48\/2020\/11\/img_4906.jpg\" alt=\"\" class=\"wp-image-3525\" srcset=\"https:\/\/pans.krosno.pl\/kola-naukowe\/wp-content\/uploads\/sites\/48\/2020\/11\/img_4906.jpg 960w, https:\/\/pans.krosno.pl\/kola-naukowe\/wp-content\/uploads\/sites\/48\/2020\/11\/img_4906-300x200.jpg 300w, https:\/\/pans.krosno.pl\/kola-naukowe\/wp-content\/uploads\/sites\/48\/2020\/11\/img_4906-768x512.jpg 768w, https:\/\/pans.krosno.pl\/kola-naukowe\/wp-content\/uploads\/sites\/48\/2020\/11\/img_4906-800x533.jpg 800w, https:\/\/pans.krosno.pl\/kola-naukowe\/wp-content\/uploads\/sites\/48\/2020\/11\/img_4906-580x387.jpg 580w\" sizes=\"auto, (max-width: 960px) 100vw, 960px\" \/><\/figure>\n\n\n\n<p>W tym roku rozpocz\u0119li\u015bmy prace nad modelem niezwyk\u0142ego domu &#8211; nowoczesnego budynku o najwy\u017cszych parametrach energooszcz\u0119dno\u015bci po\u0142\u0105czonych z regionalnym stylem architektury i aspektami budownictwa typu Earth House. W planach mamy uczestnictwo w kolejnych konkursach i konferencjach, a po technicznej przerwie, powr\u00f3t do organizacji w\u0142asnych event\u00f3w naukowych w progach naszej Uczelni. W ramach integracji naszych student\u00f3w organizujemy nie tylko spotkania, ale r\u00f3wnie\u017c ko\u0142a samopomocy, a je\u017celi uda nam si\u0119 zebra\u0107 odpowiedni\u0105 liczb\u0119 ch\u0119tnych, to b\u0119dziemy organizowa\u0107 konkursy na najlepszego &#8222;fachowca&#8221;, czyli obliczanie zada\u0144 kursowych na czas! Do naszego ko\u0142a mog\u0105 wst\u0105pi\u0107 wszyscy studenci Budownictwa, ale r\u00f3wnie\u017c osoby zainteresowane, spoza naszego Zak\u0142adu&#8230; zapraszamy r\u00f3wnie\u017c dydaktyk\u00f3w zainteresowanych podj\u0119ciem wyzwa\u0144 jakich dostarcza nam nowoczesne budownictwo! Mamy nadziej\u0119, \u017ce interdyscyplinarne dzia\u0142ania podejmowane przez naszych student\u00f3w wp\u0142yn\u0105 na integracj\u0119 i dobr\u0105 zabaw\u0119 wi\u0119kszego grona naszej uczelnianej braci! Robimy naprawd\u0119 fajne rzeczy!&nbsp;&nbsp;&nbsp;<\/p>\n\n\n\n<p>\u00a0Opiekun Ko\u0142a Naukowego <em>dr in\u017c. arch. Marek Gransicki <\/em><\/p>\n\n\n\n<hr class=\"wp-block-separator has-alpha-channel-opacity\"\/>\n\n\n\n<p>Odwied\u017a naszego <a href=\"https:\/\/www.facebook.com\/akabudreg\">Facebooka<\/a>!<\/p>\n","protected":false},"excerpt":{"rendered":"<p>Ko\u0142o Naukowe Akademia Budownictwa Regionalnego &nbsp;Prezentacja Ko\u0142a Naukowego &#8211; kliknij Ko\u0142o Naukowe \u201eAkademia Budownictwa Regionalnego\u201d dzia\u0142a od 2012 roku\u00a0przy Instytucie Politechnicznym PANS w Kro\u015bnie Obecne Ko\u0142o Naukowe Zak\u0142adu Budownictwa pod nazw\u0105 &#8222;Akademia Budownictwa Regionalnego&#8221; powsta\u0142o z rozwini\u0119cia Ko\u0142a Budowlanych, jako owoc zebranych w czasie kliku lat do\u015bwiadcze\u0144 ze wsp\u00f3\u0142pracy z [\u2026] <\/p>\n<div class=\"clear\"><\/div>\n<p><a class=\"more_link clearfix\" href=\"https:\/\/pans.krosno.pl\/kola-naukowe\/kolo-naukowe-budowlanych\/\" rel=\"nofollow\">Read More<\/a><\/p>\n","protected":false},"author":27,"featured_media":0,"parent":0,"menu_order":0,"comment_status":"closed","ping_status":"closed","template":"page-templates\/template-full-width.php","meta":{"ngg_post_thumbnail":0,"footnotes":""},"class_list":["post-3521","page","type-page","status-publish","hentry"],"yoast_head":"<!-- This site is optimized with the Yoast SEO Premium plugin v27.3 (Yoast SEO v27.3) - https:\/\/yoast.com\/product\/yoast-seo-premium-wordpress\/ -->\n<title>Ko\u0142o Naukowe &quot;Akademia Budownictwa Regionalnego&quot; - Studenckie Ko\u0142a Naukowe PANS w Kro\u015bnie<\/title>\n<meta name=\"robots\" content=\"index, follow, max-snippet:-1, max-image-preview:large, max-video-preview:-1\" \/>\n<link rel=\"canonical\" href=\"https:\/\/pans.krosno.pl\/kola-naukowe\/kolo-naukowe-budowlanych\/\" \/>\n<meta property=\"og:locale\" content=\"pl_PL\" \/>\n<meta property=\"og:type\" content=\"article\" \/>\n<meta property=\"og:title\" content=\"Ko\u0142o Naukowe &quot;Akademia Budownictwa Regionalnego&quot;\" \/>\n<meta property=\"og:description\" content=\"Ko\u0142o Naukowe Akademia Budownictwa Regionalnego &nbsp;Prezentacja Ko\u0142a Naukowego &#8211; kliknij Ko\u0142o Naukowe \u201eAkademia Budownictwa Regionalnego\u201d dzia\u0142a od 2012 roku\u00a0przy Instytucie Politechnicznym PANS w Kro\u015bnie Obecne Ko\u0142o Naukowe Zak\u0142adu Budownictwa pod nazw\u0105 &#8222;Akademia Budownictwa Regionalnego&#8221; powsta\u0142o z rozwini\u0119cia Ko\u0142a Budowlanych, jako owoc zebranych w czasie kliku lat do\u015bwiadcze\u0144 ze wsp\u00f3\u0142pracy z [\u2026] Read More\" \/>\n<meta property=\"og:url\" content=\"https:\/\/pans.krosno.pl\/kola-naukowe\/kolo-naukowe-budowlanych\/\" \/>\n<meta property=\"og:site_name\" content=\"Studenckie Ko\u0142a Naukowe PANS w Kro\u015bnie\" \/>\n<meta property=\"article:modified_time\" content=\"2024-12-19T10:53:12+00:00\" \/>\n<meta property=\"og:image\" content=\"https:\/\/pans.krosno.pl\/kola-naukowe\/wp-content\/uploads\/sites\/48\/2020\/11\/dsc06693.jpg\" \/>\n\t<meta property=\"og:image:width\" content=\"960\" \/>\n\t<meta property=\"og:image:height\" content=\"639\" \/>\n\t<meta property=\"og:image:type\" content=\"image\/jpeg\" \/>\n<meta name=\"twitter:card\" content=\"summary_large_image\" \/>\n<meta name=\"twitter:label1\" content=\"Szacowany czas czytania\" \/>\n\t<meta name=\"twitter:data1\" content=\"3 minuty\" \/>\n<script type=\"application\/ld+json\" class=\"yoast-schema-graph\">{\"@context\":\"https:\\\/\\\/schema.org\",\"@graph\":[{\"@type\":\"WebPage\",\"@id\":\"https:\\\/\\\/pans.krosno.pl\\\/kola-naukowe\\\/kolo-naukowe-budowlanych\\\/\",\"url\":\"https:\\\/\\\/pans.krosno.pl\\\/kola-naukowe\\\/kolo-naukowe-budowlanych\\\/\",\"name\":\"Ko\u0142o Naukowe \\\"Akademia Budownictwa Regionalnego\\\" - Studenckie Ko\u0142a Naukowe PANS w Kro\u015bnie\",\"isPartOf\":{\"@id\":\"https:\\\/\\\/pans.krosno.pl\\\/kola-naukowe\\\/#website\"},\"primaryImageOfPage\":{\"@id\":\"https:\\\/\\\/pans.krosno.pl\\\/kola-naukowe\\\/kolo-naukowe-budowlanych\\\/#primaryimage\"},\"image\":{\"@id\":\"https:\\\/\\\/pans.krosno.pl\\\/kola-naukowe\\\/kolo-naukowe-budowlanych\\\/#primaryimage\"},\"thumbnailUrl\":\"https:\\\/\\\/pans.krosno.pl\\\/kola-naukowe\\\/wp-content\\\/uploads\\\/sites\\\/48\\\/2020\\\/11\\\/dsc06693.jpg\",\"datePublished\":\"2020-11-12T07:40:17+00:00\",\"dateModified\":\"2024-12-19T10:53:12+00:00\",\"breadcrumb\":{\"@id\":\"https:\\\/\\\/pans.krosno.pl\\\/kola-naukowe\\\/kolo-naukowe-budowlanych\\\/#breadcrumb\"},\"inLanguage\":\"pl-PL\",\"potentialAction\":[{\"@type\":\"ReadAction\",\"target\":[\"https:\\\/\\\/pans.krosno.pl\\\/kola-naukowe\\\/kolo-naukowe-budowlanych\\\/\"]}]},{\"@type\":\"ImageObject\",\"inLanguage\":\"pl-PL\",\"@id\":\"https:\\\/\\\/pans.krosno.pl\\\/kola-naukowe\\\/kolo-naukowe-budowlanych\\\/#primaryimage\",\"url\":\"https:\\\/\\\/pans.krosno.pl\\\/kola-naukowe\\\/wp-content\\\/uploads\\\/sites\\\/48\\\/2020\\\/11\\\/dsc06693.jpg\",\"contentUrl\":\"https:\\\/\\\/pans.krosno.pl\\\/kola-naukowe\\\/wp-content\\\/uploads\\\/sites\\\/48\\\/2020\\\/11\\\/dsc06693.jpg\",\"width\":960,\"height\":639},{\"@type\":\"BreadcrumbList\",\"@id\":\"https:\\\/\\\/pans.krosno.pl\\\/kola-naukowe\\\/kolo-naukowe-budowlanych\\\/#breadcrumb\",\"itemListElement\":[{\"@type\":\"ListItem\",\"position\":1,\"name\":\"Strona g\u0142\u00f3wna\",\"item\":\"https:\\\/\\\/pans.krosno.pl\\\/kola-naukowe\\\/\"},{\"@type\":\"ListItem\",\"position\":2,\"name\":\"Ko\u0142o Naukowe &#8222;Akademia Budownictwa Regionalnego&#8221;\"}]},{\"@type\":\"WebSite\",\"@id\":\"https:\\\/\\\/pans.krosno.pl\\\/kola-naukowe\\\/#website\",\"url\":\"https:\\\/\\\/pans.krosno.pl\\\/kola-naukowe\\\/\",\"name\":\"Studenckie Ko\u0142a Naukowe PANS w Kro\u015bnie\",\"description\":\"Studenckie Ko\u0142a Naukowe - Pa\u0144stwowa Akademia Nauk Stosowanych\",\"publisher\":{\"@id\":\"https:\\\/\\\/pans.krosno.pl\\\/kola-naukowe\\\/#organization\"},\"potentialAction\":[{\"@type\":\"SearchAction\",\"target\":{\"@type\":\"EntryPoint\",\"urlTemplate\":\"https:\\\/\\\/pans.krosno.pl\\\/kola-naukowe\\\/?s={search_term_string}\"},\"query-input\":{\"@type\":\"PropertyValueSpecification\",\"valueRequired\":true,\"valueName\":\"search_term_string\"}}],\"inLanguage\":\"pl-PL\"},{\"@type\":\"Organization\",\"@id\":\"https:\\\/\\\/pans.krosno.pl\\\/kola-naukowe\\\/#organization\",\"name\":\"Studenckie Ko\u0142a Naukowe PANS w Kro\u015bnie\",\"url\":\"https:\\\/\\\/pans.krosno.pl\\\/kola-naukowe\\\/\",\"logo\":{\"@type\":\"ImageObject\",\"inLanguage\":\"pl-PL\",\"@id\":\"https:\\\/\\\/pans.krosno.pl\\\/kola-naukowe\\\/#\\\/schema\\\/logo\\\/image\\\/\",\"url\":\"https:\\\/\\\/pans.krosno.pl\\\/kola-naukowe\\\/wp-content\\\/uploads\\\/sites\\\/48\\\/2023\\\/01\\\/Logo-PANS-2022-pelne.png\",\"contentUrl\":\"https:\\\/\\\/pans.krosno.pl\\\/kola-naukowe\\\/wp-content\\\/uploads\\\/sites\\\/48\\\/2023\\\/01\\\/Logo-PANS-2022-pelne.png\",\"width\":3096,\"height\":696,\"caption\":\"Studenckie Ko\u0142a Naukowe PANS w Kro\u015bnie\"},\"image\":{\"@id\":\"https:\\\/\\\/pans.krosno.pl\\\/kola-naukowe\\\/#\\\/schema\\\/logo\\\/image\\\/\"}}]}<\/script>\n<!-- \/ Yoast SEO Premium plugin. -->","yoast_head_json":{"title":"Ko\u0142o Naukowe \"Akademia Budownictwa Regionalnego\" - Studenckie Ko\u0142a Naukowe PANS w Kro\u015bnie","robots":{"index":"index","follow":"follow","max-snippet":"max-snippet:-1","max-image-preview":"max-image-preview:large","max-video-preview":"max-video-preview:-1"},"canonical":"https:\/\/pans.krosno.pl\/kola-naukowe\/kolo-naukowe-budowlanych\/","og_locale":"pl_PL","og_type":"article","og_title":"Ko\u0142o Naukowe \"Akademia Budownictwa Regionalnego\"","og_description":"Ko\u0142o Naukowe Akademia Budownictwa Regionalnego &nbsp;Prezentacja Ko\u0142a Naukowego &#8211; kliknij Ko\u0142o Naukowe \u201eAkademia Budownictwa Regionalnego\u201d dzia\u0142a od 2012 roku\u00a0przy Instytucie Politechnicznym PANS w Kro\u015bnie Obecne Ko\u0142o Naukowe Zak\u0142adu Budownictwa pod nazw\u0105 &#8222;Akademia Budownictwa Regionalnego&#8221; powsta\u0142o z rozwini\u0119cia Ko\u0142a Budowlanych, jako owoc zebranych w czasie kliku lat do\u015bwiadcze\u0144 ze wsp\u00f3\u0142pracy z [\u2026] Read More","og_url":"https:\/\/pans.krosno.pl\/kola-naukowe\/kolo-naukowe-budowlanych\/","og_site_name":"Studenckie Ko\u0142a Naukowe PANS w Kro\u015bnie","article_modified_time":"2024-12-19T10:53:12+00:00","og_image":[{"width":960,"height":639,"url":"https:\/\/pans.krosno.pl\/kola-naukowe\/wp-content\/uploads\/sites\/48\/2020\/11\/dsc06693.jpg","type":"image\/jpeg"}],"twitter_card":"summary_large_image","twitter_misc":{"Szacowany czas czytania":"3 minuty"},"schema":{"@context":"https:\/\/schema.org","@graph":[{"@type":"WebPage","@id":"https:\/\/pans.krosno.pl\/kola-naukowe\/kolo-naukowe-budowlanych\/","url":"https:\/\/pans.krosno.pl\/kola-naukowe\/kolo-naukowe-budowlanych\/","name":"Ko\u0142o Naukowe \"Akademia Budownictwa Regionalnego\" - Studenckie Ko\u0142a Naukowe PANS w Kro\u015bnie","isPartOf":{"@id":"https:\/\/pans.krosno.pl\/kola-naukowe\/#website"},"primaryImageOfPage":{"@id":"https:\/\/pans.krosno.pl\/kola-naukowe\/kolo-naukowe-budowlanych\/#primaryimage"},"image":{"@id":"https:\/\/pans.krosno.pl\/kola-naukowe\/kolo-naukowe-budowlanych\/#primaryimage"},"thumbnailUrl":"https:\/\/pans.krosno.pl\/kola-naukowe\/wp-content\/uploads\/sites\/48\/2020\/11\/dsc06693.jpg","datePublished":"2020-11-12T07:40:17+00:00","dateModified":"2024-12-19T10:53:12+00:00","breadcrumb":{"@id":"https:\/\/pans.krosno.pl\/kola-naukowe\/kolo-naukowe-budowlanych\/#breadcrumb"},"inLanguage":"pl-PL","potentialAction":[{"@type":"ReadAction","target":["https:\/\/pans.krosno.pl\/kola-naukowe\/kolo-naukowe-budowlanych\/"]}]},{"@type":"ImageObject","inLanguage":"pl-PL","@id":"https:\/\/pans.krosno.pl\/kola-naukowe\/kolo-naukowe-budowlanych\/#primaryimage","url":"https:\/\/pans.krosno.pl\/kola-naukowe\/wp-content\/uploads\/sites\/48\/2020\/11\/dsc06693.jpg","contentUrl":"https:\/\/pans.krosno.pl\/kola-naukowe\/wp-content\/uploads\/sites\/48\/2020\/11\/dsc06693.jpg","width":960,"height":639},{"@type":"BreadcrumbList","@id":"https:\/\/pans.krosno.pl\/kola-naukowe\/kolo-naukowe-budowlanych\/#breadcrumb","itemListElement":[{"@type":"ListItem","position":1,"name":"Strona g\u0142\u00f3wna","item":"https:\/\/pans.krosno.pl\/kola-naukowe\/"},{"@type":"ListItem","position":2,"name":"Ko\u0142o Naukowe &#8222;Akademia Budownictwa Regionalnego&#8221;"}]},{"@type":"WebSite","@id":"https:\/\/pans.krosno.pl\/kola-naukowe\/#website","url":"https:\/\/pans.krosno.pl\/kola-naukowe\/","name":"Studenckie Ko\u0142a Naukowe PANS w Kro\u015bnie","description":"Studenckie Ko\u0142a Naukowe - Pa\u0144stwowa Akademia Nauk Stosowanych","publisher":{"@id":"https:\/\/pans.krosno.pl\/kola-naukowe\/#organization"},"potentialAction":[{"@type":"SearchAction","target":{"@type":"EntryPoint","urlTemplate":"https:\/\/pans.krosno.pl\/kola-naukowe\/?s={search_term_string}"},"query-input":{"@type":"PropertyValueSpecification","valueRequired":true,"valueName":"search_term_string"}}],"inLanguage":"pl-PL"},{"@type":"Organization","@id":"https:\/\/pans.krosno.pl\/kola-naukowe\/#organization","name":"Studenckie Ko\u0142a Naukowe PANS w Kro\u015bnie","url":"https:\/\/pans.krosno.pl\/kola-naukowe\/","logo":{"@type":"ImageObject","inLanguage":"pl-PL","@id":"https:\/\/pans.krosno.pl\/kola-naukowe\/#\/schema\/logo\/image\/","url":"https:\/\/pans.krosno.pl\/kola-naukowe\/wp-content\/uploads\/sites\/48\/2023\/01\/Logo-PANS-2022-pelne.png","contentUrl":"https:\/\/pans.krosno.pl\/kola-naukowe\/wp-content\/uploads\/sites\/48\/2023\/01\/Logo-PANS-2022-pelne.png","width":3096,"height":696,"caption":"Studenckie Ko\u0142a Naukowe PANS w Kro\u015bnie"},"image":{"@id":"https:\/\/pans.krosno.pl\/kola-naukowe\/#\/schema\/logo\/image\/"}}]}},"_links":{"self":[{"href":"https:\/\/pans.krosno.pl\/kola-naukowe\/wp-json\/wp\/v2\/pages\/3521","targetHints":{"allow":["GET"]}}],"collection":[{"href":"https:\/\/pans.krosno.pl\/kola-naukowe\/wp-json\/wp\/v2\/pages"}],"about":[{"href":"https:\/\/pans.krosno.pl\/kola-naukowe\/wp-json\/wp\/v2\/types\/page"}],"author":[{"embeddable":true,"href":"https:\/\/pans.krosno.pl\/kola-naukowe\/wp-json\/wp\/v2\/users\/27"}],"replies":[{"embeddable":true,"href":"https:\/\/pans.krosno.pl\/kola-naukowe\/wp-json\/wp\/v2\/comments?post=3521"}],"version-history":[{"count":6,"href":"https:\/\/pans.krosno.pl\/kola-naukowe\/wp-json\/wp\/v2\/pages\/3521\/revisions"}],"predecessor-version":[{"id":7238,"href":"https:\/\/pans.krosno.pl\/kola-naukowe\/wp-json\/wp\/v2\/pages\/3521\/revisions\/7238"}],"wp:attachment":[{"href":"https:\/\/pans.krosno.pl\/kola-naukowe\/wp-json\/wp\/v2\/media?parent=3521"}],"curies":[{"name":"wp","href":"https:\/\/api.w.org\/{rel}","templated":true}]}}