{"id":3289,"date":"2020-08-03T15:16:51","date_gmt":"2020-08-03T13:16:51","guid":{"rendered":"https:\/\/pans.krosno.pl\/kola-naukowe\/?page_id=3289"},"modified":"2024-12-19T10:24:16","modified_gmt":"2024-12-19T09:24:16","slug":"kolo-naukowe-zabytkoznawcow-i-krajoznawcow-zarzad","status":"publish","type":"page","link":"https:\/\/pans.krosno.pl\/kola-naukowe\/studenckie-kola-naukowe\/kolo-naukowe-zabytkoznawcow-i-krajoznawcow\/kolo-naukowe-zabytkoznawcow-i-krajoznawcow-zarzad\/","title":{"rendered":"Ko\u0142o Naukowe Zabytkoznawc\u00f3w i Krajoznawc\u00f3w &#8211; Zarz\u0105d"},"content":{"rendered":"\n<hr class=\"wp-block-separator has-css-opacity\"\/>\n\n\n<p><strong>Zarz\u0105d Ko\u0142a:<\/strong><\/p>\n<p>Prezes: <b>Przemys\u0142aw <\/b><b>\u017bo\u0142obowicz<\/b><\/p>\n<p>Kontakt:<\/p>\n<p>26323student@pans.krosno.pl<\/p>\n<p>p.zolobowicz@gmail.com<\/p>\n<p>&nbsp;<\/p>\n<p><strong>Opiekun naukowy: <\/strong>dr hab. Piotr \u0141opatkiewicz \u2013 prof. PANS<\/p>","protected":false},"excerpt":{"rendered":"<p>Zarz\u0105d Ko\u0142a: Prezes: Przemys\u0142aw \u017bo\u0142obowicz Kontakt: 26323student@pans.krosno.pl p.zolobowicz@gmail.com &nbsp; Opiekun naukowy: dr hab. Piotr \u0141opatkiewicz \u2013 prof. PANS<\/p>\n","protected":false},"author":27,"featured_media":0,"parent":2923,"menu_order":0,"comment_status":"closed","ping_status":"closed","template":"page-templates\/template-full-width.php","meta":{"ngg_post_thumbnail":0,"footnotes":""},"class_list":["post-3289","page","type-page","status-publish","hentry"],"yoast_head":"<!-- This site is optimized with the Yoast SEO Premium plugin v27.3 (Yoast SEO v27.3) - https:\/\/yoast.com\/product\/yoast-seo-premium-wordpress\/ -->\n<title>Ko\u0142o Naukowe Zabytkoznawc\u00f3w i Krajoznawc\u00f3w - Zarz\u0105d - Studenckie Ko\u0142a Naukowe PANS w Kro\u015bnie<\/title>\n<meta name=\"robots\" content=\"index, follow, max-snippet:-1, max-image-preview:large, max-video-preview:-1\" \/>\n<link rel=\"canonical\" href=\"https:\/\/pans.krosno.pl\/kola-naukowe\/studenckie-kola-naukowe\/kolo-naukowe-zabytkoznawcow-i-krajoznawcow\/kolo-naukowe-zabytkoznawcow-i-krajoznawcow-zarzad\/\" \/>\n<meta property=\"og:locale\" content=\"pl_PL\" \/>\n<meta property=\"og:type\" content=\"article\" \/>\n<meta property=\"og:title\" content=\"Ko\u0142o Naukowe Zabytkoznawc\u00f3w i Krajoznawc\u00f3w - Zarz\u0105d\" \/>\n<meta property=\"og:description\" content=\"Zarz\u0105d Ko\u0142a: Prezes: Przemys\u0142aw \u017bo\u0142obowicz Kontakt: 26323student@pans.krosno.pl p.zolobowicz@gmail.com &nbsp; Opiekun naukowy: dr hab. Piotr \u0141opatkiewicz \u2013 prof. PANS\" \/>\n<meta property=\"og:url\" content=\"https:\/\/pans.krosno.pl\/kola-naukowe\/studenckie-kola-naukowe\/kolo-naukowe-zabytkoznawcow-i-krajoznawcow\/kolo-naukowe-zabytkoznawcow-i-krajoznawcow-zarzad\/\" \/>\n<meta property=\"og:site_name\" content=\"Studenckie Ko\u0142a Naukowe PANS w Kro\u015bnie\" \/>\n<meta property=\"article:modified_time\" content=\"2024-12-19T09:24:16+00:00\" \/>\n<meta name=\"twitter:card\" content=\"summary_large_image\" \/>\n<meta name=\"twitter:label1\" content=\"Szacowany czas czytania\" \/>\n\t<meta name=\"twitter:data1\" content=\"1 minuta\" \/>\n<script type=\"application\/ld+json\" class=\"yoast-schema-graph\">{\"@context\":\"https:\\\/\\\/schema.org\",\"@graph\":[{\"@type\":\"WebPage\",\"@id\":\"https:\\\/\\\/pans.krosno.pl\\\/kola-naukowe\\\/studenckie-kola-naukowe\\\/kolo-naukowe-zabytkoznawcow-i-krajoznawcow\\\/kolo-naukowe-zabytkoznawcow-i-krajoznawcow-zarzad\\\/\",\"url\":\"https:\\\/\\\/pans.krosno.pl\\\/kola-naukowe\\\/studenckie-kola-naukowe\\\/kolo-naukowe-zabytkoznawcow-i-krajoznawcow\\\/kolo-naukowe-zabytkoznawcow-i-krajoznawcow-zarzad\\\/\",\"name\":\"Ko\u0142o Naukowe Zabytkoznawc\u00f3w i Krajoznawc\u00f3w - Zarz\u0105d - Studenckie Ko\u0142a Naukowe PANS w Kro\u015bnie\",\"isPartOf\":{\"@id\":\"https:\\\/\\\/pans.krosno.pl\\\/kola-naukowe\\\/#website\"},\"datePublished\":\"2020-08-03T13:16:51+00:00\",\"dateModified\":\"2024-12-19T09:24:16+00:00\",\"breadcrumb\":{\"@id\":\"https:\\\/\\\/pans.krosno.pl\\\/kola-naukowe\\\/studenckie-kola-naukowe\\\/kolo-naukowe-zabytkoznawcow-i-krajoznawcow\\\/kolo-naukowe-zabytkoznawcow-i-krajoznawcow-zarzad\\\/#breadcrumb\"},\"inLanguage\":\"pl-PL\",\"potentialAction\":[{\"@type\":\"ReadAction\",\"target\":[\"https:\\\/\\\/pans.krosno.pl\\\/kola-naukowe\\\/studenckie-kola-naukowe\\\/kolo-naukowe-zabytkoznawcow-i-krajoznawcow\\\/kolo-naukowe-zabytkoznawcow-i-krajoznawcow-zarzad\\\/\"]}]},{\"@type\":\"BreadcrumbList\",\"@id\":\"https:\\\/\\\/pans.krosno.pl\\\/kola-naukowe\\\/studenckie-kola-naukowe\\\/kolo-naukowe-zabytkoznawcow-i-krajoznawcow\\\/kolo-naukowe-zabytkoznawcow-i-krajoznawcow-zarzad\\\/#breadcrumb\",\"itemListElement\":[{\"@type\":\"ListItem\",\"position\":1,\"name\":\"Strona g\u0142\u00f3wna\",\"item\":\"https:\\\/\\\/pans.krosno.pl\\\/kola-naukowe\\\/\"},{\"@type\":\"ListItem\",\"position\":2,\"name\":\"Studenckie Ko\u0142a Naukowe\",\"item\":\"https:\\\/\\\/pans.krosno.pl\\\/kola-naukowe\\\/studenckie-kola-naukowe\\\/\"},{\"@type\":\"ListItem\",\"position\":3,\"name\":\"Ko\u0142o Naukowe Zabytkoznawc\u00f3w i Krajoznawc\u00f3w\",\"item\":\"https:\\\/\\\/pans.krosno.pl\\\/kola-naukowe\\\/studenckie-kola-naukowe\\\/kolo-naukowe-zabytkoznawcow-i-krajoznawcow\\\/\"},{\"@type\":\"ListItem\",\"position\":4,\"name\":\"Ko\u0142o Naukowe Zabytkoznawc\u00f3w i Krajoznawc\u00f3w &#8211; Zarz\u0105d\"}]},{\"@type\":\"WebSite\",\"@id\":\"https:\\\/\\\/pans.krosno.pl\\\/kola-naukowe\\\/#website\",\"url\":\"https:\\\/\\\/pans.krosno.pl\\\/kola-naukowe\\\/\",\"name\":\"Studenckie Ko\u0142a Naukowe PANS w Kro\u015bnie\",\"description\":\"Studenckie Ko\u0142a Naukowe - Pa\u0144stwowa Akademia Nauk Stosowanych\",\"publisher\":{\"@id\":\"https:\\\/\\\/pans.krosno.pl\\\/kola-naukowe\\\/#organization\"},\"potentialAction\":[{\"@type\":\"SearchAction\",\"target\":{\"@type\":\"EntryPoint\",\"urlTemplate\":\"https:\\\/\\\/pans.krosno.pl\\\/kola-naukowe\\\/?s={search_term_string}\"},\"query-input\":{\"@type\":\"PropertyValueSpecification\",\"valueRequired\":true,\"valueName\":\"search_term_string\"}}],\"inLanguage\":\"pl-PL\"},{\"@type\":\"Organization\",\"@id\":\"https:\\\/\\\/pans.krosno.pl\\\/kola-naukowe\\\/#organization\",\"name\":\"Studenckie Ko\u0142a Naukowe PANS w Kro\u015bnie\",\"url\":\"https:\\\/\\\/pans.krosno.pl\\\/kola-naukowe\\\/\",\"logo\":{\"@type\":\"ImageObject\",\"inLanguage\":\"pl-PL\",\"@id\":\"https:\\\/\\\/pans.krosno.pl\\\/kola-naukowe\\\/#\\\/schema\\\/logo\\\/image\\\/\",\"url\":\"https:\\\/\\\/pans.krosno.pl\\\/kola-naukowe\\\/wp-content\\\/uploads\\\/sites\\\/48\\\/2023\\\/01\\\/Logo-PANS-2022-pelne.png\",\"contentUrl\":\"https:\\\/\\\/pans.krosno.pl\\\/kola-naukowe\\\/wp-content\\\/uploads\\\/sites\\\/48\\\/2023\\\/01\\\/Logo-PANS-2022-pelne.png\",\"width\":3096,\"height\":696,\"caption\":\"Studenckie Ko\u0142a Naukowe PANS w Kro\u015bnie\"},\"image\":{\"@id\":\"https:\\\/\\\/pans.krosno.pl\\\/kola-naukowe\\\/#\\\/schema\\\/logo\\\/image\\\/\"}}]}<\/script>\n<!-- \/ Yoast SEO Premium plugin. -->","yoast_head_json":{"title":"Ko\u0142o Naukowe Zabytkoznawc\u00f3w i Krajoznawc\u00f3w - Zarz\u0105d - Studenckie Ko\u0142a Naukowe PANS w Kro\u015bnie","robots":{"index":"index","follow":"follow","max-snippet":"max-snippet:-1","max-image-preview":"max-image-preview:large","max-video-preview":"max-video-preview:-1"},"canonical":"https:\/\/pans.krosno.pl\/kola-naukowe\/studenckie-kola-naukowe\/kolo-naukowe-zabytkoznawcow-i-krajoznawcow\/kolo-naukowe-zabytkoznawcow-i-krajoznawcow-zarzad\/","og_locale":"pl_PL","og_type":"article","og_title":"Ko\u0142o Naukowe Zabytkoznawc\u00f3w i Krajoznawc\u00f3w - Zarz\u0105d","og_description":"Zarz\u0105d Ko\u0142a: Prezes: Przemys\u0142aw \u017bo\u0142obowicz Kontakt: 26323student@pans.krosno.pl p.zolobowicz@gmail.com &nbsp; Opiekun naukowy: dr hab. Piotr \u0141opatkiewicz \u2013 prof. PANS","og_url":"https:\/\/pans.krosno.pl\/kola-naukowe\/studenckie-kola-naukowe\/kolo-naukowe-zabytkoznawcow-i-krajoznawcow\/kolo-naukowe-zabytkoznawcow-i-krajoznawcow-zarzad\/","og_site_name":"Studenckie Ko\u0142a Naukowe PANS w Kro\u015bnie","article_modified_time":"2024-12-19T09:24:16+00:00","twitter_card":"summary_large_image","twitter_misc":{"Szacowany czas czytania":"1 minuta"},"schema":{"@context":"https:\/\/schema.org","@graph":[{"@type":"WebPage","@id":"https:\/\/pans.krosno.pl\/kola-naukowe\/studenckie-kola-naukowe\/kolo-naukowe-zabytkoznawcow-i-krajoznawcow\/kolo-naukowe-zabytkoznawcow-i-krajoznawcow-zarzad\/","url":"https:\/\/pans.krosno.pl\/kola-naukowe\/studenckie-kola-naukowe\/kolo-naukowe-zabytkoznawcow-i-krajoznawcow\/kolo-naukowe-zabytkoznawcow-i-krajoznawcow-zarzad\/","name":"Ko\u0142o Naukowe Zabytkoznawc\u00f3w i Krajoznawc\u00f3w - Zarz\u0105d - Studenckie Ko\u0142a Naukowe PANS w Kro\u015bnie","isPartOf":{"@id":"https:\/\/pans.krosno.pl\/kola-naukowe\/#website"},"datePublished":"2020-08-03T13:16:51+00:00","dateModified":"2024-12-19T09:24:16+00:00","breadcrumb":{"@id":"https:\/\/pans.krosno.pl\/kola-naukowe\/studenckie-kola-naukowe\/kolo-naukowe-zabytkoznawcow-i-krajoznawcow\/kolo-naukowe-zabytkoznawcow-i-krajoznawcow-zarzad\/#breadcrumb"},"inLanguage":"pl-PL","potentialAction":[{"@type":"ReadAction","target":["https:\/\/pans.krosno.pl\/kola-naukowe\/studenckie-kola-naukowe\/kolo-naukowe-zabytkoznawcow-i-krajoznawcow\/kolo-naukowe-zabytkoznawcow-i-krajoznawcow-zarzad\/"]}]},{"@type":"BreadcrumbList","@id":"https:\/\/pans.krosno.pl\/kola-naukowe\/studenckie-kola-naukowe\/kolo-naukowe-zabytkoznawcow-i-krajoznawcow\/kolo-naukowe-zabytkoznawcow-i-krajoznawcow-zarzad\/#breadcrumb","itemListElement":[{"@type":"ListItem","position":1,"name":"Strona g\u0142\u00f3wna","item":"https:\/\/pans.krosno.pl\/kola-naukowe\/"},{"@type":"ListItem","position":2,"name":"Studenckie Ko\u0142a Naukowe","item":"https:\/\/pans.krosno.pl\/kola-naukowe\/studenckie-kola-naukowe\/"},{"@type":"ListItem","position":3,"name":"Ko\u0142o Naukowe Zabytkoznawc\u00f3w i Krajoznawc\u00f3w","item":"https:\/\/pans.krosno.pl\/kola-naukowe\/studenckie-kola-naukowe\/kolo-naukowe-zabytkoznawcow-i-krajoznawcow\/"},{"@type":"ListItem","position":4,"name":"Ko\u0142o Naukowe Zabytkoznawc\u00f3w i Krajoznawc\u00f3w &#8211; Zarz\u0105d"}]},{"@type":"WebSite","@id":"https:\/\/pans.krosno.pl\/kola-naukowe\/#website","url":"https:\/\/pans.krosno.pl\/kola-naukowe\/","name":"Studenckie Ko\u0142a Naukowe PANS w Kro\u015bnie","description":"Studenckie Ko\u0142a Naukowe - Pa\u0144stwowa Akademia Nauk Stosowanych","publisher":{"@id":"https:\/\/pans.krosno.pl\/kola-naukowe\/#organization"},"potentialAction":[{"@type":"SearchAction","target":{"@type":"EntryPoint","urlTemplate":"https:\/\/pans.krosno.pl\/kola-naukowe\/?s={search_term_string}"},"query-input":{"@type":"PropertyValueSpecification","valueRequired":true,"valueName":"search_term_string"}}],"inLanguage":"pl-PL"},{"@type":"Organization","@id":"https:\/\/pans.krosno.pl\/kola-naukowe\/#organization","name":"Studenckie Ko\u0142a Naukowe PANS w Kro\u015bnie","url":"https:\/\/pans.krosno.pl\/kola-naukowe\/","logo":{"@type":"ImageObject","inLanguage":"pl-PL","@id":"https:\/\/pans.krosno.pl\/kola-naukowe\/#\/schema\/logo\/image\/","url":"https:\/\/pans.krosno.pl\/kola-naukowe\/wp-content\/uploads\/sites\/48\/2023\/01\/Logo-PANS-2022-pelne.png","contentUrl":"https:\/\/pans.krosno.pl\/kola-naukowe\/wp-content\/uploads\/sites\/48\/2023\/01\/Logo-PANS-2022-pelne.png","width":3096,"height":696,"caption":"Studenckie Ko\u0142a Naukowe PANS w Kro\u015bnie"},"image":{"@id":"https:\/\/pans.krosno.pl\/kola-naukowe\/#\/schema\/logo\/image\/"}}]}},"_links":{"self":[{"href":"https:\/\/pans.krosno.pl\/kola-naukowe\/wp-json\/wp\/v2\/pages\/3289","targetHints":{"allow":["GET"]}}],"collection":[{"href":"https:\/\/pans.krosno.pl\/kola-naukowe\/wp-json\/wp\/v2\/pages"}],"about":[{"href":"https:\/\/pans.krosno.pl\/kola-naukowe\/wp-json\/wp\/v2\/types\/page"}],"author":[{"embeddable":true,"href":"https:\/\/pans.krosno.pl\/kola-naukowe\/wp-json\/wp\/v2\/users\/27"}],"replies":[{"embeddable":true,"href":"https:\/\/pans.krosno.pl\/kola-naukowe\/wp-json\/wp\/v2\/comments?post=3289"}],"version-history":[{"count":2,"href":"https:\/\/pans.krosno.pl\/kola-naukowe\/wp-json\/wp\/v2\/pages\/3289\/revisions"}],"predecessor-version":[{"id":7172,"href":"https:\/\/pans.krosno.pl\/kola-naukowe\/wp-json\/wp\/v2\/pages\/3289\/revisions\/7172"}],"up":[{"embeddable":true,"href":"https:\/\/pans.krosno.pl\/kola-naukowe\/wp-json\/wp\/v2\/pages\/2923"}],"wp:attachment":[{"href":"https:\/\/pans.krosno.pl\/kola-naukowe\/wp-json\/wp\/v2\/media?parent=3289"}],"curies":[{"name":"wp","href":"https:\/\/api.w.org\/{rel}","templated":true}]}}