{"id":313,"date":"2020-04-29T20:34:58","date_gmt":"2020-04-29T18:34:58","guid":{"rendered":"https:\/\/pans.krosno.pl\/kola-naukowe\/?page_id=313"},"modified":"2020-07-30T13:05:11","modified_gmt":"2020-07-30T11:05:11","slug":"kolo-naukowe-honorowych-dawcow-krwi-dawcy-szpiku","status":"publish","type":"page","link":"https:\/\/pans.krosno.pl\/kola-naukowe\/studenckie-kola-naukowe\/kolo-naukowe-honorowych-dawcow-krwi\/kolo-naukowe-honorowych-dawcow-krwi-dawcy-szpiku\/","title":{"rendered":"Ko\u0142o Naukowe Honorowych Dawc\u00f3w Krwi &#8211; Dawcy szpiku"},"content":{"rendered":"\n<hr class=\"wp-block-separator\" \/>\n\n\n<p>&nbsp;<strong>Ca\u0142y proces zostawania dawc\u0105 szpiku sk\u0142ada si\u0119 z 3 etap\u00f3w<\/strong>:&nbsp;<\/p>\n<p><strong>I. Kwalifikacja potencjalnych dawc\u00f3w kom\u00f3rek krwiotw\u00f3rczych<\/strong><strong><br><\/strong><\/p>\n<p><strong>&nbsp;1. Rejestracja<\/strong><\/p>\n<p>&nbsp;W rejestracji RCKiK nale\u017cy pobra\u0107 i wype\u0142ni\u0107<\/p>\n<p>&nbsp;&nbsp; &#8211; \u201eKart\u0119 Ewidencyjn\u0105\u201d&nbsp;<\/p>\n<p>&nbsp;&nbsp; &#8211; \u201eKwestionariusz dla dawc\u00f3w\u201d<\/p>\n<p><strong>2. Badanie lekarskie<\/strong><\/p>\n<p>Po rejestracji kandydat przechodzi badania lekarskie. Lekarz RCKiK decyduj\u0119, czy aktualny stan zdrowia pozwala na zakwalifikowanie danej osoby jako potencjalnego dawc\u0119 szpiku. W gabinecie lekarskim dawca mo\u017ce te\u017c uzyska\u0107 wyczerpuj\u0105ce informacje na nurtuj\u0105ce go pytania i ewentualne w\u0105tpliwo\u015bci.<\/p>\n<p><strong>3.Laboratorium<\/strong><\/p>\n<p>&nbsp;Od potencjalnego dawcy szpiku pobiera si\u0119 oko\u0142o 12 ml krwi \u017cylnej celem wykonania badania antygen\u00f3w zgodno\u015bci tkankowej klasy I i II (HLA).<\/p>\n<p>Wyniki badania i dane osobowe zostaj\u0105 zapisane w bazie kandydat\u00f3w na dawc\u0119 szpiku kostnego.<\/p>\n<p>&nbsp;<\/p>\n<p><strong>II.&nbsp;Oczekiwanie na chorego o takich samych cech zgodno\u015bci tkankowych<\/strong><\/p>\n<p>Mo\u017ce si\u0119 okaza\u0107, \u017ce przez ca\u0142e \u017cycie nie zostaniesz dawc\u0105 szpiku kostnego, poniewa\u017c \u017caden chory nie b\u0119dzie mia\u0142 takich samych cech zgodno\u015bci tkankowych jak Ty. Je\u015bli jednak znajdzie si\u0119 osoba, kt\u00f3ra b\u0119dzie potrzebowa\u0142a Twojego szpiku to uruchamia si\u0119&nbsp; procedur\u0119 ostatecznej kwalifikacji dawcy i pobrania materia\u0142u do transplantacji.<\/p>\n<p>&nbsp;<\/p>\n<p><strong>III. Oddanie kom\u00f3rek krwiotw\u00f3rczych<\/strong><\/p>\n<p><strong>Decyzja o wyborze jednej z poni\u017cszych metod uzale\u017cniona jest od stanu zdrowia i preferencji chorego na bia\u0142aczk\u0119 pacjenta. &nbsp; W miar\u0119 mo\u017cliwo\u015bci bierze si\u0119 \u017cyczenia dawcy.<\/strong><\/p>\n<p><strong>a)&nbsp; Pobranie kom\u00f3rek krwiotw\u00f3rczych z krwi obwodowej:<\/strong><\/p>\n<p>W takim przypadku dawca otrzymuje przez 4 lub 5 dni lek zwi\u0119kszaj\u0105cy liczb\u0119 kom\u00f3rek krwiotw\u00f3rczych kr\u0105\u017c\u0105cych we krwi obwodowej. Nast\u0119pnie kom\u00f3rki krwiotw\u00f3rcze s\u0105 pobierane z krwi obwodowej &nbsp;w trakcie procedury nazywanej aferez\u0105. Zwykle do aferezy zak\u0142adane s\u0105 dwie ig\u0142y do \u017cy\u0142 w lewym i prawym dole \u0142okciowym. Krew pobierana jest w spos\u00f3b ci\u0105g\u0142y z jednej \u017cy\u0142y, w separatorze kom\u00f3rkowym oddzielane s\u0105 kom\u00f3rki krwiotw\u00f3rcze, a nast\u0119pnie krew pozbawiona tych kom\u00f3rek wraca do dawcy przez ig\u0142\u0119 umieszczon\u0105 w drugiej \u017cyle.<\/p>\n<p><strong>b)&nbsp; Pobieranie szpiku kostnego metod\u0105 wielokrotnych nak\u0142u\u0107 ko\u015bci biodrowej:<\/strong><\/p>\n<p>Ta metoda wymaga 2-3 dniowej hospitalizacji. &nbsp;Odbywa si\u0119 na sali operacyjnej, w znieczuleniu og\u00f3lnym. Pobiera si\u0119 ok. 500 \u2013 1500 ml szpiku. Ubytek ten w ci\u0105gu kilku dni ulega odnowieniu. Zabieg trwa oko\u0142o 1 godziny. Niekiedy pod koniec zabiegu, dawcy przetacza si\u0119 jego w\u0142asn\u0105 krew, pobran\u0105 10 dni wcze\u015bniej. Obecnie zabieg ten stosuje si\u0119 coraz rzadziej.&nbsp;<\/p>\n<p><br><strong>Czy pobranie kom\u00f3rek krwiotw\u00f3rczych jest bezpieczne dla dawcy i jakie mog\u0105 wyst\u0105pi\u0107 powik\u0142ania?<\/strong><\/p>\n<p>a)&nbsp;<strong>zabieg pobierania kom\u00f3rek (afereza) jest bezpieczny<\/strong>&nbsp;i jego zasada jest identyczna&nbsp;z powszechnie wykonywanym od kilkunastu lat pobieraniem p\u0142ytek krwi od dawc\u00f3w&nbsp;w stacjach krwiodawstwa. Podstawowe objawy uboczne aferezy to b\u00f3l w miejscu nak\u0142ucia \u017cy\u0142 oraz objawy b\u0119d\u0105ce nast\u0119pstwem podawania \u015brodk\u00f3w przeciwkrzepliwych w czasie aferezy takie jak delikatne mrowienie, dr\u0119twienie j\u0119zyka, ust, palc\u00f3w. Ust\u0119puj\u0105 bardzo szybko po podaniu preparat\u00f3w wapnia. Afereza mo\u017ce powodowa\u0107 r\u00f3wnie\u017c przej\u015bciowe obni\u017cenie liczby p\u0142ytek krwi.<\/p>\n<p>b) pobranie szpiku jak ka\u017cdy zabieg wykonywany w znieczuleniu og\u00f3lnym niesie za sob\u0105 potencjalne zagro\u017cenia zwi\u0105zane ze znieczuleniem. Mo\u017ce wyst\u0105pi\u0107 b\u00f3l gard\u0142a spowodowany zak\u0142adaniem rurki intubacyjnej. Nast\u0119pstwem znieczulenia og\u00f3lnego mog\u0105 by\u0107 r\u00f3wnie\u017c nudno\u015bci, wymioty i b\u00f3l g\u0142owy. Sam zabieg pobrania szpiku mo\u017ce skutkowa\u0107 b\u00f3lem, obrz\u0119kiem lub tkliwo\u015bci\u0105 w okolicy nak\u0142ucia, spowodowanym uszkodzeniem tkanek w czasie aspiracji szpiku. Zazwyczaj szybko ust\u0119puj\u0105 objawy zwi\u0105zane ze znieczuleniem og\u00f3lnym, a szpik w pe\u0142ni si\u0119 regeneruje w ci\u0105gu 2-3 tygodni.<\/p>\n<p>Szpik od dawc\u00f3w pobierany jest nieodp\u0142atnie z zachowaniem pe\u0142nej dobrowolno\u015bci i anonimowo\u015bci dawcy.<\/p>\n<p>Koszty zwi\u0105zane z ewentualnymi podr\u00f3\u017cami do o\u015brodk\u00f3w wykonuj\u0105cych przeszczepy, rekompensaty za opuszczone dni w pracy b\u0119d\u0105 pokryte a dawca obj\u0119ty specjaln\u0105 opiek\u0105 lekarsk\u0105 zar\u00f3wno podczas bada\u0144, zabiegu pobrania szpiku jak i p\u00f3\u017aniej.<\/p>\n<p>&nbsp;<\/p>\n<p><strong>Dawca szpiku najlepszym dawc\u0105 p\u0142ytek.<\/strong><\/p>\n<p>U chorych, po przeszczepieniu kom\u00f3rek krwiotw\u00f3rczych, a tak\u017ce u innych chorych na nowotwory i choroby mieloproliferacyjne w trakcie leczenia cz\u0119sto dochodzi do znacznego obni\u017cenia p\u0142ytek krwi. Wyst\u0119puj\u0105ca u nich ma\u0142op\u0142ytkowo\u015b\u0107 stanowi bezpo\u015brednie zagro\u017cenie ich \u017cycia wskutek krwawie\u0144. Jedynym sposobem ratowania \u017cycia jest w takich przypadkach przetoczenie koncentratu krwinek p\u0142ytkowych. Niestety, po przetoczeniu koncentrat\u00f3w p\u0142ytek krwi od przypadkowych krwiodawc\u00f3w u niekt\u00f3rych chorych pojawiaj\u0105 si\u0119 przeciwcia\u0142a do antygen\u00f3w HLA klasy I. Dalsze leczenie ratuj\u0105ce \u017cycie chorego jest mo\u017cliwe tylko przy u\u017cyciu p\u0142ytek krwi od dawcy zgodnego w zakresie antygen\u00f3w HLA.<\/p>\n<p>Osoby, kt\u00f3re zg\u0142aszaj\u0105 si\u0119 jako potencjalni dawcy szpiku maj\u0105 oznaczone te antygeny HLA, kt\u00f3re wyst\u0119puj\u0105 r\u00f3wnie\u017c na p\u0142ytkach krwi. Spo\u015br\u00f3d nich, bez zb\u0119dnej zw\u0142oki i dodatkowych bada\u0144 immunogenetycznych, mog\u0105 by\u0107 wybrani dawcy zgodnych w zakresie HLA i skutecznych p\u0142ytek krwi. Apelujemy by\u015b wyrazi\u0142\/a zgod\u0119 na powiadomienie Ciebie o potrzebie oddania p\u0142ytek dla chorego z ma\u0142op\u0142ytkowo\u015bci\u0105.<\/p>\n<p>Pobranie p\u0142ytek krwi nie r\u00f3\u017cni si\u0119 zasadniczo od oddania krwi. Jest zabiegiem niebolesnym wykonywanym przy u\u017cyciu nowoczesnych separator\u00f3w kom\u00f3rkowych. Od pobieranej ma\u0142ymi porcjami krwi \u017cylnej oddzielany jest koncentrat krwinek p\u0142ytkowych, a wszystkie pozosta\u0142e sk\u0142adniki zwracane s\u0105 do drugiej \u017cy\u0142y. Zabieg trwa ok. 90 minut.<\/p>","protected":false},"excerpt":{"rendered":"<p>&nbsp;Ca\u0142y proces zostawania dawc\u0105 szpiku sk\u0142ada si\u0119 z 3 etap\u00f3w:&nbsp; I. Kwalifikacja potencjalnych dawc\u00f3w kom\u00f3rek krwiotw\u00f3rczych &nbsp;1. Rejestracja &nbsp;W rejestracji RCKiK nale\u017cy pobra\u0107 i wype\u0142ni\u0107 &nbsp;&nbsp; &#8211; \u201eKart\u0119 Ewidencyjn\u0105\u201d&nbsp; &nbsp;&nbsp; &#8211; \u201eKwestionariusz dla dawc\u00f3w\u201d 2. Badanie lekarskie Po rejestracji kandydat przechodzi badania lekarskie. Lekarz RCKiK decyduj\u0119, czy aktualny stan zdrowia [\u2026] <\/p>\n<div class=\"clear\"><\/div>\n<p><a class=\"more_link clearfix\" href=\"https:\/\/pans.krosno.pl\/kola-naukowe\/studenckie-kola-naukowe\/kolo-naukowe-honorowych-dawcow-krwi\/kolo-naukowe-honorowych-dawcow-krwi-dawcy-szpiku\/\" rel=\"nofollow\">Read More<\/a><\/p>\n","protected":false},"author":27,"featured_media":0,"parent":282,"menu_order":0,"comment_status":"closed","ping_status":"closed","template":"page-templates\/template-full-width.php","meta":{"ngg_post_thumbnail":0,"footnotes":""},"class_list":["post-313","page","type-page","status-publish","hentry"],"yoast_head":"<!-- This site is optimized with the Yoast SEO Premium plugin v27.3 (Yoast SEO v27.3) - https:\/\/yoast.com\/product\/yoast-seo-premium-wordpress\/ -->\n<title>Ko\u0142o Naukowe Honorowych Dawc\u00f3w Krwi - Dawcy szpiku - Studenckie Ko\u0142a Naukowe PANS w Kro\u015bnie<\/title>\n<meta name=\"robots\" content=\"index, follow, max-snippet:-1, max-image-preview:large, max-video-preview:-1\" \/>\n<link rel=\"canonical\" href=\"https:\/\/pans.krosno.pl\/kola-naukowe\/studenckie-kola-naukowe\/kolo-naukowe-honorowych-dawcow-krwi\/kolo-naukowe-honorowych-dawcow-krwi-dawcy-szpiku\/\" \/>\n<meta property=\"og:locale\" content=\"pl_PL\" \/>\n<meta property=\"og:type\" content=\"article\" \/>\n<meta property=\"og:title\" content=\"Ko\u0142o Naukowe Honorowych Dawc\u00f3w Krwi - Dawcy szpiku\" \/>\n<meta property=\"og:description\" content=\"&nbsp;Ca\u0142y proces zostawania dawc\u0105 szpiku sk\u0142ada si\u0119 z 3 etap\u00f3w:&nbsp; I. Kwalifikacja potencjalnych dawc\u00f3w kom\u00f3rek krwiotw\u00f3rczych &nbsp;1. Rejestracja &nbsp;W rejestracji RCKiK nale\u017cy pobra\u0107 i wype\u0142ni\u0107 &nbsp;&nbsp; &#8211; \u201eKart\u0119 Ewidencyjn\u0105\u201d&nbsp; &nbsp;&nbsp; &#8211; \u201eKwestionariusz dla dawc\u00f3w\u201d 2. Badanie lekarskie Po rejestracji kandydat przechodzi badania lekarskie. Lekarz RCKiK decyduj\u0119, czy aktualny stan zdrowia [\u2026] Read More\" \/>\n<meta property=\"og:url\" content=\"https:\/\/pans.krosno.pl\/kola-naukowe\/studenckie-kola-naukowe\/kolo-naukowe-honorowych-dawcow-krwi\/kolo-naukowe-honorowych-dawcow-krwi-dawcy-szpiku\/\" \/>\n<meta property=\"og:site_name\" content=\"Studenckie Ko\u0142a Naukowe PANS w Kro\u015bnie\" \/>\n<meta property=\"article:modified_time\" content=\"2020-07-30T11:05:11+00:00\" \/>\n<meta name=\"twitter:card\" content=\"summary_large_image\" \/>\n<meta name=\"twitter:label1\" content=\"Szacowany czas czytania\" \/>\n\t<meta name=\"twitter:data1\" content=\"5 minut\" \/>\n<script type=\"application\/ld+json\" class=\"yoast-schema-graph\">{\"@context\":\"https:\\\/\\\/schema.org\",\"@graph\":[{\"@type\":\"WebPage\",\"@id\":\"https:\\\/\\\/pans.krosno.pl\\\/kola-naukowe\\\/studenckie-kola-naukowe\\\/kolo-naukowe-honorowych-dawcow-krwi\\\/kolo-naukowe-honorowych-dawcow-krwi-dawcy-szpiku\\\/\",\"url\":\"https:\\\/\\\/pans.krosno.pl\\\/kola-naukowe\\\/studenckie-kola-naukowe\\\/kolo-naukowe-honorowych-dawcow-krwi\\\/kolo-naukowe-honorowych-dawcow-krwi-dawcy-szpiku\\\/\",\"name\":\"Ko\u0142o Naukowe Honorowych Dawc\u00f3w Krwi - Dawcy szpiku - Studenckie Ko\u0142a Naukowe PANS w Kro\u015bnie\",\"isPartOf\":{\"@id\":\"https:\\\/\\\/pans.krosno.pl\\\/kola-naukowe\\\/#website\"},\"datePublished\":\"2020-04-29T18:34:58+00:00\",\"dateModified\":\"2020-07-30T11:05:11+00:00\",\"breadcrumb\":{\"@id\":\"https:\\\/\\\/pans.krosno.pl\\\/kola-naukowe\\\/studenckie-kola-naukowe\\\/kolo-naukowe-honorowych-dawcow-krwi\\\/kolo-naukowe-honorowych-dawcow-krwi-dawcy-szpiku\\\/#breadcrumb\"},\"inLanguage\":\"pl-PL\",\"potentialAction\":[{\"@type\":\"ReadAction\",\"target\":[\"https:\\\/\\\/pans.krosno.pl\\\/kola-naukowe\\\/studenckie-kola-naukowe\\\/kolo-naukowe-honorowych-dawcow-krwi\\\/kolo-naukowe-honorowych-dawcow-krwi-dawcy-szpiku\\\/\"]}]},{\"@type\":\"BreadcrumbList\",\"@id\":\"https:\\\/\\\/pans.krosno.pl\\\/kola-naukowe\\\/studenckie-kola-naukowe\\\/kolo-naukowe-honorowych-dawcow-krwi\\\/kolo-naukowe-honorowych-dawcow-krwi-dawcy-szpiku\\\/#breadcrumb\",\"itemListElement\":[{\"@type\":\"ListItem\",\"position\":1,\"name\":\"Strona g\u0142\u00f3wna\",\"item\":\"https:\\\/\\\/pans.krosno.pl\\\/kola-naukowe\\\/\"},{\"@type\":\"ListItem\",\"position\":2,\"name\":\"Studenckie Ko\u0142a Naukowe\",\"item\":\"https:\\\/\\\/pans.krosno.pl\\\/kola-naukowe\\\/studenckie-kola-naukowe\\\/\"},{\"@type\":\"ListItem\",\"position\":3,\"name\":\"Ko\u0142o Naukowe Honorowych Dawc\u00f3w Krwi i Potencjalnych Dawc\u00f3w Szpiku\",\"item\":\"https:\\\/\\\/pans.krosno.pl\\\/kola-naukowe\\\/studenckie-kola-naukowe\\\/kolo-naukowe-honorowych-dawcow-krwi\\\/\"},{\"@type\":\"ListItem\",\"position\":4,\"name\":\"Ko\u0142o Naukowe Honorowych Dawc\u00f3w Krwi &#8211; Dawcy szpiku\"}]},{\"@type\":\"WebSite\",\"@id\":\"https:\\\/\\\/pans.krosno.pl\\\/kola-naukowe\\\/#website\",\"url\":\"https:\\\/\\\/pans.krosno.pl\\\/kola-naukowe\\\/\",\"name\":\"Studenckie Ko\u0142a Naukowe PANS w Kro\u015bnie\",\"description\":\"Studenckie Ko\u0142a Naukowe - Pa\u0144stwowa Akademia Nauk Stosowanych\",\"publisher\":{\"@id\":\"https:\\\/\\\/pans.krosno.pl\\\/kola-naukowe\\\/#organization\"},\"potentialAction\":[{\"@type\":\"SearchAction\",\"target\":{\"@type\":\"EntryPoint\",\"urlTemplate\":\"https:\\\/\\\/pans.krosno.pl\\\/kola-naukowe\\\/?s={search_term_string}\"},\"query-input\":{\"@type\":\"PropertyValueSpecification\",\"valueRequired\":true,\"valueName\":\"search_term_string\"}}],\"inLanguage\":\"pl-PL\"},{\"@type\":\"Organization\",\"@id\":\"https:\\\/\\\/pans.krosno.pl\\\/kola-naukowe\\\/#organization\",\"name\":\"Studenckie Ko\u0142a Naukowe PANS w Kro\u015bnie\",\"url\":\"https:\\\/\\\/pans.krosno.pl\\\/kola-naukowe\\\/\",\"logo\":{\"@type\":\"ImageObject\",\"inLanguage\":\"pl-PL\",\"@id\":\"https:\\\/\\\/pans.krosno.pl\\\/kola-naukowe\\\/#\\\/schema\\\/logo\\\/image\\\/\",\"url\":\"https:\\\/\\\/pans.krosno.pl\\\/kola-naukowe\\\/wp-content\\\/uploads\\\/sites\\\/48\\\/2023\\\/01\\\/Logo-PANS-2022-pelne.png\",\"contentUrl\":\"https:\\\/\\\/pans.krosno.pl\\\/kola-naukowe\\\/wp-content\\\/uploads\\\/sites\\\/48\\\/2023\\\/01\\\/Logo-PANS-2022-pelne.png\",\"width\":3096,\"height\":696,\"caption\":\"Studenckie Ko\u0142a Naukowe PANS w Kro\u015bnie\"},\"image\":{\"@id\":\"https:\\\/\\\/pans.krosno.pl\\\/kola-naukowe\\\/#\\\/schema\\\/logo\\\/image\\\/\"}}]}<\/script>\n<!-- \/ Yoast SEO Premium plugin. -->","yoast_head_json":{"title":"Ko\u0142o Naukowe Honorowych Dawc\u00f3w Krwi - Dawcy szpiku - Studenckie Ko\u0142a Naukowe PANS w Kro\u015bnie","robots":{"index":"index","follow":"follow","max-snippet":"max-snippet:-1","max-image-preview":"max-image-preview:large","max-video-preview":"max-video-preview:-1"},"canonical":"https:\/\/pans.krosno.pl\/kola-naukowe\/studenckie-kola-naukowe\/kolo-naukowe-honorowych-dawcow-krwi\/kolo-naukowe-honorowych-dawcow-krwi-dawcy-szpiku\/","og_locale":"pl_PL","og_type":"article","og_title":"Ko\u0142o Naukowe Honorowych Dawc\u00f3w Krwi - Dawcy szpiku","og_description":"&nbsp;Ca\u0142y proces zostawania dawc\u0105 szpiku sk\u0142ada si\u0119 z 3 etap\u00f3w:&nbsp; I. Kwalifikacja potencjalnych dawc\u00f3w kom\u00f3rek krwiotw\u00f3rczych &nbsp;1. Rejestracja &nbsp;W rejestracji RCKiK nale\u017cy pobra\u0107 i wype\u0142ni\u0107 &nbsp;&nbsp; &#8211; \u201eKart\u0119 Ewidencyjn\u0105\u201d&nbsp; &nbsp;&nbsp; &#8211; \u201eKwestionariusz dla dawc\u00f3w\u201d 2. Badanie lekarskie Po rejestracji kandydat przechodzi badania lekarskie. Lekarz RCKiK decyduj\u0119, czy aktualny stan zdrowia [\u2026] Read More","og_url":"https:\/\/pans.krosno.pl\/kola-naukowe\/studenckie-kola-naukowe\/kolo-naukowe-honorowych-dawcow-krwi\/kolo-naukowe-honorowych-dawcow-krwi-dawcy-szpiku\/","og_site_name":"Studenckie Ko\u0142a Naukowe PANS w Kro\u015bnie","article_modified_time":"2020-07-30T11:05:11+00:00","twitter_card":"summary_large_image","twitter_misc":{"Szacowany czas czytania":"5 minut"},"schema":{"@context":"https:\/\/schema.org","@graph":[{"@type":"WebPage","@id":"https:\/\/pans.krosno.pl\/kola-naukowe\/studenckie-kola-naukowe\/kolo-naukowe-honorowych-dawcow-krwi\/kolo-naukowe-honorowych-dawcow-krwi-dawcy-szpiku\/","url":"https:\/\/pans.krosno.pl\/kola-naukowe\/studenckie-kola-naukowe\/kolo-naukowe-honorowych-dawcow-krwi\/kolo-naukowe-honorowych-dawcow-krwi-dawcy-szpiku\/","name":"Ko\u0142o Naukowe Honorowych Dawc\u00f3w Krwi - Dawcy szpiku - Studenckie Ko\u0142a Naukowe PANS w Kro\u015bnie","isPartOf":{"@id":"https:\/\/pans.krosno.pl\/kola-naukowe\/#website"},"datePublished":"2020-04-29T18:34:58+00:00","dateModified":"2020-07-30T11:05:11+00:00","breadcrumb":{"@id":"https:\/\/pans.krosno.pl\/kola-naukowe\/studenckie-kola-naukowe\/kolo-naukowe-honorowych-dawcow-krwi\/kolo-naukowe-honorowych-dawcow-krwi-dawcy-szpiku\/#breadcrumb"},"inLanguage":"pl-PL","potentialAction":[{"@type":"ReadAction","target":["https:\/\/pans.krosno.pl\/kola-naukowe\/studenckie-kola-naukowe\/kolo-naukowe-honorowych-dawcow-krwi\/kolo-naukowe-honorowych-dawcow-krwi-dawcy-szpiku\/"]}]},{"@type":"BreadcrumbList","@id":"https:\/\/pans.krosno.pl\/kola-naukowe\/studenckie-kola-naukowe\/kolo-naukowe-honorowych-dawcow-krwi\/kolo-naukowe-honorowych-dawcow-krwi-dawcy-szpiku\/#breadcrumb","itemListElement":[{"@type":"ListItem","position":1,"name":"Strona g\u0142\u00f3wna","item":"https:\/\/pans.krosno.pl\/kola-naukowe\/"},{"@type":"ListItem","position":2,"name":"Studenckie Ko\u0142a Naukowe","item":"https:\/\/pans.krosno.pl\/kola-naukowe\/studenckie-kola-naukowe\/"},{"@type":"ListItem","position":3,"name":"Ko\u0142o Naukowe Honorowych Dawc\u00f3w Krwi i Potencjalnych Dawc\u00f3w Szpiku","item":"https:\/\/pans.krosno.pl\/kola-naukowe\/studenckie-kola-naukowe\/kolo-naukowe-honorowych-dawcow-krwi\/"},{"@type":"ListItem","position":4,"name":"Ko\u0142o Naukowe Honorowych Dawc\u00f3w Krwi &#8211; Dawcy szpiku"}]},{"@type":"WebSite","@id":"https:\/\/pans.krosno.pl\/kola-naukowe\/#website","url":"https:\/\/pans.krosno.pl\/kola-naukowe\/","name":"Studenckie Ko\u0142a Naukowe PANS w Kro\u015bnie","description":"Studenckie Ko\u0142a Naukowe - Pa\u0144stwowa Akademia Nauk Stosowanych","publisher":{"@id":"https:\/\/pans.krosno.pl\/kola-naukowe\/#organization"},"potentialAction":[{"@type":"SearchAction","target":{"@type":"EntryPoint","urlTemplate":"https:\/\/pans.krosno.pl\/kola-naukowe\/?s={search_term_string}"},"query-input":{"@type":"PropertyValueSpecification","valueRequired":true,"valueName":"search_term_string"}}],"inLanguage":"pl-PL"},{"@type":"Organization","@id":"https:\/\/pans.krosno.pl\/kola-naukowe\/#organization","name":"Studenckie Ko\u0142a Naukowe PANS w Kro\u015bnie","url":"https:\/\/pans.krosno.pl\/kola-naukowe\/","logo":{"@type":"ImageObject","inLanguage":"pl-PL","@id":"https:\/\/pans.krosno.pl\/kola-naukowe\/#\/schema\/logo\/image\/","url":"https:\/\/pans.krosno.pl\/kola-naukowe\/wp-content\/uploads\/sites\/48\/2023\/01\/Logo-PANS-2022-pelne.png","contentUrl":"https:\/\/pans.krosno.pl\/kola-naukowe\/wp-content\/uploads\/sites\/48\/2023\/01\/Logo-PANS-2022-pelne.png","width":3096,"height":696,"caption":"Studenckie Ko\u0142a Naukowe PANS w Kro\u015bnie"},"image":{"@id":"https:\/\/pans.krosno.pl\/kola-naukowe\/#\/schema\/logo\/image\/"}}]}},"_links":{"self":[{"href":"https:\/\/pans.krosno.pl\/kola-naukowe\/wp-json\/wp\/v2\/pages\/313","targetHints":{"allow":["GET"]}}],"collection":[{"href":"https:\/\/pans.krosno.pl\/kola-naukowe\/wp-json\/wp\/v2\/pages"}],"about":[{"href":"https:\/\/pans.krosno.pl\/kola-naukowe\/wp-json\/wp\/v2\/types\/page"}],"author":[{"embeddable":true,"href":"https:\/\/pans.krosno.pl\/kola-naukowe\/wp-json\/wp\/v2\/users\/27"}],"replies":[{"embeddable":true,"href":"https:\/\/pans.krosno.pl\/kola-naukowe\/wp-json\/wp\/v2\/comments?post=313"}],"version-history":[{"count":1,"href":"https:\/\/pans.krosno.pl\/kola-naukowe\/wp-json\/wp\/v2\/pages\/313\/revisions"}],"predecessor-version":[{"id":314,"href":"https:\/\/pans.krosno.pl\/kola-naukowe\/wp-json\/wp\/v2\/pages\/313\/revisions\/314"}],"up":[{"embeddable":true,"href":"https:\/\/pans.krosno.pl\/kola-naukowe\/wp-json\/wp\/v2\/pages\/282"}],"wp:attachment":[{"href":"https:\/\/pans.krosno.pl\/kola-naukowe\/wp-json\/wp\/v2\/media?parent=313"}],"curies":[{"name":"wp","href":"https:\/\/api.w.org\/{rel}","templated":true}]}}