{"id":304,"date":"2020-04-29T20:31:57","date_gmt":"2020-04-29T18:31:57","guid":{"rendered":"https:\/\/pans.krosno.pl\/kola-naukowe\/?page_id=304"},"modified":"2025-10-05T14:09:04","modified_gmt":"2025-10-05T12:09:04","slug":"kolo-naukowe-honorowych-dawcow-krwi-wampiriada","status":"publish","type":"page","link":"https:\/\/pans.krosno.pl\/kola-naukowe\/studenckie-kola-naukowe\/kolo-naukowe-honorowych-dawcow-krwi\/kolo-naukowe-honorowych-dawcow-krwi-wampiriada\/","title":{"rendered":"Ko\u0142o Naukowe Honorowych Dawc\u00f3w Krwi &#8211; Wampiriada"},"content":{"rendered":"\n<p><strong>Regulamin konkursu &#8222;KRO\u015aNIE\u0143SKA WAMPIRIADA STUDENT\u00d3W&#8221;&nbsp;organizowanego przez Pa\u0144stwow\u0105 Akademi\u0119 Nauk Stosowanych w Kro\u015bnie<\/strong><\/p>\n\n\n\n<p><strong>Cel organizacji konkursu<\/strong>:<br>Promowanie w\u015br\u00f3d m\u0142odzie\u017cy szkolnej, student\u00f3w i pracownik\u00f3w Uczelni honorowego dawstwa krwi oraz pozyskanie nowych dawc\u00f3w krwi.<\/p>\n\n\n\n<p><br><strong>Za\u0142o\u017cenia organizacyjne:<br><\/strong><\/p>\n\n\n\n<p>1. Organizatorem konkursu jest SKN Honorowych Dawc\u00f3w Krwi i Potencjalnych Dawc\u00f3w Szpiku Pa\u0144stwowej Akademii Nauk Stosowanych w Kro\u015bnie.<br><br>2. Konkurs prowadzony jest w godzinach rejestracji Regionalnego Centrum Krwiodawstwa i Krwiolecznictwa w Rzeszowie Terenowego Oddzia\u0142u Krosno (7.00 &#8211; 12.00), oraz podczas organizowanego przez Studenckie Ko\u0142o Honorowych Dawc\u00f3w Krwi i Potencjalnych Dawc\u00f3w Szpiku przyjazdu Mobilnego Punktu Poboru Krwi.<br><br>3. Konkurs obejmuje trzy akcje donacji krwi:<\/p>\n\n\n\n<figure class=\"wp-block-table is-style-stripes\"><table><tbody><tr><td><strong>Nr<\/strong><\/td><td><strong>Data<\/strong><\/td><td><strong>Okoliczno\u015b\u0107<\/strong><\/td><\/tr><tr><td>I<\/td><td>2-6 grudzie\u0144 2024 r.<\/td><td>Dni Honorowego Krwiodawstwa PCK<\/td><\/tr><tr><td>II<\/td><td>10-14 marca 2025 r.<\/td><td>Mi\u0119dzynarodowy Dzie\u0144 Pomocy Potrzebuj\u0105cym<\/td><\/tr><tr><td>III<\/td><td>2-6 czerwca 2025 r.<\/td><td>\u015awiatowy Dzie\u0144 Krwiodawstwa<\/td><\/tr><\/tbody><\/table><\/figure>\n\n\n\n<p><br>4. W konkursie mo\u017ce bra\u0107 udzia\u0142:<br>\u00b7 m\u0142odzie\u017c szk\u00f3\u0142 ponadpodstawowych, kt\u00f3ra uko\u0144czy\u0142a 18 rok \u017cycia<br>\u00b7 studenci wszystkich kierunk\u00f3w Pa\u0144stwowej Akademii Nauk Stosowanych w Kro\u015bnie<br>\u00b7 pracownicy Pa\u0144stwowej Akademii Nauk Stosowanych w Kro\u015bnie<\/p>\n\n\n\n<p>5. W &#8222;Kro\u015bnie\u0144skiej Wampiriadzie Student\u00f3w&#8221; mog\u0105 bra\u0107 udzia\u0142 krwiodawcy nam\u00f3wieni przez osoby z pkt. 4, ale jedynie osoby z pkt. 4 mog\u0105 bra\u0107 udzia\u0142 w konkursie z nagrodami.\u00a0<br><br>6. Kryteria konkursu:<br>A. udzia\u0142 w akcjach dawstwa krwi organizowanego przez Ko\u0142o<br>B. dawca promuj\u0105c honorowe oddawanie krwi przyprowadza nowe osoby<br>C. rejestracja jako potencjalny dawca szpiku\u00a0<br>D. w przypadku os\u00f3b, kt\u00f3re uzyskaj\u0105 jednakow\u0105 ilo\u015b\u0107 punkt\u00f3w z pozycji A, B i C o zaj\u0119tym miejscu decyduje wi\u0119ksza ilo\u015b\u0107 zach\u0119conych os\u00f3b, kt\u00f3re po raz pierwszy odda\u0142y krew.<br><br>7. Szczeg\u00f3\u0142owe kryteria konkursu w za\u0142\u0105czniku.<br><br>8. Laureaci konkursu otrzymaj\u0105 atrakcyjne nagrody rzeczowe.<br><br>9. Nagroda dla indywidualnego krwiodawcy wed\u0142ug rankingu 1,2,3 miejsce.<br><br>10. Wyniki zostan\u0105 og\u0142oszone najp\u00f3\u017aniej dnia 30 czerwca 2025 roku.<br><br>11. Patronat Honorowy nad konkursem sprawuj\u0105:<\/p>\n\n\n\n<p>&#8211; Prezydent Miasta Krosna &#8211; Piotr Przytocki<\/p>\n\n\n\n<p>&#8211; J. M Rektor Pa\u0144stwowej Akademii Nauk Stosowanych w Kro\u015bnie\u00a0&#8211; dr hab.\u00a0Zbigniew Barabasz, prof.\u00a0PANS<br><br>12. Sk\u0142ad komisji rozstrzygaj\u0105cej konkurs:<br><br>Przewodnicz\u0105cy komisji:\u00a0Dyrektor Instytutu Zdrowia\u00a0i Gospodarki, inicjatorka akcji.<\/p>\n\n\n\n<p>Opiekun Studenckiego Ko\u0142a Honorowych Dawc\u00f3w Krwi i Potencjalnych Dawc\u00f3w Szpiku &#8211; dr Renata Dziubaszewska.<br><br>Cz\u0142onkowie komisji:<br><br>Za\u0142o\u017cyciel Ko\u0142a, inicjator akcji.<br>Opiekun SKN Honorowych Dawc\u00f3w Krwi i Potencjalnych Dawc\u00f3w Szpiku &#8211; mgr Dawid Makowicz<br><br>Przewodnicz\u0105ca SKN Honorowych Dawc\u00f3w Krwi i Potencjalnych Dawc\u00f3w Szpiku &#8211; Kinga Ostalecka<br><br>13. \u017baden z cz\u0142onk\u00f3w komisji konkursowej nie mo\u017ce bra\u0107 udzia\u0142u w konkursie.<\/p>\n\n\n\n<p><strong><br>Szczeg\u00f3\u0142owe kryteria konkursu<\/strong><strong><\/strong><\/p>\n\n\n\n<p><strong>A.<\/strong>&nbsp;Udzia\u0142 w akcjach dawstwa krwi organizowanego przez Ko\u0142o<\/p>\n\n\n\n<figure class=\"wp-block-table is-style-stripes\"><table><tbody><tr><td>Numer akcji<\/td><td>Punkty za oddanie krwi<\/td><td>Punkty w przypadku wykluczenia z oddawania krwi<\/td><\/tr><tr><td>I<\/td><td>10<\/td><td>6<\/td><\/tr><tr><td>II<\/td><td>10<\/td><td>6<\/td><\/tr><tr><td>III<\/td><td>10<\/td><td>6<\/td><\/tr><\/tbody><\/table><\/figure>\n\n\n\n<p><strong>B.<\/strong>&nbsp;Dawca poprzez promowanie honorowego oddawania krwi przyprowadza dowolne osoby deklaruj\u0105ce ch\u0119\u0107 oddania krwi (punkty przyznawane s\u0105 za sum\u0119 os\u00f3b zach\u0119conych do udzia\u0142u w poszczeg\u00f3lnych akcjach)<\/p>\n\n\n\n<figure class=\"wp-block-table is-style-stripes\"><table><tbody><tr><td>Ilo\u015b\u0107 os\u00f3b zach\u0119conych do oddania krwi<\/td><td>Punkty, gdy osoba zach\u0119cona oddaje krew po raz pierwszy<\/td><td>Punkty, gdy osoba zach\u0119cona oddaje krew nie po raz pierwszy<\/td><\/tr><tr><td>1-3<\/td><td>2<\/td><td>1<\/td><\/tr><tr><td>4-6<\/td><td>4<\/td><td>2<\/td><\/tr><tr><td>7-10<\/td><td>6<\/td><td>3<\/td><\/tr><tr><td>11-13<\/td><td>8<\/td><td>4<\/td><\/tr><tr><td>14-16<\/td><td>10<\/td><td>5<\/td><\/tr><tr><td>16-20<\/td><td>12<\/td><td>6<\/td><\/tr><tr><td>21-25<\/td><td>14<\/td><td>7<\/td><\/tr><tr><td>Powy\u017cej 25<\/td><td>16<\/td><td>8<\/td><\/tr><\/tbody><\/table><\/figure>\n\n\n\n<p><strong>C.<\/strong>&nbsp;Rejestracja jako potencjalny dawca szpiku \u2013 15 pkt.<\/p>\n\n\n\n<p>&#8211; rejestracja podczas akcji, kt\u00f3ra odb\u0119dzie si\u0119 na Uczelni,<\/p>\n\n\n\n<p>&#8211; okazanie dowodu rejestracji w bazie potencjalnych dawc\u00f3w szpiku (przes\u0142anie skanu dowodu rejestracji&nbsp; na mail: dawid.makowicz@pans.krosno.pl)<\/p>\n\n\n\n<p><strong>D.<\/strong>&nbsp;W przypadku os\u00f3b, kt\u00f3re &nbsp;uzyskaj\u0105 jednakow\u0105 ilo\u015b\u0107 punkt\u00f3w z pozycji A, B i C o zaj\u0119tym miejscu decyduje wi\u0119ksza ilo\u015b\u0107 zach\u0119conych os\u00f3b, kt\u00f3re po raz pierwszy odda\u0142y krew.<\/p>\n","protected":false},"excerpt":{"rendered":"<p>Regulamin konkursu &#8222;KRO\u015aNIE\u0143SKA WAMPIRIADA STUDENT\u00d3W&#8221;&nbsp;organizowanego przez Pa\u0144stwow\u0105 Akademi\u0119 Nauk Stosowanych w Kro\u015bnie Cel organizacji konkursu:Promowanie w\u015br\u00f3d m\u0142odzie\u017cy szkolnej, student\u00f3w i pracownik\u00f3w Uczelni honorowego dawstwa krwi oraz pozyskanie nowych dawc\u00f3w krwi. Za\u0142o\u017cenia organizacyjne: 1. Organizatorem konkursu jest SKN Honorowych Dawc\u00f3w Krwi i Potencjalnych Dawc\u00f3w Szpiku Pa\u0144stwowej Akademii Nauk Stosowanych w Kro\u015bnie. [\u2026] <\/p>\n<div class=\"clear\"><\/div>\n<p><a class=\"more_link clearfix\" href=\"https:\/\/pans.krosno.pl\/kola-naukowe\/studenckie-kola-naukowe\/kolo-naukowe-honorowych-dawcow-krwi\/kolo-naukowe-honorowych-dawcow-krwi-wampiriada\/\" rel=\"nofollow\">Read More<\/a><\/p>\n","protected":false},"author":27,"featured_media":0,"parent":282,"menu_order":0,"comment_status":"closed","ping_status":"closed","template":"page-templates\/template-full-width.php","meta":{"ngg_post_thumbnail":0,"footnotes":""},"class_list":["post-304","page","type-page","status-publish","hentry"],"yoast_head":"<!-- This site is optimized with the Yoast SEO Premium plugin v27.3 (Yoast SEO v27.3) - https:\/\/yoast.com\/product\/yoast-seo-premium-wordpress\/ -->\n<title>Ko\u0142o Naukowe Honorowych Dawc\u00f3w Krwi - Wampiriada - Studenckie Ko\u0142a Naukowe PANS w Kro\u015bnie<\/title>\n<meta name=\"robots\" content=\"index, follow, max-snippet:-1, max-image-preview:large, max-video-preview:-1\" \/>\n<link rel=\"canonical\" href=\"https:\/\/pans.krosno.pl\/kola-naukowe\/studenckie-kola-naukowe\/kolo-naukowe-honorowych-dawcow-krwi\/kolo-naukowe-honorowych-dawcow-krwi-wampiriada\/\" \/>\n<meta property=\"og:locale\" content=\"pl_PL\" \/>\n<meta property=\"og:type\" content=\"article\" \/>\n<meta property=\"og:title\" content=\"Ko\u0142o Naukowe Honorowych Dawc\u00f3w Krwi - Wampiriada\" \/>\n<meta property=\"og:description\" content=\"Regulamin konkursu &#8222;KRO\u015aNIE\u0143SKA WAMPIRIADA STUDENT\u00d3W&#8221;&nbsp;organizowanego przez Pa\u0144stwow\u0105 Akademi\u0119 Nauk Stosowanych w Kro\u015bnie Cel organizacji konkursu:Promowanie w\u015br\u00f3d m\u0142odzie\u017cy szkolnej, student\u00f3w i pracownik\u00f3w Uczelni honorowego dawstwa krwi oraz pozyskanie nowych dawc\u00f3w krwi. Za\u0142o\u017cenia organizacyjne: 1. Organizatorem konkursu jest SKN Honorowych Dawc\u00f3w Krwi i Potencjalnych Dawc\u00f3w Szpiku Pa\u0144stwowej Akademii Nauk Stosowanych w Kro\u015bnie. [\u2026] Read More\" \/>\n<meta property=\"og:url\" content=\"https:\/\/pans.krosno.pl\/kola-naukowe\/studenckie-kola-naukowe\/kolo-naukowe-honorowych-dawcow-krwi\/kolo-naukowe-honorowych-dawcow-krwi-wampiriada\/\" \/>\n<meta property=\"og:site_name\" content=\"Studenckie Ko\u0142a Naukowe PANS w Kro\u015bnie\" \/>\n<meta property=\"article:modified_time\" content=\"2025-10-05T12:09:04+00:00\" \/>\n<meta name=\"twitter:card\" content=\"summary_large_image\" \/>\n<meta name=\"twitter:label1\" content=\"Szacowany czas czytania\" \/>\n\t<meta name=\"twitter:data1\" content=\"4 minuty\" \/>\n<script type=\"application\/ld+json\" class=\"yoast-schema-graph\">{\"@context\":\"https:\\\/\\\/schema.org\",\"@graph\":[{\"@type\":\"WebPage\",\"@id\":\"https:\\\/\\\/pans.krosno.pl\\\/kola-naukowe\\\/studenckie-kola-naukowe\\\/kolo-naukowe-honorowych-dawcow-krwi\\\/kolo-naukowe-honorowych-dawcow-krwi-wampiriada\\\/\",\"url\":\"https:\\\/\\\/pans.krosno.pl\\\/kola-naukowe\\\/studenckie-kola-naukowe\\\/kolo-naukowe-honorowych-dawcow-krwi\\\/kolo-naukowe-honorowych-dawcow-krwi-wampiriada\\\/\",\"name\":\"Ko\u0142o Naukowe Honorowych Dawc\u00f3w Krwi - Wampiriada - Studenckie Ko\u0142a Naukowe PANS w Kro\u015bnie\",\"isPartOf\":{\"@id\":\"https:\\\/\\\/pans.krosno.pl\\\/kola-naukowe\\\/#website\"},\"datePublished\":\"2020-04-29T18:31:57+00:00\",\"dateModified\":\"2025-10-05T12:09:04+00:00\",\"breadcrumb\":{\"@id\":\"https:\\\/\\\/pans.krosno.pl\\\/kola-naukowe\\\/studenckie-kola-naukowe\\\/kolo-naukowe-honorowych-dawcow-krwi\\\/kolo-naukowe-honorowych-dawcow-krwi-wampiriada\\\/#breadcrumb\"},\"inLanguage\":\"pl-PL\",\"potentialAction\":[{\"@type\":\"ReadAction\",\"target\":[\"https:\\\/\\\/pans.krosno.pl\\\/kola-naukowe\\\/studenckie-kola-naukowe\\\/kolo-naukowe-honorowych-dawcow-krwi\\\/kolo-naukowe-honorowych-dawcow-krwi-wampiriada\\\/\"]}]},{\"@type\":\"BreadcrumbList\",\"@id\":\"https:\\\/\\\/pans.krosno.pl\\\/kola-naukowe\\\/studenckie-kola-naukowe\\\/kolo-naukowe-honorowych-dawcow-krwi\\\/kolo-naukowe-honorowych-dawcow-krwi-wampiriada\\\/#breadcrumb\",\"itemListElement\":[{\"@type\":\"ListItem\",\"position\":1,\"name\":\"Strona g\u0142\u00f3wna\",\"item\":\"https:\\\/\\\/pans.krosno.pl\\\/kola-naukowe\\\/\"},{\"@type\":\"ListItem\",\"position\":2,\"name\":\"Studenckie Ko\u0142a Naukowe\",\"item\":\"https:\\\/\\\/pans.krosno.pl\\\/kola-naukowe\\\/studenckie-kola-naukowe\\\/\"},{\"@type\":\"ListItem\",\"position\":3,\"name\":\"Ko\u0142o Naukowe Honorowych Dawc\u00f3w Krwi i Potencjalnych Dawc\u00f3w Szpiku\",\"item\":\"https:\\\/\\\/pans.krosno.pl\\\/kola-naukowe\\\/studenckie-kola-naukowe\\\/kolo-naukowe-honorowych-dawcow-krwi\\\/\"},{\"@type\":\"ListItem\",\"position\":4,\"name\":\"Ko\u0142o Naukowe Honorowych Dawc\u00f3w Krwi &#8211; Wampiriada\"}]},{\"@type\":\"WebSite\",\"@id\":\"https:\\\/\\\/pans.krosno.pl\\\/kola-naukowe\\\/#website\",\"url\":\"https:\\\/\\\/pans.krosno.pl\\\/kola-naukowe\\\/\",\"name\":\"Studenckie Ko\u0142a Naukowe PANS w Kro\u015bnie\",\"description\":\"Studenckie Ko\u0142a Naukowe - Pa\u0144stwowa Akademia Nauk Stosowanych\",\"publisher\":{\"@id\":\"https:\\\/\\\/pans.krosno.pl\\\/kola-naukowe\\\/#organization\"},\"potentialAction\":[{\"@type\":\"SearchAction\",\"target\":{\"@type\":\"EntryPoint\",\"urlTemplate\":\"https:\\\/\\\/pans.krosno.pl\\\/kola-naukowe\\\/?s={search_term_string}\"},\"query-input\":{\"@type\":\"PropertyValueSpecification\",\"valueRequired\":true,\"valueName\":\"search_term_string\"}}],\"inLanguage\":\"pl-PL\"},{\"@type\":\"Organization\",\"@id\":\"https:\\\/\\\/pans.krosno.pl\\\/kola-naukowe\\\/#organization\",\"name\":\"Studenckie Ko\u0142a Naukowe PANS w Kro\u015bnie\",\"url\":\"https:\\\/\\\/pans.krosno.pl\\\/kola-naukowe\\\/\",\"logo\":{\"@type\":\"ImageObject\",\"inLanguage\":\"pl-PL\",\"@id\":\"https:\\\/\\\/pans.krosno.pl\\\/kola-naukowe\\\/#\\\/schema\\\/logo\\\/image\\\/\",\"url\":\"https:\\\/\\\/pans.krosno.pl\\\/kola-naukowe\\\/wp-content\\\/uploads\\\/sites\\\/48\\\/2023\\\/01\\\/Logo-PANS-2022-pelne.png\",\"contentUrl\":\"https:\\\/\\\/pans.krosno.pl\\\/kola-naukowe\\\/wp-content\\\/uploads\\\/sites\\\/48\\\/2023\\\/01\\\/Logo-PANS-2022-pelne.png\",\"width\":3096,\"height\":696,\"caption\":\"Studenckie Ko\u0142a Naukowe PANS w Kro\u015bnie\"},\"image\":{\"@id\":\"https:\\\/\\\/pans.krosno.pl\\\/kola-naukowe\\\/#\\\/schema\\\/logo\\\/image\\\/\"}}]}<\/script>\n<!-- \/ Yoast SEO Premium plugin. -->","yoast_head_json":{"title":"Ko\u0142o Naukowe Honorowych Dawc\u00f3w Krwi - Wampiriada - Studenckie Ko\u0142a Naukowe PANS w Kro\u015bnie","robots":{"index":"index","follow":"follow","max-snippet":"max-snippet:-1","max-image-preview":"max-image-preview:large","max-video-preview":"max-video-preview:-1"},"canonical":"https:\/\/pans.krosno.pl\/kola-naukowe\/studenckie-kola-naukowe\/kolo-naukowe-honorowych-dawcow-krwi\/kolo-naukowe-honorowych-dawcow-krwi-wampiriada\/","og_locale":"pl_PL","og_type":"article","og_title":"Ko\u0142o Naukowe Honorowych Dawc\u00f3w Krwi - Wampiriada","og_description":"Regulamin konkursu &#8222;KRO\u015aNIE\u0143SKA WAMPIRIADA STUDENT\u00d3W&#8221;&nbsp;organizowanego przez Pa\u0144stwow\u0105 Akademi\u0119 Nauk Stosowanych w Kro\u015bnie Cel organizacji konkursu:Promowanie w\u015br\u00f3d m\u0142odzie\u017cy szkolnej, student\u00f3w i pracownik\u00f3w Uczelni honorowego dawstwa krwi oraz pozyskanie nowych dawc\u00f3w krwi. Za\u0142o\u017cenia organizacyjne: 1. Organizatorem konkursu jest SKN Honorowych Dawc\u00f3w Krwi i Potencjalnych Dawc\u00f3w Szpiku Pa\u0144stwowej Akademii Nauk Stosowanych w Kro\u015bnie. [\u2026] Read More","og_url":"https:\/\/pans.krosno.pl\/kola-naukowe\/studenckie-kola-naukowe\/kolo-naukowe-honorowych-dawcow-krwi\/kolo-naukowe-honorowych-dawcow-krwi-wampiriada\/","og_site_name":"Studenckie Ko\u0142a Naukowe PANS w Kro\u015bnie","article_modified_time":"2025-10-05T12:09:04+00:00","twitter_card":"summary_large_image","twitter_misc":{"Szacowany czas czytania":"4 minuty"},"schema":{"@context":"https:\/\/schema.org","@graph":[{"@type":"WebPage","@id":"https:\/\/pans.krosno.pl\/kola-naukowe\/studenckie-kola-naukowe\/kolo-naukowe-honorowych-dawcow-krwi\/kolo-naukowe-honorowych-dawcow-krwi-wampiriada\/","url":"https:\/\/pans.krosno.pl\/kola-naukowe\/studenckie-kola-naukowe\/kolo-naukowe-honorowych-dawcow-krwi\/kolo-naukowe-honorowych-dawcow-krwi-wampiriada\/","name":"Ko\u0142o Naukowe Honorowych Dawc\u00f3w Krwi - Wampiriada - Studenckie Ko\u0142a Naukowe PANS w Kro\u015bnie","isPartOf":{"@id":"https:\/\/pans.krosno.pl\/kola-naukowe\/#website"},"datePublished":"2020-04-29T18:31:57+00:00","dateModified":"2025-10-05T12:09:04+00:00","breadcrumb":{"@id":"https:\/\/pans.krosno.pl\/kola-naukowe\/studenckie-kola-naukowe\/kolo-naukowe-honorowych-dawcow-krwi\/kolo-naukowe-honorowych-dawcow-krwi-wampiriada\/#breadcrumb"},"inLanguage":"pl-PL","potentialAction":[{"@type":"ReadAction","target":["https:\/\/pans.krosno.pl\/kola-naukowe\/studenckie-kola-naukowe\/kolo-naukowe-honorowych-dawcow-krwi\/kolo-naukowe-honorowych-dawcow-krwi-wampiriada\/"]}]},{"@type":"BreadcrumbList","@id":"https:\/\/pans.krosno.pl\/kola-naukowe\/studenckie-kola-naukowe\/kolo-naukowe-honorowych-dawcow-krwi\/kolo-naukowe-honorowych-dawcow-krwi-wampiriada\/#breadcrumb","itemListElement":[{"@type":"ListItem","position":1,"name":"Strona g\u0142\u00f3wna","item":"https:\/\/pans.krosno.pl\/kola-naukowe\/"},{"@type":"ListItem","position":2,"name":"Studenckie Ko\u0142a Naukowe","item":"https:\/\/pans.krosno.pl\/kola-naukowe\/studenckie-kola-naukowe\/"},{"@type":"ListItem","position":3,"name":"Ko\u0142o Naukowe Honorowych Dawc\u00f3w Krwi i Potencjalnych Dawc\u00f3w Szpiku","item":"https:\/\/pans.krosno.pl\/kola-naukowe\/studenckie-kola-naukowe\/kolo-naukowe-honorowych-dawcow-krwi\/"},{"@type":"ListItem","position":4,"name":"Ko\u0142o Naukowe Honorowych Dawc\u00f3w Krwi &#8211; Wampiriada"}]},{"@type":"WebSite","@id":"https:\/\/pans.krosno.pl\/kola-naukowe\/#website","url":"https:\/\/pans.krosno.pl\/kola-naukowe\/","name":"Studenckie Ko\u0142a Naukowe PANS w Kro\u015bnie","description":"Studenckie Ko\u0142a Naukowe - Pa\u0144stwowa Akademia Nauk Stosowanych","publisher":{"@id":"https:\/\/pans.krosno.pl\/kola-naukowe\/#organization"},"potentialAction":[{"@type":"SearchAction","target":{"@type":"EntryPoint","urlTemplate":"https:\/\/pans.krosno.pl\/kola-naukowe\/?s={search_term_string}"},"query-input":{"@type":"PropertyValueSpecification","valueRequired":true,"valueName":"search_term_string"}}],"inLanguage":"pl-PL"},{"@type":"Organization","@id":"https:\/\/pans.krosno.pl\/kola-naukowe\/#organization","name":"Studenckie Ko\u0142a Naukowe PANS w Kro\u015bnie","url":"https:\/\/pans.krosno.pl\/kola-naukowe\/","logo":{"@type":"ImageObject","inLanguage":"pl-PL","@id":"https:\/\/pans.krosno.pl\/kola-naukowe\/#\/schema\/logo\/image\/","url":"https:\/\/pans.krosno.pl\/kola-naukowe\/wp-content\/uploads\/sites\/48\/2023\/01\/Logo-PANS-2022-pelne.png","contentUrl":"https:\/\/pans.krosno.pl\/kola-naukowe\/wp-content\/uploads\/sites\/48\/2023\/01\/Logo-PANS-2022-pelne.png","width":3096,"height":696,"caption":"Studenckie Ko\u0142a Naukowe PANS w Kro\u015bnie"},"image":{"@id":"https:\/\/pans.krosno.pl\/kola-naukowe\/#\/schema\/logo\/image\/"}}]}},"_links":{"self":[{"href":"https:\/\/pans.krosno.pl\/kola-naukowe\/wp-json\/wp\/v2\/pages\/304","targetHints":{"allow":["GET"]}}],"collection":[{"href":"https:\/\/pans.krosno.pl\/kola-naukowe\/wp-json\/wp\/v2\/pages"}],"about":[{"href":"https:\/\/pans.krosno.pl\/kola-naukowe\/wp-json\/wp\/v2\/types\/page"}],"author":[{"embeddable":true,"href":"https:\/\/pans.krosno.pl\/kola-naukowe\/wp-json\/wp\/v2\/users\/27"}],"replies":[{"embeddable":true,"href":"https:\/\/pans.krosno.pl\/kola-naukowe\/wp-json\/wp\/v2\/comments?post=304"}],"version-history":[{"count":8,"href":"https:\/\/pans.krosno.pl\/kola-naukowe\/wp-json\/wp\/v2\/pages\/304\/revisions"}],"predecessor-version":[{"id":7805,"href":"https:\/\/pans.krosno.pl\/kola-naukowe\/wp-json\/wp\/v2\/pages\/304\/revisions\/7805"}],"up":[{"embeddable":true,"href":"https:\/\/pans.krosno.pl\/kola-naukowe\/wp-json\/wp\/v2\/pages\/282"}],"wp:attachment":[{"href":"https:\/\/pans.krosno.pl\/kola-naukowe\/wp-json\/wp\/v2\/media?parent=304"}],"curies":[{"name":"wp","href":"https:\/\/api.w.org\/{rel}","templated":true}]}}