{"id":298,"date":"2020-04-29T20:14:45","date_gmt":"2020-04-29T18:14:45","guid":{"rendered":"https:\/\/pans.krosno.pl\/kola-naukowe\/?page_id=298"},"modified":"2025-10-03T16:02:31","modified_gmt":"2025-10-03T14:02:31","slug":"kolo-naukowe-honorowych-dawcow-krwi-projekty-i-badania","status":"publish","type":"page","link":"https:\/\/pans.krosno.pl\/kola-naukowe\/studenckie-kola-naukowe\/kolo-naukowe-honorowych-dawcow-krwi\/kolo-naukowe-honorowych-dawcow-krwi-projekty-i-badania\/","title":{"rendered":"Ko\u0142o Naukowe Honorowych Dawc\u00f3w Krwi &#8211; Projekty i badania"},"content":{"rendered":"\n<hr class=\"wp-block-separator has-css-opacity\" \/>\n\n\n<p><strong>Artyku\u0142y 2015\/2016&nbsp;<\/strong><\/p>\n\n\n<div class=\"wp-block-file\"><a id=\"wp-block-file--media-ab85e236-09cd-46a5-9075-ee65c4d689d9\" href=\"https:\/\/pans.krosno.pl\/kola-naukowe\/wp-content\/uploads\/sites\/48\/2020\/04\/postawa_i_motywacja_osob_wyrazajacych_chec_oddania_szpiku.pdf\">postawa i motywacja os\u00f3b wyra\u017caj\u0105cych ch\u0119\u0107 oddania szpiku<\/a><a href=\"https:\/\/pans.krosno.pl\/kola-naukowe\/wp-content\/uploads\/sites\/48\/2020\/04\/postawa_i_motywacja_osob_wyrazajacych_chec_oddania_szpiku.pdf\" class=\"wp-block-file__button wp-element-button\" download aria-describedby=\"wp-block-file--media-ab85e236-09cd-46a5-9075-ee65c4d689d9\">Pobierz<\/a><\/div>\n\n\n\n<hr class=\"wp-block-separator has-css-opacity\" \/>\n\n\n\n<p><strong>Artyku\u0142y 2018\/2019<\/strong><\/p>\n\n\n\n<div class=\"wp-block-file\"><a id=\"wp-block-file--media-756c3d7f-b70e-49b7-ac1a-7d3f7b68d412\" href=\"https:\/\/pans.krosno.pl\/kola-naukowe\/wp-content\/uploads\/sites\/48\/2020\/04\/negatywne-postawy-oraz-nawyki-zywieniowe-mlodych-ludzi.pdf\">negatywne postawy oraz nawyki \u017cywieniowe m\u0142odych ludzi<\/a><a href=\"https:\/\/pans.krosno.pl\/kola-naukowe\/wp-content\/uploads\/sites\/48\/2020\/04\/negatywne-postawy-oraz-nawyki-zywieniowe-mlodych-ludzi.pdf\" class=\"wp-block-file__button wp-element-button\" download aria-describedby=\"wp-block-file--media-756c3d7f-b70e-49b7-ac1a-7d3f7b68d412\">Pobierz<\/a><\/div>\n\n\n\n<div class=\"wp-block-file\"><a id=\"wp-block-file--media-677e9587-647d-429a-add6-52e05a40004e\" href=\"https:\/\/pans.krosno.pl\/kola-naukowe\/wp-content\/uploads\/sites\/48\/2020\/04\/swiadomosc-zdrowotna-kobiet-w-wieku-rozrodczym.pdf\">\u015bwiadomo\u015b\u0107 zdrowotna kobiet w wieku rozrodczym<\/a><a href=\"https:\/\/pans.krosno.pl\/kola-naukowe\/wp-content\/uploads\/sites\/48\/2020\/04\/swiadomosc-zdrowotna-kobiet-w-wieku-rozrodczym.pdf\" class=\"wp-block-file__button wp-element-button\" download aria-describedby=\"wp-block-file--media-677e9587-647d-429a-add6-52e05a40004e\">Pobierz<\/a><\/div>\n\n\n\n<hr class=\"wp-block-separator has-css-opacity\" \/>\n\n\n\n<p><strong>Artyku\u0142y 2019\/2020<\/strong><\/p>\n\n\n\n<div class=\"wp-block-file\"><a id=\"wp-block-file--media-23ea8778-0f4e-40b8-afda-79efbcb5ebff\" href=\"https:\/\/pans.krosno.pl\/kola-naukowe\/wp-content\/uploads\/sites\/48\/2020\/10\/Postawy-rodzic\u00f3w-w-zakresie-szczepie-ochronnych-u-dzieci-1.pdf\">Postawy rodzic\u00f3w w zakresie szczepie\u0144 ochronnych u dzieci<\/a><a href=\"https:\/\/pans.krosno.pl\/kola-naukowe\/wp-content\/uploads\/sites\/48\/2020\/10\/Postawy-rodzic\u00f3w-w-zakresie-szczepie-ochronnych-u-dzieci-1.pdf\" class=\"wp-block-file__button wp-element-button\" download aria-describedby=\"wp-block-file--media-23ea8778-0f4e-40b8-afda-79efbcb5ebff\">Pobierz<\/a><\/div>\n\n\n\n<div class=\"wp-block-file\"><a id=\"wp-block-file--media-787e60c4-40d5-42fe-b4d8-29f347891f79\" href=\"https:\/\/pans.krosno.pl\/kola-naukowe\/wp-content\/uploads\/sites\/48\/2020\/10\/Spo\u017cycie-napoj\u00f3w-zawieraj\u0105cych-kofein\u0119-w\u015br\u00f3d-student\u00f3w-piel\u0119gniarstwa.pdf\">Spo\u017cycie napoj\u00f3w zawieraj\u0105cych kofein\u0119 w\u015br\u00f3d student\u00f3w piel\u0119gniarstwa<\/a><a href=\"https:\/\/pans.krosno.pl\/kola-naukowe\/wp-content\/uploads\/sites\/48\/2020\/10\/Spo\u017cycie-napoj\u00f3w-zawieraj\u0105cych-kofein\u0119-w\u015br\u00f3d-student\u00f3w-piel\u0119gniarstwa.pdf\" class=\"wp-block-file__button wp-element-button\" download aria-describedby=\"wp-block-file--media-787e60c4-40d5-42fe-b4d8-29f347891f79\">Pobierz<\/a><\/div>\n\n\n\n<hr class=\"wp-block-separator has-css-opacity\" \/>\n\n\n\n<p><strong>Artyku\u0142y 2020\/2021<\/strong><\/p>\n\n\n\n<div class=\"wp-block-file\"><a id=\"wp-block-file--media-8424962c-cca7-426d-a553-dbd1c779b8b4\" href=\"https:\/\/pans.krosno.pl\/kola-naukowe\/wp-content\/uploads\/sites\/48\/2021\/10\/Zachowania-zdrowotne-kobiet-przy-planowaniu-ciazy-oraz-w-czasie-jej-trwania-1.pdf\">Zachowania zdrowotne kobiet przy planowaniu ci\u0105\u017cy oraz w czasie jej trwania<\/a><a href=\"https:\/\/pans.krosno.pl\/kola-naukowe\/wp-content\/uploads\/sites\/48\/2021\/10\/Zachowania-zdrowotne-kobiet-przy-planowaniu-ciazy-oraz-w-czasie-jej-trwania-1.pdf\" class=\"wp-block-file__button wp-element-button\" download aria-describedby=\"wp-block-file--media-8424962c-cca7-426d-a553-dbd1c779b8b4\">Pobierz<\/a><\/div>\n\n\n\n<div class=\"wp-block-file\"><a id=\"wp-block-file--media-77132634-ae96-4f60-9a1e-a845de37cac4\" href=\"https:\/\/pans.krosno.pl\/kola-naukowe\/wp-content\/uploads\/sites\/48\/2021\/10\/Donacje-krwi-i-jej-skladnikow-wsrod-studentow-1.pdf\">Donacje krwi i jej sk\u0142adnik\u00f3w w\u015br\u00f3d student\u00f3w<\/a><a href=\"https:\/\/pans.krosno.pl\/kola-naukowe\/wp-content\/uploads\/sites\/48\/2021\/10\/Donacje-krwi-i-jej-skladnikow-wsrod-studentow-1.pdf\" class=\"wp-block-file__button wp-element-button\" download aria-describedby=\"wp-block-file--media-77132634-ae96-4f60-9a1e-a845de37cac4\">Pobierz<\/a><\/div>\n\n\n\n<hr class=\"wp-block-separator has-alpha-channel-opacity\" \/>\n\n\n\n<p><strong>Artyku\u0142y 2021\/2022<\/strong><\/p>\n\n\n\n<p><a href=\"https:\/\/pans.krosno.pl\/pielegniarstwo-magisterskie\/wp-content\/uploads\/sites\/54\/2022\/09\/Satysfakcja-z-pracy-personelu-pielegniarskiego-na-terenie-wojewodztwa-podkarpackiego.pdf\">Satysfakcja z pracy personelu piel\u0119gniarskiego na terenie wojew\u00f3dztwa podkarpackiego<\/a><\/p>\n\n\n\n<p><a href=\"https:\/\/pans.krosno.pl\/pielegniarstwo-magisterskie\/wp-content\/uploads\/sites\/54\/2022\/09\/Stres-w-zyciu-codziennym-polskiego-spoleczenstwa.pdf\">Stres w \u017cyciu codziennym polskiego spo\u0142ecze\u0144stwa<\/a><\/p>\n\n\n\n<hr class=\"wp-block-separator has-alpha-channel-opacity\" \/>\n\n\n\n<p> <strong>Artyku\u0142y 2022\/2023<\/strong><\/p>\n\n\n\n<p><a href=\"https:\/\/pans.krosno.pl\/kola-naukowe\/wp-content\/uploads\/sites\/48\/2023\/09\/1.-Satysfakcja-z-pracy-personelu-pielegniarskiego-na-terenie-wojewodztwa-podkarpackiego.pdf\">Satysfakcja z pracy personelu piel\u0119gniarskiego na terenie wojew\u00f3dztwa podkarpackiego<\/a><\/p>\n\n\n\n<p><a href=\"https:\/\/pans.krosno.pl\/kola-naukowe\/wp-content\/uploads\/sites\/48\/2023\/09\/2.-Stres-w-zyciu-codziennym-polskiego-spoleczenstwa.pdf\">Stres w \u017cyciu codziennym polskiego spo\u0142ecze\u0144stwa<\/a><\/p>\n\n\n\n<p><a href=\"https:\/\/pans.krosno.pl\/kola-naukowe\/wp-content\/uploads\/sites\/48\/2023\/09\/3.-Swiadomosc-Polek-z-wojewodztwa-podkarpackiego-na-tetamt-depresji-poporodowej-1.pdf\">\u015awiadomo\u015b\u0107 Polek z wojew\u00f3dztwa podkarpackiego na tetamt depresji poporodowej<\/a><\/p>\n\n\n\n<p><a href=\"https:\/\/pans.krosno.pl\/kola-naukowe\/wp-content\/uploads\/sites\/48\/2023\/09\/4.-Sposob-odzywiania-sie-studentow-w-czasie-trwania-roku-akademickiego.pdf\">Spos\u00f3b od\u017cywiania si\u0119 student\u00f3w w czasie trwania roku akademickiego<\/a><\/p>\n\n\n\n<p><a href=\"https:\/\/pans.krosno.pl\/kola-naukowe\/wp-content\/uploads\/sites\/48\/2023\/09\/5.-Opinia-polek-na-temat-aborcji-w-Polsce.pdf\">Opinia polek na temat aborcji w Polsce<\/a><\/p>\n\n\n\n<p><a href=\"https:\/\/pans.krosno.pl\/kola-naukowe\/wp-content\/uploads\/sites\/48\/2023\/09\/6.-Wplyw-napojow-energetyzujacych-na-zdrowie-osob-z-wojewodztwa-podkarpackiego.pdf\">Wp\u0142yw napoj\u00f3w energetyzujacych na zdrowie os\u00f3b z wojew\u00f3dztwa podkarpackiego<\/a><\/p>\n\n\n\n<p><a href=\"https:\/\/pans.krosno.pl\/kola-naukowe\/wp-content\/uploads\/sites\/48\/2023\/09\/7.-Czestosc-wystepowania-zachowan-antyzdrowotnych-wplywajacych-na-nadcisnienie-tetnicze-wsrod-studentow.pdf\">Cz\u0119sto\u015b\u0107 wyst\u0119powania zachowa\u0144 antyzdrowotnych wp\u0142ywaj\u0105cych na nadci\u015bnienie t\u0119tnicze w\u015br\u00f3d student\u00f3w<\/a><\/p>\n\n\n\n<p><\/p>\n\n\n\n<hr class=\"wp-block-separator has-alpha-channel-opacity\" \/>\n\n\n\n<p><strong>Artyku\u0142y 2024\/2025<\/strong><\/p>\n\n\n\n<p><a href=\"https:\/\/pans.krosno.pl\/wp-content\/uploads\/2025\/07\/Mongrafia_2025.pdf\">Satysfakcja z pracy kadry piel\u0119gniarskiej na terenie wojew\u00f3dztwa podkarpackiego<\/a><\/p>\n\n\n\n<p><a href=\"https:\/\/pans.krosno.pl\/wp-content\/uploads\/2025\/07\/Mongrafia_2025.pdf\">Wiedza spo\u0142ecze\u0144stwa na temat aborcji w Polsce<\/a><\/p>\n\n\n\n<p>Stosowanie u\u017cywek przez student\u00f3w<\/p>\n","protected":false},"excerpt":{"rendered":"<p>Artyku\u0142y 2015\/2016&nbsp; Artyku\u0142y 2018\/2019 Artyku\u0142y 2019\/2020 Artyku\u0142y 2020\/2021 Artyku\u0142y 2021\/2022 Satysfakcja z pracy personelu piel\u0119gniarskiego na terenie wojew\u00f3dztwa podkarpackiego Stres w \u017cyciu codziennym polskiego spo\u0142ecze\u0144stwa Artyku\u0142y 2022\/2023 Satysfakcja z pracy personelu piel\u0119gniarskiego na terenie wojew\u00f3dztwa podkarpackiego Stres w \u017cyciu codziennym polskiego spo\u0142ecze\u0144stwa \u015awiadomo\u015b\u0107 Polek z wojew\u00f3dztwa podkarpackiego na tetamt depresji [\u2026] <\/p>\n<div class=\"clear\"><\/div>\n<p><a class=\"more_link clearfix\" href=\"https:\/\/pans.krosno.pl\/kola-naukowe\/studenckie-kola-naukowe\/kolo-naukowe-honorowych-dawcow-krwi\/kolo-naukowe-honorowych-dawcow-krwi-projekty-i-badania\/\" rel=\"nofollow\">Read More<\/a><\/p>\n","protected":false},"author":27,"featured_media":0,"parent":282,"menu_order":0,"comment_status":"closed","ping_status":"closed","template":"page-templates\/template-full-width.php","meta":{"ngg_post_thumbnail":0,"footnotes":""},"class_list":["post-298","page","type-page","status-publish","hentry"],"yoast_head":"<!-- This site is optimized with the Yoast SEO Premium plugin v27.3 (Yoast SEO v27.3) - https:\/\/yoast.com\/product\/yoast-seo-premium-wordpress\/ -->\n<title>Ko\u0142o Naukowe Honorowych Dawc\u00f3w Krwi - Projekty i badania - Studenckie Ko\u0142a Naukowe PANS w Kro\u015bnie<\/title>\n<meta name=\"robots\" content=\"index, follow, max-snippet:-1, max-image-preview:large, max-video-preview:-1\" \/>\n<link rel=\"canonical\" href=\"https:\/\/pans.krosno.pl\/kola-naukowe\/studenckie-kola-naukowe\/kolo-naukowe-honorowych-dawcow-krwi\/kolo-naukowe-honorowych-dawcow-krwi-projekty-i-badania\/\" \/>\n<meta property=\"og:locale\" content=\"pl_PL\" \/>\n<meta property=\"og:type\" content=\"article\" \/>\n<meta property=\"og:title\" content=\"Ko\u0142o Naukowe Honorowych Dawc\u00f3w Krwi - Projekty i badania\" \/>\n<meta property=\"og:description\" content=\"Artyku\u0142y 2015\/2016&nbsp; Artyku\u0142y 2018\/2019 Artyku\u0142y 2019\/2020 Artyku\u0142y 2020\/2021 Artyku\u0142y 2021\/2022 Satysfakcja z pracy personelu piel\u0119gniarskiego na terenie wojew\u00f3dztwa podkarpackiego Stres w \u017cyciu codziennym polskiego spo\u0142ecze\u0144stwa Artyku\u0142y 2022\/2023 Satysfakcja z pracy personelu piel\u0119gniarskiego na terenie wojew\u00f3dztwa podkarpackiego Stres w \u017cyciu codziennym polskiego spo\u0142ecze\u0144stwa \u015awiadomo\u015b\u0107 Polek z wojew\u00f3dztwa podkarpackiego na tetamt depresji [\u2026] Read More\" \/>\n<meta property=\"og:url\" content=\"https:\/\/pans.krosno.pl\/kola-naukowe\/studenckie-kola-naukowe\/kolo-naukowe-honorowych-dawcow-krwi\/kolo-naukowe-honorowych-dawcow-krwi-projekty-i-badania\/\" \/>\n<meta property=\"og:site_name\" content=\"Studenckie Ko\u0142a Naukowe PANS w Kro\u015bnie\" \/>\n<meta property=\"article:modified_time\" content=\"2025-10-03T14:02:31+00:00\" \/>\n<meta name=\"twitter:card\" content=\"summary_large_image\" \/>\n<meta name=\"twitter:label1\" content=\"Szacowany czas czytania\" \/>\n\t<meta name=\"twitter:data1\" content=\"2 minuty\" \/>\n<script type=\"application\/ld+json\" class=\"yoast-schema-graph\">{\"@context\":\"https:\\\/\\\/schema.org\",\"@graph\":[{\"@type\":\"WebPage\",\"@id\":\"https:\\\/\\\/pans.krosno.pl\\\/kola-naukowe\\\/studenckie-kola-naukowe\\\/kolo-naukowe-honorowych-dawcow-krwi\\\/kolo-naukowe-honorowych-dawcow-krwi-projekty-i-badania\\\/\",\"url\":\"https:\\\/\\\/pans.krosno.pl\\\/kola-naukowe\\\/studenckie-kola-naukowe\\\/kolo-naukowe-honorowych-dawcow-krwi\\\/kolo-naukowe-honorowych-dawcow-krwi-projekty-i-badania\\\/\",\"name\":\"Ko\u0142o Naukowe Honorowych Dawc\u00f3w Krwi - Projekty i badania - Studenckie Ko\u0142a Naukowe PANS w Kro\u015bnie\",\"isPartOf\":{\"@id\":\"https:\\\/\\\/pans.krosno.pl\\\/kola-naukowe\\\/#website\"},\"datePublished\":\"2020-04-29T18:14:45+00:00\",\"dateModified\":\"2025-10-03T14:02:31+00:00\",\"breadcrumb\":{\"@id\":\"https:\\\/\\\/pans.krosno.pl\\\/kola-naukowe\\\/studenckie-kola-naukowe\\\/kolo-naukowe-honorowych-dawcow-krwi\\\/kolo-naukowe-honorowych-dawcow-krwi-projekty-i-badania\\\/#breadcrumb\"},\"inLanguage\":\"pl-PL\",\"potentialAction\":[{\"@type\":\"ReadAction\",\"target\":[\"https:\\\/\\\/pans.krosno.pl\\\/kola-naukowe\\\/studenckie-kola-naukowe\\\/kolo-naukowe-honorowych-dawcow-krwi\\\/kolo-naukowe-honorowych-dawcow-krwi-projekty-i-badania\\\/\"]}]},{\"@type\":\"BreadcrumbList\",\"@id\":\"https:\\\/\\\/pans.krosno.pl\\\/kola-naukowe\\\/studenckie-kola-naukowe\\\/kolo-naukowe-honorowych-dawcow-krwi\\\/kolo-naukowe-honorowych-dawcow-krwi-projekty-i-badania\\\/#breadcrumb\",\"itemListElement\":[{\"@type\":\"ListItem\",\"position\":1,\"name\":\"Strona g\u0142\u00f3wna\",\"item\":\"https:\\\/\\\/pans.krosno.pl\\\/kola-naukowe\\\/\"},{\"@type\":\"ListItem\",\"position\":2,\"name\":\"Studenckie Ko\u0142a Naukowe\",\"item\":\"https:\\\/\\\/pans.krosno.pl\\\/kola-naukowe\\\/studenckie-kola-naukowe\\\/\"},{\"@type\":\"ListItem\",\"position\":3,\"name\":\"Ko\u0142o Naukowe Honorowych Dawc\u00f3w Krwi i Potencjalnych Dawc\u00f3w Szpiku\",\"item\":\"https:\\\/\\\/pans.krosno.pl\\\/kola-naukowe\\\/studenckie-kola-naukowe\\\/kolo-naukowe-honorowych-dawcow-krwi\\\/\"},{\"@type\":\"ListItem\",\"position\":4,\"name\":\"Ko\u0142o Naukowe Honorowych Dawc\u00f3w Krwi &#8211; Projekty i badania\"}]},{\"@type\":\"WebSite\",\"@id\":\"https:\\\/\\\/pans.krosno.pl\\\/kola-naukowe\\\/#website\",\"url\":\"https:\\\/\\\/pans.krosno.pl\\\/kola-naukowe\\\/\",\"name\":\"Studenckie Ko\u0142a Naukowe PANS w Kro\u015bnie\",\"description\":\"Studenckie Ko\u0142a Naukowe - Pa\u0144stwowa Akademia Nauk Stosowanych\",\"publisher\":{\"@id\":\"https:\\\/\\\/pans.krosno.pl\\\/kola-naukowe\\\/#organization\"},\"potentialAction\":[{\"@type\":\"SearchAction\",\"target\":{\"@type\":\"EntryPoint\",\"urlTemplate\":\"https:\\\/\\\/pans.krosno.pl\\\/kola-naukowe\\\/?s={search_term_string}\"},\"query-input\":{\"@type\":\"PropertyValueSpecification\",\"valueRequired\":true,\"valueName\":\"search_term_string\"}}],\"inLanguage\":\"pl-PL\"},{\"@type\":\"Organization\",\"@id\":\"https:\\\/\\\/pans.krosno.pl\\\/kola-naukowe\\\/#organization\",\"name\":\"Studenckie Ko\u0142a Naukowe PANS w Kro\u015bnie\",\"url\":\"https:\\\/\\\/pans.krosno.pl\\\/kola-naukowe\\\/\",\"logo\":{\"@type\":\"ImageObject\",\"inLanguage\":\"pl-PL\",\"@id\":\"https:\\\/\\\/pans.krosno.pl\\\/kola-naukowe\\\/#\\\/schema\\\/logo\\\/image\\\/\",\"url\":\"https:\\\/\\\/pans.krosno.pl\\\/kola-naukowe\\\/wp-content\\\/uploads\\\/sites\\\/48\\\/2023\\\/01\\\/Logo-PANS-2022-pelne.png\",\"contentUrl\":\"https:\\\/\\\/pans.krosno.pl\\\/kola-naukowe\\\/wp-content\\\/uploads\\\/sites\\\/48\\\/2023\\\/01\\\/Logo-PANS-2022-pelne.png\",\"width\":3096,\"height\":696,\"caption\":\"Studenckie Ko\u0142a Naukowe PANS w Kro\u015bnie\"},\"image\":{\"@id\":\"https:\\\/\\\/pans.krosno.pl\\\/kola-naukowe\\\/#\\\/schema\\\/logo\\\/image\\\/\"}}]}<\/script>\n<!-- \/ Yoast SEO Premium plugin. -->","yoast_head_json":{"title":"Ko\u0142o Naukowe Honorowych Dawc\u00f3w Krwi - Projekty i badania - Studenckie Ko\u0142a Naukowe PANS w Kro\u015bnie","robots":{"index":"index","follow":"follow","max-snippet":"max-snippet:-1","max-image-preview":"max-image-preview:large","max-video-preview":"max-video-preview:-1"},"canonical":"https:\/\/pans.krosno.pl\/kola-naukowe\/studenckie-kola-naukowe\/kolo-naukowe-honorowych-dawcow-krwi\/kolo-naukowe-honorowych-dawcow-krwi-projekty-i-badania\/","og_locale":"pl_PL","og_type":"article","og_title":"Ko\u0142o Naukowe Honorowych Dawc\u00f3w Krwi - Projekty i badania","og_description":"Artyku\u0142y 2015\/2016&nbsp; Artyku\u0142y 2018\/2019 Artyku\u0142y 2019\/2020 Artyku\u0142y 2020\/2021 Artyku\u0142y 2021\/2022 Satysfakcja z pracy personelu piel\u0119gniarskiego na terenie wojew\u00f3dztwa podkarpackiego Stres w \u017cyciu codziennym polskiego spo\u0142ecze\u0144stwa Artyku\u0142y 2022\/2023 Satysfakcja z pracy personelu piel\u0119gniarskiego na terenie wojew\u00f3dztwa podkarpackiego Stres w \u017cyciu codziennym polskiego spo\u0142ecze\u0144stwa \u015awiadomo\u015b\u0107 Polek z wojew\u00f3dztwa podkarpackiego na tetamt depresji [\u2026] Read More","og_url":"https:\/\/pans.krosno.pl\/kola-naukowe\/studenckie-kola-naukowe\/kolo-naukowe-honorowych-dawcow-krwi\/kolo-naukowe-honorowych-dawcow-krwi-projekty-i-badania\/","og_site_name":"Studenckie Ko\u0142a Naukowe PANS w Kro\u015bnie","article_modified_time":"2025-10-03T14:02:31+00:00","twitter_card":"summary_large_image","twitter_misc":{"Szacowany czas czytania":"2 minuty"},"schema":{"@context":"https:\/\/schema.org","@graph":[{"@type":"WebPage","@id":"https:\/\/pans.krosno.pl\/kola-naukowe\/studenckie-kola-naukowe\/kolo-naukowe-honorowych-dawcow-krwi\/kolo-naukowe-honorowych-dawcow-krwi-projekty-i-badania\/","url":"https:\/\/pans.krosno.pl\/kola-naukowe\/studenckie-kola-naukowe\/kolo-naukowe-honorowych-dawcow-krwi\/kolo-naukowe-honorowych-dawcow-krwi-projekty-i-badania\/","name":"Ko\u0142o Naukowe Honorowych Dawc\u00f3w Krwi - Projekty i badania - Studenckie Ko\u0142a Naukowe PANS w Kro\u015bnie","isPartOf":{"@id":"https:\/\/pans.krosno.pl\/kola-naukowe\/#website"},"datePublished":"2020-04-29T18:14:45+00:00","dateModified":"2025-10-03T14:02:31+00:00","breadcrumb":{"@id":"https:\/\/pans.krosno.pl\/kola-naukowe\/studenckie-kola-naukowe\/kolo-naukowe-honorowych-dawcow-krwi\/kolo-naukowe-honorowych-dawcow-krwi-projekty-i-badania\/#breadcrumb"},"inLanguage":"pl-PL","potentialAction":[{"@type":"ReadAction","target":["https:\/\/pans.krosno.pl\/kola-naukowe\/studenckie-kola-naukowe\/kolo-naukowe-honorowych-dawcow-krwi\/kolo-naukowe-honorowych-dawcow-krwi-projekty-i-badania\/"]}]},{"@type":"BreadcrumbList","@id":"https:\/\/pans.krosno.pl\/kola-naukowe\/studenckie-kola-naukowe\/kolo-naukowe-honorowych-dawcow-krwi\/kolo-naukowe-honorowych-dawcow-krwi-projekty-i-badania\/#breadcrumb","itemListElement":[{"@type":"ListItem","position":1,"name":"Strona g\u0142\u00f3wna","item":"https:\/\/pans.krosno.pl\/kola-naukowe\/"},{"@type":"ListItem","position":2,"name":"Studenckie Ko\u0142a Naukowe","item":"https:\/\/pans.krosno.pl\/kola-naukowe\/studenckie-kola-naukowe\/"},{"@type":"ListItem","position":3,"name":"Ko\u0142o Naukowe Honorowych Dawc\u00f3w Krwi i Potencjalnych Dawc\u00f3w Szpiku","item":"https:\/\/pans.krosno.pl\/kola-naukowe\/studenckie-kola-naukowe\/kolo-naukowe-honorowych-dawcow-krwi\/"},{"@type":"ListItem","position":4,"name":"Ko\u0142o Naukowe Honorowych Dawc\u00f3w Krwi &#8211; Projekty i badania"}]},{"@type":"WebSite","@id":"https:\/\/pans.krosno.pl\/kola-naukowe\/#website","url":"https:\/\/pans.krosno.pl\/kola-naukowe\/","name":"Studenckie Ko\u0142a Naukowe PANS w Kro\u015bnie","description":"Studenckie Ko\u0142a Naukowe - Pa\u0144stwowa Akademia Nauk Stosowanych","publisher":{"@id":"https:\/\/pans.krosno.pl\/kola-naukowe\/#organization"},"potentialAction":[{"@type":"SearchAction","target":{"@type":"EntryPoint","urlTemplate":"https:\/\/pans.krosno.pl\/kola-naukowe\/?s={search_term_string}"},"query-input":{"@type":"PropertyValueSpecification","valueRequired":true,"valueName":"search_term_string"}}],"inLanguage":"pl-PL"},{"@type":"Organization","@id":"https:\/\/pans.krosno.pl\/kola-naukowe\/#organization","name":"Studenckie Ko\u0142a Naukowe PANS w Kro\u015bnie","url":"https:\/\/pans.krosno.pl\/kola-naukowe\/","logo":{"@type":"ImageObject","inLanguage":"pl-PL","@id":"https:\/\/pans.krosno.pl\/kola-naukowe\/#\/schema\/logo\/image\/","url":"https:\/\/pans.krosno.pl\/kola-naukowe\/wp-content\/uploads\/sites\/48\/2023\/01\/Logo-PANS-2022-pelne.png","contentUrl":"https:\/\/pans.krosno.pl\/kola-naukowe\/wp-content\/uploads\/sites\/48\/2023\/01\/Logo-PANS-2022-pelne.png","width":3096,"height":696,"caption":"Studenckie Ko\u0142a Naukowe PANS w Kro\u015bnie"},"image":{"@id":"https:\/\/pans.krosno.pl\/kola-naukowe\/#\/schema\/logo\/image\/"}}]}},"_links":{"self":[{"href":"https:\/\/pans.krosno.pl\/kola-naukowe\/wp-json\/wp\/v2\/pages\/298","targetHints":{"allow":["GET"]}}],"collection":[{"href":"https:\/\/pans.krosno.pl\/kola-naukowe\/wp-json\/wp\/v2\/pages"}],"about":[{"href":"https:\/\/pans.krosno.pl\/kola-naukowe\/wp-json\/wp\/v2\/types\/page"}],"author":[{"embeddable":true,"href":"https:\/\/pans.krosno.pl\/kola-naukowe\/wp-json\/wp\/v2\/users\/27"}],"replies":[{"embeddable":true,"href":"https:\/\/pans.krosno.pl\/kola-naukowe\/wp-json\/wp\/v2\/comments?post=298"}],"version-history":[{"count":20,"href":"https:\/\/pans.krosno.pl\/kola-naukowe\/wp-json\/wp\/v2\/pages\/298\/revisions"}],"predecessor-version":[{"id":7658,"href":"https:\/\/pans.krosno.pl\/kola-naukowe\/wp-json\/wp\/v2\/pages\/298\/revisions\/7658"}],"up":[{"embeddable":true,"href":"https:\/\/pans.krosno.pl\/kola-naukowe\/wp-json\/wp\/v2\/pages\/282"}],"wp:attachment":[{"href":"https:\/\/pans.krosno.pl\/kola-naukowe\/wp-json\/wp\/v2\/media?parent=298"}],"curies":[{"name":"wp","href":"https:\/\/api.w.org\/{rel}","templated":true}]}}