{"id":293,"date":"2020-04-29T20:06:27","date_gmt":"2020-04-29T18:06:27","guid":{"rendered":"https:\/\/pans.krosno.pl\/kola-naukowe\/?page_id=293"},"modified":"2025-10-03T15:54:23","modified_gmt":"2025-10-03T13:54:23","slug":"kolo-naukowe-honorowych-dawcow-krwi-zarzad","status":"publish","type":"page","link":"https:\/\/pans.krosno.pl\/kola-naukowe\/studenckie-kola-naukowe\/kolo-naukowe-honorowych-dawcow-krwi\/kolo-naukowe-honorowych-dawcow-krwi-zarzad\/","title":{"rendered":"Ko\u0142o Naukowe Honorowych Dawc\u00f3w Krwi &#8211; zarz\u0105d"},"content":{"rendered":"\n<hr class=\"wp-block-separator has-css-opacity\" \/>\n\n\n<p><strong>Zarz\u0105d Ko\u0142a<\/strong><\/p>\n<p><strong>Opiekunowie Ko\u0142a:<\/strong><\/p>\n<p>dr n. med. Renata Dziubaszewska<\/p>\n<p>mgr Dawid Makowicz<\/p>\n<p>&nbsp;<\/p>\n<p><strong>Zarz\u0105d Ko\u0142a:<\/strong><\/p>\n<p>Przewodnicz\u0105ca: Eliza Armata<\/p>\n<p>Zast\u0119pca: Natalia Papu\u017cy\u0144ska<\/p>\n<p>Sekretarz: Maria Szostakiewicz<\/p>\n<p>Skarbnik: Wiktoria Kukuli\u0144ska<\/p>\n<p>&nbsp;<\/p>\n<p><strong>Cz\u0142ownowie Ko\u0142a:&nbsp;<\/strong><\/p>\n<p>Agnieszka Pociask, Amelia Godnicz, Aneta Aszlar, Anna Dr\u00f3bek, Bart\u0142omiej Wn\u0119k, Daria Domin, Dawid Jarosz, Emilia Wojtowicz, Gabriela Wilusz, Gabriela Ziobro, Gabriela Ku\u017anar, Iwona Ukleja, Izabela Zi\u0119ba, Jagoda Dura\u0142, Joanna Pabian, Kacper Bujak, Karina We\u017cgowiec, Karol Such, Katarzyna Ba\u0142on, Klaudia Pazdra, Kornela Augustyn, Magdalena Bilska, Ma\u0142gorzata \u0141oza, Mariia Stetsun, Mateusz D\u0142ugosz, Mateusz Wojnar, Michalina Miezin, Miko\u0142aj Czaja, Milena Ziembicka, Mona Milak, Natalia Krupa, Oliwia Cypcar, Patrycja Pietrasz, Patryk Ra\u015b, Paula Szaro, Paulina Cholewiak, Sabina Z\u0105bik, Sebastian Such, Sylwia D\u0105browska, Weronika D\u0105browiecka.<\/p>\n<p>&nbsp;<\/p>\n<p><strong>Honorowi Cz\u0142onkowie Ko\u0142a:&nbsp;<\/strong><\/p>\n<p>mgr Sylwia Gunia, mgr Katarzyna Lisowicz, mgr Bart\u0142omiej Bielawa, mgr Natalia Makowicz.<\/p>\n\n\n<hr class=\"wp-block-separator has-css-opacity\" \/>\n","protected":false},"excerpt":{"rendered":"<p>Zarz\u0105d Ko\u0142a Opiekunowie Ko\u0142a: dr n. med. Renata Dziubaszewska mgr Dawid Makowicz &nbsp; Zarz\u0105d Ko\u0142a: Przewodnicz\u0105ca: Eliza Armata Zast\u0119pca: Natalia Papu\u017cy\u0144ska Sekretarz: Maria Szostakiewicz Skarbnik: Wiktoria Kukuli\u0144ska &nbsp; Cz\u0142ownowie Ko\u0142a:&nbsp; Agnieszka Pociask, Amelia Godnicz, Aneta Aszlar, Anna Dr\u00f3bek, Bart\u0142omiej Wn\u0119k, Daria Domin, Dawid Jarosz, Emilia Wojtowicz, Gabriela Wilusz, Gabriela Ziobro, [\u2026] <\/p>\n<div class=\"clear\"><\/div>\n<p><a class=\"more_link clearfix\" href=\"https:\/\/pans.krosno.pl\/kola-naukowe\/studenckie-kola-naukowe\/kolo-naukowe-honorowych-dawcow-krwi\/kolo-naukowe-honorowych-dawcow-krwi-zarzad\/\" rel=\"nofollow\">Read More<\/a><\/p>\n","protected":false},"author":27,"featured_media":0,"parent":282,"menu_order":0,"comment_status":"closed","ping_status":"closed","template":"page-templates\/template-full-width.php","meta":{"ngg_post_thumbnail":0,"footnotes":""},"class_list":["post-293","page","type-page","status-publish","hentry"],"yoast_head":"<!-- This site is optimized with the Yoast SEO Premium plugin v27.3 (Yoast SEO v27.3) - https:\/\/yoast.com\/product\/yoast-seo-premium-wordpress\/ -->\n<title>Ko\u0142o Naukowe Honorowych Dawc\u00f3w Krwi - zarz\u0105d - Studenckie Ko\u0142a Naukowe PANS w Kro\u015bnie<\/title>\n<meta name=\"robots\" content=\"index, follow, max-snippet:-1, max-image-preview:large, max-video-preview:-1\" \/>\n<link rel=\"canonical\" href=\"https:\/\/pans.krosno.pl\/kola-naukowe\/studenckie-kola-naukowe\/kolo-naukowe-honorowych-dawcow-krwi\/kolo-naukowe-honorowych-dawcow-krwi-zarzad\/\" \/>\n<meta property=\"og:locale\" content=\"pl_PL\" \/>\n<meta property=\"og:type\" content=\"article\" \/>\n<meta property=\"og:title\" content=\"Ko\u0142o Naukowe Honorowych Dawc\u00f3w Krwi - zarz\u0105d\" \/>\n<meta property=\"og:description\" content=\"Zarz\u0105d Ko\u0142a Opiekunowie Ko\u0142a: dr n. med. Renata Dziubaszewska mgr Dawid Makowicz &nbsp; Zarz\u0105d Ko\u0142a: Przewodnicz\u0105ca: Eliza Armata Zast\u0119pca: Natalia Papu\u017cy\u0144ska Sekretarz: Maria Szostakiewicz Skarbnik: Wiktoria Kukuli\u0144ska &nbsp; Cz\u0142ownowie Ko\u0142a:&nbsp; Agnieszka Pociask, Amelia Godnicz, Aneta Aszlar, Anna Dr\u00f3bek, Bart\u0142omiej Wn\u0119k, Daria Domin, Dawid Jarosz, Emilia Wojtowicz, Gabriela Wilusz, Gabriela Ziobro, [\u2026] Read More\" \/>\n<meta property=\"og:url\" content=\"https:\/\/pans.krosno.pl\/kola-naukowe\/studenckie-kola-naukowe\/kolo-naukowe-honorowych-dawcow-krwi\/kolo-naukowe-honorowych-dawcow-krwi-zarzad\/\" \/>\n<meta property=\"og:site_name\" content=\"Studenckie Ko\u0142a Naukowe PANS w Kro\u015bnie\" \/>\n<meta property=\"article:modified_time\" content=\"2025-10-03T13:54:23+00:00\" \/>\n<meta name=\"twitter:card\" content=\"summary_large_image\" \/>\n<meta name=\"twitter:label1\" content=\"Szacowany czas czytania\" \/>\n\t<meta name=\"twitter:data1\" content=\"1 minuta\" \/>\n<script type=\"application\/ld+json\" class=\"yoast-schema-graph\">{\"@context\":\"https:\\\/\\\/schema.org\",\"@graph\":[{\"@type\":\"WebPage\",\"@id\":\"https:\\\/\\\/pans.krosno.pl\\\/kola-naukowe\\\/studenckie-kola-naukowe\\\/kolo-naukowe-honorowych-dawcow-krwi\\\/kolo-naukowe-honorowych-dawcow-krwi-zarzad\\\/\",\"url\":\"https:\\\/\\\/pans.krosno.pl\\\/kola-naukowe\\\/studenckie-kola-naukowe\\\/kolo-naukowe-honorowych-dawcow-krwi\\\/kolo-naukowe-honorowych-dawcow-krwi-zarzad\\\/\",\"name\":\"Ko\u0142o Naukowe Honorowych Dawc\u00f3w Krwi - zarz\u0105d - Studenckie Ko\u0142a Naukowe PANS w Kro\u015bnie\",\"isPartOf\":{\"@id\":\"https:\\\/\\\/pans.krosno.pl\\\/kola-naukowe\\\/#website\"},\"datePublished\":\"2020-04-29T18:06:27+00:00\",\"dateModified\":\"2025-10-03T13:54:23+00:00\",\"breadcrumb\":{\"@id\":\"https:\\\/\\\/pans.krosno.pl\\\/kola-naukowe\\\/studenckie-kola-naukowe\\\/kolo-naukowe-honorowych-dawcow-krwi\\\/kolo-naukowe-honorowych-dawcow-krwi-zarzad\\\/#breadcrumb\"},\"inLanguage\":\"pl-PL\",\"potentialAction\":[{\"@type\":\"ReadAction\",\"target\":[\"https:\\\/\\\/pans.krosno.pl\\\/kola-naukowe\\\/studenckie-kola-naukowe\\\/kolo-naukowe-honorowych-dawcow-krwi\\\/kolo-naukowe-honorowych-dawcow-krwi-zarzad\\\/\"]}]},{\"@type\":\"BreadcrumbList\",\"@id\":\"https:\\\/\\\/pans.krosno.pl\\\/kola-naukowe\\\/studenckie-kola-naukowe\\\/kolo-naukowe-honorowych-dawcow-krwi\\\/kolo-naukowe-honorowych-dawcow-krwi-zarzad\\\/#breadcrumb\",\"itemListElement\":[{\"@type\":\"ListItem\",\"position\":1,\"name\":\"Strona g\u0142\u00f3wna\",\"item\":\"https:\\\/\\\/pans.krosno.pl\\\/kola-naukowe\\\/\"},{\"@type\":\"ListItem\",\"position\":2,\"name\":\"Studenckie Ko\u0142a Naukowe\",\"item\":\"https:\\\/\\\/pans.krosno.pl\\\/kola-naukowe\\\/studenckie-kola-naukowe\\\/\"},{\"@type\":\"ListItem\",\"position\":3,\"name\":\"Ko\u0142o Naukowe Honorowych Dawc\u00f3w Krwi i Potencjalnych Dawc\u00f3w Szpiku\",\"item\":\"https:\\\/\\\/pans.krosno.pl\\\/kola-naukowe\\\/studenckie-kola-naukowe\\\/kolo-naukowe-honorowych-dawcow-krwi\\\/\"},{\"@type\":\"ListItem\",\"position\":4,\"name\":\"Ko\u0142o Naukowe Honorowych Dawc\u00f3w Krwi &#8211; zarz\u0105d\"}]},{\"@type\":\"WebSite\",\"@id\":\"https:\\\/\\\/pans.krosno.pl\\\/kola-naukowe\\\/#website\",\"url\":\"https:\\\/\\\/pans.krosno.pl\\\/kola-naukowe\\\/\",\"name\":\"Studenckie Ko\u0142a Naukowe PANS w Kro\u015bnie\",\"description\":\"Studenckie Ko\u0142a Naukowe - Pa\u0144stwowa Akademia Nauk Stosowanych\",\"publisher\":{\"@id\":\"https:\\\/\\\/pans.krosno.pl\\\/kola-naukowe\\\/#organization\"},\"potentialAction\":[{\"@type\":\"SearchAction\",\"target\":{\"@type\":\"EntryPoint\",\"urlTemplate\":\"https:\\\/\\\/pans.krosno.pl\\\/kola-naukowe\\\/?s={search_term_string}\"},\"query-input\":{\"@type\":\"PropertyValueSpecification\",\"valueRequired\":true,\"valueName\":\"search_term_string\"}}],\"inLanguage\":\"pl-PL\"},{\"@type\":\"Organization\",\"@id\":\"https:\\\/\\\/pans.krosno.pl\\\/kola-naukowe\\\/#organization\",\"name\":\"Studenckie Ko\u0142a Naukowe PANS w Kro\u015bnie\",\"url\":\"https:\\\/\\\/pans.krosno.pl\\\/kola-naukowe\\\/\",\"logo\":{\"@type\":\"ImageObject\",\"inLanguage\":\"pl-PL\",\"@id\":\"https:\\\/\\\/pans.krosno.pl\\\/kola-naukowe\\\/#\\\/schema\\\/logo\\\/image\\\/\",\"url\":\"https:\\\/\\\/pans.krosno.pl\\\/kola-naukowe\\\/wp-content\\\/uploads\\\/sites\\\/48\\\/2023\\\/01\\\/Logo-PANS-2022-pelne.png\",\"contentUrl\":\"https:\\\/\\\/pans.krosno.pl\\\/kola-naukowe\\\/wp-content\\\/uploads\\\/sites\\\/48\\\/2023\\\/01\\\/Logo-PANS-2022-pelne.png\",\"width\":3096,\"height\":696,\"caption\":\"Studenckie Ko\u0142a Naukowe PANS w Kro\u015bnie\"},\"image\":{\"@id\":\"https:\\\/\\\/pans.krosno.pl\\\/kola-naukowe\\\/#\\\/schema\\\/logo\\\/image\\\/\"}}]}<\/script>\n<!-- \/ Yoast SEO Premium plugin. -->","yoast_head_json":{"title":"Ko\u0142o Naukowe Honorowych Dawc\u00f3w Krwi - zarz\u0105d - Studenckie Ko\u0142a Naukowe PANS w Kro\u015bnie","robots":{"index":"index","follow":"follow","max-snippet":"max-snippet:-1","max-image-preview":"max-image-preview:large","max-video-preview":"max-video-preview:-1"},"canonical":"https:\/\/pans.krosno.pl\/kola-naukowe\/studenckie-kola-naukowe\/kolo-naukowe-honorowych-dawcow-krwi\/kolo-naukowe-honorowych-dawcow-krwi-zarzad\/","og_locale":"pl_PL","og_type":"article","og_title":"Ko\u0142o Naukowe Honorowych Dawc\u00f3w Krwi - zarz\u0105d","og_description":"Zarz\u0105d Ko\u0142a Opiekunowie Ko\u0142a: dr n. med. Renata Dziubaszewska mgr Dawid Makowicz &nbsp; Zarz\u0105d Ko\u0142a: Przewodnicz\u0105ca: Eliza Armata Zast\u0119pca: Natalia Papu\u017cy\u0144ska Sekretarz: Maria Szostakiewicz Skarbnik: Wiktoria Kukuli\u0144ska &nbsp; Cz\u0142ownowie Ko\u0142a:&nbsp; Agnieszka Pociask, Amelia Godnicz, Aneta Aszlar, Anna Dr\u00f3bek, Bart\u0142omiej Wn\u0119k, Daria Domin, Dawid Jarosz, Emilia Wojtowicz, Gabriela Wilusz, Gabriela Ziobro, [\u2026] Read More","og_url":"https:\/\/pans.krosno.pl\/kola-naukowe\/studenckie-kola-naukowe\/kolo-naukowe-honorowych-dawcow-krwi\/kolo-naukowe-honorowych-dawcow-krwi-zarzad\/","og_site_name":"Studenckie Ko\u0142a Naukowe PANS w Kro\u015bnie","article_modified_time":"2025-10-03T13:54:23+00:00","twitter_card":"summary_large_image","twitter_misc":{"Szacowany czas czytania":"1 minuta"},"schema":{"@context":"https:\/\/schema.org","@graph":[{"@type":"WebPage","@id":"https:\/\/pans.krosno.pl\/kola-naukowe\/studenckie-kola-naukowe\/kolo-naukowe-honorowych-dawcow-krwi\/kolo-naukowe-honorowych-dawcow-krwi-zarzad\/","url":"https:\/\/pans.krosno.pl\/kola-naukowe\/studenckie-kola-naukowe\/kolo-naukowe-honorowych-dawcow-krwi\/kolo-naukowe-honorowych-dawcow-krwi-zarzad\/","name":"Ko\u0142o Naukowe Honorowych Dawc\u00f3w Krwi - zarz\u0105d - Studenckie Ko\u0142a Naukowe PANS w Kro\u015bnie","isPartOf":{"@id":"https:\/\/pans.krosno.pl\/kola-naukowe\/#website"},"datePublished":"2020-04-29T18:06:27+00:00","dateModified":"2025-10-03T13:54:23+00:00","breadcrumb":{"@id":"https:\/\/pans.krosno.pl\/kola-naukowe\/studenckie-kola-naukowe\/kolo-naukowe-honorowych-dawcow-krwi\/kolo-naukowe-honorowych-dawcow-krwi-zarzad\/#breadcrumb"},"inLanguage":"pl-PL","potentialAction":[{"@type":"ReadAction","target":["https:\/\/pans.krosno.pl\/kola-naukowe\/studenckie-kola-naukowe\/kolo-naukowe-honorowych-dawcow-krwi\/kolo-naukowe-honorowych-dawcow-krwi-zarzad\/"]}]},{"@type":"BreadcrumbList","@id":"https:\/\/pans.krosno.pl\/kola-naukowe\/studenckie-kola-naukowe\/kolo-naukowe-honorowych-dawcow-krwi\/kolo-naukowe-honorowych-dawcow-krwi-zarzad\/#breadcrumb","itemListElement":[{"@type":"ListItem","position":1,"name":"Strona g\u0142\u00f3wna","item":"https:\/\/pans.krosno.pl\/kola-naukowe\/"},{"@type":"ListItem","position":2,"name":"Studenckie Ko\u0142a Naukowe","item":"https:\/\/pans.krosno.pl\/kola-naukowe\/studenckie-kola-naukowe\/"},{"@type":"ListItem","position":3,"name":"Ko\u0142o Naukowe Honorowych Dawc\u00f3w Krwi i Potencjalnych Dawc\u00f3w Szpiku","item":"https:\/\/pans.krosno.pl\/kola-naukowe\/studenckie-kola-naukowe\/kolo-naukowe-honorowych-dawcow-krwi\/"},{"@type":"ListItem","position":4,"name":"Ko\u0142o Naukowe Honorowych Dawc\u00f3w Krwi &#8211; zarz\u0105d"}]},{"@type":"WebSite","@id":"https:\/\/pans.krosno.pl\/kola-naukowe\/#website","url":"https:\/\/pans.krosno.pl\/kola-naukowe\/","name":"Studenckie Ko\u0142a Naukowe PANS w Kro\u015bnie","description":"Studenckie Ko\u0142a Naukowe - Pa\u0144stwowa Akademia Nauk Stosowanych","publisher":{"@id":"https:\/\/pans.krosno.pl\/kola-naukowe\/#organization"},"potentialAction":[{"@type":"SearchAction","target":{"@type":"EntryPoint","urlTemplate":"https:\/\/pans.krosno.pl\/kola-naukowe\/?s={search_term_string}"},"query-input":{"@type":"PropertyValueSpecification","valueRequired":true,"valueName":"search_term_string"}}],"inLanguage":"pl-PL"},{"@type":"Organization","@id":"https:\/\/pans.krosno.pl\/kola-naukowe\/#organization","name":"Studenckie Ko\u0142a Naukowe PANS w Kro\u015bnie","url":"https:\/\/pans.krosno.pl\/kola-naukowe\/","logo":{"@type":"ImageObject","inLanguage":"pl-PL","@id":"https:\/\/pans.krosno.pl\/kola-naukowe\/#\/schema\/logo\/image\/","url":"https:\/\/pans.krosno.pl\/kola-naukowe\/wp-content\/uploads\/sites\/48\/2023\/01\/Logo-PANS-2022-pelne.png","contentUrl":"https:\/\/pans.krosno.pl\/kola-naukowe\/wp-content\/uploads\/sites\/48\/2023\/01\/Logo-PANS-2022-pelne.png","width":3096,"height":696,"caption":"Studenckie Ko\u0142a Naukowe PANS w Kro\u015bnie"},"image":{"@id":"https:\/\/pans.krosno.pl\/kola-naukowe\/#\/schema\/logo\/image\/"}}]}},"_links":{"self":[{"href":"https:\/\/pans.krosno.pl\/kola-naukowe\/wp-json\/wp\/v2\/pages\/293","targetHints":{"allow":["GET"]}}],"collection":[{"href":"https:\/\/pans.krosno.pl\/kola-naukowe\/wp-json\/wp\/v2\/pages"}],"about":[{"href":"https:\/\/pans.krosno.pl\/kola-naukowe\/wp-json\/wp\/v2\/types\/page"}],"author":[{"embeddable":true,"href":"https:\/\/pans.krosno.pl\/kola-naukowe\/wp-json\/wp\/v2\/users\/27"}],"replies":[{"embeddable":true,"href":"https:\/\/pans.krosno.pl\/kola-naukowe\/wp-json\/wp\/v2\/comments?post=293"}],"version-history":[{"count":14,"href":"https:\/\/pans.krosno.pl\/kola-naukowe\/wp-json\/wp\/v2\/pages\/293\/revisions"}],"predecessor-version":[{"id":7655,"href":"https:\/\/pans.krosno.pl\/kola-naukowe\/wp-json\/wp\/v2\/pages\/293\/revisions\/7655"}],"up":[{"embeddable":true,"href":"https:\/\/pans.krosno.pl\/kola-naukowe\/wp-json\/wp\/v2\/pages\/282"}],"wp:attachment":[{"href":"https:\/\/pans.krosno.pl\/kola-naukowe\/wp-json\/wp\/v2\/media?parent=293"}],"curies":[{"name":"wp","href":"https:\/\/api.w.org\/{rel}","templated":true}]}}