{"id":2928,"date":"2020-08-03T14:24:11","date_gmt":"2020-08-03T12:24:11","guid":{"rendered":"https:\/\/pans.krosno.pl\/kola-naukowe\/?page_id=2928"},"modified":"2021-05-04T09:42:33","modified_gmt":"2021-05-04T07:42:33","slug":"kolo-naukowe-zabytkoznawcow-i-krajoznawcow-aktualnosci","status":"publish","type":"page","link":"https:\/\/pans.krosno.pl\/kola-naukowe\/studenckie-kola-naukowe\/kolo-naukowe-zabytkoznawcow-i-krajoznawcow\/kolo-naukowe-zabytkoznawcow-i-krajoznawcow-aktualnosci\/","title":{"rendered":"Ko\u0142o Naukowe Zabytkoznawc\u00f3w i Krajoznawc\u00f3w &#8211; Aktualno\u015bci"},"content":{"rendered":"\n<hr class=\"wp-block-separator\" \/>\n\n\n<ul class=\"wp-block-latest-posts__list has-dates wp-block-latest-posts\"><li><div class=\"wp-block-latest-posts__featured-image alignleft\"><img loading=\"lazy\" decoding=\"async\" width=\"150\" height=\"150\" src=\"https:\/\/pans.krosno.pl\/kola-naukowe\/wp-content\/uploads\/sites\/48\/2020\/08\/l3uW3JumZVWqkYlkZA051-150x150.jpg\" class=\"attachment-thumbnail size-thumbnail wp-post-image\" alt=\"\" style=\"\" srcset=\"https:\/\/pans.krosno.pl\/kola-naukowe\/wp-content\/uploads\/sites\/48\/2020\/08\/l3uW3JumZVWqkYlkZA051-150x150.jpg 150w, https:\/\/pans.krosno.pl\/kola-naukowe\/wp-content\/uploads\/sites\/48\/2020\/08\/l3uW3JumZVWqkYlkZA051-318x320.jpg 318w\" sizes=\"auto, (max-width: 150px) 100vw, 150px\" \/><\/div><a class=\"wp-block-latest-posts__post-title\" href=\"https:\/\/pans.krosno.pl\/kola-naukowe\/wyjazd-naukowo-szkoleniowy-do-sandomierza-i-okolic\/\">Wyjazd naukowo-szkoleniowy do Sandomierza i okolic<\/a><time datetime=\"2019-11-30T14:20:00+01:00\" class=\"wp-block-latest-posts__post-date\">30 listopada 2019<\/time><div class=\"wp-block-latest-posts__post-excerpt\">W dniach 30 listopada do 1 grudnia 2019 studenci II roku Turystyki i rekreacji \u2013 cz\u0142onkowie SKN Zabytkoznawc\u00f3w i Krajoznawc\u00f3w, pod opiek\u0105 dra Piotra \u0141opatkiewicza,&nbsp;uczestniczyli w&nbsp;dwudniowym wyje\u017adzie naukowo-szkoleniowym do Sandomierza i jego najbli\u017cszych okolic. W&nbsp;programie zwiedzania i zaj\u0119\u0107 znalaz\u0142y si\u0119 znakomite zabytki wpisane na list\u0119 Pomnik\u00f3w Historii (najwy\u017cszy status ochrony zabytk\u00f3w w Polsce), takie jak: [\u2026] <div class=\"clear\"><\/div><a class=\"more_link clearfix\" href=\"https:\/\/pans.krosno.pl\/kola-naukowe\/wyjazd-naukowo-szkoleniowy-do-sandomierza-i-okolic\/\" rel=\"nofollow\">Read More<\/a><\/div><\/li>\n<li><div class=\"wp-block-latest-posts__featured-image alignleft\"><img loading=\"lazy\" decoding=\"async\" width=\"150\" height=\"150\" src=\"https:\/\/pans.krosno.pl\/kola-naukowe\/wp-content\/uploads\/sites\/48\/2020\/08\/l3uW3JumZVWqkYlkZAaa_dsc0207-150x150.jpg\" class=\"attachment-thumbnail size-thumbnail wp-post-image\" alt=\"\" style=\"\" \/><\/div><a class=\"wp-block-latest-posts__post-title\" href=\"https:\/\/pans.krosno.pl\/kola-naukowe\/wyjazd-skn-zabytkoznawcow-i-krajoznawcow-do-pragi-czerwiec-2016\/\">Wyjazd SKN Zabytkoznawc\u00f3w i Krajoznawc\u00f3w do Pragi &#8211; czerwiec 2016<\/a><time datetime=\"2016-06-03T15:04:00+02:00\" class=\"wp-block-latest-posts__post-date\">3 czerwca 2016<\/time><div class=\"wp-block-latest-posts__post-excerpt\">Wyjazd SKN Zabytkoznawc\u00f3w i Krajoznawc\u00f3w do Pragi W dniach 17-19 czerwca 2016 roku \u2013 pod kierunkiem opiekuna Ko\u0142a dra Piotra \u0141opatkiewicza \u2013 mia\u0142 miejsce wyjazd dydaktyczno-naukowy Studenckiego Ko\u0142a Naukowego Zabytkoznawc\u00f3w i Krajoznawc\u00f3w PWSZ w Kro\u015bnie w Sudety i do Pragi. Pierwszego dnia studenci zwiedzali rezerwat \u201eB\u0142\u0119dne Ska\u0142y\u201d i Szczeliniec Wielki w G\u00f3rach Sto\u0142owych. Po noclegu [\u2026] <div class=\"clear\"><\/div><a class=\"more_link clearfix\" href=\"https:\/\/pans.krosno.pl\/kola-naukowe\/wyjazd-skn-zabytkoznawcow-i-krajoznawcow-do-pragi-czerwiec-2016\/\" rel=\"nofollow\">Read More<\/a><\/div><\/li>\n<li><div class=\"wp-block-latest-posts__featured-image alignleft\"><img loading=\"lazy\" decoding=\"async\" width=\"150\" height=\"150\" src=\"https:\/\/pans.krosno.pl\/kola-naukowe\/wp-content\/uploads\/sites\/48\/2020\/08\/l3uW3JumZVWqkYlkZAaa_dsc0164-150x150.jpg\" class=\"attachment-thumbnail size-thumbnail wp-post-image\" alt=\"\" style=\"\" \/><\/div><a class=\"wp-block-latest-posts__post-title\" href=\"https:\/\/pans.krosno.pl\/kola-naukowe\/objazd-naukowy-sulejow-leczyca-torun-kruszwica-strzelno-gniezno\/\">Objazd naukowy Sulej\u00f3w-\u0141\u0119czyca-Toru\u0144-Kruszwica-Strzelno-Gniezno<\/a><time datetime=\"2015-08-03T15:06:00+02:00\" class=\"wp-block-latest-posts__post-date\">3 sierpnia 2015<\/time><div class=\"wp-block-latest-posts__post-excerpt\">&nbsp;Trzydniowy wyjazd&nbsp;Studenckiego Ko\u0142a Naukowego Zabytkozanwc\u00f3w i Krajoznawc\u00f3w Sulej\u00f3w-\u0141\u0119czyca-Toru\u0144-Kruszwica-Strzelno-Gniezno Wiosn\u0105 2015 roku Ko\u0142o rozpocz\u0119\u0142o przygotowania do organizacji\u00a0trzydniowego wyjazdu dydaktyczno-szkoleniowego do Torunia i Gniezna. Wyjazd odby\u0142 si\u0119 w dniach 15-17 maja 2015 roku, wzi\u0119\u0142o w nim udzia\u0142 15 student\u00f3w oraz opiekun Ko\u0142a. Podczas wyjazdu, pierwszego dnia, zwiedzano zesp\u00f3\u0142 klasztoru Cysters\u00f3w w Sulejowie (z prze\u0142omu XII i XIII [\u2026] <div class=\"clear\"><\/div><a class=\"more_link clearfix\" href=\"https:\/\/pans.krosno.pl\/kola-naukowe\/objazd-naukowy-sulejow-leczyca-torun-kruszwica-strzelno-gniezno\/\" rel=\"nofollow\">Read More<\/a><\/div><\/li>\n<li><div class=\"wp-block-latest-posts__featured-image alignleft\"><img loading=\"lazy\" decoding=\"async\" width=\"150\" height=\"150\" src=\"https:\/\/pans.krosno.pl\/kola-naukowe\/wp-content\/uploads\/sites\/48\/2020\/08\/l3uW3JumZVWqkYlkZAaa_dsc0103-150x150.jpg\" class=\"attachment-thumbnail size-thumbnail wp-post-image\" alt=\"\" style=\"\" \/><\/div><a class=\"wp-block-latest-posts__post-title\" href=\"https:\/\/pans.krosno.pl\/kola-naukowe\/wyjazd-skn-zabytkoznawcow-do-pragi\/\">Wyjazd SKN Zabytkoznawc\u00f3w do Pragi<\/a><time datetime=\"2014-06-03T15:09:00+02:00\" class=\"wp-block-latest-posts__post-date\">3 czerwca 2014<\/time><div class=\"wp-block-latest-posts__post-excerpt\">W dniach 13-15 czerwca 2014 roku &#8211; pod kierunkiem opiekuna Ko\u0142a dra Piotra \u0141opatkiewicza &#8211; mia\u0142 miejsce wyjazd dydaktyczno-naukowy Studenckiego Ko\u0142a Naukowego Zabytkoznawc\u00f3w i Krajoznawc\u00f3w PWSZ w Kro\u015bnie. Pierwszego dnia studenci zwiedzali rezerwat \u201eB\u0142\u0119dne Ska\u0142y\u201d i Szczeliniec Wielki w G\u00f3rach Sto\u0142owych. Po noclegu sp\u0119dzonym u st\u00f3p Szczeli\u0144ca w Kar\u0142owie, wcze\u015bnie rano wyruszyli\u015bmy w kierunku Pragi. [\u2026] <div class=\"clear\"><\/div><a class=\"more_link clearfix\" href=\"https:\/\/pans.krosno.pl\/kola-naukowe\/wyjazd-skn-zabytkoznawcow-do-pragi\/\" rel=\"nofollow\">Read More<\/a><\/div><\/li>\n<li><div class=\"wp-block-latest-posts__featured-image alignleft\"><img loading=\"lazy\" decoding=\"async\" width=\"150\" height=\"150\" src=\"https:\/\/pans.krosno.pl\/kola-naukowe\/wp-content\/uploads\/sites\/48\/2020\/08\/l3uW3JumZVWqkYlkZA_sc0519-150x150.jpg\" class=\"attachment-thumbnail size-thumbnail wp-post-image\" alt=\"\" style=\"\" \/><\/div><a class=\"wp-block-latest-posts__post-title\" href=\"https:\/\/pans.krosno.pl\/kola-naukowe\/objazd-2012\/\">Objazd 2012<\/a><time datetime=\"2012-08-03T15:10:00+02:00\" class=\"wp-block-latest-posts__post-date\">3 sierpnia 2012<\/time><div class=\"wp-block-latest-posts__post-excerpt\">Objazd naukowy Sulej\u00f3w-\u0141\u0119czyca-Toru\u0144-Kruszwica-Strzelno-Gniezno czerwiec 2012<\/div><\/li>\n<li><div class=\"wp-block-latest-posts__featured-image alignleft\"><img loading=\"lazy\" decoding=\"async\" width=\"150\" height=\"150\" src=\"https:\/\/pans.krosno.pl\/kola-naukowe\/wp-content\/uploads\/sites\/48\/2020\/08\/l3uW3JumZVWqkYlkZA_sc0201-150x150.jpg\" class=\"attachment-thumbnail size-thumbnail wp-post-image\" alt=\"\" style=\"\" \/><\/div><a class=\"wp-block-latest-posts__post-title\" href=\"https:\/\/pans.krosno.pl\/kola-naukowe\/gory-stolowe-praga-karstejn-ceskykrumlov-telc-maj-2011\/\">G\u00f3ry Sto\u0142owe-Praga-Karstejn-CeskyKrumlov-Telc maj 2011<\/a><time datetime=\"2011-08-03T15:11:00+02:00\" class=\"wp-block-latest-posts__post-date\">3 sierpnia 2011<\/time><div class=\"wp-block-latest-posts__post-excerpt\">G\u00f3ry Sto\u0142owe-Praga-Karstejn-CeskyKrumlov-Telc maj 2011<\/div><\/li>\n<li><div class=\"wp-block-latest-posts__featured-image alignleft\"><img loading=\"lazy\" decoding=\"async\" width=\"150\" height=\"150\" src=\"https:\/\/pans.krosno.pl\/kola-naukowe\/wp-content\/uploads\/sites\/48\/2020\/08\/l3uW3JumZVWqkYlkZA_dsc1124-150x150.jpg\" class=\"attachment-thumbnail size-thumbnail wp-post-image\" alt=\"\" style=\"\" \/><\/div><a class=\"wp-block-latest-posts__post-title\" href=\"https:\/\/pans.krosno.pl\/kola-naukowe\/krakow-listopad-2010\/\">Krak\u00f3w &#8211; listopad 2010<\/a><time datetime=\"2010-08-03T15:13:00+02:00\" class=\"wp-block-latest-posts__post-date\">3 sierpnia 2010<\/time><div class=\"wp-block-latest-posts__post-excerpt\">Krak\u00f3w &#8211; listopad 2010<\/div><\/li>\n<li><div class=\"wp-block-latest-posts__featured-image alignleft\"><img loading=\"lazy\" decoding=\"async\" width=\"150\" height=\"150\" src=\"https:\/\/pans.krosno.pl\/kola-naukowe\/wp-content\/uploads\/sites\/48\/2020\/08\/l3uW3JumZVWqkYlkZA05158288-150x150.jpg\" class=\"attachment-thumbnail size-thumbnail wp-post-image\" alt=\"\" style=\"\" \/><\/div><a class=\"wp-block-latest-posts__post-title\" href=\"https:\/\/pans.krosno.pl\/kola-naukowe\/sandomierz-kwiecien-2010\/\">Sandomierz &#8211; kwiecie\u0144 2010<\/a><time datetime=\"2010-08-03T15:12:00+02:00\" class=\"wp-block-latest-posts__post-date\">3 sierpnia 2010<\/time><div class=\"wp-block-latest-posts__post-excerpt\">Studenckie Ko\u0142o Naukowe Zabytkoznawc\u00f3w i Krajoznawc\u00f3w Opiekun naukowy dr Piotr \u0141opatkiewicz Sandomierz &#8211; kwiecie\u0144 2010<\/div><\/li>\n<li><div class=\"wp-block-latest-posts__featured-image alignleft\"><img loading=\"lazy\" decoding=\"async\" width=\"150\" height=\"150\" src=\"https:\/\/pans.krosno.pl\/kola-naukowe\/wp-content\/uploads\/sites\/48\/2020\/08\/l3uW3JumZVWqkYlkZA_dsc1076-150x150.jpg\" class=\"attachment-thumbnail size-thumbnail wp-post-image\" alt=\"\" style=\"\" \/><\/div><a class=\"wp-block-latest-posts__post-title\" href=\"https:\/\/pans.krosno.pl\/kola-naukowe\/krosno-kosciol-farny-czerwiec-2010\/\">Krosno-Kosci\u00f3\u0142 Farny &#8211; czerwiec 2010<\/a><time datetime=\"2010-05-03T15:14:00+02:00\" class=\"wp-block-latest-posts__post-date\">3 maja 2010<\/time><div class=\"wp-block-latest-posts__post-excerpt\">Krosno-Kosci\u00f3\u0142 Farny &#8211; czerwiec 2010<\/div><\/li>\n<\/ul>","protected":false},"excerpt":{"rendered":"","protected":false},"author":27,"featured_media":0,"parent":2923,"menu_order":0,"comment_status":"closed","ping_status":"closed","template":"page-templates\/template-full-width.php","meta":{"ngg_post_thumbnail":0,"footnotes":""},"class_list":["post-2928","page","type-page","status-publish","hentry"],"yoast_head":"<!-- This site is optimized with the Yoast SEO Premium plugin v27.3 (Yoast SEO v27.3) - https:\/\/yoast.com\/product\/yoast-seo-premium-wordpress\/ -->\n<title>Ko\u0142o Naukowe Zabytkoznawc\u00f3w i Krajoznawc\u00f3w - Aktualno\u015bci - Studenckie Ko\u0142a Naukowe PANS w Kro\u015bnie<\/title>\n<meta name=\"robots\" content=\"index, follow, max-snippet:-1, max-image-preview:large, max-video-preview:-1\" \/>\n<link rel=\"canonical\" href=\"https:\/\/pans.krosno.pl\/kola-naukowe\/studenckie-kola-naukowe\/kolo-naukowe-zabytkoznawcow-i-krajoznawcow\/kolo-naukowe-zabytkoznawcow-i-krajoznawcow-aktualnosci\/\" \/>\n<meta property=\"og:locale\" content=\"pl_PL\" \/>\n<meta property=\"og:type\" content=\"article\" \/>\n<meta property=\"og:title\" content=\"Ko\u0142o Naukowe Zabytkoznawc\u00f3w i Krajoznawc\u00f3w - Aktualno\u015bci\" \/>\n<meta property=\"og:url\" content=\"https:\/\/pans.krosno.pl\/kola-naukowe\/studenckie-kola-naukowe\/kolo-naukowe-zabytkoznawcow-i-krajoznawcow\/kolo-naukowe-zabytkoznawcow-i-krajoznawcow-aktualnosci\/\" \/>\n<meta property=\"og:site_name\" content=\"Studenckie Ko\u0142a Naukowe PANS w Kro\u015bnie\" \/>\n<meta property=\"article:modified_time\" content=\"2021-05-04T07:42:33+00:00\" \/>\n<meta name=\"twitter:card\" content=\"summary_large_image\" \/>\n<script type=\"application\/ld+json\" class=\"yoast-schema-graph\">{\"@context\":\"https:\\\/\\\/schema.org\",\"@graph\":[{\"@type\":\"WebPage\",\"@id\":\"https:\\\/\\\/pans.krosno.pl\\\/kola-naukowe\\\/studenckie-kola-naukowe\\\/kolo-naukowe-zabytkoznawcow-i-krajoznawcow\\\/kolo-naukowe-zabytkoznawcow-i-krajoznawcow-aktualnosci\\\/\",\"url\":\"https:\\\/\\\/pans.krosno.pl\\\/kola-naukowe\\\/studenckie-kola-naukowe\\\/kolo-naukowe-zabytkoznawcow-i-krajoznawcow\\\/kolo-naukowe-zabytkoznawcow-i-krajoznawcow-aktualnosci\\\/\",\"name\":\"Ko\u0142o Naukowe Zabytkoznawc\u00f3w i Krajoznawc\u00f3w - Aktualno\u015bci - Studenckie Ko\u0142a Naukowe PANS w Kro\u015bnie\",\"isPartOf\":{\"@id\":\"https:\\\/\\\/pans.krosno.pl\\\/kola-naukowe\\\/#website\"},\"datePublished\":\"2020-08-03T12:24:11+00:00\",\"dateModified\":\"2021-05-04T07:42:33+00:00\",\"breadcrumb\":{\"@id\":\"https:\\\/\\\/pans.krosno.pl\\\/kola-naukowe\\\/studenckie-kola-naukowe\\\/kolo-naukowe-zabytkoznawcow-i-krajoznawcow\\\/kolo-naukowe-zabytkoznawcow-i-krajoznawcow-aktualnosci\\\/#breadcrumb\"},\"inLanguage\":\"pl-PL\",\"potentialAction\":[{\"@type\":\"ReadAction\",\"target\":[\"https:\\\/\\\/pans.krosno.pl\\\/kola-naukowe\\\/studenckie-kola-naukowe\\\/kolo-naukowe-zabytkoznawcow-i-krajoznawcow\\\/kolo-naukowe-zabytkoznawcow-i-krajoznawcow-aktualnosci\\\/\"]}]},{\"@type\":\"BreadcrumbList\",\"@id\":\"https:\\\/\\\/pans.krosno.pl\\\/kola-naukowe\\\/studenckie-kola-naukowe\\\/kolo-naukowe-zabytkoznawcow-i-krajoznawcow\\\/kolo-naukowe-zabytkoznawcow-i-krajoznawcow-aktualnosci\\\/#breadcrumb\",\"itemListElement\":[{\"@type\":\"ListItem\",\"position\":1,\"name\":\"Strona g\u0142\u00f3wna\",\"item\":\"https:\\\/\\\/pans.krosno.pl\\\/kola-naukowe\\\/\"},{\"@type\":\"ListItem\",\"position\":2,\"name\":\"Studenckie Ko\u0142a Naukowe\",\"item\":\"https:\\\/\\\/pans.krosno.pl\\\/kola-naukowe\\\/studenckie-kola-naukowe\\\/\"},{\"@type\":\"ListItem\",\"position\":3,\"name\":\"Ko\u0142o Naukowe Zabytkoznawc\u00f3w i Krajoznawc\u00f3w\",\"item\":\"https:\\\/\\\/pans.krosno.pl\\\/kola-naukowe\\\/studenckie-kola-naukowe\\\/kolo-naukowe-zabytkoznawcow-i-krajoznawcow\\\/\"},{\"@type\":\"ListItem\",\"position\":4,\"name\":\"Ko\u0142o Naukowe Zabytkoznawc\u00f3w i Krajoznawc\u00f3w &#8211; Aktualno\u015bci\"}]},{\"@type\":\"WebSite\",\"@id\":\"https:\\\/\\\/pans.krosno.pl\\\/kola-naukowe\\\/#website\",\"url\":\"https:\\\/\\\/pans.krosno.pl\\\/kola-naukowe\\\/\",\"name\":\"Studenckie Ko\u0142a Naukowe PANS w Kro\u015bnie\",\"description\":\"Studenckie Ko\u0142a Naukowe - Pa\u0144stwowa Akademia Nauk Stosowanych\",\"publisher\":{\"@id\":\"https:\\\/\\\/pans.krosno.pl\\\/kola-naukowe\\\/#organization\"},\"potentialAction\":[{\"@type\":\"SearchAction\",\"target\":{\"@type\":\"EntryPoint\",\"urlTemplate\":\"https:\\\/\\\/pans.krosno.pl\\\/kola-naukowe\\\/?s={search_term_string}\"},\"query-input\":{\"@type\":\"PropertyValueSpecification\",\"valueRequired\":true,\"valueName\":\"search_term_string\"}}],\"inLanguage\":\"pl-PL\"},{\"@type\":\"Organization\",\"@id\":\"https:\\\/\\\/pans.krosno.pl\\\/kola-naukowe\\\/#organization\",\"name\":\"Studenckie Ko\u0142a Naukowe PANS w Kro\u015bnie\",\"url\":\"https:\\\/\\\/pans.krosno.pl\\\/kola-naukowe\\\/\",\"logo\":{\"@type\":\"ImageObject\",\"inLanguage\":\"pl-PL\",\"@id\":\"https:\\\/\\\/pans.krosno.pl\\\/kola-naukowe\\\/#\\\/schema\\\/logo\\\/image\\\/\",\"url\":\"https:\\\/\\\/pans.krosno.pl\\\/kola-naukowe\\\/wp-content\\\/uploads\\\/sites\\\/48\\\/2023\\\/01\\\/Logo-PANS-2022-pelne.png\",\"contentUrl\":\"https:\\\/\\\/pans.krosno.pl\\\/kola-naukowe\\\/wp-content\\\/uploads\\\/sites\\\/48\\\/2023\\\/01\\\/Logo-PANS-2022-pelne.png\",\"width\":3096,\"height\":696,\"caption\":\"Studenckie Ko\u0142a Naukowe PANS w Kro\u015bnie\"},\"image\":{\"@id\":\"https:\\\/\\\/pans.krosno.pl\\\/kola-naukowe\\\/#\\\/schema\\\/logo\\\/image\\\/\"}}]}<\/script>\n<!-- \/ Yoast SEO Premium plugin. -->","yoast_head_json":{"title":"Ko\u0142o Naukowe Zabytkoznawc\u00f3w i Krajoznawc\u00f3w - Aktualno\u015bci - Studenckie Ko\u0142a Naukowe PANS w Kro\u015bnie","robots":{"index":"index","follow":"follow","max-snippet":"max-snippet:-1","max-image-preview":"max-image-preview:large","max-video-preview":"max-video-preview:-1"},"canonical":"https:\/\/pans.krosno.pl\/kola-naukowe\/studenckie-kola-naukowe\/kolo-naukowe-zabytkoznawcow-i-krajoznawcow\/kolo-naukowe-zabytkoznawcow-i-krajoznawcow-aktualnosci\/","og_locale":"pl_PL","og_type":"article","og_title":"Ko\u0142o Naukowe Zabytkoznawc\u00f3w i Krajoznawc\u00f3w - Aktualno\u015bci","og_url":"https:\/\/pans.krosno.pl\/kola-naukowe\/studenckie-kola-naukowe\/kolo-naukowe-zabytkoznawcow-i-krajoznawcow\/kolo-naukowe-zabytkoznawcow-i-krajoznawcow-aktualnosci\/","og_site_name":"Studenckie Ko\u0142a Naukowe PANS w Kro\u015bnie","article_modified_time":"2021-05-04T07:42:33+00:00","twitter_card":"summary_large_image","schema":{"@context":"https:\/\/schema.org","@graph":[{"@type":"WebPage","@id":"https:\/\/pans.krosno.pl\/kola-naukowe\/studenckie-kola-naukowe\/kolo-naukowe-zabytkoznawcow-i-krajoznawcow\/kolo-naukowe-zabytkoznawcow-i-krajoznawcow-aktualnosci\/","url":"https:\/\/pans.krosno.pl\/kola-naukowe\/studenckie-kola-naukowe\/kolo-naukowe-zabytkoznawcow-i-krajoznawcow\/kolo-naukowe-zabytkoznawcow-i-krajoznawcow-aktualnosci\/","name":"Ko\u0142o Naukowe Zabytkoznawc\u00f3w i Krajoznawc\u00f3w - Aktualno\u015bci - Studenckie Ko\u0142a Naukowe PANS w Kro\u015bnie","isPartOf":{"@id":"https:\/\/pans.krosno.pl\/kola-naukowe\/#website"},"datePublished":"2020-08-03T12:24:11+00:00","dateModified":"2021-05-04T07:42:33+00:00","breadcrumb":{"@id":"https:\/\/pans.krosno.pl\/kola-naukowe\/studenckie-kola-naukowe\/kolo-naukowe-zabytkoznawcow-i-krajoznawcow\/kolo-naukowe-zabytkoznawcow-i-krajoznawcow-aktualnosci\/#breadcrumb"},"inLanguage":"pl-PL","potentialAction":[{"@type":"ReadAction","target":["https:\/\/pans.krosno.pl\/kola-naukowe\/studenckie-kola-naukowe\/kolo-naukowe-zabytkoznawcow-i-krajoznawcow\/kolo-naukowe-zabytkoznawcow-i-krajoznawcow-aktualnosci\/"]}]},{"@type":"BreadcrumbList","@id":"https:\/\/pans.krosno.pl\/kola-naukowe\/studenckie-kola-naukowe\/kolo-naukowe-zabytkoznawcow-i-krajoznawcow\/kolo-naukowe-zabytkoznawcow-i-krajoznawcow-aktualnosci\/#breadcrumb","itemListElement":[{"@type":"ListItem","position":1,"name":"Strona g\u0142\u00f3wna","item":"https:\/\/pans.krosno.pl\/kola-naukowe\/"},{"@type":"ListItem","position":2,"name":"Studenckie Ko\u0142a Naukowe","item":"https:\/\/pans.krosno.pl\/kola-naukowe\/studenckie-kola-naukowe\/"},{"@type":"ListItem","position":3,"name":"Ko\u0142o Naukowe Zabytkoznawc\u00f3w i Krajoznawc\u00f3w","item":"https:\/\/pans.krosno.pl\/kola-naukowe\/studenckie-kola-naukowe\/kolo-naukowe-zabytkoznawcow-i-krajoznawcow\/"},{"@type":"ListItem","position":4,"name":"Ko\u0142o Naukowe Zabytkoznawc\u00f3w i Krajoznawc\u00f3w &#8211; Aktualno\u015bci"}]},{"@type":"WebSite","@id":"https:\/\/pans.krosno.pl\/kola-naukowe\/#website","url":"https:\/\/pans.krosno.pl\/kola-naukowe\/","name":"Studenckie Ko\u0142a Naukowe PANS w Kro\u015bnie","description":"Studenckie Ko\u0142a Naukowe - Pa\u0144stwowa Akademia Nauk Stosowanych","publisher":{"@id":"https:\/\/pans.krosno.pl\/kola-naukowe\/#organization"},"potentialAction":[{"@type":"SearchAction","target":{"@type":"EntryPoint","urlTemplate":"https:\/\/pans.krosno.pl\/kola-naukowe\/?s={search_term_string}"},"query-input":{"@type":"PropertyValueSpecification","valueRequired":true,"valueName":"search_term_string"}}],"inLanguage":"pl-PL"},{"@type":"Organization","@id":"https:\/\/pans.krosno.pl\/kola-naukowe\/#organization","name":"Studenckie Ko\u0142a Naukowe PANS w Kro\u015bnie","url":"https:\/\/pans.krosno.pl\/kola-naukowe\/","logo":{"@type":"ImageObject","inLanguage":"pl-PL","@id":"https:\/\/pans.krosno.pl\/kola-naukowe\/#\/schema\/logo\/image\/","url":"https:\/\/pans.krosno.pl\/kola-naukowe\/wp-content\/uploads\/sites\/48\/2023\/01\/Logo-PANS-2022-pelne.png","contentUrl":"https:\/\/pans.krosno.pl\/kola-naukowe\/wp-content\/uploads\/sites\/48\/2023\/01\/Logo-PANS-2022-pelne.png","width":3096,"height":696,"caption":"Studenckie Ko\u0142a Naukowe PANS w Kro\u015bnie"},"image":{"@id":"https:\/\/pans.krosno.pl\/kola-naukowe\/#\/schema\/logo\/image\/"}}]}},"_links":{"self":[{"href":"https:\/\/pans.krosno.pl\/kola-naukowe\/wp-json\/wp\/v2\/pages\/2928","targetHints":{"allow":["GET"]}}],"collection":[{"href":"https:\/\/pans.krosno.pl\/kola-naukowe\/wp-json\/wp\/v2\/pages"}],"about":[{"href":"https:\/\/pans.krosno.pl\/kola-naukowe\/wp-json\/wp\/v2\/types\/page"}],"author":[{"embeddable":true,"href":"https:\/\/pans.krosno.pl\/kola-naukowe\/wp-json\/wp\/v2\/users\/27"}],"replies":[{"embeddable":true,"href":"https:\/\/pans.krosno.pl\/kola-naukowe\/wp-json\/wp\/v2\/comments?post=2928"}],"version-history":[{"count":1,"href":"https:\/\/pans.krosno.pl\/kola-naukowe\/wp-json\/wp\/v2\/pages\/2928\/revisions"}],"predecessor-version":[{"id":2932,"href":"https:\/\/pans.krosno.pl\/kola-naukowe\/wp-json\/wp\/v2\/pages\/2928\/revisions\/2932"}],"up":[{"embeddable":true,"href":"https:\/\/pans.krosno.pl\/kola-naukowe\/wp-json\/wp\/v2\/pages\/2923"}],"wp:attachment":[{"href":"https:\/\/pans.krosno.pl\/kola-naukowe\/wp-json\/wp\/v2\/media?parent=2928"}],"curies":[{"name":"wp","href":"https:\/\/api.w.org\/{rel}","templated":true}]}}