{"id":2926,"date":"2020-08-03T14:09:23","date_gmt":"2020-08-03T12:09:23","guid":{"rendered":"https:\/\/pans.krosno.pl\/kola-naukowe\/?page_id=2926"},"modified":"2021-05-04T09:42:33","modified_gmt":"2021-05-04T07:42:33","slug":"kolo-naukowe-zabytkoznawcow-i-krajoznawcow-opis","status":"publish","type":"page","link":"https:\/\/pans.krosno.pl\/kola-naukowe\/studenckie-kola-naukowe\/kolo-naukowe-zabytkoznawcow-i-krajoznawcow\/kolo-naukowe-zabytkoznawcow-i-krajoznawcow-opis\/","title":{"rendered":"Ko\u0142o Naukowe Zabytkoznawc\u00f3w i Krajoznawc\u00f3w &#8211; opis"},"content":{"rendered":"\n<hr class=\"wp-block-separator\" \/>\n\n\n<h3>Nazwa Ko\u0142a:<\/h3>\n<h3>Studenckie Ko\u0142o Naukowe Zabytkoznawc\u00f3w i Krajoznawc\u00f3w<\/h3>\n<p><strong>Informacje podstawowe:<\/strong><\/p>\n<p>Ko\u0142o powsta\u0142o w 2005 roku w Zak\u0142adzie Turystyki i Rekreacji z inicjatywy Piotra \u0141opatkiewicza. Na przestrzeni 15 lat swej dzia\u0142alno\u015bci cz\u0142onkowie Ko\u0142a odbyli oko\u0142o dwudziestu (kilkudniowych) wyjazd\u00f3w krajowych (Krak\u00f3w, Sandomierz, Toru\u0144, Gniezno) i zagranicznych (Praga, Karl\u0161tejn, \u010cesky Krumlov) oraz przeprowadzili kilkadziesi\u0105t jednodniowych szkole\u0144 w zabytkach Krosna i jego najbli\u017cszej okolicy (Hacz\u00f3w, Trzcinica, Zag\u00f3rz, Lesko, Sanok).<\/p>\n<p>Ramowy program dzia\u0142ania Ko\u0142a przewiduje szkolenia w zakresie bada\u0144 terenowych, w tym analizy materia\u0142\u00f3w z zakresu inwentaryzacji zabytk\u00f3w i oraz inwentaryzacji krajoznawczej oraz zapoznanie ze wsp\u00f3\u0142czesnymi formami, kierunkami i metodami ochrony, konserwacji&nbsp; i inwentaryzacji zabytk\u00f3w. Cz\u0142onkowie Ko\u0142a bior\u0105 ponadto udzia\u0142 konferencjach Studenckich K\u00f3\u0142 Naukowych oraz inicjuj\u0105 w\u0142asne badania zabytkoznawcze lub krajoznawcze na terenach Polski po\u0142udniowo-wschodniej, przygotowuj\u0105c w tym wzgl\u0119dzie w\u0142asne opracowania stanowi\u0105ce niekiedy zacz\u0105tek przysz\u0142ych prac licencjackich.<\/p>\n<p><strong>Przewidywane formy dzia\u0142ania:<\/strong><\/p>\n<ul>\n<li>\u0107wiczenia terenowe, prowadzone przez opiekuna Ko\u0142a (na terenie miasta Krosna oraz w jego najbli\u017cszej okolicy), poszerzaj\u0105ce wiedz\u0119 w zakresie historii architektury oraz krajoznawstwa, ze szczeg\u00f3lnym zwr\u00f3ceniem uwagi na zagadnienia regionalne<\/li>\n<li>kilkudniowe wyjazdy szkoleniowe i naukowe do wa\u017cniejszych zabytkoznawczo i&nbsp;krajoznawczo o\u015brodk\u00f3w i region\u00f3w w Polsce, w Czechach, na S\u0142owacji czy na Ukrainie<\/li>\n<li>zebrania cz\u0142onk\u00f3w ko\u0142a naukowe, prowadzone przez prezesa lub opiekuna Ko\u0142a, przybieraj\u0105ce form\u0119 zaj\u0119\u0107 typu: konwersatoryjnego lub wyk\u0142adowego<\/li>\n<\/ul>","protected":false},"excerpt":{"rendered":"<p>Nazwa Ko\u0142a: Studenckie Ko\u0142o Naukowe Zabytkoznawc\u00f3w i Krajoznawc\u00f3w Informacje podstawowe: Ko\u0142o powsta\u0142o w 2005 roku w Zak\u0142adzie Turystyki i Rekreacji z inicjatywy Piotra \u0141opatkiewicza. Na przestrzeni 15 lat swej dzia\u0142alno\u015bci cz\u0142onkowie Ko\u0142a odbyli oko\u0142o dwudziestu (kilkudniowych) wyjazd\u00f3w krajowych (Krak\u00f3w, Sandomierz, Toru\u0144, Gniezno) i zagranicznych (Praga, Karl\u0161tejn, \u010cesky Krumlov) oraz przeprowadzili [\u2026] <\/p>\n<div class=\"clear\"><\/div>\n<p><a class=\"more_link clearfix\" href=\"https:\/\/pans.krosno.pl\/kola-naukowe\/studenckie-kola-naukowe\/kolo-naukowe-zabytkoznawcow-i-krajoznawcow\/kolo-naukowe-zabytkoznawcow-i-krajoznawcow-opis\/\" rel=\"nofollow\">Read More<\/a><\/p>\n","protected":false},"author":27,"featured_media":0,"parent":2923,"menu_order":0,"comment_status":"closed","ping_status":"closed","template":"page-templates\/template-full-width.php","meta":{"ngg_post_thumbnail":0,"footnotes":""},"class_list":["post-2926","page","type-page","status-publish","hentry"],"yoast_head":"<!-- This site is optimized with the Yoast SEO Premium plugin v27.3 (Yoast SEO v27.3) - https:\/\/yoast.com\/product\/yoast-seo-premium-wordpress\/ -->\n<title>Ko\u0142o Naukowe Zabytkoznawc\u00f3w i Krajoznawc\u00f3w - opis - Studenckie Ko\u0142a Naukowe PANS w Kro\u015bnie<\/title>\n<meta name=\"robots\" content=\"index, follow, max-snippet:-1, max-image-preview:large, max-video-preview:-1\" \/>\n<link rel=\"canonical\" href=\"https:\/\/pans.krosno.pl\/kola-naukowe\/studenckie-kola-naukowe\/kolo-naukowe-zabytkoznawcow-i-krajoznawcow\/kolo-naukowe-zabytkoznawcow-i-krajoznawcow-opis\/\" \/>\n<meta property=\"og:locale\" content=\"pl_PL\" \/>\n<meta property=\"og:type\" content=\"article\" \/>\n<meta property=\"og:title\" content=\"Ko\u0142o Naukowe Zabytkoznawc\u00f3w i Krajoznawc\u00f3w - opis\" \/>\n<meta property=\"og:description\" content=\"Nazwa Ko\u0142a: Studenckie Ko\u0142o Naukowe Zabytkoznawc\u00f3w i Krajoznawc\u00f3w Informacje podstawowe: Ko\u0142o powsta\u0142o w 2005 roku w Zak\u0142adzie Turystyki i Rekreacji z inicjatywy Piotra \u0141opatkiewicza. Na przestrzeni 15 lat swej dzia\u0142alno\u015bci cz\u0142onkowie Ko\u0142a odbyli oko\u0142o dwudziestu (kilkudniowych) wyjazd\u00f3w krajowych (Krak\u00f3w, Sandomierz, Toru\u0144, Gniezno) i zagranicznych (Praga, Karl\u0161tejn, \u010cesky Krumlov) oraz przeprowadzili [\u2026] Read More\" \/>\n<meta property=\"og:url\" content=\"https:\/\/pans.krosno.pl\/kola-naukowe\/studenckie-kola-naukowe\/kolo-naukowe-zabytkoznawcow-i-krajoznawcow\/kolo-naukowe-zabytkoznawcow-i-krajoznawcow-opis\/\" \/>\n<meta property=\"og:site_name\" content=\"Studenckie Ko\u0142a Naukowe PANS w Kro\u015bnie\" \/>\n<meta property=\"article:modified_time\" content=\"2021-05-04T07:42:33+00:00\" \/>\n<meta name=\"twitter:card\" content=\"summary_large_image\" \/>\n<meta name=\"twitter:label1\" content=\"Szacowany czas czytania\" \/>\n\t<meta name=\"twitter:data1\" content=\"1 minuta\" \/>\n<script type=\"application\/ld+json\" class=\"yoast-schema-graph\">{\"@context\":\"https:\\\/\\\/schema.org\",\"@graph\":[{\"@type\":\"WebPage\",\"@id\":\"https:\\\/\\\/pans.krosno.pl\\\/kola-naukowe\\\/studenckie-kola-naukowe\\\/kolo-naukowe-zabytkoznawcow-i-krajoznawcow\\\/kolo-naukowe-zabytkoznawcow-i-krajoznawcow-opis\\\/\",\"url\":\"https:\\\/\\\/pans.krosno.pl\\\/kola-naukowe\\\/studenckie-kola-naukowe\\\/kolo-naukowe-zabytkoznawcow-i-krajoznawcow\\\/kolo-naukowe-zabytkoznawcow-i-krajoznawcow-opis\\\/\",\"name\":\"Ko\u0142o Naukowe Zabytkoznawc\u00f3w i Krajoznawc\u00f3w - opis - Studenckie Ko\u0142a Naukowe PANS w Kro\u015bnie\",\"isPartOf\":{\"@id\":\"https:\\\/\\\/pans.krosno.pl\\\/kola-naukowe\\\/#website\"},\"datePublished\":\"2020-08-03T12:09:23+00:00\",\"dateModified\":\"2021-05-04T07:42:33+00:00\",\"breadcrumb\":{\"@id\":\"https:\\\/\\\/pans.krosno.pl\\\/kola-naukowe\\\/studenckie-kola-naukowe\\\/kolo-naukowe-zabytkoznawcow-i-krajoznawcow\\\/kolo-naukowe-zabytkoznawcow-i-krajoznawcow-opis\\\/#breadcrumb\"},\"inLanguage\":\"pl-PL\",\"potentialAction\":[{\"@type\":\"ReadAction\",\"target\":[\"https:\\\/\\\/pans.krosno.pl\\\/kola-naukowe\\\/studenckie-kola-naukowe\\\/kolo-naukowe-zabytkoznawcow-i-krajoznawcow\\\/kolo-naukowe-zabytkoznawcow-i-krajoznawcow-opis\\\/\"]}]},{\"@type\":\"BreadcrumbList\",\"@id\":\"https:\\\/\\\/pans.krosno.pl\\\/kola-naukowe\\\/studenckie-kola-naukowe\\\/kolo-naukowe-zabytkoznawcow-i-krajoznawcow\\\/kolo-naukowe-zabytkoznawcow-i-krajoznawcow-opis\\\/#breadcrumb\",\"itemListElement\":[{\"@type\":\"ListItem\",\"position\":1,\"name\":\"Strona g\u0142\u00f3wna\",\"item\":\"https:\\\/\\\/pans.krosno.pl\\\/kola-naukowe\\\/\"},{\"@type\":\"ListItem\",\"position\":2,\"name\":\"Studenckie Ko\u0142a Naukowe\",\"item\":\"https:\\\/\\\/pans.krosno.pl\\\/kola-naukowe\\\/studenckie-kola-naukowe\\\/\"},{\"@type\":\"ListItem\",\"position\":3,\"name\":\"Ko\u0142o Naukowe Zabytkoznawc\u00f3w i Krajoznawc\u00f3w\",\"item\":\"https:\\\/\\\/pans.krosno.pl\\\/kola-naukowe\\\/studenckie-kola-naukowe\\\/kolo-naukowe-zabytkoznawcow-i-krajoznawcow\\\/\"},{\"@type\":\"ListItem\",\"position\":4,\"name\":\"Ko\u0142o Naukowe Zabytkoznawc\u00f3w i Krajoznawc\u00f3w &#8211; opis\"}]},{\"@type\":\"WebSite\",\"@id\":\"https:\\\/\\\/pans.krosno.pl\\\/kola-naukowe\\\/#website\",\"url\":\"https:\\\/\\\/pans.krosno.pl\\\/kola-naukowe\\\/\",\"name\":\"Studenckie Ko\u0142a Naukowe PANS w Kro\u015bnie\",\"description\":\"Studenckie Ko\u0142a Naukowe - Pa\u0144stwowa Akademia Nauk Stosowanych\",\"publisher\":{\"@id\":\"https:\\\/\\\/pans.krosno.pl\\\/kola-naukowe\\\/#organization\"},\"potentialAction\":[{\"@type\":\"SearchAction\",\"target\":{\"@type\":\"EntryPoint\",\"urlTemplate\":\"https:\\\/\\\/pans.krosno.pl\\\/kola-naukowe\\\/?s={search_term_string}\"},\"query-input\":{\"@type\":\"PropertyValueSpecification\",\"valueRequired\":true,\"valueName\":\"search_term_string\"}}],\"inLanguage\":\"pl-PL\"},{\"@type\":\"Organization\",\"@id\":\"https:\\\/\\\/pans.krosno.pl\\\/kola-naukowe\\\/#organization\",\"name\":\"Studenckie Ko\u0142a Naukowe PANS w Kro\u015bnie\",\"url\":\"https:\\\/\\\/pans.krosno.pl\\\/kola-naukowe\\\/\",\"logo\":{\"@type\":\"ImageObject\",\"inLanguage\":\"pl-PL\",\"@id\":\"https:\\\/\\\/pans.krosno.pl\\\/kola-naukowe\\\/#\\\/schema\\\/logo\\\/image\\\/\",\"url\":\"https:\\\/\\\/pans.krosno.pl\\\/kola-naukowe\\\/wp-content\\\/uploads\\\/sites\\\/48\\\/2023\\\/01\\\/Logo-PANS-2022-pelne.png\",\"contentUrl\":\"https:\\\/\\\/pans.krosno.pl\\\/kola-naukowe\\\/wp-content\\\/uploads\\\/sites\\\/48\\\/2023\\\/01\\\/Logo-PANS-2022-pelne.png\",\"width\":3096,\"height\":696,\"caption\":\"Studenckie Ko\u0142a Naukowe PANS w Kro\u015bnie\"},\"image\":{\"@id\":\"https:\\\/\\\/pans.krosno.pl\\\/kola-naukowe\\\/#\\\/schema\\\/logo\\\/image\\\/\"}}]}<\/script>\n<!-- \/ Yoast SEO Premium plugin. -->","yoast_head_json":{"title":"Ko\u0142o Naukowe Zabytkoznawc\u00f3w i Krajoznawc\u00f3w - opis - Studenckie Ko\u0142a Naukowe PANS w Kro\u015bnie","robots":{"index":"index","follow":"follow","max-snippet":"max-snippet:-1","max-image-preview":"max-image-preview:large","max-video-preview":"max-video-preview:-1"},"canonical":"https:\/\/pans.krosno.pl\/kola-naukowe\/studenckie-kola-naukowe\/kolo-naukowe-zabytkoznawcow-i-krajoznawcow\/kolo-naukowe-zabytkoznawcow-i-krajoznawcow-opis\/","og_locale":"pl_PL","og_type":"article","og_title":"Ko\u0142o Naukowe Zabytkoznawc\u00f3w i Krajoznawc\u00f3w - opis","og_description":"Nazwa Ko\u0142a: Studenckie Ko\u0142o Naukowe Zabytkoznawc\u00f3w i Krajoznawc\u00f3w Informacje podstawowe: Ko\u0142o powsta\u0142o w 2005 roku w Zak\u0142adzie Turystyki i Rekreacji z inicjatywy Piotra \u0141opatkiewicza. Na przestrzeni 15 lat swej dzia\u0142alno\u015bci cz\u0142onkowie Ko\u0142a odbyli oko\u0142o dwudziestu (kilkudniowych) wyjazd\u00f3w krajowych (Krak\u00f3w, Sandomierz, Toru\u0144, Gniezno) i zagranicznych (Praga, Karl\u0161tejn, \u010cesky Krumlov) oraz przeprowadzili [\u2026] Read More","og_url":"https:\/\/pans.krosno.pl\/kola-naukowe\/studenckie-kola-naukowe\/kolo-naukowe-zabytkoznawcow-i-krajoznawcow\/kolo-naukowe-zabytkoznawcow-i-krajoznawcow-opis\/","og_site_name":"Studenckie Ko\u0142a Naukowe PANS w Kro\u015bnie","article_modified_time":"2021-05-04T07:42:33+00:00","twitter_card":"summary_large_image","twitter_misc":{"Szacowany czas czytania":"1 minuta"},"schema":{"@context":"https:\/\/schema.org","@graph":[{"@type":"WebPage","@id":"https:\/\/pans.krosno.pl\/kola-naukowe\/studenckie-kola-naukowe\/kolo-naukowe-zabytkoznawcow-i-krajoznawcow\/kolo-naukowe-zabytkoznawcow-i-krajoznawcow-opis\/","url":"https:\/\/pans.krosno.pl\/kola-naukowe\/studenckie-kola-naukowe\/kolo-naukowe-zabytkoznawcow-i-krajoznawcow\/kolo-naukowe-zabytkoznawcow-i-krajoznawcow-opis\/","name":"Ko\u0142o Naukowe Zabytkoznawc\u00f3w i Krajoznawc\u00f3w - opis - Studenckie Ko\u0142a Naukowe PANS w Kro\u015bnie","isPartOf":{"@id":"https:\/\/pans.krosno.pl\/kola-naukowe\/#website"},"datePublished":"2020-08-03T12:09:23+00:00","dateModified":"2021-05-04T07:42:33+00:00","breadcrumb":{"@id":"https:\/\/pans.krosno.pl\/kola-naukowe\/studenckie-kola-naukowe\/kolo-naukowe-zabytkoznawcow-i-krajoznawcow\/kolo-naukowe-zabytkoznawcow-i-krajoznawcow-opis\/#breadcrumb"},"inLanguage":"pl-PL","potentialAction":[{"@type":"ReadAction","target":["https:\/\/pans.krosno.pl\/kola-naukowe\/studenckie-kola-naukowe\/kolo-naukowe-zabytkoznawcow-i-krajoznawcow\/kolo-naukowe-zabytkoznawcow-i-krajoznawcow-opis\/"]}]},{"@type":"BreadcrumbList","@id":"https:\/\/pans.krosno.pl\/kola-naukowe\/studenckie-kola-naukowe\/kolo-naukowe-zabytkoznawcow-i-krajoznawcow\/kolo-naukowe-zabytkoznawcow-i-krajoznawcow-opis\/#breadcrumb","itemListElement":[{"@type":"ListItem","position":1,"name":"Strona g\u0142\u00f3wna","item":"https:\/\/pans.krosno.pl\/kola-naukowe\/"},{"@type":"ListItem","position":2,"name":"Studenckie Ko\u0142a Naukowe","item":"https:\/\/pans.krosno.pl\/kola-naukowe\/studenckie-kola-naukowe\/"},{"@type":"ListItem","position":3,"name":"Ko\u0142o Naukowe Zabytkoznawc\u00f3w i Krajoznawc\u00f3w","item":"https:\/\/pans.krosno.pl\/kola-naukowe\/studenckie-kola-naukowe\/kolo-naukowe-zabytkoznawcow-i-krajoznawcow\/"},{"@type":"ListItem","position":4,"name":"Ko\u0142o Naukowe Zabytkoznawc\u00f3w i Krajoznawc\u00f3w &#8211; opis"}]},{"@type":"WebSite","@id":"https:\/\/pans.krosno.pl\/kola-naukowe\/#website","url":"https:\/\/pans.krosno.pl\/kola-naukowe\/","name":"Studenckie Ko\u0142a Naukowe PANS w Kro\u015bnie","description":"Studenckie Ko\u0142a Naukowe - Pa\u0144stwowa Akademia Nauk Stosowanych","publisher":{"@id":"https:\/\/pans.krosno.pl\/kola-naukowe\/#organization"},"potentialAction":[{"@type":"SearchAction","target":{"@type":"EntryPoint","urlTemplate":"https:\/\/pans.krosno.pl\/kola-naukowe\/?s={search_term_string}"},"query-input":{"@type":"PropertyValueSpecification","valueRequired":true,"valueName":"search_term_string"}}],"inLanguage":"pl-PL"},{"@type":"Organization","@id":"https:\/\/pans.krosno.pl\/kola-naukowe\/#organization","name":"Studenckie Ko\u0142a Naukowe PANS w Kro\u015bnie","url":"https:\/\/pans.krosno.pl\/kola-naukowe\/","logo":{"@type":"ImageObject","inLanguage":"pl-PL","@id":"https:\/\/pans.krosno.pl\/kola-naukowe\/#\/schema\/logo\/image\/","url":"https:\/\/pans.krosno.pl\/kola-naukowe\/wp-content\/uploads\/sites\/48\/2023\/01\/Logo-PANS-2022-pelne.png","contentUrl":"https:\/\/pans.krosno.pl\/kola-naukowe\/wp-content\/uploads\/sites\/48\/2023\/01\/Logo-PANS-2022-pelne.png","width":3096,"height":696,"caption":"Studenckie Ko\u0142a Naukowe PANS w Kro\u015bnie"},"image":{"@id":"https:\/\/pans.krosno.pl\/kola-naukowe\/#\/schema\/logo\/image\/"}}]}},"_links":{"self":[{"href":"https:\/\/pans.krosno.pl\/kola-naukowe\/wp-json\/wp\/v2\/pages\/2926","targetHints":{"allow":["GET"]}}],"collection":[{"href":"https:\/\/pans.krosno.pl\/kola-naukowe\/wp-json\/wp\/v2\/pages"}],"about":[{"href":"https:\/\/pans.krosno.pl\/kola-naukowe\/wp-json\/wp\/v2\/types\/page"}],"author":[{"embeddable":true,"href":"https:\/\/pans.krosno.pl\/kola-naukowe\/wp-json\/wp\/v2\/users\/27"}],"replies":[{"embeddable":true,"href":"https:\/\/pans.krosno.pl\/kola-naukowe\/wp-json\/wp\/v2\/comments?post=2926"}],"version-history":[{"count":1,"href":"https:\/\/pans.krosno.pl\/kola-naukowe\/wp-json\/wp\/v2\/pages\/2926\/revisions"}],"predecessor-version":[{"id":2927,"href":"https:\/\/pans.krosno.pl\/kola-naukowe\/wp-json\/wp\/v2\/pages\/2926\/revisions\/2927"}],"up":[{"embeddable":true,"href":"https:\/\/pans.krosno.pl\/kola-naukowe\/wp-json\/wp\/v2\/pages\/2923"}],"wp:attachment":[{"href":"https:\/\/pans.krosno.pl\/kola-naukowe\/wp-json\/wp\/v2\/media?parent=2926"}],"curies":[{"name":"wp","href":"https:\/\/api.w.org\/{rel}","templated":true}]}}