{"id":2833,"date":"2020-07-30T11:38:07","date_gmt":"2020-07-30T09:38:07","guid":{"rendered":"https:\/\/pans.krosno.pl\/kola-naukowe\/?page_id=2833"},"modified":"2024-11-18T18:03:38","modified_gmt":"2024-11-18T17:03:38","slug":"skn-biologiczno-medyczne-opis","status":"publish","type":"page","link":"https:\/\/pans.krosno.pl\/kola-naukowe\/studenckie-kola-naukowe\/kolo-naukowe-biologiczno-medyczne\/skn-biologiczno-medyczne-opis\/","title":{"rendered":"Ko\u0142o naukowe \u201eFlorencja\u201d &#8211; opis"},"content":{"rendered":"\n<p><strong>SKN \u201eFlorencja\u201d (dawna nazwa SKN Biologiczno-Medyczne<\/strong>) dzia\u0142a od 2005 roku.\u00a0Aktywnymi jego cz\u0142onkami s\u0105 studenci kierunku Piel\u0119gniarstwo.\u00a0Cz\u0142onkowie SKN\u00a0prowadz\u0105 badania naukowe, uczestnicz\u0105 w konferencjach naukowych gdzie przedstawiaj\u0105 wyniki swoich bada\u0144, publikuj\u0105 artyku\u0142y, pog\u0142\u0119biaj\u0105 wiedz\u0119\u00a0 z zakresu piel\u0119gniarstwa, organizuj\u0105 samodzielnie a tak\u017ce bior\u0105 czynny udzia\u0142 w wydarzeniach promuj\u0105cych Uczelni\u0119.<\/p>\n","protected":false},"excerpt":{"rendered":"<p>SKN \u201eFlorencja\u201d (dawna nazwa SKN Biologiczno-Medyczne) dzia\u0142a od 2005 roku.\u00a0Aktywnymi jego cz\u0142onkami s\u0105 studenci kierunku Piel\u0119gniarstwo.\u00a0Cz\u0142onkowie SKN\u00a0prowadz\u0105 badania naukowe, uczestnicz\u0105 w konferencjach naukowych gdzie przedstawiaj\u0105 wyniki swoich bada\u0144, publikuj\u0105 artyku\u0142y, pog\u0142\u0119biaj\u0105 wiedz\u0119\u00a0 z zakresu piel\u0119gniarstwa, organizuj\u0105 samodzielnie a tak\u017ce bior\u0105 czynny udzia\u0142 w wydarzeniach promuj\u0105cych Uczelni\u0119.<\/p>\n","protected":false},"author":27,"featured_media":0,"parent":2831,"menu_order":0,"comment_status":"closed","ping_status":"closed","template":"page-templates\/template-full-width.php","meta":{"ngg_post_thumbnail":0,"footnotes":""},"class_list":["post-2833","page","type-page","status-publish","hentry"],"yoast_head":"<!-- This site is optimized with the Yoast SEO Premium plugin v27.3 (Yoast SEO v27.3) - https:\/\/yoast.com\/product\/yoast-seo-premium-wordpress\/ -->\n<title>Ko\u0142o naukowe \u201eFlorencja\u201d - opis - Studenckie Ko\u0142a Naukowe PANS w Kro\u015bnie<\/title>\n<meta name=\"robots\" content=\"index, follow, max-snippet:-1, max-image-preview:large, max-video-preview:-1\" \/>\n<link rel=\"canonical\" href=\"https:\/\/pans.krosno.pl\/kola-naukowe\/studenckie-kola-naukowe\/kolo-naukowe-biologiczno-medyczne\/skn-biologiczno-medyczne-opis\/\" \/>\n<meta property=\"og:locale\" content=\"pl_PL\" \/>\n<meta property=\"og:type\" content=\"article\" \/>\n<meta property=\"og:title\" content=\"Ko\u0142o naukowe \u201eFlorencja\u201d - opis\" \/>\n<meta property=\"og:description\" content=\"SKN \u201eFlorencja\u201d (dawna nazwa SKN Biologiczno-Medyczne) dzia\u0142a od 2005 roku.\u00a0Aktywnymi jego cz\u0142onkami s\u0105 studenci kierunku Piel\u0119gniarstwo.\u00a0Cz\u0142onkowie SKN\u00a0prowadz\u0105 badania naukowe, uczestnicz\u0105 w konferencjach naukowych gdzie przedstawiaj\u0105 wyniki swoich bada\u0144, publikuj\u0105 artyku\u0142y, pog\u0142\u0119biaj\u0105 wiedz\u0119\u00a0 z zakresu piel\u0119gniarstwa, organizuj\u0105 samodzielnie a tak\u017ce bior\u0105 czynny udzia\u0142 w wydarzeniach promuj\u0105cych Uczelni\u0119.\" \/>\n<meta property=\"og:url\" content=\"https:\/\/pans.krosno.pl\/kola-naukowe\/studenckie-kola-naukowe\/kolo-naukowe-biologiczno-medyczne\/skn-biologiczno-medyczne-opis\/\" \/>\n<meta property=\"og:site_name\" content=\"Studenckie Ko\u0142a Naukowe PANS w Kro\u015bnie\" \/>\n<meta property=\"article:modified_time\" content=\"2024-11-18T17:03:38+00:00\" \/>\n<meta name=\"twitter:card\" content=\"summary_large_image\" \/>\n<meta name=\"twitter:label1\" content=\"Szacowany czas czytania\" \/>\n\t<meta name=\"twitter:data1\" content=\"1 minuta\" \/>\n<script type=\"application\/ld+json\" class=\"yoast-schema-graph\">{\"@context\":\"https:\\\/\\\/schema.org\",\"@graph\":[{\"@type\":\"WebPage\",\"@id\":\"https:\\\/\\\/pans.krosno.pl\\\/kola-naukowe\\\/studenckie-kola-naukowe\\\/kolo-naukowe-biologiczno-medyczne\\\/skn-biologiczno-medyczne-opis\\\/\",\"url\":\"https:\\\/\\\/pans.krosno.pl\\\/kola-naukowe\\\/studenckie-kola-naukowe\\\/kolo-naukowe-biologiczno-medyczne\\\/skn-biologiczno-medyczne-opis\\\/\",\"name\":\"Ko\u0142o naukowe \u201eFlorencja\u201d - opis - Studenckie Ko\u0142a Naukowe PANS w Kro\u015bnie\",\"isPartOf\":{\"@id\":\"https:\\\/\\\/pans.krosno.pl\\\/kola-naukowe\\\/#website\"},\"datePublished\":\"2020-07-30T09:38:07+00:00\",\"dateModified\":\"2024-11-18T17:03:38+00:00\",\"breadcrumb\":{\"@id\":\"https:\\\/\\\/pans.krosno.pl\\\/kola-naukowe\\\/studenckie-kola-naukowe\\\/kolo-naukowe-biologiczno-medyczne\\\/skn-biologiczno-medyczne-opis\\\/#breadcrumb\"},\"inLanguage\":\"pl-PL\",\"potentialAction\":[{\"@type\":\"ReadAction\",\"target\":[\"https:\\\/\\\/pans.krosno.pl\\\/kola-naukowe\\\/studenckie-kola-naukowe\\\/kolo-naukowe-biologiczno-medyczne\\\/skn-biologiczno-medyczne-opis\\\/\"]}]},{\"@type\":\"BreadcrumbList\",\"@id\":\"https:\\\/\\\/pans.krosno.pl\\\/kola-naukowe\\\/studenckie-kola-naukowe\\\/kolo-naukowe-biologiczno-medyczne\\\/skn-biologiczno-medyczne-opis\\\/#breadcrumb\",\"itemListElement\":[{\"@type\":\"ListItem\",\"position\":1,\"name\":\"Strona g\u0142\u00f3wna\",\"item\":\"https:\\\/\\\/pans.krosno.pl\\\/kola-naukowe\\\/\"},{\"@type\":\"ListItem\",\"position\":2,\"name\":\"Studenckie Ko\u0142a Naukowe\",\"item\":\"https:\\\/\\\/pans.krosno.pl\\\/kola-naukowe\\\/studenckie-kola-naukowe\\\/\"},{\"@type\":\"ListItem\",\"position\":3,\"name\":\"Ko\u0142o naukowe &#8222;Florencja&#8221;\",\"item\":\"https:\\\/\\\/pans.krosno.pl\\\/kola-naukowe\\\/studenckie-kola-naukowe\\\/kolo-naukowe-biologiczno-medyczne\\\/\"},{\"@type\":\"ListItem\",\"position\":4,\"name\":\"Ko\u0142o naukowe \u201eFlorencja\u201d &#8211; opis\"}]},{\"@type\":\"WebSite\",\"@id\":\"https:\\\/\\\/pans.krosno.pl\\\/kola-naukowe\\\/#website\",\"url\":\"https:\\\/\\\/pans.krosno.pl\\\/kola-naukowe\\\/\",\"name\":\"Studenckie Ko\u0142a Naukowe PANS w Kro\u015bnie\",\"description\":\"Studenckie Ko\u0142a Naukowe - Pa\u0144stwowa Akademia Nauk Stosowanych\",\"publisher\":{\"@id\":\"https:\\\/\\\/pans.krosno.pl\\\/kola-naukowe\\\/#organization\"},\"potentialAction\":[{\"@type\":\"SearchAction\",\"target\":{\"@type\":\"EntryPoint\",\"urlTemplate\":\"https:\\\/\\\/pans.krosno.pl\\\/kola-naukowe\\\/?s={search_term_string}\"},\"query-input\":{\"@type\":\"PropertyValueSpecification\",\"valueRequired\":true,\"valueName\":\"search_term_string\"}}],\"inLanguage\":\"pl-PL\"},{\"@type\":\"Organization\",\"@id\":\"https:\\\/\\\/pans.krosno.pl\\\/kola-naukowe\\\/#organization\",\"name\":\"Studenckie Ko\u0142a Naukowe PANS w Kro\u015bnie\",\"url\":\"https:\\\/\\\/pans.krosno.pl\\\/kola-naukowe\\\/\",\"logo\":{\"@type\":\"ImageObject\",\"inLanguage\":\"pl-PL\",\"@id\":\"https:\\\/\\\/pans.krosno.pl\\\/kola-naukowe\\\/#\\\/schema\\\/logo\\\/image\\\/\",\"url\":\"https:\\\/\\\/pans.krosno.pl\\\/kola-naukowe\\\/wp-content\\\/uploads\\\/sites\\\/48\\\/2023\\\/01\\\/Logo-PANS-2022-pelne.png\",\"contentUrl\":\"https:\\\/\\\/pans.krosno.pl\\\/kola-naukowe\\\/wp-content\\\/uploads\\\/sites\\\/48\\\/2023\\\/01\\\/Logo-PANS-2022-pelne.png\",\"width\":3096,\"height\":696,\"caption\":\"Studenckie Ko\u0142a Naukowe PANS w Kro\u015bnie\"},\"image\":{\"@id\":\"https:\\\/\\\/pans.krosno.pl\\\/kola-naukowe\\\/#\\\/schema\\\/logo\\\/image\\\/\"}}]}<\/script>\n<!-- \/ Yoast SEO Premium plugin. -->","yoast_head_json":{"title":"Ko\u0142o naukowe \u201eFlorencja\u201d - opis - Studenckie Ko\u0142a Naukowe PANS w Kro\u015bnie","robots":{"index":"index","follow":"follow","max-snippet":"max-snippet:-1","max-image-preview":"max-image-preview:large","max-video-preview":"max-video-preview:-1"},"canonical":"https:\/\/pans.krosno.pl\/kola-naukowe\/studenckie-kola-naukowe\/kolo-naukowe-biologiczno-medyczne\/skn-biologiczno-medyczne-opis\/","og_locale":"pl_PL","og_type":"article","og_title":"Ko\u0142o naukowe \u201eFlorencja\u201d - opis","og_description":"SKN \u201eFlorencja\u201d (dawna nazwa SKN Biologiczno-Medyczne) dzia\u0142a od 2005 roku.\u00a0Aktywnymi jego cz\u0142onkami s\u0105 studenci kierunku Piel\u0119gniarstwo.\u00a0Cz\u0142onkowie SKN\u00a0prowadz\u0105 badania naukowe, uczestnicz\u0105 w konferencjach naukowych gdzie przedstawiaj\u0105 wyniki swoich bada\u0144, publikuj\u0105 artyku\u0142y, pog\u0142\u0119biaj\u0105 wiedz\u0119\u00a0 z zakresu piel\u0119gniarstwa, organizuj\u0105 samodzielnie a tak\u017ce bior\u0105 czynny udzia\u0142 w wydarzeniach promuj\u0105cych Uczelni\u0119.","og_url":"https:\/\/pans.krosno.pl\/kola-naukowe\/studenckie-kola-naukowe\/kolo-naukowe-biologiczno-medyczne\/skn-biologiczno-medyczne-opis\/","og_site_name":"Studenckie Ko\u0142a Naukowe PANS w Kro\u015bnie","article_modified_time":"2024-11-18T17:03:38+00:00","twitter_card":"summary_large_image","twitter_misc":{"Szacowany czas czytania":"1 minuta"},"schema":{"@context":"https:\/\/schema.org","@graph":[{"@type":"WebPage","@id":"https:\/\/pans.krosno.pl\/kola-naukowe\/studenckie-kola-naukowe\/kolo-naukowe-biologiczno-medyczne\/skn-biologiczno-medyczne-opis\/","url":"https:\/\/pans.krosno.pl\/kola-naukowe\/studenckie-kola-naukowe\/kolo-naukowe-biologiczno-medyczne\/skn-biologiczno-medyczne-opis\/","name":"Ko\u0142o naukowe \u201eFlorencja\u201d - opis - Studenckie Ko\u0142a Naukowe PANS w Kro\u015bnie","isPartOf":{"@id":"https:\/\/pans.krosno.pl\/kola-naukowe\/#website"},"datePublished":"2020-07-30T09:38:07+00:00","dateModified":"2024-11-18T17:03:38+00:00","breadcrumb":{"@id":"https:\/\/pans.krosno.pl\/kola-naukowe\/studenckie-kola-naukowe\/kolo-naukowe-biologiczno-medyczne\/skn-biologiczno-medyczne-opis\/#breadcrumb"},"inLanguage":"pl-PL","potentialAction":[{"@type":"ReadAction","target":["https:\/\/pans.krosno.pl\/kola-naukowe\/studenckie-kola-naukowe\/kolo-naukowe-biologiczno-medyczne\/skn-biologiczno-medyczne-opis\/"]}]},{"@type":"BreadcrumbList","@id":"https:\/\/pans.krosno.pl\/kola-naukowe\/studenckie-kola-naukowe\/kolo-naukowe-biologiczno-medyczne\/skn-biologiczno-medyczne-opis\/#breadcrumb","itemListElement":[{"@type":"ListItem","position":1,"name":"Strona g\u0142\u00f3wna","item":"https:\/\/pans.krosno.pl\/kola-naukowe\/"},{"@type":"ListItem","position":2,"name":"Studenckie Ko\u0142a Naukowe","item":"https:\/\/pans.krosno.pl\/kola-naukowe\/studenckie-kola-naukowe\/"},{"@type":"ListItem","position":3,"name":"Ko\u0142o naukowe &#8222;Florencja&#8221;","item":"https:\/\/pans.krosno.pl\/kola-naukowe\/studenckie-kola-naukowe\/kolo-naukowe-biologiczno-medyczne\/"},{"@type":"ListItem","position":4,"name":"Ko\u0142o naukowe \u201eFlorencja\u201d &#8211; opis"}]},{"@type":"WebSite","@id":"https:\/\/pans.krosno.pl\/kola-naukowe\/#website","url":"https:\/\/pans.krosno.pl\/kola-naukowe\/","name":"Studenckie Ko\u0142a Naukowe PANS w Kro\u015bnie","description":"Studenckie Ko\u0142a Naukowe - Pa\u0144stwowa Akademia Nauk Stosowanych","publisher":{"@id":"https:\/\/pans.krosno.pl\/kola-naukowe\/#organization"},"potentialAction":[{"@type":"SearchAction","target":{"@type":"EntryPoint","urlTemplate":"https:\/\/pans.krosno.pl\/kola-naukowe\/?s={search_term_string}"},"query-input":{"@type":"PropertyValueSpecification","valueRequired":true,"valueName":"search_term_string"}}],"inLanguage":"pl-PL"},{"@type":"Organization","@id":"https:\/\/pans.krosno.pl\/kola-naukowe\/#organization","name":"Studenckie Ko\u0142a Naukowe PANS w Kro\u015bnie","url":"https:\/\/pans.krosno.pl\/kola-naukowe\/","logo":{"@type":"ImageObject","inLanguage":"pl-PL","@id":"https:\/\/pans.krosno.pl\/kola-naukowe\/#\/schema\/logo\/image\/","url":"https:\/\/pans.krosno.pl\/kola-naukowe\/wp-content\/uploads\/sites\/48\/2023\/01\/Logo-PANS-2022-pelne.png","contentUrl":"https:\/\/pans.krosno.pl\/kola-naukowe\/wp-content\/uploads\/sites\/48\/2023\/01\/Logo-PANS-2022-pelne.png","width":3096,"height":696,"caption":"Studenckie Ko\u0142a Naukowe PANS w Kro\u015bnie"},"image":{"@id":"https:\/\/pans.krosno.pl\/kola-naukowe\/#\/schema\/logo\/image\/"}}]}},"_links":{"self":[{"href":"https:\/\/pans.krosno.pl\/kola-naukowe\/wp-json\/wp\/v2\/pages\/2833","targetHints":{"allow":["GET"]}}],"collection":[{"href":"https:\/\/pans.krosno.pl\/kola-naukowe\/wp-json\/wp\/v2\/pages"}],"about":[{"href":"https:\/\/pans.krosno.pl\/kola-naukowe\/wp-json\/wp\/v2\/types\/page"}],"author":[{"embeddable":true,"href":"https:\/\/pans.krosno.pl\/kola-naukowe\/wp-json\/wp\/v2\/users\/27"}],"replies":[{"embeddable":true,"href":"https:\/\/pans.krosno.pl\/kola-naukowe\/wp-json\/wp\/v2\/comments?post=2833"}],"version-history":[{"count":4,"href":"https:\/\/pans.krosno.pl\/kola-naukowe\/wp-json\/wp\/v2\/pages\/2833\/revisions"}],"predecessor-version":[{"id":6645,"href":"https:\/\/pans.krosno.pl\/kola-naukowe\/wp-json\/wp\/v2\/pages\/2833\/revisions\/6645"}],"up":[{"embeddable":true,"href":"https:\/\/pans.krosno.pl\/kola-naukowe\/wp-json\/wp\/v2\/pages\/2831"}],"wp:attachment":[{"href":"https:\/\/pans.krosno.pl\/kola-naukowe\/wp-json\/wp\/v2\/media?parent=2833"}],"curies":[{"name":"wp","href":"https:\/\/api.w.org\/{rel}","templated":true}]}}