{"id":270,"date":"2020-04-29T19:50:30","date_gmt":"2020-04-29T17:50:30","guid":{"rendered":"https:\/\/pans.krosno.pl\/kola-naukowe\/?page_id=270"},"modified":"2020-10-13T20:04:51","modified_gmt":"2020-10-13T18:04:51","slug":"kolo-naukowe-temida-referaty","status":"publish","type":"page","link":"https:\/\/pans.krosno.pl\/kola-naukowe\/studenckie-kola-naukowe\/kolo-naukowe-temida\/kolo-naukowe-temida-referaty\/","title":{"rendered":"Ko\u0142o Naukowe Temida &#8211; referaty"},"content":{"rendered":"\n<hr class=\"wp-block-separator\" \/>\n\n\n<p>Wyg\u0142oszone referaty na konferencjach naukowych (prosz\u0119 o dodanie do ju\u017c istniej\u0105cego pliku jako kontynuacja)<\/p>\n<ol>\n<li>Uczelniana Konferencja Naukowa \u201eBezpiecze\u0144stwo XX i XXI wieku\u201d Rzesz\u00f3w, 8.06.2020r., wyst\u0105pienie pt. \u201eFunkcje s\u0142u\u017cb specjalnych w systemie bezpiecze\u0144stwa pa\u0144stwa.\u201d<\/li>\n<li>Og\u00f3lnopolska Konferencja Naukowa \u201eWybory w pa\u0144stwach europejskich a nacjonalizmy\u201d Katowice, 14.05.2020r. ,wyst\u0105pienie pt. \u201eNacjonalizm powraca na Rzeszowskie tereny? Kampania wyborcza Konfederacji na przyk\u0142adzie Grzegorza Brauna do Sejmu w 2019 roku.\u201d<\/li>\n<li>VI Mi\u0119dzynarodowa Konferencja online Nowy Wymiar Filologii J\u0119zyki, Literatura, J\u0119zykoznawstwo, Kultura P\u0142ock, 28.04.2020r., wyst\u0105pienie pt. \u201eJ\u0119zyk nienawi\u015bci w czasach Internetu.\u201d<\/li>\n<li>VIII Mi\u0119dzynarodowa Konferencja Magistrant\u00f3w Katowice, 12.05.2020r., wyst\u0105pienie pt. \u201eW\u0141A\u015aCIWA KOMUNIKACJA W ZESPOLE PRZEDSI\u0118BIORSTWA &#8211; JAK J\u0104 ZAPEWNI\u0106?\u201d<\/li>\n<li>Og\u00f3lnopolska Konferencja Naukowa \u201cProblemy zdrowia cz\u0142owieka \u2013 przyczyny, stan obecny, sposoby na przysz\u0142o\u015b\u0107\u201d 06.2020r., wyst\u0105pienie pt. \u201eCzynniki wp\u0142ywaj\u0105ce na realizacj\u0119 plan\u00f3w \u017cyciowych doros\u0142ych dzieci pochodz\u0105cych z rodzin z problemem alkoholowym.\u201d<\/li>\n<li>Og\u00f3lnopolska Konferencja Naukowa &#8222;Zarz\u0105dzanie zasobami we wsp\u00f3\u0142czesnym \u015bwiecie&#8221; Warszawa 6.03.2020r., wyst\u0105pienie pt. \u201eCzynniki warunkuj\u0105ce prawid\u0142ow\u0105 socjalizacj\u0119 dzieci w rodzinie z problemem alkoholowym.\u201d<\/li>\n<li>Og\u00f3lnopolska Konferencja Naukowa &#8222;Gro\u017ane zjawiska&#8221; Warszawa, 26-27.03.2020r., wyst\u0105pienie pt. \u201ePrzemoc w rodzinie jako gro\u017ane zjawisko kwestii spo\u0142ecznych.\u201d<\/li>\n<li>Og\u00f3lnopolska Konferencja Naukowa \u201ePrawo w \u015bwietle wyzwa\u0144 XXI wieku\u201d Siedlce, 12.06.2020r, wyst\u0105pienie pt. \u201eWsp\u00f3\u0142czesny model rodziny a prawo pi\u0119\u015bci.\u201d<\/li>\n<li>Og\u00f3lnopolska Konferencja Naukowa \u201ePatologie spo\u0142eczne we wsp\u00f3\u0142czesnym \u015bwiecie-aspekty prawne i kryminologiczne, 06.2020r, wyst\u0105pienie pt. \u201eRole pe\u0142nione przez cz\u0142onk\u00f3w rodziny w rodzinie z problemem alkoholowym.\u201d<\/li>\n<li>Og\u00f3lnopolska Konferencja Naukowa pt. \u201cPrawa cz\u0142owieka w dobie COVID-19\u201d Rzesz\u00f3w, 28.05.2020r., wyst\u0105pienie pt. \u201cPrawa Cz\u0142owieka \u201c.<\/li>\n<li>Og\u00f3lnopolska Konferencja Naukowa \u201eEUREKA\u201d Krzy\u017canowa, 12.05.2020r., wyst\u0105pienie pt. \u201eZnaczenie ukrai\u0144skiej wyszywanej koszuli.\u201d<\/li>\n<li>XIX Edycja Konferencji K\u00f3\u0142 Naukowych Wy\u017cszej Szko\u0142y Ekonomii, Prawa i Nauk Medycznych Interdyscyplinarny wymiar nauk ekonomicznych, prawnych i medycznych Kielce, 19.05.2020r., wyst\u0105pienie pt. \u201e\u2019Prawo silniejszego\u2019\u2019\u2013 jako aspekt zaburze\u0144 funkcjonowania rodziny.\u201d<\/li>\n<li>Og\u00f3lnopolska Konferencja Naukowa &#8222;Narracje w humanistyce&#8221; 06.2020r., wyst\u0105pienie pt. \u201eNarracje w rodzinie patologicznej jako argument si\u0142y\u201d.<\/li>\n<li>Og\u00f3lnopolska Konferencja Naukowa &#8222;Zmiany na ziemi&#8221; Warszawa, 25.03.2020r., wyst\u0105pienie pt. \u201eWyniki bada\u0144 naukowych dotycz\u0105cych plan\u00f3w \u017cyciowych doros\u0142ych dzieci pochodz\u0105cych z rodzin alkoholowych\u201d.<\/li>\n<li>Og\u00f3lnopolska Konferencja Naukowa \u201eOblicza wsp\u00f3\u0142czesnej przest\u0119pczo\u015bci w prawie europejskim i mi\u0119dzynarodowym\u201d Rzesz\u00f3w, 12.06.2020r., wyst\u0105pienie pt. \u201eCyberprzest\u0119pczo\u015b\u0107 &#8211; czy uda si\u0119 jej unikn\u0105\u0107 ?\u201d<\/li>\n<li>Og\u00f3lnopolska Konferencja Naukowa \u201ePrzedsi\u0119biorstwo i jego otoczenie. Wyzwania wsp\u00f3\u0142czesnej ekonomii, finans\u00f3w i prawa\u201d, wyst\u0105pienie pt. \u201eW\u0142a\u015bciwa komunikacja w firmie\u201d.<\/li>\n<\/ol>\n<p>&nbsp;<\/p>\n\n\n<hr class=\"wp-block-separator\" \/>\n","protected":false},"excerpt":{"rendered":"<p>Wyg\u0142oszone referaty na konferencjach naukowych (prosz\u0119 o dodanie do ju\u017c istniej\u0105cego pliku jako kontynuacja) Uczelniana Konferencja Naukowa \u201eBezpiecze\u0144stwo XX i XXI wieku\u201d Rzesz\u00f3w, 8.06.2020r., wyst\u0105pienie pt. \u201eFunkcje s\u0142u\u017cb specjalnych w systemie bezpiecze\u0144stwa pa\u0144stwa.\u201d Og\u00f3lnopolska Konferencja Naukowa \u201eWybory w pa\u0144stwach europejskich a nacjonalizmy\u201d Katowice, 14.05.2020r. ,wyst\u0105pienie pt. \u201eNacjonalizm powraca na Rzeszowskie [\u2026] <\/p>\n<div class=\"clear\"><\/div>\n<p><a class=\"more_link clearfix\" href=\"https:\/\/pans.krosno.pl\/kola-naukowe\/studenckie-kola-naukowe\/kolo-naukowe-temida\/kolo-naukowe-temida-referaty\/\" rel=\"nofollow\">Read More<\/a><\/p>\n","protected":false},"author":27,"featured_media":0,"parent":34,"menu_order":0,"comment_status":"closed","ping_status":"closed","template":"page-templates\/template-full-width.php","meta":{"ngg_post_thumbnail":0,"footnotes":""},"class_list":["post-270","page","type-page","status-publish","hentry"],"yoast_head":"<!-- This site is optimized with the Yoast SEO Premium plugin v27.3 (Yoast SEO v27.3) - https:\/\/yoast.com\/product\/yoast-seo-premium-wordpress\/ -->\n<title>Ko\u0142o Naukowe Temida - referaty - Studenckie Ko\u0142a Naukowe PANS w Kro\u015bnie<\/title>\n<meta name=\"robots\" content=\"index, follow, max-snippet:-1, max-image-preview:large, max-video-preview:-1\" \/>\n<link rel=\"canonical\" href=\"https:\/\/pans.krosno.pl\/kola-naukowe\/studenckie-kola-naukowe\/kolo-naukowe-temida\/kolo-naukowe-temida-referaty\/\" \/>\n<meta property=\"og:locale\" content=\"pl_PL\" \/>\n<meta property=\"og:type\" content=\"article\" \/>\n<meta property=\"og:title\" content=\"Ko\u0142o Naukowe Temida - referaty\" \/>\n<meta property=\"og:description\" content=\"Wyg\u0142oszone referaty na konferencjach naukowych (prosz\u0119 o dodanie do ju\u017c istniej\u0105cego pliku jako kontynuacja) Uczelniana Konferencja Naukowa \u201eBezpiecze\u0144stwo XX i XXI wieku\u201d Rzesz\u00f3w, 8.06.2020r., wyst\u0105pienie pt. \u201eFunkcje s\u0142u\u017cb specjalnych w systemie bezpiecze\u0144stwa pa\u0144stwa.\u201d Og\u00f3lnopolska Konferencja Naukowa \u201eWybory w pa\u0144stwach europejskich a nacjonalizmy\u201d Katowice, 14.05.2020r. ,wyst\u0105pienie pt. \u201eNacjonalizm powraca na Rzeszowskie [\u2026] Read More\" \/>\n<meta property=\"og:url\" content=\"https:\/\/pans.krosno.pl\/kola-naukowe\/studenckie-kola-naukowe\/kolo-naukowe-temida\/kolo-naukowe-temida-referaty\/\" \/>\n<meta property=\"og:site_name\" content=\"Studenckie Ko\u0142a Naukowe PANS w Kro\u015bnie\" \/>\n<meta property=\"article:modified_time\" content=\"2020-10-13T18:04:51+00:00\" \/>\n<meta name=\"twitter:card\" content=\"summary_large_image\" \/>\n<meta name=\"twitter:label1\" content=\"Szacowany czas czytania\" \/>\n\t<meta name=\"twitter:data1\" content=\"2 minuty\" \/>\n<script type=\"application\/ld+json\" class=\"yoast-schema-graph\">{\"@context\":\"https:\\\/\\\/schema.org\",\"@graph\":[{\"@type\":\"WebPage\",\"@id\":\"https:\\\/\\\/pans.krosno.pl\\\/kola-naukowe\\\/studenckie-kola-naukowe\\\/kolo-naukowe-temida\\\/kolo-naukowe-temida-referaty\\\/\",\"url\":\"https:\\\/\\\/pans.krosno.pl\\\/kola-naukowe\\\/studenckie-kola-naukowe\\\/kolo-naukowe-temida\\\/kolo-naukowe-temida-referaty\\\/\",\"name\":\"Ko\u0142o Naukowe Temida - referaty - Studenckie Ko\u0142a Naukowe PANS w Kro\u015bnie\",\"isPartOf\":{\"@id\":\"https:\\\/\\\/pans.krosno.pl\\\/kola-naukowe\\\/#website\"},\"datePublished\":\"2020-04-29T17:50:30+00:00\",\"dateModified\":\"2020-10-13T18:04:51+00:00\",\"breadcrumb\":{\"@id\":\"https:\\\/\\\/pans.krosno.pl\\\/kola-naukowe\\\/studenckie-kola-naukowe\\\/kolo-naukowe-temida\\\/kolo-naukowe-temida-referaty\\\/#breadcrumb\"},\"inLanguage\":\"pl-PL\",\"potentialAction\":[{\"@type\":\"ReadAction\",\"target\":[\"https:\\\/\\\/pans.krosno.pl\\\/kola-naukowe\\\/studenckie-kola-naukowe\\\/kolo-naukowe-temida\\\/kolo-naukowe-temida-referaty\\\/\"]}]},{\"@type\":\"BreadcrumbList\",\"@id\":\"https:\\\/\\\/pans.krosno.pl\\\/kola-naukowe\\\/studenckie-kola-naukowe\\\/kolo-naukowe-temida\\\/kolo-naukowe-temida-referaty\\\/#breadcrumb\",\"itemListElement\":[{\"@type\":\"ListItem\",\"position\":1,\"name\":\"Strona g\u0142\u00f3wna\",\"item\":\"https:\\\/\\\/pans.krosno.pl\\\/kola-naukowe\\\/\"},{\"@type\":\"ListItem\",\"position\":2,\"name\":\"Studenckie Ko\u0142a Naukowe\",\"item\":\"https:\\\/\\\/pans.krosno.pl\\\/kola-naukowe\\\/studenckie-kola-naukowe\\\/\"},{\"@type\":\"ListItem\",\"position\":3,\"name\":\"Ko\u0142o Naukowe Temida\",\"item\":\"https:\\\/\\\/pans.krosno.pl\\\/kola-naukowe\\\/studenckie-kola-naukowe\\\/kolo-naukowe-temida\\\/\"},{\"@type\":\"ListItem\",\"position\":4,\"name\":\"Ko\u0142o Naukowe Temida &#8211; referaty\"}]},{\"@type\":\"WebSite\",\"@id\":\"https:\\\/\\\/pans.krosno.pl\\\/kola-naukowe\\\/#website\",\"url\":\"https:\\\/\\\/pans.krosno.pl\\\/kola-naukowe\\\/\",\"name\":\"Studenckie Ko\u0142a Naukowe PANS w Kro\u015bnie\",\"description\":\"Studenckie Ko\u0142a Naukowe - Pa\u0144stwowa Akademia Nauk Stosowanych\",\"publisher\":{\"@id\":\"https:\\\/\\\/pans.krosno.pl\\\/kola-naukowe\\\/#organization\"},\"potentialAction\":[{\"@type\":\"SearchAction\",\"target\":{\"@type\":\"EntryPoint\",\"urlTemplate\":\"https:\\\/\\\/pans.krosno.pl\\\/kola-naukowe\\\/?s={search_term_string}\"},\"query-input\":{\"@type\":\"PropertyValueSpecification\",\"valueRequired\":true,\"valueName\":\"search_term_string\"}}],\"inLanguage\":\"pl-PL\"},{\"@type\":\"Organization\",\"@id\":\"https:\\\/\\\/pans.krosno.pl\\\/kola-naukowe\\\/#organization\",\"name\":\"Studenckie Ko\u0142a Naukowe PANS w Kro\u015bnie\",\"url\":\"https:\\\/\\\/pans.krosno.pl\\\/kola-naukowe\\\/\",\"logo\":{\"@type\":\"ImageObject\",\"inLanguage\":\"pl-PL\",\"@id\":\"https:\\\/\\\/pans.krosno.pl\\\/kola-naukowe\\\/#\\\/schema\\\/logo\\\/image\\\/\",\"url\":\"https:\\\/\\\/pans.krosno.pl\\\/kola-naukowe\\\/wp-content\\\/uploads\\\/sites\\\/48\\\/2023\\\/01\\\/Logo-PANS-2022-pelne.png\",\"contentUrl\":\"https:\\\/\\\/pans.krosno.pl\\\/kola-naukowe\\\/wp-content\\\/uploads\\\/sites\\\/48\\\/2023\\\/01\\\/Logo-PANS-2022-pelne.png\",\"width\":3096,\"height\":696,\"caption\":\"Studenckie Ko\u0142a Naukowe PANS w Kro\u015bnie\"},\"image\":{\"@id\":\"https:\\\/\\\/pans.krosno.pl\\\/kola-naukowe\\\/#\\\/schema\\\/logo\\\/image\\\/\"}}]}<\/script>\n<!-- \/ Yoast SEO Premium plugin. -->","yoast_head_json":{"title":"Ko\u0142o Naukowe Temida - referaty - Studenckie Ko\u0142a Naukowe PANS w Kro\u015bnie","robots":{"index":"index","follow":"follow","max-snippet":"max-snippet:-1","max-image-preview":"max-image-preview:large","max-video-preview":"max-video-preview:-1"},"canonical":"https:\/\/pans.krosno.pl\/kola-naukowe\/studenckie-kola-naukowe\/kolo-naukowe-temida\/kolo-naukowe-temida-referaty\/","og_locale":"pl_PL","og_type":"article","og_title":"Ko\u0142o Naukowe Temida - referaty","og_description":"Wyg\u0142oszone referaty na konferencjach naukowych (prosz\u0119 o dodanie do ju\u017c istniej\u0105cego pliku jako kontynuacja) Uczelniana Konferencja Naukowa \u201eBezpiecze\u0144stwo XX i XXI wieku\u201d Rzesz\u00f3w, 8.06.2020r., wyst\u0105pienie pt. \u201eFunkcje s\u0142u\u017cb specjalnych w systemie bezpiecze\u0144stwa pa\u0144stwa.\u201d Og\u00f3lnopolska Konferencja Naukowa \u201eWybory w pa\u0144stwach europejskich a nacjonalizmy\u201d Katowice, 14.05.2020r. ,wyst\u0105pienie pt. \u201eNacjonalizm powraca na Rzeszowskie [\u2026] Read More","og_url":"https:\/\/pans.krosno.pl\/kola-naukowe\/studenckie-kola-naukowe\/kolo-naukowe-temida\/kolo-naukowe-temida-referaty\/","og_site_name":"Studenckie Ko\u0142a Naukowe PANS w Kro\u015bnie","article_modified_time":"2020-10-13T18:04:51+00:00","twitter_card":"summary_large_image","twitter_misc":{"Szacowany czas czytania":"2 minuty"},"schema":{"@context":"https:\/\/schema.org","@graph":[{"@type":"WebPage","@id":"https:\/\/pans.krosno.pl\/kola-naukowe\/studenckie-kola-naukowe\/kolo-naukowe-temida\/kolo-naukowe-temida-referaty\/","url":"https:\/\/pans.krosno.pl\/kola-naukowe\/studenckie-kola-naukowe\/kolo-naukowe-temida\/kolo-naukowe-temida-referaty\/","name":"Ko\u0142o Naukowe Temida - referaty - Studenckie Ko\u0142a Naukowe PANS w Kro\u015bnie","isPartOf":{"@id":"https:\/\/pans.krosno.pl\/kola-naukowe\/#website"},"datePublished":"2020-04-29T17:50:30+00:00","dateModified":"2020-10-13T18:04:51+00:00","breadcrumb":{"@id":"https:\/\/pans.krosno.pl\/kola-naukowe\/studenckie-kola-naukowe\/kolo-naukowe-temida\/kolo-naukowe-temida-referaty\/#breadcrumb"},"inLanguage":"pl-PL","potentialAction":[{"@type":"ReadAction","target":["https:\/\/pans.krosno.pl\/kola-naukowe\/studenckie-kola-naukowe\/kolo-naukowe-temida\/kolo-naukowe-temida-referaty\/"]}]},{"@type":"BreadcrumbList","@id":"https:\/\/pans.krosno.pl\/kola-naukowe\/studenckie-kola-naukowe\/kolo-naukowe-temida\/kolo-naukowe-temida-referaty\/#breadcrumb","itemListElement":[{"@type":"ListItem","position":1,"name":"Strona g\u0142\u00f3wna","item":"https:\/\/pans.krosno.pl\/kola-naukowe\/"},{"@type":"ListItem","position":2,"name":"Studenckie Ko\u0142a Naukowe","item":"https:\/\/pans.krosno.pl\/kola-naukowe\/studenckie-kola-naukowe\/"},{"@type":"ListItem","position":3,"name":"Ko\u0142o Naukowe Temida","item":"https:\/\/pans.krosno.pl\/kola-naukowe\/studenckie-kola-naukowe\/kolo-naukowe-temida\/"},{"@type":"ListItem","position":4,"name":"Ko\u0142o Naukowe Temida &#8211; referaty"}]},{"@type":"WebSite","@id":"https:\/\/pans.krosno.pl\/kola-naukowe\/#website","url":"https:\/\/pans.krosno.pl\/kola-naukowe\/","name":"Studenckie Ko\u0142a Naukowe PANS w Kro\u015bnie","description":"Studenckie Ko\u0142a Naukowe - Pa\u0144stwowa Akademia Nauk Stosowanych","publisher":{"@id":"https:\/\/pans.krosno.pl\/kola-naukowe\/#organization"},"potentialAction":[{"@type":"SearchAction","target":{"@type":"EntryPoint","urlTemplate":"https:\/\/pans.krosno.pl\/kola-naukowe\/?s={search_term_string}"},"query-input":{"@type":"PropertyValueSpecification","valueRequired":true,"valueName":"search_term_string"}}],"inLanguage":"pl-PL"},{"@type":"Organization","@id":"https:\/\/pans.krosno.pl\/kola-naukowe\/#organization","name":"Studenckie Ko\u0142a Naukowe PANS w Kro\u015bnie","url":"https:\/\/pans.krosno.pl\/kola-naukowe\/","logo":{"@type":"ImageObject","inLanguage":"pl-PL","@id":"https:\/\/pans.krosno.pl\/kola-naukowe\/#\/schema\/logo\/image\/","url":"https:\/\/pans.krosno.pl\/kola-naukowe\/wp-content\/uploads\/sites\/48\/2023\/01\/Logo-PANS-2022-pelne.png","contentUrl":"https:\/\/pans.krosno.pl\/kola-naukowe\/wp-content\/uploads\/sites\/48\/2023\/01\/Logo-PANS-2022-pelne.png","width":3096,"height":696,"caption":"Studenckie Ko\u0142a Naukowe PANS w Kro\u015bnie"},"image":{"@id":"https:\/\/pans.krosno.pl\/kola-naukowe\/#\/schema\/logo\/image\/"}}]}},"_links":{"self":[{"href":"https:\/\/pans.krosno.pl\/kola-naukowe\/wp-json\/wp\/v2\/pages\/270","targetHints":{"allow":["GET"]}}],"collection":[{"href":"https:\/\/pans.krosno.pl\/kola-naukowe\/wp-json\/wp\/v2\/pages"}],"about":[{"href":"https:\/\/pans.krosno.pl\/kola-naukowe\/wp-json\/wp\/v2\/types\/page"}],"author":[{"embeddable":true,"href":"https:\/\/pans.krosno.pl\/kola-naukowe\/wp-json\/wp\/v2\/users\/27"}],"replies":[{"embeddable":true,"href":"https:\/\/pans.krosno.pl\/kola-naukowe\/wp-json\/wp\/v2\/comments?post=270"}],"version-history":[{"count":4,"href":"https:\/\/pans.krosno.pl\/kola-naukowe\/wp-json\/wp\/v2\/pages\/270\/revisions"}],"predecessor-version":[{"id":3451,"href":"https:\/\/pans.krosno.pl\/kola-naukowe\/wp-json\/wp\/v2\/pages\/270\/revisions\/3451"}],"up":[{"embeddable":true,"href":"https:\/\/pans.krosno.pl\/kola-naukowe\/wp-json\/wp\/v2\/pages\/34"}],"wp:attachment":[{"href":"https:\/\/pans.krosno.pl\/kola-naukowe\/wp-json\/wp\/v2\/media?parent=270"}],"curies":[{"name":"wp","href":"https:\/\/api.w.org\/{rel}","templated":true}]}}