{"id":143,"date":"2020-04-20T17:18:07","date_gmt":"2020-04-20T15:18:07","guid":{"rendered":"https:\/\/pans.krosno.pl\/kola-naukowe\/?page_id=143"},"modified":"2024-11-26T10:56:39","modified_gmt":"2024-11-26T09:56:39","slug":"o-nas","status":"publish","type":"page","link":"https:\/\/pans.krosno.pl\/kola-naukowe\/rada-samorzadu-studenckiego\/o-nas\/","title":{"rendered":"O nas!"},"content":{"rendered":"\n<figure class=\"wp-block-image aligncenter size-full\"><img loading=\"lazy\" decoding=\"async\" width=\"2048\" height=\"723\" src=\"https:\/\/pans.krosno.pl\/kola-naukowe\/wp-content\/uploads\/sites\/48\/2023\/11\/rada-wp-1.jpg\" alt=\"\" class=\"wp-image-6296\" srcset=\"https:\/\/pans.krosno.pl\/kola-naukowe\/wp-content\/uploads\/sites\/48\/2023\/11\/rada-wp-1.jpg 2048w, https:\/\/pans.krosno.pl\/kola-naukowe\/wp-content\/uploads\/sites\/48\/2023\/11\/rada-wp-1-300x106.jpg 300w, https:\/\/pans.krosno.pl\/kola-naukowe\/wp-content\/uploads\/sites\/48\/2023\/11\/rada-wp-1-1024x362.jpg 1024w, https:\/\/pans.krosno.pl\/kola-naukowe\/wp-content\/uploads\/sites\/48\/2023\/11\/rada-wp-1-768x271.jpg 768w, https:\/\/pans.krosno.pl\/kola-naukowe\/wp-content\/uploads\/sites\/48\/2023\/11\/rada-wp-1-1536x542.jpg 1536w, https:\/\/pans.krosno.pl\/kola-naukowe\/wp-content\/uploads\/sites\/48\/2023\/11\/rada-wp-1-2000x706.jpg 2000w, https:\/\/pans.krosno.pl\/kola-naukowe\/wp-content\/uploads\/sites\/48\/2023\/11\/rada-wp-1-800x282.jpg 800w, https:\/\/pans.krosno.pl\/kola-naukowe\/wp-content\/uploads\/sites\/48\/2023\/11\/rada-wp-1-580x205.jpg 580w\" sizes=\"auto, (max-width: 2048px) 100vw, 2048px\" \/><\/figure>\n\n\n\n<p><strong>Czym si\u0119 zajmujemy:<\/strong><\/p>\n\n\n\n<ul class=\"wp-block-list\">\n<li>reprezentacj\u0105 og\u00f3\u0142u student\u00f3w,<\/li>\n\n\n\n<li>pomoc\u0105 kole\u017ce\u0144sk\u0105 dla wszystkich student\u00f3w w wszelkich sprawach studenckich,<\/li>\n\n\n\n<li>dzia\u0142alno\u015bci\u0105 w zakresie spraw socjalno-bytowych student\u00f3w,<\/li>\n\n\n\n<li>uzgadnianiem tre\u015bci regulaminu studi\u00f3w,<\/li>\n\n\n\n<li>opiniowaniem plan\u00f3w i program\u00f3w studi\u00f3w,<\/li>\n\n\n\n<li>animowaniem \u017cycia kulturalnego student\u00f3w.<\/li>\n<\/ul>\n\n\n\n<figure class=\"wp-block-image size-full\"><img loading=\"lazy\" decoding=\"async\" width=\"2048\" height=\"1365\" src=\"https:\/\/pans.krosno.pl\/kola-naukowe\/wp-content\/uploads\/sites\/48\/2023\/11\/IMG_0412.jpg\" alt=\"\" class=\"wp-image-6300\" srcset=\"https:\/\/pans.krosno.pl\/kola-naukowe\/wp-content\/uploads\/sites\/48\/2023\/11\/IMG_0412.jpg 2048w, https:\/\/pans.krosno.pl\/kola-naukowe\/wp-content\/uploads\/sites\/48\/2023\/11\/IMG_0412-300x200.jpg 300w, https:\/\/pans.krosno.pl\/kola-naukowe\/wp-content\/uploads\/sites\/48\/2023\/11\/IMG_0412-1024x683.jpg 1024w, https:\/\/pans.krosno.pl\/kola-naukowe\/wp-content\/uploads\/sites\/48\/2023\/11\/IMG_0412-768x512.jpg 768w, https:\/\/pans.krosno.pl\/kola-naukowe\/wp-content\/uploads\/sites\/48\/2023\/11\/IMG_0412-1536x1024.jpg 1536w, https:\/\/pans.krosno.pl\/kola-naukowe\/wp-content\/uploads\/sites\/48\/2023\/11\/IMG_0412-2000x1333.jpg 2000w, https:\/\/pans.krosno.pl\/kola-naukowe\/wp-content\/uploads\/sites\/48\/2023\/11\/IMG_0412-800x533.jpg 800w, https:\/\/pans.krosno.pl\/kola-naukowe\/wp-content\/uploads\/sites\/48\/2023\/11\/IMG_0412-580x387.jpg 580w\" sizes=\"auto, (max-width: 2048px) 100vw, 2048px\" \/><\/figure>\n\n\n\n<p>Ka\u017cdy student PANS w Kro\u015bnie wed\u0142ug Statutu Uczelni nale\u017cy do Samorz\u0105du, ale tylko niekt\u00f3rzy z grona student\u00f3w chc\u0105 dzia\u0142a\u0107 na rzecz ca\u0142ej spo\u0142eczno\u015bci. Je\u015bli chcesz si\u0119 rozwija\u0107, pracowa\u0107 w grupie, realizowa\u0107 cele, organizowa\u0107 wydarzenia i imprezy studenckie, by\u0107 cz\u0119\u015bci\u0105 Komisji, w kt\u00f3rych s\u0105 studenci &#8211; <strong>Do\u0142\u0105cz do nas!<\/strong><\/p>\n\n\n\n<p>Zapraszamy na spotkania ka\u017cdego kto chcia\u0142by zobaczy\u0107 &#8222;jak to tam w RSS wygl\u0105da&#8221; oraz do\u0142\u0105czy\u0107 do wsp\u00f3\u0142pracy z nami!<\/p>\n\n\n\n<figure class=\"wp-block-image size-large\"><img loading=\"lazy\" decoding=\"async\" width=\"720\" height=\"279\" src=\"https:\/\/pans.krosno.pl\/kola-naukowe\/wp-content\/uploads\/sites\/48\/2020\/05\/kazimierza1.jpg\" alt=\"\" class=\"wp-image-673\" srcset=\"https:\/\/pans.krosno.pl\/kola-naukowe\/wp-content\/uploads\/sites\/48\/2020\/05\/kazimierza1.jpg 720w, https:\/\/pans.krosno.pl\/kola-naukowe\/wp-content\/uploads\/sites\/48\/2020\/05\/kazimierza1-300x116.jpg 300w, https:\/\/pans.krosno.pl\/kola-naukowe\/wp-content\/uploads\/sites\/48\/2020\/05\/kazimierza1-580x225.jpg 580w\" sizes=\"auto, (max-width: 720px) 100vw, 720px\" \/><\/figure>\n\n\n\n<p>Spotkania Samorz\u0105du najcz\u0119\u015bciej odbywaj\u0105 si\u0119 w Biurze RSS &#8211; II pi\u0119tro budynek auli Kazimierza Wielkiego (daty i godziny podajemy na grupie facebookowej: Studenci PANS w Kro\u015bnie).<\/p>\n\n\n\n<p>Zach\u0119camy do kontaktu z nami w wszelkich sprawach studenckich, zawsze jeste\u015bmy dla Was otwarci! <a href=\"https:\/\/pans.krosno.pl\/kola-naukowe\/rada-samorzadu-studenckiego\/rady-samorzadu-studenckiego\/\">KONTAKT<\/a><\/p>\n","protected":false},"excerpt":{"rendered":"<p>Czym si\u0119 zajmujemy: Ka\u017cdy student PANS w Kro\u015bnie wed\u0142ug Statutu Uczelni nale\u017cy do Samorz\u0105du, ale tylko niekt\u00f3rzy z grona student\u00f3w chc\u0105 dzia\u0142a\u0107 na rzecz ca\u0142ej spo\u0142eczno\u015bci. Je\u015bli chcesz si\u0119 rozwija\u0107, pracowa\u0107 w grupie, realizowa\u0107 cele, organizowa\u0107 wydarzenia i imprezy studenckie, by\u0107 cz\u0119\u015bci\u0105 Komisji, w kt\u00f3rych s\u0105 studenci &#8211; Do\u0142\u0105cz do [\u2026] <\/p>\n<div class=\"clear\"><\/div>\n<p><a class=\"more_link clearfix\" href=\"https:\/\/pans.krosno.pl\/kola-naukowe\/rada-samorzadu-studenckiego\/o-nas\/\" rel=\"nofollow\">Read More<\/a><\/p>\n","protected":false},"author":27,"featured_media":0,"parent":414,"menu_order":0,"comment_status":"closed","ping_status":"closed","template":"page-templates\/template-full-width.php","meta":{"ngg_post_thumbnail":0,"footnotes":""},"class_list":["post-143","page","type-page","status-publish","hentry"],"yoast_head":"<!-- This site is optimized with the Yoast SEO Premium plugin v27.4 (Yoast SEO v27.4) - https:\/\/yoast.com\/product\/yoast-seo-premium-wordpress\/ -->\n<title>O nas! - Studenckie Ko\u0142a Naukowe PANS w Kro\u015bnie<\/title>\n<meta name=\"robots\" content=\"index, follow, max-snippet:-1, max-image-preview:large, max-video-preview:-1\" \/>\n<link rel=\"canonical\" href=\"https:\/\/pans.krosno.pl\/kola-naukowe\/rada-samorzadu-studenckiego\/o-nas\/\" \/>\n<meta property=\"og:locale\" content=\"pl_PL\" \/>\n<meta property=\"og:type\" content=\"article\" \/>\n<meta property=\"og:title\" content=\"O nas!\" \/>\n<meta property=\"og:description\" content=\"Czym si\u0119 zajmujemy: Ka\u017cdy student PANS w Kro\u015bnie wed\u0142ug Statutu Uczelni nale\u017cy do Samorz\u0105du, ale tylko niekt\u00f3rzy z grona student\u00f3w chc\u0105 dzia\u0142a\u0107 na rzecz ca\u0142ej spo\u0142eczno\u015bci. Je\u015bli chcesz si\u0119 rozwija\u0107, pracowa\u0107 w grupie, realizowa\u0107 cele, organizowa\u0107 wydarzenia i imprezy studenckie, by\u0107 cz\u0119\u015bci\u0105 Komisji, w kt\u00f3rych s\u0105 studenci &#8211; Do\u0142\u0105cz do [\u2026] Read More\" \/>\n<meta property=\"og:url\" content=\"https:\/\/pans.krosno.pl\/kola-naukowe\/rada-samorzadu-studenckiego\/o-nas\/\" \/>\n<meta property=\"og:site_name\" content=\"Studenckie Ko\u0142a Naukowe PANS w Kro\u015bnie\" \/>\n<meta property=\"article:modified_time\" content=\"2024-11-26T09:56:39+00:00\" \/>\n<meta property=\"og:image\" content=\"https:\/\/pans.krosno.pl\/kola-naukowe\/wp-content\/uploads\/sites\/48\/2023\/11\/rada-wp-1.jpg\" \/>\n\t<meta property=\"og:image:width\" content=\"2048\" \/>\n\t<meta property=\"og:image:height\" content=\"723\" \/>\n\t<meta property=\"og:image:type\" content=\"image\/jpeg\" \/>\n<meta name=\"twitter:card\" content=\"summary_large_image\" \/>\n<meta name=\"twitter:label1\" content=\"Szacowany czas czytania\" \/>\n\t<meta name=\"twitter:data1\" content=\"2 minuty\" \/>\n<script type=\"application\/ld+json\" class=\"yoast-schema-graph\">{\"@context\":\"https:\\\/\\\/schema.org\",\"@graph\":[{\"@type\":\"WebPage\",\"@id\":\"https:\\\/\\\/pans.krosno.pl\\\/kola-naukowe\\\/rada-samorzadu-studenckiego\\\/o-nas\\\/\",\"url\":\"https:\\\/\\\/pans.krosno.pl\\\/kola-naukowe\\\/rada-samorzadu-studenckiego\\\/o-nas\\\/\",\"name\":\"O nas! - Studenckie Ko\u0142a Naukowe PANS w Kro\u015bnie\",\"isPartOf\":{\"@id\":\"https:\\\/\\\/pans.krosno.pl\\\/kola-naukowe\\\/#website\"},\"primaryImageOfPage\":{\"@id\":\"https:\\\/\\\/pans.krosno.pl\\\/kola-naukowe\\\/rada-samorzadu-studenckiego\\\/o-nas\\\/#primaryimage\"},\"image\":{\"@id\":\"https:\\\/\\\/pans.krosno.pl\\\/kola-naukowe\\\/rada-samorzadu-studenckiego\\\/o-nas\\\/#primaryimage\"},\"thumbnailUrl\":\"https:\\\/\\\/pans.krosno.pl\\\/kola-naukowe\\\/wp-content\\\/uploads\\\/sites\\\/48\\\/2023\\\/11\\\/rada-wp-1.jpg\",\"datePublished\":\"2020-04-20T15:18:07+00:00\",\"dateModified\":\"2024-11-26T09:56:39+00:00\",\"breadcrumb\":{\"@id\":\"https:\\\/\\\/pans.krosno.pl\\\/kola-naukowe\\\/rada-samorzadu-studenckiego\\\/o-nas\\\/#breadcrumb\"},\"inLanguage\":\"pl-PL\",\"potentialAction\":[{\"@type\":\"ReadAction\",\"target\":[\"https:\\\/\\\/pans.krosno.pl\\\/kola-naukowe\\\/rada-samorzadu-studenckiego\\\/o-nas\\\/\"]}]},{\"@type\":\"ImageObject\",\"inLanguage\":\"pl-PL\",\"@id\":\"https:\\\/\\\/pans.krosno.pl\\\/kola-naukowe\\\/rada-samorzadu-studenckiego\\\/o-nas\\\/#primaryimage\",\"url\":\"https:\\\/\\\/pans.krosno.pl\\\/kola-naukowe\\\/wp-content\\\/uploads\\\/sites\\\/48\\\/2023\\\/11\\\/rada-wp-1.jpg\",\"contentUrl\":\"https:\\\/\\\/pans.krosno.pl\\\/kola-naukowe\\\/wp-content\\\/uploads\\\/sites\\\/48\\\/2023\\\/11\\\/rada-wp-1.jpg\",\"width\":2048,\"height\":723},{\"@type\":\"BreadcrumbList\",\"@id\":\"https:\\\/\\\/pans.krosno.pl\\\/kola-naukowe\\\/rada-samorzadu-studenckiego\\\/o-nas\\\/#breadcrumb\",\"itemListElement\":[{\"@type\":\"ListItem\",\"position\":1,\"name\":\"Strona g\u0142\u00f3wna\",\"item\":\"https:\\\/\\\/pans.krosno.pl\\\/kola-naukowe\\\/\"},{\"@type\":\"ListItem\",\"position\":2,\"name\":\"Rada Samorz\u0105du Studenckiego PANS w Kro\u015bnie\",\"item\":\"https:\\\/\\\/pans.krosno.pl\\\/kola-naukowe\\\/rada-samorzadu-studenckiego\\\/\"},{\"@type\":\"ListItem\",\"position\":3,\"name\":\"O nas!\"}]},{\"@type\":\"WebSite\",\"@id\":\"https:\\\/\\\/pans.krosno.pl\\\/kola-naukowe\\\/#website\",\"url\":\"https:\\\/\\\/pans.krosno.pl\\\/kola-naukowe\\\/\",\"name\":\"Studenckie Ko\u0142a Naukowe PANS w Kro\u015bnie\",\"description\":\"Studenckie Ko\u0142a Naukowe - Pa\u0144stwowa Akademia Nauk Stosowanych\",\"publisher\":{\"@id\":\"https:\\\/\\\/pans.krosno.pl\\\/kola-naukowe\\\/#organization\"},\"potentialAction\":[{\"@type\":\"SearchAction\",\"target\":{\"@type\":\"EntryPoint\",\"urlTemplate\":\"https:\\\/\\\/pans.krosno.pl\\\/kola-naukowe\\\/?s={search_term_string}\"},\"query-input\":{\"@type\":\"PropertyValueSpecification\",\"valueRequired\":true,\"valueName\":\"search_term_string\"}}],\"inLanguage\":\"pl-PL\"},{\"@type\":\"Organization\",\"@id\":\"https:\\\/\\\/pans.krosno.pl\\\/kola-naukowe\\\/#organization\",\"name\":\"Studenckie Ko\u0142a Naukowe PANS w Kro\u015bnie\",\"url\":\"https:\\\/\\\/pans.krosno.pl\\\/kola-naukowe\\\/\",\"logo\":{\"@type\":\"ImageObject\",\"inLanguage\":\"pl-PL\",\"@id\":\"https:\\\/\\\/pans.krosno.pl\\\/kola-naukowe\\\/#\\\/schema\\\/logo\\\/image\\\/\",\"url\":\"https:\\\/\\\/pans.krosno.pl\\\/kola-naukowe\\\/wp-content\\\/uploads\\\/sites\\\/48\\\/2023\\\/01\\\/Logo-PANS-2022-pelne.png\",\"contentUrl\":\"https:\\\/\\\/pans.krosno.pl\\\/kola-naukowe\\\/wp-content\\\/uploads\\\/sites\\\/48\\\/2023\\\/01\\\/Logo-PANS-2022-pelne.png\",\"width\":3096,\"height\":696,\"caption\":\"Studenckie Ko\u0142a Naukowe PANS w Kro\u015bnie\"},\"image\":{\"@id\":\"https:\\\/\\\/pans.krosno.pl\\\/kola-naukowe\\\/#\\\/schema\\\/logo\\\/image\\\/\"}}]}<\/script>\n<!-- \/ Yoast SEO Premium plugin. -->","yoast_head_json":{"title":"O nas! - Studenckie Ko\u0142a Naukowe PANS w Kro\u015bnie","robots":{"index":"index","follow":"follow","max-snippet":"max-snippet:-1","max-image-preview":"max-image-preview:large","max-video-preview":"max-video-preview:-1"},"canonical":"https:\/\/pans.krosno.pl\/kola-naukowe\/rada-samorzadu-studenckiego\/o-nas\/","og_locale":"pl_PL","og_type":"article","og_title":"O nas!","og_description":"Czym si\u0119 zajmujemy: Ka\u017cdy student PANS w Kro\u015bnie wed\u0142ug Statutu Uczelni nale\u017cy do Samorz\u0105du, ale tylko niekt\u00f3rzy z grona student\u00f3w chc\u0105 dzia\u0142a\u0107 na rzecz ca\u0142ej spo\u0142eczno\u015bci. Je\u015bli chcesz si\u0119 rozwija\u0107, pracowa\u0107 w grupie, realizowa\u0107 cele, organizowa\u0107 wydarzenia i imprezy studenckie, by\u0107 cz\u0119\u015bci\u0105 Komisji, w kt\u00f3rych s\u0105 studenci &#8211; Do\u0142\u0105cz do [\u2026] Read More","og_url":"https:\/\/pans.krosno.pl\/kola-naukowe\/rada-samorzadu-studenckiego\/o-nas\/","og_site_name":"Studenckie Ko\u0142a Naukowe PANS w Kro\u015bnie","article_modified_time":"2024-11-26T09:56:39+00:00","og_image":[{"width":2048,"height":723,"url":"https:\/\/pans.krosno.pl\/kola-naukowe\/wp-content\/uploads\/sites\/48\/2023\/11\/rada-wp-1.jpg","type":"image\/jpeg"}],"twitter_card":"summary_large_image","twitter_misc":{"Szacowany czas czytania":"2 minuty"},"schema":{"@context":"https:\/\/schema.org","@graph":[{"@type":"WebPage","@id":"https:\/\/pans.krosno.pl\/kola-naukowe\/rada-samorzadu-studenckiego\/o-nas\/","url":"https:\/\/pans.krosno.pl\/kola-naukowe\/rada-samorzadu-studenckiego\/o-nas\/","name":"O nas! - Studenckie Ko\u0142a Naukowe PANS w Kro\u015bnie","isPartOf":{"@id":"https:\/\/pans.krosno.pl\/kola-naukowe\/#website"},"primaryImageOfPage":{"@id":"https:\/\/pans.krosno.pl\/kola-naukowe\/rada-samorzadu-studenckiego\/o-nas\/#primaryimage"},"image":{"@id":"https:\/\/pans.krosno.pl\/kola-naukowe\/rada-samorzadu-studenckiego\/o-nas\/#primaryimage"},"thumbnailUrl":"https:\/\/pans.krosno.pl\/kola-naukowe\/wp-content\/uploads\/sites\/48\/2023\/11\/rada-wp-1.jpg","datePublished":"2020-04-20T15:18:07+00:00","dateModified":"2024-11-26T09:56:39+00:00","breadcrumb":{"@id":"https:\/\/pans.krosno.pl\/kola-naukowe\/rada-samorzadu-studenckiego\/o-nas\/#breadcrumb"},"inLanguage":"pl-PL","potentialAction":[{"@type":"ReadAction","target":["https:\/\/pans.krosno.pl\/kola-naukowe\/rada-samorzadu-studenckiego\/o-nas\/"]}]},{"@type":"ImageObject","inLanguage":"pl-PL","@id":"https:\/\/pans.krosno.pl\/kola-naukowe\/rada-samorzadu-studenckiego\/o-nas\/#primaryimage","url":"https:\/\/pans.krosno.pl\/kola-naukowe\/wp-content\/uploads\/sites\/48\/2023\/11\/rada-wp-1.jpg","contentUrl":"https:\/\/pans.krosno.pl\/kola-naukowe\/wp-content\/uploads\/sites\/48\/2023\/11\/rada-wp-1.jpg","width":2048,"height":723},{"@type":"BreadcrumbList","@id":"https:\/\/pans.krosno.pl\/kola-naukowe\/rada-samorzadu-studenckiego\/o-nas\/#breadcrumb","itemListElement":[{"@type":"ListItem","position":1,"name":"Strona g\u0142\u00f3wna","item":"https:\/\/pans.krosno.pl\/kola-naukowe\/"},{"@type":"ListItem","position":2,"name":"Rada Samorz\u0105du Studenckiego PANS w Kro\u015bnie","item":"https:\/\/pans.krosno.pl\/kola-naukowe\/rada-samorzadu-studenckiego\/"},{"@type":"ListItem","position":3,"name":"O nas!"}]},{"@type":"WebSite","@id":"https:\/\/pans.krosno.pl\/kola-naukowe\/#website","url":"https:\/\/pans.krosno.pl\/kola-naukowe\/","name":"Studenckie Ko\u0142a Naukowe PANS w Kro\u015bnie","description":"Studenckie Ko\u0142a Naukowe - Pa\u0144stwowa Akademia Nauk Stosowanych","publisher":{"@id":"https:\/\/pans.krosno.pl\/kola-naukowe\/#organization"},"potentialAction":[{"@type":"SearchAction","target":{"@type":"EntryPoint","urlTemplate":"https:\/\/pans.krosno.pl\/kola-naukowe\/?s={search_term_string}"},"query-input":{"@type":"PropertyValueSpecification","valueRequired":true,"valueName":"search_term_string"}}],"inLanguage":"pl-PL"},{"@type":"Organization","@id":"https:\/\/pans.krosno.pl\/kola-naukowe\/#organization","name":"Studenckie Ko\u0142a Naukowe PANS w Kro\u015bnie","url":"https:\/\/pans.krosno.pl\/kola-naukowe\/","logo":{"@type":"ImageObject","inLanguage":"pl-PL","@id":"https:\/\/pans.krosno.pl\/kola-naukowe\/#\/schema\/logo\/image\/","url":"https:\/\/pans.krosno.pl\/kola-naukowe\/wp-content\/uploads\/sites\/48\/2023\/01\/Logo-PANS-2022-pelne.png","contentUrl":"https:\/\/pans.krosno.pl\/kola-naukowe\/wp-content\/uploads\/sites\/48\/2023\/01\/Logo-PANS-2022-pelne.png","width":3096,"height":696,"caption":"Studenckie Ko\u0142a Naukowe PANS w Kro\u015bnie"},"image":{"@id":"https:\/\/pans.krosno.pl\/kola-naukowe\/#\/schema\/logo\/image\/"}}]}},"_links":{"self":[{"href":"https:\/\/pans.krosno.pl\/kola-naukowe\/wp-json\/wp\/v2\/pages\/143","targetHints":{"allow":["GET"]}}],"collection":[{"href":"https:\/\/pans.krosno.pl\/kola-naukowe\/wp-json\/wp\/v2\/pages"}],"about":[{"href":"https:\/\/pans.krosno.pl\/kola-naukowe\/wp-json\/wp\/v2\/types\/page"}],"author":[{"embeddable":true,"href":"https:\/\/pans.krosno.pl\/kola-naukowe\/wp-json\/wp\/v2\/users\/27"}],"replies":[{"embeddable":true,"href":"https:\/\/pans.krosno.pl\/kola-naukowe\/wp-json\/wp\/v2\/comments?post=143"}],"version-history":[{"count":24,"href":"https:\/\/pans.krosno.pl\/kola-naukowe\/wp-json\/wp\/v2\/pages\/143\/revisions"}],"predecessor-version":[{"id":6981,"href":"https:\/\/pans.krosno.pl\/kola-naukowe\/wp-json\/wp\/v2\/pages\/143\/revisions\/6981"}],"up":[{"embeddable":true,"href":"https:\/\/pans.krosno.pl\/kola-naukowe\/wp-json\/wp\/v2\/pages\/414"}],"wp:attachment":[{"href":"https:\/\/pans.krosno.pl\/kola-naukowe\/wp-json\/wp\/v2\/media?parent=143"}],"curies":[{"name":"wp","href":"https:\/\/api.w.org\/{rel}","templated":true}]}}