{"id":141,"date":"2020-04-20T17:17:19","date_gmt":"2020-04-20T15:17:19","guid":{"rendered":"https:\/\/pans.krosno.pl\/kola-naukowe\/?page_id=141"},"modified":"2024-11-28T13:38:25","modified_gmt":"2024-11-28T12:38:25","slug":"rady-samorzadu-studenckiego","status":"publish","type":"page","link":"https:\/\/pans.krosno.pl\/kola-naukowe\/rada-samorzadu-studenckiego\/rady-samorzadu-studenckiego\/","title":{"rendered":"Rada Samorz\u0105du Studenckiego &#8211; Kontakt"},"content":{"rendered":"\n<hr class=\"wp-block-separator has-text-color has-very-dark-gray-color has-css-opacity has-very-dark-gray-background-color has-background\" \/>\n\n\n\n<pre class=\"wp-block-verse\"><strong>Przewodnicz\u0105cy Rady Samorz\u0105du Studenckiego PANS w Kro\u015bnie<\/strong><br><font face=\"'Times New Roman', serif\"><br><\/font>Micha\u0142 Bober<br>tel.731 115 921<br>michal.bober205@gmail.com<\/pre>\n\n\n\n<pre class=\"wp-block-verse\"><strong>Rada Samorz\u0105du Studenckiego<\/strong>\n<em>Adres e-mail:<\/em> samorzad@pans.krosno.pl\n<em>Strona na facebook'u: <\/em><a href=\"https:\/\/www.facebook.com\/SamorzadKPUKrosno\">https:\/\/www.facebook.com\/SamorzadKPUKrosno<\/a><\/pre>\n\n\n\n<pre class=\"wp-block-preformatted\"><strong>Grupa facebookowa dla student\u00f3w PANS w Kro\u015bnie:<\/strong>\n<a href=\"https:\/\/www.facebook.com\/groups\/StudenciKrosno\/\"><\/a><a href=\"https:\/\/www.facebook.com\/groups\/StudenciKrosno\/\">https:\/\/www.facebook.com\/groups\/StudenciKrosno\/<\/a><\/pre>\n\n\n\n<pre class=\"wp-block-verse\"><strong>Grupa facebookowa dla Starost\u00f3w i Przewodnicz\u0105cych Studenckich K\u00f3\u0142 Naukowych PANS w Kro\u015bnie:<\/strong>\n<a href=\"https:\/\/www.facebook.com\/groups\/288405365200559\/\"><\/a><a href=\"https:\/\/www.facebook.com\/groups\/288405365200559\/\">https:\/\/www.facebook.com\/groups\/288405365200559\/<\/a><\/pre>\n\n\n\n<hr class=\"wp-block-separator has-text-color has-cyan-bluish-gray-color has-css-opacity has-cyan-bluish-gray-background-color has-background\" \/>\n\n\n\n<p>Zach\u0119camy r\u00f3wnie\u017c do kontaktu bezpo\u015bredniego na spotkaniach samorz\u0105du lub po wcze\u015bniejszym um\u00f3wieniu si\u0119 telefonicznie. Informacje o terminach spotka\u0144 znajdziecie na grupie facebookowej dla student\u00f3w PANS w Kro\u015bnie lub po odezwaniu si\u0119 do nas na naszym fanpage&#8217;u. <strong>Do zobaczenia!<\/strong><\/p>\n\n\n\n<p><\/p>\n","protected":false},"excerpt":{"rendered":"<p>Przewodnicz\u0105cy Rady Samorz\u0105du Studenckiego PANS w Kro\u015bnieMicha\u0142 Bobertel.731 115 921michal.bober205@gmail.com Rada Samorz\u0105du Studenckiego Adres e-mail: samorzad@pans.krosno.pl Strona na facebook&#8217;u: https:\/\/www.facebook.com\/SamorzadKPUKrosno Grupa facebookowa dla student\u00f3w PANS w Kro\u015bnie: https:\/\/www.facebook.com\/groups\/StudenciKrosno\/ Grupa facebookowa dla Starost\u00f3w i Przewodnicz\u0105cych Studenckich K\u00f3\u0142 Naukowych PANS w Kro\u015bnie: https:\/\/www.facebook.com\/groups\/288405365200559\/ Zach\u0119camy r\u00f3wnie\u017c do kontaktu bezpo\u015bredniego na spotkaniach samorz\u0105du lub [\u2026] <\/p>\n<div class=\"clear\"><\/div>\n<p><a class=\"more_link clearfix\" href=\"https:\/\/pans.krosno.pl\/kola-naukowe\/rada-samorzadu-studenckiego\/rady-samorzadu-studenckiego\/\" rel=\"nofollow\">Read More<\/a><\/p>\n","protected":false},"author":27,"featured_media":0,"parent":414,"menu_order":0,"comment_status":"closed","ping_status":"closed","template":"page-templates\/template-full-width.php","meta":{"ngg_post_thumbnail":0,"footnotes":""},"class_list":["post-141","page","type-page","status-publish","hentry"],"yoast_head":"<!-- This site is optimized with the Yoast SEO Premium plugin v27.4 (Yoast SEO v27.4) - https:\/\/yoast.com\/product\/yoast-seo-premium-wordpress\/ -->\n<title>Rada Samorz\u0105du Studenckiego - Kontakt - Studenckie Ko\u0142a Naukowe PANS w Kro\u015bnie<\/title>\n<meta name=\"robots\" content=\"index, follow, max-snippet:-1, max-image-preview:large, max-video-preview:-1\" \/>\n<link rel=\"canonical\" href=\"https:\/\/pans.krosno.pl\/kola-naukowe\/rada-samorzadu-studenckiego\/rady-samorzadu-studenckiego\/\" \/>\n<meta property=\"og:locale\" content=\"pl_PL\" \/>\n<meta property=\"og:type\" content=\"article\" \/>\n<meta property=\"og:title\" content=\"Rada Samorz\u0105du Studenckiego - Kontakt\" \/>\n<meta property=\"og:description\" content=\"Przewodnicz\u0105cy Rady Samorz\u0105du Studenckiego PANS w Kro\u015bnieMicha\u0142 Bobertel.731 115 921michal.bober205@gmail.com Rada Samorz\u0105du Studenckiego Adres e-mail: samorzad@pans.krosno.pl Strona na facebook&#039;u: https:\/\/www.facebook.com\/SamorzadKPUKrosno Grupa facebookowa dla student\u00f3w PANS w Kro\u015bnie: https:\/\/www.facebook.com\/groups\/StudenciKrosno\/ Grupa facebookowa dla Starost\u00f3w i Przewodnicz\u0105cych Studenckich K\u00f3\u0142 Naukowych PANS w Kro\u015bnie: https:\/\/www.facebook.com\/groups\/288405365200559\/ Zach\u0119camy r\u00f3wnie\u017c do kontaktu bezpo\u015bredniego na spotkaniach samorz\u0105du lub [\u2026] Read More\" \/>\n<meta property=\"og:url\" content=\"https:\/\/pans.krosno.pl\/kola-naukowe\/rada-samorzadu-studenckiego\/rady-samorzadu-studenckiego\/\" \/>\n<meta property=\"og:site_name\" content=\"Studenckie Ko\u0142a Naukowe PANS w Kro\u015bnie\" \/>\n<meta property=\"article:modified_time\" content=\"2024-11-28T12:38:25+00:00\" \/>\n<meta name=\"twitter:card\" content=\"summary_large_image\" \/>\n<meta name=\"twitter:label1\" content=\"Szacowany czas czytania\" \/>\n\t<meta name=\"twitter:data1\" content=\"1 minuta\" \/>\n<script type=\"application\/ld+json\" class=\"yoast-schema-graph\">{\"@context\":\"https:\\\/\\\/schema.org\",\"@graph\":[{\"@type\":\"WebPage\",\"@id\":\"https:\\\/\\\/pans.krosno.pl\\\/kola-naukowe\\\/rada-samorzadu-studenckiego\\\/rady-samorzadu-studenckiego\\\/\",\"url\":\"https:\\\/\\\/pans.krosno.pl\\\/kola-naukowe\\\/rada-samorzadu-studenckiego\\\/rady-samorzadu-studenckiego\\\/\",\"name\":\"Rada Samorz\u0105du Studenckiego - Kontakt - Studenckie Ko\u0142a Naukowe PANS w Kro\u015bnie\",\"isPartOf\":{\"@id\":\"https:\\\/\\\/pans.krosno.pl\\\/kola-naukowe\\\/#website\"},\"datePublished\":\"2020-04-20T15:17:19+00:00\",\"dateModified\":\"2024-11-28T12:38:25+00:00\",\"breadcrumb\":{\"@id\":\"https:\\\/\\\/pans.krosno.pl\\\/kola-naukowe\\\/rada-samorzadu-studenckiego\\\/rady-samorzadu-studenckiego\\\/#breadcrumb\"},\"inLanguage\":\"pl-PL\",\"potentialAction\":[{\"@type\":\"ReadAction\",\"target\":[\"https:\\\/\\\/pans.krosno.pl\\\/kola-naukowe\\\/rada-samorzadu-studenckiego\\\/rady-samorzadu-studenckiego\\\/\"]}]},{\"@type\":\"BreadcrumbList\",\"@id\":\"https:\\\/\\\/pans.krosno.pl\\\/kola-naukowe\\\/rada-samorzadu-studenckiego\\\/rady-samorzadu-studenckiego\\\/#breadcrumb\",\"itemListElement\":[{\"@type\":\"ListItem\",\"position\":1,\"name\":\"Strona g\u0142\u00f3wna\",\"item\":\"https:\\\/\\\/pans.krosno.pl\\\/kola-naukowe\\\/\"},{\"@type\":\"ListItem\",\"position\":2,\"name\":\"Rada Samorz\u0105du Studenckiego PANS w Kro\u015bnie\",\"item\":\"https:\\\/\\\/pans.krosno.pl\\\/kola-naukowe\\\/rada-samorzadu-studenckiego\\\/\"},{\"@type\":\"ListItem\",\"position\":3,\"name\":\"Rada Samorz\u0105du Studenckiego &#8211; Kontakt\"}]},{\"@type\":\"WebSite\",\"@id\":\"https:\\\/\\\/pans.krosno.pl\\\/kola-naukowe\\\/#website\",\"url\":\"https:\\\/\\\/pans.krosno.pl\\\/kola-naukowe\\\/\",\"name\":\"Studenckie Ko\u0142a Naukowe PANS w Kro\u015bnie\",\"description\":\"Studenckie Ko\u0142a Naukowe - Pa\u0144stwowa Akademia Nauk Stosowanych\",\"publisher\":{\"@id\":\"https:\\\/\\\/pans.krosno.pl\\\/kola-naukowe\\\/#organization\"},\"potentialAction\":[{\"@type\":\"SearchAction\",\"target\":{\"@type\":\"EntryPoint\",\"urlTemplate\":\"https:\\\/\\\/pans.krosno.pl\\\/kola-naukowe\\\/?s={search_term_string}\"},\"query-input\":{\"@type\":\"PropertyValueSpecification\",\"valueRequired\":true,\"valueName\":\"search_term_string\"}}],\"inLanguage\":\"pl-PL\"},{\"@type\":\"Organization\",\"@id\":\"https:\\\/\\\/pans.krosno.pl\\\/kola-naukowe\\\/#organization\",\"name\":\"Studenckie Ko\u0142a Naukowe PANS w Kro\u015bnie\",\"url\":\"https:\\\/\\\/pans.krosno.pl\\\/kola-naukowe\\\/\",\"logo\":{\"@type\":\"ImageObject\",\"inLanguage\":\"pl-PL\",\"@id\":\"https:\\\/\\\/pans.krosno.pl\\\/kola-naukowe\\\/#\\\/schema\\\/logo\\\/image\\\/\",\"url\":\"https:\\\/\\\/pans.krosno.pl\\\/kola-naukowe\\\/wp-content\\\/uploads\\\/sites\\\/48\\\/2023\\\/01\\\/Logo-PANS-2022-pelne.png\",\"contentUrl\":\"https:\\\/\\\/pans.krosno.pl\\\/kola-naukowe\\\/wp-content\\\/uploads\\\/sites\\\/48\\\/2023\\\/01\\\/Logo-PANS-2022-pelne.png\",\"width\":3096,\"height\":696,\"caption\":\"Studenckie Ko\u0142a Naukowe PANS w Kro\u015bnie\"},\"image\":{\"@id\":\"https:\\\/\\\/pans.krosno.pl\\\/kola-naukowe\\\/#\\\/schema\\\/logo\\\/image\\\/\"}}]}<\/script>\n<!-- \/ Yoast SEO Premium plugin. -->","yoast_head_json":{"title":"Rada Samorz\u0105du Studenckiego - Kontakt - Studenckie Ko\u0142a Naukowe PANS w Kro\u015bnie","robots":{"index":"index","follow":"follow","max-snippet":"max-snippet:-1","max-image-preview":"max-image-preview:large","max-video-preview":"max-video-preview:-1"},"canonical":"https:\/\/pans.krosno.pl\/kola-naukowe\/rada-samorzadu-studenckiego\/rady-samorzadu-studenckiego\/","og_locale":"pl_PL","og_type":"article","og_title":"Rada Samorz\u0105du Studenckiego - Kontakt","og_description":"Przewodnicz\u0105cy Rady Samorz\u0105du Studenckiego PANS w Kro\u015bnieMicha\u0142 Bobertel.731 115 921michal.bober205@gmail.com Rada Samorz\u0105du Studenckiego Adres e-mail: samorzad@pans.krosno.pl Strona na facebook'u: https:\/\/www.facebook.com\/SamorzadKPUKrosno Grupa facebookowa dla student\u00f3w PANS w Kro\u015bnie: https:\/\/www.facebook.com\/groups\/StudenciKrosno\/ Grupa facebookowa dla Starost\u00f3w i Przewodnicz\u0105cych Studenckich K\u00f3\u0142 Naukowych PANS w Kro\u015bnie: https:\/\/www.facebook.com\/groups\/288405365200559\/ Zach\u0119camy r\u00f3wnie\u017c do kontaktu bezpo\u015bredniego na spotkaniach samorz\u0105du lub [\u2026] Read More","og_url":"https:\/\/pans.krosno.pl\/kola-naukowe\/rada-samorzadu-studenckiego\/rady-samorzadu-studenckiego\/","og_site_name":"Studenckie Ko\u0142a Naukowe PANS w Kro\u015bnie","article_modified_time":"2024-11-28T12:38:25+00:00","twitter_card":"summary_large_image","twitter_misc":{"Szacowany czas czytania":"1 minuta"},"schema":{"@context":"https:\/\/schema.org","@graph":[{"@type":"WebPage","@id":"https:\/\/pans.krosno.pl\/kola-naukowe\/rada-samorzadu-studenckiego\/rady-samorzadu-studenckiego\/","url":"https:\/\/pans.krosno.pl\/kola-naukowe\/rada-samorzadu-studenckiego\/rady-samorzadu-studenckiego\/","name":"Rada Samorz\u0105du Studenckiego - Kontakt - Studenckie Ko\u0142a Naukowe PANS w Kro\u015bnie","isPartOf":{"@id":"https:\/\/pans.krosno.pl\/kola-naukowe\/#website"},"datePublished":"2020-04-20T15:17:19+00:00","dateModified":"2024-11-28T12:38:25+00:00","breadcrumb":{"@id":"https:\/\/pans.krosno.pl\/kola-naukowe\/rada-samorzadu-studenckiego\/rady-samorzadu-studenckiego\/#breadcrumb"},"inLanguage":"pl-PL","potentialAction":[{"@type":"ReadAction","target":["https:\/\/pans.krosno.pl\/kola-naukowe\/rada-samorzadu-studenckiego\/rady-samorzadu-studenckiego\/"]}]},{"@type":"BreadcrumbList","@id":"https:\/\/pans.krosno.pl\/kola-naukowe\/rada-samorzadu-studenckiego\/rady-samorzadu-studenckiego\/#breadcrumb","itemListElement":[{"@type":"ListItem","position":1,"name":"Strona g\u0142\u00f3wna","item":"https:\/\/pans.krosno.pl\/kola-naukowe\/"},{"@type":"ListItem","position":2,"name":"Rada Samorz\u0105du Studenckiego PANS w Kro\u015bnie","item":"https:\/\/pans.krosno.pl\/kola-naukowe\/rada-samorzadu-studenckiego\/"},{"@type":"ListItem","position":3,"name":"Rada Samorz\u0105du Studenckiego &#8211; Kontakt"}]},{"@type":"WebSite","@id":"https:\/\/pans.krosno.pl\/kola-naukowe\/#website","url":"https:\/\/pans.krosno.pl\/kola-naukowe\/","name":"Studenckie Ko\u0142a Naukowe PANS w Kro\u015bnie","description":"Studenckie Ko\u0142a Naukowe - Pa\u0144stwowa Akademia Nauk Stosowanych","publisher":{"@id":"https:\/\/pans.krosno.pl\/kola-naukowe\/#organization"},"potentialAction":[{"@type":"SearchAction","target":{"@type":"EntryPoint","urlTemplate":"https:\/\/pans.krosno.pl\/kola-naukowe\/?s={search_term_string}"},"query-input":{"@type":"PropertyValueSpecification","valueRequired":true,"valueName":"search_term_string"}}],"inLanguage":"pl-PL"},{"@type":"Organization","@id":"https:\/\/pans.krosno.pl\/kola-naukowe\/#organization","name":"Studenckie Ko\u0142a Naukowe PANS w Kro\u015bnie","url":"https:\/\/pans.krosno.pl\/kola-naukowe\/","logo":{"@type":"ImageObject","inLanguage":"pl-PL","@id":"https:\/\/pans.krosno.pl\/kola-naukowe\/#\/schema\/logo\/image\/","url":"https:\/\/pans.krosno.pl\/kola-naukowe\/wp-content\/uploads\/sites\/48\/2023\/01\/Logo-PANS-2022-pelne.png","contentUrl":"https:\/\/pans.krosno.pl\/kola-naukowe\/wp-content\/uploads\/sites\/48\/2023\/01\/Logo-PANS-2022-pelne.png","width":3096,"height":696,"caption":"Studenckie Ko\u0142a Naukowe PANS w Kro\u015bnie"},"image":{"@id":"https:\/\/pans.krosno.pl\/kola-naukowe\/#\/schema\/logo\/image\/"}}]}},"_links":{"self":[{"href":"https:\/\/pans.krosno.pl\/kola-naukowe\/wp-json\/wp\/v2\/pages\/141","targetHints":{"allow":["GET"]}}],"collection":[{"href":"https:\/\/pans.krosno.pl\/kola-naukowe\/wp-json\/wp\/v2\/pages"}],"about":[{"href":"https:\/\/pans.krosno.pl\/kola-naukowe\/wp-json\/wp\/v2\/types\/page"}],"author":[{"embeddable":true,"href":"https:\/\/pans.krosno.pl\/kola-naukowe\/wp-json\/wp\/v2\/users\/27"}],"replies":[{"embeddable":true,"href":"https:\/\/pans.krosno.pl\/kola-naukowe\/wp-json\/wp\/v2\/comments?post=141"}],"version-history":[{"count":11,"href":"https:\/\/pans.krosno.pl\/kola-naukowe\/wp-json\/wp\/v2\/pages\/141\/revisions"}],"predecessor-version":[{"id":6992,"href":"https:\/\/pans.krosno.pl\/kola-naukowe\/wp-json\/wp\/v2\/pages\/141\/revisions\/6992"}],"up":[{"embeddable":true,"href":"https:\/\/pans.krosno.pl\/kola-naukowe\/wp-json\/wp\/v2\/pages\/414"}],"wp:attachment":[{"href":"https:\/\/pans.krosno.pl\/kola-naukowe\/wp-json\/wp\/v2\/media?parent=141"}],"curies":[{"name":"wp","href":"https:\/\/api.w.org\/{rel}","templated":true}]}}