{"id":88,"date":"2021-04-20T15:13:59","date_gmt":"2021-04-20T13:13:59","guid":{"rendered":"https:\/\/pans.krosno.pl\/itacademy\/?page_id=88"},"modified":"2022-12-21T10:17:07","modified_gmt":"2022-12-21T09:17:07","slug":"informacje-o-przedmiotach","status":"publish","type":"page","link":"https:\/\/pans.krosno.pl\/itacademy\/informacje-o-przedmiotach\/","title":{"rendered":"Informacje o przedmiotach"},"content":{"rendered":"\n<hr class=\"wp-block-separator has-css-opacity\" \/>\n\n\n\n<p><strong>Informacje dla student\u00f3w kierunku Informatyka<\/strong><\/p>\n\n\n\n<p><strong>Zaadoptowane przedmioty w ramach IT Academy<\/strong><br><strong>Nauczyciel akademicki koordynuj\u0105cy Certyfikacj\u0119 i e-learning w IT Academy Essential<\/strong><\/p>\n\n\n\n<p><strong>dr in\u017c. Bartosz Trybus<\/strong><\/p>\n\n\n\n<figure class=\"wp-block-table is-style-stripes\"><table class=\"has-background\" style=\"background-color:#e7f5fe\"><thead><tr><th class=\"has-text-align-center\" data-align=\"center\">Nazwa przedmiotu <\/th><th class=\"has-text-align-center\" data-align=\"center\">Prowadz\u0105cy przedmiot<\/th><th class=\"has-text-align-center\" data-align=\"center\">Rodzaj studi\u00f3w<br><\/th><th class=\"has-text-align-center\" data-align=\"center\">Semestr<br><\/th><th class=\"has-text-align-center\" data-align=\"center\">Liczba grup<br><\/th><th class=\"has-text-align-center\" data-align=\"center\">Zaadoptowany kurs<br><\/th><th class=\"has-text-align-center\" data-align=\"center\">Pobierz materia\u0142y<br><\/th><th class=\"has-text-align-center\" data-align=\"center\">Nr kursu<br><\/th><\/tr><\/thead><tbody><tr><td class=\"has-text-align-center\" data-align=\"center\">Bazy danych<\/td><td class=\"has-text-align-center\" data-align=\"center\"><a href=\"https:\/\/pans.krosno.pl\/pracownicy\/dr-inz-bartosz-trybus\/\" target=\"_blank\" rel=\"noreferrer noopener\">dr in\u017c. B.Trybus<\/a><\/td><td class=\"has-text-align-center\" data-align=\"center\">Stacjonarne<\/td><td class=\"has-text-align-center\" data-align=\"center\">Zimowy<\/td><td class=\"has-text-align-center\" data-align=\"center\">2<\/td><td class=\"has-text-align-center\" data-align=\"center\">Bazy danych<\/td><td class=\"has-text-align-center\" data-align=\"center\"><a href=\"https:\/\/pans.krosno.pl\/itacademy\/wp-content\/uploads\/sites\/57\/2021\/04\/ita-101-bazydanych.pdf\">Link (PDF)<\/a><\/td><td class=\"has-text-align-center\" data-align=\"center\">ITA 101<\/td><\/tr><tr><td class=\"has-text-align-center\" data-align=\"center\">Internetowe aplikacje bazodanowe<\/td><td class=\"has-text-align-center\" data-align=\"center\"><a href=\"https:\/\/pans.krosno.pl\/pracownicy\/dr-inz-bartosz-trybus\/\" target=\"_blank\" rel=\"noreferrer noopener\">dr in\u017c. B.Trybus<\/a><\/td><td class=\"has-text-align-center\" data-align=\"center\">Stacjonarne<\/td><td class=\"has-text-align-center\" data-align=\"center\">Letni<\/td><td class=\"has-text-align-center\" data-align=\"center\">1<\/td><td class=\"has-text-align-center\" data-align=\"center\">Aplikacje internetowe<\/td><td class=\"has-text-align-center\" data-align=\"center\"><a href=\"https:\/\/pans.krosno.pl\/itacademy\/wp-content\/uploads\/sites\/57\/2021\/04\/ita-103-aplikacje-internetowe-opis.pdf\">Link (PDF)<\/a><\/td><td class=\"has-text-align-center\" data-align=\"center\">ITA 103<\/td><\/tr><tr><td class=\"has-text-align-center\" data-align=\"center\">Projekt zespo\u0142owy<\/td><td class=\"has-text-align-center\" data-align=\"center\"><a href=\"https:\/\/pans.krosno.pl\/pracownicy\/dr-inz-bartosz-trybus\/\" target=\"_blank\" rel=\"noreferrer noopener\">dr in\u017c. B.Trybus<\/a><\/td><td class=\"has-text-align-center\" data-align=\"center\">Stacjonarne<\/td><td class=\"has-text-align-center\" data-align=\"center\">Zimowy<\/td><td class=\"has-text-align-center\" data-align=\"center\">1<\/td><td class=\"has-text-align-center\" data-align=\"center\">Programowanie zespo\u0142owe<\/td><td class=\"has-text-align-center\" data-align=\"center\"><a href=\"https:\/\/pans.krosno.pl\/itacademy\/wp-content\/uploads\/sites\/57\/2021\/04\/ITA-111-Modul.pdf\">Link (PDF)<\/a><\/td><td class=\"has-text-align-center\" data-align=\"center\">ITA 111<\/td><\/tr><tr><td class=\"has-text-align-center\" data-align=\"center\">Projekt zespo\u0142owy<\/td><td class=\"has-text-align-center\" data-align=\"center\"><a href=\"https:\/\/pans.krosno.pl\/pracownicy\/dr-inz-bartosz-trybus\/\" target=\"_blank\" rel=\"noreferrer noopener\">dr in\u017c. B.Trybus<\/a><\/td><td class=\"has-text-align-center\" data-align=\"center\">Stacjonarne<\/td><td class=\"has-text-align-center\" data-align=\"center\">Letni<\/td><td class=\"has-text-align-center\" data-align=\"center\">1<\/td><td class=\"has-text-align-center\" data-align=\"center\">Programowanie zespo\u0142owe<\/td><td class=\"has-text-align-center\" data-align=\"center\">Link (PDF)<\/td><td class=\"has-text-align-center\" data-align=\"center\">ITA 101<\/td><\/tr><tr><td class=\"has-text-align-center\" data-align=\"center\">J\u0119zyk SQL<\/td><td class=\"has-text-align-center\" data-align=\"center\"><a href=\"https:\/\/pans.krosno.pl\/pracownicy\/dr-inz-bartosz-trybus\/\" target=\"_blank\" rel=\"noreferrer noopener\">dr in\u017c. B.Trybus<\/a><\/td><td class=\"has-text-align-center\" data-align=\"center\">Niestacjonarne<\/td><td class=\"has-text-align-center\" data-align=\"center\">Zimowy<\/td><td class=\"has-text-align-center\" data-align=\"center\">1<\/td><td class=\"has-text-align-center\" data-align=\"center\">Bazy danych<\/td><td class=\"has-text-align-center\" data-align=\"center\"><a href=\"https:\/\/pans.krosno.pl\/itacademy\/wp-content\/uploads\/sites\/57\/2021\/04\/ita-101-bazydanych-1.pdf\">Link (PDF)<\/a><\/td><td class=\"has-text-align-center\" data-align=\"center\">ITA 101<\/td><\/tr><tr><td class=\"has-text-align-center\" data-align=\"center\">Bazy danych<\/td><td class=\"has-text-align-center\" data-align=\"center\"><a href=\"https:\/\/pans.krosno.pl\/pracownicy\/dr-inz-bartosz-trybus\/\" target=\"_blank\" rel=\"noreferrer noopener\">dr in\u017c. B.Trybus<\/a><\/td><td class=\"has-text-align-center\" data-align=\"center\">Niestacjonarne<\/td><td class=\"has-text-align-center\" data-align=\"center\">Zimowy<\/td><td class=\"has-text-align-center\" data-align=\"center\">2<\/td><td class=\"has-text-align-center\" data-align=\"center\">Bazy danych<\/td><td class=\"has-text-align-center\" data-align=\"center\"><a href=\"https:\/\/pans.krosno.pl\/itacademy\/wp-content\/uploads\/sites\/57\/2021\/04\/ita-101-bazydanych-2.pdf\">Link (PDF)<\/a><\/td><td class=\"has-text-align-center\" data-align=\"center\">ITA 101<\/td><\/tr><tr><td class=\"has-text-align-center\" data-align=\"center\">Programowanie I<\/td><td class=\"has-text-align-center\" data-align=\"center\"><a href=\"https:\/\/pans.krosno.pl\/pracownicy\/dr-inz-piotr-wais\/\" target=\"_blank\" rel=\"noreferrer noopener\">dr in\u017c. P.Wais<\/a><\/td><td class=\"has-text-align-center\" data-align=\"center\">Stacjonarne<\/td><td class=\"has-text-align-center\" data-align=\"center\">Letni<\/td><td class=\"has-text-align-center\" data-align=\"center\">2<\/td><td class=\"has-text-align-center\" data-align=\"center\">Programowanie obiektowe<\/td><td class=\"has-text-align-center\" data-align=\"center\"><a href=\"https:\/\/pans.krosno.pl\/wp-content\/uploads\/2021\/04\/ita-105-programowanie-obiektowe.zip\" target=\"_blank\" rel=\"noreferrer noopener\">Link (PDF)<\/a><\/td><td class=\"has-text-align-center\" data-align=\"center\">ITA 105<\/td><\/tr><tr><td class=\"has-text-align-center\" data-align=\"center\">Programowanie I<\/td><td class=\"has-text-align-center\" data-align=\"center\"><a href=\"https:\/\/pans.krosno.pl\/pracownicy\/dr-inz-piotr-wais\/\" target=\"_blank\" rel=\"noreferrer noopener\">dr in\u017c. P.Wais<\/a><\/td><td class=\"has-text-align-center\" data-align=\"center\">Niestacjonarne<\/td><td class=\"has-text-align-center\" data-align=\"center\">Letni<\/td><td class=\"has-text-align-center\" data-align=\"center\">2<\/td><td class=\"has-text-align-center\" data-align=\"center\">Programowanie obiektowe<\/td><td class=\"has-text-align-center\" data-align=\"center\"><a href=\"https:\/\/pans.krosno.pl\/wp-content\/uploads\/2021\/04\/ita-105-programowanie-obiektowe.zip\" target=\"_blank\" rel=\"noreferrer noopener\">Link (PDF)<\/a><\/td><td class=\"has-text-align-center\" data-align=\"center\">ITA 105<\/td><\/tr><tr><td class=\"has-text-align-center\" data-align=\"center\">Systemy operacyjne<\/td><td class=\"has-text-align-center\" data-align=\"center\"><a href=\"https:\/\/pans.krosno.pl\/pracownicy\/dr-inz-bartosz-trybus\/\" target=\"_blank\" rel=\"noreferrer noopener\">dr in\u017c. B.Trybus<\/a><\/td><td class=\"has-text-align-center\" data-align=\"center\">Stacjonarne<\/td><td class=\"has-text-align-center\" data-align=\"center\">Letni<\/td><td class=\"has-text-align-center\" data-align=\"center\">3<\/td><td class=\"has-text-align-center\" data-align=\"center\">System operacyjny<\/td><td class=\"has-text-align-center\" data-align=\"center\"><a href=\"https:\/\/pans.krosno.pl\/itacademy\/wp-content\/uploads\/sites\/57\/2021\/04\/ita-107-systemy-operacyjne.pdf\">Link (PDF)<\/a><\/td><td class=\"has-text-align-center\" data-align=\"center\">ITA 107<\/td><\/tr><\/tbody><\/table><\/figure>\n\n\n\n<hr class=\"wp-block-separator has-css-opacity\" \/>\n\n\n\n<p><strong>Informacje dla student\u00f3w pozosta\u0142ych kierunk\u00f3w studi\u00f3w<\/strong><\/p>\n\n\n\n<p><strong>Zaadoptowane przedmioty w ramach IT Academy<\/strong><br><strong>Nauczyciel akademicki koordynuj\u0105cy Certyfikacj\u0119 i e-learning w IT Academy Essential + (Lokalna)<\/strong><\/p>\n\n\n\n<p><\/p>\n\n\n\n<p><\/p>\n\n\n\n<figure class=\"wp-block-table is-style-stripes\"><table class=\"has-background\" style=\"background-color:#e7f5fe\"><thead><tr><th class=\"has-text-align-center\" data-align=\"center\">Nazwa przedmiotu<\/th><th class=\"has-text-align-center\" data-align=\"center\">Prowadz\u0105cy przedmiot<\/th><th class=\"has-text-align-center\" data-align=\"center\">Rodzaj studi\u00f3w<\/th><th class=\"has-text-align-center\" data-align=\"center\">Semestr<\/th><th class=\"has-text-align-center\" data-align=\"center\">Zaadoptowany kurs<\/th><th class=\"has-text-align-center\" data-align=\"center\">Nr kursu<\/th><\/tr><\/thead><tbody><tr><td class=\"has-text-align-center\" data-align=\"center\">Technologia informacyjna MBM<\/td><td class=\"has-text-align-center\" data-align=\"center\"><a href=\"https:\/\/pans.krosno.pl\/pracownicy\/mgr-robert-rajs\/\" target=\"_blank\" rel=\"noreferrer noopener\">mgr Robert Rajs<\/a><\/td><td class=\"has-text-align-center\" data-align=\"center\">Stacjonarne<\/td><td class=\"has-text-align-center\" data-align=\"center\">Zimowy<\/td><td class=\"has-text-align-center\" data-align=\"center\">Techn. inform.<\/td><td class=\"has-text-align-center\" data-align=\"center\">ITA 108<\/td><\/tr><tr><td class=\"has-text-align-center\" data-align=\"center\">Technologia informacyjna BUD<\/td><td class=\"has-text-align-center\" data-align=\"center\"><a href=\"https:\/\/pans.krosno.pl\/pracownicy\/mgr-robert-rajs\/\" target=\"_blank\" rel=\"noreferrer noopener\">mgr Robert Rajs<\/a><\/td><td class=\"has-text-align-center\" data-align=\"center\">Stacjonarne<\/td><td class=\"has-text-align-center\" data-align=\"center\">Zimowy<\/td><td class=\"has-text-align-center\" data-align=\"center\">Techn. inform.<\/td><td class=\"has-text-align-center\" data-align=\"center\">ITA 108<\/td><\/tr><tr><td class=\"has-text-align-center\" data-align=\"center\">Informatyka w zarz\u0105dzaniu<\/td><td class=\"has-text-align-center\" data-align=\"center\"><a href=\"https:\/\/pans.krosno.pl\/pracownicy\/mgr-robert-rajs\/\" target=\"_blank\" rel=\"noreferrer noopener\">mgr Robert Rajs<\/a><\/td><td class=\"has-text-align-center\" data-align=\"center\">Stacjonarne<\/td><td class=\"has-text-align-center\" data-align=\"center\">Zimowy<\/td><td class=\"has-text-align-center\" data-align=\"center\">Inne<\/td><td class=\"has-text-align-center\" data-align=\"center\">ITA 108<\/td><\/tr><tr><td class=\"has-text-align-center\" data-align=\"center\">Technologia inf. i komp. wspomaganie proces\u00f3w zarz\u0105dczych<\/td><td class=\"has-text-align-center\" data-align=\"center\"><a href=\"https:\/\/pans.krosno.pl\/pracownicy\/mgr-miroslaw-rymar\/\" target=\"_blank\" rel=\"noreferrer noopener\"><a href=\"https:\/\/pans.krosno.pl\/pracownicy\/mgr-robert-rajs\/\" target=\"_blank\" rel=\"noreferrer noopener\">mgr Robert Rajs<\/a><\/a><\/td><td class=\"has-text-align-center\" data-align=\"center\">Stacjonarne<\/td><td class=\"has-text-align-center\" data-align=\"center\">Zimowy<\/td><td class=\"has-text-align-center\" data-align=\"center\">Inne<\/td><td class=\"has-text-align-center\" data-align=\"center\">ITA 108<\/td><\/tr><\/tbody><\/table><\/figure>\n\n\n\n<p><strong>mgr Robert Rajs<\/strong>&nbsp;&#8211; Koordynator ca\u0142o\u015bci projektu<\/p>\n","protected":false},"excerpt":{"rendered":"<p>Informacje dla student\u00f3w kierunku Informatyka Zaadoptowane przedmioty w ramach IT AcademyNauczyciel akademicki koordynuj\u0105cy Certyfikacj\u0119 i e-learning w IT Academy Essential dr in\u017c. Bartosz Trybus Nazwa przedmiotu Prowadz\u0105cy przedmiot Rodzaj studi\u00f3w Semestr Liczba grup Zaadoptowany kurs Pobierz materia\u0142y Nr kursu Bazy danych dr in\u017c. B.Trybus Stacjonarne Zimowy 2 Bazy danych Link [\u2026] <\/p>\n<div class=\"clear\"><\/div>\n<p><a class=\"more_link clearfix\" href=\"https:\/\/pans.krosno.pl\/itacademy\/informacje-o-przedmiotach\/\" rel=\"nofollow\">Read More<\/a><\/p>\n","protected":false},"author":27,"featured_media":0,"parent":0,"menu_order":0,"comment_status":"closed","ping_status":"closed","template":"page-templates\/template-full-width.php","meta":{"ngg_post_thumbnail":0,"footnotes":""},"class_list":["post-88","page","type-page","status-publish","hentry"],"yoast_head":"<!-- This site is optimized with the Yoast SEO Premium plugin v27.4 (Yoast SEO v27.4) - https:\/\/yoast.com\/product\/yoast-seo-premium-wordpress\/ -->\n<title>Informacje o przedmiotach - IT ACADEMY - PANS w Kro\u015bnie<\/title>\n<meta name=\"robots\" content=\"index, follow, max-snippet:-1, max-image-preview:large, max-video-preview:-1\" \/>\n<link rel=\"canonical\" href=\"https:\/\/pans.krosno.pl\/itacademy\/informacje-o-przedmiotach\/\" \/>\n<meta property=\"og:locale\" content=\"pl_PL\" \/>\n<meta property=\"og:type\" content=\"article\" \/>\n<meta property=\"og:title\" content=\"Informacje o przedmiotach\" \/>\n<meta property=\"og:description\" content=\"Informacje dla student\u00f3w kierunku Informatyka Zaadoptowane przedmioty w ramach IT AcademyNauczyciel akademicki koordynuj\u0105cy Certyfikacj\u0119 i e-learning w IT Academy Essential dr in\u017c. Bartosz Trybus Nazwa przedmiotu Prowadz\u0105cy przedmiot Rodzaj studi\u00f3w Semestr Liczba grup Zaadoptowany kurs Pobierz materia\u0142y Nr kursu Bazy danych dr in\u017c. B.Trybus Stacjonarne Zimowy 2 Bazy danych Link [\u2026] Read More\" \/>\n<meta property=\"og:url\" content=\"https:\/\/pans.krosno.pl\/itacademy\/informacje-o-przedmiotach\/\" \/>\n<meta property=\"og:site_name\" content=\"IT ACADEMY - PANS w Kro\u015bnie\" \/>\n<meta property=\"article:modified_time\" content=\"2022-12-21T09:17:07+00:00\" \/>\n<meta name=\"twitter:card\" content=\"summary_large_image\" \/>\n<meta name=\"twitter:label1\" content=\"Szacowany czas czytania\" \/>\n\t<meta name=\"twitter:data1\" content=\"2 minuty\" \/>\n<script type=\"application\/ld+json\" class=\"yoast-schema-graph\">{\"@context\":\"https:\\\/\\\/schema.org\",\"@graph\":[{\"@type\":\"WebPage\",\"@id\":\"https:\\\/\\\/pans.krosno.pl\\\/itacademy\\\/informacje-o-przedmiotach\\\/\",\"url\":\"https:\\\/\\\/pans.krosno.pl\\\/itacademy\\\/informacje-o-przedmiotach\\\/\",\"name\":\"Informacje o przedmiotach - IT ACADEMY - PANS w Kro\u015bnie\",\"isPartOf\":{\"@id\":\"https:\\\/\\\/pans.krosno.pl\\\/itacademy\\\/#website\"},\"datePublished\":\"2021-04-20T13:13:59+00:00\",\"dateModified\":\"2022-12-21T09:17:07+00:00\",\"breadcrumb\":{\"@id\":\"https:\\\/\\\/pans.krosno.pl\\\/itacademy\\\/informacje-o-przedmiotach\\\/#breadcrumb\"},\"inLanguage\":\"pl-PL\",\"potentialAction\":[{\"@type\":\"ReadAction\",\"target\":[\"https:\\\/\\\/pans.krosno.pl\\\/itacademy\\\/informacje-o-przedmiotach\\\/\"]}]},{\"@type\":\"BreadcrumbList\",\"@id\":\"https:\\\/\\\/pans.krosno.pl\\\/itacademy\\\/informacje-o-przedmiotach\\\/#breadcrumb\",\"itemListElement\":[{\"@type\":\"ListItem\",\"position\":1,\"name\":\"Strona g\u0142\u00f3wna\",\"item\":\"https:\\\/\\\/pans.krosno.pl\\\/itacademy\\\/\"},{\"@type\":\"ListItem\",\"position\":2,\"name\":\"Informacje o przedmiotach\"}]},{\"@type\":\"WebSite\",\"@id\":\"https:\\\/\\\/pans.krosno.pl\\\/itacademy\\\/#website\",\"url\":\"https:\\\/\\\/pans.krosno.pl\\\/itacademy\\\/\",\"name\":\"IT ACADEMY przy KPU KROSNO\",\"description\":\"IT ACADEMY - Pa\u0144stwowa Akademia Nauk Stosowanych\",\"publisher\":{\"@id\":\"https:\\\/\\\/pans.krosno.pl\\\/itacademy\\\/#organization\"},\"potentialAction\":[{\"@type\":\"SearchAction\",\"target\":{\"@type\":\"EntryPoint\",\"urlTemplate\":\"https:\\\/\\\/pans.krosno.pl\\\/itacademy\\\/?s={search_term_string}\"},\"query-input\":{\"@type\":\"PropertyValueSpecification\",\"valueRequired\":true,\"valueName\":\"search_term_string\"}}],\"inLanguage\":\"pl-PL\"},{\"@type\":\"Organization\",\"@id\":\"https:\\\/\\\/pans.krosno.pl\\\/itacademy\\\/#organization\",\"name\":\"IT ACADEMY przy KPU KROSNO\",\"url\":\"https:\\\/\\\/pans.krosno.pl\\\/itacademy\\\/\",\"logo\":{\"@type\":\"ImageObject\",\"inLanguage\":\"pl-PL\",\"@id\":\"https:\\\/\\\/pans.krosno.pl\\\/itacademy\\\/#\\\/schema\\\/logo\\\/image\\\/\",\"url\":\"\",\"contentUrl\":\"\",\"caption\":\"IT ACADEMY przy KPU KROSNO\"},\"image\":{\"@id\":\"https:\\\/\\\/pans.krosno.pl\\\/itacademy\\\/#\\\/schema\\\/logo\\\/image\\\/\"}}]}<\/script>\n<!-- \/ Yoast SEO Premium plugin. -->","yoast_head_json":{"title":"Informacje o przedmiotach - IT ACADEMY - PANS w Kro\u015bnie","robots":{"index":"index","follow":"follow","max-snippet":"max-snippet:-1","max-image-preview":"max-image-preview:large","max-video-preview":"max-video-preview:-1"},"canonical":"https:\/\/pans.krosno.pl\/itacademy\/informacje-o-przedmiotach\/","og_locale":"pl_PL","og_type":"article","og_title":"Informacje o przedmiotach","og_description":"Informacje dla student\u00f3w kierunku Informatyka Zaadoptowane przedmioty w ramach IT AcademyNauczyciel akademicki koordynuj\u0105cy Certyfikacj\u0119 i e-learning w IT Academy Essential dr in\u017c. Bartosz Trybus Nazwa przedmiotu Prowadz\u0105cy przedmiot Rodzaj studi\u00f3w Semestr Liczba grup Zaadoptowany kurs Pobierz materia\u0142y Nr kursu Bazy danych dr in\u017c. B.Trybus Stacjonarne Zimowy 2 Bazy danych Link [\u2026] Read More","og_url":"https:\/\/pans.krosno.pl\/itacademy\/informacje-o-przedmiotach\/","og_site_name":"IT ACADEMY - PANS w Kro\u015bnie","article_modified_time":"2022-12-21T09:17:07+00:00","twitter_card":"summary_large_image","twitter_misc":{"Szacowany czas czytania":"2 minuty"},"schema":{"@context":"https:\/\/schema.org","@graph":[{"@type":"WebPage","@id":"https:\/\/pans.krosno.pl\/itacademy\/informacje-o-przedmiotach\/","url":"https:\/\/pans.krosno.pl\/itacademy\/informacje-o-przedmiotach\/","name":"Informacje o przedmiotach - IT ACADEMY - PANS w Kro\u015bnie","isPartOf":{"@id":"https:\/\/pans.krosno.pl\/itacademy\/#website"},"datePublished":"2021-04-20T13:13:59+00:00","dateModified":"2022-12-21T09:17:07+00:00","breadcrumb":{"@id":"https:\/\/pans.krosno.pl\/itacademy\/informacje-o-przedmiotach\/#breadcrumb"},"inLanguage":"pl-PL","potentialAction":[{"@type":"ReadAction","target":["https:\/\/pans.krosno.pl\/itacademy\/informacje-o-przedmiotach\/"]}]},{"@type":"BreadcrumbList","@id":"https:\/\/pans.krosno.pl\/itacademy\/informacje-o-przedmiotach\/#breadcrumb","itemListElement":[{"@type":"ListItem","position":1,"name":"Strona g\u0142\u00f3wna","item":"https:\/\/pans.krosno.pl\/itacademy\/"},{"@type":"ListItem","position":2,"name":"Informacje o przedmiotach"}]},{"@type":"WebSite","@id":"https:\/\/pans.krosno.pl\/itacademy\/#website","url":"https:\/\/pans.krosno.pl\/itacademy\/","name":"IT ACADEMY przy KPU KROSNO","description":"IT ACADEMY - Pa\u0144stwowa Akademia Nauk Stosowanych","publisher":{"@id":"https:\/\/pans.krosno.pl\/itacademy\/#organization"},"potentialAction":[{"@type":"SearchAction","target":{"@type":"EntryPoint","urlTemplate":"https:\/\/pans.krosno.pl\/itacademy\/?s={search_term_string}"},"query-input":{"@type":"PropertyValueSpecification","valueRequired":true,"valueName":"search_term_string"}}],"inLanguage":"pl-PL"},{"@type":"Organization","@id":"https:\/\/pans.krosno.pl\/itacademy\/#organization","name":"IT ACADEMY przy KPU KROSNO","url":"https:\/\/pans.krosno.pl\/itacademy\/","logo":{"@type":"ImageObject","inLanguage":"pl-PL","@id":"https:\/\/pans.krosno.pl\/itacademy\/#\/schema\/logo\/image\/","url":"","contentUrl":"","caption":"IT ACADEMY przy KPU KROSNO"},"image":{"@id":"https:\/\/pans.krosno.pl\/itacademy\/#\/schema\/logo\/image\/"}}]}},"_links":{"self":[{"href":"https:\/\/pans.krosno.pl\/itacademy\/wp-json\/wp\/v2\/pages\/88","targetHints":{"allow":["GET"]}}],"collection":[{"href":"https:\/\/pans.krosno.pl\/itacademy\/wp-json\/wp\/v2\/pages"}],"about":[{"href":"https:\/\/pans.krosno.pl\/itacademy\/wp-json\/wp\/v2\/types\/page"}],"author":[{"embeddable":true,"href":"https:\/\/pans.krosno.pl\/itacademy\/wp-json\/wp\/v2\/users\/27"}],"replies":[{"embeddable":true,"href":"https:\/\/pans.krosno.pl\/itacademy\/wp-json\/wp\/v2\/comments?post=88"}],"version-history":[{"count":15,"href":"https:\/\/pans.krosno.pl\/itacademy\/wp-json\/wp\/v2\/pages\/88\/revisions"}],"predecessor-version":[{"id":430,"href":"https:\/\/pans.krosno.pl\/itacademy\/wp-json\/wp\/v2\/pages\/88\/revisions\/430"}],"wp:attachment":[{"href":"https:\/\/pans.krosno.pl\/itacademy\/wp-json\/wp\/v2\/media?parent=88"}],"curies":[{"name":"wp","href":"https:\/\/api.w.org\/{rel}","templated":true}]}}