{"id":86,"date":"2021-04-20T14:54:03","date_gmt":"2021-04-20T12:54:03","guid":{"rendered":"https:\/\/pans.krosno.pl\/itacademy\/?page_id=86"},"modified":"2021-04-21T11:19:26","modified_gmt":"2021-04-21T09:19:26","slug":"zasady-otrzymania-certyfikatu","status":"publish","type":"page","link":"https:\/\/pans.krosno.pl\/itacademy\/zasady-otrzymania-certyfikatu\/","title":{"rendered":"Zasady otrzymania Certyfikatu"},"content":{"rendered":"\n<p>Ka\u017cdy student, kt\u00f3ry w planach studi\u00f3w ma przedmiot informatyczny mo\u017ce ubiega\u0107 si\u0119 o Certyfikat IT Academy Microsoft. Otrzymanie niniejszego Certyfikatu opiera si\u0119 o nast\u0119puj\u0105ce zasady:<\/p>\n\n\n\n<p>1. Przedmioty, kt\u00f3re uprawniaj\u0105 do otrzymania Certyfikatu: a) Technologia informacyjna, b) Komputery w edukacji c) Informatyka w turystyce i rekreacji d) Komputerowe przygotowanie publikacji e) Informatyczne systemy projektowe w mechanice f) i inne (do konsultacji z Koordynatorem IT Academy Microsoft).<\/p>\n\n\n\n<p>2. Uzyskanie z powy\u017cszego przedmiotu oceny Bardzo dobry.<\/p>\n\n\n\n<p>3. Liczba godzin w toku studi\u00f3w na przedmiot informatyczny \u2013 30 godzin.<\/p>\n\n\n\n<p>4. Przedmiot informatyczny obj\u0119ty IT Academy realizuje pracownik zatrudniony w Studium Nauk Matematyczno-Przyrodniczych, kt\u00f3ry posiada stosowne wykszta\u0142cenie (w tym kierunkowe wy\u017csze pedagogiczne), jest posiadaczem za\u015bwiadcze\u0144, certyfikat\u00f3w potwierdzaj\u0105cych jego dodatkowe kwalifikacje informatyczne. Dopuszcza si\u0119 prowadz\u0105cych przedmioty informatyczne, kt\u00f3rzy nie s\u0105 zatrudnieni w Studium Nauk Matematyczno-Przyrodniczych, realizuj\u0105cych przedmioty informatyczne w swoich jednostkach do wybrania najlepszych student\u00f3w do Certyfikacji. Realizowany przez nich przedmiot ma by\u0107 \u201ezaadoptowany\u201d (tre\u015bci kszta\u0142cenia przedmiotu) przez Koordynatora IT Academy Microsoft. Procedura adopcji takiego przedmiotu ma zawiera\u0107 min. 50% zagadnie\u0144 opartych na oprogramowaniu firmy Microsoft.<\/p>\n\n\n\n<p>5. Projekt \u2013 dodatkowy element otrzymania Certyfikatu: Przygotowanie projektu. Tematyka projektu powinna by\u0107 zwi\u0105zana z kierunkiem studi\u00f3w.<\/p>\n\n\n\n<p>Przyk\u0142adowe tematy:<br>a) &#8222;O\u015brodki pedagogiczne w regionie&#8221;,<br>b) &#8222;Strona internetowa hotelu&#8221;,<br>c) &#8222;Zasady gry w pi\u0142k\u0119 siatkow\u0105&#8221;,<br>d) &#8222;Pisarze i poeci okresu O\u015bwiecenia&#8221;,<br>e) &#8222;Budowa silnika spalinowego&#8221;,<br>f) &#8222;Geologia na terenie wojew\u00f3dztwa Podkarpackiego&#8221;,<br>g) &#8222;Hodowla ro\u015blin \u2013 ro\u015bliny str\u0105czkowe&#8221;,<br>h) &#8222;Podstawy konstrukcji budynku&#8221;,<br>i) &#8222;Historia narod\u00f3w Federacji Rosyjskiej&#8221;,<br>j) &#8222;Niemieckie \u201elandy\u201d \u2013 prezentacja&#8221;,<br>k) i inne (w zale\u017cno\u015bci od kierunku kszta\u0142cenia).<\/p>\n\n\n\n<p>Wykonanie projektu mo\u017cna przedstawi\u0107 w proponowanej poni\u017cej formie i powinien by\u0107 zrealizowany przy u\u017cyciu np.<br>a) Strona internetowa (wykonanie Front Page),<br>b) Prezentacja multimedialna (wykonanie Power Point 2003\/2007),<br>c) Symulacja kalkulacji wyjazdu turystycznego (wykonanie Excel),<br>d) Plakat, Zaproszenie (wykonanie Ms Picture Publisher, Photoshop),<br>e) Projekt, schemat (organizacyjny, blokowy), plany (miast, budynk\u00f3w (wykonanie Ms Visio).<\/p>\n\n\n\n<p>6. Termin oddania pracy \u2013 30 dni przed uko\u0144czeniem semestru w kt\u00f3rym ko\u0144czy si\u0119 przedmiot informatyczny.<\/p>\n\n\n\n<p>7. Zaliczenie przedmiotu ko\u0144czy si\u0119 ocen\u0105. Wskazani przez prowadz\u0105cego zaj\u0119cia studenci przyst\u0119puj\u0105 do przygotowania swojego projektu, kt\u00f3ry jest ostatnim sk\u0142adnikiem decyduj\u0105cym o uzyskaniu\/ nieuzyskaniu Certyfikatu IT Academy Microsoft.<\/p>\n\n\n\n<p>8. Zaliczenie projektu nast\u0119puje u Koordynatora IT Academy (Lokalna).<\/p>\n\n\n\n<p>9. Koordynator projektu ostatecznie zatwierdza projekt w czasie konsultacji. Ka\u017cdy student powinien wykaza\u0107 si\u0119 wiedz\u0105 praktyczn\u0105 z zakresu swojego projektu, kt\u00f3ry przedstawia.<\/p>\n\n\n\n<p>10. Po otrzymaniu pozytywnej opinii \u2013 Koordynator ostatecznie zatwierdza wszystkie sk\u0142adniki (ocena BDB z przedmiotu, pozytywna opinia z projektu) i wystawia Certyfikat IT Academy Microsoft.<\/p>\n","protected":false},"excerpt":{"rendered":"<p>Ka\u017cdy student, kt\u00f3ry w planach studi\u00f3w ma przedmiot informatyczny mo\u017ce ubiega\u0107 si\u0119 o Certyfikat IT Academy Microsoft. Otrzymanie niniejszego Certyfikatu opiera si\u0119 o nast\u0119puj\u0105ce zasady: 1. Przedmioty, kt\u00f3re uprawniaj\u0105 do otrzymania Certyfikatu: a) Technologia informacyjna, b) Komputery w edukacji c) Informatyka w turystyce i rekreacji d) Komputerowe przygotowanie publikacji e) [\u2026] <\/p>\n<div class=\"clear\"><\/div>\n<p><a class=\"more_link clearfix\" href=\"https:\/\/pans.krosno.pl\/itacademy\/zasady-otrzymania-certyfikatu\/\" rel=\"nofollow\">Read More<\/a><\/p>\n","protected":false},"author":27,"featured_media":0,"parent":0,"menu_order":0,"comment_status":"closed","ping_status":"closed","template":"page-templates\/template-full-width.php","meta":{"ngg_post_thumbnail":0,"footnotes":""},"class_list":["post-86","page","type-page","status-publish","hentry"],"yoast_head":"<!-- This site is optimized with the Yoast SEO Premium plugin v27.4 (Yoast SEO v27.4) - https:\/\/yoast.com\/product\/yoast-seo-premium-wordpress\/ -->\n<title>Zasady otrzymania Certyfikatu - IT ACADEMY - PANS w Kro\u015bnie<\/title>\n<meta name=\"robots\" content=\"index, follow, max-snippet:-1, max-image-preview:large, max-video-preview:-1\" \/>\n<link rel=\"canonical\" href=\"https:\/\/pans.krosno.pl\/itacademy\/zasady-otrzymania-certyfikatu\/\" \/>\n<meta property=\"og:locale\" content=\"pl_PL\" \/>\n<meta property=\"og:type\" content=\"article\" \/>\n<meta property=\"og:title\" content=\"Zasady otrzymania Certyfikatu\" \/>\n<meta property=\"og:description\" content=\"Ka\u017cdy student, kt\u00f3ry w planach studi\u00f3w ma przedmiot informatyczny mo\u017ce ubiega\u0107 si\u0119 o Certyfikat IT Academy Microsoft. Otrzymanie niniejszego Certyfikatu opiera si\u0119 o nast\u0119puj\u0105ce zasady: 1. Przedmioty, kt\u00f3re uprawniaj\u0105 do otrzymania Certyfikatu: a) Technologia informacyjna, b) Komputery w edukacji c) Informatyka w turystyce i rekreacji d) Komputerowe przygotowanie publikacji e) [\u2026] Read More\" \/>\n<meta property=\"og:url\" content=\"https:\/\/pans.krosno.pl\/itacademy\/zasady-otrzymania-certyfikatu\/\" \/>\n<meta property=\"og:site_name\" content=\"IT ACADEMY - PANS w Kro\u015bnie\" \/>\n<meta property=\"article:modified_time\" content=\"2021-04-21T09:19:26+00:00\" \/>\n<meta name=\"twitter:card\" content=\"summary_large_image\" \/>\n<meta name=\"twitter:label1\" content=\"Szacowany czas czytania\" \/>\n\t<meta name=\"twitter:data1\" content=\"2 minuty\" \/>\n<script type=\"application\/ld+json\" class=\"yoast-schema-graph\">{\"@context\":\"https:\\\/\\\/schema.org\",\"@graph\":[{\"@type\":\"WebPage\",\"@id\":\"https:\\\/\\\/pans.krosno.pl\\\/itacademy\\\/zasady-otrzymania-certyfikatu\\\/\",\"url\":\"https:\\\/\\\/pans.krosno.pl\\\/itacademy\\\/zasady-otrzymania-certyfikatu\\\/\",\"name\":\"Zasady otrzymania Certyfikatu - IT ACADEMY - PANS w Kro\u015bnie\",\"isPartOf\":{\"@id\":\"https:\\\/\\\/pans.krosno.pl\\\/itacademy\\\/#website\"},\"datePublished\":\"2021-04-20T12:54:03+00:00\",\"dateModified\":\"2021-04-21T09:19:26+00:00\",\"breadcrumb\":{\"@id\":\"https:\\\/\\\/pans.krosno.pl\\\/itacademy\\\/zasady-otrzymania-certyfikatu\\\/#breadcrumb\"},\"inLanguage\":\"pl-PL\",\"potentialAction\":[{\"@type\":\"ReadAction\",\"target\":[\"https:\\\/\\\/pans.krosno.pl\\\/itacademy\\\/zasady-otrzymania-certyfikatu\\\/\"]}]},{\"@type\":\"BreadcrumbList\",\"@id\":\"https:\\\/\\\/pans.krosno.pl\\\/itacademy\\\/zasady-otrzymania-certyfikatu\\\/#breadcrumb\",\"itemListElement\":[{\"@type\":\"ListItem\",\"position\":1,\"name\":\"Strona g\u0142\u00f3wna\",\"item\":\"https:\\\/\\\/pans.krosno.pl\\\/itacademy\\\/\"},{\"@type\":\"ListItem\",\"position\":2,\"name\":\"Zasady otrzymania Certyfikatu\"}]},{\"@type\":\"WebSite\",\"@id\":\"https:\\\/\\\/pans.krosno.pl\\\/itacademy\\\/#website\",\"url\":\"https:\\\/\\\/pans.krosno.pl\\\/itacademy\\\/\",\"name\":\"IT ACADEMY przy KPU KROSNO\",\"description\":\"IT ACADEMY - Pa\u0144stwowa Akademia Nauk Stosowanych\",\"publisher\":{\"@id\":\"https:\\\/\\\/pans.krosno.pl\\\/itacademy\\\/#organization\"},\"potentialAction\":[{\"@type\":\"SearchAction\",\"target\":{\"@type\":\"EntryPoint\",\"urlTemplate\":\"https:\\\/\\\/pans.krosno.pl\\\/itacademy\\\/?s={search_term_string}\"},\"query-input\":{\"@type\":\"PropertyValueSpecification\",\"valueRequired\":true,\"valueName\":\"search_term_string\"}}],\"inLanguage\":\"pl-PL\"},{\"@type\":\"Organization\",\"@id\":\"https:\\\/\\\/pans.krosno.pl\\\/itacademy\\\/#organization\",\"name\":\"IT ACADEMY przy KPU KROSNO\",\"url\":\"https:\\\/\\\/pans.krosno.pl\\\/itacademy\\\/\",\"logo\":{\"@type\":\"ImageObject\",\"inLanguage\":\"pl-PL\",\"@id\":\"https:\\\/\\\/pans.krosno.pl\\\/itacademy\\\/#\\\/schema\\\/logo\\\/image\\\/\",\"url\":\"\",\"contentUrl\":\"\",\"caption\":\"IT ACADEMY przy KPU KROSNO\"},\"image\":{\"@id\":\"https:\\\/\\\/pans.krosno.pl\\\/itacademy\\\/#\\\/schema\\\/logo\\\/image\\\/\"}}]}<\/script>\n<!-- \/ Yoast SEO Premium plugin. -->","yoast_head_json":{"title":"Zasady otrzymania Certyfikatu - IT ACADEMY - PANS w Kro\u015bnie","robots":{"index":"index","follow":"follow","max-snippet":"max-snippet:-1","max-image-preview":"max-image-preview:large","max-video-preview":"max-video-preview:-1"},"canonical":"https:\/\/pans.krosno.pl\/itacademy\/zasady-otrzymania-certyfikatu\/","og_locale":"pl_PL","og_type":"article","og_title":"Zasady otrzymania Certyfikatu","og_description":"Ka\u017cdy student, kt\u00f3ry w planach studi\u00f3w ma przedmiot informatyczny mo\u017ce ubiega\u0107 si\u0119 o Certyfikat IT Academy Microsoft. Otrzymanie niniejszego Certyfikatu opiera si\u0119 o nast\u0119puj\u0105ce zasady: 1. Przedmioty, kt\u00f3re uprawniaj\u0105 do otrzymania Certyfikatu: a) Technologia informacyjna, b) Komputery w edukacji c) Informatyka w turystyce i rekreacji d) Komputerowe przygotowanie publikacji e) [\u2026] Read More","og_url":"https:\/\/pans.krosno.pl\/itacademy\/zasady-otrzymania-certyfikatu\/","og_site_name":"IT ACADEMY - PANS w Kro\u015bnie","article_modified_time":"2021-04-21T09:19:26+00:00","twitter_card":"summary_large_image","twitter_misc":{"Szacowany czas czytania":"2 minuty"},"schema":{"@context":"https:\/\/schema.org","@graph":[{"@type":"WebPage","@id":"https:\/\/pans.krosno.pl\/itacademy\/zasady-otrzymania-certyfikatu\/","url":"https:\/\/pans.krosno.pl\/itacademy\/zasady-otrzymania-certyfikatu\/","name":"Zasady otrzymania Certyfikatu - IT ACADEMY - PANS w Kro\u015bnie","isPartOf":{"@id":"https:\/\/pans.krosno.pl\/itacademy\/#website"},"datePublished":"2021-04-20T12:54:03+00:00","dateModified":"2021-04-21T09:19:26+00:00","breadcrumb":{"@id":"https:\/\/pans.krosno.pl\/itacademy\/zasady-otrzymania-certyfikatu\/#breadcrumb"},"inLanguage":"pl-PL","potentialAction":[{"@type":"ReadAction","target":["https:\/\/pans.krosno.pl\/itacademy\/zasady-otrzymania-certyfikatu\/"]}]},{"@type":"BreadcrumbList","@id":"https:\/\/pans.krosno.pl\/itacademy\/zasady-otrzymania-certyfikatu\/#breadcrumb","itemListElement":[{"@type":"ListItem","position":1,"name":"Strona g\u0142\u00f3wna","item":"https:\/\/pans.krosno.pl\/itacademy\/"},{"@type":"ListItem","position":2,"name":"Zasady otrzymania Certyfikatu"}]},{"@type":"WebSite","@id":"https:\/\/pans.krosno.pl\/itacademy\/#website","url":"https:\/\/pans.krosno.pl\/itacademy\/","name":"IT ACADEMY przy KPU KROSNO","description":"IT ACADEMY - Pa\u0144stwowa Akademia Nauk Stosowanych","publisher":{"@id":"https:\/\/pans.krosno.pl\/itacademy\/#organization"},"potentialAction":[{"@type":"SearchAction","target":{"@type":"EntryPoint","urlTemplate":"https:\/\/pans.krosno.pl\/itacademy\/?s={search_term_string}"},"query-input":{"@type":"PropertyValueSpecification","valueRequired":true,"valueName":"search_term_string"}}],"inLanguage":"pl-PL"},{"@type":"Organization","@id":"https:\/\/pans.krosno.pl\/itacademy\/#organization","name":"IT ACADEMY przy KPU KROSNO","url":"https:\/\/pans.krosno.pl\/itacademy\/","logo":{"@type":"ImageObject","inLanguage":"pl-PL","@id":"https:\/\/pans.krosno.pl\/itacademy\/#\/schema\/logo\/image\/","url":"","contentUrl":"","caption":"IT ACADEMY przy KPU KROSNO"},"image":{"@id":"https:\/\/pans.krosno.pl\/itacademy\/#\/schema\/logo\/image\/"}}]}},"_links":{"self":[{"href":"https:\/\/pans.krosno.pl\/itacademy\/wp-json\/wp\/v2\/pages\/86","targetHints":{"allow":["GET"]}}],"collection":[{"href":"https:\/\/pans.krosno.pl\/itacademy\/wp-json\/wp\/v2\/pages"}],"about":[{"href":"https:\/\/pans.krosno.pl\/itacademy\/wp-json\/wp\/v2\/types\/page"}],"author":[{"embeddable":true,"href":"https:\/\/pans.krosno.pl\/itacademy\/wp-json\/wp\/v2\/users\/27"}],"replies":[{"embeddable":true,"href":"https:\/\/pans.krosno.pl\/itacademy\/wp-json\/wp\/v2\/comments?post=86"}],"version-history":[{"count":1,"href":"https:\/\/pans.krosno.pl\/itacademy\/wp-json\/wp\/v2\/pages\/86\/revisions"}],"predecessor-version":[{"id":87,"href":"https:\/\/pans.krosno.pl\/itacademy\/wp-json\/wp\/v2\/pages\/86\/revisions\/87"}],"wp:attachment":[{"href":"https:\/\/pans.krosno.pl\/itacademy\/wp-json\/wp\/v2\/media?parent=86"}],"curies":[{"name":"wp","href":"https:\/\/api.w.org\/{rel}","templated":true}]}}