{"id":84,"date":"2021-04-20T14:53:44","date_gmt":"2021-04-20T12:53:44","guid":{"rendered":"https:\/\/pans.krosno.pl\/itacademy\/?page_id=84"},"modified":"2021-04-21T12:30:00","modified_gmt":"2021-04-21T10:30:00","slug":"o-akademii","status":"publish","type":"page","link":"https:\/\/pans.krosno.pl\/itacademy\/o-akademii\/","title":{"rendered":"O Akademii"},"content":{"rendered":"\n<p><strong>Co to jest IT Academy Lokalna ?<\/strong><br>Jest to umowa podpisywana pomi\u0119dzy Uczelni\u0105, a firm\u0105 Microsoft Polska maj\u0105ca na celu wsp\u00f3\u0142prac\u0119 w obszarze edukacji zwi\u0105zanej z nowoczesnymi technologiami informatycznymi. W ramach tego programu Uczelnia corocznie otrzymuje grant edukacyjny, kt\u00f3ry mo\u017ce wykorzysta\u0107 na rozw\u00f3j wiedzy, umiej\u0119tno\u015bci oraz certyfikacj\u0119 pracownik\u00f3w uczelni prowadz\u0105cych zaj\u0119cia dydaktyczne.<\/p>\n\n\n\n<hr class=\"wp-block-separator\" \/>\n\n\n\n<p><strong>IT Akademia<\/strong><br><a href=\"https:\/\/pans.krosno.pl\/pracownicy\/mgr-robert-rajs\/\" target=\"_blank\" rel=\"noreferrer noopener\">mgr Robert Rajs<\/a>\u00a0\u2013\u00a0<strong>Kierownik<\/strong><br>tel. 013-43-755-60<br>e-mail:\u00a0<a href=\"mailto:ip@pans.krosno.pl\">robert.rajs@pans.krosno.pl<\/a><br>ul. Wyspia\u0144skiego 20, 38-400 Krosno<\/p>\n\n\n\n<!--more-->\n<!--noteaser-->\n\n\n\n<p><strong>Co to jest IT Academy Lokalna ?<\/strong><\/p>\n\n\n\n<p><strong>Jest to umowa podpisywana pomi\u0119dzy Uczelni\u0105, a firm\u0105 Microsoft Polska maj\u0105ca na celu wsp\u00f3\u0142prac\u0119 w obszarze edukacji zwi\u0105zanej z nowoczesnymi technologiami informatycznymi. W ramach tego programu Uczelnia corocznie otrzymuje grant edukacyjny, kt\u00f3ry mo\u017ce wykorzysta\u0107 na rozw\u00f3j wiedzy, umiej\u0119tno\u015bci oraz certyfikacj\u0119 pracownik\u00f3w uczelni prowadz\u0105cych zaj\u0119cia dydaktyczne.<\/strong><\/p>\n\n\n\n<p>Projekt IT Academy Lokalnej mo\u017ce dotyczy\u0107 wszystkich Wydzia\u0142\u00f3w (Instytut\u00f3w) na Uczelni. Program skierowany do Uczelni zainteresowanych nauczaniem podstaw obs\u0142ugi komputera w szczeg\u00f3lno\u015bci Microsoft Office 2007\/2010. Umo\u017cliwia on rozszerzenie oferty dydaktycznej o oficjalne kursy firmy Microsoft u\u0142atwiaj\u0105ce zdobycie cennego certyfikatu. Dodatkowo zapewnia wyposa\u017cenie laboratori\u00f3w w niezb\u0119dne oprogramowanie. Jest to model kszta\u0142cenia ustawicznego, ukierunkowanego na sta\u0142e podnoszenie umiej\u0119tno\u015bci i rozw\u00f3j kadr pracowniczych.<\/p>\n\n\n\n<p>Program ten zosta\u0142 pomy\u015blany jako globalne rozwi\u0105zanie edukacyjne, \u0142\u0105cz\u0105ce kadry nauczycielskie, student\u00f3w, i spo\u0142eczno\u015bci. Program dociera do uczni\u00f3w i student\u00f3w, kt\u00f3rzy dopiero rozpoczynaj\u0105 swoj\u0105 przygod\u0119 z IT i umo\u017cliwia im ci\u0105g\u0142y rozw\u00f3j towarzysz\u0105c im wraz z przebiegiem ich kariery zawodowej. Program to propozycja edukacji ustawicznej, ukierunkowanej na sta\u0142e podnoszenie kwalifikacji. W programie mog\u0105 bra\u0107 udzia\u0142 wszystkie szko\u0142y wy\u017csze oraz akredytowane instytucje oferuj\u0105ce mo\u017cliwo\u015b\u0107 kszta\u0142cenia ustawicznego.<\/p>\n\n\n\n<p>Uczestnictwo w programie oznacza szczeg\u00f3lne oszcz\u0119dno\u015bci i dost\u0119p do materia\u0142\u00f3w umo\u017cliwiaj\u0105cych realizacj\u0119 szerokiego i kompletnego materia\u0142u edukacyjnego, dzi\u0119ki kt\u00f3remu Pa\u0144stwa instytucja uzyska w Waszej spo\u0142eczno\u015bci pozycj\u0119 innowacyjnego lidera w nauczaniu technologii informatycznych. Ka\u017cdy poziom cz\u0142onkostwa wi\u0105\u017ce si\u0119 z mo\u017cliwo\u015bci\u0105 korzystania z szerokiej gamy narz\u0119dzi i zasob\u00f3w, wspomagaj\u0105cych proces przekazywania wiedzy o technologiach Microsoft.<\/p>\n\n\n\n<p>Pa\u0144stwowa Wy\u017csza Szko\u0142a Zawodowa w Kro\u015bnie b\u0119d\u0105c uczestnikiem programu IT ACADEMY dostanie pozwolenie na korzystanie w szerokim zakresie z oprogramowania firmy Microsoft w celach dydaktycznych. Dzi\u0119ki temu studenci po uko\u0144czeniu zaj\u0119\u0107 praktycznych dotycz\u0105cych zarz\u0105dzania systemem np. Microsoft Windows Server 2003 (studenci SSI) otrzymuj\u0105 oryginalne certyfikaty potwierdzaj\u0105ce zdobyte umiej\u0119tno\u015bci. Zasady otrzymania certyfikat\u00f3w musz\u0105 by\u0107 uzgodnione z prowadz\u0105cym i zaj\u0119cia dydaktyczne po spe\u0142nieniu warunku \u2013 wprowadzenie do tre\u015bci kszta\u0142cenia zagadnie\u0144 z materia\u0142\u00f3w dydaktycznych, kt\u00f3re uczelnia uzyskuje po adaptacji IT Academy.Student, kt\u00f3ry pragnie otrzyma\u0107 taki certyfikat powinien zdoby\u0107 najwy\u017csze stopnie w ci\u0105gu procesu dydaktycznego z danego przedmiotu.IT Academy dzia\u0142a ju\u017c w wielu o\u015brodkach akademickich. Politechnika Rzeszowska (z kt\u00f3r\u0105 nawi\u0105zali\u015bmy kontakty) jest w tej chwili najbardziej zaawansowanym o\u015brodkiem akademickim, kt\u00f3ry wprowadzi\u0142 kilka lat temu IT Academy.Doskonale sprawdza si\u0119 to rozwi\u0105zanie np. w PWSZ Pi\u0142a. IT Academy Lokalna &#8211; Wst\u0119pne warunkiUczelnia musi mie\u0107 wykupion\u0105 subskrypcj\u0119 MSDN AA \u2013 co roku j\u0105 wykupujemy; warunek spe\u0142niony.<\/p>\n\n\n\n<p>1. Uczelnia powinna by\u0107 z dwustopniowym systemem nauczania. Nie spe\u0142niamy tego warunku. Pomimo to, opiekun Microsoft wszystkich IT Academy Lokalnych, zapewnia, \u017ce ten warunek nie musi by\u0107 spe\u0142niony.<\/p>\n\n\n\n<p><strong>Umowa<\/strong><br>1. Umowa jest podpisywana na 3 lata. Nowe umowy s\u0105 podpisywane w kwietniu ka\u017cdego roku.<br>2. Umow\u0119 powinien podpisa\u0107 Rektor Uczelni lub osoba maj\u0105ca upowa\u017cnienie do reprezentowania Uczelni na zewn\u0105trz.<br>3. Umow\u0119 mo\u017cna podpisa\u0107 zar\u00f3wno na ca\u0142\u0105 Uczelni\u0119, jak i na poszczeg\u00f3lne Wydzia\u0142y (Instytuty np. PWSZ Krosno). Ze wzgl\u0119d\u00f3w praktycznych, Microsoft poleca to pierwsze rozwi\u0105zanie. W takim przypadku do umowy za\u0142\u0105cza si\u0119 list\u0119 jednostek (Wydzia\u0142\u00f3w\/Instytut\u00f3w) zaanga\u017cowanych w realizacj\u0119 umowy.<br>4. W\u0142adze Uczelni, b\u0105d\u017a te\u017c Wydzia\u0142u\/Instytutu, podpisuj\u0105c umow\u0119 powinny wyznaczy\u0107 opiekuna IT Academy(ITA), czyli osob\u0119, kt\u00f3ra jest przedstawicielem danej jednostki(lub ca\u0142ej Uczelni) w kontaktach z Microsoft.<br>5. Zadaniem naszego opiekuna ITA by\u0142aby koordynacja projektu tj. kontakt z Microsoft, wysy\u0142anie i uzupe\u0142nianie tabeli adopcji przedmiot\u00f3w, wsp\u00f3\u0142praca z wyk\u0142adowcami uczestnicz\u0105cymi w projekcie, wypisywanie za\u015bwiadcze\u0144 Microsoft, zarz\u0105dzanie grantem przyznanym przez Microsoft np. przeznaczenie grantu na szkolenia Microsoft, certyfikacje naszych pracownik\u00f3w, subskrypcje IT Academy Advanced(projekt, kt\u00f3ry umo\u017cliwia robienia kurs\u00f3w Microsoft dla firm oraz os\u00f3b zewn\u0119trznych o wiele bardziej zaawansowany ani\u017celi IT Academy Lokalna) itd.<\/p>\n\n\n\n<p><strong>Zobowi\u0105zania<\/strong><br>1. W zamian za przyst\u0105pienie do IT Akademii Lokalnej jeste\u015bmy zobowi\u0105zani do zaadoptowania przedmiot\u00f3w informatycznych z program\u00f3w studi\u00f3w.<br>2. Takie tabele adopcji przedmiot\u00f3w s\u0105 wysy\u0142ane do Microsoft co roku przez naszego opiekuna ITA. Ilo\u015b\u0107 zaadoptowanych przedmiot\u00f3w zale\u017cy od wyk\u0142adowc\u00f3w, kt\u00f3rzy b\u0119d\u0105 uczestniczy\u0107 w projekcie.<br>3. Je\u017celi np. przedmiot \u201eTechnologie Informacyjne\u201d prowadzony w Instytucie Kultury Fizycznej b\u0119dzie trwa\u0142 30 godzin. W\u00f3wczas, aby by\u0142 zaadoptowany nale\u017ca\u0142oby co najmniej 15 godzin (czyli co najmniej 50%) przeznaczy\u0107 na technologie Microsoft. W praktyce polega\u0142oby to na przeznaczeniu np. 20 godzin na pakiet Microsoft Office.<\/p>\n\n\n\n<p><strong>Korzy\u015bci z wprowadzenia IT Academy w PWSZ Krosno<\/strong><br>1. Presti\u017c uczelni ze wzgl\u0119du na mo\u017cliwo\u015b\u0107 wydawania Certyfikat\u00f3w dla student\u00f3w wszystkich kierunk\u00f3w studi\u00f3w od \u015bwiatowego lidera w oprogramowaniu informatycznym;<br>2. Korzy\u015bci medialne (prasa lokalna, telewizja lokalna, portale internetowe lokalne) \u2013 \u201epozytywna\u201d informacja medialna dla spo\u0142ecze\u0144stwa lokalnego w tym potencjalnych przysz\u0142ych naszych student\u00f3w;<br>3. Mo\u017cliwo\u015bci wykonywania szkole\u0144 komercyjnych (tradycyjne i e-learningowe) dla dowolnej grupy zawodowej; szkolenia mog\u0105 by\u0107 prowadzone na zasadach komercyjnych.<br>4. Na podstawie tabeli adopcji przedmiot\u00f3w, wyliczany jest grant na kolejny rok akademicki. Grant to ilo\u015b\u0107 zdobytych punkt\u00f3w, kt\u00f3re dostajemy co roku od Microsoft. Teoretycznie jest tak, \u017ce im wi\u0119cej przedmiot\u00f3w zaadoptowanych tym wi\u0119kszy grant dostajemy.<br>5. Grant otrzymany w ramach umowy mo\u017cna wykorzysta\u0107 na: szkolenia prowadzone na uczelniach w ramach przygotowanych materia\u0142\u00f3w dydaktycznych, dost\u0119p do szkole\u0144 elektronicznych, szkolenia w autoryzowanych centrach edukacyjnych, szkolenia z technik prowadzenia prezentacji, ksi\u0105\u017cki wydawnictwa MS Press, udzia\u0142 w konferencji typu TechEd oraz ITForum, subskrypcje ITAcademy Advanced, vouchery(zap\u0142ata za egzamin Microsoft) na egzaminy 72-XXX. w ramach zako\u0144czenia danego przedmiotu zaadoptowanego studenci z ocen\u0105 5,0 otrzymywaliby za\u015bwiadczenie Microsoft. By\u0142aby to tak\u017ce pewna forma motywacji dla student\u00f3w, kt\u00f3ra wp\u0142ywa na podnoszenie jako\u015bci kszta\u0142cenia.<br>6. Microsoft udost\u0119pnia gotowe darmowe materia\u0142y dydaktyczne, w postaci wyk\u0142ad\u00f3w i laboratori\u00f3w. Z tych materia\u0142\u00f3w mog\u0105(lub nie musz\u0105) korzysta\u0107 zatem wyk\u0142adowcy, kt\u00f3rzy uczestnicz\u0105 w projekcie. W praktyce obecnie tematyka tych materia\u0142\u00f3w mo\u017ce by\u0107 wykorzystana dla wyk\u0142adowc\u00f3w kszta\u0142c\u0105cych student\u00f3w Sieciowych System\u00f3w Informatycznych. Niemniej jednak tematyka materia\u0142\u00f3w co roku si\u0119 powi\u0119ksza.<\/p>\n\n\n\n<p><strong>Koszty<\/strong><br>Uczestnictwo w projekcie jest bezp\u0142atne. W ci\u0105gu trwania projektu jedyne co Microsoft nie pokrywa to dojazdy oraz zakwaterowanie na szkolenia Microsoft. Szkolenia te s\u0105 bezp\u0142atne i nie obowi\u0105zkowe; to zale\u017cy od Uczelni czy w danym roku kto\u015b pojedzie na szkolenie czy te\u017c nie. Dojazdy do szkole\u0144 z regu\u0142y pokrywa uczelnia w formie delegacji.<\/p>\n\n\n\n<p><strong>Coroczny harmonogram<\/strong><br>1. 15 maja \u2013 Microsoft wysy\u0142a opiekunowi ITA wz\u00f3r aktualnej tabeli adopcji.<br>2. 15 czerwca \u2013 Opiekun ITA wysy\u0142a do Microsoft protok\u00f3\u0142 wykorzystania grantu oraz uzupe\u0142nion\u0105 tabele adopcji na kolejny rok akademicki.<br>3. 10 lipca \u2013 Microsoft potwierdza przyznanie grantu.<br>4. Lipiec, Sierpie\u0144, Wrzesie\u0144 \u2013 Letnia edycja szkole\u0144 w ramach przygotowanych materia\u0142\u00f3w dydaktycznych.<br>5. Luty, Marzec \u2013 Zimowa edycja szkole\u0144 w ramach przygotowanych materia\u0142\u00f3w dydaktycznych.<br>6. 1 marca \u2013 Opiekun wysy\u0142a do Microsoft protoko\u0142y zaj\u0119\u0107 zrealizowanych w semestrze zimowym.<br>7. 15 czerwca \u2013 Opiekun wysy\u0142a do Microsoftu protoko\u0142y zaj\u0119\u0107 realizowanych w semestrze letnim.<\/p>\n","protected":false},"excerpt":{"rendered":"<p>Co to jest IT Academy Lokalna ?Jest to umowa podpisywana pomi\u0119dzy Uczelni\u0105, a firm\u0105 Microsoft Polska maj\u0105ca na celu wsp\u00f3\u0142prac\u0119 w obszarze edukacji zwi\u0105zanej z nowoczesnymi technologiami informatycznymi. W ramach tego programu Uczelnia corocznie otrzymuje grant edukacyjny, kt\u00f3ry mo\u017ce wykorzysta\u0107 na rozw\u00f3j wiedzy, umiej\u0119tno\u015bci oraz certyfikacj\u0119 pracownik\u00f3w uczelni prowadz\u0105cych zaj\u0119cia [\u2026] <\/p>\n<div class=\"clear\"><\/div>\n<p><a class=\"more_link clearfix\" href=\"https:\/\/pans.krosno.pl\/itacademy\/o-akademii\/\" rel=\"nofollow\">Read More<\/a><\/p>\n","protected":false},"author":27,"featured_media":22,"parent":0,"menu_order":0,"comment_status":"closed","ping_status":"closed","template":"page-templates\/template-full-width.php","meta":{"ngg_post_thumbnail":0,"footnotes":""},"class_list":["post-84","page","type-page","status-publish","has-post-thumbnail","hentry"],"yoast_head":"<!-- This site is optimized with the Yoast SEO Premium plugin v27.4 (Yoast SEO v27.4) - https:\/\/yoast.com\/product\/yoast-seo-premium-wordpress\/ -->\n<title>O Akademii - IT ACADEMY - PANS w Kro\u015bnie<\/title>\n<meta name=\"robots\" content=\"index, follow, max-snippet:-1, max-image-preview:large, max-video-preview:-1\" \/>\n<link rel=\"canonical\" href=\"https:\/\/pans.krosno.pl\/itacademy\/o-akademii\/\" \/>\n<meta property=\"og:locale\" content=\"pl_PL\" \/>\n<meta property=\"og:type\" content=\"article\" \/>\n<meta property=\"og:title\" content=\"O Akademii\" \/>\n<meta property=\"og:description\" content=\"Co to jest IT Academy Lokalna ?Jest to umowa podpisywana pomi\u0119dzy Uczelni\u0105, a firm\u0105 Microsoft Polska maj\u0105ca na celu wsp\u00f3\u0142prac\u0119 w obszarze edukacji zwi\u0105zanej z nowoczesnymi technologiami informatycznymi. W ramach tego programu Uczelnia corocznie otrzymuje grant edukacyjny, kt\u00f3ry mo\u017ce wykorzysta\u0107 na rozw\u00f3j wiedzy, umiej\u0119tno\u015bci oraz certyfikacj\u0119 pracownik\u00f3w uczelni prowadz\u0105cych zaj\u0119cia [\u2026] Read More\" \/>\n<meta property=\"og:url\" content=\"https:\/\/pans.krosno.pl\/itacademy\/o-akademii\/\" \/>\n<meta property=\"og:site_name\" content=\"IT ACADEMY - PANS w Kro\u015bnie\" \/>\n<meta property=\"article:modified_time\" content=\"2021-04-21T10:30:00+00:00\" \/>\n<meta property=\"og:image\" content=\"https:\/\/pans.krosno.pl\/wp-content\/uploads\/sites\/57\/2021\/04\/12_6.jpg\" \/>\n\t<meta property=\"og:image:width\" content=\"800\" \/>\n\t<meta property=\"og:image:height\" content=\"452\" \/>\n\t<meta property=\"og:image:type\" content=\"image\/jpeg\" \/>\n<meta name=\"twitter:card\" content=\"summary_large_image\" \/>\n<meta name=\"twitter:label1\" content=\"Szacowany czas czytania\" \/>\n\t<meta name=\"twitter:data1\" content=\"7 minut\" \/>\n<script type=\"application\/ld+json\" class=\"yoast-schema-graph\">{\"@context\":\"https:\\\/\\\/schema.org\",\"@graph\":[{\"@type\":\"WebPage\",\"@id\":\"https:\\\/\\\/pans.krosno.pl\\\/itacademy\\\/o-akademii\\\/\",\"url\":\"https:\\\/\\\/pans.krosno.pl\\\/itacademy\\\/o-akademii\\\/\",\"name\":\"O Akademii - IT ACADEMY - PANS w Kro\u015bnie\",\"isPartOf\":{\"@id\":\"https:\\\/\\\/pans.krosno.pl\\\/itacademy\\\/#website\"},\"primaryImageOfPage\":{\"@id\":\"https:\\\/\\\/pans.krosno.pl\\\/itacademy\\\/o-akademii\\\/#primaryimage\"},\"image\":{\"@id\":\"https:\\\/\\\/pans.krosno.pl\\\/itacademy\\\/o-akademii\\\/#primaryimage\"},\"thumbnailUrl\":\"https:\\\/\\\/pans.krosno.pl\\\/itacademy\\\/wp-content\\\/uploads\\\/sites\\\/57\\\/2021\\\/04\\\/12_6.jpg\",\"datePublished\":\"2021-04-20T12:53:44+00:00\",\"dateModified\":\"2021-04-21T10:30:00+00:00\",\"breadcrumb\":{\"@id\":\"https:\\\/\\\/pans.krosno.pl\\\/itacademy\\\/o-akademii\\\/#breadcrumb\"},\"inLanguage\":\"pl-PL\",\"potentialAction\":[{\"@type\":\"ReadAction\",\"target\":[\"https:\\\/\\\/pans.krosno.pl\\\/itacademy\\\/o-akademii\\\/\"]}]},{\"@type\":\"ImageObject\",\"inLanguage\":\"pl-PL\",\"@id\":\"https:\\\/\\\/pans.krosno.pl\\\/itacademy\\\/o-akademii\\\/#primaryimage\",\"url\":\"https:\\\/\\\/pans.krosno.pl\\\/itacademy\\\/wp-content\\\/uploads\\\/sites\\\/57\\\/2021\\\/04\\\/12_6.jpg\",\"contentUrl\":\"https:\\\/\\\/pans.krosno.pl\\\/itacademy\\\/wp-content\\\/uploads\\\/sites\\\/57\\\/2021\\\/04\\\/12_6.jpg\",\"width\":800,\"height\":452},{\"@type\":\"BreadcrumbList\",\"@id\":\"https:\\\/\\\/pans.krosno.pl\\\/itacademy\\\/o-akademii\\\/#breadcrumb\",\"itemListElement\":[{\"@type\":\"ListItem\",\"position\":1,\"name\":\"Strona g\u0142\u00f3wna\",\"item\":\"https:\\\/\\\/pans.krosno.pl\\\/itacademy\\\/\"},{\"@type\":\"ListItem\",\"position\":2,\"name\":\"O Akademii\"}]},{\"@type\":\"WebSite\",\"@id\":\"https:\\\/\\\/pans.krosno.pl\\\/itacademy\\\/#website\",\"url\":\"https:\\\/\\\/pans.krosno.pl\\\/itacademy\\\/\",\"name\":\"IT ACADEMY przy KPU KROSNO\",\"description\":\"IT ACADEMY - Pa\u0144stwowa Akademia Nauk Stosowanych\",\"publisher\":{\"@id\":\"https:\\\/\\\/pans.krosno.pl\\\/itacademy\\\/#organization\"},\"potentialAction\":[{\"@type\":\"SearchAction\",\"target\":{\"@type\":\"EntryPoint\",\"urlTemplate\":\"https:\\\/\\\/pans.krosno.pl\\\/itacademy\\\/?s={search_term_string}\"},\"query-input\":{\"@type\":\"PropertyValueSpecification\",\"valueRequired\":true,\"valueName\":\"search_term_string\"}}],\"inLanguage\":\"pl-PL\"},{\"@type\":\"Organization\",\"@id\":\"https:\\\/\\\/pans.krosno.pl\\\/itacademy\\\/#organization\",\"name\":\"IT ACADEMY przy KPU KROSNO\",\"url\":\"https:\\\/\\\/pans.krosno.pl\\\/itacademy\\\/\",\"logo\":{\"@type\":\"ImageObject\",\"inLanguage\":\"pl-PL\",\"@id\":\"https:\\\/\\\/pans.krosno.pl\\\/itacademy\\\/#\\\/schema\\\/logo\\\/image\\\/\",\"url\":\"\",\"contentUrl\":\"\",\"caption\":\"IT ACADEMY przy KPU KROSNO\"},\"image\":{\"@id\":\"https:\\\/\\\/pans.krosno.pl\\\/itacademy\\\/#\\\/schema\\\/logo\\\/image\\\/\"}}]}<\/script>\n<!-- \/ Yoast SEO Premium plugin. -->","yoast_head_json":{"title":"O Akademii - IT ACADEMY - PANS w Kro\u015bnie","robots":{"index":"index","follow":"follow","max-snippet":"max-snippet:-1","max-image-preview":"max-image-preview:large","max-video-preview":"max-video-preview:-1"},"canonical":"https:\/\/pans.krosno.pl\/itacademy\/o-akademii\/","og_locale":"pl_PL","og_type":"article","og_title":"O Akademii","og_description":"Co to jest IT Academy Lokalna ?Jest to umowa podpisywana pomi\u0119dzy Uczelni\u0105, a firm\u0105 Microsoft Polska maj\u0105ca na celu wsp\u00f3\u0142prac\u0119 w obszarze edukacji zwi\u0105zanej z nowoczesnymi technologiami informatycznymi. W ramach tego programu Uczelnia corocznie otrzymuje grant edukacyjny, kt\u00f3ry mo\u017ce wykorzysta\u0107 na rozw\u00f3j wiedzy, umiej\u0119tno\u015bci oraz certyfikacj\u0119 pracownik\u00f3w uczelni prowadz\u0105cych zaj\u0119cia [\u2026] Read More","og_url":"https:\/\/pans.krosno.pl\/itacademy\/o-akademii\/","og_site_name":"IT ACADEMY - PANS w Kro\u015bnie","article_modified_time":"2021-04-21T10:30:00+00:00","og_image":[{"width":800,"height":452,"url":"https:\/\/pans.krosno.pl\/wp-content\/uploads\/sites\/57\/2021\/04\/12_6.jpg","type":"image\/jpeg"}],"twitter_card":"summary_large_image","twitter_misc":{"Szacowany czas czytania":"7 minut"},"schema":{"@context":"https:\/\/schema.org","@graph":[{"@type":"WebPage","@id":"https:\/\/pans.krosno.pl\/itacademy\/o-akademii\/","url":"https:\/\/pans.krosno.pl\/itacademy\/o-akademii\/","name":"O Akademii - IT ACADEMY - PANS w Kro\u015bnie","isPartOf":{"@id":"https:\/\/pans.krosno.pl\/itacademy\/#website"},"primaryImageOfPage":{"@id":"https:\/\/pans.krosno.pl\/itacademy\/o-akademii\/#primaryimage"},"image":{"@id":"https:\/\/pans.krosno.pl\/itacademy\/o-akademii\/#primaryimage"},"thumbnailUrl":"https:\/\/pans.krosno.pl\/itacademy\/wp-content\/uploads\/sites\/57\/2021\/04\/12_6.jpg","datePublished":"2021-04-20T12:53:44+00:00","dateModified":"2021-04-21T10:30:00+00:00","breadcrumb":{"@id":"https:\/\/pans.krosno.pl\/itacademy\/o-akademii\/#breadcrumb"},"inLanguage":"pl-PL","potentialAction":[{"@type":"ReadAction","target":["https:\/\/pans.krosno.pl\/itacademy\/o-akademii\/"]}]},{"@type":"ImageObject","inLanguage":"pl-PL","@id":"https:\/\/pans.krosno.pl\/itacademy\/o-akademii\/#primaryimage","url":"https:\/\/pans.krosno.pl\/itacademy\/wp-content\/uploads\/sites\/57\/2021\/04\/12_6.jpg","contentUrl":"https:\/\/pans.krosno.pl\/itacademy\/wp-content\/uploads\/sites\/57\/2021\/04\/12_6.jpg","width":800,"height":452},{"@type":"BreadcrumbList","@id":"https:\/\/pans.krosno.pl\/itacademy\/o-akademii\/#breadcrumb","itemListElement":[{"@type":"ListItem","position":1,"name":"Strona g\u0142\u00f3wna","item":"https:\/\/pans.krosno.pl\/itacademy\/"},{"@type":"ListItem","position":2,"name":"O Akademii"}]},{"@type":"WebSite","@id":"https:\/\/pans.krosno.pl\/itacademy\/#website","url":"https:\/\/pans.krosno.pl\/itacademy\/","name":"IT ACADEMY przy KPU KROSNO","description":"IT ACADEMY - Pa\u0144stwowa Akademia Nauk Stosowanych","publisher":{"@id":"https:\/\/pans.krosno.pl\/itacademy\/#organization"},"potentialAction":[{"@type":"SearchAction","target":{"@type":"EntryPoint","urlTemplate":"https:\/\/pans.krosno.pl\/itacademy\/?s={search_term_string}"},"query-input":{"@type":"PropertyValueSpecification","valueRequired":true,"valueName":"search_term_string"}}],"inLanguage":"pl-PL"},{"@type":"Organization","@id":"https:\/\/pans.krosno.pl\/itacademy\/#organization","name":"IT ACADEMY przy KPU KROSNO","url":"https:\/\/pans.krosno.pl\/itacademy\/","logo":{"@type":"ImageObject","inLanguage":"pl-PL","@id":"https:\/\/pans.krosno.pl\/itacademy\/#\/schema\/logo\/image\/","url":"","contentUrl":"","caption":"IT ACADEMY przy KPU KROSNO"},"image":{"@id":"https:\/\/pans.krosno.pl\/itacademy\/#\/schema\/logo\/image\/"}}]}},"_links":{"self":[{"href":"https:\/\/pans.krosno.pl\/itacademy\/wp-json\/wp\/v2\/pages\/84","targetHints":{"allow":["GET"]}}],"collection":[{"href":"https:\/\/pans.krosno.pl\/itacademy\/wp-json\/wp\/v2\/pages"}],"about":[{"href":"https:\/\/pans.krosno.pl\/itacademy\/wp-json\/wp\/v2\/types\/page"}],"author":[{"embeddable":true,"href":"https:\/\/pans.krosno.pl\/itacademy\/wp-json\/wp\/v2\/users\/27"}],"replies":[{"embeddable":true,"href":"https:\/\/pans.krosno.pl\/itacademy\/wp-json\/wp\/v2\/comments?post=84"}],"version-history":[{"count":4,"href":"https:\/\/pans.krosno.pl\/itacademy\/wp-json\/wp\/v2\/pages\/84\/revisions"}],"predecessor-version":[{"id":165,"href":"https:\/\/pans.krosno.pl\/itacademy\/wp-json\/wp\/v2\/pages\/84\/revisions\/165"}],"wp:featuredmedia":[{"embeddable":true,"href":"https:\/\/pans.krosno.pl\/itacademy\/wp-json\/wp\/v2\/media\/22"}],"wp:attachment":[{"href":"https:\/\/pans.krosno.pl\/itacademy\/wp-json\/wp\/v2\/media?parent=84"}],"curies":[{"name":"wp","href":"https:\/\/api.w.org\/{rel}","templated":true}]}}