{"id":15,"date":"2021-04-20T12:46:40","date_gmt":"2021-04-20T10:46:40","guid":{"rendered":"https:\/\/pans.krosno.pl\/itacademy\/?page_id=15"},"modified":"2021-04-21T11:19:26","modified_gmt":"2021-04-21T09:19:26","slug":"nowe-aktualnosci","status":"publish","type":"page","link":"https:\/\/pans.krosno.pl\/itacademy\/nowe-aktualnosci\/","title":{"rendered":"Aktualno\u015bci"},"content":{"rendered":"\n<hr class=\"wp-block-separator\" \/>\n\n\n<ul class=\"wp-block-latest-posts__list has-dates wp-block-latest-posts\"><li><div class=\"wp-block-latest-posts__featured-image alignleft\"><img loading=\"lazy\" decoding=\"async\" width=\"150\" height=\"150\" src=\"https:\/\/pans.krosno.pl\/itacademy\/wp-content\/uploads\/sites\/57\/2021\/04\/12_2-150x150.jpg\" class=\"attachment-thumbnail size-thumbnail wp-post-image\" alt=\"\" style=\"\" \/><\/div><a class=\"wp-block-latest-posts__post-title\" href=\"https:\/\/pans.krosno.pl\/itacademy\/2016\/04\/20\/certyfikacja-umiejetnosci-informatycznych-na-kierunku-informatyka\/\">Certyfikacja umiej\u0119tno\u015bci informatycznych na kierunku Informatyka<\/a><time datetime=\"2016-04-20T12:38:42+02:00\" class=\"wp-block-latest-posts__post-date\">20 kwietnia 2016<\/time><div class=\"wp-block-latest-posts__post-excerpt\">Certyfikacja umiej\u0119tno\u015bci informatycznych na kierunku Informatyka W dniu 7 kwietnia 2016 roku w Sali 101 przy ulicy Wyspia\u0144skiego 20, w sali laboratoryjnej studenci III roku studi\u00f3w stacjonarnych z Kierunku Informatyka \u2013 specjalno\u015b\u0107 Bazy danych uzyskali nowe kompetencje informatyczne w postaci Certyfikat\u00f3w w ramach IT Academy Microsoft w PWSZ Krosno. Studenci uczestnicz\u0105c w zaj\u0119ciach, wykonywali projekty [\u2026] <div class=\"clear\"><\/div><a class=\"more_link clearfix\" href=\"https:\/\/pans.krosno.pl\/itacademy\/2016\/04\/20\/certyfikacja-umiejetnosci-informatycznych-na-kierunku-informatyka\/\" rel=\"nofollow\">Read More<\/a><\/div><\/li>\n<li><div class=\"wp-block-latest-posts__featured-image alignleft\"><img loading=\"lazy\" decoding=\"async\" width=\"150\" height=\"150\" src=\"https:\/\/pans.krosno.pl\/itacademy\/wp-content\/uploads\/sites\/57\/2021\/04\/DSC_0286-150x150.jpg\" class=\"attachment-thumbnail size-thumbnail wp-post-image\" alt=\"\" style=\"\" \/><\/div><a class=\"wp-block-latest-posts__post-title\" href=\"https:\/\/pans.krosno.pl\/itacademy\/2016\/01\/20\/certyfikacja-umiejetnosci-informatycznych-na-kierunku-zarzadzanie\/\">Certyfikacja umiej\u0119tno\u015bci informatycznych na kierunku Zarz\u0105dzanie<\/a><time datetime=\"2016-01-20T12:44:21+01:00\" class=\"wp-block-latest-posts__post-date\">20 stycznia 2016<\/time><div class=\"wp-block-latest-posts__post-excerpt\">Studenci II-go roku na Kierunku Zarz\u0105dzanie uzyskali nowe kompetencje informatyczne w postaci Certyfikat\u00f3w w ramach IT Academy Microsoft w PWSZ Krosno . W dniu 29.01.2016 r w Sali 108 w budynku PWSZ Krosno przy ulicy Wyspia\u0144skiego wyr\u00f3\u017cnieni studenci II-go roku, otrzymali Certyfikaty. Wcze\u015bniej z\u0142o\u017cyli swoje projekty, kt\u00f3re zosta\u0142y ocenione pozytywnie. Studenci uczestniczyli w dodatkowych zaj\u0119ciach, [\u2026] <div class=\"clear\"><\/div><a class=\"more_link clearfix\" href=\"https:\/\/pans.krosno.pl\/itacademy\/2016\/01\/20\/certyfikacja-umiejetnosci-informatycznych-na-kierunku-zarzadzanie\/\" rel=\"nofollow\">Read More<\/a><\/div><\/li>\n<li><div class=\"wp-block-latest-posts__featured-image alignleft\"><img loading=\"lazy\" decoding=\"async\" width=\"150\" height=\"150\" src=\"https:\/\/pans.krosno.pl\/itacademy\/wp-content\/uploads\/sites\/57\/2021\/04\/IMG_0665-150x150.jpg\" class=\"attachment-thumbnail size-thumbnail wp-post-image\" alt=\"\" style=\"\" \/><\/div><a class=\"wp-block-latest-posts__post-title\" href=\"https:\/\/pans.krosno.pl\/itacademy\/2015\/04\/20\/certyfikaty-informatyczne-w-ramach-it-academy-microsoft-w-pwsz-krosno\/\">Certyfikaty informatyczne w ramach IT Academy Microsoft w PWSZ Krosno<\/a><time datetime=\"2015-04-20T12:56:12+02:00\" class=\"wp-block-latest-posts__post-date\">20 kwietnia 2015<\/time><div class=\"wp-block-latest-posts__post-excerpt\">Wyr\u00f3\u017cnieni studenci I-go roku kierunku Wychowanie fizyczne, kt\u00f3rzy z\u0142o\u017cyli swoje projekty otrzymali Certyfikaty, kt\u00f3re wr\u0119cza\u0142 Kierownik Zak\u0142adu Wychowanie Fizyczne pan dr Krzysztof Fr\u0105czek oraz Koordynator IT Academy PWSZ w Kro\u015bnie Panem mgr Robert Rajs. Studenci I-go roku Wychowania fizycznego uczestniczyli w dodatkowych zaj\u0119ciach, na kt\u00f3rych wykonywali projekty informatyczne. Po z\u0142o\u017ceniu projekt\u00f3w i ich ocenie oraz [\u2026] <div class=\"clear\"><\/div><a class=\"more_link clearfix\" href=\"https:\/\/pans.krosno.pl\/itacademy\/2015\/04\/20\/certyfikaty-informatyczne-w-ramach-it-academy-microsoft-w-pwsz-krosno\/\" rel=\"nofollow\">Read More<\/a><\/div><\/li>\n<li><div class=\"wp-block-latest-posts__featured-image alignleft\"><img loading=\"lazy\" decoding=\"async\" width=\"150\" height=\"150\" src=\"https:\/\/pans.krosno.pl\/itacademy\/wp-content\/uploads\/sites\/57\/2021\/04\/10_1-150x150.jpg\" class=\"attachment-thumbnail size-thumbnail wp-post-image\" alt=\"\" style=\"\" \/><\/div><a class=\"wp-block-latest-posts__post-title\" href=\"https:\/\/pans.krosno.pl\/itacademy\/2015\/04\/20\/pwsz-krosno-potwierdza-swoja-mocna-pozycje-i-jakosc\/\">PWSZ Krosno potwierdza swoj\u0105 mocn\u0105 pozycj\u0119 i jako\u015b\u0107<\/a><time datetime=\"2015-04-20T12:53:08+02:00\" class=\"wp-block-latest-posts__post-date\">20 kwietnia 2015<\/time><div class=\"wp-block-latest-posts__post-excerpt\">W dniach 25.09 \u2013 26.09.2015 r. przedstawiciel Pa\u0144stwowej Wy\u017cszej Szko\u0142y Zawodowej w Kro\u015bnie wzi\u0105\u0142 udzia\u0142 w Konferencji Akademickiej w Centrali Microsoft Polska w ramach programu IT Academy Microsoft, kt\u00f3ry kro\u015bnie\u0144ska uczelnia podpisa\u0142a kilka lat temu. W rozpoczynaj\u0105cym si\u0119 roku akademickim 2015\/2016 Microsoft Polska przed\u0142u\u017cy\u0142a z kro\u015bnie\u0144sk\u0105 uczelni\u0105 umow\u0119, kt\u00f3ra pozwala m.in. na certyfikowanie informatyczne najlepszych [\u2026] <div class=\"clear\"><\/div><a class=\"more_link clearfix\" href=\"https:\/\/pans.krosno.pl\/itacademy\/2015\/04\/20\/pwsz-krosno-potwierdza-swoja-mocna-pozycje-i-jakosc\/\" rel=\"nofollow\">Read More<\/a><\/div><\/li>\n<li><div class=\"wp-block-latest-posts__featured-image alignleft\"><img loading=\"lazy\" decoding=\"async\" width=\"150\" height=\"150\" src=\"https:\/\/pans.krosno.pl\/itacademy\/wp-content\/uploads\/sites\/57\/2021\/04\/SAM_0848-150x150.jpg\" class=\"attachment-thumbnail size-thumbnail wp-post-image\" alt=\"\" style=\"\" \/><\/div><a class=\"wp-block-latest-posts__post-title\" href=\"https:\/\/pans.krosno.pl\/itacademy\/2015\/01\/20\/prezentacja-produktow-uslug-i-narzedzi-informatycznych\/\">Prezentacja produkt\u00f3w, us\u0142ug i narz\u0119dzi informatycznych<\/a><time datetime=\"2015-01-20T12:56:34+01:00\" class=\"wp-block-latest-posts__post-date\">20 stycznia 2015<\/time><div class=\"wp-block-latest-posts__post-excerpt\">W ramach projektu IT Academy Microsoft PWSZ Krosno Studium Nauk Matematyczno-Przyrodniczych wraz z Zak\u0142adem Informatyki PWSZ Krosno im. Stanis\u0142awa Pigonia organizuje w dniu 26 stycznia 2015 roku w ramach (Dni Informatyki 26-27.01.2015) wraz z przedstawicielem firmy Microsoft Polska oraz z rzeszowsk\u0105 firm\u0105 SmainTech prezentacj\u0119 produkt\u00f3w firm, us\u0142ug i narz\u0119dzi informatycznych. Prezentacja b\u0119dzie po\u0142\u0105czona z warsztatami. [\u2026] <div class=\"clear\"><\/div><a class=\"more_link clearfix\" href=\"https:\/\/pans.krosno.pl\/itacademy\/2015\/01\/20\/prezentacja-produktow-uslug-i-narzedzi-informatycznych\/\" rel=\"nofollow\">Read More<\/a><\/div><\/li>\n<li><div class=\"wp-block-latest-posts__featured-image alignleft\"><img loading=\"lazy\" decoding=\"async\" width=\"150\" height=\"150\" src=\"https:\/\/pans.krosno.pl\/itacademy\/wp-content\/uploads\/sites\/57\/2021\/04\/1-1-150x150.jpg\" class=\"attachment-thumbnail size-thumbnail wp-post-image\" alt=\"\" style=\"\" \/><\/div><a class=\"wp-block-latest-posts__post-title\" href=\"https:\/\/pans.krosno.pl\/itacademy\/2014\/04\/20\/certyfikaty-informatyczne-w-ramach-it-academy-microsoft-w-pwsz-krosno-4\/\">Certyfikaty informatyczne w ramach IT Academy Microsoft w PWSZ Krosno<\/a><time datetime=\"2014-04-20T14:49:33+02:00\" class=\"wp-block-latest-posts__post-date\">20 kwietnia 2014<\/time><div class=\"wp-block-latest-posts__post-excerpt\">W dniu 15-go stycznia br. w sali wyk\u0142adowej przy ul. Wyspia\u0144skiego PWSZ w Kro\u015bnie zosta\u0142y wr\u0119czone Certyfikaty informatyczne w ramach IT Academy Microsoft.Studenci I-go roku Wychowania fizycznego oraz II-go roku Turystyka i Rekreacja uczestniczyli w dodatkowych zaj\u0119ciach, na kt\u00f3rych wykonywali projekty informatyczne. Po z\u0142o\u017ceniu projekt\u00f3w i ich ocenie oraz podpisaniu przez J.M. Rektora PWSZ w [\u2026] <div class=\"clear\"><\/div><a class=\"more_link clearfix\" href=\"https:\/\/pans.krosno.pl\/itacademy\/2014\/04\/20\/certyfikaty-informatyczne-w-ramach-it-academy-microsoft-w-pwsz-krosno-4\/\" rel=\"nofollow\">Read More<\/a><\/div><\/li>\n<li><div class=\"wp-block-latest-posts__featured-image alignleft\"><img loading=\"lazy\" decoding=\"async\" width=\"150\" height=\"150\" src=\"https:\/\/pans.krosno.pl\/itacademy\/wp-content\/uploads\/sites\/57\/2021\/04\/12-150x150.jpg\" class=\"attachment-thumbnail size-thumbnail wp-post-image\" alt=\"\" style=\"\" \/><\/div><a class=\"wp-block-latest-posts__post-title\" href=\"https:\/\/pans.krosno.pl\/itacademy\/2014\/04\/20\/certyfikaty-informatyczne-w-ramach-it-academy-microsoft-w-pwsz-krosno-2\/\">Certyfikaty informatyczne w ramach IT Academy Microsoft w PWSZ Krosno<\/a><time datetime=\"2014-04-20T14:46:42+02:00\" class=\"wp-block-latest-posts__post-date\">20 kwietnia 2014<\/time><div class=\"wp-block-latest-posts__post-excerpt\">16-go czerwca br. w auli Campusu PWSZ w Suchodole odby\u0142a si\u0119 uroczysto\u015b\u0107 wr\u0119czenia Certyfikat\u00f3w kolejnej grupie student\u00f3w. Tym razem w projekcie IT Academy Microsoft wzi\u0119li udzia\u0142 studenci 1-go roku In\u017cynierii \u015brodowiska. GratulujemyZesp\u00f3\u0142 IT Academy PWSZ w Kro\u015bnie<\/div><\/li>\n<li><div class=\"wp-block-latest-posts__featured-image alignleft\"><img loading=\"lazy\" decoding=\"async\" width=\"150\" height=\"150\" src=\"https:\/\/pans.krosno.pl\/itacademy\/wp-content\/uploads\/sites\/57\/2021\/04\/1-150x150.jpg\" class=\"attachment-thumbnail size-thumbnail wp-post-image\" alt=\"\" style=\"\" \/><\/div><a class=\"wp-block-latest-posts__post-title\" href=\"https:\/\/pans.krosno.pl\/itacademy\/2014\/01\/20\/certyfikaty-informatyczne-w-ramach-it-academy-microsoft-w-pwsz-krosno-3\/\">Certyfikaty informatyczne w ramach IT Academy Microsoft w PWSZ Krosno<\/a><time datetime=\"2014-01-20T14:48:10+01:00\" class=\"wp-block-latest-posts__post-date\">20 stycznia 2014<\/time><div class=\"wp-block-latest-posts__post-excerpt\">W dniu 13-go czerwca br. w obecno\u015bci Prof. ndzw. dr hab. in\u017c. W\u0142odzimierz W\u00f3jcik &#8211; Kierownika Zak\u0142adu Budownictwo PWSZ w Kro\u015bnie oraz dr in\u017c. Tomasza Pytlowanego oraz mgr Roberta Rajsa &#8211; kierownika IT Academy Microsoft PWSZ Krosno, odby\u0142a si\u0119 uroczysto\u015b\u0107 wr\u0119czenia Certyfikat\u00f3w informatycznych w ramach uczelnianej IT Academy najlepszym studentom Kierunku Budownictwo z 1-go i [\u2026] <div class=\"clear\"><\/div><a class=\"more_link clearfix\" href=\"https:\/\/pans.krosno.pl\/itacademy\/2014\/01\/20\/certyfikaty-informatyczne-w-ramach-it-academy-microsoft-w-pwsz-krosno-3\/\" rel=\"nofollow\">Read More<\/a><\/div><\/li>\n<li><div class=\"wp-block-latest-posts__featured-image alignleft\"><img loading=\"lazy\" decoding=\"async\" width=\"150\" height=\"150\" src=\"https:\/\/pans.krosno.pl\/itacademy\/wp-content\/uploads\/sites\/57\/2021\/04\/2-1-150x150.jpg\" class=\"attachment-thumbnail size-thumbnail wp-post-image\" alt=\"\" style=\"\" \/><\/div><a class=\"wp-block-latest-posts__post-title\" href=\"https:\/\/pans.krosno.pl\/itacademy\/2013\/04\/20\/wreczenie-certyfikatow-informatycznych-w-ramach-it-academy-microsoft\/\">Wr\u0119czenie certyfikat\u00f3w informatycznych w ramach IT Academy Microsoft<\/a><time datetime=\"2013-04-20T14:51:15+02:00\" class=\"wp-block-latest-posts__post-date\">20 kwietnia 2013<\/time><div class=\"wp-block-latest-posts__post-excerpt\">W dniu 19 stycznia 2012 roku w Rektoracie PWSZ nast\u0105pi\u0142o uroczyste wr\u0119czenie certyfikat\u00f3w informatycznych w ramach IT Academy Microsoft. W uroczysto\u015bci wr\u0119czenia niniejszych ceryfikat\u00f3w wzi\u0119li udzia\u0142 Rektor naszej uczelni prof. ndzw. dr hab. Janusz Grucha\u0142a, doc. dr in\u017c. Stanis\u0142aw Rymar- Kierownik Zak\u0142adu In\u017cynierii \u015arodowiska, Pani dr in\u017c. Bernadeta Rajchel oraz kordynator IT Academy Microsoft &#8211; [\u2026] <div class=\"clear\"><\/div><a class=\"more_link clearfix\" href=\"https:\/\/pans.krosno.pl\/itacademy\/2013\/04\/20\/wreczenie-certyfikatow-informatycznych-w-ramach-it-academy-microsoft\/\" rel=\"nofollow\">Read More<\/a><\/div><\/li>\n<li><div class=\"wp-block-latest-posts__featured-image alignleft\"><img loading=\"lazy\" decoding=\"async\" width=\"150\" height=\"150\" src=\"https:\/\/pans.krosno.pl\/itacademy\/wp-content\/uploads\/sites\/57\/2021\/04\/art3_1-150x150.jpg\" class=\"attachment-thumbnail size-thumbnail wp-post-image\" alt=\"\" style=\"\" \/><\/div><a class=\"wp-block-latest-posts__post-title\" href=\"https:\/\/pans.krosno.pl\/itacademy\/2012\/04\/20\/certyfikaty-it-academy-microsoft-na-kierunku-informatyka-wreczone\/\">Certyfikaty IT Academy Microsoft na kierunku Informatyka wr\u0119czone<\/a><time datetime=\"2012-04-20T14:52:31+02:00\" class=\"wp-block-latest-posts__post-date\">20 kwietnia 2012<\/time><div class=\"wp-block-latest-posts__post-excerpt\">Zaj\u0119cia, kt\u00f3re by\u0142y obj\u0119te certyfikacj\u0105 prowadzi\u0142 dr in\u017c. Bartosz Trybus a zako\u0144czone kursy w ramach przedmiot\u00f3w w toku studi\u00f3w to: Studenci, kt\u00f3rzy chcieli uczestniczy\u0107 w IT Academy Microsoft zostali poinformowani na pocz\u0105tku roku akademickiego 20010\/2011 o zasadach na jakich mog\u0105 otrzyma\u0107 certyfikat znanej firmy informatycznej Microsoft. PWSZ Krosno dzi\u0119ki podpisanej umowy z t\u0105 firm\u0105 od [\u2026] <div class=\"clear\"><\/div><a class=\"more_link clearfix\" href=\"https:\/\/pans.krosno.pl\/itacademy\/2012\/04\/20\/certyfikaty-it-academy-microsoft-na-kierunku-informatyka-wreczone\/\" rel=\"nofollow\">Read More<\/a><\/div><\/li>\n<\/ul>","protected":false},"excerpt":{"rendered":"","protected":false},"author":27,"featured_media":0,"parent":0,"menu_order":0,"comment_status":"closed","ping_status":"closed","template":"page-templates\/template-full-width.php","meta":{"ngg_post_thumbnail":0,"footnotes":""},"class_list":["post-15","page","type-page","status-publish","hentry"],"yoast_head":"<!-- This site is optimized with the Yoast SEO Premium plugin v27.4 (Yoast SEO v27.4) - https:\/\/yoast.com\/product\/yoast-seo-premium-wordpress\/ -->\n<title>Aktualno\u015bci - IT ACADEMY - PANS w Kro\u015bnie<\/title>\n<meta name=\"robots\" content=\"index, follow, max-snippet:-1, max-image-preview:large, max-video-preview:-1\" \/>\n<link rel=\"canonical\" href=\"https:\/\/pans.krosno.pl\/itacademy\/nowe-aktualnosci\/\" \/>\n<meta property=\"og:locale\" content=\"pl_PL\" \/>\n<meta property=\"og:type\" content=\"article\" \/>\n<meta property=\"og:title\" content=\"Aktualno\u015bci\" \/>\n<meta property=\"og:url\" content=\"https:\/\/pans.krosno.pl\/itacademy\/nowe-aktualnosci\/\" \/>\n<meta property=\"og:site_name\" content=\"IT ACADEMY - PANS w Kro\u015bnie\" \/>\n<meta property=\"article:modified_time\" content=\"2021-04-21T09:19:26+00:00\" \/>\n<meta name=\"twitter:card\" content=\"summary_large_image\" \/>\n<script type=\"application\/ld+json\" class=\"yoast-schema-graph\">{\"@context\":\"https:\\\/\\\/schema.org\",\"@graph\":[{\"@type\":\"WebPage\",\"@id\":\"https:\\\/\\\/pans.krosno.pl\\\/itacademy\\\/nowe-aktualnosci\\\/\",\"url\":\"https:\\\/\\\/pans.krosno.pl\\\/itacademy\\\/nowe-aktualnosci\\\/\",\"name\":\"Aktualno\u015bci - IT ACADEMY - PANS w Kro\u015bnie\",\"isPartOf\":{\"@id\":\"https:\\\/\\\/pans.krosno.pl\\\/itacademy\\\/#website\"},\"datePublished\":\"2021-04-20T10:46:40+00:00\",\"dateModified\":\"2021-04-21T09:19:26+00:00\",\"breadcrumb\":{\"@id\":\"https:\\\/\\\/pans.krosno.pl\\\/itacademy\\\/nowe-aktualnosci\\\/#breadcrumb\"},\"inLanguage\":\"pl-PL\",\"potentialAction\":[{\"@type\":\"ReadAction\",\"target\":[\"https:\\\/\\\/pans.krosno.pl\\\/itacademy\\\/nowe-aktualnosci\\\/\"]}]},{\"@type\":\"BreadcrumbList\",\"@id\":\"https:\\\/\\\/pans.krosno.pl\\\/itacademy\\\/nowe-aktualnosci\\\/#breadcrumb\",\"itemListElement\":[{\"@type\":\"ListItem\",\"position\":1,\"name\":\"Strona g\u0142\u00f3wna\",\"item\":\"https:\\\/\\\/pans.krosno.pl\\\/itacademy\\\/\"},{\"@type\":\"ListItem\",\"position\":2,\"name\":\"Aktualno\u015bci\"}]},{\"@type\":\"WebSite\",\"@id\":\"https:\\\/\\\/pans.krosno.pl\\\/itacademy\\\/#website\",\"url\":\"https:\\\/\\\/pans.krosno.pl\\\/itacademy\\\/\",\"name\":\"IT ACADEMY przy KPU KROSNO\",\"description\":\"IT ACADEMY - Pa\u0144stwowa Akademia Nauk Stosowanych\",\"publisher\":{\"@id\":\"https:\\\/\\\/pans.krosno.pl\\\/itacademy\\\/#organization\"},\"potentialAction\":[{\"@type\":\"SearchAction\",\"target\":{\"@type\":\"EntryPoint\",\"urlTemplate\":\"https:\\\/\\\/pans.krosno.pl\\\/itacademy\\\/?s={search_term_string}\"},\"query-input\":{\"@type\":\"PropertyValueSpecification\",\"valueRequired\":true,\"valueName\":\"search_term_string\"}}],\"inLanguage\":\"pl-PL\"},{\"@type\":\"Organization\",\"@id\":\"https:\\\/\\\/pans.krosno.pl\\\/itacademy\\\/#organization\",\"name\":\"IT ACADEMY przy KPU KROSNO\",\"url\":\"https:\\\/\\\/pans.krosno.pl\\\/itacademy\\\/\",\"logo\":{\"@type\":\"ImageObject\",\"inLanguage\":\"pl-PL\",\"@id\":\"https:\\\/\\\/pans.krosno.pl\\\/itacademy\\\/#\\\/schema\\\/logo\\\/image\\\/\",\"url\":\"\",\"contentUrl\":\"\",\"caption\":\"IT ACADEMY przy KPU KROSNO\"},\"image\":{\"@id\":\"https:\\\/\\\/pans.krosno.pl\\\/itacademy\\\/#\\\/schema\\\/logo\\\/image\\\/\"}}]}<\/script>\n<!-- \/ Yoast SEO Premium plugin. -->","yoast_head_json":{"title":"Aktualno\u015bci - IT ACADEMY - PANS w Kro\u015bnie","robots":{"index":"index","follow":"follow","max-snippet":"max-snippet:-1","max-image-preview":"max-image-preview:large","max-video-preview":"max-video-preview:-1"},"canonical":"https:\/\/pans.krosno.pl\/itacademy\/nowe-aktualnosci\/","og_locale":"pl_PL","og_type":"article","og_title":"Aktualno\u015bci","og_url":"https:\/\/pans.krosno.pl\/itacademy\/nowe-aktualnosci\/","og_site_name":"IT ACADEMY - PANS w Kro\u015bnie","article_modified_time":"2021-04-21T09:19:26+00:00","twitter_card":"summary_large_image","schema":{"@context":"https:\/\/schema.org","@graph":[{"@type":"WebPage","@id":"https:\/\/pans.krosno.pl\/itacademy\/nowe-aktualnosci\/","url":"https:\/\/pans.krosno.pl\/itacademy\/nowe-aktualnosci\/","name":"Aktualno\u015bci - IT ACADEMY - PANS w Kro\u015bnie","isPartOf":{"@id":"https:\/\/pans.krosno.pl\/itacademy\/#website"},"datePublished":"2021-04-20T10:46:40+00:00","dateModified":"2021-04-21T09:19:26+00:00","breadcrumb":{"@id":"https:\/\/pans.krosno.pl\/itacademy\/nowe-aktualnosci\/#breadcrumb"},"inLanguage":"pl-PL","potentialAction":[{"@type":"ReadAction","target":["https:\/\/pans.krosno.pl\/itacademy\/nowe-aktualnosci\/"]}]},{"@type":"BreadcrumbList","@id":"https:\/\/pans.krosno.pl\/itacademy\/nowe-aktualnosci\/#breadcrumb","itemListElement":[{"@type":"ListItem","position":1,"name":"Strona g\u0142\u00f3wna","item":"https:\/\/pans.krosno.pl\/itacademy\/"},{"@type":"ListItem","position":2,"name":"Aktualno\u015bci"}]},{"@type":"WebSite","@id":"https:\/\/pans.krosno.pl\/itacademy\/#website","url":"https:\/\/pans.krosno.pl\/itacademy\/","name":"IT ACADEMY przy KPU KROSNO","description":"IT ACADEMY - Pa\u0144stwowa Akademia Nauk Stosowanych","publisher":{"@id":"https:\/\/pans.krosno.pl\/itacademy\/#organization"},"potentialAction":[{"@type":"SearchAction","target":{"@type":"EntryPoint","urlTemplate":"https:\/\/pans.krosno.pl\/itacademy\/?s={search_term_string}"},"query-input":{"@type":"PropertyValueSpecification","valueRequired":true,"valueName":"search_term_string"}}],"inLanguage":"pl-PL"},{"@type":"Organization","@id":"https:\/\/pans.krosno.pl\/itacademy\/#organization","name":"IT ACADEMY przy KPU KROSNO","url":"https:\/\/pans.krosno.pl\/itacademy\/","logo":{"@type":"ImageObject","inLanguage":"pl-PL","@id":"https:\/\/pans.krosno.pl\/itacademy\/#\/schema\/logo\/image\/","url":"","contentUrl":"","caption":"IT ACADEMY przy KPU KROSNO"},"image":{"@id":"https:\/\/pans.krosno.pl\/itacademy\/#\/schema\/logo\/image\/"}}]}},"_links":{"self":[{"href":"https:\/\/pans.krosno.pl\/itacademy\/wp-json\/wp\/v2\/pages\/15","targetHints":{"allow":["GET"]}}],"collection":[{"href":"https:\/\/pans.krosno.pl\/itacademy\/wp-json\/wp\/v2\/pages"}],"about":[{"href":"https:\/\/pans.krosno.pl\/itacademy\/wp-json\/wp\/v2\/types\/page"}],"author":[{"embeddable":true,"href":"https:\/\/pans.krosno.pl\/itacademy\/wp-json\/wp\/v2\/users\/27"}],"replies":[{"embeddable":true,"href":"https:\/\/pans.krosno.pl\/itacademy\/wp-json\/wp\/v2\/comments?post=15"}],"version-history":[{"count":1,"href":"https:\/\/pans.krosno.pl\/itacademy\/wp-json\/wp\/v2\/pages\/15\/revisions"}],"predecessor-version":[{"id":35,"href":"https:\/\/pans.krosno.pl\/itacademy\/wp-json\/wp\/v2\/pages\/15\/revisions\/35"}],"wp:attachment":[{"href":"https:\/\/pans.krosno.pl\/itacademy\/wp-json\/wp\/v2\/media?parent=15"}],"curies":[{"name":"wp","href":"https:\/\/api.w.org\/{rel}","templated":true}]}}