{"id":121,"date":"2021-04-20T15:52:34","date_gmt":"2021-04-20T13:52:34","guid":{"rendered":"https:\/\/pans.krosno.pl\/itacademy\/?page_id=121"},"modified":"2021-04-20T15:52:35","modified_gmt":"2021-04-20T13:52:35","slug":"strona-glowna","status":"publish","type":"page","link":"https:\/\/pans.krosno.pl\/itacademy\/","title":{"rendered":"Strona G\u0142\u00f3wna"},"content":{"rendered":"","protected":false},"excerpt":{"rendered":"","protected":false},"author":27,"featured_media":0,"parent":0,"menu_order":0,"comment_status":"closed","ping_status":"closed","template":"page-templates\/template-home-widgetized.php","meta":{"ngg_post_thumbnail":0,"footnotes":""},"class_list":["post-121","page","type-page","status-publish","hentry"],"yoast_head":"<!-- This site is optimized with the Yoast SEO Premium plugin v27.4 (Yoast SEO v27.4) - https:\/\/yoast.com\/product\/yoast-seo-premium-wordpress\/ -->\n<title>Strona G\u0142\u00f3wna - IT ACADEMY - PANS w Kro\u015bnie<\/title>\n<meta name=\"robots\" content=\"index, follow, max-snippet:-1, max-image-preview:large, max-video-preview:-1\" \/>\n<link rel=\"canonical\" href=\"https:\/\/pans.krosno.pl\/itacademy\/\" \/>\n<meta property=\"og:locale\" content=\"pl_PL\" \/>\n<meta property=\"og:type\" content=\"article\" \/>\n<meta property=\"og:title\" content=\"Strona G\u0142\u00f3wna\" \/>\n<meta property=\"og:url\" content=\"https:\/\/pans.krosno.pl\/itacademy\/\" \/>\n<meta property=\"og:site_name\" content=\"IT ACADEMY - PANS w Kro\u015bnie\" \/>\n<meta property=\"article:modified_time\" content=\"2021-04-20T13:52:35+00:00\" \/>\n<meta name=\"twitter:card\" content=\"summary_large_image\" \/>\n<script type=\"application\/ld+json\" class=\"yoast-schema-graph\">{\"@context\":\"https:\\\/\\\/schema.org\",\"@graph\":[{\"@type\":\"WebPage\",\"@id\":\"https:\\\/\\\/pans.krosno.pl\\\/itacademy\\\/\",\"url\":\"https:\\\/\\\/pans.krosno.pl\\\/itacademy\\\/\",\"name\":\"Strona G\u0142\u00f3wna - IT ACADEMY - PANS w Kro\u015bnie\",\"isPartOf\":{\"@id\":\"https:\\\/\\\/pans.krosno.pl\\\/itacademy\\\/#website\"},\"datePublished\":\"2021-04-20T13:52:34+00:00\",\"dateModified\":\"2021-04-20T13:52:35+00:00\",\"breadcrumb\":{\"@id\":\"https:\\\/\\\/pans.krosno.pl\\\/itacademy\\\/#breadcrumb\"},\"inLanguage\":\"pl-PL\",\"potentialAction\":[{\"@type\":\"ReadAction\",\"target\":[\"https:\\\/\\\/pans.krosno.pl\\\/itacademy\\\/\"]}]},{\"@type\":\"BreadcrumbList\",\"@id\":\"https:\\\/\\\/pans.krosno.pl\\\/itacademy\\\/#breadcrumb\",\"itemListElement\":[{\"@type\":\"ListItem\",\"position\":1,\"name\":\"Strona g\u0142\u00f3wna\",\"item\":\"https:\\\/\\\/pans.krosno.pl\\\/itacademy\\\/\"},{\"@type\":\"ListItem\",\"position\":2,\"name\":\"Strona G\u0142\u00f3wna\"}]},{\"@type\":\"WebSite\",\"@id\":\"https:\\\/\\\/pans.krosno.pl\\\/itacademy\\\/#website\",\"url\":\"https:\\\/\\\/pans.krosno.pl\\\/itacademy\\\/\",\"name\":\"IT ACADEMY przy KPU KROSNO\",\"description\":\"IT ACADEMY - Pa\u0144stwowa Akademia Nauk Stosowanych\",\"publisher\":{\"@id\":\"https:\\\/\\\/pans.krosno.pl\\\/itacademy\\\/#organization\"},\"potentialAction\":[{\"@type\":\"SearchAction\",\"target\":{\"@type\":\"EntryPoint\",\"urlTemplate\":\"https:\\\/\\\/pans.krosno.pl\\\/itacademy\\\/?s={search_term_string}\"},\"query-input\":{\"@type\":\"PropertyValueSpecification\",\"valueRequired\":true,\"valueName\":\"search_term_string\"}}],\"inLanguage\":\"pl-PL\"},{\"@type\":\"Organization\",\"@id\":\"https:\\\/\\\/pans.krosno.pl\\\/itacademy\\\/#organization\",\"name\":\"IT ACADEMY przy KPU KROSNO\",\"url\":\"https:\\\/\\\/pans.krosno.pl\\\/itacademy\\\/\",\"logo\":{\"@type\":\"ImageObject\",\"inLanguage\":\"pl-PL\",\"@id\":\"https:\\\/\\\/pans.krosno.pl\\\/itacademy\\\/#\\\/schema\\\/logo\\\/image\\\/\",\"url\":\"\",\"contentUrl\":\"\",\"caption\":\"IT ACADEMY przy KPU KROSNO\"},\"image\":{\"@id\":\"https:\\\/\\\/pans.krosno.pl\\\/itacademy\\\/#\\\/schema\\\/logo\\\/image\\\/\"}}]}<\/script>\n<!-- \/ Yoast SEO Premium plugin. -->","yoast_head_json":{"title":"Strona G\u0142\u00f3wna - IT ACADEMY - PANS w Kro\u015bnie","robots":{"index":"index","follow":"follow","max-snippet":"max-snippet:-1","max-image-preview":"max-image-preview:large","max-video-preview":"max-video-preview:-1"},"canonical":"https:\/\/pans.krosno.pl\/itacademy\/","og_locale":"pl_PL","og_type":"article","og_title":"Strona G\u0142\u00f3wna","og_url":"https:\/\/pans.krosno.pl\/itacademy\/","og_site_name":"IT ACADEMY - PANS w Kro\u015bnie","article_modified_time":"2021-04-20T13:52:35+00:00","twitter_card":"summary_large_image","schema":{"@context":"https:\/\/schema.org","@graph":[{"@type":"WebPage","@id":"https:\/\/pans.krosno.pl\/itacademy\/","url":"https:\/\/pans.krosno.pl\/itacademy\/","name":"Strona G\u0142\u00f3wna - IT ACADEMY - PANS w Kro\u015bnie","isPartOf":{"@id":"https:\/\/pans.krosno.pl\/itacademy\/#website"},"datePublished":"2021-04-20T13:52:34+00:00","dateModified":"2021-04-20T13:52:35+00:00","breadcrumb":{"@id":"https:\/\/pans.krosno.pl\/itacademy\/#breadcrumb"},"inLanguage":"pl-PL","potentialAction":[{"@type":"ReadAction","target":["https:\/\/pans.krosno.pl\/itacademy\/"]}]},{"@type":"BreadcrumbList","@id":"https:\/\/pans.krosno.pl\/itacademy\/#breadcrumb","itemListElement":[{"@type":"ListItem","position":1,"name":"Strona g\u0142\u00f3wna","item":"https:\/\/pans.krosno.pl\/itacademy\/"},{"@type":"ListItem","position":2,"name":"Strona G\u0142\u00f3wna"}]},{"@type":"WebSite","@id":"https:\/\/pans.krosno.pl\/itacademy\/#website","url":"https:\/\/pans.krosno.pl\/itacademy\/","name":"IT ACADEMY przy KPU KROSNO","description":"IT ACADEMY - Pa\u0144stwowa Akademia Nauk Stosowanych","publisher":{"@id":"https:\/\/pans.krosno.pl\/itacademy\/#organization"},"potentialAction":[{"@type":"SearchAction","target":{"@type":"EntryPoint","urlTemplate":"https:\/\/pans.krosno.pl\/itacademy\/?s={search_term_string}"},"query-input":{"@type":"PropertyValueSpecification","valueRequired":true,"valueName":"search_term_string"}}],"inLanguage":"pl-PL"},{"@type":"Organization","@id":"https:\/\/pans.krosno.pl\/itacademy\/#organization","name":"IT ACADEMY przy KPU KROSNO","url":"https:\/\/pans.krosno.pl\/itacademy\/","logo":{"@type":"ImageObject","inLanguage":"pl-PL","@id":"https:\/\/pans.krosno.pl\/itacademy\/#\/schema\/logo\/image\/","url":"","contentUrl":"","caption":"IT ACADEMY przy KPU KROSNO"},"image":{"@id":"https:\/\/pans.krosno.pl\/itacademy\/#\/schema\/logo\/image\/"}}]}},"_links":{"self":[{"href":"https:\/\/pans.krosno.pl\/itacademy\/wp-json\/wp\/v2\/pages\/121","targetHints":{"allow":["GET"]}}],"collection":[{"href":"https:\/\/pans.krosno.pl\/itacademy\/wp-json\/wp\/v2\/pages"}],"about":[{"href":"https:\/\/pans.krosno.pl\/itacademy\/wp-json\/wp\/v2\/types\/page"}],"author":[{"embeddable":true,"href":"https:\/\/pans.krosno.pl\/itacademy\/wp-json\/wp\/v2\/users\/27"}],"replies":[{"embeddable":true,"href":"https:\/\/pans.krosno.pl\/itacademy\/wp-json\/wp\/v2\/comments?post=121"}],"version-history":[{"count":1,"href":"https:\/\/pans.krosno.pl\/itacademy\/wp-json\/wp\/v2\/pages\/121\/revisions"}],"predecessor-version":[{"id":122,"href":"https:\/\/pans.krosno.pl\/itacademy\/wp-json\/wp\/v2\/pages\/121\/revisions\/122"}],"wp:attachment":[{"href":"https:\/\/pans.krosno.pl\/itacademy\/wp-json\/wp\/v2\/media?parent=121"}],"curies":[{"name":"wp","href":"https:\/\/api.w.org\/{rel}","templated":true}]}}