{"id":294,"date":"2020-03-28T16:09:55","date_gmt":"2020-03-28T15:09:55","guid":{"rendered":"https:\/\/pans.krosno.pl\/is\/?page_id=294"},"modified":"2026-02-24T17:05:57","modified_gmt":"2026-02-24T16:05:57","slug":"harmonogram-zajec","status":"publish","type":"page","link":"https:\/\/pans.krosno.pl\/is\/harmonogram-zajec\/","title":{"rendered":"Harmonogram zaj\u0119\u0107"},"content":{"rendered":"\n<p><strong>Harmonogram zaj\u0119\u0107 dla kierunku, tryb popo\u0142udniowy (26+), obowi\u0105zuj\u0105cy w semestrze letnim 2025\/2026<\/strong><\/p>\n\n\n\n<p class=\"has-text-align-center has-large-font-size\"><strong><a href=\"https:\/\/usos.kpu.krosno.pl\/kontroler.php?_action=katalog2\/przedmioty\/pokazPlanGrupyPrzedmiotow&amp;grupa_kod=INS-S-25-S2&amp;cdyd_kod=2025L&amp;plan_format=html&amp;plan_showStartTime=1&amp;plan_showEndTime=1&amp;plan_showTypeShort=0&amp;plan_showTypeFull=1&amp;plan_showGroupNumber=1&amp;plan_showCourseName=1&amp;plan_showCourseCode=0&amp;plan_showRoom=1&amp;plan_showBuildingCode=0&amp;plan_showLecturers=1&amp;plan_overridePrintWidth=1&amp;plan_colorScheme=default\">I rok<\/a><\/strong><\/p>\n\n\n\n<p class=\"has-text-align-center has-large-font-size\"><strong><a href=\"https:\/\/usos.kpu.krosno.pl\/kontroler.php?_action=katalog2\/przedmioty\/pokazPlanGrupyPrzedmiotow&amp;grupa_kod=INS-S-25-S4&amp;cdyd_kod=2025L&amp;plan_format=html&amp;plan_showStartTime=1&amp;plan_showEndTime=1&amp;plan_showTypeShort=0&amp;plan_showTypeFull=1&amp;plan_showGroupNumber=1&amp;plan_showCourseName=1&amp;plan_showCourseCode=0&amp;plan_showRoom=1&amp;plan_showBuildingCode=0&amp;plan_showLecturers=1&amp;plan_overridePrintWidth=1&amp;plan_colorScheme=default\">II rok<\/a><\/strong><\/p>\n\n\n\n<p class=\"has-text-align-center has-large-font-size\"><strong><a href=\"https:\/\/usos.kpu.krosno.pl\/kontroler.php?_action=katalog2\/przedmioty\/pokazPlanGrupyPrzedmiotow&amp;grupa_kod=INS-S-25-S6&amp;cdyd_kod=2025L&amp;plan_format=html&amp;plan_showStartTime=1&amp;plan_showEndTime=1&amp;plan_showTypeShort=0&amp;plan_showTypeFull=1&amp;plan_showGroupNumber=1&amp;plan_showCourseName=1&amp;plan_showCourseCode=0&amp;plan_showRoom=1&amp;plan_showBuildingCode=0&amp;plan_showLecturers=1&amp;plan_overridePrintWidth=1&amp;plan_colorScheme=default\">III rok<\/a><\/strong><\/p>\n\n\n\n<p>W razie pyta\u0144 prosz\u0119 pisa\u0107: bernadeta.rajchel@pans.krosno.pl<\/p>\n\n\n\n<p>Kalendarz akademicki, semestr letni 2025\/2026:<\/p>\n\n\n\n<figure class=\"wp-block-image size-full\"><img loading=\"lazy\" decoding=\"async\" width=\"714\" height=\"956\" src=\"https:\/\/pans.krosno.pl\/is\/wp-content\/uploads\/sites\/20\/2026\/02\/image.png\" alt=\"\" class=\"wp-image-2948\" srcset=\"https:\/\/pans.krosno.pl\/is\/wp-content\/uploads\/sites\/20\/2026\/02\/image.png 714w, https:\/\/pans.krosno.pl\/is\/wp-content\/uploads\/sites\/20\/2026\/02\/image-224x300.png 224w, https:\/\/pans.krosno.pl\/is\/wp-content\/uploads\/sites\/20\/2026\/02\/image-580x777.png 580w\" sizes=\"auto, (max-width: 714px) 100vw, 714px\" \/><\/figure>\n","protected":false},"excerpt":{"rendered":"<p>Harmonogram zaj\u0119\u0107 dla kierunku, tryb popo\u0142udniowy (26+), obowi\u0105zuj\u0105cy w semestrze letnim 2025\/2026 I rok II rok III rok W razie pyta\u0144 prosz\u0119 pisa\u0107: bernadeta.rajchel@pans.krosno.pl Kalendarz akademicki, semestr letni 2025\/2026:<\/p>\n","protected":false},"author":27,"featured_media":0,"parent":0,"menu_order":0,"comment_status":"closed","ping_status":"closed","template":"page-templates\/template-full-width.php","meta":{"ngg_post_thumbnail":0,"footnotes":""},"class_list":["post-294","page","type-page","status-publish","hentry"],"yoast_head":"<!-- This site is optimized with the Yoast SEO Premium plugin v27.4 (Yoast SEO v27.4) - https:\/\/yoast.com\/product\/yoast-seo-premium-wordpress\/ -->\n<title>Harmonogram zaj\u0119\u0107 - In\u017cynieria \u015arodowiska PANS w Kro\u015bnie<\/title>\n<meta name=\"description\" content=\"Harmonogram zaj\u0119\u0107 dla kierunku In\u017cynieria \u015arodowiska, semestr letni\" \/>\n<meta name=\"robots\" content=\"index, follow, max-snippet:-1, max-image-preview:large, max-video-preview:-1\" \/>\n<link rel=\"canonical\" href=\"https:\/\/pans.krosno.pl\/is\/harmonogram-zajec\/\" \/>\n<meta property=\"og:locale\" content=\"pl_PL\" \/>\n<meta property=\"og:type\" content=\"article\" \/>\n<meta property=\"og:title\" content=\"Harmonogram zaj\u0119\u0107\" \/>\n<meta property=\"og:description\" content=\"Harmonogram zaj\u0119\u0107 dla kierunku In\u017cynieria \u015arodowiska, semestr letni\" \/>\n<meta property=\"og:url\" content=\"https:\/\/pans.krosno.pl\/is\/harmonogram-zajec\/\" \/>\n<meta property=\"og:site_name\" content=\"In\u017cynieria \u015arodowiska PANS w Kro\u015bnie\" \/>\n<meta property=\"article:modified_time\" content=\"2026-02-24T16:05:57+00:00\" \/>\n<meta property=\"og:image\" content=\"https:\/\/pans.krosno.pl\/is\/wp-content\/uploads\/sites\/20\/2026\/02\/image.png\" \/>\n\t<meta property=\"og:image:width\" content=\"714\" \/>\n\t<meta property=\"og:image:height\" content=\"956\" \/>\n\t<meta property=\"og:image:type\" content=\"image\/png\" \/>\n<meta name=\"twitter:card\" content=\"summary_large_image\" \/>\n<meta name=\"twitter:label1\" content=\"Szacowany czas czytania\" \/>\n\t<meta name=\"twitter:data1\" content=\"1 minuta\" \/>\n<script type=\"application\/ld+json\" class=\"yoast-schema-graph\">{\"@context\":\"https:\\\/\\\/schema.org\",\"@graph\":[{\"@type\":\"WebPage\",\"@id\":\"https:\\\/\\\/pans.krosno.pl\\\/is\\\/harmonogram-zajec\\\/\",\"url\":\"https:\\\/\\\/pans.krosno.pl\\\/is\\\/harmonogram-zajec\\\/\",\"name\":\"Harmonogram zaj\u0119\u0107 - In\u017cynieria \u015arodowiska PANS w Kro\u015bnie\",\"isPartOf\":{\"@id\":\"https:\\\/\\\/pans.krosno.pl\\\/is\\\/#website\"},\"primaryImageOfPage\":{\"@id\":\"https:\\\/\\\/pans.krosno.pl\\\/is\\\/harmonogram-zajec\\\/#primaryimage\"},\"image\":{\"@id\":\"https:\\\/\\\/pans.krosno.pl\\\/is\\\/harmonogram-zajec\\\/#primaryimage\"},\"thumbnailUrl\":\"https:\\\/\\\/pans.krosno.pl\\\/is\\\/wp-content\\\/uploads\\\/sites\\\/20\\\/2026\\\/02\\\/image.png\",\"datePublished\":\"2020-03-28T15:09:55+00:00\",\"dateModified\":\"2026-02-24T16:05:57+00:00\",\"description\":\"Harmonogram zaj\u0119\u0107 dla kierunku In\u017cynieria \u015arodowiska, semestr letni\",\"breadcrumb\":{\"@id\":\"https:\\\/\\\/pans.krosno.pl\\\/is\\\/harmonogram-zajec\\\/#breadcrumb\"},\"inLanguage\":\"pl-PL\",\"potentialAction\":[{\"@type\":\"ReadAction\",\"target\":[\"https:\\\/\\\/pans.krosno.pl\\\/is\\\/harmonogram-zajec\\\/\"]}]},{\"@type\":\"ImageObject\",\"inLanguage\":\"pl-PL\",\"@id\":\"https:\\\/\\\/pans.krosno.pl\\\/is\\\/harmonogram-zajec\\\/#primaryimage\",\"url\":\"https:\\\/\\\/pans.krosno.pl\\\/is\\\/wp-content\\\/uploads\\\/sites\\\/20\\\/2026\\\/02\\\/image.png\",\"contentUrl\":\"https:\\\/\\\/pans.krosno.pl\\\/is\\\/wp-content\\\/uploads\\\/sites\\\/20\\\/2026\\\/02\\\/image.png\",\"width\":714,\"height\":956},{\"@type\":\"BreadcrumbList\",\"@id\":\"https:\\\/\\\/pans.krosno.pl\\\/is\\\/harmonogram-zajec\\\/#breadcrumb\",\"itemListElement\":[{\"@type\":\"ListItem\",\"position\":1,\"name\":\"Strona g\u0142\u00f3wna\",\"item\":\"https:\\\/\\\/pans.krosno.pl\\\/is\\\/\"},{\"@type\":\"ListItem\",\"position\":2,\"name\":\"Harmonogram zaj\u0119\u0107\"}]},{\"@type\":\"WebSite\",\"@id\":\"https:\\\/\\\/pans.krosno.pl\\\/is\\\/#website\",\"url\":\"https:\\\/\\\/pans.krosno.pl\\\/is\\\/\",\"name\":\"In\u017cynieria \u015arodowiska PANS w Kro\u015bnie\",\"description\":\"In\u017cynieria \u015arodowiska - Pa\u0144stwowa Akademia Nauk Stosowanych\",\"publisher\":{\"@id\":\"https:\\\/\\\/pans.krosno.pl\\\/is\\\/#organization\"},\"potentialAction\":[{\"@type\":\"SearchAction\",\"target\":{\"@type\":\"EntryPoint\",\"urlTemplate\":\"https:\\\/\\\/pans.krosno.pl\\\/is\\\/?s={search_term_string}\"},\"query-input\":{\"@type\":\"PropertyValueSpecification\",\"valueRequired\":true,\"valueName\":\"search_term_string\"}}],\"inLanguage\":\"pl-PL\"},{\"@type\":\"Organization\",\"@id\":\"https:\\\/\\\/pans.krosno.pl\\\/is\\\/#organization\",\"name\":\"In\u017cynieria \u015arodowiska PANS w Kro\u015bnie\",\"url\":\"https:\\\/\\\/pans.krosno.pl\\\/is\\\/\",\"logo\":{\"@type\":\"ImageObject\",\"inLanguage\":\"pl-PL\",\"@id\":\"https:\\\/\\\/pans.krosno.pl\\\/is\\\/#\\\/schema\\\/logo\\\/image\\\/\",\"url\":\"https:\\\/\\\/pans.krosno.pl\\\/is\\\/wp-content\\\/uploads\\\/sites\\\/20\\\/2023\\\/01\\\/Logo-PANS-2022-pelne.png\",\"contentUrl\":\"https:\\\/\\\/pans.krosno.pl\\\/is\\\/wp-content\\\/uploads\\\/sites\\\/20\\\/2023\\\/01\\\/Logo-PANS-2022-pelne.png\",\"width\":3096,\"height\":696,\"caption\":\"In\u017cynieria \u015arodowiska PANS w Kro\u015bnie\"},\"image\":{\"@id\":\"https:\\\/\\\/pans.krosno.pl\\\/is\\\/#\\\/schema\\\/logo\\\/image\\\/\"}}]}<\/script>\n<!-- \/ Yoast SEO Premium plugin. -->","yoast_head_json":{"title":"Harmonogram zaj\u0119\u0107 - In\u017cynieria \u015arodowiska PANS w Kro\u015bnie","description":"Harmonogram zaj\u0119\u0107 dla kierunku In\u017cynieria \u015arodowiska, semestr letni","robots":{"index":"index","follow":"follow","max-snippet":"max-snippet:-1","max-image-preview":"max-image-preview:large","max-video-preview":"max-video-preview:-1"},"canonical":"https:\/\/pans.krosno.pl\/is\/harmonogram-zajec\/","og_locale":"pl_PL","og_type":"article","og_title":"Harmonogram zaj\u0119\u0107","og_description":"Harmonogram zaj\u0119\u0107 dla kierunku In\u017cynieria \u015arodowiska, semestr letni","og_url":"https:\/\/pans.krosno.pl\/is\/harmonogram-zajec\/","og_site_name":"In\u017cynieria \u015arodowiska PANS w Kro\u015bnie","article_modified_time":"2026-02-24T16:05:57+00:00","og_image":[{"width":714,"height":956,"url":"https:\/\/pans.krosno.pl\/is\/wp-content\/uploads\/sites\/20\/2026\/02\/image.png","type":"image\/png"}],"twitter_card":"summary_large_image","twitter_misc":{"Szacowany czas czytania":"1 minuta"},"schema":{"@context":"https:\/\/schema.org","@graph":[{"@type":"WebPage","@id":"https:\/\/pans.krosno.pl\/is\/harmonogram-zajec\/","url":"https:\/\/pans.krosno.pl\/is\/harmonogram-zajec\/","name":"Harmonogram zaj\u0119\u0107 - In\u017cynieria \u015arodowiska PANS w Kro\u015bnie","isPartOf":{"@id":"https:\/\/pans.krosno.pl\/is\/#website"},"primaryImageOfPage":{"@id":"https:\/\/pans.krosno.pl\/is\/harmonogram-zajec\/#primaryimage"},"image":{"@id":"https:\/\/pans.krosno.pl\/is\/harmonogram-zajec\/#primaryimage"},"thumbnailUrl":"https:\/\/pans.krosno.pl\/is\/wp-content\/uploads\/sites\/20\/2026\/02\/image.png","datePublished":"2020-03-28T15:09:55+00:00","dateModified":"2026-02-24T16:05:57+00:00","description":"Harmonogram zaj\u0119\u0107 dla kierunku In\u017cynieria \u015arodowiska, semestr letni","breadcrumb":{"@id":"https:\/\/pans.krosno.pl\/is\/harmonogram-zajec\/#breadcrumb"},"inLanguage":"pl-PL","potentialAction":[{"@type":"ReadAction","target":["https:\/\/pans.krosno.pl\/is\/harmonogram-zajec\/"]}]},{"@type":"ImageObject","inLanguage":"pl-PL","@id":"https:\/\/pans.krosno.pl\/is\/harmonogram-zajec\/#primaryimage","url":"https:\/\/pans.krosno.pl\/is\/wp-content\/uploads\/sites\/20\/2026\/02\/image.png","contentUrl":"https:\/\/pans.krosno.pl\/is\/wp-content\/uploads\/sites\/20\/2026\/02\/image.png","width":714,"height":956},{"@type":"BreadcrumbList","@id":"https:\/\/pans.krosno.pl\/is\/harmonogram-zajec\/#breadcrumb","itemListElement":[{"@type":"ListItem","position":1,"name":"Strona g\u0142\u00f3wna","item":"https:\/\/pans.krosno.pl\/is\/"},{"@type":"ListItem","position":2,"name":"Harmonogram zaj\u0119\u0107"}]},{"@type":"WebSite","@id":"https:\/\/pans.krosno.pl\/is\/#website","url":"https:\/\/pans.krosno.pl\/is\/","name":"In\u017cynieria \u015arodowiska PANS w Kro\u015bnie","description":"In\u017cynieria \u015arodowiska - Pa\u0144stwowa Akademia Nauk Stosowanych","publisher":{"@id":"https:\/\/pans.krosno.pl\/is\/#organization"},"potentialAction":[{"@type":"SearchAction","target":{"@type":"EntryPoint","urlTemplate":"https:\/\/pans.krosno.pl\/is\/?s={search_term_string}"},"query-input":{"@type":"PropertyValueSpecification","valueRequired":true,"valueName":"search_term_string"}}],"inLanguage":"pl-PL"},{"@type":"Organization","@id":"https:\/\/pans.krosno.pl\/is\/#organization","name":"In\u017cynieria \u015arodowiska PANS w Kro\u015bnie","url":"https:\/\/pans.krosno.pl\/is\/","logo":{"@type":"ImageObject","inLanguage":"pl-PL","@id":"https:\/\/pans.krosno.pl\/is\/#\/schema\/logo\/image\/","url":"https:\/\/pans.krosno.pl\/is\/wp-content\/uploads\/sites\/20\/2023\/01\/Logo-PANS-2022-pelne.png","contentUrl":"https:\/\/pans.krosno.pl\/is\/wp-content\/uploads\/sites\/20\/2023\/01\/Logo-PANS-2022-pelne.png","width":3096,"height":696,"caption":"In\u017cynieria \u015arodowiska PANS w Kro\u015bnie"},"image":{"@id":"https:\/\/pans.krosno.pl\/is\/#\/schema\/logo\/image\/"}}]}},"_links":{"self":[{"href":"https:\/\/pans.krosno.pl\/is\/wp-json\/wp\/v2\/pages\/294","targetHints":{"allow":["GET"]}}],"collection":[{"href":"https:\/\/pans.krosno.pl\/is\/wp-json\/wp\/v2\/pages"}],"about":[{"href":"https:\/\/pans.krosno.pl\/is\/wp-json\/wp\/v2\/types\/page"}],"author":[{"embeddable":true,"href":"https:\/\/pans.krosno.pl\/is\/wp-json\/wp\/v2\/users\/27"}],"replies":[{"embeddable":true,"href":"https:\/\/pans.krosno.pl\/is\/wp-json\/wp\/v2\/comments?post=294"}],"version-history":[{"count":92,"href":"https:\/\/pans.krosno.pl\/is\/wp-json\/wp\/v2\/pages\/294\/revisions"}],"predecessor-version":[{"id":2966,"href":"https:\/\/pans.krosno.pl\/is\/wp-json\/wp\/v2\/pages\/294\/revisions\/2966"}],"wp:attachment":[{"href":"https:\/\/pans.krosno.pl\/is\/wp-json\/wp\/v2\/media?parent=294"}],"curies":[{"name":"wp","href":"https:\/\/api.w.org\/{rel}","templated":true}]}}