{"id":293,"date":"2020-03-28T16:09:55","date_gmt":"2020-03-28T15:09:55","guid":{"rendered":"https:\/\/pans.krosno.pl\/is\/?page_id=293"},"modified":"2026-02-24T17:09:22","modified_gmt":"2026-02-24T16:09:22","slug":"pracownicy","status":"publish","type":"page","link":"https:\/\/pans.krosno.pl\/is\/pracownicy\/","title":{"rendered":"Pracownicy"},"content":{"rendered":"<div class=\"sub\">\n<div class=\"news\">\n<p><strong>Kierownik Zak\u0142adu In\u017cynierii Produkcji i \u015arodowiska<br \/>\n<\/strong><\/p>\n<p><a href=\"https:\/\/pans.krosno.pl\/pracownicy\/bernadeta-rajchel\/\" target=\"_blank\" rel=\"noopener noreferrer\">Dr in\u017c. Bernadeta Rajchel<\/a><\/p>\n<p>&nbsp;<\/p>\n<p><strong>Pracownicy Zak\u0142adu:<\/strong><\/p>\n<p><a href=\"https:\/\/pans.krosno.pl\/pracownicy\/krzysztof-chmielowski\/\" target=\"_blank\" rel=\"noopener noreferrer\">Prof. dr hab. in\u017c. Krzysztof Chmielowski<\/a><\/p>\n<p><a href=\"https:\/\/pans.krosno.pl\/pracownicy\/wlodzimierz-wojcik\/\" target=\"_blank\" rel=\"noopener noreferrer\">Dr hab. in\u017c. W\u0142odzimierz W\u00f3jcik, prof PANS<\/a><\/p>\n<p>Dr hab. in\u017c. Bo\u017cena Zwoli\u0144ska, prof. PANS<\/p>\n<p>Dr in\u017c. Krzysztof Topolski<\/p>\n<p><a href=\"https:\/\/pans.krosno.pl\/pracownicy\/andrzej-studzinski\/\" target=\"_blank\" rel=\"noopener noreferrer\">Dr in\u017c. Andrzej Studzi\u0144ski<\/a><\/p>\n<p><a href=\"https:\/\/pans.krosno.pl\/pracownicy\/agnieszka-wozniak\/\" target=\"_blank\" rel=\"noopener noreferrer\">Dr Agnieszka Wo\u017aniak<\/a><\/p>\n<p><a href=\"https:\/\/pans.krosno.pl\/pracownicy\/dominik-wrobel\/\" target=\"_blank\" rel=\"noopener noreferrer\">Dr Dominik Wr\u00f3bel<\/a><\/p>\n<p><a style=\"font-size: revert\" href=\"https:\/\/pans.krosno.pl\/pracownicy\/paulina-kustron-mleczak\/\" target=\"_blank\" rel=\"noopener noreferrer\">Mgr in\u017c. Paulina Kustro\u0144-Mleczak<\/a><\/p>\n<p><a href=\"https:\/\/pans.krosno.pl\/pracownicy\/pawel-milan\/\">Mgr in\u017c. Pawe\u0142 Milan<\/a><\/p>\n<\/div>\n<\/div>\n<p>&nbsp;<\/p>\n<p><strong>Kadra wspomagaj\u0105ca proces dydaktyczny:<\/strong><br \/>\n<a href=\"https:\/\/pans.krosno.pl\/pracownicy\/romuald-fejkiel\/\">Dr in\u017c. Romuald Fejkiel<\/a><\/p>\n<p><a href=\"https:\/\/pans.krosno.pl\/pracownicy\/malgorzata-gorka\/\">Dr in\u017c. Ma\u0142gorzata G\u00f3rka<\/a><\/p>\n<p><a href=\"https:\/\/pans.krosno.pl\/pracownicy\/malgorzata-zrodlo-loda\/\">Dr in\u017c. Ma\u0142gorzata \u0179r\u00f3d\u0142o-Loda<\/a><\/p>\n<p><a href=\"https:\/\/pans.krosno.pl\/pracownicy\/dariusz-len\/\">Dr in\u017c. Dariusz Le\u0144<\/a><\/p>\n<p><a href=\"https:\/\/pans.krosno.pl\/pracownicy\/tomasz-pytlowany\/\" target=\"_blank\" rel=\"noopener noreferrer\">Dr in\u017c. Tomasz Pytlowany&nbsp;<\/a><\/p>\n<p><a href=\"https:\/\/pans.krosno.pl\/pracownicy\/renata-bal\/\" target=\"_blank\" rel=\"noopener noreferrer\">Dr Renata Bal<\/a><\/p>\n<p>Dr in\u017c. Bogdan Krasowski<\/p>\n<p>Dr in\u017c. Tomasz Sionkowski<\/p>\n<p>Dr in\u017c. Karolina Hap<\/p>\n<p>Mgr in\u017c. Natalia Dereng<\/p>\n<p>Mgr in\u017c. Krzysztof Kozio\u0142<\/p>\n<p>Mgr in\u017c. Krzysztof Ocha\u0142ek<\/p>\n<p>Mgr in\u017c. Konrad Tabisz<\/p>\n<p>&nbsp;<\/p>\n<p><strong>Pracownik laboratorium in\u017cynierii \u015brodowiska:<\/strong><\/p>\n<p>Mgr in\u017c. Szymon Faber<\/p>\n<p>&nbsp;<\/p>\n<p><strong>Pracownicy emerytowani:<\/strong><\/p>\n<p>Prof. hab. dr in\u017c. Maciej Mazurkiewicz<\/p>\n<p>Dr in\u017c. Maciej Lewandowski<\/p>\n<p>&nbsp;<\/p>\n<p>&nbsp;<\/p>\n","protected":false},"excerpt":{"rendered":"<p>Kierownik Zak\u0142adu In\u017cynierii Produkcji i \u015arodowiska Dr in\u017c. Bernadeta Rajchel &nbsp; Pracownicy Zak\u0142adu: Prof. dr hab. in\u017c. Krzysztof Chmielowski Dr hab. in\u017c. W\u0142odzimierz W\u00f3jcik, prof PANS Dr hab. in\u017c. Bo\u017cena Zwoli\u0144ska, prof. PANS Dr in\u017c. Krzysztof Topolski Dr in\u017c. Andrzej Studzi\u0144ski Dr Agnieszka Wo\u017aniak Dr Dominik Wr\u00f3bel Mgr in\u017c. Paulina [\u2026] <\/p>\n<div class=\"clear\"><\/div>\n<p><a class=\"more_link clearfix\" href=\"https:\/\/pans.krosno.pl\/is\/pracownicy\/\" rel=\"nofollow\">Read More<\/a><\/p>\n","protected":false},"author":27,"featured_media":0,"parent":0,"menu_order":0,"comment_status":"closed","ping_status":"closed","template":"page-templates\/template-full-width.php","meta":{"ngg_post_thumbnail":0,"footnotes":""},"class_list":["post-293","page","type-page","status-publish","hentry"],"yoast_head":"<!-- This site is optimized with the Yoast SEO Premium plugin v27.4 (Yoast SEO v27.4) - https:\/\/yoast.com\/product\/yoast-seo-premium-wordpress\/ -->\n<title>Pracownicy - In\u017cynieria \u015arodowiska PANS w Kro\u015bnie<\/title>\n<meta name=\"description\" content=\"Kierownik Zak\u0142adu In\u017cynierii \u015arodowiska. Dr in\u017c. Bernadeta Rajchel\" \/>\n<meta name=\"robots\" content=\"index, follow, max-snippet:-1, max-image-preview:large, max-video-preview:-1\" \/>\n<link rel=\"canonical\" href=\"https:\/\/pans.krosno.pl\/is\/pracownicy\/\" \/>\n<meta property=\"og:locale\" content=\"pl_PL\" \/>\n<meta property=\"og:type\" content=\"article\" \/>\n<meta property=\"og:title\" content=\"Pracownicy\" \/>\n<meta property=\"og:description\" content=\"Kierownik Zak\u0142adu In\u017cynierii \u015arodowiska. Dr in\u017c. Bernadeta Rajchel\" \/>\n<meta property=\"og:url\" content=\"https:\/\/pans.krosno.pl\/is\/pracownicy\/\" \/>\n<meta property=\"og:site_name\" content=\"In\u017cynieria \u015arodowiska PANS w Kro\u015bnie\" \/>\n<meta property=\"article:modified_time\" content=\"2026-02-24T16:09:22+00:00\" \/>\n<meta name=\"twitter:card\" content=\"summary_large_image\" \/>\n<meta name=\"twitter:label1\" content=\"Szacowany czas czytania\" \/>\n\t<meta name=\"twitter:data1\" content=\"1 minuta\" \/>\n<script type=\"application\/ld+json\" class=\"yoast-schema-graph\">{\"@context\":\"https:\\\/\\\/schema.org\",\"@graph\":[{\"@type\":\"WebPage\",\"@id\":\"https:\\\/\\\/pans.krosno.pl\\\/is\\\/pracownicy\\\/\",\"url\":\"https:\\\/\\\/pans.krosno.pl\\\/is\\\/pracownicy\\\/\",\"name\":\"Pracownicy - In\u017cynieria \u015arodowiska PANS w Kro\u015bnie\",\"isPartOf\":{\"@id\":\"https:\\\/\\\/pans.krosno.pl\\\/is\\\/#website\"},\"datePublished\":\"2020-03-28T15:09:55+00:00\",\"dateModified\":\"2026-02-24T16:09:22+00:00\",\"description\":\"Kierownik Zak\u0142adu In\u017cynierii \u015arodowiska. Dr in\u017c. Bernadeta Rajchel\",\"breadcrumb\":{\"@id\":\"https:\\\/\\\/pans.krosno.pl\\\/is\\\/pracownicy\\\/#breadcrumb\"},\"inLanguage\":\"pl-PL\",\"potentialAction\":[{\"@type\":\"ReadAction\",\"target\":[\"https:\\\/\\\/pans.krosno.pl\\\/is\\\/pracownicy\\\/\"]}]},{\"@type\":\"BreadcrumbList\",\"@id\":\"https:\\\/\\\/pans.krosno.pl\\\/is\\\/pracownicy\\\/#breadcrumb\",\"itemListElement\":[{\"@type\":\"ListItem\",\"position\":1,\"name\":\"Strona g\u0142\u00f3wna\",\"item\":\"https:\\\/\\\/pans.krosno.pl\\\/is\\\/\"},{\"@type\":\"ListItem\",\"position\":2,\"name\":\"Pracownicy\"}]},{\"@type\":\"WebSite\",\"@id\":\"https:\\\/\\\/pans.krosno.pl\\\/is\\\/#website\",\"url\":\"https:\\\/\\\/pans.krosno.pl\\\/is\\\/\",\"name\":\"In\u017cynieria \u015arodowiska PANS w Kro\u015bnie\",\"description\":\"In\u017cynieria \u015arodowiska - Pa\u0144stwowa Akademia Nauk Stosowanych\",\"publisher\":{\"@id\":\"https:\\\/\\\/pans.krosno.pl\\\/is\\\/#organization\"},\"potentialAction\":[{\"@type\":\"SearchAction\",\"target\":{\"@type\":\"EntryPoint\",\"urlTemplate\":\"https:\\\/\\\/pans.krosno.pl\\\/is\\\/?s={search_term_string}\"},\"query-input\":{\"@type\":\"PropertyValueSpecification\",\"valueRequired\":true,\"valueName\":\"search_term_string\"}}],\"inLanguage\":\"pl-PL\"},{\"@type\":\"Organization\",\"@id\":\"https:\\\/\\\/pans.krosno.pl\\\/is\\\/#organization\",\"name\":\"In\u017cynieria \u015arodowiska PANS w Kro\u015bnie\",\"url\":\"https:\\\/\\\/pans.krosno.pl\\\/is\\\/\",\"logo\":{\"@type\":\"ImageObject\",\"inLanguage\":\"pl-PL\",\"@id\":\"https:\\\/\\\/pans.krosno.pl\\\/is\\\/#\\\/schema\\\/logo\\\/image\\\/\",\"url\":\"https:\\\/\\\/pans.krosno.pl\\\/is\\\/wp-content\\\/uploads\\\/sites\\\/20\\\/2023\\\/01\\\/Logo-PANS-2022-pelne.png\",\"contentUrl\":\"https:\\\/\\\/pans.krosno.pl\\\/is\\\/wp-content\\\/uploads\\\/sites\\\/20\\\/2023\\\/01\\\/Logo-PANS-2022-pelne.png\",\"width\":3096,\"height\":696,\"caption\":\"In\u017cynieria \u015arodowiska PANS w Kro\u015bnie\"},\"image\":{\"@id\":\"https:\\\/\\\/pans.krosno.pl\\\/is\\\/#\\\/schema\\\/logo\\\/image\\\/\"}}]}<\/script>\n<!-- \/ Yoast SEO Premium plugin. -->","yoast_head_json":{"title":"Pracownicy - In\u017cynieria \u015arodowiska PANS w Kro\u015bnie","description":"Kierownik Zak\u0142adu In\u017cynierii \u015arodowiska. Dr in\u017c. Bernadeta Rajchel","robots":{"index":"index","follow":"follow","max-snippet":"max-snippet:-1","max-image-preview":"max-image-preview:large","max-video-preview":"max-video-preview:-1"},"canonical":"https:\/\/pans.krosno.pl\/is\/pracownicy\/","og_locale":"pl_PL","og_type":"article","og_title":"Pracownicy","og_description":"Kierownik Zak\u0142adu In\u017cynierii \u015arodowiska. Dr in\u017c. Bernadeta Rajchel","og_url":"https:\/\/pans.krosno.pl\/is\/pracownicy\/","og_site_name":"In\u017cynieria \u015arodowiska PANS w Kro\u015bnie","article_modified_time":"2026-02-24T16:09:22+00:00","twitter_card":"summary_large_image","twitter_misc":{"Szacowany czas czytania":"1 minuta"},"schema":{"@context":"https:\/\/schema.org","@graph":[{"@type":"WebPage","@id":"https:\/\/pans.krosno.pl\/is\/pracownicy\/","url":"https:\/\/pans.krosno.pl\/is\/pracownicy\/","name":"Pracownicy - In\u017cynieria \u015arodowiska PANS w Kro\u015bnie","isPartOf":{"@id":"https:\/\/pans.krosno.pl\/is\/#website"},"datePublished":"2020-03-28T15:09:55+00:00","dateModified":"2026-02-24T16:09:22+00:00","description":"Kierownik Zak\u0142adu In\u017cynierii \u015arodowiska. Dr in\u017c. Bernadeta Rajchel","breadcrumb":{"@id":"https:\/\/pans.krosno.pl\/is\/pracownicy\/#breadcrumb"},"inLanguage":"pl-PL","potentialAction":[{"@type":"ReadAction","target":["https:\/\/pans.krosno.pl\/is\/pracownicy\/"]}]},{"@type":"BreadcrumbList","@id":"https:\/\/pans.krosno.pl\/is\/pracownicy\/#breadcrumb","itemListElement":[{"@type":"ListItem","position":1,"name":"Strona g\u0142\u00f3wna","item":"https:\/\/pans.krosno.pl\/is\/"},{"@type":"ListItem","position":2,"name":"Pracownicy"}]},{"@type":"WebSite","@id":"https:\/\/pans.krosno.pl\/is\/#website","url":"https:\/\/pans.krosno.pl\/is\/","name":"In\u017cynieria \u015arodowiska PANS w Kro\u015bnie","description":"In\u017cynieria \u015arodowiska - Pa\u0144stwowa Akademia Nauk Stosowanych","publisher":{"@id":"https:\/\/pans.krosno.pl\/is\/#organization"},"potentialAction":[{"@type":"SearchAction","target":{"@type":"EntryPoint","urlTemplate":"https:\/\/pans.krosno.pl\/is\/?s={search_term_string}"},"query-input":{"@type":"PropertyValueSpecification","valueRequired":true,"valueName":"search_term_string"}}],"inLanguage":"pl-PL"},{"@type":"Organization","@id":"https:\/\/pans.krosno.pl\/is\/#organization","name":"In\u017cynieria \u015arodowiska PANS w Kro\u015bnie","url":"https:\/\/pans.krosno.pl\/is\/","logo":{"@type":"ImageObject","inLanguage":"pl-PL","@id":"https:\/\/pans.krosno.pl\/is\/#\/schema\/logo\/image\/","url":"https:\/\/pans.krosno.pl\/is\/wp-content\/uploads\/sites\/20\/2023\/01\/Logo-PANS-2022-pelne.png","contentUrl":"https:\/\/pans.krosno.pl\/is\/wp-content\/uploads\/sites\/20\/2023\/01\/Logo-PANS-2022-pelne.png","width":3096,"height":696,"caption":"In\u017cynieria \u015arodowiska PANS w Kro\u015bnie"},"image":{"@id":"https:\/\/pans.krosno.pl\/is\/#\/schema\/logo\/image\/"}}]}},"_links":{"self":[{"href":"https:\/\/pans.krosno.pl\/is\/wp-json\/wp\/v2\/pages\/293","targetHints":{"allow":["GET"]}}],"collection":[{"href":"https:\/\/pans.krosno.pl\/is\/wp-json\/wp\/v2\/pages"}],"about":[{"href":"https:\/\/pans.krosno.pl\/is\/wp-json\/wp\/v2\/types\/page"}],"author":[{"embeddable":true,"href":"https:\/\/pans.krosno.pl\/is\/wp-json\/wp\/v2\/users\/27"}],"replies":[{"embeddable":true,"href":"https:\/\/pans.krosno.pl\/is\/wp-json\/wp\/v2\/comments?post=293"}],"version-history":[{"count":26,"href":"https:\/\/pans.krosno.pl\/is\/wp-json\/wp\/v2\/pages\/293\/revisions"}],"predecessor-version":[{"id":2968,"href":"https:\/\/pans.krosno.pl\/is\/wp-json\/wp\/v2\/pages\/293\/revisions\/2968"}],"wp:attachment":[{"href":"https:\/\/pans.krosno.pl\/is\/wp-json\/wp\/v2\/media?parent=293"}],"curies":[{"name":"wp","href":"https:\/\/api.w.org\/{rel}","templated":true}]}}