{"id":219,"date":"2020-02-26T12:25:28","date_gmt":"2020-02-26T11:25:28","guid":{"rendered":"https:\/\/pans.krosno.pl\/is\/?page_id=219"},"modified":"2025-10-21T09:24:54","modified_gmt":"2025-10-21T07:24:54","slug":"programy-studiow","status":"publish","type":"page","link":"https:\/\/pans.krosno.pl\/is\/programy-studiow\/","title":{"rendered":"Programy studi\u00f3w"},"content":{"rendered":"\n<p class=\"has-medium-font-size\"><strong>ROK I (cykl 2025-2029)<\/strong><\/p>\n\n\n\n<div class=\"wp-block-file\"><a id=\"wp-block-file--media-2a8ef9c4-0df1-4b4b-9fd7-b145cc6ce373\" href=\"https:\/\/pans.krosno.pl\/is\/wp-content\/uploads\/sites\/20\/2025\/10\/Szczegolowy-opis-programu-studiow-IS-dla-cyklu-2025-2029-1.pdf\">ROK I (Szczegolowy-opis-programu-studiow-dla-cyklu-2025-2029)<\/a><a href=\"https:\/\/pans.krosno.pl\/is\/wp-content\/uploads\/sites\/20\/2025\/10\/Szczegolowy-opis-programu-studiow-IS-dla-cyklu-2025-2029-1.pdf\" class=\"wp-block-file__button wp-element-button\" download aria-describedby=\"wp-block-file--media-2a8ef9c4-0df1-4b4b-9fd7-b145cc6ce373\">Pobierz<\/a><\/div>\n\n\n\n<hr class=\"wp-block-separator has-alpha-channel-opacity\" \/>\n\n\n\n<p><strong>ROK II (cykl 2024-2028)<\/strong><\/p>\n\n\n\n<div class=\"wp-block-file\"><a id=\"wp-block-file--media-a37bca96-98f6-46d4-b704-3abd4ec8d5a5\" href=\"https:\/\/pans.krosno.pl\/is\/wp-content\/uploads\/sites\/20\/2025\/02\/Szczegolowy-opis-programu-studiow-IS-dla-cyklu-2024-2028.pdf\">ROK II (Szczegolowy-opis-programu-studiow-dla-cyklu-2024-2028)<\/a><a href=\"https:\/\/pans.krosno.pl\/is\/wp-content\/uploads\/sites\/20\/2025\/02\/Szczegolowy-opis-programu-studiow-IS-dla-cyklu-2024-2028.pdf\" class=\"wp-block-file__button wp-element-button\" download aria-describedby=\"wp-block-file--media-a37bca96-98f6-46d4-b704-3abd4ec8d5a5\">Pobierz<\/a><\/div>\n\n\n\n<hr class=\"wp-block-separator has-alpha-channel-opacity\" \/>\n\n\n\n<p class=\"has-medium-font-size\"><strong>ROK III (cykl 2023-2027)<\/strong><\/p>\n\n\n\n<div class=\"wp-block-file\"><a id=\"wp-block-file--media-23b4b169-7feb-4c3e-abe1-fcbcdbadb09c\" href=\"https:\/\/pans.krosno.pl\/is\/wp-content\/uploads\/sites\/20\/2025\/03\/Szczegolowy-opis-programu-studiow-dla-cyklu-2023-2027.pdf\">ROK III (Szczeg\u00f3\u0142owy-opis-programu-studi\u00f3w-dla-cyklu-2023-2027)<\/a><a href=\"https:\/\/pans.krosno.pl\/is\/wp-content\/uploads\/sites\/20\/2025\/03\/Szczegolowy-opis-programu-studiow-dla-cyklu-2023-2027.pdf\" class=\"wp-block-file__button wp-element-button\" download aria-describedby=\"wp-block-file--media-23b4b169-7feb-4c3e-abe1-fcbcdbadb09c\">Pobierz<\/a><\/div>\n\n\n\n<hr class=\"wp-block-separator has-alpha-channel-opacity\" \/>\n\n\n\n<p class=\"has-medium-font-size\"><strong>ROK IV (cykl 2022-2026)<\/strong><\/p>\n\n\n\n<div class=\"wp-block-file\"><a id=\"wp-block-file--media-eea56853-d743-45a2-a058-57e9ba888750\" href=\"https:\/\/pans.krosno.pl\/is\/wp-content\/uploads\/sites\/20\/2025\/03\/Opis-programu-studiow-dla-cyklu-2022-2026.pdf\">ROK IV (Szczeg\u00f3\u0142owy opis programu studi\u00f3w dla cyklu 2022-2026)<\/a><a href=\"https:\/\/pans.krosno.pl\/is\/wp-content\/uploads\/sites\/20\/2025\/03\/Opis-programu-studiow-dla-cyklu-2022-2026.pdf\" class=\"wp-block-file__button wp-element-button\" download aria-describedby=\"wp-block-file--media-eea56853-d743-45a2-a058-57e9ba888750\">Pobierz<\/a><\/div>\n\n\n\n<hr class=\"wp-block-separator has-alpha-channel-opacity\" \/>\n\n\n\n<p><strong>Environmental-Engineering-ERASMUS-2025\/2026-COURSE-CATALOGUE and Syllabus<\/strong><\/p>\n\n\n\n<div class=\"wp-block-file\"><a id=\"wp-block-file--media-fc163416-524d-41e9-9701-aba7dd784bae\" href=\"https:\/\/pans.krosno.pl\/is\/wp-content\/uploads\/sites\/20\/2025\/02\/Environmental-Engineering-ERASMUS-2024.2025-COURSE-CATALOGUE.pdf\">Environmental-Engineering-ERASMUS-2024.2025-COURSE-CATALOGUE<\/a><a href=\"https:\/\/pans.krosno.pl\/is\/wp-content\/uploads\/sites\/20\/2025\/02\/Environmental-Engineering-ERASMUS-2024.2025-COURSE-CATALOGUE.pdf\" class=\"wp-block-file__button wp-element-button\" download aria-describedby=\"wp-block-file--media-fc163416-524d-41e9-9701-aba7dd784bae\">Pobierz<\/a><\/div>\n\n\n\n<div class=\"wp-block-file\"><a id=\"wp-block-file--media-26266842-ee30-4284-8655-4387d33fdbd6\" href=\"https:\/\/pans.krosno.pl\/is\/wp-content\/uploads\/sites\/20\/2025\/02\/Environmental-Engineering-ERASMUS-2024-2025-COURSE-Syllabus.pdf\">Environmental-Engineering-ERASMUS-2024-2025-COURSE Syllabus<\/a><a href=\"https:\/\/pans.krosno.pl\/is\/wp-content\/uploads\/sites\/20\/2025\/02\/Environmental-Engineering-ERASMUS-2024-2025-COURSE-Syllabus.pdf\" class=\"wp-block-file__button wp-element-button\" download aria-describedby=\"wp-block-file--media-26266842-ee30-4284-8655-4387d33fdbd6\">Pobierz<\/a><\/div>\n","protected":false},"excerpt":{"rendered":"<p>ROK I (cykl 2025-2029) ROK II (cykl 2024-2028) ROK III (cykl 2023-2027) ROK IV (cykl 2022-2026) Environmental-Engineering-ERASMUS-2025\/2026-COURSE-CATALOGUE and Syllabus<\/p>\n","protected":false},"author":27,"featured_media":0,"parent":0,"menu_order":0,"comment_status":"closed","ping_status":"closed","template":"page-templates\/template-full-width.php","meta":{"ngg_post_thumbnail":0,"footnotes":""},"class_list":["post-219","page","type-page","status-publish","hentry"],"yoast_head":"<!-- This site is optimized with the Yoast SEO Premium plugin v27.4 (Yoast SEO v27.4) - https:\/\/yoast.com\/product\/yoast-seo-premium-wordpress\/ -->\n<title>Programy studi\u00f3w - In\u017cynieria \u015arodowiska PANS w Kro\u015bnie<\/title>\n<meta name=\"description\" content=\"KPU w Kro\u015bnie\" \/>\n<meta name=\"robots\" content=\"index, follow, max-snippet:-1, max-image-preview:large, max-video-preview:-1\" \/>\n<link rel=\"canonical\" href=\"https:\/\/pans.krosno.pl\/is\/programy-studiow\/\" \/>\n<meta property=\"og:locale\" content=\"pl_PL\" \/>\n<meta property=\"og:type\" content=\"article\" \/>\n<meta property=\"og:title\" content=\"Programy studi\u00f3w\" \/>\n<meta property=\"og:description\" content=\"KPU w Kro\u015bnie\" \/>\n<meta property=\"og:url\" content=\"https:\/\/pans.krosno.pl\/is\/programy-studiow\/\" \/>\n<meta property=\"og:site_name\" content=\"In\u017cynieria \u015arodowiska PANS w Kro\u015bnie\" \/>\n<meta property=\"article:modified_time\" content=\"2025-10-21T07:24:54+00:00\" \/>\n<meta name=\"twitter:card\" content=\"summary_large_image\" \/>\n<meta name=\"twitter:label1\" content=\"Szacowany czas czytania\" \/>\n\t<meta name=\"twitter:data1\" content=\"1 minuta\" \/>\n<script type=\"application\/ld+json\" class=\"yoast-schema-graph\">{\"@context\":\"https:\\\/\\\/schema.org\",\"@graph\":[{\"@type\":\"WebPage\",\"@id\":\"https:\\\/\\\/pans.krosno.pl\\\/is\\\/programy-studiow\\\/\",\"url\":\"https:\\\/\\\/pans.krosno.pl\\\/is\\\/programy-studiow\\\/\",\"name\":\"Programy studi\u00f3w - In\u017cynieria \u015arodowiska PANS w Kro\u015bnie\",\"isPartOf\":{\"@id\":\"https:\\\/\\\/pans.krosno.pl\\\/is\\\/#website\"},\"datePublished\":\"2020-02-26T11:25:28+00:00\",\"dateModified\":\"2025-10-21T07:24:54+00:00\",\"description\":\"KPU w Kro\u015bnie\",\"breadcrumb\":{\"@id\":\"https:\\\/\\\/pans.krosno.pl\\\/is\\\/programy-studiow\\\/#breadcrumb\"},\"inLanguage\":\"pl-PL\",\"potentialAction\":[{\"@type\":\"ReadAction\",\"target\":[\"https:\\\/\\\/pans.krosno.pl\\\/is\\\/programy-studiow\\\/\"]}]},{\"@type\":\"BreadcrumbList\",\"@id\":\"https:\\\/\\\/pans.krosno.pl\\\/is\\\/programy-studiow\\\/#breadcrumb\",\"itemListElement\":[{\"@type\":\"ListItem\",\"position\":1,\"name\":\"Strona g\u0142\u00f3wna\",\"item\":\"https:\\\/\\\/pans.krosno.pl\\\/is\\\/\"},{\"@type\":\"ListItem\",\"position\":2,\"name\":\"Programy studi\u00f3w\"}]},{\"@type\":\"WebSite\",\"@id\":\"https:\\\/\\\/pans.krosno.pl\\\/is\\\/#website\",\"url\":\"https:\\\/\\\/pans.krosno.pl\\\/is\\\/\",\"name\":\"In\u017cynieria \u015arodowiska PANS w Kro\u015bnie\",\"description\":\"In\u017cynieria \u015arodowiska - Pa\u0144stwowa Akademia Nauk Stosowanych\",\"publisher\":{\"@id\":\"https:\\\/\\\/pans.krosno.pl\\\/is\\\/#organization\"},\"potentialAction\":[{\"@type\":\"SearchAction\",\"target\":{\"@type\":\"EntryPoint\",\"urlTemplate\":\"https:\\\/\\\/pans.krosno.pl\\\/is\\\/?s={search_term_string}\"},\"query-input\":{\"@type\":\"PropertyValueSpecification\",\"valueRequired\":true,\"valueName\":\"search_term_string\"}}],\"inLanguage\":\"pl-PL\"},{\"@type\":\"Organization\",\"@id\":\"https:\\\/\\\/pans.krosno.pl\\\/is\\\/#organization\",\"name\":\"In\u017cynieria \u015arodowiska PANS w Kro\u015bnie\",\"url\":\"https:\\\/\\\/pans.krosno.pl\\\/is\\\/\",\"logo\":{\"@type\":\"ImageObject\",\"inLanguage\":\"pl-PL\",\"@id\":\"https:\\\/\\\/pans.krosno.pl\\\/is\\\/#\\\/schema\\\/logo\\\/image\\\/\",\"url\":\"https:\\\/\\\/pans.krosno.pl\\\/is\\\/wp-content\\\/uploads\\\/sites\\\/20\\\/2023\\\/01\\\/Logo-PANS-2022-pelne.png\",\"contentUrl\":\"https:\\\/\\\/pans.krosno.pl\\\/is\\\/wp-content\\\/uploads\\\/sites\\\/20\\\/2023\\\/01\\\/Logo-PANS-2022-pelne.png\",\"width\":3096,\"height\":696,\"caption\":\"In\u017cynieria \u015arodowiska PANS w Kro\u015bnie\"},\"image\":{\"@id\":\"https:\\\/\\\/pans.krosno.pl\\\/is\\\/#\\\/schema\\\/logo\\\/image\\\/\"}}]}<\/script>\n<!-- \/ Yoast SEO Premium plugin. -->","yoast_head_json":{"title":"Programy studi\u00f3w - In\u017cynieria \u015arodowiska PANS w Kro\u015bnie","description":"KPU w Kro\u015bnie","robots":{"index":"index","follow":"follow","max-snippet":"max-snippet:-1","max-image-preview":"max-image-preview:large","max-video-preview":"max-video-preview:-1"},"canonical":"https:\/\/pans.krosno.pl\/is\/programy-studiow\/","og_locale":"pl_PL","og_type":"article","og_title":"Programy studi\u00f3w","og_description":"KPU w Kro\u015bnie","og_url":"https:\/\/pans.krosno.pl\/is\/programy-studiow\/","og_site_name":"In\u017cynieria \u015arodowiska PANS w Kro\u015bnie","article_modified_time":"2025-10-21T07:24:54+00:00","twitter_card":"summary_large_image","twitter_misc":{"Szacowany czas czytania":"1 minuta"},"schema":{"@context":"https:\/\/schema.org","@graph":[{"@type":"WebPage","@id":"https:\/\/pans.krosno.pl\/is\/programy-studiow\/","url":"https:\/\/pans.krosno.pl\/is\/programy-studiow\/","name":"Programy studi\u00f3w - In\u017cynieria \u015arodowiska PANS w Kro\u015bnie","isPartOf":{"@id":"https:\/\/pans.krosno.pl\/is\/#website"},"datePublished":"2020-02-26T11:25:28+00:00","dateModified":"2025-10-21T07:24:54+00:00","description":"KPU w Kro\u015bnie","breadcrumb":{"@id":"https:\/\/pans.krosno.pl\/is\/programy-studiow\/#breadcrumb"},"inLanguage":"pl-PL","potentialAction":[{"@type":"ReadAction","target":["https:\/\/pans.krosno.pl\/is\/programy-studiow\/"]}]},{"@type":"BreadcrumbList","@id":"https:\/\/pans.krosno.pl\/is\/programy-studiow\/#breadcrumb","itemListElement":[{"@type":"ListItem","position":1,"name":"Strona g\u0142\u00f3wna","item":"https:\/\/pans.krosno.pl\/is\/"},{"@type":"ListItem","position":2,"name":"Programy studi\u00f3w"}]},{"@type":"WebSite","@id":"https:\/\/pans.krosno.pl\/is\/#website","url":"https:\/\/pans.krosno.pl\/is\/","name":"In\u017cynieria \u015arodowiska PANS w Kro\u015bnie","description":"In\u017cynieria \u015arodowiska - Pa\u0144stwowa Akademia Nauk Stosowanych","publisher":{"@id":"https:\/\/pans.krosno.pl\/is\/#organization"},"potentialAction":[{"@type":"SearchAction","target":{"@type":"EntryPoint","urlTemplate":"https:\/\/pans.krosno.pl\/is\/?s={search_term_string}"},"query-input":{"@type":"PropertyValueSpecification","valueRequired":true,"valueName":"search_term_string"}}],"inLanguage":"pl-PL"},{"@type":"Organization","@id":"https:\/\/pans.krosno.pl\/is\/#organization","name":"In\u017cynieria \u015arodowiska PANS w Kro\u015bnie","url":"https:\/\/pans.krosno.pl\/is\/","logo":{"@type":"ImageObject","inLanguage":"pl-PL","@id":"https:\/\/pans.krosno.pl\/is\/#\/schema\/logo\/image\/","url":"https:\/\/pans.krosno.pl\/is\/wp-content\/uploads\/sites\/20\/2023\/01\/Logo-PANS-2022-pelne.png","contentUrl":"https:\/\/pans.krosno.pl\/is\/wp-content\/uploads\/sites\/20\/2023\/01\/Logo-PANS-2022-pelne.png","width":3096,"height":696,"caption":"In\u017cynieria \u015arodowiska PANS w Kro\u015bnie"},"image":{"@id":"https:\/\/pans.krosno.pl\/is\/#\/schema\/logo\/image\/"}}]}},"_links":{"self":[{"href":"https:\/\/pans.krosno.pl\/is\/wp-json\/wp\/v2\/pages\/219","targetHints":{"allow":["GET"]}}],"collection":[{"href":"https:\/\/pans.krosno.pl\/is\/wp-json\/wp\/v2\/pages"}],"about":[{"href":"https:\/\/pans.krosno.pl\/is\/wp-json\/wp\/v2\/types\/page"}],"author":[{"embeddable":true,"href":"https:\/\/pans.krosno.pl\/is\/wp-json\/wp\/v2\/users\/27"}],"replies":[{"embeddable":true,"href":"https:\/\/pans.krosno.pl\/is\/wp-json\/wp\/v2\/comments?post=219"}],"version-history":[{"count":43,"href":"https:\/\/pans.krosno.pl\/is\/wp-json\/wp\/v2\/pages\/219\/revisions"}],"predecessor-version":[{"id":2905,"href":"https:\/\/pans.krosno.pl\/is\/wp-json\/wp\/v2\/pages\/219\/revisions\/2905"}],"wp:attachment":[{"href":"https:\/\/pans.krosno.pl\/is\/wp-json\/wp\/v2\/media?parent=219"}],"curies":[{"name":"wp","href":"https:\/\/api.w.org\/{rel}","templated":true}]}}