{"id":20,"date":"2019-11-06T12:35:58","date_gmt":"2019-11-06T11:35:58","guid":{"rendered":"https:\/\/pans.krosno.pl\/is\/?page_id=20"},"modified":"2024-12-06T08:23:06","modified_gmt":"2024-12-06T07:23:06","slug":"egzamin-dyplomowy","status":"publish","type":"page","link":"https:\/\/pans.krosno.pl\/is\/egzamin-dyplomowy\/","title":{"rendered":"Egzamin dyplomowy"},"content":{"rendered":"\n<h4 class=\"wp-block-heading\" id=\"h-procedura-dyplomowania\">Procedura dyplomowania<\/h4>\n\n\n\n<div class=\"wp-block-file\"><a id=\"wp-block-file--media-511f85f0-730e-451a-b1fa-0e1c37b6af89\" href=\"https:\/\/pans.krosno.pl\/is\/wp-content\/uploads\/sites\/20\/2024\/12\/6-procedura-dyplomowania-wydanie-5.doc\">6-procedura-dyplomowania-wydanie-5<\/a><a href=\"https:\/\/pans.krosno.pl\/is\/wp-content\/uploads\/sites\/20\/2024\/12\/6-procedura-dyplomowania-wydanie-5.doc\" class=\"wp-block-file__button wp-element-button\" download aria-describedby=\"wp-block-file--media-511f85f0-730e-451a-b1fa-0e1c37b6af89\">Pobierz<\/a><\/div>\n\n\n\n<div class=\"wp-block-file\"><a id=\"wp-block-file--media-f42284fc-14bb-460a-b65e-d54732a246ab\" href=\"https:\/\/pans.krosno.pl\/is\/wp-content\/uploads\/sites\/20\/2024\/12\/Wzor-strony-tytulowej-PANS-1.doc\">Wzor-strony-tytulowej-PANS-1<\/a><a href=\"https:\/\/pans.krosno.pl\/is\/wp-content\/uploads\/sites\/20\/2024\/12\/Wzor-strony-tytulowej-PANS-1.doc\" class=\"wp-block-file__button wp-element-button\" download aria-describedby=\"wp-block-file--media-f42284fc-14bb-460a-b65e-d54732a246ab\">Pobierz<\/a><\/div>\n\n\n\n<h4 class=\"wp-block-heading\" id=\"h-pytania-na-egzamin-dyplomowy\">Pytania na egzamin dyplomowy<\/h4>\n\n\n\n<p>Pytania z zakresu in\u017cynierii \u015brodowiska na egzamin dyplomowy in\u017cynierski oparte na efektach uczenia si\u0119 uzyskanych w czasie studi\u00f3w.<br><\/p>\n\n\n\n<div class=\"wp-block-file\"><a id=\"wp-block-file--media-d76d7a41-03c5-4b8b-8279-d7cbd65e9bd6\" href=\"https:\/\/pans.krosno.pl\/is\/wp-content\/uploads\/sites\/20\/2020\/03\/pytania_egzamin_dyplomowy_wg_krk-1.pdf\" target=\"_blank\" rel=\"noreferrer noopener\">Pytania egzamin dyplomowy<\/a><a href=\"https:\/\/pans.krosno.pl\/is\/wp-content\/uploads\/sites\/20\/2020\/03\/pytania_egzamin_dyplomowy_wg_krk-1.pdf\" class=\"wp-block-file__button wp-element-button\" download aria-describedby=\"wp-block-file--media-d76d7a41-03c5-4b8b-8279-d7cbd65e9bd6\">Pobierz<\/a><\/div>\n\n\n\n<div class=\"wp-block-file\"><a id=\"wp-block-file--media-8946e1f6-8e9a-415f-b50b-4d06f2998882\" href=\"https:\/\/pans.krosno.pl\/is\/wp-content\/uploads\/sites\/20\/2021\/02\/Kryteria-oceny-prezentacji-pracy-dyplomowej-Inzynieria-Srodowiska.pdf\">Kryteria-oceny-prezentacji-pracy-dyplomowej-In\u017cynieria-\u015arodowiska<\/a><a href=\"https:\/\/pans.krosno.pl\/is\/wp-content\/uploads\/sites\/20\/2021\/02\/Kryteria-oceny-prezentacji-pracy-dyplomowej-Inzynieria-Srodowiska.pdf\" class=\"wp-block-file__button wp-element-button\" download aria-describedby=\"wp-block-file--media-8946e1f6-8e9a-415f-b50b-4d06f2998882\">Pobierz<\/a><\/div>\n","protected":false},"excerpt":{"rendered":"<p>Procedura dyplomowania Pytania na egzamin dyplomowy Pytania z zakresu in\u017cynierii \u015brodowiska na egzamin dyplomowy in\u017cynierski oparte na efektach uczenia si\u0119 uzyskanych w czasie studi\u00f3w.<\/p>\n","protected":false},"author":27,"featured_media":0,"parent":0,"menu_order":0,"comment_status":"closed","ping_status":"closed","template":"page-templates\/template-full-width.php","meta":{"ngg_post_thumbnail":0,"footnotes":""},"class_list":["post-20","page","type-page","status-publish","hentry"],"yoast_head":"<!-- This site is optimized with the Yoast SEO Premium plugin v27.4 (Yoast SEO v27.4) - https:\/\/yoast.com\/product\/yoast-seo-premium-wordpress\/ -->\n<title>Egzamin dyplomowy - In\u017cynieria \u015arodowiska PANS w Kro\u015bnie<\/title>\n<meta name=\"description\" content=\"Pytania z zakresu in\u017cynierii \u015brodowiska na egzamin dyplomowy in\u017cynierski oparte na efektach kszta\u0142cenia uzyskanych w czasie studi\u00f3w.\" \/>\n<meta name=\"robots\" content=\"index, follow, max-snippet:-1, max-image-preview:large, max-video-preview:-1\" \/>\n<link rel=\"canonical\" href=\"https:\/\/pans.krosno.pl\/is\/egzamin-dyplomowy\/\" \/>\n<meta property=\"og:locale\" content=\"pl_PL\" \/>\n<meta property=\"og:type\" content=\"article\" \/>\n<meta property=\"og:title\" content=\"Egzamin dyplomowy\" \/>\n<meta property=\"og:description\" content=\"Pytania z zakresu in\u017cynierii \u015brodowiska na egzamin dyplomowy in\u017cynierski oparte na efektach kszta\u0142cenia uzyskanych w czasie studi\u00f3w.\" \/>\n<meta property=\"og:url\" content=\"https:\/\/pans.krosno.pl\/is\/egzamin-dyplomowy\/\" \/>\n<meta property=\"og:site_name\" content=\"In\u017cynieria \u015arodowiska PANS w Kro\u015bnie\" \/>\n<meta property=\"article:modified_time\" content=\"2024-12-06T07:23:06+00:00\" \/>\n<meta name=\"twitter:card\" content=\"summary_large_image\" \/>\n<meta name=\"twitter:label1\" content=\"Szacowany czas czytania\" \/>\n\t<meta name=\"twitter:data1\" content=\"1 minuta\" \/>\n<script type=\"application\/ld+json\" class=\"yoast-schema-graph\">{\"@context\":\"https:\\\/\\\/schema.org\",\"@graph\":[{\"@type\":\"WebPage\",\"@id\":\"https:\\\/\\\/pans.krosno.pl\\\/is\\\/egzamin-dyplomowy\\\/\",\"url\":\"https:\\\/\\\/pans.krosno.pl\\\/is\\\/egzamin-dyplomowy\\\/\",\"name\":\"Egzamin dyplomowy - In\u017cynieria \u015arodowiska PANS w Kro\u015bnie\",\"isPartOf\":{\"@id\":\"https:\\\/\\\/pans.krosno.pl\\\/is\\\/#website\"},\"datePublished\":\"2019-11-06T11:35:58+00:00\",\"dateModified\":\"2024-12-06T07:23:06+00:00\",\"description\":\"Pytania z zakresu in\u017cynierii \u015brodowiska na egzamin dyplomowy in\u017cynierski oparte na efektach kszta\u0142cenia uzyskanych w czasie studi\u00f3w.\",\"breadcrumb\":{\"@id\":\"https:\\\/\\\/pans.krosno.pl\\\/is\\\/egzamin-dyplomowy\\\/#breadcrumb\"},\"inLanguage\":\"pl-PL\",\"potentialAction\":[{\"@type\":\"ReadAction\",\"target\":[\"https:\\\/\\\/pans.krosno.pl\\\/is\\\/egzamin-dyplomowy\\\/\"]}]},{\"@type\":\"BreadcrumbList\",\"@id\":\"https:\\\/\\\/pans.krosno.pl\\\/is\\\/egzamin-dyplomowy\\\/#breadcrumb\",\"itemListElement\":[{\"@type\":\"ListItem\",\"position\":1,\"name\":\"Strona g\u0142\u00f3wna\",\"item\":\"https:\\\/\\\/pans.krosno.pl\\\/is\\\/\"},{\"@type\":\"ListItem\",\"position\":2,\"name\":\"Egzamin dyplomowy\"}]},{\"@type\":\"WebSite\",\"@id\":\"https:\\\/\\\/pans.krosno.pl\\\/is\\\/#website\",\"url\":\"https:\\\/\\\/pans.krosno.pl\\\/is\\\/\",\"name\":\"In\u017cynieria \u015arodowiska PANS w Kro\u015bnie\",\"description\":\"In\u017cynieria \u015arodowiska - Pa\u0144stwowa Akademia Nauk Stosowanych\",\"publisher\":{\"@id\":\"https:\\\/\\\/pans.krosno.pl\\\/is\\\/#organization\"},\"potentialAction\":[{\"@type\":\"SearchAction\",\"target\":{\"@type\":\"EntryPoint\",\"urlTemplate\":\"https:\\\/\\\/pans.krosno.pl\\\/is\\\/?s={search_term_string}\"},\"query-input\":{\"@type\":\"PropertyValueSpecification\",\"valueRequired\":true,\"valueName\":\"search_term_string\"}}],\"inLanguage\":\"pl-PL\"},{\"@type\":\"Organization\",\"@id\":\"https:\\\/\\\/pans.krosno.pl\\\/is\\\/#organization\",\"name\":\"In\u017cynieria \u015arodowiska PANS w Kro\u015bnie\",\"url\":\"https:\\\/\\\/pans.krosno.pl\\\/is\\\/\",\"logo\":{\"@type\":\"ImageObject\",\"inLanguage\":\"pl-PL\",\"@id\":\"https:\\\/\\\/pans.krosno.pl\\\/is\\\/#\\\/schema\\\/logo\\\/image\\\/\",\"url\":\"https:\\\/\\\/pans.krosno.pl\\\/is\\\/wp-content\\\/uploads\\\/sites\\\/20\\\/2023\\\/01\\\/Logo-PANS-2022-pelne.png\",\"contentUrl\":\"https:\\\/\\\/pans.krosno.pl\\\/is\\\/wp-content\\\/uploads\\\/sites\\\/20\\\/2023\\\/01\\\/Logo-PANS-2022-pelne.png\",\"width\":3096,\"height\":696,\"caption\":\"In\u017cynieria \u015arodowiska PANS w Kro\u015bnie\"},\"image\":{\"@id\":\"https:\\\/\\\/pans.krosno.pl\\\/is\\\/#\\\/schema\\\/logo\\\/image\\\/\"}}]}<\/script>\n<!-- \/ Yoast SEO Premium plugin. -->","yoast_head_json":{"title":"Egzamin dyplomowy - In\u017cynieria \u015arodowiska PANS w Kro\u015bnie","description":"Pytania z zakresu in\u017cynierii \u015brodowiska na egzamin dyplomowy in\u017cynierski oparte na efektach kszta\u0142cenia uzyskanych w czasie studi\u00f3w.","robots":{"index":"index","follow":"follow","max-snippet":"max-snippet:-1","max-image-preview":"max-image-preview:large","max-video-preview":"max-video-preview:-1"},"canonical":"https:\/\/pans.krosno.pl\/is\/egzamin-dyplomowy\/","og_locale":"pl_PL","og_type":"article","og_title":"Egzamin dyplomowy","og_description":"Pytania z zakresu in\u017cynierii \u015brodowiska na egzamin dyplomowy in\u017cynierski oparte na efektach kszta\u0142cenia uzyskanych w czasie studi\u00f3w.","og_url":"https:\/\/pans.krosno.pl\/is\/egzamin-dyplomowy\/","og_site_name":"In\u017cynieria \u015arodowiska PANS w Kro\u015bnie","article_modified_time":"2024-12-06T07:23:06+00:00","twitter_card":"summary_large_image","twitter_misc":{"Szacowany czas czytania":"1 minuta"},"schema":{"@context":"https:\/\/schema.org","@graph":[{"@type":"WebPage","@id":"https:\/\/pans.krosno.pl\/is\/egzamin-dyplomowy\/","url":"https:\/\/pans.krosno.pl\/is\/egzamin-dyplomowy\/","name":"Egzamin dyplomowy - In\u017cynieria \u015arodowiska PANS w Kro\u015bnie","isPartOf":{"@id":"https:\/\/pans.krosno.pl\/is\/#website"},"datePublished":"2019-11-06T11:35:58+00:00","dateModified":"2024-12-06T07:23:06+00:00","description":"Pytania z zakresu in\u017cynierii \u015brodowiska na egzamin dyplomowy in\u017cynierski oparte na efektach kszta\u0142cenia uzyskanych w czasie studi\u00f3w.","breadcrumb":{"@id":"https:\/\/pans.krosno.pl\/is\/egzamin-dyplomowy\/#breadcrumb"},"inLanguage":"pl-PL","potentialAction":[{"@type":"ReadAction","target":["https:\/\/pans.krosno.pl\/is\/egzamin-dyplomowy\/"]}]},{"@type":"BreadcrumbList","@id":"https:\/\/pans.krosno.pl\/is\/egzamin-dyplomowy\/#breadcrumb","itemListElement":[{"@type":"ListItem","position":1,"name":"Strona g\u0142\u00f3wna","item":"https:\/\/pans.krosno.pl\/is\/"},{"@type":"ListItem","position":2,"name":"Egzamin dyplomowy"}]},{"@type":"WebSite","@id":"https:\/\/pans.krosno.pl\/is\/#website","url":"https:\/\/pans.krosno.pl\/is\/","name":"In\u017cynieria \u015arodowiska PANS w Kro\u015bnie","description":"In\u017cynieria \u015arodowiska - Pa\u0144stwowa Akademia Nauk Stosowanych","publisher":{"@id":"https:\/\/pans.krosno.pl\/is\/#organization"},"potentialAction":[{"@type":"SearchAction","target":{"@type":"EntryPoint","urlTemplate":"https:\/\/pans.krosno.pl\/is\/?s={search_term_string}"},"query-input":{"@type":"PropertyValueSpecification","valueRequired":true,"valueName":"search_term_string"}}],"inLanguage":"pl-PL"},{"@type":"Organization","@id":"https:\/\/pans.krosno.pl\/is\/#organization","name":"In\u017cynieria \u015arodowiska PANS w Kro\u015bnie","url":"https:\/\/pans.krosno.pl\/is\/","logo":{"@type":"ImageObject","inLanguage":"pl-PL","@id":"https:\/\/pans.krosno.pl\/is\/#\/schema\/logo\/image\/","url":"https:\/\/pans.krosno.pl\/is\/wp-content\/uploads\/sites\/20\/2023\/01\/Logo-PANS-2022-pelne.png","contentUrl":"https:\/\/pans.krosno.pl\/is\/wp-content\/uploads\/sites\/20\/2023\/01\/Logo-PANS-2022-pelne.png","width":3096,"height":696,"caption":"In\u017cynieria \u015arodowiska PANS w Kro\u015bnie"},"image":{"@id":"https:\/\/pans.krosno.pl\/is\/#\/schema\/logo\/image\/"}}]}},"_links":{"self":[{"href":"https:\/\/pans.krosno.pl\/is\/wp-json\/wp\/v2\/pages\/20","targetHints":{"allow":["GET"]}}],"collection":[{"href":"https:\/\/pans.krosno.pl\/is\/wp-json\/wp\/v2\/pages"}],"about":[{"href":"https:\/\/pans.krosno.pl\/is\/wp-json\/wp\/v2\/types\/page"}],"author":[{"embeddable":true,"href":"https:\/\/pans.krosno.pl\/is\/wp-json\/wp\/v2\/users\/27"}],"replies":[{"embeddable":true,"href":"https:\/\/pans.krosno.pl\/is\/wp-json\/wp\/v2\/comments?post=20"}],"version-history":[{"count":11,"href":"https:\/\/pans.krosno.pl\/is\/wp-json\/wp\/v2\/pages\/20\/revisions"}],"predecessor-version":[{"id":2472,"href":"https:\/\/pans.krosno.pl\/is\/wp-json\/wp\/v2\/pages\/20\/revisions\/2472"}],"wp:attachment":[{"href":"https:\/\/pans.krosno.pl\/is\/wp-json\/wp\/v2\/media?parent=20"}],"curies":[{"name":"wp","href":"https:\/\/api.w.org\/{rel}","templated":true}]}}