{"id":19,"date":"2019-11-06T12:35:58","date_gmt":"2019-11-06T11:35:58","guid":{"rendered":"https:\/\/pans.krosno.pl\/is\/?page_id=19"},"modified":"2025-04-22T09:52:41","modified_gmt":"2025-04-22T07:52:41","slug":"praktyki-zawodowe","status":"publish","type":"page","link":"https:\/\/pans.krosno.pl\/is\/praktyki-zawodowe\/","title":{"rendered":"Praktyki zawodowe"},"content":{"rendered":"\n<p>Podstaw\u0105 realizacji praktyk jest porozumienie zawarte mi\u0119dzy uczelni\u0105 a przedsi\u0119biorstwami, organami administracji samorz\u0105dowej oraz innymi podmiotami zwi\u0105zanymi tematycznie z in\u017cynieri\u0105 \u015brodowiska, w kt\u00f3rych mo\u017cliwa jest realizacja za\u0142o\u017ce\u0144 programowych praktyk.<\/p>\n\n\n\n<p>W ramach programu studi\u00f3w przewidziano trzy cykle praktyk, realizowane kolejno na <strong>4, 6 i 7 semestrze<\/strong>.<\/p>\n\n\n\n<h3 class=\"wp-block-heading\" id=\"h-dokumenty-niezbedne-do-realizacji-praktyk\"><strong>Dokumenty niezb\u0119dne do realizacji praktyk:<\/strong><\/h3>\n\n\n\n<ul class=\"wp-block-list\">\n<li><strong>Skierowanie na praktyki<\/strong><\/li>\n\n\n\n<li><strong>Ubezpieczenie NNW<\/strong><\/li>\n\n\n\n<li><strong>Porozumienie<\/strong> \u2013 wystawiane na podstawie uzupe\u0142nionego skierowania na praktyki<\/li>\n\n\n\n<li><strong>Karta weryfikacji efekt\u00f3w<\/strong><\/li>\n\n\n\n<li><strong>Dzienniczek praktyk<\/strong><\/li>\n\n\n\n<li><strong>Ankieta<\/strong><\/li>\n<\/ul>\n\n\n\n<div class=\"wp-block-file\"><a id=\"wp-block-file--media-0bdcb6b3-e60a-400d-9340-56b3c4b790da\" href=\"https:\/\/pans.krosno.pl\/is\/wp-content\/uploads\/sites\/20\/2025\/01\/Zalacznik-1a-i-1b-Skierowanie-na-praktyke-i-oswiadczenie-o-przyjeciu-na-praktyk.doc\">Zalacznik 1a i 1b -Skierowanie na praktyke i oswiadczenie o przyjeciu na praktyk<\/a><a href=\"https:\/\/pans.krosno.pl\/is\/wp-content\/uploads\/sites\/20\/2025\/01\/Zalacznik-1a-i-1b-Skierowanie-na-praktyke-i-oswiadczenie-o-przyjeciu-na-praktyk.doc\" class=\"wp-block-file__button wp-element-button\" download aria-describedby=\"wp-block-file--media-0bdcb6b3-e60a-400d-9340-56b3c4b790da\">Pobierz<\/a><\/div>\n\n\n\n<div class=\"wp-block-file\"><a id=\"wp-block-file--media-c387a44c-631b-4aa2-afd0-81f8c22682a6\" href=\"https:\/\/pans.krosno.pl\/is\/wp-content\/uploads\/sites\/20\/2025\/01\/Zalacznik-1c-Oswiadczenie-o-posiadaniu-ubezpieczenia-NNW.doc\">Zalacznik 1c Oswiadczenie o posiadaniu ubezpieczenia NNW<\/a><a href=\"https:\/\/pans.krosno.pl\/is\/wp-content\/uploads\/sites\/20\/2025\/01\/Zalacznik-1c-Oswiadczenie-o-posiadaniu-ubezpieczenia-NNW.doc\" class=\"wp-block-file__button wp-element-button\" download aria-describedby=\"wp-block-file--media-c387a44c-631b-4aa2-afd0-81f8c22682a6\">Pobierz<\/a><\/div>\n\n\n\n<div class=\"wp-block-file\"><a id=\"wp-block-file--media-3a1777cd-ee04-4f67-b4b2-432787b43f4d\" href=\"https:\/\/pans.krosno.pl\/is\/wp-content\/uploads\/sites\/20\/2025\/01\/Zalacznik-2a-\u2013-Porozumienie-dla-jednego-studenta-1.doc\">Zalacznik 2a \u2013 Porozumienie dla jednego studenta 1<\/a><a href=\"https:\/\/pans.krosno.pl\/is\/wp-content\/uploads\/sites\/20\/2025\/01\/Zalacznik-2a-\u2013-Porozumienie-dla-jednego-studenta-1.doc\" class=\"wp-block-file__button wp-element-button\" download aria-describedby=\"wp-block-file--media-3a1777cd-ee04-4f67-b4b2-432787b43f4d\">Pobierz<\/a><\/div>\n\n\n\n<div class=\"wp-block-file\"><a id=\"wp-block-file--media-0cac6220-14dc-4ef2-9ed5-17980852c329\" href=\"https:\/\/pans.krosno.pl\/is\/wp-content\/uploads\/sites\/20\/2025\/01\/Zalacznik-2b-\u2013-Porozumienie-dla-grupy-studentow.doc\">Zalacznik 2b \u2013 Porozumienie dla grupy studentow<\/a><a href=\"https:\/\/pans.krosno.pl\/is\/wp-content\/uploads\/sites\/20\/2025\/01\/Zalacznik-2b-\u2013-Porozumienie-dla-grupy-studentow.doc\" class=\"wp-block-file__button wp-element-button\" download aria-describedby=\"wp-block-file--media-0cac6220-14dc-4ef2-9ed5-17980852c329\">Pobierz<\/a><\/div>\n\n\n\n<div class=\"wp-block-file\"><a id=\"wp-block-file--media-d82b9306-fabc-4425-a48b-32d4d5a12c86\" href=\"https:\/\/pans.krosno.pl\/is\/wp-content\/uploads\/sites\/20\/2025\/01\/Zalacznik-3-Karta-weryfikacji-efektow-uczenia-sie-Inzynieria-Srodowiska-1.doc\">Zalacznik 3 &#8211; Karta weryfikacji efekt\u00f3w uczenia si\u0119 &#8211; In\u017cynieria \u015arodowiska<\/a><a href=\"https:\/\/pans.krosno.pl\/is\/wp-content\/uploads\/sites\/20\/2025\/01\/Zalacznik-3-Karta-weryfikacji-efektow-uczenia-sie-Inzynieria-Srodowiska-1.doc\" class=\"wp-block-file__button wp-element-button\" download aria-describedby=\"wp-block-file--media-d82b9306-fabc-4425-a48b-32d4d5a12c86\">Pobierz<\/a><\/div>\n\n\n\n<div class=\"wp-block-file\"><a id=\"wp-block-file--media-d139c2c1-e4c8-4a6d-8165-02b30355d5fd\" href=\"https:\/\/pans.krosno.pl\/is\/wp-content\/uploads\/sites\/20\/2025\/01\/Zalacznik-8-\u2013-ankieta-oceny-miejsca-realizacji-praktyk.doc\">Zalacznik 8 \u2013 ankieta oceny miejsca realizacji praktyk<\/a><a href=\"https:\/\/pans.krosno.pl\/is\/wp-content\/uploads\/sites\/20\/2025\/01\/Zalacznik-8-\u2013-ankieta-oceny-miejsca-realizacji-praktyk.doc\" class=\"wp-block-file__button wp-element-button\" download aria-describedby=\"wp-block-file--media-d139c2c1-e4c8-4a6d-8165-02b30355d5fd\">Pobierz<\/a><\/div>\n\n\n\n<h3 class=\"wp-block-heading\"><strong>Dokumenty wymagane do zwolnienia z praktyk na podstawie wykonywanej pracy:<\/strong><\/h3>\n\n\n\n<ul class=\"wp-block-list\">\n<li><strong>Za\u0142\u0105cznik  4a <\/strong><\/li>\n\n\n\n<li><strong>Za\u0142\u0105cznik<\/strong> <strong>4b<\/strong><\/li>\n\n\n\n<li><strong>Za\u0142\u0105cznik 4c<\/strong><\/li>\n\n\n\n<li><strong>Karta weryfikacji efekt\u00f3w uczenia si\u0119 <\/strong><\/li>\n<\/ul>\n\n\n\n<div class=\"wp-block-file\"><a id=\"wp-block-file--media-94c8bc23-f6ee-45c2-9b4a-5c7410f3e33d\" href=\"https:\/\/pans.krosno.pl\/is\/wp-content\/uploads\/sites\/20\/2025\/01\/Zalacznik-4a-\u2013-podanie-studenta-o-zaliczenie-praktyk-w-ramach-zatrudnienia.doc\">Zalacznik 4a \u2013 podanie studenta o zaliczenie praktyk w ramach zatrudnienia<\/a><a href=\"https:\/\/pans.krosno.pl\/is\/wp-content\/uploads\/sites\/20\/2025\/01\/Zalacznik-4a-\u2013-podanie-studenta-o-zaliczenie-praktyk-w-ramach-zatrudnienia.doc\" class=\"wp-block-file__button wp-element-button\" download aria-describedby=\"wp-block-file--media-94c8bc23-f6ee-45c2-9b4a-5c7410f3e33d\">Pobierz<\/a><\/div>\n\n\n\n<div class=\"wp-block-file\"><a id=\"wp-block-file--media-cb9b0b0a-51d8-4e70-bbd9-571bdbc7047d\" href=\"https:\/\/pans.krosno.pl\/is\/wp-content\/uploads\/sites\/20\/2025\/01\/Zalacznik-4b-\u2013-zaswiadczenie-pracodawcy.doc\">Zalacznik 4b \u2013 zaswiadczenie pracodawcy<\/a><a href=\"https:\/\/pans.krosno.pl\/is\/wp-content\/uploads\/sites\/20\/2025\/01\/Zalacznik-4b-\u2013-zaswiadczenie-pracodawcy.doc\" class=\"wp-block-file__button wp-element-button\" download aria-describedby=\"wp-block-file--media-cb9b0b0a-51d8-4e70-bbd9-571bdbc7047d\">Pobierz<\/a><\/div>\n\n\n\n<div class=\"wp-block-file\"><a id=\"wp-block-file--media-383de48d-d1b1-4816-aa2a-7b3f98c62c7a\" href=\"https:\/\/pans.krosno.pl\/is\/wp-content\/uploads\/sites\/20\/2025\/01\/Zalacznik-4c-\u2013-oswiadczenie-o-wykonywanych-czynnosciach.doc\">Zalacznik 4c \u2013 oswiadczenie o wykonywanych czynnosciach<\/a><a href=\"https:\/\/pans.krosno.pl\/is\/wp-content\/uploads\/sites\/20\/2025\/01\/Zalacznik-4c-\u2013-oswiadczenie-o-wykonywanych-czynnosciach.doc\" class=\"wp-block-file__button wp-element-button\" download aria-describedby=\"wp-block-file--media-383de48d-d1b1-4816-aa2a-7b3f98c62c7a\">Pobierz<\/a><\/div>\n\n\n\n<div class=\"wp-block-file\"><a id=\"wp-block-file--media-2b982950-1516-4e5b-85cb-16f4d18f7d47\" href=\"https:\/\/pans.krosno.pl\/is\/wp-content\/uploads\/sites\/20\/2025\/02\/Zalacznik-3-Karta-weryfikacji-efektow-uczenia-sie-Inzynieria-Srodowiska-1.doc\">Zalacznik-3-Karta-weryfikacji-efektow-uczenia-sie-Inzynieria-Srodowiska-1<\/a><a href=\"https:\/\/pans.krosno.pl\/is\/wp-content\/uploads\/sites\/20\/2025\/02\/Zalacznik-3-Karta-weryfikacji-efektow-uczenia-sie-Inzynieria-Srodowiska-1.doc\" class=\"wp-block-file__button wp-element-button\" download aria-describedby=\"wp-block-file--media-2b982950-1516-4e5b-85cb-16f4d18f7d47\">Pobierz<\/a><\/div>\n\n\n\n<p>Szczeg\u00f3\u0142owe cele i zadania praktyk oraz sposoby ich realizacji okre\u015blono w <strong>regulaminie praktyk<\/strong> oraz <strong>kierunkowym programie praktyk<\/strong>.<\/p>\n\n\n\n<p><a href=\"https:\/\/pans.krosno.pl\/cti\/praktyki\/regulamin-praktyk-2\/\">Regulamin praktyk<\/a><\/p>\n\n\n\n<div class=\"wp-block-file\"><a id=\"wp-block-file--media-dd41a310-20cc-4db4-99f4-7c08a9228602\" href=\"https:\/\/pans.krosno.pl\/is\/wp-content\/uploads\/sites\/20\/2025\/01\/Kierunkowy-program-praktyk-dla-kierunku-inzynieria-srodowiska-2.pdf\">Kierunkowy program praktyk dla kierunku in\u017cynieria \u015brodowiska<\/a><a href=\"https:\/\/pans.krosno.pl\/is\/wp-content\/uploads\/sites\/20\/2025\/01\/Kierunkowy-program-praktyk-dla-kierunku-inzynieria-srodowiska-2.pdf\" class=\"wp-block-file__button wp-element-button\" download aria-describedby=\"wp-block-file--media-dd41a310-20cc-4db4-99f4-7c08a9228602\">Pobierz<\/a><\/div>\n\n\n\n<div class=\"wp-block-file\"><a id=\"wp-block-file--media-399355a0-4e17-4e73-8bfa-0b4fdc3a4056\" href=\"https:\/\/pans.krosno.pl\/is\/wp-content\/uploads\/sites\/20\/2025\/01\/Karta-przemiotu-praktyka-zawodowa.pdf\">Karta przemiotu praktyka zawodowa<\/a><a href=\"https:\/\/pans.krosno.pl\/is\/wp-content\/uploads\/sites\/20\/2025\/01\/Karta-przemiotu-praktyka-zawodowa.pdf\" class=\"wp-block-file__button wp-element-button\" download aria-describedby=\"wp-block-file--media-399355a0-4e17-4e73-8bfa-0b4fdc3a4056\">Pobierz<\/a><\/div>\n\n\n\n<p>Pomocne linki:<\/p>\n\n\n\n<p>\ud83d\udcc4 <strong>Edytowalne formularze dost\u0119pne s\u0105 pod adresem:<\/strong><br>\ud83d\udd17 <a href=\"https:\/\/pans.krosno.pl\/cti\/praktyki\/druki-na-praktyki-do-pobrania\/\">Druki na praktyki do pobrania<\/a><\/p>\n\n\n\n<p>\ud83d\udcd8 <strong>Szczeg\u00f3\u0142owy przewodnik odbywania praktyk:<\/strong><br>\ud83d\udd17 <a href=\"https:\/\/pans.krosno.pl\/cti\/praktyki\/przewodnik\/\">Przewodnik praktyk<\/a><\/p>\n\n\n\n<p>\ud83c\udfe2 <strong>Lista przedsi\u0119biorstw, w kt\u00f3rych mo\u017cna zrealizowa\u0107 praktyki:<\/strong><br>\ud83d\udd17 <a href=\"https:\/\/pans.krosno.pl\/cti\/wp-content\/uploads\/sites\/38\/2021\/12\/baza-firm-IS-.pdf\">Baza firm<\/a><\/p>\n\n\n\n<p><\/p>\n","protected":false},"excerpt":{"rendered":"<p>Podstaw\u0105 realizacji praktyk jest porozumienie zawarte mi\u0119dzy uczelni\u0105 a przedsi\u0119biorstwami, organami administracji samorz\u0105dowej oraz innymi podmiotami zwi\u0105zanymi tematycznie z in\u017cynieri\u0105 \u015brodowiska, w kt\u00f3rych mo\u017cliwa jest realizacja za\u0142o\u017ce\u0144 programowych praktyk. W ramach programu studi\u00f3w przewidziano trzy cykle praktyk, realizowane kolejno na 4, 6 i 7 semestrze. Dokumenty niezb\u0119dne do realizacji praktyk: [\u2026] <\/p>\n<div class=\"clear\"><\/div>\n<p><a class=\"more_link clearfix\" href=\"https:\/\/pans.krosno.pl\/is\/praktyki-zawodowe\/\" rel=\"nofollow\">Read More<\/a><\/p>\n","protected":false},"author":27,"featured_media":0,"parent":0,"menu_order":0,"comment_status":"closed","ping_status":"closed","template":"page-templates\/template-full-width.php","meta":{"ngg_post_thumbnail":0,"footnotes":""},"class_list":["post-19","page","type-page","status-publish","hentry"],"yoast_head":"<!-- This site is optimized with the Yoast SEO Premium plugin v27.4 (Yoast SEO v27.4) - https:\/\/yoast.com\/product\/yoast-seo-premium-wordpress\/ -->\n<title>Praktyki zawodowe - In\u017cynieria \u015arodowiska PANS w Kro\u015bnie<\/title>\n<meta name=\"description\" content=\"KPU w Kro\u015bnie\" \/>\n<meta name=\"robots\" content=\"index, follow, max-snippet:-1, max-image-preview:large, max-video-preview:-1\" \/>\n<link rel=\"canonical\" href=\"https:\/\/pans.krosno.pl\/is\/praktyki-zawodowe\/\" \/>\n<meta property=\"og:locale\" content=\"pl_PL\" \/>\n<meta property=\"og:type\" content=\"article\" \/>\n<meta property=\"og:title\" content=\"Praktyki zawodowe\" \/>\n<meta property=\"og:description\" content=\"KPU w Kro\u015bnie\" \/>\n<meta property=\"og:url\" content=\"https:\/\/pans.krosno.pl\/is\/praktyki-zawodowe\/\" \/>\n<meta property=\"og:site_name\" content=\"In\u017cynieria \u015arodowiska PANS w Kro\u015bnie\" \/>\n<meta property=\"article:modified_time\" content=\"2025-04-22T07:52:41+00:00\" \/>\n<meta name=\"twitter:card\" content=\"summary_large_image\" \/>\n<meta name=\"twitter:label1\" content=\"Szacowany czas czytania\" \/>\n\t<meta name=\"twitter:data1\" content=\"2 minuty\" \/>\n<script type=\"application\/ld+json\" class=\"yoast-schema-graph\">{\"@context\":\"https:\\\/\\\/schema.org\",\"@graph\":[{\"@type\":\"WebPage\",\"@id\":\"https:\\\/\\\/pans.krosno.pl\\\/is\\\/praktyki-zawodowe\\\/\",\"url\":\"https:\\\/\\\/pans.krosno.pl\\\/is\\\/praktyki-zawodowe\\\/\",\"name\":\"Praktyki zawodowe - In\u017cynieria \u015arodowiska PANS w Kro\u015bnie\",\"isPartOf\":{\"@id\":\"https:\\\/\\\/pans.krosno.pl\\\/is\\\/#website\"},\"datePublished\":\"2019-11-06T11:35:58+00:00\",\"dateModified\":\"2025-04-22T07:52:41+00:00\",\"description\":\"KPU w Kro\u015bnie\",\"breadcrumb\":{\"@id\":\"https:\\\/\\\/pans.krosno.pl\\\/is\\\/praktyki-zawodowe\\\/#breadcrumb\"},\"inLanguage\":\"pl-PL\",\"potentialAction\":[{\"@type\":\"ReadAction\",\"target\":[\"https:\\\/\\\/pans.krosno.pl\\\/is\\\/praktyki-zawodowe\\\/\"]}]},{\"@type\":\"BreadcrumbList\",\"@id\":\"https:\\\/\\\/pans.krosno.pl\\\/is\\\/praktyki-zawodowe\\\/#breadcrumb\",\"itemListElement\":[{\"@type\":\"ListItem\",\"position\":1,\"name\":\"Strona g\u0142\u00f3wna\",\"item\":\"https:\\\/\\\/pans.krosno.pl\\\/is\\\/\"},{\"@type\":\"ListItem\",\"position\":2,\"name\":\"Praktyki zawodowe\"}]},{\"@type\":\"WebSite\",\"@id\":\"https:\\\/\\\/pans.krosno.pl\\\/is\\\/#website\",\"url\":\"https:\\\/\\\/pans.krosno.pl\\\/is\\\/\",\"name\":\"In\u017cynieria \u015arodowiska PANS w Kro\u015bnie\",\"description\":\"In\u017cynieria \u015arodowiska - Pa\u0144stwowa Akademia Nauk Stosowanych\",\"publisher\":{\"@id\":\"https:\\\/\\\/pans.krosno.pl\\\/is\\\/#organization\"},\"potentialAction\":[{\"@type\":\"SearchAction\",\"target\":{\"@type\":\"EntryPoint\",\"urlTemplate\":\"https:\\\/\\\/pans.krosno.pl\\\/is\\\/?s={search_term_string}\"},\"query-input\":{\"@type\":\"PropertyValueSpecification\",\"valueRequired\":true,\"valueName\":\"search_term_string\"}}],\"inLanguage\":\"pl-PL\"},{\"@type\":\"Organization\",\"@id\":\"https:\\\/\\\/pans.krosno.pl\\\/is\\\/#organization\",\"name\":\"In\u017cynieria \u015arodowiska PANS w Kro\u015bnie\",\"url\":\"https:\\\/\\\/pans.krosno.pl\\\/is\\\/\",\"logo\":{\"@type\":\"ImageObject\",\"inLanguage\":\"pl-PL\",\"@id\":\"https:\\\/\\\/pans.krosno.pl\\\/is\\\/#\\\/schema\\\/logo\\\/image\\\/\",\"url\":\"https:\\\/\\\/pans.krosno.pl\\\/is\\\/wp-content\\\/uploads\\\/sites\\\/20\\\/2023\\\/01\\\/Logo-PANS-2022-pelne.png\",\"contentUrl\":\"https:\\\/\\\/pans.krosno.pl\\\/is\\\/wp-content\\\/uploads\\\/sites\\\/20\\\/2023\\\/01\\\/Logo-PANS-2022-pelne.png\",\"width\":3096,\"height\":696,\"caption\":\"In\u017cynieria \u015arodowiska PANS w Kro\u015bnie\"},\"image\":{\"@id\":\"https:\\\/\\\/pans.krosno.pl\\\/is\\\/#\\\/schema\\\/logo\\\/image\\\/\"}}]}<\/script>\n<!-- \/ Yoast SEO Premium plugin. -->","yoast_head_json":{"title":"Praktyki zawodowe - In\u017cynieria \u015arodowiska PANS w Kro\u015bnie","description":"KPU w Kro\u015bnie","robots":{"index":"index","follow":"follow","max-snippet":"max-snippet:-1","max-image-preview":"max-image-preview:large","max-video-preview":"max-video-preview:-1"},"canonical":"https:\/\/pans.krosno.pl\/is\/praktyki-zawodowe\/","og_locale":"pl_PL","og_type":"article","og_title":"Praktyki zawodowe","og_description":"KPU w Kro\u015bnie","og_url":"https:\/\/pans.krosno.pl\/is\/praktyki-zawodowe\/","og_site_name":"In\u017cynieria \u015arodowiska PANS w Kro\u015bnie","article_modified_time":"2025-04-22T07:52:41+00:00","twitter_card":"summary_large_image","twitter_misc":{"Szacowany czas czytania":"2 minuty"},"schema":{"@context":"https:\/\/schema.org","@graph":[{"@type":"WebPage","@id":"https:\/\/pans.krosno.pl\/is\/praktyki-zawodowe\/","url":"https:\/\/pans.krosno.pl\/is\/praktyki-zawodowe\/","name":"Praktyki zawodowe - In\u017cynieria \u015arodowiska PANS w Kro\u015bnie","isPartOf":{"@id":"https:\/\/pans.krosno.pl\/is\/#website"},"datePublished":"2019-11-06T11:35:58+00:00","dateModified":"2025-04-22T07:52:41+00:00","description":"KPU w Kro\u015bnie","breadcrumb":{"@id":"https:\/\/pans.krosno.pl\/is\/praktyki-zawodowe\/#breadcrumb"},"inLanguage":"pl-PL","potentialAction":[{"@type":"ReadAction","target":["https:\/\/pans.krosno.pl\/is\/praktyki-zawodowe\/"]}]},{"@type":"BreadcrumbList","@id":"https:\/\/pans.krosno.pl\/is\/praktyki-zawodowe\/#breadcrumb","itemListElement":[{"@type":"ListItem","position":1,"name":"Strona g\u0142\u00f3wna","item":"https:\/\/pans.krosno.pl\/is\/"},{"@type":"ListItem","position":2,"name":"Praktyki zawodowe"}]},{"@type":"WebSite","@id":"https:\/\/pans.krosno.pl\/is\/#website","url":"https:\/\/pans.krosno.pl\/is\/","name":"In\u017cynieria \u015arodowiska PANS w Kro\u015bnie","description":"In\u017cynieria \u015arodowiska - Pa\u0144stwowa Akademia Nauk Stosowanych","publisher":{"@id":"https:\/\/pans.krosno.pl\/is\/#organization"},"potentialAction":[{"@type":"SearchAction","target":{"@type":"EntryPoint","urlTemplate":"https:\/\/pans.krosno.pl\/is\/?s={search_term_string}"},"query-input":{"@type":"PropertyValueSpecification","valueRequired":true,"valueName":"search_term_string"}}],"inLanguage":"pl-PL"},{"@type":"Organization","@id":"https:\/\/pans.krosno.pl\/is\/#organization","name":"In\u017cynieria \u015arodowiska PANS w Kro\u015bnie","url":"https:\/\/pans.krosno.pl\/is\/","logo":{"@type":"ImageObject","inLanguage":"pl-PL","@id":"https:\/\/pans.krosno.pl\/is\/#\/schema\/logo\/image\/","url":"https:\/\/pans.krosno.pl\/is\/wp-content\/uploads\/sites\/20\/2023\/01\/Logo-PANS-2022-pelne.png","contentUrl":"https:\/\/pans.krosno.pl\/is\/wp-content\/uploads\/sites\/20\/2023\/01\/Logo-PANS-2022-pelne.png","width":3096,"height":696,"caption":"In\u017cynieria \u015arodowiska PANS w Kro\u015bnie"},"image":{"@id":"https:\/\/pans.krosno.pl\/is\/#\/schema\/logo\/image\/"}}]}},"_links":{"self":[{"href":"https:\/\/pans.krosno.pl\/is\/wp-json\/wp\/v2\/pages\/19","targetHints":{"allow":["GET"]}}],"collection":[{"href":"https:\/\/pans.krosno.pl\/is\/wp-json\/wp\/v2\/pages"}],"about":[{"href":"https:\/\/pans.krosno.pl\/is\/wp-json\/wp\/v2\/types\/page"}],"author":[{"embeddable":true,"href":"https:\/\/pans.krosno.pl\/is\/wp-json\/wp\/v2\/users\/27"}],"replies":[{"embeddable":true,"href":"https:\/\/pans.krosno.pl\/is\/wp-json\/wp\/v2\/comments?post=19"}],"version-history":[{"count":12,"href":"https:\/\/pans.krosno.pl\/is\/wp-json\/wp\/v2\/pages\/19\/revisions"}],"predecessor-version":[{"id":2645,"href":"https:\/\/pans.krosno.pl\/is\/wp-json\/wp\/v2\/pages\/19\/revisions\/2645"}],"wp:attachment":[{"href":"https:\/\/pans.krosno.pl\/is\/wp-json\/wp\/v2\/media?parent=19"}],"curies":[{"name":"wp","href":"https:\/\/api.w.org\/{rel}","templated":true}]}}