{"id":18,"date":"2019-11-06T12:35:58","date_gmt":"2019-11-06T11:35:58","guid":{"rendered":"https:\/\/pans.krosno.pl\/is\/?page_id=18"},"modified":"2025-11-01T09:36:54","modified_gmt":"2025-11-01T08:36:54","slug":"dyzury-pracownikow","status":"publish","type":"page","link":"https:\/\/pans.krosno.pl\/is\/dyzury-pracownikow\/","title":{"rendered":"Dy\u017cury pracownik\u00f3w"},"content":{"rendered":"\n<p>Konsultacje pracownik\u00f3w w semestrze letnim 2024\/2025<\/p>\n\n\n\n<figure class=\"wp-block-table is-style-stripes\"><table><thead><tr><th>Imie i nazwisko<\/th><th>Dzie\u0144 <\/th><th><strong>Godzina<\/strong><\/th><th>Miejsce<\/th><\/tr><\/thead><tbody><tr><td><a href=\"https:\/\/pans.krosno.pl\/pracownicy\/bernadeta-rajchel\/\" target=\"_blank\" rel=\"noreferrer noopener\">Dr in\u017c. Bernadeta Rajchel<\/a><br>Opiekun II, III i IV r. studi\u00f3w stacjonarnych<\/td><td>Pi\u0105tek<\/td><td><br>14.30-16.00<br><\/td><td>ul. Dmochowskiego 12, b. B, sala13\/14<\/td><\/tr><tr><td><a href=\"https:\/\/pans.krosno.pl\/pracownicy\/mikhael-hakim\/\" target=\"_blank\" rel=\"noreferrer noopener\">Dr Mikhael Hakim<\/a><br>Opiekun I roku studi\u00f3w stacjonarnych<\/td><td>Pi\u0105tek<\/td><td>13:00-15:00<\/td><td>ul. Dmochowskiego 12, sala 2 bud B<\/td><\/tr><tr><td><a href=\"https:\/\/pans.krosno.pl\/pracownicy\/krzysztof-chmielowski\/\" target=\"_blank\" rel=\"noreferrer noopener\">Prof. dr hab. in\u017c.<br>Krzysztof Chmielowski<\/a><\/td><td>Sobota <\/td><td>12:00-14:00<\/td><td>ul. Dmochowskiego 12\/<\/td><\/tr><tr><td><a href=\"https:\/\/pans.krosno.pl\/pracownicy\/wlodzimierz-wojcik\/\" target=\"_blank\" rel=\"noreferrer noopener\">Prof. nadzw. dr hab. in\u017c.<br>W\u0142odzimierz W\u00f3jcik<\/a><\/td><td>Pi\u0105tek (B)<\/td><td>13:30-15:30<\/td><td>ul. Dmochowskiego 12<\/td><\/tr><tr><td><a href=\"https:\/\/pans.krosno.pl\/pracownicy\/andrzej-studzinski\/\" target=\"_blank\" rel=\"noreferrer noopener\">Dr in\u017c. Andrzej Studzi\u0144ski<\/a><\/td><td>Sobota (B)<\/td><td>11:00-12:30<\/td><td>ul. Dmochowskiego 12, B2 sala 13\/<\/td><\/tr><tr><td><a href=\"https:\/\/pans.krosno.pl\/pracownicy\/krzysztof-topolski\/\" target=\"_blank\" rel=\"noreferrer noopener\">Dr in\u017c. Krzysztof Topolski<\/a><\/td><td>Czwartek (A)<\/td><td>8.00-9.00<\/td><td>ul. Dmochowskiego 12, sala 11\/<\/td><\/tr><tr><td><a href=\"https:\/\/pans.krosno.pl\/pracownicy\/romuald-fejkiel\/\">Dr in\u017c. Romuald Fejkiel<\/a><\/td><td>\u015aroda (B)<\/td><td>12:30-15:30<\/td><td>ul. \u017bwirki i Wigury 9a\/<\/td><\/tr><tr><td><a href=\"https:\/\/pans.krosno.pl\/pracownicy\/tomasz-pytlowany\/\">Dr in\u017c. Tomasz Pytlowany<\/a><\/td><td>Czwartek (A)<br>Sobota (B)<\/td><td>12:00-13:00<br>12:00-13:00<\/td><td>ul. Dmochowskiego 12\/<\/td><\/tr><tr><td><a href=\"https:\/\/pans.krosno.pl\/pracownicy\/malgorzata-gorka\/\">Dr&nbsp;in\u017c.&nbsp;Ma\u0142gorzata&nbsp;G\u00f3rka<\/a><\/td><td>Poniedzia\u0142ek<\/td><td>11:00-13:00<\/td><td>Uil. Kaziemirza Wielkiego 4, sala 23\/<\/td><\/tr><tr><td><a href=\"https:\/\/pans.krosno.pl\/pracownicy\/dariusz-len\/\">Dr in\u017c. Dariusz Le\u0144<\/a><\/td><td>Wtorek (B)<br>Sobota (B)<\/td><td>14:45-16:15<br>13:15-14:45<\/td><td>ul. Dmochowskiego 12, bud B, pok 24\/<\/td><\/tr><tr><td><a href=\"https:\/\/pans.krosno.pl\/pracownicy\/dominik-wrobel\/\" target=\"_blank\" rel=\"noreferrer noopener\">Dr Dominik Wr\u00f3bel<\/a><\/td><td>Pi\u0105tek<br>Soboty (A)<\/td><td>15:00-16:00<br>12:00-13:00<\/td><td>ul. Dmochowskiego 12\/<\/td><\/tr><tr><td><a href=\"https:\/\/pans.krosno.pl\/pracownicy\/pawel-milan\/\">Mgr in\u017c. Pawe\u0142 Milan<\/a><\/td><td>Czwartek (B) [31.10,27.11,11.12]<br>Czwartek (B) [pozosta\u0142e]<br>Pi\u0105tek (B)<br>Czwartek(A)<\/td><td>14:45-15:30<br>15:00-16:00<br>14:15-15:00<br>10:00-11:30<\/td><td>ul. Wyspia\u0144skiego 20<br>ul. Wyspia\u0144skiego 20<br>ul. \u017bwirki i Wigury 9a<br>ul. Wyspia\u0144skiego 20<br>Dodatkowo mo\u017cliwe s\u0105 konsultacje na platformie Teams po wcze\u015bniejszym ustaleniu poprzez e-mail.<\/td><\/tr><\/tbody><\/table><\/figure>\n\n\n\n<p><\/p>\n\n\n\n<p><\/p>\n","protected":false},"excerpt":{"rendered":"<p>Konsultacje pracownik\u00f3w w semestrze letnim 2024\/2025 Imie i nazwisko Dzie\u0144 Godzina Miejsce Dr in\u017c. Bernadeta RajchelOpiekun II, III i IV r. studi\u00f3w stacjonarnych Pi\u0105tek 14.30-16.00 ul. Dmochowskiego 12, b. B, sala13\/14 Dr Mikhael HakimOpiekun I roku studi\u00f3w stacjonarnych Pi\u0105tek 13:00-15:00 ul. Dmochowskiego 12, sala 2 bud B Prof. dr hab. [\u2026] <\/p>\n<div class=\"clear\"><\/div>\n<p><a class=\"more_link clearfix\" href=\"https:\/\/pans.krosno.pl\/is\/dyzury-pracownikow\/\" rel=\"nofollow\">Read More<\/a><\/p>\n","protected":false},"author":27,"featured_media":0,"parent":0,"menu_order":0,"comment_status":"closed","ping_status":"closed","template":"page-templates\/template-full-width.php","meta":{"ngg_post_thumbnail":0,"footnotes":""},"class_list":["post-18","page","type-page","status-publish","hentry"],"yoast_head":"<!-- This site is optimized with the Yoast SEO Premium plugin v27.4 (Yoast SEO v27.4) - https:\/\/yoast.com\/product\/yoast-seo-premium-wordpress\/ -->\n<title>Dy\u017cury pracownik\u00f3w - In\u017cynieria \u015arodowiska PANS w Kro\u015bnie<\/title>\n<meta name=\"description\" content=\"Konsultacje pracownik\u00f3w w semestrze zimowym 2019\/2020\" \/>\n<meta name=\"robots\" content=\"index, follow, max-snippet:-1, max-image-preview:large, max-video-preview:-1\" \/>\n<link rel=\"canonical\" href=\"https:\/\/pans.krosno.pl\/is\/dyzury-pracownikow\/\" \/>\n<meta property=\"og:locale\" content=\"pl_PL\" \/>\n<meta property=\"og:type\" content=\"article\" \/>\n<meta property=\"og:title\" content=\"Dy\u017cury pracownik\u00f3w\" \/>\n<meta property=\"og:description\" content=\"Konsultacje pracownik\u00f3w w semestrze zimowym 2019\/2020\" \/>\n<meta property=\"og:url\" content=\"https:\/\/pans.krosno.pl\/is\/dyzury-pracownikow\/\" \/>\n<meta property=\"og:site_name\" content=\"In\u017cynieria \u015arodowiska PANS w Kro\u015bnie\" \/>\n<meta property=\"article:modified_time\" content=\"2025-11-01T08:36:54+00:00\" \/>\n<meta name=\"twitter:card\" content=\"summary_large_image\" \/>\n<meta name=\"twitter:label1\" content=\"Szacowany czas czytania\" \/>\n\t<meta name=\"twitter:data1\" content=\"2 minuty\" \/>\n<script type=\"application\/ld+json\" class=\"yoast-schema-graph\">{\"@context\":\"https:\\\/\\\/schema.org\",\"@graph\":[{\"@type\":\"WebPage\",\"@id\":\"https:\\\/\\\/pans.krosno.pl\\\/is\\\/dyzury-pracownikow\\\/\",\"url\":\"https:\\\/\\\/pans.krosno.pl\\\/is\\\/dyzury-pracownikow\\\/\",\"name\":\"Dy\u017cury pracownik\u00f3w - In\u017cynieria \u015arodowiska PANS w Kro\u015bnie\",\"isPartOf\":{\"@id\":\"https:\\\/\\\/pans.krosno.pl\\\/is\\\/#website\"},\"datePublished\":\"2019-11-06T11:35:58+00:00\",\"dateModified\":\"2025-11-01T08:36:54+00:00\",\"description\":\"Konsultacje pracownik\u00f3w w semestrze zimowym 2019\\\/2020\",\"breadcrumb\":{\"@id\":\"https:\\\/\\\/pans.krosno.pl\\\/is\\\/dyzury-pracownikow\\\/#breadcrumb\"},\"inLanguage\":\"pl-PL\",\"potentialAction\":[{\"@type\":\"ReadAction\",\"target\":[\"https:\\\/\\\/pans.krosno.pl\\\/is\\\/dyzury-pracownikow\\\/\"]}]},{\"@type\":\"BreadcrumbList\",\"@id\":\"https:\\\/\\\/pans.krosno.pl\\\/is\\\/dyzury-pracownikow\\\/#breadcrumb\",\"itemListElement\":[{\"@type\":\"ListItem\",\"position\":1,\"name\":\"Strona g\u0142\u00f3wna\",\"item\":\"https:\\\/\\\/pans.krosno.pl\\\/is\\\/\"},{\"@type\":\"ListItem\",\"position\":2,\"name\":\"Dy\u017cury pracownik\u00f3w\"}]},{\"@type\":\"WebSite\",\"@id\":\"https:\\\/\\\/pans.krosno.pl\\\/is\\\/#website\",\"url\":\"https:\\\/\\\/pans.krosno.pl\\\/is\\\/\",\"name\":\"In\u017cynieria \u015arodowiska PANS w Kro\u015bnie\",\"description\":\"In\u017cynieria \u015arodowiska - Pa\u0144stwowa Akademia Nauk Stosowanych\",\"publisher\":{\"@id\":\"https:\\\/\\\/pans.krosno.pl\\\/is\\\/#organization\"},\"potentialAction\":[{\"@type\":\"SearchAction\",\"target\":{\"@type\":\"EntryPoint\",\"urlTemplate\":\"https:\\\/\\\/pans.krosno.pl\\\/is\\\/?s={search_term_string}\"},\"query-input\":{\"@type\":\"PropertyValueSpecification\",\"valueRequired\":true,\"valueName\":\"search_term_string\"}}],\"inLanguage\":\"pl-PL\"},{\"@type\":\"Organization\",\"@id\":\"https:\\\/\\\/pans.krosno.pl\\\/is\\\/#organization\",\"name\":\"In\u017cynieria \u015arodowiska PANS w Kro\u015bnie\",\"url\":\"https:\\\/\\\/pans.krosno.pl\\\/is\\\/\",\"logo\":{\"@type\":\"ImageObject\",\"inLanguage\":\"pl-PL\",\"@id\":\"https:\\\/\\\/pans.krosno.pl\\\/is\\\/#\\\/schema\\\/logo\\\/image\\\/\",\"url\":\"https:\\\/\\\/pans.krosno.pl\\\/is\\\/wp-content\\\/uploads\\\/sites\\\/20\\\/2023\\\/01\\\/Logo-PANS-2022-pelne.png\",\"contentUrl\":\"https:\\\/\\\/pans.krosno.pl\\\/is\\\/wp-content\\\/uploads\\\/sites\\\/20\\\/2023\\\/01\\\/Logo-PANS-2022-pelne.png\",\"width\":3096,\"height\":696,\"caption\":\"In\u017cynieria \u015arodowiska PANS w Kro\u015bnie\"},\"image\":{\"@id\":\"https:\\\/\\\/pans.krosno.pl\\\/is\\\/#\\\/schema\\\/logo\\\/image\\\/\"}}]}<\/script>\n<!-- \/ Yoast SEO Premium plugin. -->","yoast_head_json":{"title":"Dy\u017cury pracownik\u00f3w - In\u017cynieria \u015arodowiska PANS w Kro\u015bnie","description":"Konsultacje pracownik\u00f3w w semestrze zimowym 2019\/2020","robots":{"index":"index","follow":"follow","max-snippet":"max-snippet:-1","max-image-preview":"max-image-preview:large","max-video-preview":"max-video-preview:-1"},"canonical":"https:\/\/pans.krosno.pl\/is\/dyzury-pracownikow\/","og_locale":"pl_PL","og_type":"article","og_title":"Dy\u017cury pracownik\u00f3w","og_description":"Konsultacje pracownik\u00f3w w semestrze zimowym 2019\/2020","og_url":"https:\/\/pans.krosno.pl\/is\/dyzury-pracownikow\/","og_site_name":"In\u017cynieria \u015arodowiska PANS w Kro\u015bnie","article_modified_time":"2025-11-01T08:36:54+00:00","twitter_card":"summary_large_image","twitter_misc":{"Szacowany czas czytania":"2 minuty"},"schema":{"@context":"https:\/\/schema.org","@graph":[{"@type":"WebPage","@id":"https:\/\/pans.krosno.pl\/is\/dyzury-pracownikow\/","url":"https:\/\/pans.krosno.pl\/is\/dyzury-pracownikow\/","name":"Dy\u017cury pracownik\u00f3w - In\u017cynieria \u015arodowiska PANS w Kro\u015bnie","isPartOf":{"@id":"https:\/\/pans.krosno.pl\/is\/#website"},"datePublished":"2019-11-06T11:35:58+00:00","dateModified":"2025-11-01T08:36:54+00:00","description":"Konsultacje pracownik\u00f3w w semestrze zimowym 2019\/2020","breadcrumb":{"@id":"https:\/\/pans.krosno.pl\/is\/dyzury-pracownikow\/#breadcrumb"},"inLanguage":"pl-PL","potentialAction":[{"@type":"ReadAction","target":["https:\/\/pans.krosno.pl\/is\/dyzury-pracownikow\/"]}]},{"@type":"BreadcrumbList","@id":"https:\/\/pans.krosno.pl\/is\/dyzury-pracownikow\/#breadcrumb","itemListElement":[{"@type":"ListItem","position":1,"name":"Strona g\u0142\u00f3wna","item":"https:\/\/pans.krosno.pl\/is\/"},{"@type":"ListItem","position":2,"name":"Dy\u017cury pracownik\u00f3w"}]},{"@type":"WebSite","@id":"https:\/\/pans.krosno.pl\/is\/#website","url":"https:\/\/pans.krosno.pl\/is\/","name":"In\u017cynieria \u015arodowiska PANS w Kro\u015bnie","description":"In\u017cynieria \u015arodowiska - Pa\u0144stwowa Akademia Nauk Stosowanych","publisher":{"@id":"https:\/\/pans.krosno.pl\/is\/#organization"},"potentialAction":[{"@type":"SearchAction","target":{"@type":"EntryPoint","urlTemplate":"https:\/\/pans.krosno.pl\/is\/?s={search_term_string}"},"query-input":{"@type":"PropertyValueSpecification","valueRequired":true,"valueName":"search_term_string"}}],"inLanguage":"pl-PL"},{"@type":"Organization","@id":"https:\/\/pans.krosno.pl\/is\/#organization","name":"In\u017cynieria \u015arodowiska PANS w Kro\u015bnie","url":"https:\/\/pans.krosno.pl\/is\/","logo":{"@type":"ImageObject","inLanguage":"pl-PL","@id":"https:\/\/pans.krosno.pl\/is\/#\/schema\/logo\/image\/","url":"https:\/\/pans.krosno.pl\/is\/wp-content\/uploads\/sites\/20\/2023\/01\/Logo-PANS-2022-pelne.png","contentUrl":"https:\/\/pans.krosno.pl\/is\/wp-content\/uploads\/sites\/20\/2023\/01\/Logo-PANS-2022-pelne.png","width":3096,"height":696,"caption":"In\u017cynieria \u015arodowiska PANS w Kro\u015bnie"},"image":{"@id":"https:\/\/pans.krosno.pl\/is\/#\/schema\/logo\/image\/"}}]}},"_links":{"self":[{"href":"https:\/\/pans.krosno.pl\/is\/wp-json\/wp\/v2\/pages\/18","targetHints":{"allow":["GET"]}}],"collection":[{"href":"https:\/\/pans.krosno.pl\/is\/wp-json\/wp\/v2\/pages"}],"about":[{"href":"https:\/\/pans.krosno.pl\/is\/wp-json\/wp\/v2\/types\/page"}],"author":[{"embeddable":true,"href":"https:\/\/pans.krosno.pl\/is\/wp-json\/wp\/v2\/users\/27"}],"replies":[{"embeddable":true,"href":"https:\/\/pans.krosno.pl\/is\/wp-json\/wp\/v2\/comments?post=18"}],"version-history":[{"count":85,"href":"https:\/\/pans.krosno.pl\/is\/wp-json\/wp\/v2\/pages\/18\/revisions"}],"predecessor-version":[{"id":2911,"href":"https:\/\/pans.krosno.pl\/is\/wp-json\/wp\/v2\/pages\/18\/revisions\/2911"}],"wp:attachment":[{"href":"https:\/\/pans.krosno.pl\/is\/wp-json\/wp\/v2\/media?parent=18"}],"curies":[{"name":"wp","href":"https:\/\/api.w.org\/{rel}","templated":true}]}}