{"id":101,"date":"2020-01-14T21:21:38","date_gmt":"2020-01-14T20:21:38","guid":{"rendered":"https:\/\/pans.krosno.pl\/is\/?page_id=101"},"modified":"2025-09-28T12:21:26","modified_gmt":"2025-09-28T10:21:26","slug":"opiekunowie-rocznikow","status":"publish","type":"page","link":"https:\/\/pans.krosno.pl\/is\/opiekunowie-rocznikow\/","title":{"rendered":"Opiekunowie rocznik\u00f3w"},"content":{"rendered":"\n<p><strong>Opiekunowie poszczeg\u00f3lnych rocznik\u00f3w oraz kontakt<\/strong><\/p>\n\n\n\n<figure class=\"wp-block-table is-style-stripes\"><table><thead><tr><th class=\"has-text-align-center\" data-align=\"center\">Rok<\/th><th>Rodzaj<\/th><th class=\"has-text-align-left\" data-align=\"left\">Opiekun<\/th><th>Kontakt<\/th><\/tr><\/thead><tbody><tr><td class=\"has-text-align-center\" data-align=\"center\">I<\/td><td>stacjonarne<\/td><td class=\"has-text-align-left\" data-align=\"left\"><a href=\"https:\/\/pans.krosno.pl\/pracownicy\/mikhael-hakim\/\" target=\"_blank\" rel=\"noreferrer noopener\">dr Mikhael Hakim<\/a><\/td><td>mikhael.hakim@pans.krosno.pl<\/td><\/tr><tr><td class=\"has-text-align-center\" data-align=\"center\">II<\/td><td>stacjonarne<\/td><td class=\"has-text-align-left\" data-align=\"left\"><a href=\"https:\/\/pans.krosno.pl\/pracownicy\/dr-karol-trojanowicz\/\" target=\"_blank\" rel=\"noreferrer noopener\"> <\/a><a href=\"https:\/\/pans.krosno.pl\/pracownicy\/bernadeta-rajchel\/\" target=\"_blank\" rel=\"noreferrer noopener\">dr in\u017c. Bernadeta Rajchel<\/a><\/td><td>bernadeta.rajchel@pans.krosno.pl<\/td><\/tr><tr><td class=\"has-text-align-center\" data-align=\"center\">III<\/td><td>stacjonarne<\/td><td class=\"has-text-align-left\" data-align=\"left\"><a href=\"https:\/\/pans.krosno.pl\/pracownicy\/bernadeta-rajchel\/\" target=\"_blank\" rel=\"noreferrer noopener\">dr in\u017c. Bernadeta Rajchel<\/a><\/td><td>bernadeta.rajchel@pans.krosno.pl<\/td><\/tr><tr><td class=\"has-text-align-center\" data-align=\"center\"><\/td><td><\/td><td class=\"has-text-align-left\" data-align=\"left\"><\/td><td><\/td><\/tr><tr><td class=\"has-text-align-center\" data-align=\"center\">IV<\/td><td>stacjonarne<\/td><td class=\"has-text-align-left\" data-align=\"left\"><a href=\"https:\/\/pans.krosno.pl\/pracownicy\/bernadeta-rajchel\/\" target=\"_blank\" rel=\"noreferrer noopener\">dr in\u017c. Bernadeta Rajchel<\/a><\/td><td>bernadeta.rajchel@pans.krosno.pl<\/td><\/tr><\/tbody><\/table><\/figure>\n\n\n\n<hr class=\"wp-block-separator has-css-opacity\" \/>\n\n\n\n<p>Konsultacje pracownik\u00f3w w semestrze zimowym 2025\/2026<\/p>\n\n\n\n<figure class=\"wp-block-table is-style-stripes\"><table><thead><tr><th>Imie i nazwisko<\/th><th>Dzie\u0144 <\/th><th><strong>Godzina<\/strong><\/th><th>Miejsce<\/th><\/tr><\/thead><tbody><tr><td><a href=\"https:\/\/pans.krosno.pl\/pracownicy\/bernadeta-rajchel\/\" target=\"_blank\" rel=\"noreferrer noopener\">Dr in\u017c. Bernadeta Rajchel<\/a><br>Opiekun II, III i IV r. studi\u00f3w stacjonarnych<br><\/td><td>Pi\u0105tek<\/td><td>14.30 \u2013 16.00<\/td><td>Dmoch. b. 2, p. 13<\/td><\/tr><tr><td><a href=\"https:\/\/pans.krosno.pl\/pracownicy\/mikhael-hakim\/\" target=\"_blank\" rel=\"noreferrer noopener\">Dr Mikhael Hakim<\/a><br>Opiekun I roku studi\u00f3w stacjonarnych<\/td><td>Wtorek <br>Sobota<\/td><td>14.00 \u2013 15.00<\/td><td>Dmoch. b. 2, s. 2<\/td><\/tr><tr><td><\/td><td><\/td><td><\/td><td><\/td><\/tr><\/tbody><\/table><\/figure>\n\n\n\n<p><\/p>\n","protected":false},"excerpt":{"rendered":"<p>Opiekunowie poszczeg\u00f3lnych rocznik\u00f3w oraz kontakt Rok Rodzaj Opiekun Kontakt I stacjonarne dr Mikhael Hakim mikhael.hakim@pans.krosno.pl II stacjonarne dr in\u017c. Bernadeta Rajchel bernadeta.rajchel@pans.krosno.pl III stacjonarne dr in\u017c. Bernadeta Rajchel bernadeta.rajchel@pans.krosno.pl IV stacjonarne dr in\u017c. Bernadeta Rajchel bernadeta.rajchel@pans.krosno.pl Konsultacje pracownik\u00f3w w semestrze zimowym 2025\/2026 Imie i nazwisko Dzie\u0144 Godzina Miejsce Dr in\u017c. [\u2026] <\/p>\n<div class=\"clear\"><\/div>\n<p><a class=\"more_link clearfix\" href=\"https:\/\/pans.krosno.pl\/is\/opiekunowie-rocznikow\/\" rel=\"nofollow\">Read More<\/a><\/p>\n","protected":false},"author":27,"featured_media":0,"parent":0,"menu_order":0,"comment_status":"closed","ping_status":"closed","template":"page-templates\/template-full-width.php","meta":{"ngg_post_thumbnail":0,"footnotes":""},"class_list":["post-101","page","type-page","status-publish","hentry"],"yoast_head":"<!-- This site is optimized with the Yoast SEO Premium plugin v27.4 (Yoast SEO v27.4) - https:\/\/yoast.com\/product\/yoast-seo-premium-wordpress\/ -->\n<title>Opiekunowie rocznik\u00f3w - In\u017cynieria \u015arodowiska PANS w Kro\u015bnie<\/title>\n<meta name=\"description\" content=\"Opiekunowie poszczeg\u00f3lnych rocznik\u00f3w oraz kontakt\" \/>\n<meta name=\"robots\" content=\"index, follow, max-snippet:-1, max-image-preview:large, max-video-preview:-1\" \/>\n<link rel=\"canonical\" href=\"https:\/\/pans.krosno.pl\/is\/opiekunowie-rocznikow\/\" \/>\n<meta property=\"og:locale\" content=\"pl_PL\" \/>\n<meta property=\"og:type\" content=\"article\" \/>\n<meta property=\"og:title\" content=\"Opiekunowie rocznik\u00f3w\" \/>\n<meta property=\"og:description\" content=\"Opiekunowie poszczeg\u00f3lnych rocznik\u00f3w oraz kontakt\" \/>\n<meta property=\"og:url\" content=\"https:\/\/pans.krosno.pl\/is\/opiekunowie-rocznikow\/\" \/>\n<meta property=\"og:site_name\" content=\"In\u017cynieria \u015arodowiska PANS w Kro\u015bnie\" \/>\n<meta property=\"article:modified_time\" content=\"2025-09-28T10:21:26+00:00\" \/>\n<meta name=\"twitter:card\" content=\"summary_large_image\" \/>\n<meta name=\"twitter:label1\" content=\"Szacowany czas czytania\" \/>\n\t<meta name=\"twitter:data1\" content=\"1 minuta\" \/>\n<script type=\"application\/ld+json\" class=\"yoast-schema-graph\">{\"@context\":\"https:\\\/\\\/schema.org\",\"@graph\":[{\"@type\":\"WebPage\",\"@id\":\"https:\\\/\\\/pans.krosno.pl\\\/is\\\/opiekunowie-rocznikow\\\/\",\"url\":\"https:\\\/\\\/pans.krosno.pl\\\/is\\\/opiekunowie-rocznikow\\\/\",\"name\":\"Opiekunowie rocznik\u00f3w - In\u017cynieria \u015arodowiska PANS w Kro\u015bnie\",\"isPartOf\":{\"@id\":\"https:\\\/\\\/pans.krosno.pl\\\/is\\\/#website\"},\"datePublished\":\"2020-01-14T20:21:38+00:00\",\"dateModified\":\"2025-09-28T10:21:26+00:00\",\"description\":\"Opiekunowie poszczeg\u00f3lnych rocznik\u00f3w oraz kontakt\",\"breadcrumb\":{\"@id\":\"https:\\\/\\\/pans.krosno.pl\\\/is\\\/opiekunowie-rocznikow\\\/#breadcrumb\"},\"inLanguage\":\"pl-PL\",\"potentialAction\":[{\"@type\":\"ReadAction\",\"target\":[\"https:\\\/\\\/pans.krosno.pl\\\/is\\\/opiekunowie-rocznikow\\\/\"]}]},{\"@type\":\"BreadcrumbList\",\"@id\":\"https:\\\/\\\/pans.krosno.pl\\\/is\\\/opiekunowie-rocznikow\\\/#breadcrumb\",\"itemListElement\":[{\"@type\":\"ListItem\",\"position\":1,\"name\":\"Strona g\u0142\u00f3wna\",\"item\":\"https:\\\/\\\/pans.krosno.pl\\\/is\\\/\"},{\"@type\":\"ListItem\",\"position\":2,\"name\":\"Opiekunowie rocznik\u00f3w\"}]},{\"@type\":\"WebSite\",\"@id\":\"https:\\\/\\\/pans.krosno.pl\\\/is\\\/#website\",\"url\":\"https:\\\/\\\/pans.krosno.pl\\\/is\\\/\",\"name\":\"In\u017cynieria \u015arodowiska PANS w Kro\u015bnie\",\"description\":\"In\u017cynieria \u015arodowiska - Pa\u0144stwowa Akademia Nauk Stosowanych\",\"publisher\":{\"@id\":\"https:\\\/\\\/pans.krosno.pl\\\/is\\\/#organization\"},\"potentialAction\":[{\"@type\":\"SearchAction\",\"target\":{\"@type\":\"EntryPoint\",\"urlTemplate\":\"https:\\\/\\\/pans.krosno.pl\\\/is\\\/?s={search_term_string}\"},\"query-input\":{\"@type\":\"PropertyValueSpecification\",\"valueRequired\":true,\"valueName\":\"search_term_string\"}}],\"inLanguage\":\"pl-PL\"},{\"@type\":\"Organization\",\"@id\":\"https:\\\/\\\/pans.krosno.pl\\\/is\\\/#organization\",\"name\":\"In\u017cynieria \u015arodowiska PANS w Kro\u015bnie\",\"url\":\"https:\\\/\\\/pans.krosno.pl\\\/is\\\/\",\"logo\":{\"@type\":\"ImageObject\",\"inLanguage\":\"pl-PL\",\"@id\":\"https:\\\/\\\/pans.krosno.pl\\\/is\\\/#\\\/schema\\\/logo\\\/image\\\/\",\"url\":\"https:\\\/\\\/pans.krosno.pl\\\/is\\\/wp-content\\\/uploads\\\/sites\\\/20\\\/2023\\\/01\\\/Logo-PANS-2022-pelne.png\",\"contentUrl\":\"https:\\\/\\\/pans.krosno.pl\\\/is\\\/wp-content\\\/uploads\\\/sites\\\/20\\\/2023\\\/01\\\/Logo-PANS-2022-pelne.png\",\"width\":3096,\"height\":696,\"caption\":\"In\u017cynieria \u015arodowiska PANS w Kro\u015bnie\"},\"image\":{\"@id\":\"https:\\\/\\\/pans.krosno.pl\\\/is\\\/#\\\/schema\\\/logo\\\/image\\\/\"}}]}<\/script>\n<!-- \/ Yoast SEO Premium plugin. -->","yoast_head_json":{"title":"Opiekunowie rocznik\u00f3w - In\u017cynieria \u015arodowiska PANS w Kro\u015bnie","description":"Opiekunowie poszczeg\u00f3lnych rocznik\u00f3w oraz kontakt","robots":{"index":"index","follow":"follow","max-snippet":"max-snippet:-1","max-image-preview":"max-image-preview:large","max-video-preview":"max-video-preview:-1"},"canonical":"https:\/\/pans.krosno.pl\/is\/opiekunowie-rocznikow\/","og_locale":"pl_PL","og_type":"article","og_title":"Opiekunowie rocznik\u00f3w","og_description":"Opiekunowie poszczeg\u00f3lnych rocznik\u00f3w oraz kontakt","og_url":"https:\/\/pans.krosno.pl\/is\/opiekunowie-rocznikow\/","og_site_name":"In\u017cynieria \u015arodowiska PANS w Kro\u015bnie","article_modified_time":"2025-09-28T10:21:26+00:00","twitter_card":"summary_large_image","twitter_misc":{"Szacowany czas czytania":"1 minuta"},"schema":{"@context":"https:\/\/schema.org","@graph":[{"@type":"WebPage","@id":"https:\/\/pans.krosno.pl\/is\/opiekunowie-rocznikow\/","url":"https:\/\/pans.krosno.pl\/is\/opiekunowie-rocznikow\/","name":"Opiekunowie rocznik\u00f3w - In\u017cynieria \u015arodowiska PANS w Kro\u015bnie","isPartOf":{"@id":"https:\/\/pans.krosno.pl\/is\/#website"},"datePublished":"2020-01-14T20:21:38+00:00","dateModified":"2025-09-28T10:21:26+00:00","description":"Opiekunowie poszczeg\u00f3lnych rocznik\u00f3w oraz kontakt","breadcrumb":{"@id":"https:\/\/pans.krosno.pl\/is\/opiekunowie-rocznikow\/#breadcrumb"},"inLanguage":"pl-PL","potentialAction":[{"@type":"ReadAction","target":["https:\/\/pans.krosno.pl\/is\/opiekunowie-rocznikow\/"]}]},{"@type":"BreadcrumbList","@id":"https:\/\/pans.krosno.pl\/is\/opiekunowie-rocznikow\/#breadcrumb","itemListElement":[{"@type":"ListItem","position":1,"name":"Strona g\u0142\u00f3wna","item":"https:\/\/pans.krosno.pl\/is\/"},{"@type":"ListItem","position":2,"name":"Opiekunowie rocznik\u00f3w"}]},{"@type":"WebSite","@id":"https:\/\/pans.krosno.pl\/is\/#website","url":"https:\/\/pans.krosno.pl\/is\/","name":"In\u017cynieria \u015arodowiska PANS w Kro\u015bnie","description":"In\u017cynieria \u015arodowiska - Pa\u0144stwowa Akademia Nauk Stosowanych","publisher":{"@id":"https:\/\/pans.krosno.pl\/is\/#organization"},"potentialAction":[{"@type":"SearchAction","target":{"@type":"EntryPoint","urlTemplate":"https:\/\/pans.krosno.pl\/is\/?s={search_term_string}"},"query-input":{"@type":"PropertyValueSpecification","valueRequired":true,"valueName":"search_term_string"}}],"inLanguage":"pl-PL"},{"@type":"Organization","@id":"https:\/\/pans.krosno.pl\/is\/#organization","name":"In\u017cynieria \u015arodowiska PANS w Kro\u015bnie","url":"https:\/\/pans.krosno.pl\/is\/","logo":{"@type":"ImageObject","inLanguage":"pl-PL","@id":"https:\/\/pans.krosno.pl\/is\/#\/schema\/logo\/image\/","url":"https:\/\/pans.krosno.pl\/is\/wp-content\/uploads\/sites\/20\/2023\/01\/Logo-PANS-2022-pelne.png","contentUrl":"https:\/\/pans.krosno.pl\/is\/wp-content\/uploads\/sites\/20\/2023\/01\/Logo-PANS-2022-pelne.png","width":3096,"height":696,"caption":"In\u017cynieria \u015arodowiska PANS w Kro\u015bnie"},"image":{"@id":"https:\/\/pans.krosno.pl\/is\/#\/schema\/logo\/image\/"}}]}},"_links":{"self":[{"href":"https:\/\/pans.krosno.pl\/is\/wp-json\/wp\/v2\/pages\/101","targetHints":{"allow":["GET"]}}],"collection":[{"href":"https:\/\/pans.krosno.pl\/is\/wp-json\/wp\/v2\/pages"}],"about":[{"href":"https:\/\/pans.krosno.pl\/is\/wp-json\/wp\/v2\/types\/page"}],"author":[{"embeddable":true,"href":"https:\/\/pans.krosno.pl\/is\/wp-json\/wp\/v2\/users\/27"}],"replies":[{"embeddable":true,"href":"https:\/\/pans.krosno.pl\/is\/wp-json\/wp\/v2\/comments?post=101"}],"version-history":[{"count":18,"href":"https:\/\/pans.krosno.pl\/is\/wp-json\/wp\/v2\/pages\/101\/revisions"}],"predecessor-version":[{"id":2861,"href":"https:\/\/pans.krosno.pl\/is\/wp-json\/wp\/v2\/pages\/101\/revisions\/2861"}],"wp:attachment":[{"href":"https:\/\/pans.krosno.pl\/is\/wp-json\/wp\/v2\/media?parent=101"}],"curies":[{"name":"wp","href":"https:\/\/api.w.org\/{rel}","templated":true}]}}