{"id":244,"date":"2020-05-20T10:56:44","date_gmt":"2020-05-20T08:56:44","guid":{"rendered":"https:\/\/pans.krosno.pl\/bwm\/?page_id=244"},"modified":"2023-04-24T08:18:20","modified_gmt":"2023-04-24T06:18:20","slug":"student-relations-2","status":"publish","type":"page","link":"https:\/\/pans.krosno.pl\/iro\/student-relations-2\/","title":{"rendered":"Relacje student\u00f3w"},"content":{"rendered":"\n<p>Relacja studentek z <a href=\"https:\/\/www.smucb.ac.uk\/international\/default.asp\" target=\"_blank\" rel=\"noreferrer noopener\">St Marys University College Belfast<\/a>, kt\u00f3re przyjecha\u0142y do Krosna:<\/p>\n\n\n\n<figure class=\"wp-block-embed is-type-wp-embed is-provider-pans-w-krosnie wp-block-embed-pans-w-krosnie\"><div class=\"wp-block-embed__wrapper\">\n<blockquote class=\"wp-embedded-content\" data-secret=\"NMSlYe6hQH\"><a href=\"https:\/\/pans.krosno.pl\/turing-scheme-krosno-march-2023\/\">Turing scheme Krosno March 2023<\/a><\/blockquote><iframe loading=\"lazy\" class=\"wp-embedded-content\" sandbox=\"allow-scripts\" security=\"restricted\" style=\"position: absolute; clip: rect(1px, 1px, 1px, 1px);\" title=\"&#8222;Turing scheme Krosno March 2023&#8221; &#8212; PANS w Kro\u015bnie\" src=\"https:\/\/pans.krosno.pl\/turing-scheme-krosno-march-2023\/embed\/#?secret=SxmqTm15dP#?secret=NMSlYe6hQH\" data-secret=\"NMSlYe6hQH\" width=\"600\" height=\"338\" frameborder=\"0\" marginwidth=\"0\" marginheight=\"0\" scrolling=\"no\"><\/iframe>\n<\/div><\/figure>\n\n\n\n<p>Relacja studenta z pobytu w Irlandii:<\/p>\n\n\n\n<figure class=\"wp-block-embed is-type-wp-embed is-provider-pans-w-krosnie wp-block-embed-pans-w-krosnie\"><div class=\"wp-block-embed__wrapper\">\n<blockquote class=\"wp-embedded-content\" data-secret=\"SbGn0Xk1Pk\"><a href=\"https:\/\/pans.krosno.pl\/an-account-by-a-student-of-the-state-academy-of-applied-sciences-in-krosno-from-an-erasmus-abroad-scholarship-in-northern-ireland\/\">Relacja ze stypendium zagranicznego Erasmus w Irlandii P\u00f3\u0142nocnej studenta PANS w Kro\u015bnie<\/a><\/blockquote><iframe loading=\"lazy\" class=\"wp-embedded-content\" sandbox=\"allow-scripts\" security=\"restricted\" style=\"position: absolute; clip: rect(1px, 1px, 1px, 1px);\" title=\"&#8222;Relacja ze stypendium zagranicznego Erasmus w Irlandii P\u00f3\u0142nocnej studenta PANS w Kro\u015bnie&#8221; &#8212; PANS w Kro\u015bnie\" src=\"https:\/\/pans.krosno.pl\/an-account-by-a-student-of-the-state-academy-of-applied-sciences-in-krosno-from-an-erasmus-abroad-scholarship-in-northern-ireland\/embed\/#?secret=tPNaRvdR68#?secret=SbGn0Xk1Pk\" data-secret=\"SbGn0Xk1Pk\" width=\"600\" height=\"338\" frameborder=\"0\" marginwidth=\"0\" marginheight=\"0\" scrolling=\"no\"><\/iframe>\n<\/div><\/figure>\n\n\n\n<p>Inne relacje:<\/p>\n\n\n\n<div class=\"wp-block-file\"><a id=\"wp-block-file--media-e28ee2fe-4170-423d-9e7d-91b6efef0a4e\" href=\"https:\/\/pans.krosno.pl\/iro\/wp-content\/uploads\/sites\/26\/2020\/06\/Que-me-quiten-lo-bailao.pdf\">Que-me-quiten-lo-bailao<\/a><a href=\"https:\/\/pans.krosno.pl\/iro\/wp-content\/uploads\/sites\/26\/2020\/06\/Que-me-quiten-lo-bailao.pdf\" class=\"wp-block-file__button wp-element-button\" download aria-describedby=\"wp-block-file--media-e28ee2fe-4170-423d-9e7d-91b6efef0a4e\">Pobierz<\/a><\/div>\n\n\n\n<div class=\"wp-block-file\"><a id=\"wp-block-file--media-b2c772ac-b9b0-414a-b2c8-ee518f4dd4b2\" href=\"https:\/\/pans.krosno.pl\/iro\/wp-content\/uploads\/sites\/26\/2020\/06\/Praktyki-zawodowe-Erasmus.pdf\">Praktyki-zawodowe-Erasmus<\/a><a href=\"https:\/\/pans.krosno.pl\/iro\/wp-content\/uploads\/sites\/26\/2020\/06\/Praktyki-zawodowe-Erasmus.pdf\" class=\"wp-block-file__button wp-element-button\" download aria-describedby=\"wp-block-file--media-b2c772ac-b9b0-414a-b2c8-ee518f4dd4b2\">Pobierz<\/a><\/div>\n\n\n\n<div class=\"wp-block-file\"><a id=\"wp-block-file--media-730e6281-fc07-4ae7-9b1e-d087bbfe2085\" href=\"https:\/\/pans.krosno.pl\/iro\/wp-content\/uploads\/sites\/26\/2020\/06\/\u015awietne-miejsce-do-studiowania.pdf\">\u015awietne-miejsce-do-studiowania<\/a><a href=\"https:\/\/pans.krosno.pl\/iro\/wp-content\/uploads\/sites\/26\/2020\/06\/\u015awietne-miejsce-do-studiowania.pdf\" class=\"wp-block-file__button wp-element-button\" download aria-describedby=\"wp-block-file--media-730e6281-fc07-4ae7-9b1e-d087bbfe2085\">Pobierz<\/a><\/div>\n\n\n\n<div class=\"wp-block-file\"><a href=\"https:\/\/pans.krosno.pl\/iro\/wp-content\/uploads\/sites\/26\/2021\/11\/getynga.pdf\">getynga<\/a><a href=\"https:\/\/pans.krosno.pl\/iro\/wp-content\/uploads\/sites\/26\/2021\/11\/getynga.pdf\" class=\"wp-block-file__button\" download>Pobierz<\/a><\/div>\n\n\n\n<div class=\"wp-block-file\"><a href=\"https:\/\/pans.krosno.pl\/iro\/wp-content\/uploads\/sites\/26\/2021\/11\/Erasmus-podroze.pdf\">Erasmus-podroze<\/a><a href=\"https:\/\/pans.krosno.pl\/iro\/wp-content\/uploads\/sites\/26\/2021\/11\/Erasmus-podroze.pdf\" class=\"wp-block-file__button\" download>Pobierz<\/a><\/div>\n","protected":false},"excerpt":{"rendered":"<p>Relacja studentek z St Marys University College Belfast, kt\u00f3re przyjecha\u0142y do Krosna: Relacja studenta z pobytu w Irlandii: Inne relacje:<\/p>\n","protected":false},"author":27,"featured_media":0,"parent":0,"menu_order":0,"comment_status":"closed","ping_status":"closed","template":"page-templates\/template-full-width.php","meta":{"ngg_post_thumbnail":0,"footnotes":""},"class_list":["post-244","page","type-page","status-publish","hentry"],"yoast_head":"<!-- This site is optimized with the Yoast SEO Premium plugin v27.4 (Yoast SEO v27.4) - https:\/\/yoast.com\/product\/yoast-seo-premium-wordpress\/ -->\n<title>Relacje student\u00f3w - International Relations Office PANS w Kro\u015bnie<\/title>\n<meta name=\"description\" content=\"KPU w Kro\u015bnie\" \/>\n<meta name=\"robots\" content=\"index, follow, max-snippet:-1, max-image-preview:large, max-video-preview:-1\" \/>\n<link rel=\"canonical\" href=\"https:\/\/pans.krosno.pl\/iro\/student-relations-2\/\" \/>\n<meta property=\"og:locale\" content=\"pl_PL\" \/>\n<meta property=\"og:type\" content=\"article\" \/>\n<meta property=\"og:title\" content=\"Relacje student\u00f3w\" \/>\n<meta property=\"og:description\" content=\"KPU w Kro\u015bnie\" \/>\n<meta property=\"og:url\" content=\"https:\/\/pans.krosno.pl\/iro\/student-relations-2\/\" \/>\n<meta property=\"og:site_name\" content=\"International Relations Office PANS w Kro\u015bnie\" \/>\n<meta property=\"article:modified_time\" content=\"2023-04-24T06:18:20+00:00\" \/>\n<meta name=\"twitter:card\" content=\"summary_large_image\" \/>\n<meta name=\"twitter:label1\" content=\"Szacowany czas czytania\" \/>\n\t<meta name=\"twitter:data1\" content=\"1 minuta\" \/>\n<script type=\"application\/ld+json\" class=\"yoast-schema-graph\">{\"@context\":\"https:\\\/\\\/schema.org\",\"@graph\":[{\"@type\":\"WebPage\",\"@id\":\"https:\\\/\\\/pans.krosno.pl\\\/iro\\\/student-relations-2\\\/\",\"url\":\"https:\\\/\\\/pans.krosno.pl\\\/iro\\\/student-relations-2\\\/\",\"name\":\"Relacje student\u00f3w - International Relations Office PANS w Kro\u015bnie\",\"isPartOf\":{\"@id\":\"https:\\\/\\\/pans.krosno.pl\\\/iro\\\/#website\"},\"datePublished\":\"2020-05-20T08:56:44+00:00\",\"dateModified\":\"2023-04-24T06:18:20+00:00\",\"description\":\"KPU w Kro\u015bnie\",\"breadcrumb\":{\"@id\":\"https:\\\/\\\/pans.krosno.pl\\\/iro\\\/student-relations-2\\\/#breadcrumb\"},\"inLanguage\":\"pl-PL\",\"potentialAction\":[{\"@type\":\"ReadAction\",\"target\":[\"https:\\\/\\\/pans.krosno.pl\\\/iro\\\/student-relations-2\\\/\"]}]},{\"@type\":\"BreadcrumbList\",\"@id\":\"https:\\\/\\\/pans.krosno.pl\\\/iro\\\/student-relations-2\\\/#breadcrumb\",\"itemListElement\":[{\"@type\":\"ListItem\",\"position\":1,\"name\":\"Strona g\u0142\u00f3wna\",\"item\":\"https:\\\/\\\/pans.krosno.pl\\\/iro\\\/\"},{\"@type\":\"ListItem\",\"position\":2,\"name\":\"Relacje student\u00f3w\"}]},{\"@type\":\"WebSite\",\"@id\":\"https:\\\/\\\/pans.krosno.pl\\\/iro\\\/#website\",\"url\":\"https:\\\/\\\/pans.krosno.pl\\\/iro\\\/\",\"name\":\"International Relations Office PANS w Kro\u015bnie\",\"description\":\"International Relations Office - Pa\u0144stwowa Akademia Nauk Stosowanych\",\"publisher\":{\"@id\":\"https:\\\/\\\/pans.krosno.pl\\\/iro\\\/#organization\"},\"potentialAction\":[{\"@type\":\"SearchAction\",\"target\":{\"@type\":\"EntryPoint\",\"urlTemplate\":\"https:\\\/\\\/pans.krosno.pl\\\/iro\\\/?s={search_term_string}\"},\"query-input\":{\"@type\":\"PropertyValueSpecification\",\"valueRequired\":true,\"valueName\":\"search_term_string\"}}],\"inLanguage\":\"pl-PL\"},{\"@type\":\"Organization\",\"@id\":\"https:\\\/\\\/pans.krosno.pl\\\/iro\\\/#organization\",\"name\":\"International Relations Office PANS w Kro\u015bnie\",\"url\":\"https:\\\/\\\/pans.krosno.pl\\\/iro\\\/\",\"logo\":{\"@type\":\"ImageObject\",\"inLanguage\":\"pl-PL\",\"@id\":\"https:\\\/\\\/pans.krosno.pl\\\/iro\\\/#\\\/schema\\\/logo\\\/image\\\/\",\"url\":\"https:\\\/\\\/pans.krosno.pl\\\/iro\\\/wp-content\\\/uploads\\\/sites\\\/26\\\/2023\\\/01\\\/Logo-PANS-2022-pelne.png\",\"contentUrl\":\"https:\\\/\\\/pans.krosno.pl\\\/iro\\\/wp-content\\\/uploads\\\/sites\\\/26\\\/2023\\\/01\\\/Logo-PANS-2022-pelne.png\",\"width\":3096,\"height\":696,\"caption\":\"International Relations Office PANS w Kro\u015bnie\"},\"image\":{\"@id\":\"https:\\\/\\\/pans.krosno.pl\\\/iro\\\/#\\\/schema\\\/logo\\\/image\\\/\"}}]}<\/script>\n<!-- \/ Yoast SEO Premium plugin. -->","yoast_head_json":{"title":"Relacje student\u00f3w - International Relations Office PANS w Kro\u015bnie","description":"KPU w Kro\u015bnie","robots":{"index":"index","follow":"follow","max-snippet":"max-snippet:-1","max-image-preview":"max-image-preview:large","max-video-preview":"max-video-preview:-1"},"canonical":"https:\/\/pans.krosno.pl\/iro\/student-relations-2\/","og_locale":"pl_PL","og_type":"article","og_title":"Relacje student\u00f3w","og_description":"KPU w Kro\u015bnie","og_url":"https:\/\/pans.krosno.pl\/iro\/student-relations-2\/","og_site_name":"International Relations Office PANS w Kro\u015bnie","article_modified_time":"2023-04-24T06:18:20+00:00","twitter_card":"summary_large_image","twitter_misc":{"Szacowany czas czytania":"1 minuta"},"schema":{"@context":"https:\/\/schema.org","@graph":[{"@type":"WebPage","@id":"https:\/\/pans.krosno.pl\/iro\/student-relations-2\/","url":"https:\/\/pans.krosno.pl\/iro\/student-relations-2\/","name":"Relacje student\u00f3w - International Relations Office PANS w Kro\u015bnie","isPartOf":{"@id":"https:\/\/pans.krosno.pl\/iro\/#website"},"datePublished":"2020-05-20T08:56:44+00:00","dateModified":"2023-04-24T06:18:20+00:00","description":"KPU w Kro\u015bnie","breadcrumb":{"@id":"https:\/\/pans.krosno.pl\/iro\/student-relations-2\/#breadcrumb"},"inLanguage":"pl-PL","potentialAction":[{"@type":"ReadAction","target":["https:\/\/pans.krosno.pl\/iro\/student-relations-2\/"]}]},{"@type":"BreadcrumbList","@id":"https:\/\/pans.krosno.pl\/iro\/student-relations-2\/#breadcrumb","itemListElement":[{"@type":"ListItem","position":1,"name":"Strona g\u0142\u00f3wna","item":"https:\/\/pans.krosno.pl\/iro\/"},{"@type":"ListItem","position":2,"name":"Relacje student\u00f3w"}]},{"@type":"WebSite","@id":"https:\/\/pans.krosno.pl\/iro\/#website","url":"https:\/\/pans.krosno.pl\/iro\/","name":"International Relations Office PANS w Kro\u015bnie","description":"International Relations Office - Pa\u0144stwowa Akademia Nauk Stosowanych","publisher":{"@id":"https:\/\/pans.krosno.pl\/iro\/#organization"},"potentialAction":[{"@type":"SearchAction","target":{"@type":"EntryPoint","urlTemplate":"https:\/\/pans.krosno.pl\/iro\/?s={search_term_string}"},"query-input":{"@type":"PropertyValueSpecification","valueRequired":true,"valueName":"search_term_string"}}],"inLanguage":"pl-PL"},{"@type":"Organization","@id":"https:\/\/pans.krosno.pl\/iro\/#organization","name":"International Relations Office PANS w Kro\u015bnie","url":"https:\/\/pans.krosno.pl\/iro\/","logo":{"@type":"ImageObject","inLanguage":"pl-PL","@id":"https:\/\/pans.krosno.pl\/iro\/#\/schema\/logo\/image\/","url":"https:\/\/pans.krosno.pl\/iro\/wp-content\/uploads\/sites\/26\/2023\/01\/Logo-PANS-2022-pelne.png","contentUrl":"https:\/\/pans.krosno.pl\/iro\/wp-content\/uploads\/sites\/26\/2023\/01\/Logo-PANS-2022-pelne.png","width":3096,"height":696,"caption":"International Relations Office PANS w Kro\u015bnie"},"image":{"@id":"https:\/\/pans.krosno.pl\/iro\/#\/schema\/logo\/image\/"}}]}},"_links":{"self":[{"href":"https:\/\/pans.krosno.pl\/iro\/wp-json\/wp\/v2\/pages\/244","targetHints":{"allow":["GET"]}}],"collection":[{"href":"https:\/\/pans.krosno.pl\/iro\/wp-json\/wp\/v2\/pages"}],"about":[{"href":"https:\/\/pans.krosno.pl\/iro\/wp-json\/wp\/v2\/types\/page"}],"author":[{"embeddable":true,"href":"https:\/\/pans.krosno.pl\/iro\/wp-json\/wp\/v2\/users\/27"}],"replies":[{"embeddable":true,"href":"https:\/\/pans.krosno.pl\/iro\/wp-json\/wp\/v2\/comments?post=244"}],"version-history":[{"count":9,"href":"https:\/\/pans.krosno.pl\/iro\/wp-json\/wp\/v2\/pages\/244\/revisions"}],"predecessor-version":[{"id":1815,"href":"https:\/\/pans.krosno.pl\/iro\/wp-json\/wp\/v2\/pages\/244\/revisions\/1815"}],"wp:attachment":[{"href":"https:\/\/pans.krosno.pl\/iro\/wp-json\/wp\/v2\/media?parent=244"}],"curies":[{"name":"wp","href":"https:\/\/api.w.org\/{rel}","templated":true}]}}