{"id":217,"date":"2020-05-20T10:17:00","date_gmt":"2020-05-20T08:17:00","guid":{"rendered":"https:\/\/pans.krosno.pl\/bwm\/?page_id=217"},"modified":"2025-06-25T14:09:31","modified_gmt":"2025-06-25T12:09:31","slug":"contact","status":"publish","type":"page","link":"https:\/\/pans.krosno.pl\/iro\/contact\/","title":{"rendered":"Contact"},"content":{"rendered":"\n<p><strong>Institutional Erasmus+ Coordinator<\/strong>: <strong>Agnieszka Wo\u017aniak, PhD<\/strong><\/p>\n\n\n\n<p>agnieszka.wozniak@pans.krosno.pl<\/p>\n\n\n\n<p><strong>International Relations Office:<\/strong><br><br>Patryk Soli\u0144ski<br>Mail: <a href=\"mailto:iro@pans.krosno.pl\">iro@pans.krosno.pl<\/a><br>Address: Rynek 1, room no. 4, 38-400 Krosno<br>tel.: + 48 13 43 755 15<br>fax: + 48 13 43 755 11<\/p>\n\n\n\n<p><strong>Coordinators:<\/strong><\/p>\n\n\n\n<ul class=\"wp-block-list\">\n<li>BUDOWNICTWO <strong>CONSTRUCTION<\/strong> Bart\u0142omiej Czado <a href=\"mailto:bartlomiej.czado@pans.krosno.pl\" target=\"_blank\" rel=\"noreferrer noopener\">bartlomiej.czado@pans.krosno.pl<\/a><\/li>\n\n\n\n<li>DWUJ\u0118ZYKOWE STUDIA DLA T\u0141UMACZY <strong>DOUBLE-LANGUAGE STUDIES IN TRANSLATION<\/strong> Ewa Rusek <a href=\"mailto:ewa.rusek@pans.krosno.pl\" target=\"_blank\" rel=\"noreferrer noopener\">ewa.rusek@pans.krosno.pl<\/a><\/li>\n\n\n\n<li>FILOLOGIA ANGIELSKA <strong>ENGLISH PHILOLOGY<\/strong> Ewa Rusek <a href=\"mailto:ewa.rusek@pans.krosno.pl\" target=\"_blank\" rel=\"noreferrer noopener\">ewa.rusek@pans.krosno.pl<\/a><\/li>\n\n\n\n<li>INFORMATYKA <strong>INFORMATION TECHNOLOGY<\/strong> Hubert Wojtowicz <a href=\"mailto:hubert.wojtowicz@pans.krosno.pl\">hubert.wojtowicz@pans.krosno.pl<\/a><\/li>\n\n\n\n<li>IN\u017bYNIERIA PRODUKCJI <strong>PRODUCTION ENGINEERING<\/strong> Pawe\u0142 Milan <a href=\"mailto:pawel.milan@pans.krosno.pl\">pawel.milan@pans.krosno.pl<\/a><\/li>\n\n\n\n<li>IN\u017bYNIERIA \u015aRODOWISKA <strong>ENVIRONMENTAL ENGINEERING<\/strong> Dominik Wr\u00f3bel <a href=\"mailto:dominik.wrobel@pans.krosno.pl\">dominik.wrobel@pans.krosno.pl<\/a><\/li>\n\n\n\n<li>MARKETING INTERNETOWY <strong>INTERNET MARKETING<\/strong> Wojciech Grucha\u0142a <a href=\"mailto:wojciech.gruchala@pans.krosno.pl\" target=\"_blank\" rel=\"noreferrer noopener\">wojciech.gruchala@pans.krosno.pl<\/a><\/li>\n\n\n\n<li>MECHANIKA I BUDOWA MASZYN <strong>MECHANICAL ENGINEERING<\/strong> Wojtek Berezowski <a href=\"mailto:wojciech.berezowski@pans.krosno.pl\" target=\"_blank\" rel=\"noreferrer noopener\">wojciech.berezowski@pans.krosno.pl<\/a><\/li>\n\n\n\n<li>PEDAGOGIKA <strong>PEDAGOGY<\/strong> Magdalena Gole\u0144 <a href=\"mailto:magdalena.golen@pans.krosno.pl\" target=\"_blank\" rel=\"noreferrer noopener\">magdalena.golen@pans.krosno.pl<\/a><\/li>\n\n\n\n<li>PIEL\u0118GNIARSTWO <strong>NURSING<\/strong> Micha\u0142 Wojnar <a href=\"mailto:michal.wojnar@pans.krosno.pl\" target=\"_blank\" rel=\"noreferrer noopener\">michal.wojnar@pans.krosno.pl<\/a><\/li>\n\n\n\n<li>PO\u0141O\u017bNICTWO <strong>MIDWIFERY<\/strong> Micha\u0142 Wojnar <a href=\"mailto:michal.wojnar@pans.krosno.pl\" target=\"_blank\" rel=\"noreferrer noopener\">michal.wojnar@pans.krosno.pl<\/a><\/li>\n\n\n\n<li>PRODUKCJA I BEZPIECZE\u0143STWO \u017bYWNO\u015aCI <strong>PRODUCTION AND FOOD SAFETY<\/strong>  Dominik Wr\u00f3bel <a href=\"mailto:dominik.wrobel@pans.krosno.pl\" target=\"_blank\" rel=\"noreferrer noopener\">dominik.wrobel@pans.krosno.pl<\/a><\/li>\n\n\n\n<li>TURYSTYKA I REKREACJA <strong>TURISM AND RECREATION<\/strong> Rafa\u0142 Kapica <a href=\"mailto:rafal.kapica@pans.krosno.pl\">rafal.kapica@pans.krosno.pl<\/a><\/li>\n\n\n\n<li>WYCHOWANIE FIZYCZNE <strong>PHYSICAL EDUCATION<\/strong> \u0141ukasz Wojtyczek <a href=\"mailto:lukasz.wojtyczek@pans.krosno.pl\">lukasz.wojtyczek@pans.krosno.pl<\/a><\/li>\n\n\n\n<li>ZARZ\u0104DZANIE <strong>MANAGEMENT<\/strong> Marek Krzywonos <a href=\"mailto:marek.krzywonos@pans.krosno.pl\" target=\"_blank\" rel=\"noreferrer noopener\">marek.krzywonos@pans.krosno.pl<\/a><\/li>\n\n\n\n<li>ZIELARSTWO <strong>HERBALISM<\/strong> Dominik Wr\u00f3bel <a href=\"mailto:dominik.wrobel@pans.krosno.pl\" target=\"_blank\" rel=\"noreferrer noopener\">dominik.wrobel@pans.krosno.pl<\/a><\/li>\n<\/ul>\n\n\n\n<p>IRO opening hours:<br>Monday 8.00 &#8211; 14.00<br>Tuesday 8.00 &#8211; 14.00<br>Wednesday 8.00 &#8211; 14.00<br>Thursday 8.00 &#8211; 14.00<br>Friday 8.00 &#8211; 14.00<\/p>\n","protected":false},"excerpt":{"rendered":"<p>Institutional Erasmus+ Coordinator: Agnieszka Wo\u017aniak, PhD agnieszka.wozniak@pans.krosno.pl International Relations Office: Patryk Soli\u0144skiMail: iro@pans.krosno.plAddress: Rynek 1, room no. 4, 38-400 Krosnotel.: + 48 13 43 755 15fax: + 48 13 43 755 11 Coordinators: IRO opening hours:Monday 8.00 &#8211; 14.00Tuesday 8.00 &#8211; 14.00Wednesday 8.00 &#8211; 14.00Thursday 8.00 &#8211; 14.00Friday 8.00 &#8211; [\u2026] <\/p>\n<div class=\"clear\"><\/div>\n<p><a class=\"more_link clearfix\" href=\"https:\/\/pans.krosno.pl\/iro\/contact\/\" rel=\"nofollow\">Read More<\/a><\/p>\n","protected":false},"author":27,"featured_media":0,"parent":0,"menu_order":0,"comment_status":"closed","ping_status":"closed","template":"page-templates\/template-full-width.php","meta":{"ngg_post_thumbnail":0,"footnotes":""},"class_list":["post-217","page","type-page","status-publish","hentry"],"yoast_head":"<!-- This site is optimized with the Yoast SEO Premium plugin v27.3 (Yoast SEO v27.3) - https:\/\/yoast.com\/product\/yoast-seo-premium-wordpress\/ -->\n<title>Contact - International Relations Office PANS w Kro\u015bnie<\/title>\n<meta name=\"description\" content=\"iro@pans.krosno.pl\" \/>\n<meta name=\"robots\" content=\"index, follow, max-snippet:-1, max-image-preview:large, max-video-preview:-1\" \/>\n<link rel=\"canonical\" href=\"https:\/\/pans.krosno.pl\/iro\/contact\/\" \/>\n<meta property=\"og:locale\" content=\"pl_PL\" \/>\n<meta property=\"og:type\" content=\"article\" \/>\n<meta property=\"og:title\" content=\"Contact\" \/>\n<meta property=\"og:description\" content=\"iro@pans.krosno.pl\" \/>\n<meta property=\"og:url\" content=\"https:\/\/pans.krosno.pl\/iro\/contact\/\" \/>\n<meta property=\"og:site_name\" content=\"International Relations Office PANS w Kro\u015bnie\" \/>\n<meta property=\"article:modified_time\" content=\"2025-06-25T12:09:31+00:00\" \/>\n<meta name=\"twitter:card\" content=\"summary_large_image\" \/>\n<meta name=\"twitter:label1\" content=\"Szacowany czas czytania\" \/>\n\t<meta name=\"twitter:data1\" content=\"1 minuta\" \/>\n<script type=\"application\/ld+json\" class=\"yoast-schema-graph\">{\"@context\":\"https:\\\/\\\/schema.org\",\"@graph\":[{\"@type\":\"WebPage\",\"@id\":\"https:\\\/\\\/pans.krosno.pl\\\/iro\\\/contact\\\/\",\"url\":\"https:\\\/\\\/pans.krosno.pl\\\/iro\\\/contact\\\/\",\"name\":\"Contact - International Relations Office PANS w Kro\u015bnie\",\"isPartOf\":{\"@id\":\"https:\\\/\\\/pans.krosno.pl\\\/iro\\\/#website\"},\"datePublished\":\"2020-05-20T08:17:00+00:00\",\"dateModified\":\"2025-06-25T12:09:31+00:00\",\"description\":\"iro@pans.krosno.pl\",\"breadcrumb\":{\"@id\":\"https:\\\/\\\/pans.krosno.pl\\\/iro\\\/contact\\\/#breadcrumb\"},\"inLanguage\":\"pl-PL\",\"potentialAction\":[{\"@type\":\"ReadAction\",\"target\":[\"https:\\\/\\\/pans.krosno.pl\\\/iro\\\/contact\\\/\"]}]},{\"@type\":\"BreadcrumbList\",\"@id\":\"https:\\\/\\\/pans.krosno.pl\\\/iro\\\/contact\\\/#breadcrumb\",\"itemListElement\":[{\"@type\":\"ListItem\",\"position\":1,\"name\":\"Strona g\u0142\u00f3wna\",\"item\":\"https:\\\/\\\/pans.krosno.pl\\\/iro\\\/\"},{\"@type\":\"ListItem\",\"position\":2,\"name\":\"Contact\"}]},{\"@type\":\"WebSite\",\"@id\":\"https:\\\/\\\/pans.krosno.pl\\\/iro\\\/#website\",\"url\":\"https:\\\/\\\/pans.krosno.pl\\\/iro\\\/\",\"name\":\"International Relations Office PANS w Kro\u015bnie\",\"description\":\"International Relations Office - Pa\u0144stwowa Akademia Nauk Stosowanych\",\"publisher\":{\"@id\":\"https:\\\/\\\/pans.krosno.pl\\\/iro\\\/#organization\"},\"potentialAction\":[{\"@type\":\"SearchAction\",\"target\":{\"@type\":\"EntryPoint\",\"urlTemplate\":\"https:\\\/\\\/pans.krosno.pl\\\/iro\\\/?s={search_term_string}\"},\"query-input\":{\"@type\":\"PropertyValueSpecification\",\"valueRequired\":true,\"valueName\":\"search_term_string\"}}],\"inLanguage\":\"pl-PL\"},{\"@type\":\"Organization\",\"@id\":\"https:\\\/\\\/pans.krosno.pl\\\/iro\\\/#organization\",\"name\":\"International Relations Office PANS w Kro\u015bnie\",\"url\":\"https:\\\/\\\/pans.krosno.pl\\\/iro\\\/\",\"logo\":{\"@type\":\"ImageObject\",\"inLanguage\":\"pl-PL\",\"@id\":\"https:\\\/\\\/pans.krosno.pl\\\/iro\\\/#\\\/schema\\\/logo\\\/image\\\/\",\"url\":\"https:\\\/\\\/pans.krosno.pl\\\/iro\\\/wp-content\\\/uploads\\\/sites\\\/26\\\/2023\\\/01\\\/Logo-PANS-2022-pelne.png\",\"contentUrl\":\"https:\\\/\\\/pans.krosno.pl\\\/iro\\\/wp-content\\\/uploads\\\/sites\\\/26\\\/2023\\\/01\\\/Logo-PANS-2022-pelne.png\",\"width\":3096,\"height\":696,\"caption\":\"International Relations Office PANS w Kro\u015bnie\"},\"image\":{\"@id\":\"https:\\\/\\\/pans.krosno.pl\\\/iro\\\/#\\\/schema\\\/logo\\\/image\\\/\"}}]}<\/script>\n<!-- \/ Yoast SEO Premium plugin. -->","yoast_head_json":{"title":"Contact - International Relations Office PANS w Kro\u015bnie","description":"iro@pans.krosno.pl","robots":{"index":"index","follow":"follow","max-snippet":"max-snippet:-1","max-image-preview":"max-image-preview:large","max-video-preview":"max-video-preview:-1"},"canonical":"https:\/\/pans.krosno.pl\/iro\/contact\/","og_locale":"pl_PL","og_type":"article","og_title":"Contact","og_description":"iro@pans.krosno.pl","og_url":"https:\/\/pans.krosno.pl\/iro\/contact\/","og_site_name":"International Relations Office PANS w Kro\u015bnie","article_modified_time":"2025-06-25T12:09:31+00:00","twitter_card":"summary_large_image","twitter_misc":{"Szacowany czas czytania":"1 minuta"},"schema":{"@context":"https:\/\/schema.org","@graph":[{"@type":"WebPage","@id":"https:\/\/pans.krosno.pl\/iro\/contact\/","url":"https:\/\/pans.krosno.pl\/iro\/contact\/","name":"Contact - International Relations Office PANS w Kro\u015bnie","isPartOf":{"@id":"https:\/\/pans.krosno.pl\/iro\/#website"},"datePublished":"2020-05-20T08:17:00+00:00","dateModified":"2025-06-25T12:09:31+00:00","description":"iro@pans.krosno.pl","breadcrumb":{"@id":"https:\/\/pans.krosno.pl\/iro\/contact\/#breadcrumb"},"inLanguage":"pl-PL","potentialAction":[{"@type":"ReadAction","target":["https:\/\/pans.krosno.pl\/iro\/contact\/"]}]},{"@type":"BreadcrumbList","@id":"https:\/\/pans.krosno.pl\/iro\/contact\/#breadcrumb","itemListElement":[{"@type":"ListItem","position":1,"name":"Strona g\u0142\u00f3wna","item":"https:\/\/pans.krosno.pl\/iro\/"},{"@type":"ListItem","position":2,"name":"Contact"}]},{"@type":"WebSite","@id":"https:\/\/pans.krosno.pl\/iro\/#website","url":"https:\/\/pans.krosno.pl\/iro\/","name":"International Relations Office PANS w Kro\u015bnie","description":"International Relations Office - Pa\u0144stwowa Akademia Nauk Stosowanych","publisher":{"@id":"https:\/\/pans.krosno.pl\/iro\/#organization"},"potentialAction":[{"@type":"SearchAction","target":{"@type":"EntryPoint","urlTemplate":"https:\/\/pans.krosno.pl\/iro\/?s={search_term_string}"},"query-input":{"@type":"PropertyValueSpecification","valueRequired":true,"valueName":"search_term_string"}}],"inLanguage":"pl-PL"},{"@type":"Organization","@id":"https:\/\/pans.krosno.pl\/iro\/#organization","name":"International Relations Office PANS w Kro\u015bnie","url":"https:\/\/pans.krosno.pl\/iro\/","logo":{"@type":"ImageObject","inLanguage":"pl-PL","@id":"https:\/\/pans.krosno.pl\/iro\/#\/schema\/logo\/image\/","url":"https:\/\/pans.krosno.pl\/iro\/wp-content\/uploads\/sites\/26\/2023\/01\/Logo-PANS-2022-pelne.png","contentUrl":"https:\/\/pans.krosno.pl\/iro\/wp-content\/uploads\/sites\/26\/2023\/01\/Logo-PANS-2022-pelne.png","width":3096,"height":696,"caption":"International Relations Office PANS w Kro\u015bnie"},"image":{"@id":"https:\/\/pans.krosno.pl\/iro\/#\/schema\/logo\/image\/"}}]}},"_links":{"self":[{"href":"https:\/\/pans.krosno.pl\/iro\/wp-json\/wp\/v2\/pages\/217","targetHints":{"allow":["GET"]}}],"collection":[{"href":"https:\/\/pans.krosno.pl\/iro\/wp-json\/wp\/v2\/pages"}],"about":[{"href":"https:\/\/pans.krosno.pl\/iro\/wp-json\/wp\/v2\/types\/page"}],"author":[{"embeddable":true,"href":"https:\/\/pans.krosno.pl\/iro\/wp-json\/wp\/v2\/users\/27"}],"replies":[{"embeddable":true,"href":"https:\/\/pans.krosno.pl\/iro\/wp-json\/wp\/v2\/comments?post=217"}],"version-history":[{"count":44,"href":"https:\/\/pans.krosno.pl\/iro\/wp-json\/wp\/v2\/pages\/217\/revisions"}],"predecessor-version":[{"id":4571,"href":"https:\/\/pans.krosno.pl\/iro\/wp-json\/wp\/v2\/pages\/217\/revisions\/4571"}],"wp:attachment":[{"href":"https:\/\/pans.krosno.pl\/iro\/wp-json\/wp\/v2\/media?parent=217"}],"curies":[{"name":"wp","href":"https:\/\/api.w.org\/{rel}","templated":true}]}}