{"id":84,"date":"2020-02-26T09:51:48","date_gmt":"2020-02-26T08:51:48","guid":{"rendered":"https:\/\/pans.krosno.pl\/towaroznawstwo\/?page_id=84"},"modified":"2026-01-27T20:27:32","modified_gmt":"2026-01-27T19:27:32","slug":"pracownicy","status":"publish","type":"page","link":"https:\/\/pans.krosno.pl\/inzynieriajakosci\/pracownicy\/","title":{"rendered":"Pracownicy"},"content":{"rendered":"<p><strong>Kadra naukowa<\/strong><\/p>\n<p><strong>Kierownik Zak\u0142adu In\u017cynierii Jako\u015bci<br \/>\n<a href=\"https:\/\/pans.krosno.pl\/pracownicy\/damian-dubis\/\" target=\"_blank\" rel=\"noopener noreferrer\">dr in\u017c. Damian Dubis<\/a><\/strong><\/p>\n<p>&nbsp;<\/p>\n<p><a href=\"https:\/\/pans.krosno.pl\/pracownicy\/ewa-marcinkowska\/\" target=\"_blank\" rel=\"noopener noreferrer\">prof. dr hab. Ewa Marcinkowska<\/a><\/p>\n<p><a href=\"https:\/\/pans.krosno.pl\/pracownicy\/jolanta-baran\/\" target=\"_blank\" rel=\"noopener noreferrer\">dr in\u017c. Jolanta Baran<\/a><\/p>\n<p><a href=\"https:\/\/pans.krosno.pl\/pracownicy\/malgorzata-zrodlo-loda\/\" target=\"_blank\" rel=\"noopener noreferrer\">dr in\u017c. Ma\u0142gorzata \u0179r\u00f3d\u0142o-Loda<\/a><\/p>\n<p>&nbsp;<\/p>\n<p><strong>Pozostali nauczyciele prowadz\u0105cy zaj\u0119cia na kierunku:<\/strong><\/p>\n<p><a href=\"https:\/\/pans.krosno.pl\/pracownicy\/elzbieta-kondratowicz-pietruszka\/\" target=\"_blank\" rel=\"noopener noreferrer\">dr hab. in\u017c. El\u017cbieta Kondratowicz-Pietruszka, prof. PANS<\/a><\/p>\n<p><a href=\"https:\/\/pans.krosno.pl\/pracownicy\/boguslaw-slusarczyk\/\" target=\"_blank\" rel=\"noopener noreferrer\">dr hab. Bogus\u0142aw \u015alusarczyk, prof. PANS<\/a><\/p>\n<p><a href=\"https:\/\/pans.krosno.pl\/pracownicy\/lukasz-furman\/\" target=\"_blank\" rel=\"noopener noreferrer\">dr hab. \u0141ukasz Furman, prof. PANS<\/a><\/p>\n<p><a href=\"https:\/\/pans.krosno.pl\/pracownicy\/malgorzata-gorka\/\" target=\"_blank\" rel=\"noopener noreferrer\">dr in\u017c. Ma\u0142gorzata G\u00f3rka<\/a><\/p>\n<p><a href=\"https:\/\/pans.krosno.pl\/pracownicy\/henryk-rozanski\/\" target=\"_blank\" rel=\"noopener noreferrer\">dr n. biol. Henryk R\u00f3\u017ca\u0144ski<\/a><\/p>\n<p><a href=\"https:\/\/pans.krosno.pl\/pracownicy\/barbara-krochmal-marczak\/\">dr hab. in\u017c. Barbara Krochmal-Marczak, prof. PANS<\/a><\/p>\n<p><a href=\"https:\/\/pans.krosno.pl\/pracownicy\/anna-slowik\/\" target=\"_blank\" rel=\"noopener noreferrer\">dr Anna S\u0142owik<\/a><\/p>\n<p><a href=\"https:\/\/pans.krosno.pl\/pracownicy\/mikhael-hakim\/\" target=\"_blank\" rel=\"noopener noreferrer\">dr Mikhael Hakim<\/a><\/p>\n<p><a href=\"https:\/\/pans.krosno.pl\/pracownicy\/marta-pisarek\/\" target=\"_blank\" rel=\"noopener noreferrer\">dr in\u017c. Marta Pisarek<\/a><\/p>\n<p>&nbsp;<a href=\"https:\/\/pans.krosno.pl\/pracownicy\/magdalena-dykiel\/\" target=\"_blank\" rel=\"noopener noreferrer\">dr in\u017c. Magdalena Dykiel<\/a><\/p>\n<p><a href=\"https:\/\/pans.krosno.pl\/pracownicy\/bernadeta-bienia\/\" target=\"_blank\" rel=\"noopener noreferrer\">dr in\u017c. Bernadetta Bienia<\/a><\/p>\n<p><a href=\"https:\/\/pans.krosno.pl\/pracownicy\/tomasz-pytlowany\/\" target=\"_blank\" rel=\"noopener noreferrer\">dr in\u017c. Tomasz Pytlowany<\/a><\/p>\n<p><a href=\"https:\/\/pans.krosno.pl\/pracownicy\/romuald-fejkiel\/\" target=\"_blank\" rel=\"noopener noreferrer\">dr in\u017c. Romuald Fejkiel<\/a><\/p>\n<p><a href=\"https:\/\/pans.krosno.pl\/pracownicy\/katarzyna-czupinska\/\" target=\"_blank\" rel=\"noopener noreferrer\">dr Katarzyna Stanisz-Czupi\u0144ska<\/a><\/p>\n<p><a href=\"https:\/\/pans.krosno.pl\/pracownicy\/renata-bal\/\" target=\"_blank\" rel=\"noopener noreferrer\">dr Renata Bal<\/a><\/p>\n<p><a href=\"https:\/\/pans.krosno.pl\/pracownicy\/wojciech-gruchala\/\" target=\"_blank\" rel=\"noopener noreferrer\">dr Wojciech Grucha\u0142a<\/a><\/p>\n<p><a href=\"https:\/\/pans.krosno.pl\/pracownicy\/elzbieta-bragiel\/\" target=\"_blank\" rel=\"noopener noreferrer\">mgr in\u017c. El\u017cbieta Br\u0105giel<\/a><\/p>\n<p><a href=\"https:\/\/pans.krosno.pl\/pracownicy\/joanna-polchlopek\/\" target=\"_blank\" rel=\"noopener noreferrer\">mgr Joanna P\u00f3\u0142ch\u0142opek<\/a><\/p>\n<p><a href=\"https:\/\/pans.krosno.pl\/pracownicy\/radoslaw-kruk\/\" target=\"_blank\" rel=\"noopener noreferrer\">mgr in\u017c. Rados\u0142aw Kruk<\/a><\/p>\n<p><a href=\"https:\/\/pans.krosno.pl\/pracownicy\/maria-rysz\/\" target=\"_blank\" rel=\"noopener noreferrer\">dr in\u017c. Maria Rysz<\/a><\/p>\n<p>dr hab. Sylwia Dziedzic, prof. PRZ<\/p>\n<p>dr Monika St\u0105cel&nbsp;<\/p>\n<p><a href=\"https:\/\/pans.krosno.pl\/pracownicy\/andrzej-studzinski\/\">dr in\u017c. Andrzej Studzi\u0144ski<\/a><\/p>\n<p><a href=\"https:\/\/pans.krosno.pl\/pracownicy\/krzysztof-topolski\/\">dr in\u017c. Krzysztof Topolski&nbsp;<\/a><\/p>\n<p>mgr in\u017c. Sylwester Wilczek<\/p>\n<p>mgr in\u017c. Sandra Cybowicz<\/p>\n<p>mgr in\u017c. Karolina Murdzek<\/p>\n<p><a href=\"https:\/\/pans.krosno.pl\/pracownicy\/dariusz-len\/\">mgr in\u017c. Dariusz Le\u0144<\/a><\/p>\n<p><a href=\"https:\/\/pans.krosno.pl\/pracownicy\/malgorzata-wojcik\/\">mgr Ma\u0142gorzata W\u00f3jcik<\/a><\/p>\n<p>mgr Grzegorz Doma\u0144ski<\/p>\n<p><a href=\"https:\/\/pans.krosno.pl\/pracownicy\/marzena-szepieniec\/\">mgr Marzena Szepieniec<\/a><\/p>\n<p>&nbsp;<\/p>\n<p>&nbsp;<\/p>\n<p>&nbsp;<\/p>\n","protected":false},"excerpt":{"rendered":"<p>Kadra naukowa Kierownik Zak\u0142adu In\u017cynierii Jako\u015bci dr in\u017c. Damian Dubis &nbsp; prof. dr hab. Ewa Marcinkowska dr in\u017c. Jolanta Baran dr in\u017c. Ma\u0142gorzata \u0179r\u00f3d\u0142o-Loda &nbsp; Pozostali nauczyciele prowadz\u0105cy zaj\u0119cia na kierunku: dr hab. in\u017c. El\u017cbieta Kondratowicz-Pietruszka, prof. PANS dr hab. Bogus\u0142aw \u015alusarczyk, prof. PANS dr hab. \u0141ukasz Furman, prof. PANS [\u2026] <\/p>\n<div class=\"clear\"><\/div>\n<p><a class=\"more_link clearfix\" href=\"https:\/\/pans.krosno.pl\/inzynieriajakosci\/pracownicy\/\" rel=\"nofollow\">Read More<\/a><\/p>\n","protected":false},"author":27,"featured_media":0,"parent":0,"menu_order":0,"comment_status":"closed","ping_status":"closed","template":"page-templates\/template-full-width.php","meta":{"ngg_post_thumbnail":0,"footnotes":""},"class_list":["post-84","page","type-page","status-publish","hentry"],"yoast_head":"<!-- This site is optimized with the Yoast SEO Premium plugin v27.4 (Yoast SEO v27.4) - https:\/\/yoast.com\/product\/yoast-seo-premium-wordpress\/ -->\n<title>Pracownicy - In\u017cynieria Jako\u015bci PANS w Kro\u015bnie<\/title>\n<meta name=\"description\" content=\"Kierownik Zak\u0142adu Towaroznawstwa - dr in\u017c. Ma\u0142gorzata G\u00f3rka. KPU w Kro\u015bnie\" \/>\n<meta name=\"robots\" content=\"index, follow, max-snippet:-1, max-image-preview:large, max-video-preview:-1\" \/>\n<link rel=\"canonical\" href=\"https:\/\/pans.krosno.pl\/inzynieriajakosci\/pracownicy\/\" \/>\n<meta property=\"og:locale\" content=\"pl_PL\" \/>\n<meta property=\"og:type\" content=\"article\" \/>\n<meta property=\"og:title\" content=\"Pracownicy\" \/>\n<meta property=\"og:description\" content=\"Kierownik Zak\u0142adu Towaroznawstwa - dr in\u017c. Ma\u0142gorzata G\u00f3rka. KPU w Kro\u015bnie\" \/>\n<meta property=\"og:url\" content=\"https:\/\/pans.krosno.pl\/inzynieriajakosci\/pracownicy\/\" \/>\n<meta property=\"og:site_name\" content=\"In\u017cynieria Jako\u015bci PANS w Kro\u015bnie\" \/>\n<meta property=\"article:modified_time\" content=\"2026-01-27T19:27:32+00:00\" \/>\n<meta name=\"twitter:card\" content=\"summary_large_image\" \/>\n<meta name=\"twitter:label1\" content=\"Szacowany czas czytania\" \/>\n\t<meta name=\"twitter:data1\" content=\"1 minuta\" \/>\n<script type=\"application\/ld+json\" class=\"yoast-schema-graph\">{\"@context\":\"https:\\\/\\\/schema.org\",\"@graph\":[{\"@type\":\"WebPage\",\"@id\":\"https:\\\/\\\/pans.krosno.pl\\\/inzynieriajakosci\\\/pracownicy\\\/\",\"url\":\"https:\\\/\\\/pans.krosno.pl\\\/inzynieriajakosci\\\/pracownicy\\\/\",\"name\":\"Pracownicy - In\u017cynieria Jako\u015bci PANS w Kro\u015bnie\",\"isPartOf\":{\"@id\":\"https:\\\/\\\/pans.krosno.pl\\\/inzynieriajakosci\\\/#website\"},\"datePublished\":\"2020-02-26T08:51:48+00:00\",\"dateModified\":\"2026-01-27T19:27:32+00:00\",\"description\":\"Kierownik Zak\u0142adu Towaroznawstwa - dr in\u017c. Ma\u0142gorzata G\u00f3rka. KPU w Kro\u015bnie\",\"breadcrumb\":{\"@id\":\"https:\\\/\\\/pans.krosno.pl\\\/inzynieriajakosci\\\/pracownicy\\\/#breadcrumb\"},\"inLanguage\":\"pl-PL\",\"potentialAction\":[{\"@type\":\"ReadAction\",\"target\":[\"https:\\\/\\\/pans.krosno.pl\\\/inzynieriajakosci\\\/pracownicy\\\/\"]}]},{\"@type\":\"BreadcrumbList\",\"@id\":\"https:\\\/\\\/pans.krosno.pl\\\/inzynieriajakosci\\\/pracownicy\\\/#breadcrumb\",\"itemListElement\":[{\"@type\":\"ListItem\",\"position\":1,\"name\":\"Strona g\u0142\u00f3wna\",\"item\":\"https:\\\/\\\/pans.krosno.pl\\\/inzynieriajakosci\\\/\"},{\"@type\":\"ListItem\",\"position\":2,\"name\":\"Pracownicy\"}]},{\"@type\":\"WebSite\",\"@id\":\"https:\\\/\\\/pans.krosno.pl\\\/inzynieriajakosci\\\/#website\",\"url\":\"https:\\\/\\\/pans.krosno.pl\\\/inzynieriajakosci\\\/\",\"name\":\"In\u017cynieria Jako\u015bci PANS w Kro\u015bnie\",\"description\":\"In\u017cynieria Jako\u015bci - Pa\u0144stwowa Akademia Nauk Stosowanych\",\"publisher\":{\"@id\":\"https:\\\/\\\/pans.krosno.pl\\\/inzynieriajakosci\\\/#organization\"},\"potentialAction\":[{\"@type\":\"SearchAction\",\"target\":{\"@type\":\"EntryPoint\",\"urlTemplate\":\"https:\\\/\\\/pans.krosno.pl\\\/inzynieriajakosci\\\/?s={search_term_string}\"},\"query-input\":{\"@type\":\"PropertyValueSpecification\",\"valueRequired\":true,\"valueName\":\"search_term_string\"}}],\"inLanguage\":\"pl-PL\"},{\"@type\":\"Organization\",\"@id\":\"https:\\\/\\\/pans.krosno.pl\\\/inzynieriajakosci\\\/#organization\",\"name\":\"In\u017cynieria Jako\u015bci PANS w Kro\u015bnie\",\"url\":\"https:\\\/\\\/pans.krosno.pl\\\/inzynieriajakosci\\\/\",\"logo\":{\"@type\":\"ImageObject\",\"inLanguage\":\"pl-PL\",\"@id\":\"https:\\\/\\\/pans.krosno.pl\\\/inzynieriajakosci\\\/#\\\/schema\\\/logo\\\/image\\\/\",\"url\":\"https:\\\/\\\/pans.krosno.pl\\\/inzynieriajakosci\\\/wp-content\\\/uploads\\\/sites\\\/16\\\/2023\\\/01\\\/Logo-PANS-2022-pelne.png\",\"contentUrl\":\"https:\\\/\\\/pans.krosno.pl\\\/inzynieriajakosci\\\/wp-content\\\/uploads\\\/sites\\\/16\\\/2023\\\/01\\\/Logo-PANS-2022-pelne.png\",\"width\":3096,\"height\":696,\"caption\":\"In\u017cynieria Jako\u015bci PANS w Kro\u015bnie\"},\"image\":{\"@id\":\"https:\\\/\\\/pans.krosno.pl\\\/inzynieriajakosci\\\/#\\\/schema\\\/logo\\\/image\\\/\"}}]}<\/script>\n<!-- \/ Yoast SEO Premium plugin. -->","yoast_head_json":{"title":"Pracownicy - In\u017cynieria Jako\u015bci PANS w Kro\u015bnie","description":"Kierownik Zak\u0142adu Towaroznawstwa - dr in\u017c. Ma\u0142gorzata G\u00f3rka. KPU w Kro\u015bnie","robots":{"index":"index","follow":"follow","max-snippet":"max-snippet:-1","max-image-preview":"max-image-preview:large","max-video-preview":"max-video-preview:-1"},"canonical":"https:\/\/pans.krosno.pl\/inzynieriajakosci\/pracownicy\/","og_locale":"pl_PL","og_type":"article","og_title":"Pracownicy","og_description":"Kierownik Zak\u0142adu Towaroznawstwa - dr in\u017c. Ma\u0142gorzata G\u00f3rka. KPU w Kro\u015bnie","og_url":"https:\/\/pans.krosno.pl\/inzynieriajakosci\/pracownicy\/","og_site_name":"In\u017cynieria Jako\u015bci PANS w Kro\u015bnie","article_modified_time":"2026-01-27T19:27:32+00:00","twitter_card":"summary_large_image","twitter_misc":{"Szacowany czas czytania":"1 minuta"},"schema":{"@context":"https:\/\/schema.org","@graph":[{"@type":"WebPage","@id":"https:\/\/pans.krosno.pl\/inzynieriajakosci\/pracownicy\/","url":"https:\/\/pans.krosno.pl\/inzynieriajakosci\/pracownicy\/","name":"Pracownicy - In\u017cynieria Jako\u015bci PANS w Kro\u015bnie","isPartOf":{"@id":"https:\/\/pans.krosno.pl\/inzynieriajakosci\/#website"},"datePublished":"2020-02-26T08:51:48+00:00","dateModified":"2026-01-27T19:27:32+00:00","description":"Kierownik Zak\u0142adu Towaroznawstwa - dr in\u017c. Ma\u0142gorzata G\u00f3rka. KPU w Kro\u015bnie","breadcrumb":{"@id":"https:\/\/pans.krosno.pl\/inzynieriajakosci\/pracownicy\/#breadcrumb"},"inLanguage":"pl-PL","potentialAction":[{"@type":"ReadAction","target":["https:\/\/pans.krosno.pl\/inzynieriajakosci\/pracownicy\/"]}]},{"@type":"BreadcrumbList","@id":"https:\/\/pans.krosno.pl\/inzynieriajakosci\/pracownicy\/#breadcrumb","itemListElement":[{"@type":"ListItem","position":1,"name":"Strona g\u0142\u00f3wna","item":"https:\/\/pans.krosno.pl\/inzynieriajakosci\/"},{"@type":"ListItem","position":2,"name":"Pracownicy"}]},{"@type":"WebSite","@id":"https:\/\/pans.krosno.pl\/inzynieriajakosci\/#website","url":"https:\/\/pans.krosno.pl\/inzynieriajakosci\/","name":"In\u017cynieria Jako\u015bci PANS w Kro\u015bnie","description":"In\u017cynieria Jako\u015bci - Pa\u0144stwowa Akademia Nauk Stosowanych","publisher":{"@id":"https:\/\/pans.krosno.pl\/inzynieriajakosci\/#organization"},"potentialAction":[{"@type":"SearchAction","target":{"@type":"EntryPoint","urlTemplate":"https:\/\/pans.krosno.pl\/inzynieriajakosci\/?s={search_term_string}"},"query-input":{"@type":"PropertyValueSpecification","valueRequired":true,"valueName":"search_term_string"}}],"inLanguage":"pl-PL"},{"@type":"Organization","@id":"https:\/\/pans.krosno.pl\/inzynieriajakosci\/#organization","name":"In\u017cynieria Jako\u015bci PANS w Kro\u015bnie","url":"https:\/\/pans.krosno.pl\/inzynieriajakosci\/","logo":{"@type":"ImageObject","inLanguage":"pl-PL","@id":"https:\/\/pans.krosno.pl\/inzynieriajakosci\/#\/schema\/logo\/image\/","url":"https:\/\/pans.krosno.pl\/inzynieriajakosci\/wp-content\/uploads\/sites\/16\/2023\/01\/Logo-PANS-2022-pelne.png","contentUrl":"https:\/\/pans.krosno.pl\/inzynieriajakosci\/wp-content\/uploads\/sites\/16\/2023\/01\/Logo-PANS-2022-pelne.png","width":3096,"height":696,"caption":"In\u017cynieria Jako\u015bci PANS w Kro\u015bnie"},"image":{"@id":"https:\/\/pans.krosno.pl\/inzynieriajakosci\/#\/schema\/logo\/image\/"}}]}},"_links":{"self":[{"href":"https:\/\/pans.krosno.pl\/inzynieriajakosci\/wp-json\/wp\/v2\/pages\/84","targetHints":{"allow":["GET"]}}],"collection":[{"href":"https:\/\/pans.krosno.pl\/inzynieriajakosci\/wp-json\/wp\/v2\/pages"}],"about":[{"href":"https:\/\/pans.krosno.pl\/inzynieriajakosci\/wp-json\/wp\/v2\/types\/page"}],"author":[{"embeddable":true,"href":"https:\/\/pans.krosno.pl\/inzynieriajakosci\/wp-json\/wp\/v2\/users\/27"}],"replies":[{"embeddable":true,"href":"https:\/\/pans.krosno.pl\/inzynieriajakosci\/wp-json\/wp\/v2\/comments?post=84"}],"version-history":[{"count":28,"href":"https:\/\/pans.krosno.pl\/inzynieriajakosci\/wp-json\/wp\/v2\/pages\/84\/revisions"}],"predecessor-version":[{"id":4018,"href":"https:\/\/pans.krosno.pl\/inzynieriajakosci\/wp-json\/wp\/v2\/pages\/84\/revisions\/4018"}],"wp:attachment":[{"href":"https:\/\/pans.krosno.pl\/inzynieriajakosci\/wp-json\/wp\/v2\/media?parent=84"}],"curies":[{"name":"wp","href":"https:\/\/api.w.org\/{rel}","templated":true}]}}