{"id":71,"date":"2020-02-26T09:46:24","date_gmt":"2020-02-26T08:46:24","guid":{"rendered":"https:\/\/pans.krosno.pl\/towaroznawstwo\/?page_id=71"},"modified":"2025-02-28T09:31:14","modified_gmt":"2025-02-28T08:31:14","slug":"opiekunowie-rocznikow","status":"publish","type":"page","link":"https:\/\/pans.krosno.pl\/inzynieriajakosci\/opiekunowie-rocznikow\/","title":{"rendered":"Opiekunowie rocznik\u00f3w"},"content":{"rendered":"\n<p><strong>Opiekunowie poszczeg\u00f3lnych rocznik\u00f3w oraz kontakt<\/strong><\/p>\n\n\n\n<figure class=\"wp-block-table\"><table class=\"has-fixed-layout\"><tbody><tr><td>\ufeffrok<\/td><td>\ufefftryb<\/td><td>opiekun\ufeff<\/td><td>\ufeffkontakt<\/td><\/tr><tr><td>I<\/td><td>stacjonarne<\/td><td><br>dr in\u017c. Damian Dubis<\/td><td>damian.dubis@pans.krosno.pl<\/td><\/tr><tr><td>II<\/td><td>stacjonarne<\/td><td>dr in\u017c. Ma\u0142gorzata \u0179r\u00f3d\u0142o-Loda<\/td><td>malgorzata.zrodlo-loda@pans.krosno.pl<\/td><\/tr><\/tbody><\/table><\/figure>\n\n\n\n<p><\/p>\n\n\n\n<p><\/p>\n\n\n\n<!--nextpage-->\n\n\n\n<hr class=\"wp-block-separator has-css-opacity\" \/>\n\n\n\n<p><\/p>\n\n\n\n<hr class=\"wp-block-separator has-css-opacity\" \/>\n\n\n\n<figure class=\"wp-block-table is-style-stripes\"><table><tbody><tr><td><\/td><\/tr><tr><td><\/td><\/tr><\/tbody><\/table><\/figure>\n","protected":false},"excerpt":{"rendered":"<p>Opiekunowie poszczeg\u00f3lnych rocznik\u00f3w oraz kontakt \ufeffrok \ufefftryb opiekun\ufeff \ufeffkontakt I stacjonarne dr in\u017c. Damian Dubis damian.dubis@pans.krosno.pl II stacjonarne dr in\u017c. Ma\u0142gorzata \u0179r\u00f3d\u0142o-Loda malgorzata.zrodlo-loda@pans.krosno.pl<\/p>\n","protected":false},"author":27,"featured_media":0,"parent":0,"menu_order":0,"comment_status":"closed","ping_status":"closed","template":"page-templates\/template-full-width.php","meta":{"ngg_post_thumbnail":0,"footnotes":""},"class_list":["post-71","page","type-page","status-publish","hentry"],"yoast_head":"<!-- This site is optimized with the Yoast SEO Premium plugin v27.4 (Yoast SEO v27.4) - https:\/\/yoast.com\/product\/yoast-seo-premium-wordpress\/ -->\n<title>Opiekunowie rocznik\u00f3w - In\u017cynieria Jako\u015bci PANS w Kro\u015bnie<\/title>\n<meta name=\"description\" content=\"Opiekunowie poszczeg\u00f3lnych rocznik\u00f3w oraz kontakt\" \/>\n<meta name=\"robots\" content=\"index, follow, max-snippet:-1, max-image-preview:large, max-video-preview:-1\" \/>\n<link rel=\"canonical\" href=\"https:\/\/pans.krosno.pl\/inzynieriajakosci\/opiekunowie-rocznikow\/\" \/>\n<link rel=\"next\" href=\"https:\/\/pans.krosno.pl\/inzynieriajakosci\/opiekunowie-rocznikow\/2\/\" \/>\n<meta property=\"og:locale\" content=\"pl_PL\" \/>\n<meta property=\"og:type\" content=\"article\" \/>\n<meta property=\"og:title\" content=\"Opiekunowie rocznik\u00f3w\" \/>\n<meta property=\"og:description\" content=\"Opiekunowie poszczeg\u00f3lnych rocznik\u00f3w oraz kontakt\" \/>\n<meta property=\"og:url\" content=\"https:\/\/pans.krosno.pl\/inzynieriajakosci\/opiekunowie-rocznikow\/\" \/>\n<meta property=\"og:site_name\" content=\"In\u017cynieria Jako\u015bci PANS w Kro\u015bnie\" \/>\n<meta property=\"article:modified_time\" content=\"2025-02-28T08:31:14+00:00\" \/>\n<meta name=\"twitter:card\" content=\"summary_large_image\" \/>\n<meta name=\"twitter:label1\" content=\"Szacowany czas czytania\" \/>\n\t<meta name=\"twitter:data1\" content=\"1 minuta\" \/>\n<script type=\"application\/ld+json\" class=\"yoast-schema-graph\">{\"@context\":\"https:\\\/\\\/schema.org\",\"@graph\":[{\"@type\":\"WebPage\",\"@id\":\"https:\\\/\\\/pans.krosno.pl\\\/inzynieriajakosci\\\/opiekunowie-rocznikow\\\/\",\"url\":\"https:\\\/\\\/pans.krosno.pl\\\/inzynieriajakosci\\\/opiekunowie-rocznikow\\\/\",\"name\":\"Opiekunowie rocznik\u00f3w - In\u017cynieria Jako\u015bci PANS w Kro\u015bnie\",\"isPartOf\":{\"@id\":\"https:\\\/\\\/pans.krosno.pl\\\/inzynieriajakosci\\\/#website\"},\"datePublished\":\"2020-02-26T08:46:24+00:00\",\"dateModified\":\"2025-02-28T08:31:14+00:00\",\"description\":\"Opiekunowie poszczeg\u00f3lnych rocznik\u00f3w oraz kontakt\",\"inLanguage\":\"pl-PL\",\"potentialAction\":[{\"@type\":\"ReadAction\",\"target\":[\"https:\\\/\\\/pans.krosno.pl\\\/inzynieriajakosci\\\/opiekunowie-rocznikow\\\/\"]}]},{\"@type\":\"WebSite\",\"@id\":\"https:\\\/\\\/pans.krosno.pl\\\/inzynieriajakosci\\\/#website\",\"url\":\"https:\\\/\\\/pans.krosno.pl\\\/inzynieriajakosci\\\/\",\"name\":\"In\u017cynieria Jako\u015bci PANS w Kro\u015bnie\",\"description\":\"In\u017cynieria Jako\u015bci - Pa\u0144stwowa Akademia Nauk Stosowanych\",\"publisher\":{\"@id\":\"https:\\\/\\\/pans.krosno.pl\\\/inzynieriajakosci\\\/#organization\"},\"potentialAction\":[{\"@type\":\"SearchAction\",\"target\":{\"@type\":\"EntryPoint\",\"urlTemplate\":\"https:\\\/\\\/pans.krosno.pl\\\/inzynieriajakosci\\\/?s={search_term_string}\"},\"query-input\":{\"@type\":\"PropertyValueSpecification\",\"valueRequired\":true,\"valueName\":\"search_term_string\"}}],\"inLanguage\":\"pl-PL\"},{\"@type\":\"Organization\",\"@id\":\"https:\\\/\\\/pans.krosno.pl\\\/inzynieriajakosci\\\/#organization\",\"name\":\"In\u017cynieria Jako\u015bci PANS w Kro\u015bnie\",\"url\":\"https:\\\/\\\/pans.krosno.pl\\\/inzynieriajakosci\\\/\",\"logo\":{\"@type\":\"ImageObject\",\"inLanguage\":\"pl-PL\",\"@id\":\"https:\\\/\\\/pans.krosno.pl\\\/inzynieriajakosci\\\/#\\\/schema\\\/logo\\\/image\\\/\",\"url\":\"https:\\\/\\\/pans.krosno.pl\\\/inzynieriajakosci\\\/wp-content\\\/uploads\\\/sites\\\/16\\\/2023\\\/01\\\/Logo-PANS-2022-pelne.png\",\"contentUrl\":\"https:\\\/\\\/pans.krosno.pl\\\/inzynieriajakosci\\\/wp-content\\\/uploads\\\/sites\\\/16\\\/2023\\\/01\\\/Logo-PANS-2022-pelne.png\",\"width\":3096,\"height\":696,\"caption\":\"In\u017cynieria Jako\u015bci PANS w Kro\u015bnie\"},\"image\":{\"@id\":\"https:\\\/\\\/pans.krosno.pl\\\/inzynieriajakosci\\\/#\\\/schema\\\/logo\\\/image\\\/\"}}]}<\/script>\n<!-- \/ Yoast SEO Premium plugin. -->","yoast_head_json":{"title":"Opiekunowie rocznik\u00f3w - In\u017cynieria Jako\u015bci PANS w Kro\u015bnie","description":"Opiekunowie poszczeg\u00f3lnych rocznik\u00f3w oraz kontakt","robots":{"index":"index","follow":"follow","max-snippet":"max-snippet:-1","max-image-preview":"max-image-preview:large","max-video-preview":"max-video-preview:-1"},"canonical":"https:\/\/pans.krosno.pl\/inzynieriajakosci\/opiekunowie-rocznikow\/","next":"https:\/\/pans.krosno.pl\/inzynieriajakosci\/opiekunowie-rocznikow\/2\/","og_locale":"pl_PL","og_type":"article","og_title":"Opiekunowie rocznik\u00f3w","og_description":"Opiekunowie poszczeg\u00f3lnych rocznik\u00f3w oraz kontakt","og_url":"https:\/\/pans.krosno.pl\/inzynieriajakosci\/opiekunowie-rocznikow\/","og_site_name":"In\u017cynieria Jako\u015bci PANS w Kro\u015bnie","article_modified_time":"2025-02-28T08:31:14+00:00","twitter_card":"summary_large_image","twitter_misc":{"Szacowany czas czytania":"1 minuta"},"schema":{"@context":"https:\/\/schema.org","@graph":[{"@type":"WebPage","@id":"https:\/\/pans.krosno.pl\/inzynieriajakosci\/opiekunowie-rocznikow\/","url":"https:\/\/pans.krosno.pl\/inzynieriajakosci\/opiekunowie-rocznikow\/","name":"Opiekunowie rocznik\u00f3w - In\u017cynieria Jako\u015bci PANS w Kro\u015bnie","isPartOf":{"@id":"https:\/\/pans.krosno.pl\/inzynieriajakosci\/#website"},"datePublished":"2020-02-26T08:46:24+00:00","dateModified":"2025-02-28T08:31:14+00:00","description":"Opiekunowie poszczeg\u00f3lnych rocznik\u00f3w oraz kontakt","inLanguage":"pl-PL","potentialAction":[{"@type":"ReadAction","target":["https:\/\/pans.krosno.pl\/inzynieriajakosci\/opiekunowie-rocznikow\/"]}]},{"@type":"WebSite","@id":"https:\/\/pans.krosno.pl\/inzynieriajakosci\/#website","url":"https:\/\/pans.krosno.pl\/inzynieriajakosci\/","name":"In\u017cynieria Jako\u015bci PANS w Kro\u015bnie","description":"In\u017cynieria Jako\u015bci - Pa\u0144stwowa Akademia Nauk Stosowanych","publisher":{"@id":"https:\/\/pans.krosno.pl\/inzynieriajakosci\/#organization"},"potentialAction":[{"@type":"SearchAction","target":{"@type":"EntryPoint","urlTemplate":"https:\/\/pans.krosno.pl\/inzynieriajakosci\/?s={search_term_string}"},"query-input":{"@type":"PropertyValueSpecification","valueRequired":true,"valueName":"search_term_string"}}],"inLanguage":"pl-PL"},{"@type":"Organization","@id":"https:\/\/pans.krosno.pl\/inzynieriajakosci\/#organization","name":"In\u017cynieria Jako\u015bci PANS w Kro\u015bnie","url":"https:\/\/pans.krosno.pl\/inzynieriajakosci\/","logo":{"@type":"ImageObject","inLanguage":"pl-PL","@id":"https:\/\/pans.krosno.pl\/inzynieriajakosci\/#\/schema\/logo\/image\/","url":"https:\/\/pans.krosno.pl\/inzynieriajakosci\/wp-content\/uploads\/sites\/16\/2023\/01\/Logo-PANS-2022-pelne.png","contentUrl":"https:\/\/pans.krosno.pl\/inzynieriajakosci\/wp-content\/uploads\/sites\/16\/2023\/01\/Logo-PANS-2022-pelne.png","width":3096,"height":696,"caption":"In\u017cynieria Jako\u015bci PANS w Kro\u015bnie"},"image":{"@id":"https:\/\/pans.krosno.pl\/inzynieriajakosci\/#\/schema\/logo\/image\/"}}]}},"_links":{"self":[{"href":"https:\/\/pans.krosno.pl\/inzynieriajakosci\/wp-json\/wp\/v2\/pages\/71","targetHints":{"allow":["GET"]}}],"collection":[{"href":"https:\/\/pans.krosno.pl\/inzynieriajakosci\/wp-json\/wp\/v2\/pages"}],"about":[{"href":"https:\/\/pans.krosno.pl\/inzynieriajakosci\/wp-json\/wp\/v2\/types\/page"}],"author":[{"embeddable":true,"href":"https:\/\/pans.krosno.pl\/inzynieriajakosci\/wp-json\/wp\/v2\/users\/27"}],"replies":[{"embeddable":true,"href":"https:\/\/pans.krosno.pl\/inzynieriajakosci\/wp-json\/wp\/v2\/comments?post=71"}],"version-history":[{"count":15,"href":"https:\/\/pans.krosno.pl\/inzynieriajakosci\/wp-json\/wp\/v2\/pages\/71\/revisions"}],"predecessor-version":[{"id":3854,"href":"https:\/\/pans.krosno.pl\/inzynieriajakosci\/wp-json\/wp\/v2\/pages\/71\/revisions\/3854"}],"wp:attachment":[{"href":"https:\/\/pans.krosno.pl\/inzynieriajakosci\/wp-json\/wp\/v2\/media?parent=71"}],"curies":[{"name":"wp","href":"https:\/\/api.w.org\/{rel}","templated":true}]}}