{"id":63,"date":"2020-02-26T09:43:11","date_gmt":"2020-02-26T08:43:11","guid":{"rendered":"https:\/\/pans.krosno.pl\/towaroznawstwo\/?page_id=63"},"modified":"2025-09-11T15:14:47","modified_gmt":"2025-09-11T13:14:47","slug":"programy-studiow","status":"publish","type":"page","link":"https:\/\/pans.krosno.pl\/inzynieriajakosci\/programy-studiow\/","title":{"rendered":"Programy studi\u00f3w"},"content":{"rendered":"\n<div class=\"wp-block-file\"><a id=\"wp-block-file--media-df96fb7d-5eaf-48d4-a71c-a12751d747f4\" href=\"https:\/\/pans.krosno.pl\/inzynieriajakosci\/wp-content\/uploads\/sites\/16\/2024\/10\/Program-ksztalcenia-2024-2028-Inzynieria-jakosci-Pelny.pdf\">Szczeg\u00f3\u0142owy opis programu kszta\u0142cenia od roku akademickiego 2024\/2025 (II rok)<\/a><a href=\"https:\/\/pans.krosno.pl\/inzynieriajakosci\/wp-content\/uploads\/sites\/16\/2024\/10\/Program-ksztalcenia-2024-2028-Inzynieria-jakosci-Pelny.pdf\" class=\"wp-block-file__button wp-element-button\" download aria-describedby=\"wp-block-file--media-df96fb7d-5eaf-48d4-a71c-a12751d747f4\">Pobierz<\/a><\/div>\n\n\n\n<div class=\"wp-block-file\"><a id=\"wp-block-file--media-99104182-efab-4fb5-a555-90c834d4cc98\" href=\"https:\/\/pans.krosno.pl\/inzynieriajakosci\/wp-content\/uploads\/sites\/16\/2023\/10\/Program-ksztalcenia-2023-2027-Inzynieria-jakosci-calosc-2.docx\">Szczeg\u00f3\u0142owy opis programu studi\u00f3w od roku akademickiego 2023\/2024 (III rok)<\/a><a href=\"https:\/\/pans.krosno.pl\/inzynieriajakosci\/wp-content\/uploads\/sites\/16\/2023\/10\/Program-ksztalcenia-2023-2027-Inzynieria-jakosci-calosc-2.docx\" class=\"wp-block-file__button wp-element-button\" download aria-describedby=\"wp-block-file--media-99104182-efab-4fb5-a555-90c834d4cc98\">Pobierz<\/a><\/div>\n\n\n\n<div class=\"wp-block-file\"><a id=\"wp-block-file--media-911e1f1c-2bd4-4129-9bbb-9011d7fc0208\" href=\"https:\/\/pans.krosno.pl\/towaroznawstwo\/wp-content\/uploads\/sites\/16\/2022\/11\/Program-ksztalcenia-dla-cyklu-2022-2026-I-rok-3.pdf\">Szczeg\u00f3\u0142owy opis programu studi\u00f3w od roku akademickiego 2022\/2023 (IV rok)<\/a><a href=\"https:\/\/pans.krosno.pl\/towaroznawstwo\/wp-content\/uploads\/sites\/16\/2022\/11\/Program-ksztalcenia-dla-cyklu-2022-2026-I-rok-3.pdf\" class=\"wp-block-file__button wp-element-button\" download aria-describedby=\"wp-block-file--media-911e1f1c-2bd4-4129-9bbb-9011d7fc0208\">Pobierz<\/a><\/div>\n\n\n\n<p><\/p>\n","protected":false},"excerpt":{"rendered":"","protected":false},"author":27,"featured_media":0,"parent":0,"menu_order":0,"comment_status":"closed","ping_status":"closed","template":"page-templates\/template-full-width.php","meta":{"ngg_post_thumbnail":0,"footnotes":""},"class_list":["post-63","page","type-page","status-publish","hentry"],"yoast_head":"<!-- This site is optimized with the Yoast SEO Premium plugin v27.4 (Yoast SEO v27.4) - https:\/\/yoast.com\/product\/yoast-seo-premium-wordpress\/ -->\n<title>Programy studi\u00f3w - In\u017cynieria Jako\u015bci PANS w Kro\u015bnie<\/title>\n<meta name=\"description\" content=\"Program studi\u00f3w dla cyklu 2019-2023. KPU w Kro\u015bnie\" \/>\n<meta name=\"robots\" content=\"index, follow, max-snippet:-1, max-image-preview:large, max-video-preview:-1\" \/>\n<link rel=\"canonical\" href=\"https:\/\/pans.krosno.pl\/inzynieriajakosci\/programy-studiow\/\" \/>\n<meta property=\"og:locale\" content=\"pl_PL\" \/>\n<meta property=\"og:type\" content=\"article\" \/>\n<meta property=\"og:title\" content=\"Programy studi\u00f3w\" \/>\n<meta property=\"og:description\" content=\"Program studi\u00f3w dla cyklu 2019-2023. KPU w Kro\u015bnie\" \/>\n<meta property=\"og:url\" content=\"https:\/\/pans.krosno.pl\/inzynieriajakosci\/programy-studiow\/\" \/>\n<meta property=\"og:site_name\" content=\"In\u017cynieria Jako\u015bci PANS w Kro\u015bnie\" \/>\n<meta property=\"article:modified_time\" content=\"2025-09-11T13:14:47+00:00\" \/>\n<meta name=\"twitter:card\" content=\"summary_large_image\" \/>\n<meta name=\"twitter:label1\" content=\"Szacowany czas czytania\" \/>\n\t<meta name=\"twitter:data1\" content=\"1 minuta\" \/>\n<script type=\"application\/ld+json\" class=\"yoast-schema-graph\">{\"@context\":\"https:\\\/\\\/schema.org\",\"@graph\":[{\"@type\":\"WebPage\",\"@id\":\"https:\\\/\\\/pans.krosno.pl\\\/inzynieriajakosci\\\/programy-studiow\\\/\",\"url\":\"https:\\\/\\\/pans.krosno.pl\\\/inzynieriajakosci\\\/programy-studiow\\\/\",\"name\":\"Programy studi\u00f3w - In\u017cynieria Jako\u015bci PANS w Kro\u015bnie\",\"isPartOf\":{\"@id\":\"https:\\\/\\\/pans.krosno.pl\\\/inzynieriajakosci\\\/#website\"},\"datePublished\":\"2020-02-26T08:43:11+00:00\",\"dateModified\":\"2025-09-11T13:14:47+00:00\",\"description\":\"Program studi\u00f3w dla cyklu 2019-2023. KPU w Kro\u015bnie\",\"breadcrumb\":{\"@id\":\"https:\\\/\\\/pans.krosno.pl\\\/inzynieriajakosci\\\/programy-studiow\\\/#breadcrumb\"},\"inLanguage\":\"pl-PL\",\"potentialAction\":[{\"@type\":\"ReadAction\",\"target\":[\"https:\\\/\\\/pans.krosno.pl\\\/inzynieriajakosci\\\/programy-studiow\\\/\"]}]},{\"@type\":\"BreadcrumbList\",\"@id\":\"https:\\\/\\\/pans.krosno.pl\\\/inzynieriajakosci\\\/programy-studiow\\\/#breadcrumb\",\"itemListElement\":[{\"@type\":\"ListItem\",\"position\":1,\"name\":\"Strona g\u0142\u00f3wna\",\"item\":\"https:\\\/\\\/pans.krosno.pl\\\/inzynieriajakosci\\\/\"},{\"@type\":\"ListItem\",\"position\":2,\"name\":\"Programy studi\u00f3w\"}]},{\"@type\":\"WebSite\",\"@id\":\"https:\\\/\\\/pans.krosno.pl\\\/inzynieriajakosci\\\/#website\",\"url\":\"https:\\\/\\\/pans.krosno.pl\\\/inzynieriajakosci\\\/\",\"name\":\"In\u017cynieria Jako\u015bci PANS w Kro\u015bnie\",\"description\":\"In\u017cynieria Jako\u015bci - Pa\u0144stwowa Akademia Nauk Stosowanych\",\"publisher\":{\"@id\":\"https:\\\/\\\/pans.krosno.pl\\\/inzynieriajakosci\\\/#organization\"},\"potentialAction\":[{\"@type\":\"SearchAction\",\"target\":{\"@type\":\"EntryPoint\",\"urlTemplate\":\"https:\\\/\\\/pans.krosno.pl\\\/inzynieriajakosci\\\/?s={search_term_string}\"},\"query-input\":{\"@type\":\"PropertyValueSpecification\",\"valueRequired\":true,\"valueName\":\"search_term_string\"}}],\"inLanguage\":\"pl-PL\"},{\"@type\":\"Organization\",\"@id\":\"https:\\\/\\\/pans.krosno.pl\\\/inzynieriajakosci\\\/#organization\",\"name\":\"In\u017cynieria Jako\u015bci PANS w Kro\u015bnie\",\"url\":\"https:\\\/\\\/pans.krosno.pl\\\/inzynieriajakosci\\\/\",\"logo\":{\"@type\":\"ImageObject\",\"inLanguage\":\"pl-PL\",\"@id\":\"https:\\\/\\\/pans.krosno.pl\\\/inzynieriajakosci\\\/#\\\/schema\\\/logo\\\/image\\\/\",\"url\":\"https:\\\/\\\/pans.krosno.pl\\\/inzynieriajakosci\\\/wp-content\\\/uploads\\\/sites\\\/16\\\/2023\\\/01\\\/Logo-PANS-2022-pelne.png\",\"contentUrl\":\"https:\\\/\\\/pans.krosno.pl\\\/inzynieriajakosci\\\/wp-content\\\/uploads\\\/sites\\\/16\\\/2023\\\/01\\\/Logo-PANS-2022-pelne.png\",\"width\":3096,\"height\":696,\"caption\":\"In\u017cynieria Jako\u015bci PANS w Kro\u015bnie\"},\"image\":{\"@id\":\"https:\\\/\\\/pans.krosno.pl\\\/inzynieriajakosci\\\/#\\\/schema\\\/logo\\\/image\\\/\"}}]}<\/script>\n<!-- \/ Yoast SEO Premium plugin. -->","yoast_head_json":{"title":"Programy studi\u00f3w - In\u017cynieria Jako\u015bci PANS w Kro\u015bnie","description":"Program studi\u00f3w dla cyklu 2019-2023. KPU w Kro\u015bnie","robots":{"index":"index","follow":"follow","max-snippet":"max-snippet:-1","max-image-preview":"max-image-preview:large","max-video-preview":"max-video-preview:-1"},"canonical":"https:\/\/pans.krosno.pl\/inzynieriajakosci\/programy-studiow\/","og_locale":"pl_PL","og_type":"article","og_title":"Programy studi\u00f3w","og_description":"Program studi\u00f3w dla cyklu 2019-2023. KPU w Kro\u015bnie","og_url":"https:\/\/pans.krosno.pl\/inzynieriajakosci\/programy-studiow\/","og_site_name":"In\u017cynieria Jako\u015bci PANS w Kro\u015bnie","article_modified_time":"2025-09-11T13:14:47+00:00","twitter_card":"summary_large_image","twitter_misc":{"Szacowany czas czytania":"1 minuta"},"schema":{"@context":"https:\/\/schema.org","@graph":[{"@type":"WebPage","@id":"https:\/\/pans.krosno.pl\/inzynieriajakosci\/programy-studiow\/","url":"https:\/\/pans.krosno.pl\/inzynieriajakosci\/programy-studiow\/","name":"Programy studi\u00f3w - In\u017cynieria Jako\u015bci PANS w Kro\u015bnie","isPartOf":{"@id":"https:\/\/pans.krosno.pl\/inzynieriajakosci\/#website"},"datePublished":"2020-02-26T08:43:11+00:00","dateModified":"2025-09-11T13:14:47+00:00","description":"Program studi\u00f3w dla cyklu 2019-2023. KPU w Kro\u015bnie","breadcrumb":{"@id":"https:\/\/pans.krosno.pl\/inzynieriajakosci\/programy-studiow\/#breadcrumb"},"inLanguage":"pl-PL","potentialAction":[{"@type":"ReadAction","target":["https:\/\/pans.krosno.pl\/inzynieriajakosci\/programy-studiow\/"]}]},{"@type":"BreadcrumbList","@id":"https:\/\/pans.krosno.pl\/inzynieriajakosci\/programy-studiow\/#breadcrumb","itemListElement":[{"@type":"ListItem","position":1,"name":"Strona g\u0142\u00f3wna","item":"https:\/\/pans.krosno.pl\/inzynieriajakosci\/"},{"@type":"ListItem","position":2,"name":"Programy studi\u00f3w"}]},{"@type":"WebSite","@id":"https:\/\/pans.krosno.pl\/inzynieriajakosci\/#website","url":"https:\/\/pans.krosno.pl\/inzynieriajakosci\/","name":"In\u017cynieria Jako\u015bci PANS w Kro\u015bnie","description":"In\u017cynieria Jako\u015bci - Pa\u0144stwowa Akademia Nauk Stosowanych","publisher":{"@id":"https:\/\/pans.krosno.pl\/inzynieriajakosci\/#organization"},"potentialAction":[{"@type":"SearchAction","target":{"@type":"EntryPoint","urlTemplate":"https:\/\/pans.krosno.pl\/inzynieriajakosci\/?s={search_term_string}"},"query-input":{"@type":"PropertyValueSpecification","valueRequired":true,"valueName":"search_term_string"}}],"inLanguage":"pl-PL"},{"@type":"Organization","@id":"https:\/\/pans.krosno.pl\/inzynieriajakosci\/#organization","name":"In\u017cynieria Jako\u015bci PANS w Kro\u015bnie","url":"https:\/\/pans.krosno.pl\/inzynieriajakosci\/","logo":{"@type":"ImageObject","inLanguage":"pl-PL","@id":"https:\/\/pans.krosno.pl\/inzynieriajakosci\/#\/schema\/logo\/image\/","url":"https:\/\/pans.krosno.pl\/inzynieriajakosci\/wp-content\/uploads\/sites\/16\/2023\/01\/Logo-PANS-2022-pelne.png","contentUrl":"https:\/\/pans.krosno.pl\/inzynieriajakosci\/wp-content\/uploads\/sites\/16\/2023\/01\/Logo-PANS-2022-pelne.png","width":3096,"height":696,"caption":"In\u017cynieria Jako\u015bci PANS w Kro\u015bnie"},"image":{"@id":"https:\/\/pans.krosno.pl\/inzynieriajakosci\/#\/schema\/logo\/image\/"}}]}},"_links":{"self":[{"href":"https:\/\/pans.krosno.pl\/inzynieriajakosci\/wp-json\/wp\/v2\/pages\/63","targetHints":{"allow":["GET"]}}],"collection":[{"href":"https:\/\/pans.krosno.pl\/inzynieriajakosci\/wp-json\/wp\/v2\/pages"}],"about":[{"href":"https:\/\/pans.krosno.pl\/inzynieriajakosci\/wp-json\/wp\/v2\/types\/page"}],"author":[{"embeddable":true,"href":"https:\/\/pans.krosno.pl\/inzynieriajakosci\/wp-json\/wp\/v2\/users\/27"}],"replies":[{"embeddable":true,"href":"https:\/\/pans.krosno.pl\/inzynieriajakosci\/wp-json\/wp\/v2\/comments?post=63"}],"version-history":[{"count":50,"href":"https:\/\/pans.krosno.pl\/inzynieriajakosci\/wp-json\/wp\/v2\/pages\/63\/revisions"}],"predecessor-version":[{"id":3967,"href":"https:\/\/pans.krosno.pl\/inzynieriajakosci\/wp-json\/wp\/v2\/pages\/63\/revisions\/3967"}],"wp:attachment":[{"href":"https:\/\/pans.krosno.pl\/inzynieriajakosci\/wp-json\/wp\/v2\/media?parent=63"}],"curies":[{"name":"wp","href":"https:\/\/api.w.org\/{rel}","templated":true}]}}