{"id":16,"date":"2019-10-31T11:47:30","date_gmt":"2019-10-31T10:47:30","guid":{"rendered":"https:\/\/pans.krosno.pl\/towaroznawstwo\/?page_id=16"},"modified":"2025-03-06T20:42:21","modified_gmt":"2025-03-06T19:42:21","slug":"egzamin-dyplomowy","status":"publish","type":"page","link":"https:\/\/pans.krosno.pl\/inzynieriajakosci\/egzamin-dyplomowy\/","title":{"rendered":"Egzamin dyplomowy"},"content":{"rendered":"\n<h3 class=\"wp-block-heading\" id=\"h-procedura-dyplomowania-procedura-wszjk-u-6\">Procedura dyplomowania &#8211; Procedura WSZJK-U\/6<\/h3>\n\n\n\n<p>Celem procedury jest okre\u015blenie zasad przygotowania i opracowania pracy dyplomowej w Karpackiej Pa\u0144stwowej Uczelni w Kro\u015bnie. Procedura stanowi opis procesu dyplomowania, w formie regulaminu dyplomowania, student\u00f3w realizuj\u0105cych studia pierwszego stopnia w formie stacjonarnej i niestacjonarnej w Karpackiej Pa\u0144stwowej Uczelni w Kro\u015bnie.<\/p>\n\n\n\n<div class=\"wp-block-file\"><a id=\"wp-block-file--media-9b085ee8-b30b-4f01-8173-f2c300fca508\" href=\"https:\/\/pans.krosno.pl\/inzynieriajakosci\/wp-content\/uploads\/sites\/16\/2025\/02\/Procedura-WSZJK-U.6-dyplomowania-wydanie-5-1.pdf\">Procedura-WSZJK-U.6-dyplomowania-wydanie-5-1<\/a><a href=\"https:\/\/pans.krosno.pl\/inzynieriajakosci\/wp-content\/uploads\/sites\/16\/2025\/02\/Procedura-WSZJK-U.6-dyplomowania-wydanie-5-1.pdf\" class=\"wp-block-file__button wp-element-button\" download aria-describedby=\"wp-block-file--media-9b085ee8-b30b-4f01-8173-f2c300fca508\">Pobierz<\/a><\/div>\n\n\n\n<div class=\"wp-block-file\"><a id=\"wp-block-file--media-75398694-7d3a-4c80-933c-461830142168\" href=\"https:\/\/pans.krosno.pl\/inzynieriajakosci\/wp-content\/uploads\/sites\/16\/2023\/12\/Wzor-strony-tytulowej-PANS-1.doc\">Wzor-strony-tytulowej-PANS-1<\/a><a href=\"https:\/\/pans.krosno.pl\/inzynieriajakosci\/wp-content\/uploads\/sites\/16\/2023\/12\/Wzor-strony-tytulowej-PANS-1.doc\" class=\"wp-block-file__button wp-element-button\" download aria-describedby=\"wp-block-file--media-75398694-7d3a-4c80-933c-461830142168\">Pobierz<\/a><\/div>\n\n\n\n<div class=\"wp-block-file\"><a id=\"wp-block-file--media-5edb0df4-6a9e-4354-a5f0-bd8aafa523f1\" href=\"https:\/\/pans.krosno.pl\/towaroznawstwo\/wp-content\/uploads\/sites\/16\/2021\/02\/Szczegolowe-kryteria-oceny-egzamnu-dyplomwoego-jego-czesci-pierwszej-i-drugiej-na-kierunku-Towaroznawstwo.docx\">Szczegolowe-kryteria-oceny-egzamnu-dyplomwoego-jego-czesci-pierwszej-i-drugiej-na-kierunku-Towaroznawstwo<\/a><a href=\"https:\/\/pans.krosno.pl\/towaroznawstwo\/wp-content\/uploads\/sites\/16\/2021\/02\/Szczegolowe-kryteria-oceny-egzamnu-dyplomwoego-jego-czesci-pierwszej-i-drugiej-na-kierunku-Towaroznawstwo.docx\" class=\"wp-block-file__button wp-element-button\" download aria-describedby=\"wp-block-file--media-5edb0df4-6a9e-4354-a5f0-bd8aafa523f1\">Pobierz<\/a><\/div>\n\n\n\n<div class=\"wp-block-file\"><a id=\"wp-block-file--media-0d9df861-b4c4-4f3d-acd4-660a74bb2cd3\" href=\"https:\/\/pans.krosno.pl\/towaroznawstwo\/wp-content\/uploads\/sites\/16\/2023\/02\/zestaw_pytan_do_egzaminu_dyplomowego-22-23.docx\">zestaw_pytan_do_egzaminu_dyplomowego-22-23<\/a><a href=\"https:\/\/pans.krosno.pl\/towaroznawstwo\/wp-content\/uploads\/sites\/16\/2023\/02\/zestaw_pytan_do_egzaminu_dyplomowego-22-23.docx\" class=\"wp-block-file__button wp-element-button\" download aria-describedby=\"wp-block-file--media-0d9df861-b4c4-4f3d-acd4-660a74bb2cd3\">Pobierz<\/a><\/div>\n\n\n\n<div class=\"wp-block-file\"><a id=\"wp-block-file--media-6059c1f0-221f-4c5d-a65a-8b87eb543318\" href=\"https:\/\/pans.krosno.pl\/towaroznawstwo\/wp-content\/uploads\/sites\/16\/2022\/06\/DEFINICJA-PRACY-DYPLOMOWEJ-inz.-TOWAROZNAWSTWO-9.06.22r.docx\">DEFINICJA-PRACY-DYPLOMOWEJ-inz.-TOWAROZNAWSTWO-9.06.22r<\/a><a href=\"https:\/\/pans.krosno.pl\/towaroznawstwo\/wp-content\/uploads\/sites\/16\/2022\/06\/DEFINICJA-PRACY-DYPLOMOWEJ-inz.-TOWAROZNAWSTWO-9.06.22r.docx\" class=\"wp-block-file__button wp-element-button\" download aria-describedby=\"wp-block-file--media-6059c1f0-221f-4c5d-a65a-8b87eb543318\">Pobierz<\/a><\/div>\n\n\n\n<p><\/p>\n","protected":false},"excerpt":{"rendered":"<p>Procedura dyplomowania &#8211; Procedura WSZJK-U\/6 Celem procedury jest okre\u015blenie zasad przygotowania i opracowania pracy dyplomowej w Karpackiej Pa\u0144stwowej Uczelni w Kro\u015bnie. Procedura stanowi opis procesu dyplomowania, w formie regulaminu dyplomowania, student\u00f3w realizuj\u0105cych studia pierwszego stopnia w formie stacjonarnej i niestacjonarnej w Karpackiej Pa\u0144stwowej Uczelni w Kro\u015bnie.<\/p>\n","protected":false},"author":27,"featured_media":0,"parent":0,"menu_order":0,"comment_status":"closed","ping_status":"closed","template":"page-templates\/template-full-width.php","meta":{"ngg_post_thumbnail":0,"footnotes":""},"class_list":["post-16","page","type-page","status-publish","hentry"],"yoast_head":"<!-- This site is optimized with the Yoast SEO Premium plugin v27.4 (Yoast SEO v27.4) - https:\/\/yoast.com\/product\/yoast-seo-premium-wordpress\/ -->\n<title>Egzamin dyplomowy - In\u017cynieria Jako\u015bci PANS w Kro\u015bnie<\/title>\n<meta name=\"description\" content=\"Celem procedury jest okre\u015blenie zasad przygotowania i opracowania pracy dyplomowej w Karpackiej Pa\u0144stwowej Uczelni w Kro\u015bnie.\" \/>\n<meta name=\"robots\" content=\"index, follow, max-snippet:-1, max-image-preview:large, max-video-preview:-1\" \/>\n<link rel=\"canonical\" href=\"https:\/\/pans.krosno.pl\/inzynieriajakosci\/egzamin-dyplomowy\/\" \/>\n<meta property=\"og:locale\" content=\"pl_PL\" \/>\n<meta property=\"og:type\" content=\"article\" \/>\n<meta property=\"og:title\" content=\"Egzamin dyplomowy\" \/>\n<meta property=\"og:description\" content=\"Celem procedury jest okre\u015blenie zasad przygotowania i opracowania pracy dyplomowej w Karpackiej Pa\u0144stwowej Uczelni w Kro\u015bnie.\" \/>\n<meta property=\"og:url\" content=\"https:\/\/pans.krosno.pl\/inzynieriajakosci\/egzamin-dyplomowy\/\" \/>\n<meta property=\"og:site_name\" content=\"In\u017cynieria Jako\u015bci PANS w Kro\u015bnie\" \/>\n<meta property=\"article:modified_time\" content=\"2025-03-06T19:42:21+00:00\" \/>\n<meta name=\"twitter:card\" content=\"summary_large_image\" \/>\n<meta name=\"twitter:label1\" content=\"Szacowany czas czytania\" \/>\n\t<meta name=\"twitter:data1\" content=\"1 minuta\" \/>\n<script type=\"application\/ld+json\" class=\"yoast-schema-graph\">{\"@context\":\"https:\\\/\\\/schema.org\",\"@graph\":[{\"@type\":\"WebPage\",\"@id\":\"https:\\\/\\\/pans.krosno.pl\\\/inzynieriajakosci\\\/egzamin-dyplomowy\\\/\",\"url\":\"https:\\\/\\\/pans.krosno.pl\\\/inzynieriajakosci\\\/egzamin-dyplomowy\\\/\",\"name\":\"Egzamin dyplomowy - In\u017cynieria Jako\u015bci PANS w Kro\u015bnie\",\"isPartOf\":{\"@id\":\"https:\\\/\\\/pans.krosno.pl\\\/inzynieriajakosci\\\/#website\"},\"datePublished\":\"2019-10-31T10:47:30+00:00\",\"dateModified\":\"2025-03-06T19:42:21+00:00\",\"description\":\"Celem procedury jest okre\u015blenie zasad przygotowania i opracowania pracy dyplomowej w Karpackiej Pa\u0144stwowej Uczelni w Kro\u015bnie.\",\"breadcrumb\":{\"@id\":\"https:\\\/\\\/pans.krosno.pl\\\/inzynieriajakosci\\\/egzamin-dyplomowy\\\/#breadcrumb\"},\"inLanguage\":\"pl-PL\",\"potentialAction\":[{\"@type\":\"ReadAction\",\"target\":[\"https:\\\/\\\/pans.krosno.pl\\\/inzynieriajakosci\\\/egzamin-dyplomowy\\\/\"]}]},{\"@type\":\"BreadcrumbList\",\"@id\":\"https:\\\/\\\/pans.krosno.pl\\\/inzynieriajakosci\\\/egzamin-dyplomowy\\\/#breadcrumb\",\"itemListElement\":[{\"@type\":\"ListItem\",\"position\":1,\"name\":\"Strona g\u0142\u00f3wna\",\"item\":\"https:\\\/\\\/pans.krosno.pl\\\/inzynieriajakosci\\\/\"},{\"@type\":\"ListItem\",\"position\":2,\"name\":\"Egzamin dyplomowy\"}]},{\"@type\":\"WebSite\",\"@id\":\"https:\\\/\\\/pans.krosno.pl\\\/inzynieriajakosci\\\/#website\",\"url\":\"https:\\\/\\\/pans.krosno.pl\\\/inzynieriajakosci\\\/\",\"name\":\"In\u017cynieria Jako\u015bci PANS w Kro\u015bnie\",\"description\":\"In\u017cynieria Jako\u015bci - Pa\u0144stwowa Akademia Nauk Stosowanych\",\"publisher\":{\"@id\":\"https:\\\/\\\/pans.krosno.pl\\\/inzynieriajakosci\\\/#organization\"},\"potentialAction\":[{\"@type\":\"SearchAction\",\"target\":{\"@type\":\"EntryPoint\",\"urlTemplate\":\"https:\\\/\\\/pans.krosno.pl\\\/inzynieriajakosci\\\/?s={search_term_string}\"},\"query-input\":{\"@type\":\"PropertyValueSpecification\",\"valueRequired\":true,\"valueName\":\"search_term_string\"}}],\"inLanguage\":\"pl-PL\"},{\"@type\":\"Organization\",\"@id\":\"https:\\\/\\\/pans.krosno.pl\\\/inzynieriajakosci\\\/#organization\",\"name\":\"In\u017cynieria Jako\u015bci PANS w Kro\u015bnie\",\"url\":\"https:\\\/\\\/pans.krosno.pl\\\/inzynieriajakosci\\\/\",\"logo\":{\"@type\":\"ImageObject\",\"inLanguage\":\"pl-PL\",\"@id\":\"https:\\\/\\\/pans.krosno.pl\\\/inzynieriajakosci\\\/#\\\/schema\\\/logo\\\/image\\\/\",\"url\":\"https:\\\/\\\/pans.krosno.pl\\\/inzynieriajakosci\\\/wp-content\\\/uploads\\\/sites\\\/16\\\/2023\\\/01\\\/Logo-PANS-2022-pelne.png\",\"contentUrl\":\"https:\\\/\\\/pans.krosno.pl\\\/inzynieriajakosci\\\/wp-content\\\/uploads\\\/sites\\\/16\\\/2023\\\/01\\\/Logo-PANS-2022-pelne.png\",\"width\":3096,\"height\":696,\"caption\":\"In\u017cynieria Jako\u015bci PANS w Kro\u015bnie\"},\"image\":{\"@id\":\"https:\\\/\\\/pans.krosno.pl\\\/inzynieriajakosci\\\/#\\\/schema\\\/logo\\\/image\\\/\"}}]}<\/script>\n<!-- \/ Yoast SEO Premium plugin. -->","yoast_head_json":{"title":"Egzamin dyplomowy - In\u017cynieria Jako\u015bci PANS w Kro\u015bnie","description":"Celem procedury jest okre\u015blenie zasad przygotowania i opracowania pracy dyplomowej w Karpackiej Pa\u0144stwowej Uczelni w Kro\u015bnie.","robots":{"index":"index","follow":"follow","max-snippet":"max-snippet:-1","max-image-preview":"max-image-preview:large","max-video-preview":"max-video-preview:-1"},"canonical":"https:\/\/pans.krosno.pl\/inzynieriajakosci\/egzamin-dyplomowy\/","og_locale":"pl_PL","og_type":"article","og_title":"Egzamin dyplomowy","og_description":"Celem procedury jest okre\u015blenie zasad przygotowania i opracowania pracy dyplomowej w Karpackiej Pa\u0144stwowej Uczelni w Kro\u015bnie.","og_url":"https:\/\/pans.krosno.pl\/inzynieriajakosci\/egzamin-dyplomowy\/","og_site_name":"In\u017cynieria Jako\u015bci PANS w Kro\u015bnie","article_modified_time":"2025-03-06T19:42:21+00:00","twitter_card":"summary_large_image","twitter_misc":{"Szacowany czas czytania":"1 minuta"},"schema":{"@context":"https:\/\/schema.org","@graph":[{"@type":"WebPage","@id":"https:\/\/pans.krosno.pl\/inzynieriajakosci\/egzamin-dyplomowy\/","url":"https:\/\/pans.krosno.pl\/inzynieriajakosci\/egzamin-dyplomowy\/","name":"Egzamin dyplomowy - In\u017cynieria Jako\u015bci PANS w Kro\u015bnie","isPartOf":{"@id":"https:\/\/pans.krosno.pl\/inzynieriajakosci\/#website"},"datePublished":"2019-10-31T10:47:30+00:00","dateModified":"2025-03-06T19:42:21+00:00","description":"Celem procedury jest okre\u015blenie zasad przygotowania i opracowania pracy dyplomowej w Karpackiej Pa\u0144stwowej Uczelni w Kro\u015bnie.","breadcrumb":{"@id":"https:\/\/pans.krosno.pl\/inzynieriajakosci\/egzamin-dyplomowy\/#breadcrumb"},"inLanguage":"pl-PL","potentialAction":[{"@type":"ReadAction","target":["https:\/\/pans.krosno.pl\/inzynieriajakosci\/egzamin-dyplomowy\/"]}]},{"@type":"BreadcrumbList","@id":"https:\/\/pans.krosno.pl\/inzynieriajakosci\/egzamin-dyplomowy\/#breadcrumb","itemListElement":[{"@type":"ListItem","position":1,"name":"Strona g\u0142\u00f3wna","item":"https:\/\/pans.krosno.pl\/inzynieriajakosci\/"},{"@type":"ListItem","position":2,"name":"Egzamin dyplomowy"}]},{"@type":"WebSite","@id":"https:\/\/pans.krosno.pl\/inzynieriajakosci\/#website","url":"https:\/\/pans.krosno.pl\/inzynieriajakosci\/","name":"In\u017cynieria Jako\u015bci PANS w Kro\u015bnie","description":"In\u017cynieria Jako\u015bci - Pa\u0144stwowa Akademia Nauk Stosowanych","publisher":{"@id":"https:\/\/pans.krosno.pl\/inzynieriajakosci\/#organization"},"potentialAction":[{"@type":"SearchAction","target":{"@type":"EntryPoint","urlTemplate":"https:\/\/pans.krosno.pl\/inzynieriajakosci\/?s={search_term_string}"},"query-input":{"@type":"PropertyValueSpecification","valueRequired":true,"valueName":"search_term_string"}}],"inLanguage":"pl-PL"},{"@type":"Organization","@id":"https:\/\/pans.krosno.pl\/inzynieriajakosci\/#organization","name":"In\u017cynieria Jako\u015bci PANS w Kro\u015bnie","url":"https:\/\/pans.krosno.pl\/inzynieriajakosci\/","logo":{"@type":"ImageObject","inLanguage":"pl-PL","@id":"https:\/\/pans.krosno.pl\/inzynieriajakosci\/#\/schema\/logo\/image\/","url":"https:\/\/pans.krosno.pl\/inzynieriajakosci\/wp-content\/uploads\/sites\/16\/2023\/01\/Logo-PANS-2022-pelne.png","contentUrl":"https:\/\/pans.krosno.pl\/inzynieriajakosci\/wp-content\/uploads\/sites\/16\/2023\/01\/Logo-PANS-2022-pelne.png","width":3096,"height":696,"caption":"In\u017cynieria Jako\u015bci PANS w Kro\u015bnie"},"image":{"@id":"https:\/\/pans.krosno.pl\/inzynieriajakosci\/#\/schema\/logo\/image\/"}}]}},"_links":{"self":[{"href":"https:\/\/pans.krosno.pl\/inzynieriajakosci\/wp-json\/wp\/v2\/pages\/16","targetHints":{"allow":["GET"]}}],"collection":[{"href":"https:\/\/pans.krosno.pl\/inzynieriajakosci\/wp-json\/wp\/v2\/pages"}],"about":[{"href":"https:\/\/pans.krosno.pl\/inzynieriajakosci\/wp-json\/wp\/v2\/types\/page"}],"author":[{"embeddable":true,"href":"https:\/\/pans.krosno.pl\/inzynieriajakosci\/wp-json\/wp\/v2\/users\/27"}],"replies":[{"embeddable":true,"href":"https:\/\/pans.krosno.pl\/inzynieriajakosci\/wp-json\/wp\/v2\/comments?post=16"}],"version-history":[{"count":26,"href":"https:\/\/pans.krosno.pl\/inzynieriajakosci\/wp-json\/wp\/v2\/pages\/16\/revisions"}],"predecessor-version":[{"id":3859,"href":"https:\/\/pans.krosno.pl\/inzynieriajakosci\/wp-json\/wp\/v2\/pages\/16\/revisions\/3859"}],"wp:attachment":[{"href":"https:\/\/pans.krosno.pl\/inzynieriajakosci\/wp-json\/wp\/v2\/media?parent=16"}],"curies":[{"name":"wp","href":"https:\/\/api.w.org\/{rel}","templated":true}]}}