{"id":15,"date":"2019-10-31T11:47:30","date_gmt":"2019-10-31T10:47:30","guid":{"rendered":"https:\/\/pans.krosno.pl\/towaroznawstwo\/?page_id=15"},"modified":"2025-03-15T11:06:54","modified_gmt":"2025-03-15T10:06:54","slug":"praktyki-zawodowe","status":"publish","type":"page","link":"https:\/\/pans.krosno.pl\/inzynieriajakosci\/praktyki-zawodowe\/","title":{"rendered":"Praktyki zawodowe"},"content":{"rendered":"\n<h2 class=\"wp-block-heading\" id=\"h-praktyki-zawodowe-inzynieria-jakosci-w-przedsiebiorstwie\">Praktyki zawodowe In\u017cynieria Jako\u015bci w Przedsi\u0119biorstwie<\/h2>\n\n\n\n<p>Regulamin praktyk studenckich<\/p>\n\n\n\n<p><strong>Zarz\u0105dzenie Rektora nr 19\/23 w sprawie zmiany Regulaminu praktyk studenckich w Karpackiej Pa\u0144stwowej Uczelni<\/strong> <strong>w Kro\u015bnie<\/strong><\/p>\n\n\n\n<div class=\"wp-block-file\"><a id=\"wp-block-file--media-f3574b35-7e55-4037-9886-c186a6bbd66d\" href=\"https:\/\/pans.krosno.pl\/inzynieriajakosci\/wp-content\/uploads\/sites\/16\/2024\/03\/Zalacznik-zarzadzenie-19_23.pdf\">Zalacznik-zarzadzenie-19_23<\/a><a href=\"https:\/\/pans.krosno.pl\/inzynieriajakosci\/wp-content\/uploads\/sites\/16\/2024\/03\/Zalacznik-zarzadzenie-19_23.pdf\" class=\"wp-block-file__button wp-element-button\" download aria-describedby=\"wp-block-file--media-f3574b35-7e55-4037-9886-c186a6bbd66d\">Pobierz<\/a><\/div>\n\n\n\n<div class=\"wp-block-file\"><a id=\"wp-block-file--media-d83ab624-8a69-4813-add4-66a1a89fe0da\" href=\"https:\/\/pans.krosno.pl\/inzynieriajakosci\/wp-content\/uploads\/sites\/16\/2024\/03\/Zarzadzenie-19_23.pdf\">Zarzadzenie-19_23<\/a><a href=\"https:\/\/pans.krosno.pl\/inzynieriajakosci\/wp-content\/uploads\/sites\/16\/2024\/03\/Zarzadzenie-19_23.pdf\" class=\"wp-block-file__button wp-element-button\" download aria-describedby=\"wp-block-file--media-d83ab624-8a69-4813-add4-66a1a89fe0da\">Pobierz<\/a><\/div>\n\n\n\n<div class=\"wp-block-file\"><a id=\"wp-block-file--media-1c3309d1-008d-4a72-8619-d71e90cce960\" href=\"https:\/\/pans.krosno.pl\/inzynieriajakosci\/wp-content\/uploads\/sites\/16\/2025\/03\/Kierunkowy-program-praktyk-studenckich-NOWY-REGULAMIN-7-1.doc\">Kierunkowy-program-praktyk-studenckich-NOWY-REGULAMIN-7 (1)<\/a><a href=\"https:\/\/pans.krosno.pl\/inzynieriajakosci\/wp-content\/uploads\/sites\/16\/2025\/03\/Kierunkowy-program-praktyk-studenckich-NOWY-REGULAMIN-7-1.doc\" class=\"wp-block-file__button wp-element-button\" download aria-describedby=\"wp-block-file--media-1c3309d1-008d-4a72-8619-d71e90cce960\">Pobierz<\/a><\/div>\n\n\n\n<p>Aby zorganizowa\u0107 praktyki zawodowe na kierunku In\u017cynieria jako\u015bci w przedsi\u0119biorstwie &nbsp;nale\u017cy post\u0119powa\u0107 wed\u0142ug poni\u017cszych krok\u00f3w:<\/p>\n\n\n\n<p><strong>KROK 1: Wyb\u00f3r przedsi\u0119biorstwa w oparciu o w\u0142a\u015bciwy program praktyk<\/strong><\/p>\n\n\n\n<p>Dla student\u00f3w 1 roku obowi\u0105zuje program praktyki zawodowej cz. 1.<\/p>\n\n\n\n<div class=\"wp-block-file\"><a id=\"wp-block-file--media-311f2055-351f-446f-9eab-8b52b281595f\" href=\"https:\/\/pans.krosno.pl\/inzynieriajakosci\/wp-content\/uploads\/sites\/16\/2024\/03\/Program-praktyki-zawodowej-czesc-I-IJwP-1.docx\">Program-praktyki-zawodowej-czesc-I-IJwP-1<\/a><a href=\"https:\/\/pans.krosno.pl\/inzynieriajakosci\/wp-content\/uploads\/sites\/16\/2024\/03\/Program-praktyki-zawodowej-czesc-I-IJwP-1.docx\" class=\"wp-block-file__button wp-element-button\" download aria-describedby=\"wp-block-file--media-311f2055-351f-446f-9eab-8b52b281595f\">Pobierz<\/a><\/div>\n\n\n\n<p>&nbsp;&nbsp;&nbsp;&nbsp;&nbsp;&nbsp;&nbsp;&nbsp;&nbsp;&nbsp;&nbsp; Student musi wybra\u0107 takie przedsi\u0119biorstwo, w kt\u00f3rym b\u0119dzie w stanie zapozna\u0107 si\u0119 z zagadnieniami opisanymi w programie praktyk. Najlepiej skonsultowa\u0107 program praktyki z pracownikiem przedsi\u0119biorstwa na samym pocz\u0105tku, jeszcze przed przyst\u0105pieniem do przygotowywania dokument\u00f3w. &nbsp;<\/p>\n\n\n\n<p>Wyb\u00f3r przedsi\u0119biorstwa nale\u017cy skonsultowa\u0107 z uczelnianym opiekunem praktyk, kt\u00f3ry udzieli informacji czy uczelnia ma z tym przedsi\u0119biorstwem podpisan\u0105 umow\u0119. Na kierunku In\u017cynieria jako\u015bci w przedsi\u0119biorstwie uczelnianym opiekunem praktyk jest dr in\u017c. Jolanta Baran<\/p>\n\n\n\n<p><strong>KROK 2: Przygotowanie niezb\u0119dnych dokument\u00f3w<\/strong><\/p>\n\n\n\n<p>&nbsp;&nbsp;&nbsp;&nbsp;&nbsp;&nbsp;&nbsp;&nbsp;&nbsp;&nbsp;&nbsp; W przypadku gdy uczelnia nie ma podpisanej umowy z przedsi\u0119biorstwem, student organizuje praktyk\u0119 samodzielnie. Aby to zrobi\u0107 nale\u017cy:<\/p>\n\n\n\n<ul class=\"wp-block-list\">\n<li>Z\u0142o\u017cy\u0107 do Kierownika Zak\u0142adu In\u017cynierii Jako\u015bci podanie o wyra\u017cenie zgody na samodzielne organizowanie praktyki<\/li>\n<\/ul>\n\n\n\n<div class=\"wp-block-file\"><a id=\"wp-block-file--media-774367dc-58a4-4014-9429-d2ab19c023e9\" href=\"https:\/\/pans.krosno.pl\/inzynieriajakosci\/wp-content\/uploads\/sites\/16\/2025\/03\/zalacznik-II.-Podanie_o_wyrazenie_zgody_na_sam_org._praktyki-3-5.doc\">zalacznik-II.&#8211;Podanie_o_wyrazenie_zgody_na_sam_org._praktyki-3 (5)<\/a><a href=\"https:\/\/pans.krosno.pl\/inzynieriajakosci\/wp-content\/uploads\/sites\/16\/2025\/03\/zalacznik-II.-Podanie_o_wyrazenie_zgody_na_sam_org._praktyki-3-5.doc\" class=\"wp-block-file__button wp-element-button\" download aria-describedby=\"wp-block-file--media-774367dc-58a4-4014-9429-d2ab19c023e9\">Pobierz<\/a><\/div>\n\n\n\n<p>Uzyska\u0107 w firmie O\u015bwiadczenie o przyj\u0119ciu na praktyk\u0119<\/p>\n\n\n\n<div class=\"wp-block-file\"><a id=\"wp-block-file--media-135d22cd-0eab-4a94-accf-6886b9b0bf0f\" href=\"https:\/\/pans.krosno.pl\/inzynieriajakosci\/wp-content\/uploads\/sites\/16\/2024\/03\/Zal-IIa-oswiadczenie-o-przyjeciu-na-praktyke.docx\">Zal-IIa-oswiadczenie-o-przyjeciu-na-praktyke<\/a><a href=\"https:\/\/pans.krosno.pl\/inzynieriajakosci\/wp-content\/uploads\/sites\/16\/2024\/03\/Zal-IIa-oswiadczenie-o-przyjeciu-na-praktyke.docx\" class=\"wp-block-file__button wp-element-button\" download aria-describedby=\"wp-block-file--media-135d22cd-0eab-4a94-accf-6886b9b0bf0f\">Pobierz<\/a><\/div>\n\n\n\n<ul class=\"wp-block-list\">\n<li>Z\u0142o\u017cy\u0107 do uczelnianego opiekuna praktyk O\u015bwiadczenie o posiadaniu ubezpieczenia NNW. Ubezpieczenie powinno by\u0107 wa\u017cne w trakcie okresu realizowanej praktyki.<\/li>\n<\/ul>\n\n\n\n<div class=\"wp-block-file\"><a id=\"wp-block-file--media-c0350be0-d3ac-44e0-ba7e-1a8ed17cb96f\" href=\"https:\/\/pans.krosno.pl\/inzynieriajakosci\/wp-content\/uploads\/sites\/16\/2024\/03\/Zalacznik-1c-Oswiadczenie-o-posiadaniu-ubezpieczenia-NNW-1.doc\">Zalacznik-1c-Oswiadczenie-o-posiadaniu-ubezpieczenia-NNW-1<\/a><a href=\"https:\/\/pans.krosno.pl\/inzynieriajakosci\/wp-content\/uploads\/sites\/16\/2024\/03\/Zalacznik-1c-Oswiadczenie-o-posiadaniu-ubezpieczenia-NNW-1.doc\" class=\"wp-block-file__button wp-element-button\" download aria-describedby=\"wp-block-file--media-c0350be0-d3ac-44e0-ba7e-1a8ed17cb96f\">Pobierz<\/a><\/div>\n\n\n\n<p>W przypadku gdy uczelnia ma podpisan\u0105 umow\u0119 z przedsi\u0119biorstwem, w\u00f3wczas nale\u017cy:<\/p>\n\n\n\n<ul class=\"wp-block-list\">\n<li>Zg\u0142osi\u0107 si\u0119 do uczelnianego opiekuna po skierowanie na praktyk\u0119.<\/li>\n\n\n\n<li>Uzyska\u0107 w firmie O\u015bwiadczenie o przyj\u0119ciu na praktyk\u0119<\/li>\n<\/ul>\n\n\n\n<div class=\"wp-block-file\"><a id=\"wp-block-file--media-74b49cb2-833f-4ea6-b256-468afe348d5c\" href=\"https:\/\/pans.krosno.pl\/inzynieriajakosci\/wp-content\/uploads\/sites\/16\/2024\/03\/Zalacznik-1a-i-1b-\u2013-Skierowanie-na-praktyke-i-oswiadczenie-o-przyjeciu-na-praktyke.doc\">Zalacznik-1a-i-1b-\u2013-Skierowanie-na-praktyke-i-oswiadczenie-o-przyjeciu-na-praktyke<\/a><a href=\"https:\/\/pans.krosno.pl\/inzynieriajakosci\/wp-content\/uploads\/sites\/16\/2024\/03\/Zalacznik-1a-i-1b-\u2013-Skierowanie-na-praktyke-i-oswiadczenie-o-przyjeciu-na-praktyke.doc\" class=\"wp-block-file__button wp-element-button\" download aria-describedby=\"wp-block-file--media-74b49cb2-833f-4ea6-b256-468afe348d5c\">Pobierz<\/a><\/div>\n\n\n\n<ul class=\"wp-block-list\">\n<li>Z\u0142o\u017cy\u0107 do uczelnianego opiekuna praktyk O\u015bwiadczenie o posiadaniu ubezpieczenia NNW. Ubezpieczenie powinno by\u0107 wa\u017cne w trakcie okresu realizowanej praktyki.<\/li>\n<\/ul>\n\n\n\n<div class=\"wp-block-file\"><a id=\"wp-block-file--media-0747a528-31f7-4135-829a-f32069dfb6be\" href=\"https:\/\/pans.krosno.pl\/inzynieriajakosci\/wp-content\/uploads\/sites\/16\/2024\/03\/Zalacznik-1c-Oswiadczenie-o-posiadaniu-ubezpieczenia-NNW-1-1.doc\">Zalacznik-1c-Oswiadczenie-o-posiadaniu-ubezpieczenia-NNW-1-1<\/a><a href=\"https:\/\/pans.krosno.pl\/inzynieriajakosci\/wp-content\/uploads\/sites\/16\/2024\/03\/Zalacznik-1c-Oswiadczenie-o-posiadaniu-ubezpieczenia-NNW-1-1.doc\" class=\"wp-block-file__button wp-element-button\" download aria-describedby=\"wp-block-file--media-0747a528-31f7-4135-829a-f32069dfb6be\">Pobierz<\/a><\/div>\n\n\n\n<p>W przypadku gdy student planuje zaliczy\u0107 praktyk\u0119 w przedsi\u0119biorstwie, w kt\u00f3rym pracuje, w\u00f3wczas nale\u017cy:<\/p>\n\n\n\n<ul class=\"wp-block-list\">\n<li>z\u0142o\u017cy\u0107 do uczelnianego opiekuna Podanie o ocen\u0119 zbie\u017cno\u015bci efekt\u00f3w uczenia si\u0119 wraz z za\u0142\u0105cznikami wymienionymi w podaniu (albo dokumentami r\u00f3wnowa\u017cnymi do za\u0142\u0105cznik\u00f3w)&nbsp; &nbsp;&nbsp;<\/li>\n<\/ul>\n\n\n\n<div class=\"wp-block-file\"><a id=\"wp-block-file--media-27c1e739-3555-4cba-a5f8-01f2cb4457bb\" href=\"https:\/\/pans.krosno.pl\/inzynieriajakosci\/wp-content\/uploads\/sites\/16\/2024\/03\/Zalacznik-4a-\u2013-podanie-studenta-o-zaliczenie-praktyk-w-ramach-zatrudnienia.doc\">Zalacznik-4a-\u2013-podanie-studenta-o-zaliczenie-praktyk-w-ramach-zatrudnienia<\/a><a href=\"https:\/\/pans.krosno.pl\/inzynieriajakosci\/wp-content\/uploads\/sites\/16\/2024\/03\/Zalacznik-4a-\u2013-podanie-studenta-o-zaliczenie-praktyk-w-ramach-zatrudnienia.doc\" class=\"wp-block-file__button wp-element-button\" download aria-describedby=\"wp-block-file--media-27c1e739-3555-4cba-a5f8-01f2cb4457bb\">Pobierz<\/a><\/div>\n\n\n\n<div class=\"wp-block-file\"><a id=\"wp-block-file--media-7baa7b0e-8692-479f-9e0a-b88de2f87924\" href=\"https:\/\/pans.krosno.pl\/inzynieriajakosci\/wp-content\/uploads\/sites\/16\/2024\/03\/Zalacznik-4b-\u2013-zaswiadczenie-pracodawcy.doc\">Zalacznik-4b-\u2013-zaswiadczenie-pracodawcy<\/a><a href=\"https:\/\/pans.krosno.pl\/inzynieriajakosci\/wp-content\/uploads\/sites\/16\/2024\/03\/Zalacznik-4b-\u2013-zaswiadczenie-pracodawcy.doc\" class=\"wp-block-file__button wp-element-button\" download aria-describedby=\"wp-block-file--media-7baa7b0e-8692-479f-9e0a-b88de2f87924\">Pobierz<\/a><\/div>\n\n\n\n<div class=\"wp-block-file\"><a id=\"wp-block-file--media-322289c0-58ca-4046-b7e0-244d9ebcbe33\" href=\"https:\/\/pans.krosno.pl\/inzynieriajakosci\/wp-content\/uploads\/sites\/16\/2024\/03\/Zalacznik-4c-\u2013-oswiadczenie-o-wykonywanych-czynnosciach.doc\">Zalacznik-4c-\u2013-oswiadczenie-o-wykonywanych-czynnosciach<\/a><a href=\"https:\/\/pans.krosno.pl\/inzynieriajakosci\/wp-content\/uploads\/sites\/16\/2024\/03\/Zalacznik-4c-\u2013-oswiadczenie-o-wykonywanych-czynnosciach.doc\" class=\"wp-block-file__button wp-element-button\" download aria-describedby=\"wp-block-file--media-322289c0-58ca-4046-b7e0-244d9ebcbe33\">Pobierz<\/a><\/div>\n\n\n\n<p><strong>KROK 3:<\/strong> <strong>Podpisanie porozumienia.<\/strong><\/p>\n\n\n\n<p>&nbsp;&nbsp;&nbsp;&nbsp;&nbsp;&nbsp;&nbsp;&nbsp;&nbsp;&nbsp;&nbsp; Na podstawie przed\u0142o\u017conych dokument\u00f3w Opiekun z ramienia Uczelni przygotowuje porozumienie, kt\u00f3re student powinien odebra\u0107, dostarczy\u0107 do podpisania w przedsi\u0119biorstwie i zwr\u00f3ci\u0107 podpisane na Uczelni\u0119.&nbsp;<\/p>\n\n\n\n<p><strong>KROK 4:<\/strong> <strong>Realizacja praktyki<\/strong><\/p>\n\n\n\n<p>&nbsp;&nbsp;&nbsp;&nbsp;&nbsp;&nbsp;&nbsp;&nbsp;&nbsp;&nbsp;&nbsp; Przed udaniem si\u0119 na praktyki student musi od uczelnianego opiekuna praktyk odebra\u0107 dzienniczek.<\/p>\n\n\n\n<p>Student w trakcie praktyki ma obowi\u0105zek codziennie ewidencjonowa\u0107 w dzienniczku przebieg praktyki. Ka\u017cda strona w dzienniczku powinna by\u0107 podpisana przez opiekuna praktyk z ramienia przedsi\u0119biorstwa.<\/p>\n\n\n\n<p>Na ko\u0144cu dzienniczka w sekcji na notatki opiekun w przedsi\u0119biorstwie powinien napisa\u0107 opini\u0119 o studencie (jak realizowa\u0142 praktyki, czy by\u0142 zaanga\u017cowany) i wystawi\u0107 ocen\u0119 za realizacj\u0119 praktyki.<\/p>\n\n\n\n<p><strong>KROK 5:<\/strong> <strong>Wype\u0142nienie Karty weryfikacji efekt\u00f3w uczenia si\u0119<\/strong><\/p>\n\n\n\n<p>Pod koniec realizacji praktyki opiekun z ramienia przedsi\u0119biorstwa dokonuje oceny w jakim stopniu praktykant naby\u0142 poszczeg\u00f3lne efekty uczenia si\u0119. Dokument podpisany przez opiekuna w przedsi\u0119biorstwie nale\u017cy z\u0142o\u017cy\u0107 do podpisu przy zaliczeniu praktyki na Uczelni.<\/p>\n\n\n\n<p>Dla student\u00f3w 1 roku obowi\u0105zuje Karta weryfikacji efekt\u00f3w uczenia si\u0119.<\/p>\n\n\n\n<div class=\"wp-block-file\"><a id=\"wp-block-file--media-9951a3c3-c00c-4424-9505-653566898a96\" href=\"https:\/\/pans.krosno.pl\/inzynieriajakosci\/wp-content\/uploads\/sites\/16\/2025\/03\/Zalacznik-3.1-\u2013-Karta-weryfikacji-efektow-uczenia-sie-P.Z.-czesc-I.doc\">Za\u0142\u0105cznik 3.1 \u2013 Karta weryfikacji efekt\u00f3w uczenia si\u0119 P.Z. cz\u0119\u015b\u0107 I<\/a><a href=\"https:\/\/pans.krosno.pl\/inzynieriajakosci\/wp-content\/uploads\/sites\/16\/2025\/03\/Zalacznik-3.1-\u2013-Karta-weryfikacji-efektow-uczenia-sie-P.Z.-czesc-I.doc\" class=\"wp-block-file__button wp-element-button\" download aria-describedby=\"wp-block-file--media-9951a3c3-c00c-4424-9505-653566898a96\">Pobierz<\/a><\/div>\n\n\n\n<div class=\"wp-block-file\"><a id=\"wp-block-file--media-10643a6d-0106-479e-a795-07cd81ed9be6\" href=\"https:\/\/pans.krosno.pl\/inzynieriajakosci\/wp-content\/uploads\/sites\/16\/2025\/03\/Zalacznik-3.2-\u2013-Karta-weryfikacji-efektow-uczenia-sie-P.Z.-czesc-II.doc\">Za\u0142\u0105cznik 3.2 \u2013 Karta weryfikacji efekt\u00f3w uczenia si\u0119 P.Z. cz\u0119\u015b\u0107 II<\/a><a href=\"https:\/\/pans.krosno.pl\/inzynieriajakosci\/wp-content\/uploads\/sites\/16\/2025\/03\/Zalacznik-3.2-\u2013-Karta-weryfikacji-efektow-uczenia-sie-P.Z.-czesc-II.doc\" class=\"wp-block-file__button wp-element-button\" download aria-describedby=\"wp-block-file--media-10643a6d-0106-479e-a795-07cd81ed9be6\">Pobierz<\/a><\/div>\n\n\n\n<p><strong>KROK 6:<\/strong> Wype\u0142nienie Ankiety oceny miejsca realizacji praktyk<\/p>\n\n\n\n<p>&nbsp;&nbsp;&nbsp;&nbsp;&nbsp;&nbsp;&nbsp;&nbsp;&nbsp;&nbsp;&nbsp; Dokument wype\u0142nia student i sk\u0142ada go uczelnianemu opiekunowi przy zaliczeniu praktyki.<\/p>\n\n\n\n<div class=\"wp-block-file\"><a id=\"wp-block-file--media-07a89b98-2e0a-4f66-9543-0cc153dd1ffa\" href=\"https:\/\/pans.krosno.pl\/inzynieriajakosci\/wp-content\/uploads\/sites\/16\/2024\/03\/Zalacznik-8-\u2013-ankieta-oceny-miejsca-realizacji-praktyk.doc\">Zalacznik-8-\u2013-ankieta-oceny-miejsca-realizacji-praktyk<\/a><a href=\"https:\/\/pans.krosno.pl\/inzynieriajakosci\/wp-content\/uploads\/sites\/16\/2024\/03\/Zalacznik-8-\u2013-ankieta-oceny-miejsca-realizacji-praktyk.doc\" class=\"wp-block-file__button wp-element-button\" download aria-describedby=\"wp-block-file--media-07a89b98-2e0a-4f66-9543-0cc153dd1ffa\">Pobierz<\/a><\/div>\n\n\n\n<p><strong>KROK 7:<\/strong> Zaliczenie praktyki<\/p>\n\n\n\n<p>&nbsp;&nbsp;&nbsp;&nbsp;&nbsp;&nbsp;&nbsp;&nbsp;&nbsp;&nbsp;&nbsp; Po zako\u0144czeniu praktyki zaliczenie odbywa si\u0119 w formie rozmowy z uczelnianym opiekunem praktyk. Termin zaliczenia ustala opiekun i zamieszcza go na stronie Zak\u0142adu: <a href=\"https:\/\/pans.krosno.pl\/inzynieriajakosci\/sesja-egzaminacyjna\/\">https:\/\/pans.krosno.pl\/inzynieriajakosci\/sesja-egzaminacyjna\/<\/a><\/p>\n\n\n\n<p><\/p>\n\n\n\n<p>W sprawach nieuregulowanych w powy\u017cszym opisie maj\u0105 zastosowanie postanowienia Regulaminu Praktyk Studenckich Pa\u0144stwowej Akademii Nauk Stosowanych w Kro\u015bnie, Regulaminu studi\u00f3w, Kierunkowego programu praktyk studenckich oraz przepisy prawa powszechnie obowi\u0105zuj\u0105cego.<\/p>\n","protected":false},"excerpt":{"rendered":"<p>Praktyki zawodowe In\u017cynieria Jako\u015bci w Przedsi\u0119biorstwie Regulamin praktyk studenckich Zarz\u0105dzenie Rektora nr 19\/23 w sprawie zmiany Regulaminu praktyk studenckich w Karpackiej Pa\u0144stwowej Uczelni w Kro\u015bnie Aby zorganizowa\u0107 praktyki zawodowe na kierunku In\u017cynieria jako\u015bci w przedsi\u0119biorstwie &nbsp;nale\u017cy post\u0119powa\u0107 wed\u0142ug poni\u017cszych krok\u00f3w: KROK 1: Wyb\u00f3r przedsi\u0119biorstwa w oparciu o w\u0142a\u015bciwy program praktyk [\u2026] <\/p>\n<div class=\"clear\"><\/div>\n<p><a class=\"more_link clearfix\" href=\"https:\/\/pans.krosno.pl\/inzynieriajakosci\/praktyki-zawodowe\/\" rel=\"nofollow\">Read More<\/a><\/p>\n","protected":false},"author":27,"featured_media":0,"parent":0,"menu_order":0,"comment_status":"closed","ping_status":"closed","template":"page-templates\/template-full-width.php","meta":{"ngg_post_thumbnail":0,"footnotes":""},"class_list":["post-15","page","type-page","status-publish","hentry"],"yoast_head":"<!-- This site is optimized with the Yoast SEO Premium plugin v27.4 (Yoast SEO v27.4) - https:\/\/yoast.com\/product\/yoast-seo-premium-wordpress\/ -->\n<title>Praktyki zawodowe - In\u017cynieria Jako\u015bci PANS w Kro\u015bnie<\/title>\n<meta name=\"description\" content=\"Regulamin praktyk studenckich w Pa\u0144stwowej Wy\u017cszej Szkole Zawodowej im. Stanis\u0142awa Pigonia w Kro\u015bnie\" \/>\n<meta name=\"robots\" content=\"index, follow, max-snippet:-1, max-image-preview:large, max-video-preview:-1\" \/>\n<link rel=\"canonical\" href=\"https:\/\/pans.krosno.pl\/inzynieriajakosci\/praktyki-zawodowe\/\" \/>\n<meta property=\"og:locale\" content=\"pl_PL\" \/>\n<meta property=\"og:type\" content=\"article\" \/>\n<meta property=\"og:title\" content=\"Praktyki zawodowe\" \/>\n<meta property=\"og:description\" content=\"Regulamin praktyk studenckich w Pa\u0144stwowej Wy\u017cszej Szkole Zawodowej im. Stanis\u0142awa Pigonia w Kro\u015bnie\" \/>\n<meta property=\"og:url\" content=\"https:\/\/pans.krosno.pl\/inzynieriajakosci\/praktyki-zawodowe\/\" \/>\n<meta property=\"og:site_name\" content=\"In\u017cynieria Jako\u015bci PANS w Kro\u015bnie\" \/>\n<meta property=\"article:modified_time\" content=\"2025-03-15T10:06:54+00:00\" \/>\n<meta name=\"twitter:card\" content=\"summary_large_image\" \/>\n<meta name=\"twitter:label1\" content=\"Szacowany czas czytania\" \/>\n\t<meta name=\"twitter:data1\" content=\"4 minuty\" \/>\n<script type=\"application\/ld+json\" class=\"yoast-schema-graph\">{\"@context\":\"https:\\\/\\\/schema.org\",\"@graph\":[{\"@type\":\"WebPage\",\"@id\":\"https:\\\/\\\/pans.krosno.pl\\\/inzynieriajakosci\\\/praktyki-zawodowe\\\/\",\"url\":\"https:\\\/\\\/pans.krosno.pl\\\/inzynieriajakosci\\\/praktyki-zawodowe\\\/\",\"name\":\"Praktyki zawodowe - In\u017cynieria Jako\u015bci PANS w Kro\u015bnie\",\"isPartOf\":{\"@id\":\"https:\\\/\\\/pans.krosno.pl\\\/inzynieriajakosci\\\/#website\"},\"datePublished\":\"2019-10-31T10:47:30+00:00\",\"dateModified\":\"2025-03-15T10:06:54+00:00\",\"description\":\"Regulamin praktyk studenckich w Pa\u0144stwowej Wy\u017cszej Szkole Zawodowej im. Stanis\u0142awa Pigonia w Kro\u015bnie\",\"breadcrumb\":{\"@id\":\"https:\\\/\\\/pans.krosno.pl\\\/inzynieriajakosci\\\/praktyki-zawodowe\\\/#breadcrumb\"},\"inLanguage\":\"pl-PL\",\"potentialAction\":[{\"@type\":\"ReadAction\",\"target\":[\"https:\\\/\\\/pans.krosno.pl\\\/inzynieriajakosci\\\/praktyki-zawodowe\\\/\"]}]},{\"@type\":\"BreadcrumbList\",\"@id\":\"https:\\\/\\\/pans.krosno.pl\\\/inzynieriajakosci\\\/praktyki-zawodowe\\\/#breadcrumb\",\"itemListElement\":[{\"@type\":\"ListItem\",\"position\":1,\"name\":\"Strona g\u0142\u00f3wna\",\"item\":\"https:\\\/\\\/pans.krosno.pl\\\/inzynieriajakosci\\\/\"},{\"@type\":\"ListItem\",\"position\":2,\"name\":\"Praktyki zawodowe\"}]},{\"@type\":\"WebSite\",\"@id\":\"https:\\\/\\\/pans.krosno.pl\\\/inzynieriajakosci\\\/#website\",\"url\":\"https:\\\/\\\/pans.krosno.pl\\\/inzynieriajakosci\\\/\",\"name\":\"In\u017cynieria Jako\u015bci PANS w Kro\u015bnie\",\"description\":\"In\u017cynieria Jako\u015bci - Pa\u0144stwowa Akademia Nauk Stosowanych\",\"publisher\":{\"@id\":\"https:\\\/\\\/pans.krosno.pl\\\/inzynieriajakosci\\\/#organization\"},\"potentialAction\":[{\"@type\":\"SearchAction\",\"target\":{\"@type\":\"EntryPoint\",\"urlTemplate\":\"https:\\\/\\\/pans.krosno.pl\\\/inzynieriajakosci\\\/?s={search_term_string}\"},\"query-input\":{\"@type\":\"PropertyValueSpecification\",\"valueRequired\":true,\"valueName\":\"search_term_string\"}}],\"inLanguage\":\"pl-PL\"},{\"@type\":\"Organization\",\"@id\":\"https:\\\/\\\/pans.krosno.pl\\\/inzynieriajakosci\\\/#organization\",\"name\":\"In\u017cynieria Jako\u015bci PANS w Kro\u015bnie\",\"url\":\"https:\\\/\\\/pans.krosno.pl\\\/inzynieriajakosci\\\/\",\"logo\":{\"@type\":\"ImageObject\",\"inLanguage\":\"pl-PL\",\"@id\":\"https:\\\/\\\/pans.krosno.pl\\\/inzynieriajakosci\\\/#\\\/schema\\\/logo\\\/image\\\/\",\"url\":\"https:\\\/\\\/pans.krosno.pl\\\/inzynieriajakosci\\\/wp-content\\\/uploads\\\/sites\\\/16\\\/2023\\\/01\\\/Logo-PANS-2022-pelne.png\",\"contentUrl\":\"https:\\\/\\\/pans.krosno.pl\\\/inzynieriajakosci\\\/wp-content\\\/uploads\\\/sites\\\/16\\\/2023\\\/01\\\/Logo-PANS-2022-pelne.png\",\"width\":3096,\"height\":696,\"caption\":\"In\u017cynieria Jako\u015bci PANS w Kro\u015bnie\"},\"image\":{\"@id\":\"https:\\\/\\\/pans.krosno.pl\\\/inzynieriajakosci\\\/#\\\/schema\\\/logo\\\/image\\\/\"}}]}<\/script>\n<!-- \/ Yoast SEO Premium plugin. -->","yoast_head_json":{"title":"Praktyki zawodowe - In\u017cynieria Jako\u015bci PANS w Kro\u015bnie","description":"Regulamin praktyk studenckich w Pa\u0144stwowej Wy\u017cszej Szkole Zawodowej im. Stanis\u0142awa Pigonia w Kro\u015bnie","robots":{"index":"index","follow":"follow","max-snippet":"max-snippet:-1","max-image-preview":"max-image-preview:large","max-video-preview":"max-video-preview:-1"},"canonical":"https:\/\/pans.krosno.pl\/inzynieriajakosci\/praktyki-zawodowe\/","og_locale":"pl_PL","og_type":"article","og_title":"Praktyki zawodowe","og_description":"Regulamin praktyk studenckich w Pa\u0144stwowej Wy\u017cszej Szkole Zawodowej im. Stanis\u0142awa Pigonia w Kro\u015bnie","og_url":"https:\/\/pans.krosno.pl\/inzynieriajakosci\/praktyki-zawodowe\/","og_site_name":"In\u017cynieria Jako\u015bci PANS w Kro\u015bnie","article_modified_time":"2025-03-15T10:06:54+00:00","twitter_card":"summary_large_image","twitter_misc":{"Szacowany czas czytania":"4 minuty"},"schema":{"@context":"https:\/\/schema.org","@graph":[{"@type":"WebPage","@id":"https:\/\/pans.krosno.pl\/inzynieriajakosci\/praktyki-zawodowe\/","url":"https:\/\/pans.krosno.pl\/inzynieriajakosci\/praktyki-zawodowe\/","name":"Praktyki zawodowe - In\u017cynieria Jako\u015bci PANS w Kro\u015bnie","isPartOf":{"@id":"https:\/\/pans.krosno.pl\/inzynieriajakosci\/#website"},"datePublished":"2019-10-31T10:47:30+00:00","dateModified":"2025-03-15T10:06:54+00:00","description":"Regulamin praktyk studenckich w Pa\u0144stwowej Wy\u017cszej Szkole Zawodowej im. Stanis\u0142awa Pigonia w Kro\u015bnie","breadcrumb":{"@id":"https:\/\/pans.krosno.pl\/inzynieriajakosci\/praktyki-zawodowe\/#breadcrumb"},"inLanguage":"pl-PL","potentialAction":[{"@type":"ReadAction","target":["https:\/\/pans.krosno.pl\/inzynieriajakosci\/praktyki-zawodowe\/"]}]},{"@type":"BreadcrumbList","@id":"https:\/\/pans.krosno.pl\/inzynieriajakosci\/praktyki-zawodowe\/#breadcrumb","itemListElement":[{"@type":"ListItem","position":1,"name":"Strona g\u0142\u00f3wna","item":"https:\/\/pans.krosno.pl\/inzynieriajakosci\/"},{"@type":"ListItem","position":2,"name":"Praktyki zawodowe"}]},{"@type":"WebSite","@id":"https:\/\/pans.krosno.pl\/inzynieriajakosci\/#website","url":"https:\/\/pans.krosno.pl\/inzynieriajakosci\/","name":"In\u017cynieria Jako\u015bci PANS w Kro\u015bnie","description":"In\u017cynieria Jako\u015bci - Pa\u0144stwowa Akademia Nauk Stosowanych","publisher":{"@id":"https:\/\/pans.krosno.pl\/inzynieriajakosci\/#organization"},"potentialAction":[{"@type":"SearchAction","target":{"@type":"EntryPoint","urlTemplate":"https:\/\/pans.krosno.pl\/inzynieriajakosci\/?s={search_term_string}"},"query-input":{"@type":"PropertyValueSpecification","valueRequired":true,"valueName":"search_term_string"}}],"inLanguage":"pl-PL"},{"@type":"Organization","@id":"https:\/\/pans.krosno.pl\/inzynieriajakosci\/#organization","name":"In\u017cynieria Jako\u015bci PANS w Kro\u015bnie","url":"https:\/\/pans.krosno.pl\/inzynieriajakosci\/","logo":{"@type":"ImageObject","inLanguage":"pl-PL","@id":"https:\/\/pans.krosno.pl\/inzynieriajakosci\/#\/schema\/logo\/image\/","url":"https:\/\/pans.krosno.pl\/inzynieriajakosci\/wp-content\/uploads\/sites\/16\/2023\/01\/Logo-PANS-2022-pelne.png","contentUrl":"https:\/\/pans.krosno.pl\/inzynieriajakosci\/wp-content\/uploads\/sites\/16\/2023\/01\/Logo-PANS-2022-pelne.png","width":3096,"height":696,"caption":"In\u017cynieria Jako\u015bci PANS w Kro\u015bnie"},"image":{"@id":"https:\/\/pans.krosno.pl\/inzynieriajakosci\/#\/schema\/logo\/image\/"}}]}},"_links":{"self":[{"href":"https:\/\/pans.krosno.pl\/inzynieriajakosci\/wp-json\/wp\/v2\/pages\/15","targetHints":{"allow":["GET"]}}],"collection":[{"href":"https:\/\/pans.krosno.pl\/inzynieriajakosci\/wp-json\/wp\/v2\/pages"}],"about":[{"href":"https:\/\/pans.krosno.pl\/inzynieriajakosci\/wp-json\/wp\/v2\/types\/page"}],"author":[{"embeddable":true,"href":"https:\/\/pans.krosno.pl\/inzynieriajakosci\/wp-json\/wp\/v2\/users\/27"}],"replies":[{"embeddable":true,"href":"https:\/\/pans.krosno.pl\/inzynieriajakosci\/wp-json\/wp\/v2\/comments?post=15"}],"version-history":[{"count":72,"href":"https:\/\/pans.krosno.pl\/inzynieriajakosci\/wp-json\/wp\/v2\/pages\/15\/revisions"}],"predecessor-version":[{"id":3877,"href":"https:\/\/pans.krosno.pl\/inzynieriajakosci\/wp-json\/wp\/v2\/pages\/15\/revisions\/3877"}],"wp:attachment":[{"href":"https:\/\/pans.krosno.pl\/inzynieriajakosci\/wp-json\/wp\/v2\/media?parent=15"}],"curies":[{"name":"wp","href":"https:\/\/api.w.org\/{rel}","templated":true}]}}