{"id":14,"date":"2019-10-31T11:47:30","date_gmt":"2019-10-31T10:47:30","guid":{"rendered":"https:\/\/pans.krosno.pl\/towaroznawstwo\/?page_id=14"},"modified":"2026-02-18T09:02:16","modified_gmt":"2026-02-18T08:02:16","slug":"sesja-egzaminacyjna","status":"publish","type":"page","link":"https:\/\/pans.krosno.pl\/inzynieriajakosci\/sesja-egzaminacyjna\/","title":{"rendered":"Sesja egzaminacyjna"},"content":{"rendered":"\n<p><strong>HARMONOGRAM SESJI EGZAMINACYJNEJ<\/strong><\/p>\n\n\n\n<p><strong>In\u017cynieria jako\u015bci w przedsi\u0119biorstwie<\/strong><\/p>\n\n\n\n<p><strong>ROK II<\/strong><\/p>\n\n\n\n<figure class=\"wp-block-table\"><table class=\"has-fixed-layout\"><tbody><tr><td><strong>Lp.<\/strong><\/td><td><strong>Nazwa przedmiotu<\/strong><\/td><td><strong>Prowadz\u0105cy<\/strong><\/td><td><strong>Data egzaminu<\/strong><\/td><td><strong>Godzina egzaminu<\/strong><\/td><td><strong>Ulica\/nr sali<\/strong><\/td><\/tr><tr><td>1.<\/td><td>Marketing<\/td><td>dr in\u017c. M. \u0179r\u00f3d\u0142o-Loda<\/td><td>&nbsp;&#8212;&#8212;<\/td><td>&nbsp;&#8212;&#8212;<\/td><td>&nbsp;&#8212;&#8211;<\/td><\/tr><tr><td>2.<\/td><td>Technologie materia\u0142owe<\/td><td>dr in\u017c. T. Pytlowany<\/td><td>&nbsp;22.02.2026<\/td><td>&nbsp;9.00<\/td><td>&nbsp;DM, aula 11<\/td><\/tr><\/tbody><\/table><\/figure>\n\n\n\n<p><strong>ROK III<\/strong><\/p>\n\n\n\n<figure class=\"wp-block-table\"><table class=\"has-fixed-layout\"><tbody><tr><td><strong>Lp.<\/strong><\/td><td><strong>Nazwa przedmiotu<\/strong><\/td><td><strong>Prowadz\u0105cy<\/strong><\/td><td><strong>Data egzaminu<\/strong><\/td><td><strong>Godzina egzaminu<\/strong><\/td><td><strong>Ulica\/nr sali<\/strong><\/td><\/tr><tr><td rowspan=\"2\">1.<\/td><td rowspan=\"2\">Systemy zarz\u0105dzania i zapewnienia jako\u015bci<\/td><td>dr in\u017c. D. Dubis<\/td><td rowspan=\"2\">20.02.2026<\/td><td rowspan=\"2\">16.30<\/td><td rowspan=\"2\">WYSP. 2B<\/td><\/tr><tr><td>dr in\u017c. M. \u0179r\u00f3d\u0142o-Loda<\/td><\/tr><tr><td>2.<\/td><td>Ekonomika i organizacja przedsi\u0119biorstw<\/td><td>prof. nadzw. dr hab. B. \u015alusarczyk<\/td><td>20.02.2026<\/td><td>\u00a011.15<\/td><td>\u00a0DM, s. 14<\/td><\/tr><tr><td>3.<\/td><td>Metody instrumentalne w ocenie jako\u015bci towar\u00f3w<\/td><td>dr in\u017c. hab.in\u017c. E. Kondratowicz-Pietruszka,&nbsp; prof. PANS<\/td><td>19.02.2026<\/td><td>16.00<\/td><td>DM, s.14<\/td><\/tr><\/tbody><\/table><\/figure>\n\n\n\n<p><strong><br><\/strong><\/p>\n","protected":false},"excerpt":{"rendered":"<p>HARMONOGRAM SESJI EGZAMINACYJNEJ In\u017cynieria jako\u015bci w przedsi\u0119biorstwie ROK II Lp. Nazwa przedmiotu Prowadz\u0105cy Data egzaminu Godzina egzaminu Ulica\/nr sali 1. Marketing dr in\u017c. M. \u0179r\u00f3d\u0142o-Loda &nbsp;&#8212;&#8212; &nbsp;&#8212;&#8212; &nbsp;&#8212;&#8211; 2. Technologie materia\u0142owe dr in\u017c. T. Pytlowany &nbsp;22.02.2026 &nbsp;9.00 &nbsp;DM, aula 11 ROK III Lp. Nazwa przedmiotu Prowadz\u0105cy Data egzaminu Godzina egzaminu [\u2026] <\/p>\n<div class=\"clear\"><\/div>\n<p><a class=\"more_link clearfix\" href=\"https:\/\/pans.krosno.pl\/inzynieriajakosci\/sesja-egzaminacyjna\/\" rel=\"nofollow\">Read More<\/a><\/p>\n","protected":false},"author":27,"featured_media":599,"parent":0,"menu_order":0,"comment_status":"closed","ping_status":"closed","template":"page-templates\/template-full-width.php","meta":{"ngg_post_thumbnail":0,"footnotes":""},"class_list":["post-14","page","type-page","status-publish","has-post-thumbnail","hentry"],"yoast_head":"<!-- This site is optimized with the Yoast SEO Premium plugin v27.4 (Yoast SEO v27.4) - https:\/\/yoast.com\/product\/yoast-seo-premium-wordpress\/ -->\n<title>Sesja egzaminacyjna - In\u017cynieria Jako\u015bci PANS w Kro\u015bnie<\/title>\n<meta name=\"description\" content=\"Harmonogram letniej sesji egzaminacyjnej w roku akademickim 2019\/2020\" \/>\n<meta name=\"robots\" content=\"index, follow, max-snippet:-1, max-image-preview:large, max-video-preview:-1\" \/>\n<link rel=\"canonical\" href=\"https:\/\/pans.krosno.pl\/inzynieriajakosci\/sesja-egzaminacyjna\/\" \/>\n<meta property=\"og:locale\" content=\"pl_PL\" \/>\n<meta property=\"og:type\" content=\"article\" \/>\n<meta property=\"og:title\" content=\"Sesja egzaminacyjna\" \/>\n<meta property=\"og:description\" content=\"Harmonogram letniej sesji egzaminacyjnej w roku akademickim 2019\/2020\" \/>\n<meta property=\"og:url\" content=\"https:\/\/pans.krosno.pl\/inzynieriajakosci\/sesja-egzaminacyjna\/\" \/>\n<meta property=\"og:site_name\" content=\"In\u017cynieria Jako\u015bci PANS w Kro\u015bnie\" \/>\n<meta property=\"article:modified_time\" content=\"2026-02-18T08:02:16+00:00\" \/>\n<meta property=\"og:image\" content=\"https:\/\/pans.krosno.pl\/inzynieriajakosci\/wp-content\/uploads\/sites\/16\/2020\/09\/board-2450236_1920.jpg\" \/>\n\t<meta property=\"og:image:width\" content=\"1920\" \/>\n\t<meta property=\"og:image:height\" content=\"1390\" \/>\n\t<meta property=\"og:image:type\" content=\"image\/jpeg\" \/>\n<meta name=\"twitter:card\" content=\"summary_large_image\" \/>\n<meta name=\"twitter:label1\" content=\"Szacowany czas czytania\" \/>\n\t<meta name=\"twitter:data1\" content=\"1 minuta\" \/>\n<script type=\"application\/ld+json\" class=\"yoast-schema-graph\">{\"@context\":\"https:\\\/\\\/schema.org\",\"@graph\":[{\"@type\":\"WebPage\",\"@id\":\"https:\\\/\\\/pans.krosno.pl\\\/inzynieriajakosci\\\/sesja-egzaminacyjna\\\/\",\"url\":\"https:\\\/\\\/pans.krosno.pl\\\/inzynieriajakosci\\\/sesja-egzaminacyjna\\\/\",\"name\":\"Sesja egzaminacyjna - In\u017cynieria Jako\u015bci PANS w Kro\u015bnie\",\"isPartOf\":{\"@id\":\"https:\\\/\\\/pans.krosno.pl\\\/inzynieriajakosci\\\/#website\"},\"primaryImageOfPage\":{\"@id\":\"https:\\\/\\\/pans.krosno.pl\\\/inzynieriajakosci\\\/sesja-egzaminacyjna\\\/#primaryimage\"},\"image\":{\"@id\":\"https:\\\/\\\/pans.krosno.pl\\\/inzynieriajakosci\\\/sesja-egzaminacyjna\\\/#primaryimage\"},\"thumbnailUrl\":\"https:\\\/\\\/pans.krosno.pl\\\/inzynieriajakosci\\\/wp-content\\\/uploads\\\/sites\\\/16\\\/2020\\\/09\\\/board-2450236_1920.jpg\",\"datePublished\":\"2019-10-31T10:47:30+00:00\",\"dateModified\":\"2026-02-18T08:02:16+00:00\",\"description\":\"Harmonogram letniej sesji egzaminacyjnej w roku akademickim 2019\\\/2020\",\"breadcrumb\":{\"@id\":\"https:\\\/\\\/pans.krosno.pl\\\/inzynieriajakosci\\\/sesja-egzaminacyjna\\\/#breadcrumb\"},\"inLanguage\":\"pl-PL\",\"potentialAction\":[{\"@type\":\"ReadAction\",\"target\":[\"https:\\\/\\\/pans.krosno.pl\\\/inzynieriajakosci\\\/sesja-egzaminacyjna\\\/\"]}]},{\"@type\":\"ImageObject\",\"inLanguage\":\"pl-PL\",\"@id\":\"https:\\\/\\\/pans.krosno.pl\\\/inzynieriajakosci\\\/sesja-egzaminacyjna\\\/#primaryimage\",\"url\":\"https:\\\/\\\/pans.krosno.pl\\\/inzynieriajakosci\\\/wp-content\\\/uploads\\\/sites\\\/16\\\/2020\\\/09\\\/board-2450236_1920.jpg\",\"contentUrl\":\"https:\\\/\\\/pans.krosno.pl\\\/inzynieriajakosci\\\/wp-content\\\/uploads\\\/sites\\\/16\\\/2020\\\/09\\\/board-2450236_1920.jpg\",\"width\":1920,\"height\":1390},{\"@type\":\"BreadcrumbList\",\"@id\":\"https:\\\/\\\/pans.krosno.pl\\\/inzynieriajakosci\\\/sesja-egzaminacyjna\\\/#breadcrumb\",\"itemListElement\":[{\"@type\":\"ListItem\",\"position\":1,\"name\":\"Strona g\u0142\u00f3wna\",\"item\":\"https:\\\/\\\/pans.krosno.pl\\\/inzynieriajakosci\\\/\"},{\"@type\":\"ListItem\",\"position\":2,\"name\":\"Sesja egzaminacyjna\"}]},{\"@type\":\"WebSite\",\"@id\":\"https:\\\/\\\/pans.krosno.pl\\\/inzynieriajakosci\\\/#website\",\"url\":\"https:\\\/\\\/pans.krosno.pl\\\/inzynieriajakosci\\\/\",\"name\":\"In\u017cynieria Jako\u015bci PANS w Kro\u015bnie\",\"description\":\"In\u017cynieria Jako\u015bci - Pa\u0144stwowa Akademia Nauk Stosowanych\",\"publisher\":{\"@id\":\"https:\\\/\\\/pans.krosno.pl\\\/inzynieriajakosci\\\/#organization\"},\"potentialAction\":[{\"@type\":\"SearchAction\",\"target\":{\"@type\":\"EntryPoint\",\"urlTemplate\":\"https:\\\/\\\/pans.krosno.pl\\\/inzynieriajakosci\\\/?s={search_term_string}\"},\"query-input\":{\"@type\":\"PropertyValueSpecification\",\"valueRequired\":true,\"valueName\":\"search_term_string\"}}],\"inLanguage\":\"pl-PL\"},{\"@type\":\"Organization\",\"@id\":\"https:\\\/\\\/pans.krosno.pl\\\/inzynieriajakosci\\\/#organization\",\"name\":\"In\u017cynieria Jako\u015bci PANS w Kro\u015bnie\",\"url\":\"https:\\\/\\\/pans.krosno.pl\\\/inzynieriajakosci\\\/\",\"logo\":{\"@type\":\"ImageObject\",\"inLanguage\":\"pl-PL\",\"@id\":\"https:\\\/\\\/pans.krosno.pl\\\/inzynieriajakosci\\\/#\\\/schema\\\/logo\\\/image\\\/\",\"url\":\"https:\\\/\\\/pans.krosno.pl\\\/inzynieriajakosci\\\/wp-content\\\/uploads\\\/sites\\\/16\\\/2023\\\/01\\\/Logo-PANS-2022-pelne.png\",\"contentUrl\":\"https:\\\/\\\/pans.krosno.pl\\\/inzynieriajakosci\\\/wp-content\\\/uploads\\\/sites\\\/16\\\/2023\\\/01\\\/Logo-PANS-2022-pelne.png\",\"width\":3096,\"height\":696,\"caption\":\"In\u017cynieria Jako\u015bci PANS w Kro\u015bnie\"},\"image\":{\"@id\":\"https:\\\/\\\/pans.krosno.pl\\\/inzynieriajakosci\\\/#\\\/schema\\\/logo\\\/image\\\/\"}}]}<\/script>\n<!-- \/ Yoast SEO Premium plugin. -->","yoast_head_json":{"title":"Sesja egzaminacyjna - In\u017cynieria Jako\u015bci PANS w Kro\u015bnie","description":"Harmonogram letniej sesji egzaminacyjnej w roku akademickim 2019\/2020","robots":{"index":"index","follow":"follow","max-snippet":"max-snippet:-1","max-image-preview":"max-image-preview:large","max-video-preview":"max-video-preview:-1"},"canonical":"https:\/\/pans.krosno.pl\/inzynieriajakosci\/sesja-egzaminacyjna\/","og_locale":"pl_PL","og_type":"article","og_title":"Sesja egzaminacyjna","og_description":"Harmonogram letniej sesji egzaminacyjnej w roku akademickim 2019\/2020","og_url":"https:\/\/pans.krosno.pl\/inzynieriajakosci\/sesja-egzaminacyjna\/","og_site_name":"In\u017cynieria Jako\u015bci PANS w Kro\u015bnie","article_modified_time":"2026-02-18T08:02:16+00:00","og_image":[{"width":1920,"height":1390,"url":"https:\/\/pans.krosno.pl\/inzynieriajakosci\/wp-content\/uploads\/sites\/16\/2020\/09\/board-2450236_1920.jpg","type":"image\/jpeg"}],"twitter_card":"summary_large_image","twitter_misc":{"Szacowany czas czytania":"1 minuta"},"schema":{"@context":"https:\/\/schema.org","@graph":[{"@type":"WebPage","@id":"https:\/\/pans.krosno.pl\/inzynieriajakosci\/sesja-egzaminacyjna\/","url":"https:\/\/pans.krosno.pl\/inzynieriajakosci\/sesja-egzaminacyjna\/","name":"Sesja egzaminacyjna - In\u017cynieria Jako\u015bci PANS w Kro\u015bnie","isPartOf":{"@id":"https:\/\/pans.krosno.pl\/inzynieriajakosci\/#website"},"primaryImageOfPage":{"@id":"https:\/\/pans.krosno.pl\/inzynieriajakosci\/sesja-egzaminacyjna\/#primaryimage"},"image":{"@id":"https:\/\/pans.krosno.pl\/inzynieriajakosci\/sesja-egzaminacyjna\/#primaryimage"},"thumbnailUrl":"https:\/\/pans.krosno.pl\/inzynieriajakosci\/wp-content\/uploads\/sites\/16\/2020\/09\/board-2450236_1920.jpg","datePublished":"2019-10-31T10:47:30+00:00","dateModified":"2026-02-18T08:02:16+00:00","description":"Harmonogram letniej sesji egzaminacyjnej w roku akademickim 2019\/2020","breadcrumb":{"@id":"https:\/\/pans.krosno.pl\/inzynieriajakosci\/sesja-egzaminacyjna\/#breadcrumb"},"inLanguage":"pl-PL","potentialAction":[{"@type":"ReadAction","target":["https:\/\/pans.krosno.pl\/inzynieriajakosci\/sesja-egzaminacyjna\/"]}]},{"@type":"ImageObject","inLanguage":"pl-PL","@id":"https:\/\/pans.krosno.pl\/inzynieriajakosci\/sesja-egzaminacyjna\/#primaryimage","url":"https:\/\/pans.krosno.pl\/inzynieriajakosci\/wp-content\/uploads\/sites\/16\/2020\/09\/board-2450236_1920.jpg","contentUrl":"https:\/\/pans.krosno.pl\/inzynieriajakosci\/wp-content\/uploads\/sites\/16\/2020\/09\/board-2450236_1920.jpg","width":1920,"height":1390},{"@type":"BreadcrumbList","@id":"https:\/\/pans.krosno.pl\/inzynieriajakosci\/sesja-egzaminacyjna\/#breadcrumb","itemListElement":[{"@type":"ListItem","position":1,"name":"Strona g\u0142\u00f3wna","item":"https:\/\/pans.krosno.pl\/inzynieriajakosci\/"},{"@type":"ListItem","position":2,"name":"Sesja egzaminacyjna"}]},{"@type":"WebSite","@id":"https:\/\/pans.krosno.pl\/inzynieriajakosci\/#website","url":"https:\/\/pans.krosno.pl\/inzynieriajakosci\/","name":"In\u017cynieria Jako\u015bci PANS w Kro\u015bnie","description":"In\u017cynieria Jako\u015bci - Pa\u0144stwowa Akademia Nauk Stosowanych","publisher":{"@id":"https:\/\/pans.krosno.pl\/inzynieriajakosci\/#organization"},"potentialAction":[{"@type":"SearchAction","target":{"@type":"EntryPoint","urlTemplate":"https:\/\/pans.krosno.pl\/inzynieriajakosci\/?s={search_term_string}"},"query-input":{"@type":"PropertyValueSpecification","valueRequired":true,"valueName":"search_term_string"}}],"inLanguage":"pl-PL"},{"@type":"Organization","@id":"https:\/\/pans.krosno.pl\/inzynieriajakosci\/#organization","name":"In\u017cynieria Jako\u015bci PANS w Kro\u015bnie","url":"https:\/\/pans.krosno.pl\/inzynieriajakosci\/","logo":{"@type":"ImageObject","inLanguage":"pl-PL","@id":"https:\/\/pans.krosno.pl\/inzynieriajakosci\/#\/schema\/logo\/image\/","url":"https:\/\/pans.krosno.pl\/inzynieriajakosci\/wp-content\/uploads\/sites\/16\/2023\/01\/Logo-PANS-2022-pelne.png","contentUrl":"https:\/\/pans.krosno.pl\/inzynieriajakosci\/wp-content\/uploads\/sites\/16\/2023\/01\/Logo-PANS-2022-pelne.png","width":3096,"height":696,"caption":"In\u017cynieria Jako\u015bci PANS w Kro\u015bnie"},"image":{"@id":"https:\/\/pans.krosno.pl\/inzynieriajakosci\/#\/schema\/logo\/image\/"}}]}},"_links":{"self":[{"href":"https:\/\/pans.krosno.pl\/inzynieriajakosci\/wp-json\/wp\/v2\/pages\/14","targetHints":{"allow":["GET"]}}],"collection":[{"href":"https:\/\/pans.krosno.pl\/inzynieriajakosci\/wp-json\/wp\/v2\/pages"}],"about":[{"href":"https:\/\/pans.krosno.pl\/inzynieriajakosci\/wp-json\/wp\/v2\/types\/page"}],"author":[{"embeddable":true,"href":"https:\/\/pans.krosno.pl\/inzynieriajakosci\/wp-json\/wp\/v2\/users\/27"}],"replies":[{"embeddable":true,"href":"https:\/\/pans.krosno.pl\/inzynieriajakosci\/wp-json\/wp\/v2\/comments?post=14"}],"version-history":[{"count":45,"href":"https:\/\/pans.krosno.pl\/inzynieriajakosci\/wp-json\/wp\/v2\/pages\/14\/revisions"}],"predecessor-version":[{"id":4037,"href":"https:\/\/pans.krosno.pl\/inzynieriajakosci\/wp-json\/wp\/v2\/pages\/14\/revisions\/4037"}],"wp:featuredmedia":[{"embeddable":true,"href":"https:\/\/pans.krosno.pl\/inzynieriajakosci\/wp-json\/wp\/v2\/media\/599"}],"wp:attachment":[{"href":"https:\/\/pans.krosno.pl\/inzynieriajakosci\/wp-json\/wp\/v2\/media?parent=14"}],"curies":[{"name":"wp","href":"https:\/\/api.w.org\/{rel}","templated":true}]}}