{"id":69,"date":"2020-01-14T18:36:18","date_gmt":"2020-01-14T17:36:18","guid":{"rendered":"https:\/\/pans.krosno.pl\/inzynieria-produkcji\/?page_id=69"},"modified":"2025-09-28T12:23:39","modified_gmt":"2025-09-28T10:23:39","slug":"pracownicy","status":"publish","type":"page","link":"https:\/\/pans.krosno.pl\/inzynieria-produkcji\/pracownicy\/","title":{"rendered":"Pracownicy"},"content":{"rendered":"<h3>Kadra naukowo &#8211; dydaktyczna<\/h3>\n<p><a href=\"https:\/\/pans.krosno.pl\/pracownicy\/krzysztof-chmielowski\/\" target=\"_blank\" rel=\"noopener noreferrer\">Prof. dr hab. in\u017c. Krzysztof Chmielowski<\/a><\/p>\n<p><a href=\"https:\/\/pans.krosno.pl\/pracownicy\/wlodzimierz-wojcik\/\" target=\"_blank\" rel=\"noopener noreferrer\">Dr hab. in\u017c. W\u0142odzimierz W\u00f3jcik, prof. PANS<\/a><\/p>\n<p>Dr hab. in\u017c. Bo\u017cena Zwoli\u0144ska, prof. PANS<\/p>\n<p><a href=\"https:\/\/pans.krosno.pl\/pracownicy\/andrzej-studzinski\/\" target=\"_blank\" rel=\"noopener noreferrer\">Dr in\u017c. Andrzej Studzi\u0144ski<\/a><\/p>\n<p><a href=\"https:\/\/pans.krosno.pl\/pracownicy\/agnieszka-wozniak\/\" target=\"_blank\" rel=\"noopener noreferrer\">Dr Agnieszka Wo\u017aniak<\/a><\/p>\n<p><a href=\"https:\/\/pans.krosno.pl\/pracownicy\/dominik-wrobel\/\" target=\"_blank\" rel=\"noopener noreferrer\">Dr Dominik Wr\u00f3bel<\/a><\/p>\n<p><a href=\"https:\/\/pans.krosno.pl\/pracownicy\/krzysztof-topolski\/\" target=\"_blank\" rel=\"noopener noreferrer\">Dr in\u017c Krzysztof Topolski<\/a><\/p>\n<p><a style=\"font-size: revert\" href=\"https:\/\/pans.krosno.pl\/pracownicy\/paulina-kustron-mleczak\/\" target=\"_blank\" rel=\"noopener noreferrer\">Mgr in\u017c. Paulina Kustro\u0144-Mleczak<\/a><\/p>\n<p><a href=\"https:\/\/pans.krosno.pl\/pracownicy\/pawel-milan\/\">Mgr in\u017c. Pawe\u0142 Milan<\/a>&nbsp;<\/p>\n<p style=\"font-weight: 400\">&nbsp;<\/p>\n<p>Kadra wspomagaj\u0105ca proces dydaktyczny:<\/p>\n<p><a href=\"https:\/\/pans.krosno.pl\/pracownicy\/adrian-horzyk\/\">Dr hab. in\u017c. Adrian Horzyk, prof. PANS<\/a><\/p>\n<p><a href=\"https:\/\/pans.krosno.pl\/pracownicy\/tadeusz-wszolek\/\" target=\"_blank\" rel=\"noopener noreferrer\">Dr hab. in\u017c. Tadeusz Wszo\u0142ek, prof. PANS<\/a><\/p>\n<p><a href=\"https:\/\/pans.krosno.pl\/pracownicy\/damian-dubis\/\" target=\"_blank\" rel=\"noopener noreferrer\">Dr in\u017c. Damian Dubis<\/a><\/p>\n<p><a href=\"https:\/\/pans.krosno.pl\/pracownicy\/romuald-fejkiel\/\" target=\"_blank\" rel=\"noopener noreferrer\">Dr in\u017c Romuald Fejkiel<\/a><\/p>\n<p><a href=\"https:\/\/pans.krosno.pl\/pracownicy\/malgorzata-gorka\/\" target=\"_blank\" rel=\"noopener noreferrer\">Dr in\u017c. Ma\u0142gorzata G\u00f3rka<\/a><\/p>\n<p><a href=\"https:\/\/pans.krosno.pl\/pracownicy\/bogdan-krasowski\/\">Dr in\u017c. Bogdan Krasowski<\/a><\/p>\n<p>Dr Tomasz Soli\u0144ski<\/p>\n<p><a href=\"https:\/\/pans.krosno.pl\/pracownicy\/hubert-wojtowicz\/\">Dr in\u017c. Hubert W\u00f3jtowicz<\/a><\/p>\n<p>Dr in\u017c. Bartosz Trybus<\/p>\n<p><a href=\"https:\/\/pans.krosno.pl\/pracownicy\/malgorzata-zrodlo-loda\/\">Dr in\u017c. Ma\u0142gorzata \u0179r\u00f3d\u0142o-Loda<\/a><\/p>\n<p>Mgr in\u017c. Rados\u0142aw Go\u0142\u0105b<\/p>\n<p>Mgr in\u017c. Anna Tomkiewicz<\/p>\n<p><a href=\"https:\/\/pans.krosno.pl\/pracownicy\/dominik-jakubik\/\">Mgr in\u017c. Dominik Jakubik<\/a><\/p>\n<p><a href=\"https:\/\/pans.krosno.pl\/pracownicy\/radoslaw-kruk\/\" target=\"_blank\" rel=\"noopener noreferrer\">Mgr in\u017c. Rados\u0142aw Kruk<\/a><\/p>\n<p><a href=\"https:\/\/pans.krosno.pl\/pracownicy\/krzysztof-ochalek\/\" target=\"_blank\" rel=\"noopener noreferrer\">Mgr in\u017c. Krzysztof Ocha\u0142ek<\/a><\/p>\n<p>Mgr Micha\u0142 Podsiedlik<\/p>\n","protected":false},"excerpt":{"rendered":"<p>Kadra naukowo &#8211; dydaktyczna Prof. dr hab. in\u017c. Krzysztof Chmielowski Dr hab. in\u017c. W\u0142odzimierz W\u00f3jcik, prof. PANS Dr hab. in\u017c. Bo\u017cena Zwoli\u0144ska, prof. PANS Dr in\u017c. Andrzej Studzi\u0144ski Dr Agnieszka Wo\u017aniak Dr Dominik Wr\u00f3bel Dr in\u017c Krzysztof Topolski Mgr in\u017c. Paulina Kustro\u0144-Mleczak Mgr in\u017c. Pawe\u0142 Milan&nbsp; &nbsp; Kadra wspomagaj\u0105ca proces [\u2026] <\/p>\n<div class=\"clear\"><\/div>\n<p><a class=\"more_link clearfix\" href=\"https:\/\/pans.krosno.pl\/inzynieria-produkcji\/pracownicy\/\" rel=\"nofollow\">Read More<\/a><\/p>\n","protected":false},"author":27,"featured_media":0,"parent":0,"menu_order":0,"comment_status":"closed","ping_status":"closed","template":"page-templates\/template-full-width.php","meta":{"ngg_post_thumbnail":0,"footnotes":""},"class_list":["post-69","page","type-page","status-publish","hentry"],"yoast_head":"<!-- This site is optimized with the Yoast SEO Premium plugin v27.4 (Yoast SEO v27.4) - https:\/\/yoast.com\/product\/yoast-seo-premium-wordpress\/ -->\n<title>Pracownicy - In\u017cynieria Produkcji PANS w Kro\u015bnie<\/title>\n<meta name=\"description\" content=\"KPU w Kro\u015bnie\" \/>\n<meta name=\"robots\" content=\"index, follow, max-snippet:-1, max-image-preview:large, max-video-preview:-1\" \/>\n<link rel=\"canonical\" href=\"https:\/\/pans.krosno.pl\/inzynieria-produkcji\/pracownicy\/\" \/>\n<meta property=\"og:locale\" content=\"pl_PL\" \/>\n<meta property=\"og:type\" content=\"article\" \/>\n<meta property=\"og:title\" content=\"Pracownicy\" \/>\n<meta property=\"og:description\" content=\"KPU w Kro\u015bnie\" \/>\n<meta property=\"og:url\" content=\"https:\/\/pans.krosno.pl\/inzynieria-produkcji\/pracownicy\/\" \/>\n<meta property=\"og:site_name\" content=\"In\u017cynieria Produkcji PANS w Kro\u015bnie\" \/>\n<meta property=\"article:modified_time\" content=\"2025-09-28T10:23:39+00:00\" \/>\n<meta name=\"twitter:card\" content=\"summary_large_image\" \/>\n<meta name=\"twitter:label1\" content=\"Szacowany czas czytania\" \/>\n\t<meta name=\"twitter:data1\" content=\"1 minuta\" \/>\n<script type=\"application\/ld+json\" class=\"yoast-schema-graph\">{\"@context\":\"https:\\\/\\\/schema.org\",\"@graph\":[{\"@type\":\"WebPage\",\"@id\":\"https:\\\/\\\/pans.krosno.pl\\\/inzynieria-produkcji\\\/pracownicy\\\/\",\"url\":\"https:\\\/\\\/pans.krosno.pl\\\/inzynieria-produkcji\\\/pracownicy\\\/\",\"name\":\"Pracownicy - In\u017cynieria Produkcji PANS w Kro\u015bnie\",\"isPartOf\":{\"@id\":\"https:\\\/\\\/pans.krosno.pl\\\/inzynieria-produkcji\\\/#website\"},\"datePublished\":\"2020-01-14T17:36:18+00:00\",\"dateModified\":\"2025-09-28T10:23:39+00:00\",\"description\":\"KPU w Kro\u015bnie\",\"breadcrumb\":{\"@id\":\"https:\\\/\\\/pans.krosno.pl\\\/inzynieria-produkcji\\\/pracownicy\\\/#breadcrumb\"},\"inLanguage\":\"pl-PL\",\"potentialAction\":[{\"@type\":\"ReadAction\",\"target\":[\"https:\\\/\\\/pans.krosno.pl\\\/inzynieria-produkcji\\\/pracownicy\\\/\"]}]},{\"@type\":\"BreadcrumbList\",\"@id\":\"https:\\\/\\\/pans.krosno.pl\\\/inzynieria-produkcji\\\/pracownicy\\\/#breadcrumb\",\"itemListElement\":[{\"@type\":\"ListItem\",\"position\":1,\"name\":\"Strona g\u0142\u00f3wna\",\"item\":\"https:\\\/\\\/pans.krosno.pl\\\/inzynieria-produkcji\\\/\"},{\"@type\":\"ListItem\",\"position\":2,\"name\":\"Pracownicy\"}]},{\"@type\":\"WebSite\",\"@id\":\"https:\\\/\\\/pans.krosno.pl\\\/inzynieria-produkcji\\\/#website\",\"url\":\"https:\\\/\\\/pans.krosno.pl\\\/inzynieria-produkcji\\\/\",\"name\":\"In\u017cynieria Produkcji PANS w Kro\u015bnie\",\"description\":\"In\u017cynieria Produkcji - Pa\u0144stwowa Akademia Nauk Stosowanych\",\"publisher\":{\"@id\":\"https:\\\/\\\/pans.krosno.pl\\\/inzynieria-produkcji\\\/#organization\"},\"potentialAction\":[{\"@type\":\"SearchAction\",\"target\":{\"@type\":\"EntryPoint\",\"urlTemplate\":\"https:\\\/\\\/pans.krosno.pl\\\/inzynieria-produkcji\\\/?s={search_term_string}\"},\"query-input\":{\"@type\":\"PropertyValueSpecification\",\"valueRequired\":true,\"valueName\":\"search_term_string\"}}],\"inLanguage\":\"pl-PL\"},{\"@type\":\"Organization\",\"@id\":\"https:\\\/\\\/pans.krosno.pl\\\/inzynieria-produkcji\\\/#organization\",\"name\":\"In\u017cynieria Produkcji PANS w Kro\u015bnie\",\"url\":\"https:\\\/\\\/pans.krosno.pl\\\/inzynieria-produkcji\\\/\",\"logo\":{\"@type\":\"ImageObject\",\"inLanguage\":\"pl-PL\",\"@id\":\"https:\\\/\\\/pans.krosno.pl\\\/inzynieria-produkcji\\\/#\\\/schema\\\/logo\\\/image\\\/\",\"url\":\"https:\\\/\\\/pans.krosno.pl\\\/inzynieria-produkcji\\\/wp-content\\\/uploads\\\/sites\\\/33\\\/2023\\\/01\\\/Logo-PANS-2022-pelne.png\",\"contentUrl\":\"https:\\\/\\\/pans.krosno.pl\\\/inzynieria-produkcji\\\/wp-content\\\/uploads\\\/sites\\\/33\\\/2023\\\/01\\\/Logo-PANS-2022-pelne.png\",\"width\":3096,\"height\":696,\"caption\":\"In\u017cynieria Produkcji PANS w Kro\u015bnie\"},\"image\":{\"@id\":\"https:\\\/\\\/pans.krosno.pl\\\/inzynieria-produkcji\\\/#\\\/schema\\\/logo\\\/image\\\/\"}}]}<\/script>\n<!-- \/ Yoast SEO Premium plugin. -->","yoast_head_json":{"title":"Pracownicy - In\u017cynieria Produkcji PANS w Kro\u015bnie","description":"KPU w Kro\u015bnie","robots":{"index":"index","follow":"follow","max-snippet":"max-snippet:-1","max-image-preview":"max-image-preview:large","max-video-preview":"max-video-preview:-1"},"canonical":"https:\/\/pans.krosno.pl\/inzynieria-produkcji\/pracownicy\/","og_locale":"pl_PL","og_type":"article","og_title":"Pracownicy","og_description":"KPU w Kro\u015bnie","og_url":"https:\/\/pans.krosno.pl\/inzynieria-produkcji\/pracownicy\/","og_site_name":"In\u017cynieria Produkcji PANS w Kro\u015bnie","article_modified_time":"2025-09-28T10:23:39+00:00","twitter_card":"summary_large_image","twitter_misc":{"Szacowany czas czytania":"1 minuta"},"schema":{"@context":"https:\/\/schema.org","@graph":[{"@type":"WebPage","@id":"https:\/\/pans.krosno.pl\/inzynieria-produkcji\/pracownicy\/","url":"https:\/\/pans.krosno.pl\/inzynieria-produkcji\/pracownicy\/","name":"Pracownicy - In\u017cynieria Produkcji PANS w Kro\u015bnie","isPartOf":{"@id":"https:\/\/pans.krosno.pl\/inzynieria-produkcji\/#website"},"datePublished":"2020-01-14T17:36:18+00:00","dateModified":"2025-09-28T10:23:39+00:00","description":"KPU w Kro\u015bnie","breadcrumb":{"@id":"https:\/\/pans.krosno.pl\/inzynieria-produkcji\/pracownicy\/#breadcrumb"},"inLanguage":"pl-PL","potentialAction":[{"@type":"ReadAction","target":["https:\/\/pans.krosno.pl\/inzynieria-produkcji\/pracownicy\/"]}]},{"@type":"BreadcrumbList","@id":"https:\/\/pans.krosno.pl\/inzynieria-produkcji\/pracownicy\/#breadcrumb","itemListElement":[{"@type":"ListItem","position":1,"name":"Strona g\u0142\u00f3wna","item":"https:\/\/pans.krosno.pl\/inzynieria-produkcji\/"},{"@type":"ListItem","position":2,"name":"Pracownicy"}]},{"@type":"WebSite","@id":"https:\/\/pans.krosno.pl\/inzynieria-produkcji\/#website","url":"https:\/\/pans.krosno.pl\/inzynieria-produkcji\/","name":"In\u017cynieria Produkcji PANS w Kro\u015bnie","description":"In\u017cynieria Produkcji - Pa\u0144stwowa Akademia Nauk Stosowanych","publisher":{"@id":"https:\/\/pans.krosno.pl\/inzynieria-produkcji\/#organization"},"potentialAction":[{"@type":"SearchAction","target":{"@type":"EntryPoint","urlTemplate":"https:\/\/pans.krosno.pl\/inzynieria-produkcji\/?s={search_term_string}"},"query-input":{"@type":"PropertyValueSpecification","valueRequired":true,"valueName":"search_term_string"}}],"inLanguage":"pl-PL"},{"@type":"Organization","@id":"https:\/\/pans.krosno.pl\/inzynieria-produkcji\/#organization","name":"In\u017cynieria Produkcji PANS w Kro\u015bnie","url":"https:\/\/pans.krosno.pl\/inzynieria-produkcji\/","logo":{"@type":"ImageObject","inLanguage":"pl-PL","@id":"https:\/\/pans.krosno.pl\/inzynieria-produkcji\/#\/schema\/logo\/image\/","url":"https:\/\/pans.krosno.pl\/inzynieria-produkcji\/wp-content\/uploads\/sites\/33\/2023\/01\/Logo-PANS-2022-pelne.png","contentUrl":"https:\/\/pans.krosno.pl\/inzynieria-produkcji\/wp-content\/uploads\/sites\/33\/2023\/01\/Logo-PANS-2022-pelne.png","width":3096,"height":696,"caption":"In\u017cynieria Produkcji PANS w Kro\u015bnie"},"image":{"@id":"https:\/\/pans.krosno.pl\/inzynieria-produkcji\/#\/schema\/logo\/image\/"}}]}},"_links":{"self":[{"href":"https:\/\/pans.krosno.pl\/inzynieria-produkcji\/wp-json\/wp\/v2\/pages\/69","targetHints":{"allow":["GET"]}}],"collection":[{"href":"https:\/\/pans.krosno.pl\/inzynieria-produkcji\/wp-json\/wp\/v2\/pages"}],"about":[{"href":"https:\/\/pans.krosno.pl\/inzynieria-produkcji\/wp-json\/wp\/v2\/types\/page"}],"author":[{"embeddable":true,"href":"https:\/\/pans.krosno.pl\/inzynieria-produkcji\/wp-json\/wp\/v2\/users\/27"}],"replies":[{"embeddable":true,"href":"https:\/\/pans.krosno.pl\/inzynieria-produkcji\/wp-json\/wp\/v2\/comments?post=69"}],"version-history":[{"count":22,"href":"https:\/\/pans.krosno.pl\/inzynieria-produkcji\/wp-json\/wp\/v2\/pages\/69\/revisions"}],"predecessor-version":[{"id":2161,"href":"https:\/\/pans.krosno.pl\/inzynieria-produkcji\/wp-json\/wp\/v2\/pages\/69\/revisions\/2161"}],"wp:attachment":[{"href":"https:\/\/pans.krosno.pl\/inzynieria-produkcji\/wp-json\/wp\/v2\/media?parent=69"}],"curies":[{"name":"wp","href":"https:\/\/api.w.org\/{rel}","templated":true}]}}