{"id":19,"date":"2019-11-18T09:28:32","date_gmt":"2019-11-18T08:28:32","guid":{"rendered":"https:\/\/pans.krosno.pl\/inzynieria-produkcji\/?page_id=19"},"modified":"2025-07-08T14:10:32","modified_gmt":"2025-07-08T12:10:32","slug":"praktyki-zawodowe","status":"publish","type":"page","link":"https:\/\/pans.krosno.pl\/inzynieria-produkcji\/praktyki-zawodowe\/","title":{"rendered":"Praktyki zawodowe"},"content":{"rendered":"\n<div class=\"wp-block-file\"><a id=\"wp-block-file--media-ca158da7-7a87-462d-9d62-95e4dbb1ab83\" href=\"https:\/\/pans.krosno.pl\/inzynieria-produkcji\/wp-content\/uploads\/sites\/33\/2023\/03\/Zarzadzenie-30_22-z-podpisem.pdf\">Zarzadzenie-30_22-z-podpisem<\/a><a href=\"https:\/\/pans.krosno.pl\/inzynieria-produkcji\/wp-content\/uploads\/sites\/33\/2023\/03\/Zarzadzenie-30_22-z-podpisem.pdf\" class=\"wp-block-file__button wp-element-button\" download aria-describedby=\"wp-block-file--media-ca158da7-7a87-462d-9d62-95e4dbb1ab83\">Pobierz<\/a><\/div>\n\n\n\n<div class=\"wp-block-file\"><a id=\"wp-block-file--media-421a6e9e-c0e7-420b-af18-0aac9ff6bd21\" href=\"https:\/\/pans.krosno.pl\/inzynieria-produkcji\/wp-content\/uploads\/sites\/33\/2023\/03\/Zalacznik-do-zarzadzenia-30_22-z-podpisem.pdf\">Zalacznik-do-zarzadzenia-30_22-z-podpisem<\/a><a href=\"https:\/\/pans.krosno.pl\/inzynieria-produkcji\/wp-content\/uploads\/sites\/33\/2023\/03\/Zalacznik-do-zarzadzenia-30_22-z-podpisem.pdf\" class=\"wp-block-file__button wp-element-button\" download aria-describedby=\"wp-block-file--media-421a6e9e-c0e7-420b-af18-0aac9ff6bd21\">Pobierz<\/a><\/div>\n\n\n\n<div class=\"wp-block-file\"><a id=\"wp-block-file--media-7ecd70f8-9d6f-4e0c-acdc-14ae9d87194f\" href=\"https:\/\/pans.krosno.pl\/inzynieria-produkcji\/wp-content\/uploads\/sites\/33\/2020\/04\/Ramowy-program-praktyk-IP-zawodowa-od-2019-2020-skan.pdf\">Ramowy program praktyk IP zawodowa od 2019\/2020<\/a><a href=\"https:\/\/pans.krosno.pl\/inzynieria-produkcji\/wp-content\/uploads\/sites\/33\/2020\/04\/Ramowy-program-praktyk-IP-zawodowa-od-2019-2020-skan.pdf\" class=\"wp-block-file__button wp-element-button\" download aria-describedby=\"wp-block-file--media-7ecd70f8-9d6f-4e0c-acdc-14ae9d87194f\">Pobierz<\/a><\/div>\n\n\n\n<div class=\"wp-block-file\"><a id=\"wp-block-file--media-c385aab6-a74b-45c2-815f-78ef87cd8846\" href=\"https:\/\/pans.krosno.pl\/inzynieria-produkcji\/wp-content\/uploads\/sites\/33\/2021\/02\/Kierunkowy-Program-Praktyk-Studenckich-dla-kierunku-inzynieria-produkcji-od-roku-akademickiego-20202021.pdf\">Kierunkowy-Program-Praktyk-Studenckich-dla-kierunku-in\u017cynieria-produkcji-od-roku-akademickiego-2020\/2021<\/a><a href=\"https:\/\/pans.krosno.pl\/inzynieria-produkcji\/wp-content\/uploads\/sites\/33\/2021\/02\/Kierunkowy-Program-Praktyk-Studenckich-dla-kierunku-inzynieria-produkcji-od-roku-akademickiego-20202021.pdf\" class=\"wp-block-file__button wp-element-button\" download aria-describedby=\"wp-block-file--media-c385aab6-a74b-45c2-815f-78ef87cd8846\">Pobierz<\/a><\/div>\n\n\n\n<div class=\"wp-block-file\"><a id=\"wp-block-file--media-735b3861-4677-4b26-95ce-f51f39eaba3b\" href=\"https:\/\/pans.krosno.pl\/inzynieria-produkcji\/wp-content\/uploads\/sites\/33\/2021\/04\/Karta-przedmiotu-Praktyka-zawodowa.pdf\">Karta-przedmiotu-Praktyka-zawodowa<\/a><a href=\"https:\/\/pans.krosno.pl\/inzynieria-produkcji\/wp-content\/uploads\/sites\/33\/2021\/04\/Karta-przedmiotu-Praktyka-zawodowa.pdf\" class=\"wp-block-file__button wp-element-button\" download aria-describedby=\"wp-block-file--media-735b3861-4677-4b26-95ce-f51f39eaba3b\">Pobierz<\/a><\/div>\n\n\n\n<div class=\"wp-block-file\"><a id=\"wp-block-file--media-487e276d-a477-4c49-bbf2-b83a2ea287b5\" href=\"https:\/\/pans.krosno.pl\/inzynieria-produkcji\/wp-content\/uploads\/sites\/33\/2025\/03\/Karta-weryfikacji-efektow-uczenia-sie-Inzynieria-Produkcji-PANS.doc\">Karta weryfikacji efekt\u00f3w uczenia si\u0119 In\u017cynieria Produkcji PANS<\/a><a href=\"https:\/\/pans.krosno.pl\/inzynieria-produkcji\/wp-content\/uploads\/sites\/33\/2025\/03\/Karta-weryfikacji-efektow-uczenia-sie-Inzynieria-Produkcji-PANS.doc\" class=\"wp-block-file__button wp-element-button\" download aria-describedby=\"wp-block-file--media-487e276d-a477-4c49-bbf2-b83a2ea287b5\">Pobierz<\/a><\/div>\n\n\n\n<div class=\"wp-block-file\"><a id=\"wp-block-file--media-486cf5bb-6764-45d7-983b-82c7beb7bfcc\" href=\"https:\/\/pans.krosno.pl\/inzynieria-produkcji\/wp-content\/uploads\/sites\/33\/2025\/03\/Zalacznik-1c-Oswiadczenie-o-posiadaniu-ubezpieczenia-NNW-2.doc\">Zalacznik-1c-Oswiadczenie-o-posiadaniu-ubezpieczenia-NNW (2)<\/a><a href=\"https:\/\/pans.krosno.pl\/inzynieria-produkcji\/wp-content\/uploads\/sites\/33\/2025\/03\/Zalacznik-1c-Oswiadczenie-o-posiadaniu-ubezpieczenia-NNW-2.doc\" class=\"wp-block-file__button wp-element-button\" download aria-describedby=\"wp-block-file--media-486cf5bb-6764-45d7-983b-82c7beb7bfcc\">Pobierz<\/a><\/div>\n\n\n\n<div class=\"wp-block-file\"><a id=\"wp-block-file--media-fee831ba-89d8-40a0-96c3-af47d15cd9f9\" href=\"https:\/\/pans.krosno.pl\/inzynieria-produkcji\/wp-content\/uploads\/sites\/33\/2025\/03\/Zalacznik-8-\u2013-ankieta-oceny-miejsca-realizacji-praktyk.doc\">Zalacznik-8-\u2013-ankieta-oceny-miejsca-realizacji-praktyk<\/a><a href=\"https:\/\/pans.krosno.pl\/inzynieria-produkcji\/wp-content\/uploads\/sites\/33\/2025\/03\/Zalacznik-8-\u2013-ankieta-oceny-miejsca-realizacji-praktyk.doc\" class=\"wp-block-file__button wp-element-button\" download aria-describedby=\"wp-block-file--media-fee831ba-89d8-40a0-96c3-af47d15cd9f9\">Pobierz<\/a><\/div>\n\n\n\n<div class=\"wp-block-file\"><a id=\"wp-block-file--media-3a790439-abae-457f-94bf-1fdca74459ed\" href=\"https:\/\/pans.krosno.pl\/inzynieria-produkcji\/wp-content\/uploads\/sites\/33\/2025\/03\/Zalacznik-4a-\u2013-podanie-studenta-o-zaliczenie-praktyk-w-ramach-zatrudnienia-2.doc\">Zalacznik-4a-\u2013-podanie-studenta-o-zaliczenie-praktyk-w-ramach-zatrudnienia (2)<\/a><a href=\"https:\/\/pans.krosno.pl\/inzynieria-produkcji\/wp-content\/uploads\/sites\/33\/2025\/03\/Zalacznik-4a-\u2013-podanie-studenta-o-zaliczenie-praktyk-w-ramach-zatrudnienia-2.doc\" class=\"wp-block-file__button wp-element-button\" download aria-describedby=\"wp-block-file--media-3a790439-abae-457f-94bf-1fdca74459ed\">Pobierz<\/a><\/div>\n\n\n\n<div class=\"wp-block-file\"><a id=\"wp-block-file--media-949fe94b-7b53-4b3b-be8b-6e6a21d06a7e\" href=\"https:\/\/pans.krosno.pl\/inzynieria-produkcji\/wp-content\/uploads\/sites\/33\/2025\/03\/Zalacznik-4b-\u2013-zaswiadczenie-pracodawcy-1.doc\">Zalacznik-4b-\u2013-zaswiadczenie-pracodawcy (1)<\/a><a href=\"https:\/\/pans.krosno.pl\/inzynieria-produkcji\/wp-content\/uploads\/sites\/33\/2025\/03\/Zalacznik-4b-\u2013-zaswiadczenie-pracodawcy-1.doc\" class=\"wp-block-file__button wp-element-button\" download aria-describedby=\"wp-block-file--media-949fe94b-7b53-4b3b-be8b-6e6a21d06a7e\">Pobierz<\/a><\/div>\n\n\n\n<div class=\"wp-block-file\"><a id=\"wp-block-file--media-7b5276e8-395d-4cdd-882c-450948583195\" href=\"https:\/\/pans.krosno.pl\/inzynieria-produkcji\/wp-content\/uploads\/sites\/33\/2025\/03\/Zalacznik-4c-\u2013-oswiadczenie-o-wykonywanych-czynnosciach.doc\">Zalacznik-4c-\u2013-oswiadczenie-o-wykonywanych-czynnosciach<\/a><a href=\"https:\/\/pans.krosno.pl\/inzynieria-produkcji\/wp-content\/uploads\/sites\/33\/2025\/03\/Zalacznik-4c-\u2013-oswiadczenie-o-wykonywanych-czynnosciach.doc\" class=\"wp-block-file__button wp-element-button\" download aria-describedby=\"wp-block-file--media-7b5276e8-395d-4cdd-882c-450948583195\">Pobierz<\/a><\/div>\n\n\n\n<p>Formularze w wersji edytowalnej dost\u0119pne r\u00f3wnie\u017c w zak\u0142adce: <a href=\"https:\/\/pans.krosno.pl\/cti\/praktyki\/\">https:\/\/pans.krosno.pl\/cti\/praktyki\/<\/a><\/p>\n\n\n\n<p>Co trzeba zrobi\u0107, aby odby\u0107 praktyki? jakie dokumenty s\u0105 potrzebne? znajdziecie na stronie<a href=\"https:\/\/pans.krosno.pl\/cti\/praktyki\/przewodnik\/\">https:\/\/pans.krosno.pl\/bk\/praktyki\/przewodnik\/<\/a><\/p>\n","protected":false},"excerpt":{"rendered":"<p>Formularze w wersji edytowalnej dost\u0119pne r\u00f3wnie\u017c w zak\u0142adce: https:\/\/pans.krosno.pl\/cti\/praktyki\/ Co trzeba zrobi\u0107, aby odby\u0107 praktyki? jakie dokumenty s\u0105 potrzebne? znajdziecie na stroniehttps:\/\/pans.krosno.pl\/bk\/praktyki\/przewodnik\/<\/p>\n","protected":false},"author":27,"featured_media":0,"parent":0,"menu_order":0,"comment_status":"closed","ping_status":"closed","template":"page-templates\/template-full-width.php","meta":{"ngg_post_thumbnail":0,"footnotes":""},"class_list":["post-19","page","type-page","status-publish","hentry"],"yoast_head":"<!-- This site is optimized with the Yoast SEO Premium plugin v27.4 (Yoast SEO v27.4) - https:\/\/yoast.com\/product\/yoast-seo-premium-wordpress\/ -->\n<title>Praktyki zawodowe - In\u017cynieria Produkcji PANS w Kro\u015bnie<\/title>\n<meta name=\"description\" content=\"KPU w Kro\u015bnie\" \/>\n<meta name=\"robots\" content=\"index, follow, max-snippet:-1, max-image-preview:large, max-video-preview:-1\" \/>\n<link rel=\"canonical\" href=\"https:\/\/pans.krosno.pl\/inzynieria-produkcji\/praktyki-zawodowe\/\" \/>\n<meta property=\"og:locale\" content=\"pl_PL\" \/>\n<meta property=\"og:type\" content=\"article\" \/>\n<meta property=\"og:title\" content=\"Praktyki zawodowe\" \/>\n<meta property=\"og:description\" content=\"KPU w Kro\u015bnie\" \/>\n<meta property=\"og:url\" content=\"https:\/\/pans.krosno.pl\/inzynieria-produkcji\/praktyki-zawodowe\/\" \/>\n<meta property=\"og:site_name\" content=\"In\u017cynieria Produkcji PANS w Kro\u015bnie\" \/>\n<meta property=\"article:modified_time\" content=\"2025-07-08T12:10:32+00:00\" \/>\n<meta name=\"twitter:card\" content=\"summary_large_image\" \/>\n<meta name=\"twitter:label1\" content=\"Szacowany czas czytania\" \/>\n\t<meta name=\"twitter:data1\" content=\"1 minuta\" \/>\n<script type=\"application\/ld+json\" class=\"yoast-schema-graph\">{\"@context\":\"https:\\\/\\\/schema.org\",\"@graph\":[{\"@type\":\"WebPage\",\"@id\":\"https:\\\/\\\/pans.krosno.pl\\\/inzynieria-produkcji\\\/praktyki-zawodowe\\\/\",\"url\":\"https:\\\/\\\/pans.krosno.pl\\\/inzynieria-produkcji\\\/praktyki-zawodowe\\\/\",\"name\":\"Praktyki zawodowe - In\u017cynieria Produkcji PANS w Kro\u015bnie\",\"isPartOf\":{\"@id\":\"https:\\\/\\\/pans.krosno.pl\\\/inzynieria-produkcji\\\/#website\"},\"datePublished\":\"2019-11-18T08:28:32+00:00\",\"dateModified\":\"2025-07-08T12:10:32+00:00\",\"description\":\"KPU w Kro\u015bnie\",\"breadcrumb\":{\"@id\":\"https:\\\/\\\/pans.krosno.pl\\\/inzynieria-produkcji\\\/praktyki-zawodowe\\\/#breadcrumb\"},\"inLanguage\":\"pl-PL\",\"potentialAction\":[{\"@type\":\"ReadAction\",\"target\":[\"https:\\\/\\\/pans.krosno.pl\\\/inzynieria-produkcji\\\/praktyki-zawodowe\\\/\"]}]},{\"@type\":\"BreadcrumbList\",\"@id\":\"https:\\\/\\\/pans.krosno.pl\\\/inzynieria-produkcji\\\/praktyki-zawodowe\\\/#breadcrumb\",\"itemListElement\":[{\"@type\":\"ListItem\",\"position\":1,\"name\":\"Strona g\u0142\u00f3wna\",\"item\":\"https:\\\/\\\/pans.krosno.pl\\\/inzynieria-produkcji\\\/\"},{\"@type\":\"ListItem\",\"position\":2,\"name\":\"Praktyki zawodowe\"}]},{\"@type\":\"WebSite\",\"@id\":\"https:\\\/\\\/pans.krosno.pl\\\/inzynieria-produkcji\\\/#website\",\"url\":\"https:\\\/\\\/pans.krosno.pl\\\/inzynieria-produkcji\\\/\",\"name\":\"In\u017cynieria Produkcji PANS w Kro\u015bnie\",\"description\":\"In\u017cynieria Produkcji - Pa\u0144stwowa Akademia Nauk Stosowanych\",\"publisher\":{\"@id\":\"https:\\\/\\\/pans.krosno.pl\\\/inzynieria-produkcji\\\/#organization\"},\"potentialAction\":[{\"@type\":\"SearchAction\",\"target\":{\"@type\":\"EntryPoint\",\"urlTemplate\":\"https:\\\/\\\/pans.krosno.pl\\\/inzynieria-produkcji\\\/?s={search_term_string}\"},\"query-input\":{\"@type\":\"PropertyValueSpecification\",\"valueRequired\":true,\"valueName\":\"search_term_string\"}}],\"inLanguage\":\"pl-PL\"},{\"@type\":\"Organization\",\"@id\":\"https:\\\/\\\/pans.krosno.pl\\\/inzynieria-produkcji\\\/#organization\",\"name\":\"In\u017cynieria Produkcji PANS w Kro\u015bnie\",\"url\":\"https:\\\/\\\/pans.krosno.pl\\\/inzynieria-produkcji\\\/\",\"logo\":{\"@type\":\"ImageObject\",\"inLanguage\":\"pl-PL\",\"@id\":\"https:\\\/\\\/pans.krosno.pl\\\/inzynieria-produkcji\\\/#\\\/schema\\\/logo\\\/image\\\/\",\"url\":\"https:\\\/\\\/pans.krosno.pl\\\/inzynieria-produkcji\\\/wp-content\\\/uploads\\\/sites\\\/33\\\/2023\\\/01\\\/Logo-PANS-2022-pelne.png\",\"contentUrl\":\"https:\\\/\\\/pans.krosno.pl\\\/inzynieria-produkcji\\\/wp-content\\\/uploads\\\/sites\\\/33\\\/2023\\\/01\\\/Logo-PANS-2022-pelne.png\",\"width\":3096,\"height\":696,\"caption\":\"In\u017cynieria Produkcji PANS w Kro\u015bnie\"},\"image\":{\"@id\":\"https:\\\/\\\/pans.krosno.pl\\\/inzynieria-produkcji\\\/#\\\/schema\\\/logo\\\/image\\\/\"}}]}<\/script>\n<!-- \/ Yoast SEO Premium plugin. -->","yoast_head_json":{"title":"Praktyki zawodowe - In\u017cynieria Produkcji PANS w Kro\u015bnie","description":"KPU w Kro\u015bnie","robots":{"index":"index","follow":"follow","max-snippet":"max-snippet:-1","max-image-preview":"max-image-preview:large","max-video-preview":"max-video-preview:-1"},"canonical":"https:\/\/pans.krosno.pl\/inzynieria-produkcji\/praktyki-zawodowe\/","og_locale":"pl_PL","og_type":"article","og_title":"Praktyki zawodowe","og_description":"KPU w Kro\u015bnie","og_url":"https:\/\/pans.krosno.pl\/inzynieria-produkcji\/praktyki-zawodowe\/","og_site_name":"In\u017cynieria Produkcji PANS w Kro\u015bnie","article_modified_time":"2025-07-08T12:10:32+00:00","twitter_card":"summary_large_image","twitter_misc":{"Szacowany czas czytania":"1 minuta"},"schema":{"@context":"https:\/\/schema.org","@graph":[{"@type":"WebPage","@id":"https:\/\/pans.krosno.pl\/inzynieria-produkcji\/praktyki-zawodowe\/","url":"https:\/\/pans.krosno.pl\/inzynieria-produkcji\/praktyki-zawodowe\/","name":"Praktyki zawodowe - In\u017cynieria Produkcji PANS w Kro\u015bnie","isPartOf":{"@id":"https:\/\/pans.krosno.pl\/inzynieria-produkcji\/#website"},"datePublished":"2019-11-18T08:28:32+00:00","dateModified":"2025-07-08T12:10:32+00:00","description":"KPU w Kro\u015bnie","breadcrumb":{"@id":"https:\/\/pans.krosno.pl\/inzynieria-produkcji\/praktyki-zawodowe\/#breadcrumb"},"inLanguage":"pl-PL","potentialAction":[{"@type":"ReadAction","target":["https:\/\/pans.krosno.pl\/inzynieria-produkcji\/praktyki-zawodowe\/"]}]},{"@type":"BreadcrumbList","@id":"https:\/\/pans.krosno.pl\/inzynieria-produkcji\/praktyki-zawodowe\/#breadcrumb","itemListElement":[{"@type":"ListItem","position":1,"name":"Strona g\u0142\u00f3wna","item":"https:\/\/pans.krosno.pl\/inzynieria-produkcji\/"},{"@type":"ListItem","position":2,"name":"Praktyki zawodowe"}]},{"@type":"WebSite","@id":"https:\/\/pans.krosno.pl\/inzynieria-produkcji\/#website","url":"https:\/\/pans.krosno.pl\/inzynieria-produkcji\/","name":"In\u017cynieria Produkcji PANS w Kro\u015bnie","description":"In\u017cynieria Produkcji - Pa\u0144stwowa Akademia Nauk Stosowanych","publisher":{"@id":"https:\/\/pans.krosno.pl\/inzynieria-produkcji\/#organization"},"potentialAction":[{"@type":"SearchAction","target":{"@type":"EntryPoint","urlTemplate":"https:\/\/pans.krosno.pl\/inzynieria-produkcji\/?s={search_term_string}"},"query-input":{"@type":"PropertyValueSpecification","valueRequired":true,"valueName":"search_term_string"}}],"inLanguage":"pl-PL"},{"@type":"Organization","@id":"https:\/\/pans.krosno.pl\/inzynieria-produkcji\/#organization","name":"In\u017cynieria Produkcji PANS w Kro\u015bnie","url":"https:\/\/pans.krosno.pl\/inzynieria-produkcji\/","logo":{"@type":"ImageObject","inLanguage":"pl-PL","@id":"https:\/\/pans.krosno.pl\/inzynieria-produkcji\/#\/schema\/logo\/image\/","url":"https:\/\/pans.krosno.pl\/inzynieria-produkcji\/wp-content\/uploads\/sites\/33\/2023\/01\/Logo-PANS-2022-pelne.png","contentUrl":"https:\/\/pans.krosno.pl\/inzynieria-produkcji\/wp-content\/uploads\/sites\/33\/2023\/01\/Logo-PANS-2022-pelne.png","width":3096,"height":696,"caption":"In\u017cynieria Produkcji PANS w Kro\u015bnie"},"image":{"@id":"https:\/\/pans.krosno.pl\/inzynieria-produkcji\/#\/schema\/logo\/image\/"}}]}},"_links":{"self":[{"href":"https:\/\/pans.krosno.pl\/inzynieria-produkcji\/wp-json\/wp\/v2\/pages\/19","targetHints":{"allow":["GET"]}}],"collection":[{"href":"https:\/\/pans.krosno.pl\/inzynieria-produkcji\/wp-json\/wp\/v2\/pages"}],"about":[{"href":"https:\/\/pans.krosno.pl\/inzynieria-produkcji\/wp-json\/wp\/v2\/types\/page"}],"author":[{"embeddable":true,"href":"https:\/\/pans.krosno.pl\/inzynieria-produkcji\/wp-json\/wp\/v2\/users\/27"}],"replies":[{"embeddable":true,"href":"https:\/\/pans.krosno.pl\/inzynieria-produkcji\/wp-json\/wp\/v2\/comments?post=19"}],"version-history":[{"count":14,"href":"https:\/\/pans.krosno.pl\/inzynieria-produkcji\/wp-json\/wp\/v2\/pages\/19\/revisions"}],"predecessor-version":[{"id":2005,"href":"https:\/\/pans.krosno.pl\/inzynieria-produkcji\/wp-json\/wp\/v2\/pages\/19\/revisions\/2005"}],"wp:attachment":[{"href":"https:\/\/pans.krosno.pl\/inzynieria-produkcji\/wp-json\/wp\/v2\/media?parent=19"}],"curies":[{"name":"wp","href":"https:\/\/api.w.org\/{rel}","templated":true}]}}