{"id":18,"date":"2019-11-18T09:28:32","date_gmt":"2019-11-18T08:28:32","guid":{"rendered":"https:\/\/pans.krosno.pl\/inzynieria-produkcji\/?page_id=18"},"modified":"2025-11-01T09:31:04","modified_gmt":"2025-11-01T08:31:04","slug":"dyzury-pracownikow","status":"publish","type":"page","link":"https:\/\/pans.krosno.pl\/inzynieria-produkcji\/dyzury-pracownikow\/","title":{"rendered":"Dy\u017cury pracownik\u00f3w"},"content":{"rendered":"\n<p><\/p>\n\n\n\n<p><\/p>\n\n\n\n<figure class=\"wp-block-table is-style-stripes\"><table><thead><tr><th>mi\u0119 i nazwisko<\/th><th>Dzie\u0144<\/th><th>Godzina<\/th><th>Miejsce<\/th><\/tr><\/thead><tbody><tr><td><a href=\"https:\/\/pans.krosno.pl\/pracownicy\/bernadeta-rajchel\/\" target=\"_blank\" rel=\"noreferrer noopener\">dr in\u017c. Bernadeta Rajchel<\/a><br>Kierownik Zak\u0142adu Opiekun roku I i II <br>studi\u00f3w stacjonarnych<\/td><td>Pi\u0105tek <br><\/td><td>14.30-16.00<\/td><td>ul. Dmochowskiego 12,                              b. B, pok. 13<\/td><\/tr><tr><td><a href=\"https:\/\/pans.krosno.pl\/pracownicy\/wlodzimierz-wojcik\/\" target=\"_blank\" rel=\"noreferrer noopener\">prof. nadzw. dr hab. in\u017c.<br>W\u0142odzimierz W\u00f3jcik<\/a><\/td><td>Pi\u0105tek (B)<\/td><td>13:00-15:30<\/td><td>ul. Dmochowskiego 12<\/td><\/tr><tr><td><a href=\"https:\/\/pans.krosno.pl\/pracownicy\/krzysztof-chmielowski\/\" target=\"_blank\" rel=\"noreferrer noopener\">prof. dr hab. in\u017c.<br>Krzysztof Chmielowski<\/a><\/td><td>Sobota (B)<\/td><td>12:00-14:00<\/td><td>ul. Dmochowskiego 12\/<\/td><\/tr><tr><td><a href=\"https:\/\/pans.krosno.pl\/pracownicy\/andrzej-studzinski\/\" target=\"_blank\" rel=\"noreferrer noopener\">dr in\u017c. Andrzej Studzi\u0144ski<\/a><\/td><td>Sobota (B)<\/td><td>11:00-12:30<\/td><td>ul. Dmochowskiego 12, B2 sala 13\/<\/td><\/tr><tr><td><a href=\"https:\/\/pans.krosno.pl\/pracownicy\/krzysztof-topolski\/\" target=\"_blank\" rel=\"noreferrer noopener\">dr in\u017c. Krzysztof Topolski<\/a><\/td><td>Czwartek (A)<\/td><td>8.00-9.00<\/td><td>ul. Dmochowskiego 12, sala 11\/<\/td><\/tr><tr><td><a href=\"https:\/\/pans.krosno.pl\/pracownicy\/damian-dubis\/\">dr in\u017c. Damian Dubis<\/a><\/td><td>Sobota<\/td><td>12:00-13:00<\/td><td>ul.\u00a0Dmochowskiego 12, bud1 sala 23<\/td><\/tr><tr><td><a href=\"https:\/\/pans.krosno.pl\/pracownicy\/bogdan-krasowski\/\">dr in\u017c. Bogdan Krasowski<\/a><\/td><td>Sobota (B)<\/td><td>14:15-15:45<\/td><td>ul. \u017bwirki i Wigury 9a <br><\/td><\/tr><tr><td><a href=\"https:\/\/pans.krosno.pl\/pracownicy\/mikhael-hakim\/\" target=\"_blank\" rel=\"noreferrer noopener\">dr in\u017c. Micha\u0142 Hakim<\/a><\/td><td>Pi\u0105tek<\/td><td>13:00-15:00<\/td><td>ul. Dmochowskiego 12, sala 2 budynek B<\/td><\/tr><tr><td><a href=\"https:\/\/pans.krosno.pl\/pracownicy\/romuald-fejkiel\/\">dr in\u017c. Romuald Fejkiel<\/a><\/td><td>\u015aroda(B)<\/td><td>12:30-15:30<\/td><td>ul. \u017bwirki i Wigury 9a\/<\/td><\/tr><tr><td><a href=\"https:\/\/pans.krosno.pl\/pracownicy\/malgorzata-zrodlo-loda\/\">dr in\u017c. Ma\u0142gorzata \u0179r\u00f3d\u0142o-Loda<\/a><\/td><td>Poniedzia\u0142ek (A)<br>Wtorek (A)<br>Wtorki<br>Czwartki (B) [9.10,23.10,6.11,20.11,4.12]<br><\/td><td>14:45-15:30<br>11:00-11:30<br>15:00-16:00<br>14:15-15:15<br><\/td><td><br>ul. Dmochowskiego 12, p. 28<br>ul. K. Wielkiego 8<br>ul Wyspia\u0144skiego 20, p. 1<br>ul. Dmochowskiego 12, p.28<br>Online \u2013 po wcze\u015bniejszym uzgodnieniu terminu drog\u0105 mailow\u0105<\/td><\/tr><tr><td><a href=\"https:\/\/pans.krosno.pl\/pracownicy\/agnieszka-wozniak\/\">dr Agnieszka Wo\u017aniak<\/a><\/td><td>Pit\u0105tek<\/td><td>15:30-17:00 <\/td><td>ul. \u017bwirki i Wigury 9a <br>online na MTeams<\/td><\/tr><tr><td><a href=\"https:\/\/pans.krosno.pl\/pracownicy\/pawel-milan\/\">mgr in\u017c. Pawe\u0142 Milan<\/a><\/td><td>Czwartek (B) [31.10,27.11,11.12]<br>Czwartek (B) [pozosta\u0142e]<br>Pi\u0105tek (B) <br>Czwartek(A)<\/td><td>14:45-15:30<br>15:00-16:00<br>14:15-15:00<br>10:00-11:30<\/td><td>ul. Wyspia\u0144skiego 20<br>ul. Wyspia\u0144skiego 20<br>ul. \u017bwirki i Wigury 9a <br>ul. Wyspia\u0144skiego 20<br>Dodatkowo mo\u017cliwe s\u0105 konsultacje na platformie Teams po wcze\u015bniejszym ustaleniu poprzez e-mail.<br><\/td><\/tr><tr><td><a href=\"https:\/\/pans.krosno.pl\/pracownicy\/radoslaw-kruk\/\">mgr in\u017c. Rados\u0142aw Kruk<\/a><\/td><td>\u015aroda<br>Pi\u0105tek<\/td><td>12:00-13:00<\/td><td>ul. \u017bwirki i Wigury 9a <br>Dodatkowo mo\u017cliwe s\u0105 konsultacje na platformie Teams po wcze\u015bniejszym ustaleniu poprzez e-mail.\/<\/td><\/tr><\/tbody><\/table><\/figure>\n\n\n\n<p><\/p>\n","protected":false},"excerpt":{"rendered":"<p>mi\u0119 i nazwisko Dzie\u0144 Godzina Miejsce dr in\u017c. Bernadeta RajchelKierownik Zak\u0142adu Opiekun roku I i II studi\u00f3w stacjonarnych Pi\u0105tek 14.30-16.00 ul. Dmochowskiego 12, b. B, pok. 13 prof. nadzw. dr hab. in\u017c.W\u0142odzimierz W\u00f3jcik Pi\u0105tek (B) 13:00-15:30 ul. Dmochowskiego 12 prof. dr hab. in\u017c.Krzysztof Chmielowski Sobota (B) 12:00-14:00 ul. Dmochowskiego 12\/ [\u2026] <\/p>\n<div class=\"clear\"><\/div>\n<p><a class=\"more_link clearfix\" href=\"https:\/\/pans.krosno.pl\/inzynieria-produkcji\/dyzury-pracownikow\/\" rel=\"nofollow\">Read More<\/a><\/p>\n","protected":false},"author":27,"featured_media":0,"parent":0,"menu_order":0,"comment_status":"closed","ping_status":"closed","template":"page-templates\/template-full-width.php","meta":{"ngg_post_thumbnail":0,"footnotes":""},"class_list":["post-18","page","type-page","status-publish","hentry"],"yoast_head":"<!-- This site is optimized with the Yoast SEO Premium plugin v27.4 (Yoast SEO v27.4) - https:\/\/yoast.com\/product\/yoast-seo-premium-wordpress\/ -->\n<title>Dy\u017cury pracownik\u00f3w - In\u017cynieria Produkcji PANS w Kro\u015bnie<\/title>\n<meta name=\"description\" content=\"KPU w Kro\u015bnie\" \/>\n<meta name=\"robots\" content=\"index, follow, max-snippet:-1, max-image-preview:large, max-video-preview:-1\" \/>\n<link rel=\"canonical\" href=\"https:\/\/pans.krosno.pl\/inzynieria-produkcji\/dyzury-pracownikow\/\" \/>\n<meta property=\"og:locale\" content=\"pl_PL\" \/>\n<meta property=\"og:type\" content=\"article\" \/>\n<meta property=\"og:title\" content=\"Dy\u017cury pracownik\u00f3w\" \/>\n<meta property=\"og:description\" content=\"KPU w Kro\u015bnie\" \/>\n<meta property=\"og:url\" content=\"https:\/\/pans.krosno.pl\/inzynieria-produkcji\/dyzury-pracownikow\/\" \/>\n<meta property=\"og:site_name\" content=\"In\u017cynieria Produkcji PANS w Kro\u015bnie\" \/>\n<meta property=\"article:modified_time\" content=\"2025-11-01T08:31:04+00:00\" \/>\n<meta name=\"twitter:card\" content=\"summary_large_image\" \/>\n<meta name=\"twitter:label1\" content=\"Szacowany czas czytania\" \/>\n\t<meta name=\"twitter:data1\" content=\"2 minuty\" \/>\n<script type=\"application\/ld+json\" class=\"yoast-schema-graph\">{\"@context\":\"https:\\\/\\\/schema.org\",\"@graph\":[{\"@type\":\"WebPage\",\"@id\":\"https:\\\/\\\/pans.krosno.pl\\\/inzynieria-produkcji\\\/dyzury-pracownikow\\\/\",\"url\":\"https:\\\/\\\/pans.krosno.pl\\\/inzynieria-produkcji\\\/dyzury-pracownikow\\\/\",\"name\":\"Dy\u017cury pracownik\u00f3w - In\u017cynieria Produkcji PANS w Kro\u015bnie\",\"isPartOf\":{\"@id\":\"https:\\\/\\\/pans.krosno.pl\\\/inzynieria-produkcji\\\/#website\"},\"datePublished\":\"2019-11-18T08:28:32+00:00\",\"dateModified\":\"2025-11-01T08:31:04+00:00\",\"description\":\"KPU w Kro\u015bnie\",\"breadcrumb\":{\"@id\":\"https:\\\/\\\/pans.krosno.pl\\\/inzynieria-produkcji\\\/dyzury-pracownikow\\\/#breadcrumb\"},\"inLanguage\":\"pl-PL\",\"potentialAction\":[{\"@type\":\"ReadAction\",\"target\":[\"https:\\\/\\\/pans.krosno.pl\\\/inzynieria-produkcji\\\/dyzury-pracownikow\\\/\"]}]},{\"@type\":\"BreadcrumbList\",\"@id\":\"https:\\\/\\\/pans.krosno.pl\\\/inzynieria-produkcji\\\/dyzury-pracownikow\\\/#breadcrumb\",\"itemListElement\":[{\"@type\":\"ListItem\",\"position\":1,\"name\":\"Strona g\u0142\u00f3wna\",\"item\":\"https:\\\/\\\/pans.krosno.pl\\\/inzynieria-produkcji\\\/\"},{\"@type\":\"ListItem\",\"position\":2,\"name\":\"Dy\u017cury pracownik\u00f3w\"}]},{\"@type\":\"WebSite\",\"@id\":\"https:\\\/\\\/pans.krosno.pl\\\/inzynieria-produkcji\\\/#website\",\"url\":\"https:\\\/\\\/pans.krosno.pl\\\/inzynieria-produkcji\\\/\",\"name\":\"In\u017cynieria Produkcji PANS w Kro\u015bnie\",\"description\":\"In\u017cynieria Produkcji - Pa\u0144stwowa Akademia Nauk Stosowanych\",\"publisher\":{\"@id\":\"https:\\\/\\\/pans.krosno.pl\\\/inzynieria-produkcji\\\/#organization\"},\"potentialAction\":[{\"@type\":\"SearchAction\",\"target\":{\"@type\":\"EntryPoint\",\"urlTemplate\":\"https:\\\/\\\/pans.krosno.pl\\\/inzynieria-produkcji\\\/?s={search_term_string}\"},\"query-input\":{\"@type\":\"PropertyValueSpecification\",\"valueRequired\":true,\"valueName\":\"search_term_string\"}}],\"inLanguage\":\"pl-PL\"},{\"@type\":\"Organization\",\"@id\":\"https:\\\/\\\/pans.krosno.pl\\\/inzynieria-produkcji\\\/#organization\",\"name\":\"In\u017cynieria Produkcji PANS w Kro\u015bnie\",\"url\":\"https:\\\/\\\/pans.krosno.pl\\\/inzynieria-produkcji\\\/\",\"logo\":{\"@type\":\"ImageObject\",\"inLanguage\":\"pl-PL\",\"@id\":\"https:\\\/\\\/pans.krosno.pl\\\/inzynieria-produkcji\\\/#\\\/schema\\\/logo\\\/image\\\/\",\"url\":\"https:\\\/\\\/pans.krosno.pl\\\/inzynieria-produkcji\\\/wp-content\\\/uploads\\\/sites\\\/33\\\/2023\\\/01\\\/Logo-PANS-2022-pelne.png\",\"contentUrl\":\"https:\\\/\\\/pans.krosno.pl\\\/inzynieria-produkcji\\\/wp-content\\\/uploads\\\/sites\\\/33\\\/2023\\\/01\\\/Logo-PANS-2022-pelne.png\",\"width\":3096,\"height\":696,\"caption\":\"In\u017cynieria Produkcji PANS w Kro\u015bnie\"},\"image\":{\"@id\":\"https:\\\/\\\/pans.krosno.pl\\\/inzynieria-produkcji\\\/#\\\/schema\\\/logo\\\/image\\\/\"}}]}<\/script>\n<!-- \/ Yoast SEO Premium plugin. -->","yoast_head_json":{"title":"Dy\u017cury pracownik\u00f3w - In\u017cynieria Produkcji PANS w Kro\u015bnie","description":"KPU w Kro\u015bnie","robots":{"index":"index","follow":"follow","max-snippet":"max-snippet:-1","max-image-preview":"max-image-preview:large","max-video-preview":"max-video-preview:-1"},"canonical":"https:\/\/pans.krosno.pl\/inzynieria-produkcji\/dyzury-pracownikow\/","og_locale":"pl_PL","og_type":"article","og_title":"Dy\u017cury pracownik\u00f3w","og_description":"KPU w Kro\u015bnie","og_url":"https:\/\/pans.krosno.pl\/inzynieria-produkcji\/dyzury-pracownikow\/","og_site_name":"In\u017cynieria Produkcji PANS w Kro\u015bnie","article_modified_time":"2025-11-01T08:31:04+00:00","twitter_card":"summary_large_image","twitter_misc":{"Szacowany czas czytania":"2 minuty"},"schema":{"@context":"https:\/\/schema.org","@graph":[{"@type":"WebPage","@id":"https:\/\/pans.krosno.pl\/inzynieria-produkcji\/dyzury-pracownikow\/","url":"https:\/\/pans.krosno.pl\/inzynieria-produkcji\/dyzury-pracownikow\/","name":"Dy\u017cury pracownik\u00f3w - In\u017cynieria Produkcji PANS w Kro\u015bnie","isPartOf":{"@id":"https:\/\/pans.krosno.pl\/inzynieria-produkcji\/#website"},"datePublished":"2019-11-18T08:28:32+00:00","dateModified":"2025-11-01T08:31:04+00:00","description":"KPU w Kro\u015bnie","breadcrumb":{"@id":"https:\/\/pans.krosno.pl\/inzynieria-produkcji\/dyzury-pracownikow\/#breadcrumb"},"inLanguage":"pl-PL","potentialAction":[{"@type":"ReadAction","target":["https:\/\/pans.krosno.pl\/inzynieria-produkcji\/dyzury-pracownikow\/"]}]},{"@type":"BreadcrumbList","@id":"https:\/\/pans.krosno.pl\/inzynieria-produkcji\/dyzury-pracownikow\/#breadcrumb","itemListElement":[{"@type":"ListItem","position":1,"name":"Strona g\u0142\u00f3wna","item":"https:\/\/pans.krosno.pl\/inzynieria-produkcji\/"},{"@type":"ListItem","position":2,"name":"Dy\u017cury pracownik\u00f3w"}]},{"@type":"WebSite","@id":"https:\/\/pans.krosno.pl\/inzynieria-produkcji\/#website","url":"https:\/\/pans.krosno.pl\/inzynieria-produkcji\/","name":"In\u017cynieria Produkcji PANS w Kro\u015bnie","description":"In\u017cynieria Produkcji - Pa\u0144stwowa Akademia Nauk Stosowanych","publisher":{"@id":"https:\/\/pans.krosno.pl\/inzynieria-produkcji\/#organization"},"potentialAction":[{"@type":"SearchAction","target":{"@type":"EntryPoint","urlTemplate":"https:\/\/pans.krosno.pl\/inzynieria-produkcji\/?s={search_term_string}"},"query-input":{"@type":"PropertyValueSpecification","valueRequired":true,"valueName":"search_term_string"}}],"inLanguage":"pl-PL"},{"@type":"Organization","@id":"https:\/\/pans.krosno.pl\/inzynieria-produkcji\/#organization","name":"In\u017cynieria Produkcji PANS w Kro\u015bnie","url":"https:\/\/pans.krosno.pl\/inzynieria-produkcji\/","logo":{"@type":"ImageObject","inLanguage":"pl-PL","@id":"https:\/\/pans.krosno.pl\/inzynieria-produkcji\/#\/schema\/logo\/image\/","url":"https:\/\/pans.krosno.pl\/inzynieria-produkcji\/wp-content\/uploads\/sites\/33\/2023\/01\/Logo-PANS-2022-pelne.png","contentUrl":"https:\/\/pans.krosno.pl\/inzynieria-produkcji\/wp-content\/uploads\/sites\/33\/2023\/01\/Logo-PANS-2022-pelne.png","width":3096,"height":696,"caption":"In\u017cynieria Produkcji PANS w Kro\u015bnie"},"image":{"@id":"https:\/\/pans.krosno.pl\/inzynieria-produkcji\/#\/schema\/logo\/image\/"}}]}},"_links":{"self":[{"href":"https:\/\/pans.krosno.pl\/inzynieria-produkcji\/wp-json\/wp\/v2\/pages\/18","targetHints":{"allow":["GET"]}}],"collection":[{"href":"https:\/\/pans.krosno.pl\/inzynieria-produkcji\/wp-json\/wp\/v2\/pages"}],"about":[{"href":"https:\/\/pans.krosno.pl\/inzynieria-produkcji\/wp-json\/wp\/v2\/types\/page"}],"author":[{"embeddable":true,"href":"https:\/\/pans.krosno.pl\/inzynieria-produkcji\/wp-json\/wp\/v2\/users\/27"}],"replies":[{"embeddable":true,"href":"https:\/\/pans.krosno.pl\/inzynieria-produkcji\/wp-json\/wp\/v2\/comments?post=18"}],"version-history":[{"count":150,"href":"https:\/\/pans.krosno.pl\/inzynieria-produkcji\/wp-json\/wp\/v2\/pages\/18\/revisions"}],"predecessor-version":[{"id":2172,"href":"https:\/\/pans.krosno.pl\/inzynieria-produkcji\/wp-json\/wp\/v2\/pages\/18\/revisions\/2172"}],"wp:attachment":[{"href":"https:\/\/pans.krosno.pl\/inzynieria-produkcji\/wp-json\/wp\/v2\/media?parent=18"}],"curies":[{"name":"wp","href":"https:\/\/api.w.org\/{rel}","templated":true}]}}