{"id":40,"date":"2020-04-01T11:45:37","date_gmt":"2020-04-01T09:45:37","guid":{"rendered":"https:\/\/pans.krosno.pl\/instytut-zdrowia-i-gospodarki\/?page_id=40"},"modified":"2025-06-25T10:22:33","modified_gmt":"2025-06-25T08:22:33","slug":"dyrektor-i-kierownicy-zakladow","status":"publish","type":"page","link":"https:\/\/pans.krosno.pl\/instytut-zdrowia\/dyrektor-i-kierownicy-zakladow\/","title":{"rendered":"Dyrektor i kierownicy zak\u0142ad\u00f3w"},"content":{"rendered":"\n<hr class=\"wp-block-separator has-alpha-channel-opacity\" \/>\n\n\n\n<ul class=\"wp-block-list\">\n<li><a href=\"https:\/\/pans.krosno.pl\/pracownicy\/renata-dziubaszewska\/\">dr Renata Dziubaszewska<\/a>\n<ul class=\"wp-block-list\">\n<li><strong><mark class=\"has-inline-color has-vivid-red-color\">Dyrektor<\/mark>&nbsp;<a href=\"https:\/\/pans.krosno.pl\/instytut-zdrowia\/\">Instytutu Zdrowia<\/a><\/strong><\/li>\n\n\n\n<li><a href=\"mailto:renata.dziubaszewska@pans.krosno.pl\">renata.dziubaszewska@pans.krosno.pl<\/a><\/li>\n<\/ul>\n<\/li>\n\n\n\n<li><a href=\"https:\/\/pans.krosno.pl\/pracownicy\/malgorzata-dziura\/\" target=\"_blank\" rel=\"noreferrer noopener\">mgr Ma\u0142gorzata Dziura<\/a>\n<ul class=\"wp-block-list\">\n<li><strong>Kierownik&nbsp;<a href=\"https:\/\/pans.krosno.pl\/pielegniarstwo\/\" target=\"_blank\" rel=\"noreferrer noopener\">Zak\u0142adu Piel\u0119gniarstwa<\/a><\/strong><\/li>\n\n\n\n<li><a href=\"mailto:malgorzata.dziura@pans.krosno.pl\">malgorzata.dziura@pans.krosno.pl<\/a><\/li>\n<\/ul>\n<\/li>\n\n\n\n<li><a href=\"https:\/\/pans.krosno.pl\/pracownicy\/joanna-grzesik-gasior\/\">dr Joanna Grzesik-G\u0105sior<\/a>\n<ul class=\"wp-block-list\">\n<li><strong>Kierownik&nbsp;<a href=\"https:\/\/pans.krosno.pl\/poloznictwo\/\" target=\"_blank\" rel=\"noreferrer noopener\">Zak\u0142adu Po\u0142o\u017cnictwa<\/a><\/strong><\/li>\n\n\n\n<li><a href=\"mailto:joanna.grzesik-gasior@pans.krosno.pl\">joanna.grzesik-gasior@pans.krosno.pl<\/a><\/li>\n<\/ul>\n<\/li>\n\n\n\n<li><a href=\"https:\/\/pans.krosno.pl\/pracownicy\/jakub-zalewski\/\">mgr Jakub Zalewski<\/a>\n<ul class=\"wp-block-list\">\n<li><strong>Kierownik<\/strong>&nbsp;<a href=\"https:\/\/pans.krosno.pl\/ratownictwo-medyczne\/\"><strong>Zak\u0142adu Ratownictwa Medycznego<\/strong><\/a><\/li>\n\n\n\n<li><a href=\"mailto:jakub.zalewski@pans.krosno.pl\">jakub.zalewski@pans.krosno.pl<\/a><\/li>\n<\/ul>\n<\/li>\n\n\n\n<li><a href=\"https:\/\/pans.krosno.pl\/pracownicy\/grzegorz-sobolewski\/\">dr Grzegorz Sobolewski<\/a>\n<ul class=\"wp-block-list\">\n<li><strong>Kierownik&nbsp;<a href=\"https:\/\/pans.krosno.pl\/wf\/\" target=\"_blank\" rel=\"noreferrer noopener\">Zak\u0142adu Wychowania Fizycznego<\/a><\/strong><\/li>\n\n\n\n<li><a href=\"mailto:grzegorz.sobolewski@pans.krosno.pl\">grzegorz.sobolewski@pans.krosno.pl<\/a><\/li>\n<\/ul>\n<\/li>\n<\/ul>\n\n\n\n<hr class=\"wp-block-separator has-css-opacity\" \/>\n\n\n\n<figure class=\"wp-block-table is-style-stripes\"><table class=\"has-fixed-layout\"><thead><tr><th>Imi\u0119 i Nazwisko<\/th><th>Zak\u0142ad<\/th><th>Godziny Konsultacji<\/th><th>Miejsce <strong>Konsultacji<\/strong><\/th><\/tr><\/thead><tbody><tr><td><a href=\"https:\/\/pans.krosno.pl\/pracownicy\/malgorzata-gorka\/\" target=\"_blank\" rel=\"noreferrer noopener\">dr n. med. Renata Dziubaszewska<\/a><\/td><td>Dyrektor Instytutu<br><\/td><td>\u015broda 9:30 &#8211; 10:30<br><br>\u015broda 11:00 &#8211; 12:00<\/td><td>ul. Stanis\u0142awa Wyspia\u0144skiego 6 pok\u00f3j 8<br><br>ul.Kazimierza Wielkiego 6, pok\u00f3j 9<br><br>Microsoft Teams<br>Kod do konsultacji: lum2ux3<\/td><\/tr><tr><td><a href=\"https:\/\/pans.krosno.pl\/pracownicy\/malgorzata-dziura\/\" target=\"_blank\" rel=\"noreferrer noopener\">mgr Ma\u0142gorzata Dziura<\/a><\/td><td><a href=\"https:\/\/pans.krosno.pl\/pielegniarstwo\/\">Zak\u0142ad Piel\u0119gniarstwa<\/a><\/td><td><\/td><td>ul. Kazimierza Wielkiego 6<\/td><\/tr><tr><td><a href=\"https:\/\/pans.krosno.pl\/pracownicy\/joanna-grzesik-gasior\/\">dr n.o zdr. Joanna Grzesik &#8211; G\u0105sior<\/a><\/td><td><a href=\"https:\/\/pans.krosno.pl\/poloznictwo\/\">Zak\u0142ad Po\u0142o\u017cnictwa<\/a><\/td><td><\/td><td>ul. Kazimierza Wielkiego 6<\/td><\/tr><tr><td><a href=\"https:\/\/pans.krosno.pl\/pracownicy\/jakub-zalewski\/\">mgr Jakub Zalewski<\/a><\/td><td><a href=\"https:\/\/pans.krosno.pl\/ratownictwo-medyczne\/\">Zak\u0142ad Ratownictwa Medycznego<\/a><\/td><td><\/td><td>ul. Kazimierza Wielkiego 6<\/td><\/tr><tr><td><a href=\"https:\/\/pans.krosno.pl\/pracownicy\/dr-inz-piotr-lenik\/\"><\/a><a href=\"https:\/\/pans.krosno.pl\/pracownicy\/grzegorz-sobolewski\/\">dr Grzegorz Sobolewski<\/a><\/td><td><a href=\"https:\/\/pans.krosno.pl\/wf\/\">Zak\u0142ad Wychowania<br> Fizycznego<\/a><\/td><td><\/td><td>ul. Stanis\u0142awa Wyspia\u0144skiego 6<\/td><\/tr><\/tbody><\/table><\/figure>\n\n\n\n<p>W razie kontaktu z Kierownikami Zak\u0142ad\u00f3w nale\u017cy kontaktowa\u0107 si\u0119 z sekretariatem Zak\u0142adu.<\/p>\n","protected":false},"excerpt":{"rendered":"<p>Imi\u0119 i Nazwisko Zak\u0142ad Godziny Konsultacji Miejsce Konsultacji dr n. med. Renata Dziubaszewska Dyrektor Instytutu \u015broda 9:30 &#8211; 10:30 \u015broda 11:00 &#8211; 12:00 ul. Stanis\u0142awa Wyspia\u0144skiego 6 pok\u00f3j 8 ul.Kazimierza Wielkiego 6, pok\u00f3j 9 Microsoft TeamsKod do konsultacji: lum2ux3 mgr Ma\u0142gorzata Dziura Zak\u0142ad Piel\u0119gniarstwa ul. Kazimierza Wielkiego 6 dr n.o [\u2026] <\/p>\n<div class=\"clear\"><\/div>\n<p><a class=\"more_link clearfix\" href=\"https:\/\/pans.krosno.pl\/instytut-zdrowia\/dyrektor-i-kierownicy-zakladow\/\" rel=\"nofollow\">Read More<\/a><\/p>\n","protected":false},"author":1,"featured_media":0,"parent":0,"menu_order":0,"comment_status":"closed","ping_status":"closed","template":"page-templates\/template-full-width.php","meta":{"ngg_post_thumbnail":0,"footnotes":""},"class_list":["post-40","page","type-page","status-publish","hentry"],"yoast_head":"<!-- This site is optimized with the Yoast SEO Premium plugin v27.4 (Yoast SEO v27.4) - https:\/\/yoast.com\/product\/yoast-seo-premium-wordpress\/ -->\n<title>Dyrektor i kierownicy zak\u0142ad\u00f3w - Instytut Zdrowia PANS w Kro\u015bnie<\/title>\n<meta name=\"robots\" content=\"index, follow, max-snippet:-1, max-image-preview:large, max-video-preview:-1\" \/>\n<link rel=\"canonical\" href=\"https:\/\/pans.krosno.pl\/instytut-zdrowia\/dyrektor-i-kierownicy-zakladow\/\" \/>\n<meta property=\"og:locale\" content=\"pl_PL\" \/>\n<meta property=\"og:type\" content=\"article\" \/>\n<meta property=\"og:title\" content=\"Dyrektor i kierownicy zak\u0142ad\u00f3w\" \/>\n<meta property=\"og:description\" content=\"Imi\u0119 i Nazwisko Zak\u0142ad Godziny Konsultacji Miejsce Konsultacji dr n. med. Renata Dziubaszewska Dyrektor Instytutu \u015broda 9:30 &#8211; 10:30 \u015broda 11:00 &#8211; 12:00 ul. Stanis\u0142awa Wyspia\u0144skiego 6 pok\u00f3j 8 ul.Kazimierza Wielkiego 6, pok\u00f3j 9 Microsoft TeamsKod do konsultacji: lum2ux3 mgr Ma\u0142gorzata Dziura Zak\u0142ad Piel\u0119gniarstwa ul. Kazimierza Wielkiego 6 dr n.o [\u2026] Read More\" \/>\n<meta property=\"og:url\" content=\"https:\/\/pans.krosno.pl\/instytut-zdrowia\/dyrektor-i-kierownicy-zakladow\/\" \/>\n<meta property=\"og:site_name\" content=\"Instytut Zdrowia PANS w Kro\u015bnie\" \/>\n<meta property=\"article:modified_time\" content=\"2025-06-25T08:22:33+00:00\" \/>\n<meta name=\"twitter:card\" content=\"summary_large_image\" \/>\n<meta name=\"twitter:label1\" content=\"Szacowany czas czytania\" \/>\n\t<meta name=\"twitter:data1\" content=\"1 minuta\" \/>\n<script type=\"application\/ld+json\" class=\"yoast-schema-graph\">{\"@context\":\"https:\\\/\\\/schema.org\",\"@graph\":[{\"@type\":\"WebPage\",\"@id\":\"https:\\\/\\\/pans.krosno.pl\\\/instytut-zdrowia\\\/dyrektor-i-kierownicy-zakladow\\\/\",\"url\":\"https:\\\/\\\/pans.krosno.pl\\\/instytut-zdrowia\\\/dyrektor-i-kierownicy-zakladow\\\/\",\"name\":\"Dyrektor i kierownicy zak\u0142ad\u00f3w - Instytut Zdrowia PANS w Kro\u015bnie\",\"isPartOf\":{\"@id\":\"https:\\\/\\\/pans.krosno.pl\\\/instytut-zdrowia\\\/#website\"},\"datePublished\":\"2020-04-01T09:45:37+00:00\",\"dateModified\":\"2025-06-25T08:22:33+00:00\",\"breadcrumb\":{\"@id\":\"https:\\\/\\\/pans.krosno.pl\\\/instytut-zdrowia\\\/dyrektor-i-kierownicy-zakladow\\\/#breadcrumb\"},\"inLanguage\":\"pl-PL\",\"potentialAction\":[{\"@type\":\"ReadAction\",\"target\":[\"https:\\\/\\\/pans.krosno.pl\\\/instytut-zdrowia\\\/dyrektor-i-kierownicy-zakladow\\\/\"]}]},{\"@type\":\"BreadcrumbList\",\"@id\":\"https:\\\/\\\/pans.krosno.pl\\\/instytut-zdrowia\\\/dyrektor-i-kierownicy-zakladow\\\/#breadcrumb\",\"itemListElement\":[{\"@type\":\"ListItem\",\"position\":1,\"name\":\"Strona g\u0142\u00f3wna\",\"item\":\"https:\\\/\\\/pans.krosno.pl\\\/instytut-zdrowia\\\/\"},{\"@type\":\"ListItem\",\"position\":2,\"name\":\"Dyrektor i kierownicy zak\u0142ad\u00f3w\"}]},{\"@type\":\"WebSite\",\"@id\":\"https:\\\/\\\/pans.krosno.pl\\\/instytut-zdrowia\\\/#website\",\"url\":\"https:\\\/\\\/pans.krosno.pl\\\/instytut-zdrowia\\\/\",\"name\":\"Instytut Zdrowia PANS w Kro\u015bnie\",\"description\":\"Instytut Zdrowia - Pa\u0144stwowa Akademia Nauk Stosowanych\",\"publisher\":{\"@id\":\"https:\\\/\\\/pans.krosno.pl\\\/instytut-zdrowia\\\/#organization\"},\"potentialAction\":[{\"@type\":\"SearchAction\",\"target\":{\"@type\":\"EntryPoint\",\"urlTemplate\":\"https:\\\/\\\/pans.krosno.pl\\\/instytut-zdrowia\\\/?s={search_term_string}\"},\"query-input\":{\"@type\":\"PropertyValueSpecification\",\"valueRequired\":true,\"valueName\":\"search_term_string\"}}],\"inLanguage\":\"pl-PL\"},{\"@type\":\"Organization\",\"@id\":\"https:\\\/\\\/pans.krosno.pl\\\/instytut-zdrowia\\\/#organization\",\"name\":\"Instytut Zdrowia PANS w Kro\u015bnie\",\"url\":\"https:\\\/\\\/pans.krosno.pl\\\/instytut-zdrowia\\\/\",\"logo\":{\"@type\":\"ImageObject\",\"inLanguage\":\"pl-PL\",\"@id\":\"https:\\\/\\\/pans.krosno.pl\\\/instytut-zdrowia\\\/#\\\/schema\\\/logo\\\/image\\\/\",\"url\":\"https:\\\/\\\/pans.krosno.pl\\\/instytut-zdrowia\\\/wp-content\\\/uploads\\\/sites\\\/45\\\/2023\\\/01\\\/Logo-PANS-2022-pelne.png\",\"contentUrl\":\"https:\\\/\\\/pans.krosno.pl\\\/instytut-zdrowia\\\/wp-content\\\/uploads\\\/sites\\\/45\\\/2023\\\/01\\\/Logo-PANS-2022-pelne.png\",\"width\":3096,\"height\":696,\"caption\":\"Instytut Zdrowia PANS w Kro\u015bnie\"},\"image\":{\"@id\":\"https:\\\/\\\/pans.krosno.pl\\\/instytut-zdrowia\\\/#\\\/schema\\\/logo\\\/image\\\/\"}}]}<\/script>\n<!-- \/ Yoast SEO Premium plugin. -->","yoast_head_json":{"title":"Dyrektor i kierownicy zak\u0142ad\u00f3w - Instytut Zdrowia PANS w Kro\u015bnie","robots":{"index":"index","follow":"follow","max-snippet":"max-snippet:-1","max-image-preview":"max-image-preview:large","max-video-preview":"max-video-preview:-1"},"canonical":"https:\/\/pans.krosno.pl\/instytut-zdrowia\/dyrektor-i-kierownicy-zakladow\/","og_locale":"pl_PL","og_type":"article","og_title":"Dyrektor i kierownicy zak\u0142ad\u00f3w","og_description":"Imi\u0119 i Nazwisko Zak\u0142ad Godziny Konsultacji Miejsce Konsultacji dr n. med. Renata Dziubaszewska Dyrektor Instytutu \u015broda 9:30 &#8211; 10:30 \u015broda 11:00 &#8211; 12:00 ul. Stanis\u0142awa Wyspia\u0144skiego 6 pok\u00f3j 8 ul.Kazimierza Wielkiego 6, pok\u00f3j 9 Microsoft TeamsKod do konsultacji: lum2ux3 mgr Ma\u0142gorzata Dziura Zak\u0142ad Piel\u0119gniarstwa ul. Kazimierza Wielkiego 6 dr n.o [\u2026] Read More","og_url":"https:\/\/pans.krosno.pl\/instytut-zdrowia\/dyrektor-i-kierownicy-zakladow\/","og_site_name":"Instytut Zdrowia PANS w Kro\u015bnie","article_modified_time":"2025-06-25T08:22:33+00:00","twitter_card":"summary_large_image","twitter_misc":{"Szacowany czas czytania":"1 minuta"},"schema":{"@context":"https:\/\/schema.org","@graph":[{"@type":"WebPage","@id":"https:\/\/pans.krosno.pl\/instytut-zdrowia\/dyrektor-i-kierownicy-zakladow\/","url":"https:\/\/pans.krosno.pl\/instytut-zdrowia\/dyrektor-i-kierownicy-zakladow\/","name":"Dyrektor i kierownicy zak\u0142ad\u00f3w - Instytut Zdrowia PANS w Kro\u015bnie","isPartOf":{"@id":"https:\/\/pans.krosno.pl\/instytut-zdrowia\/#website"},"datePublished":"2020-04-01T09:45:37+00:00","dateModified":"2025-06-25T08:22:33+00:00","breadcrumb":{"@id":"https:\/\/pans.krosno.pl\/instytut-zdrowia\/dyrektor-i-kierownicy-zakladow\/#breadcrumb"},"inLanguage":"pl-PL","potentialAction":[{"@type":"ReadAction","target":["https:\/\/pans.krosno.pl\/instytut-zdrowia\/dyrektor-i-kierownicy-zakladow\/"]}]},{"@type":"BreadcrumbList","@id":"https:\/\/pans.krosno.pl\/instytut-zdrowia\/dyrektor-i-kierownicy-zakladow\/#breadcrumb","itemListElement":[{"@type":"ListItem","position":1,"name":"Strona g\u0142\u00f3wna","item":"https:\/\/pans.krosno.pl\/instytut-zdrowia\/"},{"@type":"ListItem","position":2,"name":"Dyrektor i kierownicy zak\u0142ad\u00f3w"}]},{"@type":"WebSite","@id":"https:\/\/pans.krosno.pl\/instytut-zdrowia\/#website","url":"https:\/\/pans.krosno.pl\/instytut-zdrowia\/","name":"Instytut Zdrowia PANS w Kro\u015bnie","description":"Instytut Zdrowia - Pa\u0144stwowa Akademia Nauk Stosowanych","publisher":{"@id":"https:\/\/pans.krosno.pl\/instytut-zdrowia\/#organization"},"potentialAction":[{"@type":"SearchAction","target":{"@type":"EntryPoint","urlTemplate":"https:\/\/pans.krosno.pl\/instytut-zdrowia\/?s={search_term_string}"},"query-input":{"@type":"PropertyValueSpecification","valueRequired":true,"valueName":"search_term_string"}}],"inLanguage":"pl-PL"},{"@type":"Organization","@id":"https:\/\/pans.krosno.pl\/instytut-zdrowia\/#organization","name":"Instytut Zdrowia PANS w Kro\u015bnie","url":"https:\/\/pans.krosno.pl\/instytut-zdrowia\/","logo":{"@type":"ImageObject","inLanguage":"pl-PL","@id":"https:\/\/pans.krosno.pl\/instytut-zdrowia\/#\/schema\/logo\/image\/","url":"https:\/\/pans.krosno.pl\/instytut-zdrowia\/wp-content\/uploads\/sites\/45\/2023\/01\/Logo-PANS-2022-pelne.png","contentUrl":"https:\/\/pans.krosno.pl\/instytut-zdrowia\/wp-content\/uploads\/sites\/45\/2023\/01\/Logo-PANS-2022-pelne.png","width":3096,"height":696,"caption":"Instytut Zdrowia PANS w Kro\u015bnie"},"image":{"@id":"https:\/\/pans.krosno.pl\/instytut-zdrowia\/#\/schema\/logo\/image\/"}}]}},"_links":{"self":[{"href":"https:\/\/pans.krosno.pl\/instytut-zdrowia\/wp-json\/wp\/v2\/pages\/40","targetHints":{"allow":["GET"]}}],"collection":[{"href":"https:\/\/pans.krosno.pl\/instytut-zdrowia\/wp-json\/wp\/v2\/pages"}],"about":[{"href":"https:\/\/pans.krosno.pl\/instytut-zdrowia\/wp-json\/wp\/v2\/types\/page"}],"author":[{"embeddable":true,"href":"https:\/\/pans.krosno.pl\/instytut-zdrowia\/wp-json\/wp\/v2\/users\/1"}],"replies":[{"embeddable":true,"href":"https:\/\/pans.krosno.pl\/instytut-zdrowia\/wp-json\/wp\/v2\/comments?post=40"}],"version-history":[{"count":48,"href":"https:\/\/pans.krosno.pl\/instytut-zdrowia\/wp-json\/wp\/v2\/pages\/40\/revisions"}],"predecessor-version":[{"id":529,"href":"https:\/\/pans.krosno.pl\/instytut-zdrowia\/wp-json\/wp\/v2\/pages\/40\/revisions\/529"}],"wp:attachment":[{"href":"https:\/\/pans.krosno.pl\/instytut-zdrowia\/wp-json\/wp\/v2\/media?parent=40"}],"curies":[{"name":"wp","href":"https:\/\/api.w.org\/{rel}","templated":true}]}}