{"id":18,"date":"2020-04-01T11:33:43","date_gmt":"2020-04-01T09:33:43","guid":{"rendered":"https:\/\/pans.krosno.pl\/instytut-zdrowia-i-gospodarki\/?page_id=18"},"modified":"2025-07-01T10:25:47","modified_gmt":"2025-07-01T08:25:47","slug":"o-instytucie","status":"publish","type":"page","link":"https:\/\/pans.krosno.pl\/instytut-zdrowia\/o-instytucie\/","title":{"rendered":"O Instytucie"},"content":{"rendered":"<p>Instytut Zdrowia skupia kierunki studi\u00f3w zorientowane wok\u00f3\u0142 dziedziny nauki nauki medyczne i nauki o zdrowiu. <a href=\"https:\/\/pans.krosno.pl\/instytut-zdrowia\/o-instytucie\/\"><strong>Czytaj wi\u0119cej<\/strong><\/a><\/p>\n\n\n<hr class=\"wp-block-separator has-css-opacity\" \/>\n\n\n<p><strong>Kontakt do zak\u0142ad\u00f3w<\/strong><\/p>\n<ul>\n<li><a href=\"https:\/\/pans.krosno.pl\/pielegniarstwo\/\">Piel\u0119gniarstwo I stopnia<\/a>&nbsp;(licencjackie)<\/li>\n<li><a href=\"https:\/\/pans.krosno.pl\/pielegniarstwo-magisterskie\/\">Piel\u0119gniarstwo II stopnia<\/a>&nbsp;<strong>(magisterskie)<\/strong><\/li>\n<li><a href=\"https:\/\/pans.krosno.pl\/poloznictwo\/\">Po\u0142o\u017cnictwo<\/a>&nbsp;(licencjackie)<\/li>\n<li><a href=\"https:\/\/pans.krosno.pl\/ratownictwo-medyczne\/\">Ratownictwo medyczne<\/a>&nbsp;(licencjackie)<\/li>\n<li><a href=\"https:\/\/pans.krosno.pl\/wf\/\">Wychowanie fizyczne<\/a>&nbsp;(licencjackie)<\/li>\n<\/ul>\n<hr>\n<p><a href=\"https:\/\/pans.krosno.pl\/instytut-zdrowia\/e-skrzynka-postulatow-i-wnioskow-instytutu-zdrowia-i-gospodarki\/\">E-skrzynka postulat\u00f3w i wniosk\u00f3w<\/a><\/p>\n\n\n<!--more-->\n<!--noteaser-->\n\n\n<p>Instytut Zdrowia skupia kierunki studi\u00f3w zorientowane wok\u00f3\u0142 dziedziny nauki nauki medyczne i nauki o zdrowiu.<\/p>\n<p>&nbsp;<\/p>\n\n\n<figure class=\"wp-block-image size-large\"><img loading=\"lazy\" decoding=\"async\" width=\"1024\" height=\"683\" src=\"https:\/\/pans.krosno.pl\/instytut-zdrowia\/wp-content\/uploads\/sites\/45\/2024\/09\/DSC_8355-1024x683.jpg\" alt=\"\" class=\"wp-image-446\" srcset=\"https:\/\/pans.krosno.pl\/instytut-zdrowia\/wp-content\/uploads\/sites\/45\/2024\/09\/DSC_8355-1024x683.jpg 1024w, https:\/\/pans.krosno.pl\/instytut-zdrowia\/wp-content\/uploads\/sites\/45\/2024\/09\/DSC_8355-300x200.jpg 300w, https:\/\/pans.krosno.pl\/instytut-zdrowia\/wp-content\/uploads\/sites\/45\/2024\/09\/DSC_8355-768x513.jpg 768w, https:\/\/pans.krosno.pl\/instytut-zdrowia\/wp-content\/uploads\/sites\/45\/2024\/09\/DSC_8355-1536x1025.jpg 1536w, https:\/\/pans.krosno.pl\/instytut-zdrowia\/wp-content\/uploads\/sites\/45\/2024\/09\/DSC_8355-800x534.jpg 800w, https:\/\/pans.krosno.pl\/instytut-zdrowia\/wp-content\/uploads\/sites\/45\/2024\/09\/DSC_8355-580x387.jpg 580w, https:\/\/pans.krosno.pl\/instytut-zdrowia\/wp-content\/uploads\/sites\/45\/2024\/09\/DSC_8355.jpg 1798w\" sizes=\"auto, (max-width: 1024px) 100vw, 1024px\" \/><\/figure>\n\n\n<p>Oferta edukacyjna Instytutu Zdrowia skierowana jest do os\u00f3b zainteresowanych zagadnieniami ochrony zdrowia. W obecnym czasie, gdy stale wzrasta liczba zagro\u017ce\u0144 zdrowia i \u017cycia bardzo istotne staje si\u0119 przygotowanie kadry, kt\u00f3ra b\u0119dzie mia\u0142a niezb\u0119dne kwalifikacje do propagowania prozdrowotnego stylu \u017cycia np.: znaczenia aktywno\u015bci fizycznej czy sposobu od\u017cywiania dla zdrowia cz\u0142owieka.<\/p>\n<p>Instytut Zdrowia oferuje kszta\u0142cenie na 4 kierunkach studi\u00f3w: piel\u0119gniarstwo, studia pierwszego i drugiego stopnia, po\u0142o\u017cnictwo studia pierwszego stopnia,&nbsp; ratownictwo medyczne studia pierwszego stopnia, wychowanie fizyczne studia pierwszego stopnia.<\/p>\n<p>Studia maj\u0105 profil praktyczny i przygotowuj\u0105 absolwenta do rynku pracy zgodnie z aktualn\u0105 i prognozowan\u0105 sytuacj\u0105 gospodarcz\u0105, ekonomiczn\u0105 i demograficzn\u0105 regionu oraz kraju.<\/p>\n<p>&nbsp;Realizacja zaj\u0119\u0107&nbsp; dydaktycznych oraz obs\u0142uga sekretariatu w ramach kierunk\u00f3w studi\u00f3w ma r\u00f3\u017cn\u0105 lokalizacj\u0119:<\/p>\n<p>\u2013 Kierunek Piel\u0119gniarstwo &#8211; ul. Kazimierza Wielkiego 6<\/p>\n<p>\u2013 Kierunek Po\u0142o\u017cnictwo &#8211; ul. Kazimierza Wielkiego 6<\/p>\n<p>\u2013 Kierunek Ratownictwo Medyczne &#8211; ul. Kazimierza Wielkiego 6<\/p>\n<p>\u2013 Kierunek Wychowanie Fizyczne \u2013 ul. Wyspia\u0144skiego 20 <\/p>\n<p>\u2013<\/p>\n\n\n<figure class=\"wp-block-image size-large\"><img loading=\"lazy\" decoding=\"async\" width=\"1024\" height=\"341\" src=\"https:\/\/pans.krosno.pl\/instytut-zdrowia\/wp-content\/uploads\/sites\/45\/2025\/06\/sadas-1024x341.jpg\" alt=\"\" class=\"wp-image-530\" srcset=\"https:\/\/pans.krosno.pl\/instytut-zdrowia\/wp-content\/uploads\/sites\/45\/2025\/06\/sadas-1024x341.jpg 1024w, https:\/\/pans.krosno.pl\/instytut-zdrowia\/wp-content\/uploads\/sites\/45\/2025\/06\/sadas-300x100.jpg 300w, https:\/\/pans.krosno.pl\/instytut-zdrowia\/wp-content\/uploads\/sites\/45\/2025\/06\/sadas-768x256.jpg 768w, https:\/\/pans.krosno.pl\/instytut-zdrowia\/wp-content\/uploads\/sites\/45\/2025\/06\/sadas-800x267.jpg 800w, https:\/\/pans.krosno.pl\/instytut-zdrowia\/wp-content\/uploads\/sites\/45\/2025\/06\/sadas-580x193.jpg 580w, https:\/\/pans.krosno.pl\/instytut-zdrowia\/wp-content\/uploads\/sites\/45\/2025\/06\/sadas.jpg 1200w\" sizes=\"auto, (max-width: 1024px) 100vw, 1024px\" \/><\/figure>\n","protected":false},"excerpt":{"rendered":"<p>Instytut Zdrowia skupia kierunki studi\u00f3w zorientowane wok\u00f3\u0142 dziedziny nauki nauki medyczne i nauki o zdrowiu. Czytaj wi\u0119cej Kontakt do zak\u0142ad\u00f3w Piel\u0119gniarstwo I stopnia&nbsp;(licencjackie) Piel\u0119gniarstwo II stopnia&nbsp;(magisterskie) Po\u0142o\u017cnictwo&nbsp;(licencjackie) Ratownictwo medyczne&nbsp;(licencjackie) Wychowanie fizyczne&nbsp;(licencjackie) E-skrzynka postulat\u00f3w i wniosk\u00f3w<\/p>\n","protected":false},"author":1,"featured_media":443,"parent":0,"menu_order":0,"comment_status":"closed","ping_status":"closed","template":"page-templates\/template-full-width.php","meta":{"ngg_post_thumbnail":0,"footnotes":""},"class_list":["post-18","page","type-page","status-publish","has-post-thumbnail","hentry"],"yoast_head":"<!-- This site is optimized with the Yoast SEO Premium plugin v27.3 (Yoast SEO v27.3) - https:\/\/yoast.com\/product\/yoast-seo-premium-wordpress\/ -->\n<title>O Instytucie - Instytut Zdrowia PANS w Kro\u015bnie<\/title>\n<meta name=\"robots\" content=\"index, follow, max-snippet:-1, max-image-preview:large, max-video-preview:-1\" \/>\n<link rel=\"canonical\" href=\"https:\/\/pans.krosno.pl\/instytut-zdrowia\/o-instytucie\/\" \/>\n<meta property=\"og:locale\" content=\"pl_PL\" \/>\n<meta property=\"og:type\" content=\"article\" \/>\n<meta property=\"og:title\" content=\"O Instytucie\" \/>\n<meta property=\"og:description\" content=\"Instytut Zdrowia skupia kierunki studi\u00f3w zorientowane wok\u00f3\u0142 dziedziny nauki nauki medyczne i nauki o zdrowiu. Czytaj wi\u0119cej Kontakt do zak\u0142ad\u00f3w Piel\u0119gniarstwo I stopnia&nbsp;(licencjackie) Piel\u0119gniarstwo II stopnia&nbsp;(magisterskie) Po\u0142o\u017cnictwo&nbsp;(licencjackie) Ratownictwo medyczne&nbsp;(licencjackie) Wychowanie fizyczne&nbsp;(licencjackie) E-skrzynka postulat\u00f3w i wniosk\u00f3w\" \/>\n<meta property=\"og:url\" content=\"https:\/\/pans.krosno.pl\/instytut-zdrowia\/o-instytucie\/\" \/>\n<meta property=\"og:site_name\" content=\"Instytut Zdrowia PANS w Kro\u015bnie\" \/>\n<meta property=\"article:modified_time\" content=\"2025-07-01T08:25:47+00:00\" \/>\n<meta property=\"og:image\" content=\"https:\/\/pans.krosno.pl\/instytut-zdrowia\/wp-content\/uploads\/sites\/45\/2024\/09\/111-1.jpg\" \/>\n\t<meta property=\"og:image:width\" content=\"1200\" \/>\n\t<meta property=\"og:image:height\" content=\"400\" \/>\n\t<meta property=\"og:image:type\" content=\"image\/jpeg\" \/>\n<meta name=\"twitter:card\" content=\"summary_large_image\" \/>\n<meta name=\"twitter:label1\" content=\"Szacowany czas czytania\" \/>\n\t<meta name=\"twitter:data1\" content=\"2 minuty\" \/>\n<script type=\"application\/ld+json\" class=\"yoast-schema-graph\">{\"@context\":\"https:\\\/\\\/schema.org\",\"@graph\":[{\"@type\":\"WebPage\",\"@id\":\"https:\\\/\\\/pans.krosno.pl\\\/instytut-zdrowia\\\/o-instytucie\\\/\",\"url\":\"https:\\\/\\\/pans.krosno.pl\\\/instytut-zdrowia\\\/o-instytucie\\\/\",\"name\":\"O Instytucie - Instytut Zdrowia PANS w Kro\u015bnie\",\"isPartOf\":{\"@id\":\"https:\\\/\\\/pans.krosno.pl\\\/instytut-zdrowia\\\/#website\"},\"primaryImageOfPage\":{\"@id\":\"https:\\\/\\\/pans.krosno.pl\\\/instytut-zdrowia\\\/o-instytucie\\\/#primaryimage\"},\"image\":{\"@id\":\"https:\\\/\\\/pans.krosno.pl\\\/instytut-zdrowia\\\/o-instytucie\\\/#primaryimage\"},\"thumbnailUrl\":\"https:\\\/\\\/pans.krosno.pl\\\/instytut-zdrowia\\\/wp-content\\\/uploads\\\/sites\\\/45\\\/2024\\\/09\\\/111-1.jpg\",\"datePublished\":\"2020-04-01T09:33:43+00:00\",\"dateModified\":\"2025-07-01T08:25:47+00:00\",\"breadcrumb\":{\"@id\":\"https:\\\/\\\/pans.krosno.pl\\\/instytut-zdrowia\\\/o-instytucie\\\/#breadcrumb\"},\"inLanguage\":\"pl-PL\",\"potentialAction\":[{\"@type\":\"ReadAction\",\"target\":[\"https:\\\/\\\/pans.krosno.pl\\\/instytut-zdrowia\\\/o-instytucie\\\/\"]}]},{\"@type\":\"ImageObject\",\"inLanguage\":\"pl-PL\",\"@id\":\"https:\\\/\\\/pans.krosno.pl\\\/instytut-zdrowia\\\/o-instytucie\\\/#primaryimage\",\"url\":\"https:\\\/\\\/pans.krosno.pl\\\/instytut-zdrowia\\\/wp-content\\\/uploads\\\/sites\\\/45\\\/2024\\\/09\\\/111-1.jpg\",\"contentUrl\":\"https:\\\/\\\/pans.krosno.pl\\\/instytut-zdrowia\\\/wp-content\\\/uploads\\\/sites\\\/45\\\/2024\\\/09\\\/111-1.jpg\",\"width\":1200,\"height\":400},{\"@type\":\"BreadcrumbList\",\"@id\":\"https:\\\/\\\/pans.krosno.pl\\\/instytut-zdrowia\\\/o-instytucie\\\/#breadcrumb\",\"itemListElement\":[{\"@type\":\"ListItem\",\"position\":1,\"name\":\"Strona g\u0142\u00f3wna\",\"item\":\"https:\\\/\\\/pans.krosno.pl\\\/instytut-zdrowia\\\/\"},{\"@type\":\"ListItem\",\"position\":2,\"name\":\"O Instytucie\"}]},{\"@type\":\"WebSite\",\"@id\":\"https:\\\/\\\/pans.krosno.pl\\\/instytut-zdrowia\\\/#website\",\"url\":\"https:\\\/\\\/pans.krosno.pl\\\/instytut-zdrowia\\\/\",\"name\":\"Instytut Zdrowia PANS w Kro\u015bnie\",\"description\":\"Instytut Zdrowia - Pa\u0144stwowa Akademia Nauk Stosowanych\",\"publisher\":{\"@id\":\"https:\\\/\\\/pans.krosno.pl\\\/instytut-zdrowia\\\/#organization\"},\"potentialAction\":[{\"@type\":\"SearchAction\",\"target\":{\"@type\":\"EntryPoint\",\"urlTemplate\":\"https:\\\/\\\/pans.krosno.pl\\\/instytut-zdrowia\\\/?s={search_term_string}\"},\"query-input\":{\"@type\":\"PropertyValueSpecification\",\"valueRequired\":true,\"valueName\":\"search_term_string\"}}],\"inLanguage\":\"pl-PL\"},{\"@type\":\"Organization\",\"@id\":\"https:\\\/\\\/pans.krosno.pl\\\/instytut-zdrowia\\\/#organization\",\"name\":\"Instytut Zdrowia PANS w Kro\u015bnie\",\"url\":\"https:\\\/\\\/pans.krosno.pl\\\/instytut-zdrowia\\\/\",\"logo\":{\"@type\":\"ImageObject\",\"inLanguage\":\"pl-PL\",\"@id\":\"https:\\\/\\\/pans.krosno.pl\\\/instytut-zdrowia\\\/#\\\/schema\\\/logo\\\/image\\\/\",\"url\":\"https:\\\/\\\/pans.krosno.pl\\\/instytut-zdrowia\\\/wp-content\\\/uploads\\\/sites\\\/45\\\/2023\\\/01\\\/Logo-PANS-2022-pelne.png\",\"contentUrl\":\"https:\\\/\\\/pans.krosno.pl\\\/instytut-zdrowia\\\/wp-content\\\/uploads\\\/sites\\\/45\\\/2023\\\/01\\\/Logo-PANS-2022-pelne.png\",\"width\":3096,\"height\":696,\"caption\":\"Instytut Zdrowia PANS w Kro\u015bnie\"},\"image\":{\"@id\":\"https:\\\/\\\/pans.krosno.pl\\\/instytut-zdrowia\\\/#\\\/schema\\\/logo\\\/image\\\/\"}}]}<\/script>\n<!-- \/ Yoast SEO Premium plugin. -->","yoast_head_json":{"title":"O Instytucie - Instytut Zdrowia PANS w Kro\u015bnie","robots":{"index":"index","follow":"follow","max-snippet":"max-snippet:-1","max-image-preview":"max-image-preview:large","max-video-preview":"max-video-preview:-1"},"canonical":"https:\/\/pans.krosno.pl\/instytut-zdrowia\/o-instytucie\/","og_locale":"pl_PL","og_type":"article","og_title":"O Instytucie","og_description":"Instytut Zdrowia skupia kierunki studi\u00f3w zorientowane wok\u00f3\u0142 dziedziny nauki nauki medyczne i nauki o zdrowiu. Czytaj wi\u0119cej Kontakt do zak\u0142ad\u00f3w Piel\u0119gniarstwo I stopnia&nbsp;(licencjackie) Piel\u0119gniarstwo II stopnia&nbsp;(magisterskie) Po\u0142o\u017cnictwo&nbsp;(licencjackie) Ratownictwo medyczne&nbsp;(licencjackie) Wychowanie fizyczne&nbsp;(licencjackie) E-skrzynka postulat\u00f3w i wniosk\u00f3w","og_url":"https:\/\/pans.krosno.pl\/instytut-zdrowia\/o-instytucie\/","og_site_name":"Instytut Zdrowia PANS w Kro\u015bnie","article_modified_time":"2025-07-01T08:25:47+00:00","og_image":[{"width":1200,"height":400,"url":"https:\/\/pans.krosno.pl\/instytut-zdrowia\/wp-content\/uploads\/sites\/45\/2024\/09\/111-1.jpg","type":"image\/jpeg"}],"twitter_card":"summary_large_image","twitter_misc":{"Szacowany czas czytania":"2 minuty"},"schema":{"@context":"https:\/\/schema.org","@graph":[{"@type":"WebPage","@id":"https:\/\/pans.krosno.pl\/instytut-zdrowia\/o-instytucie\/","url":"https:\/\/pans.krosno.pl\/instytut-zdrowia\/o-instytucie\/","name":"O Instytucie - Instytut Zdrowia PANS w Kro\u015bnie","isPartOf":{"@id":"https:\/\/pans.krosno.pl\/instytut-zdrowia\/#website"},"primaryImageOfPage":{"@id":"https:\/\/pans.krosno.pl\/instytut-zdrowia\/o-instytucie\/#primaryimage"},"image":{"@id":"https:\/\/pans.krosno.pl\/instytut-zdrowia\/o-instytucie\/#primaryimage"},"thumbnailUrl":"https:\/\/pans.krosno.pl\/instytut-zdrowia\/wp-content\/uploads\/sites\/45\/2024\/09\/111-1.jpg","datePublished":"2020-04-01T09:33:43+00:00","dateModified":"2025-07-01T08:25:47+00:00","breadcrumb":{"@id":"https:\/\/pans.krosno.pl\/instytut-zdrowia\/o-instytucie\/#breadcrumb"},"inLanguage":"pl-PL","potentialAction":[{"@type":"ReadAction","target":["https:\/\/pans.krosno.pl\/instytut-zdrowia\/o-instytucie\/"]}]},{"@type":"ImageObject","inLanguage":"pl-PL","@id":"https:\/\/pans.krosno.pl\/instytut-zdrowia\/o-instytucie\/#primaryimage","url":"https:\/\/pans.krosno.pl\/instytut-zdrowia\/wp-content\/uploads\/sites\/45\/2024\/09\/111-1.jpg","contentUrl":"https:\/\/pans.krosno.pl\/instytut-zdrowia\/wp-content\/uploads\/sites\/45\/2024\/09\/111-1.jpg","width":1200,"height":400},{"@type":"BreadcrumbList","@id":"https:\/\/pans.krosno.pl\/instytut-zdrowia\/o-instytucie\/#breadcrumb","itemListElement":[{"@type":"ListItem","position":1,"name":"Strona g\u0142\u00f3wna","item":"https:\/\/pans.krosno.pl\/instytut-zdrowia\/"},{"@type":"ListItem","position":2,"name":"O Instytucie"}]},{"@type":"WebSite","@id":"https:\/\/pans.krosno.pl\/instytut-zdrowia\/#website","url":"https:\/\/pans.krosno.pl\/instytut-zdrowia\/","name":"Instytut Zdrowia PANS w Kro\u015bnie","description":"Instytut Zdrowia - Pa\u0144stwowa Akademia Nauk Stosowanych","publisher":{"@id":"https:\/\/pans.krosno.pl\/instytut-zdrowia\/#organization"},"potentialAction":[{"@type":"SearchAction","target":{"@type":"EntryPoint","urlTemplate":"https:\/\/pans.krosno.pl\/instytut-zdrowia\/?s={search_term_string}"},"query-input":{"@type":"PropertyValueSpecification","valueRequired":true,"valueName":"search_term_string"}}],"inLanguage":"pl-PL"},{"@type":"Organization","@id":"https:\/\/pans.krosno.pl\/instytut-zdrowia\/#organization","name":"Instytut Zdrowia PANS w Kro\u015bnie","url":"https:\/\/pans.krosno.pl\/instytut-zdrowia\/","logo":{"@type":"ImageObject","inLanguage":"pl-PL","@id":"https:\/\/pans.krosno.pl\/instytut-zdrowia\/#\/schema\/logo\/image\/","url":"https:\/\/pans.krosno.pl\/instytut-zdrowia\/wp-content\/uploads\/sites\/45\/2023\/01\/Logo-PANS-2022-pelne.png","contentUrl":"https:\/\/pans.krosno.pl\/instytut-zdrowia\/wp-content\/uploads\/sites\/45\/2023\/01\/Logo-PANS-2022-pelne.png","width":3096,"height":696,"caption":"Instytut Zdrowia PANS w Kro\u015bnie"},"image":{"@id":"https:\/\/pans.krosno.pl\/instytut-zdrowia\/#\/schema\/logo\/image\/"}}]}},"_links":{"self":[{"href":"https:\/\/pans.krosno.pl\/instytut-zdrowia\/wp-json\/wp\/v2\/pages\/18","targetHints":{"allow":["GET"]}}],"collection":[{"href":"https:\/\/pans.krosno.pl\/instytut-zdrowia\/wp-json\/wp\/v2\/pages"}],"about":[{"href":"https:\/\/pans.krosno.pl\/instytut-zdrowia\/wp-json\/wp\/v2\/types\/page"}],"author":[{"embeddable":true,"href":"https:\/\/pans.krosno.pl\/instytut-zdrowia\/wp-json\/wp\/v2\/users\/1"}],"replies":[{"embeddable":true,"href":"https:\/\/pans.krosno.pl\/instytut-zdrowia\/wp-json\/wp\/v2\/comments?post=18"}],"version-history":[{"count":23,"href":"https:\/\/pans.krosno.pl\/instytut-zdrowia\/wp-json\/wp\/v2\/pages\/18\/revisions"}],"predecessor-version":[{"id":532,"href":"https:\/\/pans.krosno.pl\/instytut-zdrowia\/wp-json\/wp\/v2\/pages\/18\/revisions\/532"}],"wp:featuredmedia":[{"embeddable":true,"href":"https:\/\/pans.krosno.pl\/instytut-zdrowia\/wp-json\/wp\/v2\/media\/443"}],"wp:attachment":[{"href":"https:\/\/pans.krosno.pl\/instytut-zdrowia\/wp-json\/wp\/v2\/media?parent=18"}],"curies":[{"name":"wp","href":"https:\/\/api.w.org\/{rel}","templated":true}]}}