{"id":118,"date":"2020-04-28T00:25:30","date_gmt":"2020-04-27T22:25:30","guid":{"rendered":"https:\/\/pans.krosno.pl\/instytut-zdrowia-i-gospodarki\/?page_id=118"},"modified":"2024-09-20T10:54:59","modified_gmt":"2024-09-20T08:54:59","slug":"kontakt","status":"publish","type":"page","link":"https:\/\/pans.krosno.pl\/instytut-zdrowia\/kontakt\/","title":{"rendered":"Kontakt"},"content":{"rendered":"<h3><strong>Sekretariaty Instytutu Zdrowia PANS w Kro\u015bnie:<\/strong><\/h3>\n\n\n<div class=\"wp-block-columns is-layout-flex wp-container-core-columns-is-layout-28f84493 wp-block-columns-is-layout-flex\">\n<div class=\"wp-block-column is-layout-flow wp-block-column-is-layout-flow\">\n<h4>Zak\u0142ady:<\/h4>\n<ul>\n<li>Piel\u0119gniarstwa<\/li>\n<li>Po\u0142o\u017cnictwa<\/li>\n<li>Ratownictwa Medycznego<\/li>\n<\/ul>\n<p>&nbsp;<\/p>\n<\/div>\n\n\n\n<div class=\"wp-block-column is-layout-flow wp-block-column-is-layout-flow\">\n<h4>Zak\u0142ady:<\/h4>\n<ul>\n<li>Wychowania Fizycznego<\/li>\n<\/ul>\n<p>&nbsp;<\/p>\n<\/div>\n<\/div>\n\n\n\n<hr class=\"wp-block-separator has-css-opacity\" \/>\n\n\n\n<div class=\"wp-block-columns is-layout-flex wp-container-core-columns-is-layout-28f84493 wp-block-columns-is-layout-flex\">\n<div class=\"wp-block-column is-layout-flow wp-block-column-is-layout-flow\">\n<p>PANS w Kro\u015bnie<br \/>ul. Kazimierza Wielkiego 6<br \/>38-400 Krosno<br \/>tel:&nbsp;13 43 755 50<br \/>e-mail:&nbsp;<a href=\"mailto:zpie@pans.krosno.pl\">zpie@pans.krosno.pl<\/a><\/p>\n<\/div>\n\n\n\n<div class=\"wp-block-column is-layout-flow wp-block-column-is-layout-flow\">\n<p style=\"margin: 0cm;margin-bottom: .0001pt\">PANS w Kro\u015bnie<br \/>ul. Wyspia\u0144skiego 20, pok\u00f3j 8 B<br \/>38-400 Krosno<\/p>\n<p style=\"margin: 0cm;margin-bottom: .0001pt\">in\u017c. Wanda Dura\u0142<\/p>\n<p style=\"margin: 0cm;margin-bottom: .0001pt\">tel.&nbsp;13 43 755 60<br \/>fax:&nbsp;13 43 755 61<br \/>e-mail:&nbsp;<a href=\"mailto:ik@pans.krosno.pl\">ik@pans.krosno.pl<\/a><\/p>\n<\/div>\n<\/div>\n\n\n\n<hr class=\"wp-block-separator has-css-opacity\" \/>\n\n\n\n<div class=\"wp-block-columns is-layout-flex wp-container-core-columns-is-layout-28f84493 wp-block-columns-is-layout-flex\">\n<div class=\"wp-block-column is-layout-flow wp-block-column-is-layout-flow\">\n<h4>Godziny pracy sekretariatu dla student\u00f3w<\/h4>\n<ul>\n<li>Poniedzia\u0142ek 10.00-13.00<\/li>\n<li>Wtorek 10.00 \u2013 13.00<\/li>\n<li>\u015aroda 10.00 \u2013 13.00<\/li>\n<li>Czwartek 10.00 \u2013 13.00<\/li>\n<li>Pi\u0105tek &#8211; sekretariat nieczynny&nbsp;&nbsp;<\/li>\n<\/ul>\n<\/div>\n\n\n\n<div class=\"wp-block-column is-layout-flow wp-block-column-is-layout-flow\">\n<h4>Godziny otwarcia sekretariatu dla student\u00f3w:<\/h4>\n<ul>\n<li>Poniedzia\u0142ek &#8211; nieczynne<\/li>\n<li>Wtorek &#8211; 10.00 \u2013 13.00<\/li>\n<li>\u015aroda &#8211; 10.00 &#8211; 13.00<\/li>\n<li>Czwartek -10.00 \u2013 13.00<\/li>\n<li>Pi\u0105tek -10.00 \u2013 13.00<\/li>\n<\/ul>\n<\/div>\n<\/div>\n\n\n\n<p><\/p>\n","protected":false},"excerpt":{"rendered":"<p>Sekretariaty Instytutu Zdrowia PANS w Kro\u015bnie: Zak\u0142ady: Piel\u0119gniarstwa Po\u0142o\u017cnictwa Ratownictwa Medycznego &nbsp; Zak\u0142ady: Wychowania Fizycznego &nbsp; PANS w Kro\u015bnieul. Kazimierza Wielkiego 638-400 Krosnotel:&nbsp;13 43 755 50e-mail:&nbsp;zpie@pans.krosno.pl PANS w Kro\u015bnieul. Wyspia\u0144skiego 20, pok\u00f3j 8 B38-400 Krosno in\u017c. Wanda Dura\u0142 tel.&nbsp;13 43 755 60fax:&nbsp;13 43 755 61e-mail:&nbsp;ik@pans.krosno.pl Godziny pracy sekretariatu dla student\u00f3w [\u2026] <\/p>\n<div class=\"clear\"><\/div>\n<p><a class=\"more_link clearfix\" href=\"https:\/\/pans.krosno.pl\/instytut-zdrowia\/kontakt\/\" rel=\"nofollow\">Read More<\/a><\/p>\n","protected":false},"author":27,"featured_media":0,"parent":0,"menu_order":0,"comment_status":"closed","ping_status":"closed","template":"page-templates\/template-full-width.php","meta":{"ngg_post_thumbnail":0,"footnotes":""},"class_list":["post-118","page","type-page","status-publish","hentry"],"yoast_head":"<!-- This site is optimized with the Yoast SEO Premium plugin v27.4 (Yoast SEO v27.4) - https:\/\/yoast.com\/product\/yoast-seo-premium-wordpress\/ -->\n<title>Kontakt - Instytut Zdrowia PANS w Kro\u015bnie<\/title>\n<meta name=\"robots\" content=\"index, follow, max-snippet:-1, max-image-preview:large, max-video-preview:-1\" \/>\n<link rel=\"canonical\" href=\"https:\/\/pans.krosno.pl\/instytut-zdrowia\/kontakt\/\" \/>\n<meta property=\"og:locale\" content=\"pl_PL\" \/>\n<meta property=\"og:type\" content=\"article\" \/>\n<meta property=\"og:title\" content=\"Kontakt\" \/>\n<meta property=\"og:description\" content=\"Sekretariaty Instytutu Zdrowia PANS w Kro\u015bnie: Zak\u0142ady: Piel\u0119gniarstwa Po\u0142o\u017cnictwa Ratownictwa Medycznego &nbsp; Zak\u0142ady: Wychowania Fizycznego &nbsp; PANS w Kro\u015bnieul. Kazimierza Wielkiego 638-400 Krosnotel:&nbsp;13 43 755 50e-mail:&nbsp;zpie@pans.krosno.pl PANS w Kro\u015bnieul. Wyspia\u0144skiego 20, pok\u00f3j 8 B38-400 Krosno in\u017c. Wanda Dura\u0142 tel.&nbsp;13 43 755 60fax:&nbsp;13 43 755 61e-mail:&nbsp;ik@pans.krosno.pl Godziny pracy sekretariatu dla student\u00f3w [\u2026] Read More\" \/>\n<meta property=\"og:url\" content=\"https:\/\/pans.krosno.pl\/instytut-zdrowia\/kontakt\/\" \/>\n<meta property=\"og:site_name\" content=\"Instytut Zdrowia PANS w Kro\u015bnie\" \/>\n<meta property=\"article:modified_time\" content=\"2024-09-20T08:54:59+00:00\" \/>\n<meta name=\"twitter:card\" content=\"summary_large_image\" \/>\n<meta name=\"twitter:label1\" content=\"Szacowany czas czytania\" \/>\n\t<meta name=\"twitter:data1\" content=\"1 minuta\" \/>\n<script type=\"application\/ld+json\" class=\"yoast-schema-graph\">{\"@context\":\"https:\\\/\\\/schema.org\",\"@graph\":[{\"@type\":\"WebPage\",\"@id\":\"https:\\\/\\\/pans.krosno.pl\\\/instytut-zdrowia\\\/kontakt\\\/\",\"url\":\"https:\\\/\\\/pans.krosno.pl\\\/instytut-zdrowia\\\/kontakt\\\/\",\"name\":\"Kontakt - Instytut Zdrowia PANS w Kro\u015bnie\",\"isPartOf\":{\"@id\":\"https:\\\/\\\/pans.krosno.pl\\\/instytut-zdrowia\\\/#website\"},\"datePublished\":\"2020-04-27T22:25:30+00:00\",\"dateModified\":\"2024-09-20T08:54:59+00:00\",\"breadcrumb\":{\"@id\":\"https:\\\/\\\/pans.krosno.pl\\\/instytut-zdrowia\\\/kontakt\\\/#breadcrumb\"},\"inLanguage\":\"pl-PL\",\"potentialAction\":[{\"@type\":\"ReadAction\",\"target\":[\"https:\\\/\\\/pans.krosno.pl\\\/instytut-zdrowia\\\/kontakt\\\/\"]}]},{\"@type\":\"BreadcrumbList\",\"@id\":\"https:\\\/\\\/pans.krosno.pl\\\/instytut-zdrowia\\\/kontakt\\\/#breadcrumb\",\"itemListElement\":[{\"@type\":\"ListItem\",\"position\":1,\"name\":\"Strona g\u0142\u00f3wna\",\"item\":\"https:\\\/\\\/pans.krosno.pl\\\/instytut-zdrowia\\\/\"},{\"@type\":\"ListItem\",\"position\":2,\"name\":\"Kontakt\"}]},{\"@type\":\"WebSite\",\"@id\":\"https:\\\/\\\/pans.krosno.pl\\\/instytut-zdrowia\\\/#website\",\"url\":\"https:\\\/\\\/pans.krosno.pl\\\/instytut-zdrowia\\\/\",\"name\":\"Instytut Zdrowia PANS w Kro\u015bnie\",\"description\":\"Instytut Zdrowia - Pa\u0144stwowa Akademia Nauk Stosowanych\",\"publisher\":{\"@id\":\"https:\\\/\\\/pans.krosno.pl\\\/instytut-zdrowia\\\/#organization\"},\"potentialAction\":[{\"@type\":\"SearchAction\",\"target\":{\"@type\":\"EntryPoint\",\"urlTemplate\":\"https:\\\/\\\/pans.krosno.pl\\\/instytut-zdrowia\\\/?s={search_term_string}\"},\"query-input\":{\"@type\":\"PropertyValueSpecification\",\"valueRequired\":true,\"valueName\":\"search_term_string\"}}],\"inLanguage\":\"pl-PL\"},{\"@type\":\"Organization\",\"@id\":\"https:\\\/\\\/pans.krosno.pl\\\/instytut-zdrowia\\\/#organization\",\"name\":\"Instytut Zdrowia PANS w Kro\u015bnie\",\"url\":\"https:\\\/\\\/pans.krosno.pl\\\/instytut-zdrowia\\\/\",\"logo\":{\"@type\":\"ImageObject\",\"inLanguage\":\"pl-PL\",\"@id\":\"https:\\\/\\\/pans.krosno.pl\\\/instytut-zdrowia\\\/#\\\/schema\\\/logo\\\/image\\\/\",\"url\":\"https:\\\/\\\/pans.krosno.pl\\\/instytut-zdrowia\\\/wp-content\\\/uploads\\\/sites\\\/45\\\/2023\\\/01\\\/Logo-PANS-2022-pelne.png\",\"contentUrl\":\"https:\\\/\\\/pans.krosno.pl\\\/instytut-zdrowia\\\/wp-content\\\/uploads\\\/sites\\\/45\\\/2023\\\/01\\\/Logo-PANS-2022-pelne.png\",\"width\":3096,\"height\":696,\"caption\":\"Instytut Zdrowia PANS w Kro\u015bnie\"},\"image\":{\"@id\":\"https:\\\/\\\/pans.krosno.pl\\\/instytut-zdrowia\\\/#\\\/schema\\\/logo\\\/image\\\/\"}}]}<\/script>\n<!-- \/ Yoast SEO Premium plugin. -->","yoast_head_json":{"title":"Kontakt - Instytut Zdrowia PANS w Kro\u015bnie","robots":{"index":"index","follow":"follow","max-snippet":"max-snippet:-1","max-image-preview":"max-image-preview:large","max-video-preview":"max-video-preview:-1"},"canonical":"https:\/\/pans.krosno.pl\/instytut-zdrowia\/kontakt\/","og_locale":"pl_PL","og_type":"article","og_title":"Kontakt","og_description":"Sekretariaty Instytutu Zdrowia PANS w Kro\u015bnie: Zak\u0142ady: Piel\u0119gniarstwa Po\u0142o\u017cnictwa Ratownictwa Medycznego &nbsp; Zak\u0142ady: Wychowania Fizycznego &nbsp; PANS w Kro\u015bnieul. Kazimierza Wielkiego 638-400 Krosnotel:&nbsp;13 43 755 50e-mail:&nbsp;zpie@pans.krosno.pl PANS w Kro\u015bnieul. Wyspia\u0144skiego 20, pok\u00f3j 8 B38-400 Krosno in\u017c. Wanda Dura\u0142 tel.&nbsp;13 43 755 60fax:&nbsp;13 43 755 61e-mail:&nbsp;ik@pans.krosno.pl Godziny pracy sekretariatu dla student\u00f3w [\u2026] Read More","og_url":"https:\/\/pans.krosno.pl\/instytut-zdrowia\/kontakt\/","og_site_name":"Instytut Zdrowia PANS w Kro\u015bnie","article_modified_time":"2024-09-20T08:54:59+00:00","twitter_card":"summary_large_image","twitter_misc":{"Szacowany czas czytania":"1 minuta"},"schema":{"@context":"https:\/\/schema.org","@graph":[{"@type":"WebPage","@id":"https:\/\/pans.krosno.pl\/instytut-zdrowia\/kontakt\/","url":"https:\/\/pans.krosno.pl\/instytut-zdrowia\/kontakt\/","name":"Kontakt - Instytut Zdrowia PANS w Kro\u015bnie","isPartOf":{"@id":"https:\/\/pans.krosno.pl\/instytut-zdrowia\/#website"},"datePublished":"2020-04-27T22:25:30+00:00","dateModified":"2024-09-20T08:54:59+00:00","breadcrumb":{"@id":"https:\/\/pans.krosno.pl\/instytut-zdrowia\/kontakt\/#breadcrumb"},"inLanguage":"pl-PL","potentialAction":[{"@type":"ReadAction","target":["https:\/\/pans.krosno.pl\/instytut-zdrowia\/kontakt\/"]}]},{"@type":"BreadcrumbList","@id":"https:\/\/pans.krosno.pl\/instytut-zdrowia\/kontakt\/#breadcrumb","itemListElement":[{"@type":"ListItem","position":1,"name":"Strona g\u0142\u00f3wna","item":"https:\/\/pans.krosno.pl\/instytut-zdrowia\/"},{"@type":"ListItem","position":2,"name":"Kontakt"}]},{"@type":"WebSite","@id":"https:\/\/pans.krosno.pl\/instytut-zdrowia\/#website","url":"https:\/\/pans.krosno.pl\/instytut-zdrowia\/","name":"Instytut Zdrowia PANS w Kro\u015bnie","description":"Instytut Zdrowia - Pa\u0144stwowa Akademia Nauk Stosowanych","publisher":{"@id":"https:\/\/pans.krosno.pl\/instytut-zdrowia\/#organization"},"potentialAction":[{"@type":"SearchAction","target":{"@type":"EntryPoint","urlTemplate":"https:\/\/pans.krosno.pl\/instytut-zdrowia\/?s={search_term_string}"},"query-input":{"@type":"PropertyValueSpecification","valueRequired":true,"valueName":"search_term_string"}}],"inLanguage":"pl-PL"},{"@type":"Organization","@id":"https:\/\/pans.krosno.pl\/instytut-zdrowia\/#organization","name":"Instytut Zdrowia PANS w Kro\u015bnie","url":"https:\/\/pans.krosno.pl\/instytut-zdrowia\/","logo":{"@type":"ImageObject","inLanguage":"pl-PL","@id":"https:\/\/pans.krosno.pl\/instytut-zdrowia\/#\/schema\/logo\/image\/","url":"https:\/\/pans.krosno.pl\/instytut-zdrowia\/wp-content\/uploads\/sites\/45\/2023\/01\/Logo-PANS-2022-pelne.png","contentUrl":"https:\/\/pans.krosno.pl\/instytut-zdrowia\/wp-content\/uploads\/sites\/45\/2023\/01\/Logo-PANS-2022-pelne.png","width":3096,"height":696,"caption":"Instytut Zdrowia PANS w Kro\u015bnie"},"image":{"@id":"https:\/\/pans.krosno.pl\/instytut-zdrowia\/#\/schema\/logo\/image\/"}}]}},"_links":{"self":[{"href":"https:\/\/pans.krosno.pl\/instytut-zdrowia\/wp-json\/wp\/v2\/pages\/118","targetHints":{"allow":["GET"]}}],"collection":[{"href":"https:\/\/pans.krosno.pl\/instytut-zdrowia\/wp-json\/wp\/v2\/pages"}],"about":[{"href":"https:\/\/pans.krosno.pl\/instytut-zdrowia\/wp-json\/wp\/v2\/types\/page"}],"author":[{"embeddable":true,"href":"https:\/\/pans.krosno.pl\/instytut-zdrowia\/wp-json\/wp\/v2\/users\/27"}],"replies":[{"embeddable":true,"href":"https:\/\/pans.krosno.pl\/instytut-zdrowia\/wp-json\/wp\/v2\/comments?post=118"}],"version-history":[{"count":12,"href":"https:\/\/pans.krosno.pl\/instytut-zdrowia\/wp-json\/wp\/v2\/pages\/118\/revisions"}],"predecessor-version":[{"id":452,"href":"https:\/\/pans.krosno.pl\/instytut-zdrowia\/wp-json\/wp\/v2\/pages\/118\/revisions\/452"}],"wp:attachment":[{"href":"https:\/\/pans.krosno.pl\/instytut-zdrowia\/wp-json\/wp\/v2\/media?parent=118"}],"curies":[{"name":"wp","href":"https:\/\/api.w.org\/{rel}","templated":true}]}}