{"id":313,"date":"2021-04-20T10:24:47","date_gmt":"2021-04-20T08:24:47","guid":{"rendered":"https:\/\/pans.krosno.pl\/instytut-politechniczny\/?page_id=313"},"modified":"2021-04-20T10:24:48","modified_gmt":"2021-04-20T08:24:48","slug":"e-skrzynka-postulatow-i-wnioskow-instytutu-politechnicznego","status":"publish","type":"page","link":"https:\/\/pans.krosno.pl\/instytut-politechniczny\/e-skrzynka-postulatow-i-wnioskow-instytutu-politechnicznego\/","title":{"rendered":"E-skrzynka postulat\u00f3w i wniosk\u00f3w Instytutu Politechnicznego"},"content":{"rendered":"<div class=\"frm_forms  with_frm_style frm_style_formidable-style\" id=\"frm_form_2_container\" >\n<form enctype=\"multipart\/form-data\" method=\"post\" class=\"frm-show-form \" id=\"form_e-skrzynkapostulatwiwnioskwip\" >\n<div class=\"frm_form_fields \">\n<fieldset>\n<legend class=\"frm_screen_reader\">E-skrzynka postulat\u00f3w i wniosk\u00f3w Instytutu Politechnicznego<\/legend>\r\n\r\n<div class=\"frm_fields_container\">\n<input type=\"hidden\" name=\"frm_action\" value=\"create\" \/>\n<input type=\"hidden\" name=\"form_id\" value=\"2\" \/>\n<input type=\"hidden\" name=\"frm_hide_fields_2\" id=\"frm_hide_fields_2\" value=\"\" \/>\n<input type=\"hidden\" name=\"form_key\" value=\"e-skrzynkapostulatwiwnioskwip\" \/>\n<input type=\"hidden\" name=\"item_meta[0]\" value=\"\" \/>\n<input type=\"hidden\" id=\"frm_submit_entry_2\" name=\"frm_submit_entry_2\" value=\"602715281e\" \/><input type=\"hidden\" name=\"_wp_http_referer\" value=\"\/instytut-politechniczny\/wp-json\/wp\/v2\/pages\/313\" \/><div id=\"frm_field_6_container\" class=\"frm_form_field form-field  frm_required_field frm_top_container\">\r\n    <label for=\"field_7mm7w\" id=\"field_7mm7w_label\" class=\"frm_primary_label\">Temat\r\n        <span class=\"frm_required\">*<\/span>\r\n    <\/label>\r\n    <input type=\"text\" id=\"field_7mm7w\" name=\"item_meta[6]\" value=\"\"  data-reqmsg=\"Temat cannot be blank.\" aria-required=\"true\" data-invmsg=\"Tekst is invalid\" aria-invalid=\"false\"  \/>\r\n    \r\n    \r\n<\/div>\n<div id=\"frm_field_7_container\" class=\"frm_form_field form-field  frm_required_field frm_top_container\">\r\n    <label for=\"field_1frul\" id=\"field_1frul_label\" class=\"frm_primary_label\">Tre\u015b\u0107 wiadomo\u015bci\r\n        <span class=\"frm_required\">*<\/span>\r\n    <\/label>\r\n    <textarea name=\"item_meta[7]\" id=\"field_1frul\" rows=\"5\"  data-reqmsg=\"Tre\u015b\u0107 wiadomo\u015bci cannot be blank.\" aria-required=\"true\" data-invmsg=\"Tre\u015b\u0107 wiadomo\u015bci jest nieprawid\u0142owe\" aria-invalid=\"false\"  ><\/textarea>\r\n    \r\n    \r\n<\/div>\n<div id=\"frm_field_8_container\" class=\"frm_form_field form-field  frm_none_container\">\r\n    <label for=\"g-recaptcha-response\" id=\"field_v0jo5_label\" class=\"frm_primary_label\">reCAPTCHA\r\n        <span class=\"frm_required\"><\/span>\r\n    <\/label>\r\n    <div  id=\"field_v0jo5\" class=\"frm-g-recaptcha\" data-sitekey=\"6LdXN7AaAAAAAH_P7h2s8jTrPHGto11rtSrz2E2N\" data-size=\"normal\" data-theme=\"light\"><\/div>\r\n    \r\n    \r\n<\/div>\n<div id=\"frm_field_9_container\" class=\"frm_form_field form-field \">\n\t<div class=\"frm_submit\">\r\n\r\n<button class=\"frm_button_submit\" type=\"submit\"  >Wy\u015blij<\/button>\r\n\r\n<\/div>\n<\/div>\n\t<input type=\"hidden\" name=\"item_key\" value=\"\" \/>\n\t\t\t<div id=\"frm_field_10_container\">\n\t\t\t<label for=\"field_jp6l0\" >\n\t\t\t\tJe\u017celi jeste\u015b cz\u0142owiekiem, zostaw to pole puste.\t\t\t<\/label>\n\t\t\t<input  id=\"field_jp6l0\" type=\"text\" class=\"frm_form_field form-field frm_verify\" name=\"item_meta[10]\" value=\"\"  \/>\n\t\t<\/div>\n\t\t<input name=\"frm_state\" type=\"hidden\" value=\"iefNy\/9EOqeSVfxSEkNgpknLDTM+CgyR79RFaHSNrqM=\" \/><\/div>\n<\/fieldset>\n<\/div>\n\n<\/form>\n<\/div>\n","protected":false},"excerpt":{"rendered":"","protected":false},"author":1,"featured_media":0,"parent":0,"menu_order":0,"comment_status":"closed","ping_status":"closed","template":"","meta":{"ngg_post_thumbnail":0,"footnotes":""},"class_list":["post-313","page","type-page","status-publish","hentry"],"yoast_head":"<!-- This site is optimized with the Yoast SEO Premium plugin v27.4 (Yoast SEO v27.4) - https:\/\/yoast.com\/product\/yoast-seo-premium-wordpress\/ -->\n<title>E-skrzynka postulat\u00f3w i wniosk\u00f3w Instytutu Politechnicznego - Instytut Politechniczny PANS w Kro\u015bnie<\/title>\n<meta name=\"robots\" content=\"index, follow, max-snippet:-1, max-image-preview:large, max-video-preview:-1\" \/>\n<link rel=\"canonical\" href=\"https:\/\/pans.krosno.pl\/instytut-politechniczny\/e-skrzynka-postulatow-i-wnioskow-instytutu-politechnicznego\/\" \/>\n<meta property=\"og:locale\" content=\"pl_PL\" \/>\n<meta property=\"og:type\" content=\"article\" \/>\n<meta property=\"og:title\" content=\"E-skrzynka postulat\u00f3w i wniosk\u00f3w Instytutu Politechnicznego\" \/>\n<meta property=\"og:url\" content=\"https:\/\/pans.krosno.pl\/instytut-politechniczny\/e-skrzynka-postulatow-i-wnioskow-instytutu-politechnicznego\/\" \/>\n<meta property=\"og:site_name\" content=\"Instytut Politechniczny PANS w Kro\u015bnie\" \/>\n<meta property=\"article:modified_time\" content=\"2021-04-20T08:24:48+00:00\" \/>\n<meta name=\"twitter:card\" content=\"summary_large_image\" \/>\n<script type=\"application\/ld+json\" class=\"yoast-schema-graph\">{\"@context\":\"https:\\\/\\\/schema.org\",\"@graph\":[{\"@type\":\"WebPage\",\"@id\":\"https:\\\/\\\/pans.krosno.pl\\\/instytut-politechniczny\\\/e-skrzynka-postulatow-i-wnioskow-instytutu-politechnicznego\\\/\",\"url\":\"https:\\\/\\\/pans.krosno.pl\\\/instytut-politechniczny\\\/e-skrzynka-postulatow-i-wnioskow-instytutu-politechnicznego\\\/\",\"name\":\"E-skrzynka postulat\u00f3w i wniosk\u00f3w Instytutu Politechnicznego - Instytut Politechniczny PANS w Kro\u015bnie\",\"isPartOf\":{\"@id\":\"https:\\\/\\\/pans.krosno.pl\\\/instytut-politechniczny\\\/#website\"},\"datePublished\":\"2021-04-20T08:24:47+00:00\",\"dateModified\":\"2021-04-20T08:24:48+00:00\",\"breadcrumb\":{\"@id\":\"https:\\\/\\\/pans.krosno.pl\\\/instytut-politechniczny\\\/e-skrzynka-postulatow-i-wnioskow-instytutu-politechnicznego\\\/#breadcrumb\"},\"inLanguage\":\"pl-PL\",\"potentialAction\":[{\"@type\":\"ReadAction\",\"target\":[\"https:\\\/\\\/pans.krosno.pl\\\/instytut-politechniczny\\\/e-skrzynka-postulatow-i-wnioskow-instytutu-politechnicznego\\\/\"]}]},{\"@type\":\"BreadcrumbList\",\"@id\":\"https:\\\/\\\/pans.krosno.pl\\\/instytut-politechniczny\\\/e-skrzynka-postulatow-i-wnioskow-instytutu-politechnicznego\\\/#breadcrumb\",\"itemListElement\":[{\"@type\":\"ListItem\",\"position\":1,\"name\":\"Strona g\u0142\u00f3wna\",\"item\":\"https:\\\/\\\/pans.krosno.pl\\\/instytut-politechniczny\\\/\"},{\"@type\":\"ListItem\",\"position\":2,\"name\":\"E-skrzynka postulat\u00f3w i wniosk\u00f3w Instytutu Politechnicznego\"}]},{\"@type\":\"WebSite\",\"@id\":\"https:\\\/\\\/pans.krosno.pl\\\/instytut-politechniczny\\\/#website\",\"url\":\"https:\\\/\\\/pans.krosno.pl\\\/instytut-politechniczny\\\/\",\"name\":\"Instytut Politechniczny PANS w Kro\u015bnie\",\"description\":\"Instytut Politechniczny - Pa\u0144stwowa Akademia Nauk Stosowanych\",\"publisher\":{\"@id\":\"https:\\\/\\\/pans.krosno.pl\\\/instytut-politechniczny\\\/#organization\"},\"potentialAction\":[{\"@type\":\"SearchAction\",\"target\":{\"@type\":\"EntryPoint\",\"urlTemplate\":\"https:\\\/\\\/pans.krosno.pl\\\/instytut-politechniczny\\\/?s={search_term_string}\"},\"query-input\":{\"@type\":\"PropertyValueSpecification\",\"valueRequired\":true,\"valueName\":\"search_term_string\"}}],\"inLanguage\":\"pl-PL\"},{\"@type\":\"Organization\",\"@id\":\"https:\\\/\\\/pans.krosno.pl\\\/instytut-politechniczny\\\/#organization\",\"name\":\"Instytut Politechniczny PANS w Kro\u015bnie\",\"url\":\"https:\\\/\\\/pans.krosno.pl\\\/instytut-politechniczny\\\/\",\"logo\":{\"@type\":\"ImageObject\",\"inLanguage\":\"pl-PL\",\"@id\":\"https:\\\/\\\/pans.krosno.pl\\\/instytut-politechniczny\\\/#\\\/schema\\\/logo\\\/image\\\/\",\"url\":\"https:\\\/\\\/pans.krosno.pl\\\/instytut-politechniczny\\\/wp-content\\\/uploads\\\/sites\\\/44\\\/2023\\\/01\\\/Logo-PANS-2022-pelne.png\",\"contentUrl\":\"https:\\\/\\\/pans.krosno.pl\\\/instytut-politechniczny\\\/wp-content\\\/uploads\\\/sites\\\/44\\\/2023\\\/01\\\/Logo-PANS-2022-pelne.png\",\"width\":3096,\"height\":696,\"caption\":\"Instytut Politechniczny PANS w Kro\u015bnie\"},\"image\":{\"@id\":\"https:\\\/\\\/pans.krosno.pl\\\/instytut-politechniczny\\\/#\\\/schema\\\/logo\\\/image\\\/\"}}]}<\/script>\n<!-- \/ Yoast SEO Premium plugin. -->","yoast_head_json":{"title":"E-skrzynka postulat\u00f3w i wniosk\u00f3w Instytutu Politechnicznego - Instytut Politechniczny PANS w Kro\u015bnie","robots":{"index":"index","follow":"follow","max-snippet":"max-snippet:-1","max-image-preview":"max-image-preview:large","max-video-preview":"max-video-preview:-1"},"canonical":"https:\/\/pans.krosno.pl\/instytut-politechniczny\/e-skrzynka-postulatow-i-wnioskow-instytutu-politechnicznego\/","og_locale":"pl_PL","og_type":"article","og_title":"E-skrzynka postulat\u00f3w i wniosk\u00f3w Instytutu Politechnicznego","og_url":"https:\/\/pans.krosno.pl\/instytut-politechniczny\/e-skrzynka-postulatow-i-wnioskow-instytutu-politechnicznego\/","og_site_name":"Instytut Politechniczny PANS w Kro\u015bnie","article_modified_time":"2021-04-20T08:24:48+00:00","twitter_card":"summary_large_image","schema":{"@context":"https:\/\/schema.org","@graph":[{"@type":"WebPage","@id":"https:\/\/pans.krosno.pl\/instytut-politechniczny\/e-skrzynka-postulatow-i-wnioskow-instytutu-politechnicznego\/","url":"https:\/\/pans.krosno.pl\/instytut-politechniczny\/e-skrzynka-postulatow-i-wnioskow-instytutu-politechnicznego\/","name":"E-skrzynka postulat\u00f3w i wniosk\u00f3w Instytutu Politechnicznego - Instytut Politechniczny PANS w Kro\u015bnie","isPartOf":{"@id":"https:\/\/pans.krosno.pl\/instytut-politechniczny\/#website"},"datePublished":"2021-04-20T08:24:47+00:00","dateModified":"2021-04-20T08:24:48+00:00","breadcrumb":{"@id":"https:\/\/pans.krosno.pl\/instytut-politechniczny\/e-skrzynka-postulatow-i-wnioskow-instytutu-politechnicznego\/#breadcrumb"},"inLanguage":"pl-PL","potentialAction":[{"@type":"ReadAction","target":["https:\/\/pans.krosno.pl\/instytut-politechniczny\/e-skrzynka-postulatow-i-wnioskow-instytutu-politechnicznego\/"]}]},{"@type":"BreadcrumbList","@id":"https:\/\/pans.krosno.pl\/instytut-politechniczny\/e-skrzynka-postulatow-i-wnioskow-instytutu-politechnicznego\/#breadcrumb","itemListElement":[{"@type":"ListItem","position":1,"name":"Strona g\u0142\u00f3wna","item":"https:\/\/pans.krosno.pl\/instytut-politechniczny\/"},{"@type":"ListItem","position":2,"name":"E-skrzynka postulat\u00f3w i wniosk\u00f3w Instytutu Politechnicznego"}]},{"@type":"WebSite","@id":"https:\/\/pans.krosno.pl\/instytut-politechniczny\/#website","url":"https:\/\/pans.krosno.pl\/instytut-politechniczny\/","name":"Instytut Politechniczny PANS w Kro\u015bnie","description":"Instytut Politechniczny - Pa\u0144stwowa Akademia Nauk Stosowanych","publisher":{"@id":"https:\/\/pans.krosno.pl\/instytut-politechniczny\/#organization"},"potentialAction":[{"@type":"SearchAction","target":{"@type":"EntryPoint","urlTemplate":"https:\/\/pans.krosno.pl\/instytut-politechniczny\/?s={search_term_string}"},"query-input":{"@type":"PropertyValueSpecification","valueRequired":true,"valueName":"search_term_string"}}],"inLanguage":"pl-PL"},{"@type":"Organization","@id":"https:\/\/pans.krosno.pl\/instytut-politechniczny\/#organization","name":"Instytut Politechniczny PANS w Kro\u015bnie","url":"https:\/\/pans.krosno.pl\/instytut-politechniczny\/","logo":{"@type":"ImageObject","inLanguage":"pl-PL","@id":"https:\/\/pans.krosno.pl\/instytut-politechniczny\/#\/schema\/logo\/image\/","url":"https:\/\/pans.krosno.pl\/instytut-politechniczny\/wp-content\/uploads\/sites\/44\/2023\/01\/Logo-PANS-2022-pelne.png","contentUrl":"https:\/\/pans.krosno.pl\/instytut-politechniczny\/wp-content\/uploads\/sites\/44\/2023\/01\/Logo-PANS-2022-pelne.png","width":3096,"height":696,"caption":"Instytut Politechniczny PANS w Kro\u015bnie"},"image":{"@id":"https:\/\/pans.krosno.pl\/instytut-politechniczny\/#\/schema\/logo\/image\/"}}]}},"_links":{"self":[{"href":"https:\/\/pans.krosno.pl\/instytut-politechniczny\/wp-json\/wp\/v2\/pages\/313","targetHints":{"allow":["GET"]}}],"collection":[{"href":"https:\/\/pans.krosno.pl\/instytut-politechniczny\/wp-json\/wp\/v2\/pages"}],"about":[{"href":"https:\/\/pans.krosno.pl\/instytut-politechniczny\/wp-json\/wp\/v2\/types\/page"}],"author":[{"embeddable":true,"href":"https:\/\/pans.krosno.pl\/instytut-politechniczny\/wp-json\/wp\/v2\/users\/1"}],"replies":[{"embeddable":true,"href":"https:\/\/pans.krosno.pl\/instytut-politechniczny\/wp-json\/wp\/v2\/comments?post=313"}],"version-history":[{"count":1,"href":"https:\/\/pans.krosno.pl\/instytut-politechniczny\/wp-json\/wp\/v2\/pages\/313\/revisions"}],"predecessor-version":[{"id":314,"href":"https:\/\/pans.krosno.pl\/instytut-politechniczny\/wp-json\/wp\/v2\/pages\/313\/revisions\/314"}],"wp:attachment":[{"href":"https:\/\/pans.krosno.pl\/instytut-politechniczny\/wp-json\/wp\/v2\/media?parent=313"}],"curies":[{"name":"wp","href":"https:\/\/api.w.org\/{rel}","templated":true}]}}