{"id":24,"date":"2020-03-29T19:16:25","date_gmt":"2020-03-29T17:16:25","guid":{"rendered":"https:\/\/pans.krosno.pl\/instytut-politechniczny\/?page_id=24"},"modified":"2024-09-06T13:47:17","modified_gmt":"2024-09-06T11:47:17","slug":"o-instytucie","status":"publish","type":"page","link":"https:\/\/pans.krosno.pl\/instytut-politechniczny\/o-instytucie\/","title":{"rendered":"O instytucie"},"content":{"rendered":"\n<p>Instytut Politechniczny przy Pa\u0144stwowej Akademii Nauk Stosowanych w Kro\u015bnie powsta\u0142 w 2000 r. i w pierwszym roku swej dzia\u0142alno\u015bci kszta\u0142ci\u0142 na trzech specjalno\u015bciach: Eksploatacja i konstrukcja maszyn, Kszta\u0142towanie \u015brodowiska, Sieciowe Systemy Informatyczne. <a href=\"https:\/\/pans.krosno.pl\/instytut-politechniczny\/o-instytucie\/\"><strong>Czytaj wi\u0119cej<\/strong><\/a><\/p>\n\n\n\n<hr class=\"wp-block-separator has-css-opacity\"\/>\n\n\n\n<p><strong>Kontakt do zak\u0142ad\u00f3w:<\/strong><\/p>\n\n\n\n<ul class=\"wp-block-list\">\n<li><a href=\"https:\/\/pans.krosno.pl\/air\">Automatyka i robotyka<\/a>\u00a0(in\u017cynierskie)<\/li>\n\n\n\n<li><a href=\"https:\/\/pans.krosno.pl\/b\/\">Budownictwo<\/a>\u00a0(in\u017cynierskie)<\/li>\n\n\n\n<li><a href=\"https:\/\/pans.krosno.pl\/informatyka\/\">Informatyka<\/a>\u00a0(in\u017cynierskie)<\/li>\n\n\n\n<li><a href=\"https:\/\/pans.krosno.pl\/inzynieriajakosci\/\">In\u017cynieria Jako\u015bci\u00a0w przedsi\u0119biorstwie<\/a>\u00a0(in\u017cynierskie)<\/li>\n\n\n\n<li><a href=\"https:\/\/pans.krosno.pl\/inzynieria-produkcji\/\">In\u017cynieria produkcji II stopnia<\/a>\u00a0<strong>(magisterskie)<\/strong><\/li>\n\n\n\n<li><a href=\"https:\/\/pans.krosno.pl\/is\/\">In\u017cynieria \u015brodowiska<\/a>\u00a0(in\u017cynierskie)<\/li>\n\n\n\n<li><a href=\"https:\/\/pans.krosno.pl\/mibm\/\">Mechanika i budowa maszyn<\/a>\u00a0(in\u017cynierskie)<\/li>\n<\/ul>\n\n\n\n<hr class=\"wp-block-separator has-alpha-channel-opacity\"\/>\n\n\n\n<div class=\"wp-block-columns\">\n<div class=\"wp-block-column\"><a href=\"https:\/\/pans.krosno.pl\/instytut-politechniczny\/e-skrzynka-postulatow-i-wnioskow-instytutu-politechnicznego\/\">E-skrzynka postulat\u00f3w i wniosk\u00f3w<\/a><\/div>\n<\/div>\n\n\n\n<!--more-->\n<!--noteaser-->\n\n\n<p>Instytut Politechniczny przy Pa\u0144stwowej Akademii Nauk Stosowanych w Kro\u015bnie powsta\u0142 w 2000 r. i w pierwszym roku swej dzia\u0142alno\u015bci kszta\u0142ci\u0142 na trzech specjalno\u015bciach: Eksploatacja i konstrukcja maszyn, Kszta\u0142towanie \u015brodowiska, Sieciowe Systemy Informatyczne. Sale wyk\u0142adowe i audytoryjne oraz laboratoria Instytutu Politechnicznego mie\u015bci\u0142y si\u0119 pocz\u0105tkowo wy\u0142\u0105cznie w budynkach przy ul. Wyspia\u0144skiego 20.<\/p>\n<p>Te obiekty dydaktyczne powsta\u0142y na terenie, gdzie znajdowa\u0142a si\u0119 Szko\u0142a Powszechna, kt\u00f3ra ze wzgl\u0119du na stan techniczny nadawa\u0142a si\u0119 do wyburzenia oraz dawna Szko\u0142a Podstawowa nr 12, z kt\u00f3rej m\u0142odzie\u017c zosta\u0142a przeniesiona do nowego budynku.<br \/>Od roku akademickiego 2003\/2004 Uczelnia przyporz\u0105dkowa\u0142a wy\u017cej wymienione specjalno\u015bci odpowiednio do kierunk\u00f3w studi\u00f3w: Mechanika i budowa maszyn, In\u017cynieria \u015brodowiska, Informatyka, a w pa\u017adzierniku 2007 r. uruchomiono nowy kierunek &#8211; Budownictwo.<br \/>W roku akademickim 2010\/2011 oferta Instytutu Politechnicznego poszerzy\u0142a si\u0119 o kierunek Energetyka, od roku 2013\/2014 w ofercie Uczelni znalaz\u0142 si\u0119 kierunek Zarz\u0105dzanie, natomiast od roku akademickiego 2015\/2016 kierunek G\u00f3rnictwo i geologia. <br \/>W dniu 22 marca 2016 r. podpisana zosta\u0142a tr\u00f3jstronna umowa o wsp\u00f3\u0142pracy pomi\u0119dzy PWSZ w Kro\u015bnie&nbsp; Grup\u0105 Nowy Styl i IBS Poland, kt\u00f3rej celem by\u0142o utworzenie specjalno\u015bci Projektowanie i wytwarzanie w \u015brodowisku wirtualnym przy kierunku Mechanika i budowa maszyn. Utworzenie nowej specjalno\u015bci by\u0142o modelowym przyk\u0142adem wsp\u00f3\u0142pracy nauki i biznesu.&nbsp; Impulsem dla przedsi\u0119wzi\u0119cia by\u0142a konkretna potrzeba biznesowa Grupy Nowy Styl, kt\u00f3ra podczas rekrutacji zidentyfikowa\u0142a brak wykwalifikowanych in\u017cynier\u00f3w-konstruktor\u00f3w. Uczelnia elastycznie dopasowa\u0142a swoj\u0105 ofert\u0119 edukacji: pozyska\u0142a drugiego partnera technologicznego \u2013 firm\u0119 IBS Poland, zapewni\u0142a infrastruktur\u0119 informatyczn\u0105 i przygotowa\u0142a kadr\u0119, kt\u00f3ra b\u0119dzie szkoli\u0107 z najnowszych narz\u0119dzi projektowych.<br \/>Wa\u017cnym wydarzeniem dla Uczelni i Instytutu Politechnicznego by\u0142o uruchomienie pierwszych studi\u00f3w magisterskich &#8211; In\u017cynieria produkcji. Absolwenci studi\u00f3w pierwszego stopnia od semestru letniego w roku akademickim 2018\/2019, mogli kontynuowa\u0107 nauk\u0119 na trzech specjalno\u015bciach: Zintegrowane systemy wytwarzania; Jako\u015b\u0107, \u015brodowisko, bezpiecze\u0144stwo i higiena pracy w przedsi\u0119biorstwie; Systemy informatyczne w in\u017cynierii produkcji. Oferta kierunku jest skierowana do absolwent\u00f3w studi\u00f3w in\u017cynierskich, ale instytut zadba\u0142 r\u00f3wnie\u017c o absolwent\u00f3w studi\u00f3w licencjackich poszerzaj\u0105c ofert\u0119 o studia drugiego stopnia na kierunku Zarz\u0105dzanie od roku akademickiego 2019\/2020. <br \/>W roku akademickim 2020\/2021 nauk\u0119 rozpocz\u0119li pierwsi studenci kierunku Automatyka i robotyka.<br \/>Obecnie zaj\u0119cia dydaktyczne Instytutu Politechnicznego, opr\u00f3cz zaj\u0119\u0107 w Kampusie przy ul. Wyspia\u0144skiego 20, odbywaj\u0105 w kampusach Uczelni, tj. w Kampusie Politechnicznym przy ul. Dmochowskiego 12 oraz w Kampusie przy ul. \u017bwirki i Wigury 9A, gdzie znajduj\u0105 si\u0119 g\u0142\u00f3wne laboratoria kierunku Mechanika i budowy maszyn oraz In\u017cynieria produkcji.<\/p>\n<p>Instytutem Politechnicznym kierowali kolejno: prof. dr hab. in\u017c. Kazimierz Twardowski, dr hab. in\u017c. Artur Blum, dr hab. in\u017c. Andrzej Fellner, dr in\u017c. Stanis\u0142aw Rabiasz, dr Dominik Wr\u00f3bel, dr Agnieszka Wo\u017aniak.<br \/>Podsumowuj\u0105c, obecnie w ofercie kszta\u0142cenia Instytutu Politechnicznego znajduje si\u0119 6 kierunk\u00f3w studi\u00f3w pierwszego stopnia oraz 1 kierunek drugiego stopnia.<\/p>\n\n\n<figure class=\"wp-block-image size-large\"><img loading=\"lazy\" decoding=\"async\" width=\"960\" height=\"640\" src=\"https:\/\/pans.krosno.pl\/instytut-politechniczny\/wp-content\/uploads\/sites\/44\/2020\/04\/DSC_6026.jpg\" alt=\"\" class=\"wp-image-88\" srcset=\"https:\/\/pans.krosno.pl\/instytut-politechniczny\/wp-content\/uploads\/sites\/44\/2020\/04\/DSC_6026.jpg 960w, https:\/\/pans.krosno.pl\/instytut-politechniczny\/wp-content\/uploads\/sites\/44\/2020\/04\/DSC_6026-300x200.jpg 300w, https:\/\/pans.krosno.pl\/instytut-politechniczny\/wp-content\/uploads\/sites\/44\/2020\/04\/DSC_6026-768x512.jpg 768w, https:\/\/pans.krosno.pl\/instytut-politechniczny\/wp-content\/uploads\/sites\/44\/2020\/04\/DSC_6026-800x533.jpg 800w, https:\/\/pans.krosno.pl\/instytut-politechniczny\/wp-content\/uploads\/sites\/44\/2020\/04\/DSC_6026-580x387.jpg 580w\" sizes=\"auto, (max-width: 960px) 100vw, 960px\" \/><\/figure>\n","protected":false},"excerpt":{"rendered":"<p>Instytut Politechniczny przy Pa\u0144stwowej Akademii Nauk Stosowanych w Kro\u015bnie powsta\u0142 w 2000 r. i w pierwszym roku swej dzia\u0142alno\u015bci kszta\u0142ci\u0142 na trzech specjalno\u015bciach: Eksploatacja i konstrukcja maszyn, Kszta\u0142towanie \u015brodowiska, Sieciowe Systemy Informatyczne. Czytaj wi\u0119cej Kontakt do zak\u0142ad\u00f3w: E-skrzynka postulat\u00f3w i wniosk\u00f3w<\/p>\n","protected":false},"author":1,"featured_media":87,"parent":0,"menu_order":0,"comment_status":"closed","ping_status":"closed","template":"page-templates\/template-full-width.php","meta":{"ngg_post_thumbnail":0,"footnotes":""},"class_list":["post-24","page","type-page","status-publish","has-post-thumbnail","hentry"],"yoast_head":"<!-- This site is optimized with the Yoast SEO Premium plugin v27.4 (Yoast SEO v27.4) - https:\/\/yoast.com\/product\/yoast-seo-premium-wordpress\/ -->\n<title>O instytucie - Instytut Politechniczny PANS w Kro\u015bnie<\/title>\n<meta name=\"robots\" content=\"index, follow, max-snippet:-1, max-image-preview:large, max-video-preview:-1\" \/>\n<link rel=\"canonical\" href=\"https:\/\/pans.krosno.pl\/instytut-politechniczny\/o-instytucie\/\" \/>\n<meta property=\"og:locale\" content=\"pl_PL\" \/>\n<meta property=\"og:type\" content=\"article\" \/>\n<meta property=\"og:title\" content=\"O instytucie\" \/>\n<meta property=\"og:description\" content=\"Instytut Politechniczny przy Pa\u0144stwowej Akademii Nauk Stosowanych w Kro\u015bnie powsta\u0142 w 2000 r. i w pierwszym roku swej dzia\u0142alno\u015bci kszta\u0142ci\u0142 na trzech specjalno\u015bciach: Eksploatacja i konstrukcja maszyn, Kszta\u0142towanie \u015brodowiska, Sieciowe Systemy Informatyczne. Czytaj wi\u0119cej Kontakt do zak\u0142ad\u00f3w: E-skrzynka postulat\u00f3w i wniosk\u00f3w\" \/>\n<meta property=\"og:url\" content=\"https:\/\/pans.krosno.pl\/instytut-politechniczny\/o-instytucie\/\" \/>\n<meta property=\"og:site_name\" content=\"Instytut Politechniczny PANS w Kro\u015bnie\" \/>\n<meta property=\"article:modified_time\" content=\"2024-09-06T11:47:17+00:00\" \/>\n<meta property=\"og:image\" content=\"https:\/\/pans.krosno.pl\/instytut-politechniczny\/wp-content\/uploads\/sites\/44\/2020\/04\/Wyspia\u0144skiego_2.jpg\" \/>\n\t<meta property=\"og:image:width\" content=\"960\" \/>\n\t<meta property=\"og:image:height\" content=\"640\" \/>\n\t<meta property=\"og:image:type\" content=\"image\/jpeg\" \/>\n<meta name=\"twitter:card\" content=\"summary_large_image\" \/>\n<meta name=\"twitter:label1\" content=\"Szacowany czas czytania\" \/>\n\t<meta name=\"twitter:data1\" content=\"4 minuty\" \/>\n<script type=\"application\/ld+json\" class=\"yoast-schema-graph\">{\"@context\":\"https:\\\/\\\/schema.org\",\"@graph\":[{\"@type\":\"WebPage\",\"@id\":\"https:\\\/\\\/pans.krosno.pl\\\/instytut-politechniczny\\\/o-instytucie\\\/\",\"url\":\"https:\\\/\\\/pans.krosno.pl\\\/instytut-politechniczny\\\/o-instytucie\\\/\",\"name\":\"O instytucie - Instytut Politechniczny PANS w Kro\u015bnie\",\"isPartOf\":{\"@id\":\"https:\\\/\\\/pans.krosno.pl\\\/instytut-politechniczny\\\/#website\"},\"primaryImageOfPage\":{\"@id\":\"https:\\\/\\\/pans.krosno.pl\\\/instytut-politechniczny\\\/o-instytucie\\\/#primaryimage\"},\"image\":{\"@id\":\"https:\\\/\\\/pans.krosno.pl\\\/instytut-politechniczny\\\/o-instytucie\\\/#primaryimage\"},\"thumbnailUrl\":\"https:\\\/\\\/pans.krosno.pl\\\/instytut-politechniczny\\\/wp-content\\\/uploads\\\/sites\\\/44\\\/2020\\\/04\\\/Wyspia\u0144skiego_2.jpg\",\"datePublished\":\"2020-03-29T17:16:25+00:00\",\"dateModified\":\"2024-09-06T11:47:17+00:00\",\"breadcrumb\":{\"@id\":\"https:\\\/\\\/pans.krosno.pl\\\/instytut-politechniczny\\\/o-instytucie\\\/#breadcrumb\"},\"inLanguage\":\"pl-PL\",\"potentialAction\":[{\"@type\":\"ReadAction\",\"target\":[\"https:\\\/\\\/pans.krosno.pl\\\/instytut-politechniczny\\\/o-instytucie\\\/\"]}]},{\"@type\":\"ImageObject\",\"inLanguage\":\"pl-PL\",\"@id\":\"https:\\\/\\\/pans.krosno.pl\\\/instytut-politechniczny\\\/o-instytucie\\\/#primaryimage\",\"url\":\"https:\\\/\\\/pans.krosno.pl\\\/instytut-politechniczny\\\/wp-content\\\/uploads\\\/sites\\\/44\\\/2020\\\/04\\\/Wyspia\u0144skiego_2.jpg\",\"contentUrl\":\"https:\\\/\\\/pans.krosno.pl\\\/instytut-politechniczny\\\/wp-content\\\/uploads\\\/sites\\\/44\\\/2020\\\/04\\\/Wyspia\u0144skiego_2.jpg\",\"width\":960,\"height\":640},{\"@type\":\"BreadcrumbList\",\"@id\":\"https:\\\/\\\/pans.krosno.pl\\\/instytut-politechniczny\\\/o-instytucie\\\/#breadcrumb\",\"itemListElement\":[{\"@type\":\"ListItem\",\"position\":1,\"name\":\"Strona g\u0142\u00f3wna\",\"item\":\"https:\\\/\\\/pans.krosno.pl\\\/instytut-politechniczny\\\/\"},{\"@type\":\"ListItem\",\"position\":2,\"name\":\"O instytucie\"}]},{\"@type\":\"WebSite\",\"@id\":\"https:\\\/\\\/pans.krosno.pl\\\/instytut-politechniczny\\\/#website\",\"url\":\"https:\\\/\\\/pans.krosno.pl\\\/instytut-politechniczny\\\/\",\"name\":\"Instytut Politechniczny PANS w Kro\u015bnie\",\"description\":\"Instytut Politechniczny - Pa\u0144stwowa Akademia Nauk Stosowanych\",\"publisher\":{\"@id\":\"https:\\\/\\\/pans.krosno.pl\\\/instytut-politechniczny\\\/#organization\"},\"potentialAction\":[{\"@type\":\"SearchAction\",\"target\":{\"@type\":\"EntryPoint\",\"urlTemplate\":\"https:\\\/\\\/pans.krosno.pl\\\/instytut-politechniczny\\\/?s={search_term_string}\"},\"query-input\":{\"@type\":\"PropertyValueSpecification\",\"valueRequired\":true,\"valueName\":\"search_term_string\"}}],\"inLanguage\":\"pl-PL\"},{\"@type\":\"Organization\",\"@id\":\"https:\\\/\\\/pans.krosno.pl\\\/instytut-politechniczny\\\/#organization\",\"name\":\"Instytut Politechniczny PANS w Kro\u015bnie\",\"url\":\"https:\\\/\\\/pans.krosno.pl\\\/instytut-politechniczny\\\/\",\"logo\":{\"@type\":\"ImageObject\",\"inLanguage\":\"pl-PL\",\"@id\":\"https:\\\/\\\/pans.krosno.pl\\\/instytut-politechniczny\\\/#\\\/schema\\\/logo\\\/image\\\/\",\"url\":\"https:\\\/\\\/pans.krosno.pl\\\/instytut-politechniczny\\\/wp-content\\\/uploads\\\/sites\\\/44\\\/2023\\\/01\\\/Logo-PANS-2022-pelne.png\",\"contentUrl\":\"https:\\\/\\\/pans.krosno.pl\\\/instytut-politechniczny\\\/wp-content\\\/uploads\\\/sites\\\/44\\\/2023\\\/01\\\/Logo-PANS-2022-pelne.png\",\"width\":3096,\"height\":696,\"caption\":\"Instytut Politechniczny PANS w Kro\u015bnie\"},\"image\":{\"@id\":\"https:\\\/\\\/pans.krosno.pl\\\/instytut-politechniczny\\\/#\\\/schema\\\/logo\\\/image\\\/\"}}]}<\/script>\n<!-- \/ Yoast SEO Premium plugin. -->","yoast_head_json":{"title":"O instytucie - Instytut Politechniczny PANS w Kro\u015bnie","robots":{"index":"index","follow":"follow","max-snippet":"max-snippet:-1","max-image-preview":"max-image-preview:large","max-video-preview":"max-video-preview:-1"},"canonical":"https:\/\/pans.krosno.pl\/instytut-politechniczny\/o-instytucie\/","og_locale":"pl_PL","og_type":"article","og_title":"O instytucie","og_description":"Instytut Politechniczny przy Pa\u0144stwowej Akademii Nauk Stosowanych w Kro\u015bnie powsta\u0142 w 2000 r. i w pierwszym roku swej dzia\u0142alno\u015bci kszta\u0142ci\u0142 na trzech specjalno\u015bciach: Eksploatacja i konstrukcja maszyn, Kszta\u0142towanie \u015brodowiska, Sieciowe Systemy Informatyczne. Czytaj wi\u0119cej Kontakt do zak\u0142ad\u00f3w: E-skrzynka postulat\u00f3w i wniosk\u00f3w","og_url":"https:\/\/pans.krosno.pl\/instytut-politechniczny\/o-instytucie\/","og_site_name":"Instytut Politechniczny PANS w Kro\u015bnie","article_modified_time":"2024-09-06T11:47:17+00:00","og_image":[{"width":960,"height":640,"url":"https:\/\/pans.krosno.pl\/instytut-politechniczny\/wp-content\/uploads\/sites\/44\/2020\/04\/Wyspia\u0144skiego_2.jpg","type":"image\/jpeg"}],"twitter_card":"summary_large_image","twitter_misc":{"Szacowany czas czytania":"4 minuty"},"schema":{"@context":"https:\/\/schema.org","@graph":[{"@type":"WebPage","@id":"https:\/\/pans.krosno.pl\/instytut-politechniczny\/o-instytucie\/","url":"https:\/\/pans.krosno.pl\/instytut-politechniczny\/o-instytucie\/","name":"O instytucie - Instytut Politechniczny PANS w Kro\u015bnie","isPartOf":{"@id":"https:\/\/pans.krosno.pl\/instytut-politechniczny\/#website"},"primaryImageOfPage":{"@id":"https:\/\/pans.krosno.pl\/instytut-politechniczny\/o-instytucie\/#primaryimage"},"image":{"@id":"https:\/\/pans.krosno.pl\/instytut-politechniczny\/o-instytucie\/#primaryimage"},"thumbnailUrl":"https:\/\/pans.krosno.pl\/instytut-politechniczny\/wp-content\/uploads\/sites\/44\/2020\/04\/Wyspia\u0144skiego_2.jpg","datePublished":"2020-03-29T17:16:25+00:00","dateModified":"2024-09-06T11:47:17+00:00","breadcrumb":{"@id":"https:\/\/pans.krosno.pl\/instytut-politechniczny\/o-instytucie\/#breadcrumb"},"inLanguage":"pl-PL","potentialAction":[{"@type":"ReadAction","target":["https:\/\/pans.krosno.pl\/instytut-politechniczny\/o-instytucie\/"]}]},{"@type":"ImageObject","inLanguage":"pl-PL","@id":"https:\/\/pans.krosno.pl\/instytut-politechniczny\/o-instytucie\/#primaryimage","url":"https:\/\/pans.krosno.pl\/instytut-politechniczny\/wp-content\/uploads\/sites\/44\/2020\/04\/Wyspia\u0144skiego_2.jpg","contentUrl":"https:\/\/pans.krosno.pl\/instytut-politechniczny\/wp-content\/uploads\/sites\/44\/2020\/04\/Wyspia\u0144skiego_2.jpg","width":960,"height":640},{"@type":"BreadcrumbList","@id":"https:\/\/pans.krosno.pl\/instytut-politechniczny\/o-instytucie\/#breadcrumb","itemListElement":[{"@type":"ListItem","position":1,"name":"Strona g\u0142\u00f3wna","item":"https:\/\/pans.krosno.pl\/instytut-politechniczny\/"},{"@type":"ListItem","position":2,"name":"O instytucie"}]},{"@type":"WebSite","@id":"https:\/\/pans.krosno.pl\/instytut-politechniczny\/#website","url":"https:\/\/pans.krosno.pl\/instytut-politechniczny\/","name":"Instytut Politechniczny PANS w Kro\u015bnie","description":"Instytut Politechniczny - Pa\u0144stwowa Akademia Nauk Stosowanych","publisher":{"@id":"https:\/\/pans.krosno.pl\/instytut-politechniczny\/#organization"},"potentialAction":[{"@type":"SearchAction","target":{"@type":"EntryPoint","urlTemplate":"https:\/\/pans.krosno.pl\/instytut-politechniczny\/?s={search_term_string}"},"query-input":{"@type":"PropertyValueSpecification","valueRequired":true,"valueName":"search_term_string"}}],"inLanguage":"pl-PL"},{"@type":"Organization","@id":"https:\/\/pans.krosno.pl\/instytut-politechniczny\/#organization","name":"Instytut Politechniczny PANS w Kro\u015bnie","url":"https:\/\/pans.krosno.pl\/instytut-politechniczny\/","logo":{"@type":"ImageObject","inLanguage":"pl-PL","@id":"https:\/\/pans.krosno.pl\/instytut-politechniczny\/#\/schema\/logo\/image\/","url":"https:\/\/pans.krosno.pl\/instytut-politechniczny\/wp-content\/uploads\/sites\/44\/2023\/01\/Logo-PANS-2022-pelne.png","contentUrl":"https:\/\/pans.krosno.pl\/instytut-politechniczny\/wp-content\/uploads\/sites\/44\/2023\/01\/Logo-PANS-2022-pelne.png","width":3096,"height":696,"caption":"Instytut Politechniczny PANS w Kro\u015bnie"},"image":{"@id":"https:\/\/pans.krosno.pl\/instytut-politechniczny\/#\/schema\/logo\/image\/"}}]}},"_links":{"self":[{"href":"https:\/\/pans.krosno.pl\/instytut-politechniczny\/wp-json\/wp\/v2\/pages\/24","targetHints":{"allow":["GET"]}}],"collection":[{"href":"https:\/\/pans.krosno.pl\/instytut-politechniczny\/wp-json\/wp\/v2\/pages"}],"about":[{"href":"https:\/\/pans.krosno.pl\/instytut-politechniczny\/wp-json\/wp\/v2\/types\/page"}],"author":[{"embeddable":true,"href":"https:\/\/pans.krosno.pl\/instytut-politechniczny\/wp-json\/wp\/v2\/users\/1"}],"replies":[{"embeddable":true,"href":"https:\/\/pans.krosno.pl\/instytut-politechniczny\/wp-json\/wp\/v2\/comments?post=24"}],"version-history":[{"count":20,"href":"https:\/\/pans.krosno.pl\/instytut-politechniczny\/wp-json\/wp\/v2\/pages\/24\/revisions"}],"predecessor-version":[{"id":511,"href":"https:\/\/pans.krosno.pl\/instytut-politechniczny\/wp-json\/wp\/v2\/pages\/24\/revisions\/511"}],"wp:featuredmedia":[{"embeddable":true,"href":"https:\/\/pans.krosno.pl\/instytut-politechniczny\/wp-json\/wp\/v2\/media\/87"}],"wp:attachment":[{"href":"https:\/\/pans.krosno.pl\/instytut-politechniczny\/wp-json\/wp\/v2\/media?parent=24"}],"curies":[{"name":"wp","href":"https:\/\/api.w.org\/{rel}","templated":true}]}}