{"id":22,"date":"2020-03-29T19:16:09","date_gmt":"2020-03-29T17:16:09","guid":{"rendered":"https:\/\/pans.krosno.pl\/instytut-politechniczny\/?page_id=22"},"modified":"2025-09-25T12:35:24","modified_gmt":"2025-09-25T10:35:24","slug":"strona-glowna","status":"publish","type":"page","link":"https:\/\/pans.krosno.pl\/instytut-politechniczny\/","title":{"rendered":"Strona g\u0142\u00f3wna"},"content":{"rendered":"\n<p>Posiedzenie Kolegium Instytutu Politechnicznego<\/p>\n\n\n\n<p>W dniu 14 maja 2024 r. o godz. 16.00 w formie stacjonarnej odby\u0142o si\u0119 zebranie Kolegium Instytutu Politechnicznego (IP), w kt\u00f3rym uczestniczyli:<br>dr in\u017c. Piotr Wais &#8211; Dyrektor Instytutu Politechnicznego,<br>Andrzej Go\u0142\u0105bek (w zast\u0119pstwie za Piotra Sow\u0119, Prezesa Zarz\u0105du (CEO) InfoSoftware Polska<br>Sp. z o.o.,<br>Grzegorz Rachwa\u0142 &#8211; Dyrektor ds. realizacji produkcji PRID Krosno S.A.,<br>\u0141ukasz Karamus &#8211; Kierownik oczyszczalni \u015bciek\u00f3w KHK Krosno Sp. z o.o.,<br>Robert Mrozek &#8211; Prezes Firmy Eurosim3 P.P.H.U.,<br>Tomasz Kielar &#8211; Dyrektor ds. rozwoju EBA Sp. z o.o.,<br>Wojciech Jucha &#8211; Prezes Zarz\u0105du INPRONAFT SANOK S.A.,<br>dr in\u017c. Agnieszka Kubacka &#8211; Kierownik Zak\u0142adu Informatyki, przedstawiciel pracownik\u00f3w Instytutu w Senacie,<br>dr in\u017c. Tomasz Pytlowany &#8211; Kierownik Zak\u0142adu Budownictwa, przedstawiciel pracownik\u00f3w Instytutu w Senacie,<br>mgr in\u017c. Rados\u0142aw Kruk &#8211; Kierownik Zak\u0142adu Automatyki i Robotyki, przedstawiciel pracownik\u00f3w Instytutu w Senacie,<br>dr in\u017c. Bernadeta Rajchel &#8211; Kierownik Zak\u0142adu In\u017cynierii Produkcji i \u015arodowiska,<br>dr in\u017c. Dorota Chodorowska &#8211; Kierownik Zak\u0142adu Mechaniki i Budowy Maszyn,<br>Maciej Pelczar \u2013 przedstawiciel student\u00f3w w Kolegium IP<br>Na zebraniu w dniu 14 maja zosta\u0142y przedyskutowane tematy zwi\u0105zane z kryterium oceny programowej 2.4 PKA, tj. z praktykami zawodowymi. Ponadto, przeanalizowano metody weryfikacji i oceny osi\u0105gni\u0119cia przez student\u00f3w efekt\u00f3w uczenia si\u0119 oraz post\u0119p\u00f3w w procesie uczenia si\u0119, kt\u00f3re umo\u017cliwiaj\u0105 sprawdzenie opanowania umiej\u0119tno\u015bci praktycznych i przygotowania do prowadzenia dzia\u0142alno\u015bci zawodowej w obszarach zawodowego rynku pracy w\u0142a\u015bciwych dla kierunku. A tak\u017ce om\u00f3wiono kr\u00f3tko dowody na osi\u0105gni\u0119cie przez student\u00f3w efekt\u00f3w uczenia si\u0119 (projekty, prace dyplomowe, dzienniki praktyk, publikacje) pozwalaj\u0105ce dostosowa\u0107 przysz\u0142ych absolwent\u00f3w do zawodowego rynku pracy w\u0142a\u015bciwego dla danego kierunku. Na koniec poruszono temat \u201einnych os\u00f3b prowadz\u0105cych zaj\u0119cia\u201d posiadaj\u0105cych do\u015bwiadczenie zawodowe, umo\u017cliwiaj\u0105ce prawid\u0142ow\u0105 realizacj\u0119 zaj\u0119\u0107, w tym nabywanie przez student\u00f3w umiej\u0119tno\u015bci praktycznych.<\/p>\n\n\n\n<p>Ze spotkania zosta\u0142 sporz\u0105dzony protok\u00f3\u0142.<\/p>\n","protected":false},"excerpt":{"rendered":"<p>Posiedzenie Kolegium Instytutu Politechnicznego W dniu 14 maja 2024 r. o godz. 16.00 w formie stacjonarnej odby\u0142o si\u0119 zebranie Kolegium Instytutu Politechnicznego (IP), w kt\u00f3rym uczestniczyli:dr in\u017c. Piotr Wais &#8211; Dyrektor Instytutu Politechnicznego,Andrzej Go\u0142\u0105bek (w zast\u0119pstwie za Piotra Sow\u0119, Prezesa Zarz\u0105du (CEO) InfoSoftware PolskaSp. z o.o.,Grzegorz Rachwa\u0142 &#8211; Dyrektor ds. [\u2026] <\/p>\n<div class=\"clear\"><\/div>\n<p><a class=\"more_link clearfix\" href=\"https:\/\/pans.krosno.pl\/instytut-politechniczny\/\" rel=\"nofollow\">Read More<\/a><\/p>\n","protected":false},"author":1,"featured_media":432,"parent":0,"menu_order":0,"comment_status":"closed","ping_status":"closed","template":"page-templates\/template-home-widgetized.php","meta":{"ngg_post_thumbnail":0,"footnotes":""},"class_list":["post-22","page","type-page","status-publish","has-post-thumbnail","hentry"],"yoast_head":"<!-- This site is optimized with the Yoast SEO Premium plugin v27.4 (Yoast SEO v27.4) - https:\/\/yoast.com\/product\/yoast-seo-premium-wordpress\/ -->\n<title>Instytut Politechniczny | PANS w Kro\u015bnie<\/title>\n<meta name=\"description\" content=\"Instytut Politechniczny PANS w Kro\u015bnie \u27a4 Kierunki studi\u00f3w in\u017cynierskie i magisterskie. Wykwalifikowana kadra naukowa, praktyczne zaj\u0119cia. Sprawd\u017a!\" \/>\n<meta name=\"robots\" content=\"index, follow, max-snippet:-1, max-image-preview:large, max-video-preview:-1\" \/>\n<link rel=\"canonical\" href=\"https:\/\/pans.krosno.pl\/instytut-politechniczny\/\" \/>\n<meta property=\"og:locale\" content=\"pl_PL\" \/>\n<meta property=\"og:type\" content=\"article\" \/>\n<meta property=\"og:title\" content=\"Strona g\u0142\u00f3wna\" \/>\n<meta property=\"og:description\" content=\"Instytut Politechniczny PANS w Kro\u015bnie \u27a4 Kierunki studi\u00f3w in\u017cynierskie i magisterskie. Wykwalifikowana kadra naukowa, praktyczne zaj\u0119cia. Sprawd\u017a!\" \/>\n<meta property=\"og:url\" content=\"https:\/\/pans.krosno.pl\/instytut-politechniczny\/\" \/>\n<meta property=\"og:site_name\" content=\"Instytut Politechniczny PANS w Kro\u015bnie\" \/>\n<meta property=\"article:modified_time\" content=\"2025-09-25T10:35:24+00:00\" \/>\n<meta property=\"og:image\" content=\"https:\/\/pans.krosno.pl\/instytut-politechniczny\/wp-content\/uploads\/sites\/44\/2023\/01\/Logo-PANS-2022-pelne.png\" \/>\n\t<meta property=\"og:image:width\" content=\"3096\" \/>\n\t<meta property=\"og:image:height\" content=\"696\" \/>\n\t<meta property=\"og:image:type\" content=\"image\/png\" \/>\n<meta name=\"twitter:card\" content=\"summary_large_image\" \/>\n<meta name=\"twitter:label1\" content=\"Szacowany czas czytania\" \/>\n\t<meta name=\"twitter:data1\" content=\"2 minuty\" \/>\n<script type=\"application\/ld+json\" class=\"yoast-schema-graph\">{\"@context\":\"https:\\\/\\\/schema.org\",\"@graph\":[{\"@type\":\"WebPage\",\"@id\":\"https:\\\/\\\/pans.krosno.pl\\\/instytut-politechniczny\\\/\",\"url\":\"https:\\\/\\\/pans.krosno.pl\\\/instytut-politechniczny\\\/\",\"name\":\"Instytut Politechniczny | PANS w Kro\u015bnie\",\"isPartOf\":{\"@id\":\"https:\\\/\\\/pans.krosno.pl\\\/instytut-politechniczny\\\/#website\"},\"primaryImageOfPage\":{\"@id\":\"https:\\\/\\\/pans.krosno.pl\\\/instytut-politechniczny\\\/#primaryimage\"},\"image\":{\"@id\":\"https:\\\/\\\/pans.krosno.pl\\\/instytut-politechniczny\\\/#primaryimage\"},\"thumbnailUrl\":\"https:\\\/\\\/pans.krosno.pl\\\/instytut-politechniczny\\\/wp-content\\\/uploads\\\/sites\\\/44\\\/2023\\\/01\\\/Logo-PANS-2022-pelne.png\",\"datePublished\":\"2020-03-29T17:16:09+00:00\",\"dateModified\":\"2025-09-25T10:35:24+00:00\",\"description\":\"Instytut Politechniczny PANS w Kro\u015bnie \u27a4 Kierunki studi\u00f3w in\u017cynierskie i magisterskie. Wykwalifikowana kadra naukowa, praktyczne zaj\u0119cia. Sprawd\u017a!\",\"breadcrumb\":{\"@id\":\"https:\\\/\\\/pans.krosno.pl\\\/instytut-politechniczny\\\/#breadcrumb\"},\"inLanguage\":\"pl-PL\",\"potentialAction\":[{\"@type\":\"ReadAction\",\"target\":[\"https:\\\/\\\/pans.krosno.pl\\\/instytut-politechniczny\\\/\"]}]},{\"@type\":\"ImageObject\",\"inLanguage\":\"pl-PL\",\"@id\":\"https:\\\/\\\/pans.krosno.pl\\\/instytut-politechniczny\\\/#primaryimage\",\"url\":\"https:\\\/\\\/pans.krosno.pl\\\/instytut-politechniczny\\\/wp-content\\\/uploads\\\/sites\\\/44\\\/2023\\\/01\\\/Logo-PANS-2022-pelne.png\",\"contentUrl\":\"https:\\\/\\\/pans.krosno.pl\\\/instytut-politechniczny\\\/wp-content\\\/uploads\\\/sites\\\/44\\\/2023\\\/01\\\/Logo-PANS-2022-pelne.png\",\"width\":3096,\"height\":696},{\"@type\":\"BreadcrumbList\",\"@id\":\"https:\\\/\\\/pans.krosno.pl\\\/instytut-politechniczny\\\/#breadcrumb\",\"itemListElement\":[{\"@type\":\"ListItem\",\"position\":1,\"name\":\"Strona g\u0142\u00f3wna\",\"item\":\"https:\\\/\\\/pans.krosno.pl\\\/instytut-politechniczny\\\/\"},{\"@type\":\"ListItem\",\"position\":2,\"name\":\"Strona g\u0142\u00f3wna\"}]},{\"@type\":\"WebSite\",\"@id\":\"https:\\\/\\\/pans.krosno.pl\\\/instytut-politechniczny\\\/#website\",\"url\":\"https:\\\/\\\/pans.krosno.pl\\\/instytut-politechniczny\\\/\",\"name\":\"Instytut Politechniczny PANS w Kro\u015bnie\",\"description\":\"Instytut Politechniczny - Pa\u0144stwowa Akademia Nauk Stosowanych\",\"publisher\":{\"@id\":\"https:\\\/\\\/pans.krosno.pl\\\/instytut-politechniczny\\\/#organization\"},\"potentialAction\":[{\"@type\":\"SearchAction\",\"target\":{\"@type\":\"EntryPoint\",\"urlTemplate\":\"https:\\\/\\\/pans.krosno.pl\\\/instytut-politechniczny\\\/?s={search_term_string}\"},\"query-input\":{\"@type\":\"PropertyValueSpecification\",\"valueRequired\":true,\"valueName\":\"search_term_string\"}}],\"inLanguage\":\"pl-PL\"},{\"@type\":\"Organization\",\"@id\":\"https:\\\/\\\/pans.krosno.pl\\\/instytut-politechniczny\\\/#organization\",\"name\":\"Instytut Politechniczny PANS w Kro\u015bnie\",\"url\":\"https:\\\/\\\/pans.krosno.pl\\\/instytut-politechniczny\\\/\",\"logo\":{\"@type\":\"ImageObject\",\"inLanguage\":\"pl-PL\",\"@id\":\"https:\\\/\\\/pans.krosno.pl\\\/instytut-politechniczny\\\/#\\\/schema\\\/logo\\\/image\\\/\",\"url\":\"https:\\\/\\\/pans.krosno.pl\\\/instytut-politechniczny\\\/wp-content\\\/uploads\\\/sites\\\/44\\\/2023\\\/01\\\/Logo-PANS-2022-pelne.png\",\"contentUrl\":\"https:\\\/\\\/pans.krosno.pl\\\/instytut-politechniczny\\\/wp-content\\\/uploads\\\/sites\\\/44\\\/2023\\\/01\\\/Logo-PANS-2022-pelne.png\",\"width\":3096,\"height\":696,\"caption\":\"Instytut Politechniczny PANS w Kro\u015bnie\"},\"image\":{\"@id\":\"https:\\\/\\\/pans.krosno.pl\\\/instytut-politechniczny\\\/#\\\/schema\\\/logo\\\/image\\\/\"}}]}<\/script>\n<!-- \/ Yoast SEO Premium plugin. -->","yoast_head_json":{"title":"Instytut Politechniczny | PANS w Kro\u015bnie","description":"Instytut Politechniczny PANS w Kro\u015bnie \u27a4 Kierunki studi\u00f3w in\u017cynierskie i magisterskie. Wykwalifikowana kadra naukowa, praktyczne zaj\u0119cia. Sprawd\u017a!","robots":{"index":"index","follow":"follow","max-snippet":"max-snippet:-1","max-image-preview":"max-image-preview:large","max-video-preview":"max-video-preview:-1"},"canonical":"https:\/\/pans.krosno.pl\/instytut-politechniczny\/","og_locale":"pl_PL","og_type":"article","og_title":"Strona g\u0142\u00f3wna","og_description":"Instytut Politechniczny PANS w Kro\u015bnie \u27a4 Kierunki studi\u00f3w in\u017cynierskie i magisterskie. Wykwalifikowana kadra naukowa, praktyczne zaj\u0119cia. Sprawd\u017a!","og_url":"https:\/\/pans.krosno.pl\/instytut-politechniczny\/","og_site_name":"Instytut Politechniczny PANS w Kro\u015bnie","article_modified_time":"2025-09-25T10:35:24+00:00","og_image":[{"width":3096,"height":696,"url":"https:\/\/pans.krosno.pl\/instytut-politechniczny\/wp-content\/uploads\/sites\/44\/2023\/01\/Logo-PANS-2022-pelne.png","type":"image\/png"}],"twitter_card":"summary_large_image","twitter_misc":{"Szacowany czas czytania":"2 minuty"},"schema":{"@context":"https:\/\/schema.org","@graph":[{"@type":"WebPage","@id":"https:\/\/pans.krosno.pl\/instytut-politechniczny\/","url":"https:\/\/pans.krosno.pl\/instytut-politechniczny\/","name":"Instytut Politechniczny | PANS w Kro\u015bnie","isPartOf":{"@id":"https:\/\/pans.krosno.pl\/instytut-politechniczny\/#website"},"primaryImageOfPage":{"@id":"https:\/\/pans.krosno.pl\/instytut-politechniczny\/#primaryimage"},"image":{"@id":"https:\/\/pans.krosno.pl\/instytut-politechniczny\/#primaryimage"},"thumbnailUrl":"https:\/\/pans.krosno.pl\/instytut-politechniczny\/wp-content\/uploads\/sites\/44\/2023\/01\/Logo-PANS-2022-pelne.png","datePublished":"2020-03-29T17:16:09+00:00","dateModified":"2025-09-25T10:35:24+00:00","description":"Instytut Politechniczny PANS w Kro\u015bnie \u27a4 Kierunki studi\u00f3w in\u017cynierskie i magisterskie. Wykwalifikowana kadra naukowa, praktyczne zaj\u0119cia. Sprawd\u017a!","breadcrumb":{"@id":"https:\/\/pans.krosno.pl\/instytut-politechniczny\/#breadcrumb"},"inLanguage":"pl-PL","potentialAction":[{"@type":"ReadAction","target":["https:\/\/pans.krosno.pl\/instytut-politechniczny\/"]}]},{"@type":"ImageObject","inLanguage":"pl-PL","@id":"https:\/\/pans.krosno.pl\/instytut-politechniczny\/#primaryimage","url":"https:\/\/pans.krosno.pl\/instytut-politechniczny\/wp-content\/uploads\/sites\/44\/2023\/01\/Logo-PANS-2022-pelne.png","contentUrl":"https:\/\/pans.krosno.pl\/instytut-politechniczny\/wp-content\/uploads\/sites\/44\/2023\/01\/Logo-PANS-2022-pelne.png","width":3096,"height":696},{"@type":"BreadcrumbList","@id":"https:\/\/pans.krosno.pl\/instytut-politechniczny\/#breadcrumb","itemListElement":[{"@type":"ListItem","position":1,"name":"Strona g\u0142\u00f3wna","item":"https:\/\/pans.krosno.pl\/instytut-politechniczny\/"},{"@type":"ListItem","position":2,"name":"Strona g\u0142\u00f3wna"}]},{"@type":"WebSite","@id":"https:\/\/pans.krosno.pl\/instytut-politechniczny\/#website","url":"https:\/\/pans.krosno.pl\/instytut-politechniczny\/","name":"Instytut Politechniczny PANS w Kro\u015bnie","description":"Instytut Politechniczny - Pa\u0144stwowa Akademia Nauk Stosowanych","publisher":{"@id":"https:\/\/pans.krosno.pl\/instytut-politechniczny\/#organization"},"potentialAction":[{"@type":"SearchAction","target":{"@type":"EntryPoint","urlTemplate":"https:\/\/pans.krosno.pl\/instytut-politechniczny\/?s={search_term_string}"},"query-input":{"@type":"PropertyValueSpecification","valueRequired":true,"valueName":"search_term_string"}}],"inLanguage":"pl-PL"},{"@type":"Organization","@id":"https:\/\/pans.krosno.pl\/instytut-politechniczny\/#organization","name":"Instytut Politechniczny PANS w Kro\u015bnie","url":"https:\/\/pans.krosno.pl\/instytut-politechniczny\/","logo":{"@type":"ImageObject","inLanguage":"pl-PL","@id":"https:\/\/pans.krosno.pl\/instytut-politechniczny\/#\/schema\/logo\/image\/","url":"https:\/\/pans.krosno.pl\/instytut-politechniczny\/wp-content\/uploads\/sites\/44\/2023\/01\/Logo-PANS-2022-pelne.png","contentUrl":"https:\/\/pans.krosno.pl\/instytut-politechniczny\/wp-content\/uploads\/sites\/44\/2023\/01\/Logo-PANS-2022-pelne.png","width":3096,"height":696,"caption":"Instytut Politechniczny PANS w Kro\u015bnie"},"image":{"@id":"https:\/\/pans.krosno.pl\/instytut-politechniczny\/#\/schema\/logo\/image\/"}}]}},"_links":{"self":[{"href":"https:\/\/pans.krosno.pl\/instytut-politechniczny\/wp-json\/wp\/v2\/pages\/22","targetHints":{"allow":["GET"]}}],"collection":[{"href":"https:\/\/pans.krosno.pl\/instytut-politechniczny\/wp-json\/wp\/v2\/pages"}],"about":[{"href":"https:\/\/pans.krosno.pl\/instytut-politechniczny\/wp-json\/wp\/v2\/types\/page"}],"author":[{"embeddable":true,"href":"https:\/\/pans.krosno.pl\/instytut-politechniczny\/wp-json\/wp\/v2\/users\/1"}],"replies":[{"embeddable":true,"href":"https:\/\/pans.krosno.pl\/instytut-politechniczny\/wp-json\/wp\/v2\/comments?post=22"}],"version-history":[{"count":3,"href":"https:\/\/pans.krosno.pl\/instytut-politechniczny\/wp-json\/wp\/v2\/pages\/22\/revisions"}],"predecessor-version":[{"id":517,"href":"https:\/\/pans.krosno.pl\/instytut-politechniczny\/wp-json\/wp\/v2\/pages\/22\/revisions\/517"}],"wp:featuredmedia":[{"embeddable":true,"href":"https:\/\/pans.krosno.pl\/instytut-politechniczny\/wp-json\/wp\/v2\/media\/432"}],"wp:attachment":[{"href":"https:\/\/pans.krosno.pl\/instytut-politechniczny\/wp-json\/wp\/v2\/media?parent=22"}],"curies":[{"name":"wp","href":"https:\/\/api.w.org\/{rel}","templated":true}]}}